{"id":16493,"date":"2019-02-14T17:42:21","date_gmt":"2019-02-15T01:42:21","guid":{"rendered":"https:\/\/plg-pllc.com\/?post_type=faqs&#038;p=16493"},"modified":"2026-03-24T15:16:11","modified_gmt":"2026-03-24T22:16:11","slug":"how-do-i-pay-my-medical-bills","status":"publish","type":"page","link":"https:\/\/plg-pllc.com\/es\/faqs\/how-to-pay-medical-bills\/","title":{"rendered":"\u00bfC\u00f3mo pago mis facturas m\u00e9dicas?"},"content":{"rendered":"<p>El tratamiento m\u00e9dico despu\u00e9s de un accidente puede ser muy costoso. Un error muy com\u00fan es creer que la persona que caus\u00f3 su lesi\u00f3n pagar\u00e1 sus facturas m\u00e9dicas a medida que se vayan acumulando. Lamentablemente, no recibir\u00e1 una serie de peque\u00f1os cheques por adelantado para pagar su tratamiento m\u00e9dico. No es hasta el final de su caso que la compa\u00f1\u00eda de seguros del conductor culpable le emite un cheque \u00fanico para cubrir todo su tratamiento m\u00e9dico.<\/p>\n<h2>Opciones de pago m\u00e9dico antes del acuerdo<\/h2>\n<h3>1) Cobertura de seguro de protecci\u00f3n contra lesiones personales<\/h3>\n<p>En <a href=\"https:\/\/www.insurance.wa.gov\/insurance-resources\/auto-insurance\/how-auto-insurance-works\/personal-injury-protection-pip\/\">Estado de Washington<\/a>Su compa\u00f1\u00eda de seguros de autom\u00f3vil debe ofrecer cobertura de protecci\u00f3n contra lesiones personales (PIP) al momento de adquirir su seguro. Si tiene cobertura PIP, pagar\u00e1 sus gastos m\u00e9dicos despu\u00e9s de un accidente automovil\u00edstico, independientemente de qui\u00e9n sea el culpable.<\/p>\n<h4>\u00bfMis tarifas de seguro aumentar\u00e1n si uso PIP?<\/h4>\n<p>En el estado de Washington, la ley proh\u00edbe que una compa\u00f1\u00eda de seguros aumente las tarifas por presentar una reclamaci\u00f3n PIP sin culpa. Si el accidente no es culpa suya y utiliza su cobertura PIP, sus tarifas no aumentar\u00e1n.<\/p>\n\n        <div class=\"rs-content-cta long\">\n            <p>Para una consulta legal GRATUITA, llame al <a href=\"tel:+12062851743\">(206) 285-1743 <\/a><\/p>\n            <a href=\"https:\/\/plg-pllc.com\/es\/contact-us\/\" title=\"OBTENGA UNA EVALUACI\u00d3N DE CASO GRATUITA\" class=\"btn-global\">OBTENGA UNA EVALUACI\u00d3N DE CASO GRATUITA<\/a>\n                    <picture>\n                            <source srcset=\"https:\/\/plg-pllc.com\/wp-content\/themes\/plg-pllc-redesign\/assets\/app\/img\/cta-thumb.webp\" type=\"image\/webp\"\/>\n                            <img src=\"https:\/\/plg-pllc.com\/wp-content\/themes\/plg-pllc-redesign\/assets\/app\/img\/cta-thumb.png\" alt=\"Grupo de abogados Premier\" title=\"Grupo de abogados Premier\" width=\"245\" height=\"220\" loading=\"auto\" fetchpriority=\"auto\" decoding=\"async\"\/>\n        <\/picture>\n        \n        <\/div><h4>Ventajas del PIP<\/h4>\n<ol>\n<li>Le permite seleccionar el proveedor m\u00e9dico que desea utilizar para el tratamiento.<\/li>\n<li>Reciba cobertura independientemente de la culpa.<\/li>\n<li>Elimina la preocupaci\u00f3n por las limitaciones del seguro de salud.<\/li>\n<\/ol>\n<p>Es posible que algunos proveedores se opongan a que utilice el PIP. Por lo general, su abogado intervendr\u00e1, le explicar\u00e1 c\u00f3mo funciona el PIP y les dar\u00e1 tranquilidad sobre el pago.<\/p>\n<h4>Recibir pago a trav\u00e9s de la cobertura PIP<\/h4>\n<p>La cobertura PIP es una obligaci\u00f3n contractual entre usted y su compa\u00f1\u00eda de seguros basada en el pago de primas. La cobertura PIP est\u00e1 sujeta a lo que se establezca en su contrato de seguro. Por lo general, si la compa\u00f1\u00eda de seguros considera que su reclamo es convincente y v\u00e1lido, la aseguradora PIP pagar\u00e1 sus facturas m\u00e9dicas hasta un l\u00edmite estatal sin culpa determinado.<\/p>\n<p>Sin embargo, este proceso no siempre se desarrolla sin problemas. Las facturas m\u00e9dicas que deber\u00edan ser pagadas por la aseguradora PIP pueden ser rechazadas. Se sabe que las compa\u00f1\u00edas de seguros utilizan varias estrategias para cancelar la cobertura PIP y evitar el pago. Un m\u00e9todo com\u00fan es enviarlo a usted, o sus registros m\u00e9dicos, a su proveedor m\u00e9dico para que realice un examen. Despu\u00e9s del examen, el m\u00e9dico de la compa\u00f1\u00eda de seguros dir\u00e1 que usted no necesita tratamiento o que el problema m\u00e9dico no es resultado del accidente. En este caso, podemos ayudarlo impugnando su decisi\u00f3n y exigi\u00e9ndoles que cumplan con su obligaci\u00f3n contractual.<\/p>\n<h3>2) Cobertura de seguro m\u00e9dico<\/h3>\n<p>Si no tiene cobertura PIP o su cobertura PIP se agot\u00f3, otra forma de pagar sus facturas m\u00e9dicas a medida que se generan es a trav\u00e9s de su seguro m\u00e9dico. Las obligaciones de su aseguradora est\u00e1n determinadas por su contrato. Por lo general, tendr\u00e1 que seguir pagando los copagos y deducibles cuando utilice su seguro m\u00e9dico. Su seguro m\u00e9dico deber\u00eda entonces procesar sus reclamaciones normalmente y pagar sus facturas m\u00e9dicas.<\/p>\n<p>En ocasiones, las compa\u00f1\u00edas de seguros m\u00e9dicos impugnan las reclamaciones en situaciones de accidentes automovil\u00edsticos y se niegan a pagar. Si esto le sucede a usted, podemos ayudarlo demostr\u00e1ndole a su compa\u00f1\u00eda de seguros que no existe cobertura PIP o que su cobertura PIP se agot\u00f3 y que, por lo tanto, est\u00e1n legalmente obligados a pagar.<\/p>\n<h3>3) Derecho de retenci\u00f3n de terceros<\/h3>\n<p>Si no tiene cobertura de PIP o de seguro m\u00e9dico, es posible que pueda encontrar un proveedor m\u00e9dico que est\u00e9 dispuesto a brindarle tratamiento y esperar el pago hasta que se resuelva su caso. A veces, un proveedor requerir\u00e1 una carta de garant\u00eda para asegurarse de que recibir\u00e1 el pago. Esta opci\u00f3n limita los tipos de proveedores disponibles para usted.<\/p>\n<h4>Pago despu\u00e9s de la liquidaci\u00f3n<\/h4>\n<p>Despu\u00e9s de que se resuelva su caso contra la parte culpable, su aseguradora PIP y\/o compa\u00f1\u00eda de seguro de salud querr\u00e1 recibir un reembolso por sus facturas m\u00e9dicas.<\/p>\n<p><strong>Sin embargo, en el estado de Washington, existen dos reglas que ayudan a proteger su recuperaci\u00f3n:<\/strong><\/p>\n<h5>Regla de \u201crecuperaci\u00f3n total\u201d<\/h5>\n<p>Su compa\u00f1\u00eda de seguros de salud o PIP solo tiene derecho a recibir un reembolso si usted recibe una compensaci\u00f3n total por los da\u00f1os sufridos despu\u00e9s del accidente. Si el monto de la indemnizaci\u00f3n es insuficiente porque los l\u00edmites de seguro disponibles son demasiado bajos, entonces PIP o su compa\u00f1\u00eda de seguros de salud no tienen derecho a recibir un reembolso. Simplemente, usted no tiene que reembolsarlos; eso es dinero extra en su bolsillo.<\/p>\n<h5>Regla del fondo com\u00fan<\/h5>\n<p>La cantidad de dinero que se le devuelve a su PIP o compa\u00f1\u00eda de seguros m\u00e9dicos puede reducirse si contrata a un abogado. Esta reducci\u00f3n se basa en el hecho de que la compa\u00f1\u00eda de seguros debe hacerse cargo de una parte prorrateada de sus honorarios y costos legales. B\u00e1sicamente, si tiene un abogado, algo de dinero se quedar\u00e1 en su bolsillo porque se tom\u00f3 la molestia de contratar uno. Si no tiene un abogado, entonces no se genera un fondo com\u00fan y todo ese dinero adicional se devuelve a su PIP o compa\u00f1\u00eda de seguros.<\/p>\n<h4>Una nota sobre el reembolso del seguro m\u00e9dico<\/h4>\n<p>Las compa\u00f1\u00edas de seguros m\u00e9dicos suelen realizar reducciones contractuales de los importes de facturaci\u00f3n, porque tienen acuerdos con los proveedores m\u00e9dicos. Por ejemplo, si un hospital cobra $3000 por una resonancia magn\u00e9tica y su copago es de $50, la compa\u00f1\u00eda de seguros hace algunos c\u00e1lculos y la factura puede reducirse a $800 para que la compa\u00f1\u00eda de seguros la pague. A\u00fan podemos recuperar el importe total de la factura m\u00e9dica de la compa\u00f1\u00eda de seguros culpable, lo que significa que recibir\u00edamos $3000 como parte del acuerdo, pero solo tendr\u00edamos que reembolsar o subrogar a la compa\u00f1\u00eda de seguros m\u00e9dicos en funci\u00f3n de los $800 que pagaron. Esta es otra forma de generar dinero adicional que se queda en su bolsillo.<\/p>\n\n        <div class=\"rs-content-cta\">\n            <p>Llamar o enviar mensaje de texto <a href=\"tel:+12062851743\">(206) 285-1743<\/a> o complete un formulario de evaluaci\u00f3n de caso gratuito<\/p>\n            <a href=\"https:\/\/plg-pllc.com\/es\/contact-us\/\" title=\"OBTENGA UNA EVALUACI\u00d3N DE CASO GRATUITA\" class=\"btn-global\">OBTENGA UNA EVALUACI\u00d3N DE CASO GRATUITA<\/a>\n                    <picture>\n                            <source srcset=\"https:\/\/plg-pllc.com\/wp-content\/themes\/plg-pllc-redesign\/assets\/app\/img\/cta-thumb.webp\" type=\"image\/webp\"\/>\n                            <img src=\"https:\/\/plg-pllc.com\/wp-content\/themes\/plg-pllc-redesign\/assets\/app\/img\/cta-thumb.png\" alt=\"Grupo de abogados Premier\" title=\"Grupo de abogados Premier\" width=\"245\" height=\"220\" loading=\"auto\" fetchpriority=\"auto\" decoding=\"async\"\/>\n        <\/picture>\n        \n        <\/div>","protected":false},"excerpt":{"rendered":"<p>El tratamiento m\u00e9dico despu\u00e9s de un accidente puede ser muy costoso. Un gran error es creer que la persona que caus\u00f3 su lesi\u00f3n pagar\u00e1 sus facturas m\u00e9dicas a medida que se acumulen. Desafortunadamente, no recibir\u00e1 una serie de peque\u00f1os cheques por adelantado para pagar su tratamiento m\u00e9dico. No es hasta que finalice su caso \u2026<\/p>","protected":false},"author":2,"featured_media":13765,"parent":20714,"menu_order":0,"comment_status":"closed","ping_status":"closed","template":"","meta":{"_acf_changed":false,"_genesis_hide_title":false,"_genesis_hide_breadcrumbs":false,"_genesis_hide_singular_image":false,"_genesis_hide_footer_widgets":false,"_genesis_custom_body_class":"","_genesis_custom_post_class":"","_genesis_layout":"","footnotes":""},"hc_faqs":[10354],"class_list":{"0":"post-16493","1":"page","2":"type-page","3":"status-publish","4":"has-post-thumbnail","6":"hc_faqs-personal-injury","7":"entry"},"acf":[],"yoast_head":"<!-- This site is optimized with the Yoast SEO plugin v27.2 - https:\/\/yoast.com\/product\/yoast-seo-wordpress\/ -->\n<title>How do I pay my medical bills?<\/title>\n<meta name=\"description\" content=\"How do I pay my medical bills?: Premier Law Group helps you unlock the full compensation you deserve. No Fee Unless We Win.\" \/>\n<meta name=\"robots\" content=\"index, follow, max-snippet:-1, max-image-preview:large, max-video-preview:-1\" \/>\n<link rel=\"canonical\" href=\"https:\/\/plg-pllc.com\/es\/faqs\/how-to-pay-medical-bills\/\" \/>\n<meta property=\"og:locale\" content=\"es_MX\" \/>\n<meta property=\"og:type\" content=\"article\" \/>\n<meta property=\"og:title\" content=\"How do I pay my medical bills?\" \/>\n<meta property=\"og:description\" content=\"How do I pay my medical bills?: Premier Law Group helps you unlock the full compensation you deserve. No Fee Unless We Win.\" \/>\n<meta property=\"og:url\" content=\"https:\/\/plg-pllc.com\/es\/faqs\/how-to-pay-medical-bills\/\" \/>\n<meta property=\"og:site_name\" content=\"Premier Law Group\" \/>\n<meta property=\"article:publisher\" content=\"https:\/\/www.facebook.com\/premierlawgroup\" \/>\n<meta property=\"article:modified_time\" content=\"2026-03-24T22:16:11+00:00\" \/>\n<meta property=\"og:image\" content=\"https:\/\/plg-pllc.com\/wp-content\/uploads\/2017\/03\/PLG-article-img.jpg\" \/>\n\t<meta property=\"og:image:width\" content=\"400\" \/>\n\t<meta property=\"og:image:height\" content=\"377\" \/>\n\t<meta property=\"og:image:type\" content=\"image\/jpeg\" \/>\n<meta name=\"twitter:card\" content=\"summary_large_image\" \/>\n<meta name=\"twitter:site\" content=\"@premierlawgroup\" \/>\n<meta name=\"twitter:label1\" content=\"Tiempo de lectura\" \/>\n\t<meta name=\"twitter:data1\" content=\"5 minutos\" \/>\n<script type=\"application\/ld+json\" class=\"yoast-schema-graph\">{\"@context\":\"https:\/\/schema.org\",\"@graph\":[{\"@type\":\"WebPage\",\"@id\":\"https:\/\/plg-pllc.com\/faqs\/how-to-pay-medical-bills\/\",\"url\":\"https:\/\/plg-pllc.com\/faqs\/how-to-pay-medical-bills\/\",\"name\":\"How do I pay my medical bills?\",\"isPartOf\":{\"@id\":\"https:\/\/plg-pllc.com\/#website\"},\"primaryImageOfPage\":{\"@id\":\"https:\/\/plg-pllc.com\/faqs\/how-to-pay-medical-bills\/#primaryimage\"},\"image\":{\"@id\":\"https:\/\/plg-pllc.com\/faqs\/how-to-pay-medical-bills\/#primaryimage\"},\"thumbnailUrl\":\"https:\/\/plg-pllc.com\/wp-content\/uploads\/2017\/03\/PLG-article-img.jpg\",\"datePublished\":\"2019-02-15T01:42:21+00:00\",\"dateModified\":\"2026-03-24T22:16:11+00:00\",\"description\":\"How do I pay my medical bills?: Premier Law Group helps you unlock the full compensation you deserve. No Fee Unless We Win.\",\"breadcrumb\":{\"@id\":\"https:\/\/plg-pllc.com\/faqs\/how-to-pay-medical-bills\/#breadcrumb\"},\"inLanguage\":\"es\",\"potentialAction\":[{\"@type\":\"ReadAction\",\"target\":[\"https:\/\/plg-pllc.com\/faqs\/how-to-pay-medical-bills\/\"]}]},{\"@type\":\"ImageObject\",\"inLanguage\":\"es\",\"@id\":\"https:\/\/plg-pllc.com\/faqs\/how-to-pay-medical-bills\/#primaryimage\",\"url\":\"https:\/\/plg-pllc.com\/wp-content\/uploads\/2017\/03\/PLG-article-img.jpg\",\"contentUrl\":\"https:\/\/plg-pllc.com\/wp-content\/uploads\/2017\/03\/PLG-article-img.jpg\",\"width\":400,\"height\":377,\"caption\":\"What are the Most Common Types of Injuries in Pedestrian and Bicycle Accident Cases?\"},{\"@type\":\"BreadcrumbList\",\"@id\":\"https:\/\/plg-pllc.com\/faqs\/how-to-pay-medical-bills\/#breadcrumb\",\"itemListElement\":[{\"@type\":\"ListItem\",\"position\":1,\"name\":\"Home\",\"item\":\"https:\/\/plg-pllc.com\/es\/\"},{\"@type\":\"ListItem\",\"position\":2,\"name\":\"FAQs\",\"item\":\"https:\/\/plg-pllc.com\/es\/faqs\/\"},{\"@type\":\"ListItem\",\"position\":3,\"name\":\"How do I pay my medical bills?\"}]},{\"@type\":\"WebSite\",\"@id\":\"https:\/\/plg-pllc.com\/#website\",\"url\":\"https:\/\/plg-pllc.com\/\",\"name\":\"Premier Law Group\",\"description\":\"Washington Wrongful Death and Serious Injury Lawyer\",\"publisher\":{\"@id\":\"https:\/\/plg-pllc.com\/#organization\"},\"inLanguage\":\"es\"},{\"@type\":\"Organization\",\"@id\":\"https:\/\/plg-pllc.com\/#organization\",\"name\":\"Premier Law Group\",\"url\":\"https:\/\/plg-pllc.com\/\",\"logo\":{\"@type\":\"ImageObject\",\"inLanguage\":\"es\",\"@id\":\"https:\/\/plg-pllc.com\/#\/schema\/logo\/image\/\",\"url\":\"https:\/\/plg-pllc.com\/wp-content\/uploads\/2020\/10\/plg-logo-v2.gif\",\"contentUrl\":\"https:\/\/plg-pllc.com\/wp-content\/uploads\/2020\/10\/plg-logo-v2.gif\",\"width\":592,\"height\":191,\"caption\":\"Premier Law Group\"},\"image\":{\"@id\":\"https:\/\/plg-pllc.com\/#\/schema\/logo\/image\/\"},\"sameAs\":[\"https:\/\/www.facebook.com\/premierlawgroup\",\"https:\/\/x.com\/premierlawgroup\"]}]}<\/script>\n<!-- \/ Yoast SEO plugin. -->","yoast_head_json":{"title":"\u00bfC\u00f3mo pago mis facturas m\u00e9dicas?","description":"\u00bfC\u00f3mo pago mis facturas m\u00e9dicas?: Premier Law Group le ayuda a obtener la compensaci\u00f3n total que merece. Sin honorarios a menos que ganemos.","robots":{"index":"index","follow":"follow","max-snippet":"max-snippet:-1","max-image-preview":"max-image-preview:large","max-video-preview":"max-video-preview:-1"},"canonical":"https:\/\/plg-pllc.com\/es\/faqs\/how-to-pay-medical-bills\/","og_locale":"es_MX","og_type":"article","og_title":"How do I pay my medical bills?","og_description":"How do I pay my medical bills?: Premier Law Group helps you unlock the full compensation you deserve. No Fee Unless We Win.","og_url":"https:\/\/plg-pllc.com\/es\/faqs\/how-to-pay-medical-bills\/","og_site_name":"Premier Law Group","article_publisher":"https:\/\/www.facebook.com\/premierlawgroup","article_modified_time":"2026-03-24T22:16:11+00:00","og_image":[{"width":400,"height":377,"url":"https:\/\/plg-pllc.com\/wp-content\/uploads\/2017\/03\/PLG-article-img.jpg","type":"image\/jpeg"}],"twitter_card":"summary_large_image","twitter_site":"@premierlawgroup","twitter_misc":{"Tiempo de lectura":"5 minutos"},"schema":{"@context":"https:\/\/schema.org","@graph":[{"@type":"WebPage","@id":"https:\/\/plg-pllc.com\/faqs\/how-to-pay-medical-bills\/","url":"https:\/\/plg-pllc.com\/faqs\/how-to-pay-medical-bills\/","name":"\u00bfC\u00f3mo pago mis facturas m\u00e9dicas?","isPartOf":{"@id":"https:\/\/plg-pllc.com\/#website"},"primaryImageOfPage":{"@id":"https:\/\/plg-pllc.com\/faqs\/how-to-pay-medical-bills\/#primaryimage"},"image":{"@id":"https:\/\/plg-pllc.com\/faqs\/how-to-pay-medical-bills\/#primaryimage"},"thumbnailUrl":"https:\/\/plg-pllc.com\/wp-content\/uploads\/2017\/03\/PLG-article-img.jpg","datePublished":"2019-02-15T01:42:21+00:00","dateModified":"2026-03-24T22:16:11+00:00","description":"\u00bfC\u00f3mo pago mis facturas m\u00e9dicas?: Premier Law Group le ayuda a obtener la compensaci\u00f3n total que merece. Sin honorarios a menos que ganemos.","breadcrumb":{"@id":"https:\/\/plg-pllc.com\/faqs\/how-to-pay-medical-bills\/#breadcrumb"},"inLanguage":"es","potentialAction":[{"@type":"ReadAction","target":["https:\/\/plg-pllc.com\/faqs\/how-to-pay-medical-bills\/"]}]},{"@type":"ImageObject","inLanguage":"es","@id":"https:\/\/plg-pllc.com\/faqs\/how-to-pay-medical-bills\/#primaryimage","url":"https:\/\/plg-pllc.com\/wp-content\/uploads\/2017\/03\/PLG-article-img.jpg","contentUrl":"https:\/\/plg-pllc.com\/wp-content\/uploads\/2017\/03\/PLG-article-img.jpg","width":400,"height":377,"caption":"What are the Most Common Types of Injuries in Pedestrian and Bicycle Accident Cases?"},{"@type":"BreadcrumbList","@id":"https:\/\/plg-pllc.com\/faqs\/how-to-pay-medical-bills\/#breadcrumb","itemListElement":[{"@type":"ListItem","position":1,"name":"Home","item":"https:\/\/plg-pllc.com\/es\/"},{"@type":"ListItem","position":2,"name":"FAQs","item":"https:\/\/plg-pllc.com\/es\/faqs\/"},{"@type":"ListItem","position":3,"name":"How do I pay my medical bills?"}]},{"@type":"WebSite","@id":"https:\/\/plg-pllc.com\/#website","url":"https:\/\/plg-pllc.com\/","name":"Grupo de abogados Premier","description":"Abogado de muerte por negligencia y lesiones graves en Washington","publisher":{"@id":"https:\/\/plg-pllc.com\/#organization"},"inLanguage":"es"},{"@type":"Organization","@id":"https:\/\/plg-pllc.com\/#organization","name":"Grupo de abogados Premier","url":"https:\/\/plg-pllc.com\/","logo":{"@type":"ImageObject","inLanguage":"es","@id":"https:\/\/plg-pllc.com\/#\/schema\/logo\/image\/","url":"https:\/\/plg-pllc.com\/wp-content\/uploads\/2020\/10\/plg-logo-v2.gif","contentUrl":"https:\/\/plg-pllc.com\/wp-content\/uploads\/2020\/10\/plg-logo-v2.gif","width":592,"height":191,"caption":"Premier Law Group"},"image":{"@id":"https:\/\/plg-pllc.com\/#\/schema\/logo\/image\/"},"sameAs":["https:\/\/www.facebook.com\/premierlawgroup","https:\/\/x.com\/premierlawgroup"]}]}},"_links":{"self":[{"href":"https:\/\/plg-pllc.com\/es\/wp-json\/wp\/v2\/pages\/16493","targetHints":{"allow":["GET"]}}],"collection":[{"href":"https:\/\/plg-pllc.com\/es\/wp-json\/wp\/v2\/pages"}],"about":[{"href":"https:\/\/plg-pllc.com\/es\/wp-json\/wp\/v2\/types\/page"}],"author":[{"embeddable":true,"href":"https:\/\/plg-pllc.com\/es\/wp-json\/wp\/v2\/users\/2"}],"replies":[{"embeddable":true,"href":"https:\/\/plg-pllc.com\/es\/wp-json\/wp\/v2\/comments?post=16493"}],"version-history":[{"count":0,"href":"https:\/\/plg-pllc.com\/es\/wp-json\/wp\/v2\/pages\/16493\/revisions"}],"up":[{"embeddable":true,"href":"https:\/\/plg-pllc.com\/es\/wp-json\/wp\/v2\/pages\/20714"}],"wp:featuredmedia":[{"embeddable":true,"href":"https:\/\/plg-pllc.com\/es\/wp-json\/wp\/v2\/media\/13765"}],"wp:attachment":[{"href":"https:\/\/plg-pllc.com\/es\/wp-json\/wp\/v2\/media?parent=16493"}],"wp:term":[{"taxonomy":"hc_faqs","embeddable":true,"href":"https:\/\/plg-pllc.com\/es\/wp-json\/wp\/v2\/hc_faqs?post=16493"}],"curies":[{"name":"gracias","href":"https:\/\/api.w.org\/{rel}","templated":true}]}}