{"id":16495,"date":"2019-02-14T17:42:21","date_gmt":"2019-02-15T01:42:21","guid":{"rendered":"https:\/\/plg-pllc.com\/?post_type=faqs&#038;p=16495"},"modified":"2024-11-07T04:12:15","modified_gmt":"2024-11-07T12:12:15","slug":"can-i-settle-without-an-attorney","status":"publish","type":"page","link":"https:\/\/plg-pllc.com\/es\/faqs\/can-i-settle-without-attorney\/","title":{"rendered":"\u00bfPuedo llegar a un acuerdo sin abogado?"},"content":{"rendered":"<p>\u00bfPuedo llegar a un acuerdo sin un abogado? S\u00ed, pero a menudo no es lo mejor para usted. Puede sentirse seguro de su capacidad para representarse a s\u00ed mismo sin la ayuda de un abogado experto y experimentado. Sin embargo, es importante conocer los beneficios de contratar a un abogado:<\/p>\n<h3>Un abogado conoce el valor de su reclamo.<\/h3>\n<p>Antes de un juicio, las compa\u00f1\u00edas de seguros y los abogados involucrados en el caso intentan pronosticar el valor del acuerdo o el valor que un jurado puede otorgar a una demanda. Pronosticar esta cifra es un desaf\u00edo porque cada jurado es \u00fanico, cada caso tiene factores \u00fanicos y cada uno probablemente llegar\u00eda a diferentes montos de indemnizaci\u00f3n incluso cuando se presentaran las mismas pruebas.<\/p>\n<p>Debido a que las compa\u00f1\u00edas de seguros son empresas con fines de lucro, su objetivo es aumentar las ganancias corporativas mediante el cobro de primas y la minimizaci\u00f3n de las p\u00e9rdidas por siniestros, o simplemente, darle la menor cantidad de dinero posible despu\u00e9s de un accidente. Es importante recordar que ninguna compa\u00f1\u00eda de seguros le va a ofrecer m\u00e1s de lo que cree que un jurado pagar\u00e1 m\u00e1s adelante o lo que usted est\u00e9 dispuesto a aceptar. Por lo tanto, el trabajo de la compa\u00f1\u00eda de seguros es reducir el valor del acuerdo para reducir sus costos y aumentar las ganancias.<\/p>\n<p>Un abogado experimentado y conocedor puede pronosticar su reclamo con precisi\u00f3n, resaltar elementos que actualizar\u00e1n el valor real de su reclamo y estar preparado para presentar su caso de manera efectiva para maximizar su recuperaci\u00f3n.<\/p>\n<h3>Un abogado puede llevar su caso a juicio.<\/h3>\n<p>Dado que la mayor\u00eda de las compa\u00f1\u00edas de seguros no se dedican a perder dinero, sino a mitigar el riesgo, si saben que pueden llegar a un acuerdo sin ir a juicio, lo har\u00e1n. Tener representaci\u00f3n legal puede impulsar a una compa\u00f1\u00eda de seguros a aceptar un acuerdo m\u00e1s alto solo para evitar ir a juicio. Sin un abogado, una compa\u00f1\u00eda de seguros puede no tomar su caso en serio, porque saben que la mayor\u00eda de las personas no tienen los conocimientos necesarios para navegar por el complejo sistema legal y sus reglas. Pueden presentarle una oferta muy baja y esperar hasta que la acepte o se rinda.<\/p>\n<h3>Un abogado puede mejorar sus probabilidades de recibir un acuerdo m\u00e1s alto.<\/h3>\n<p>Si no cuenta con representaci\u00f3n legal, la compa\u00f1\u00eda de seguros sabe que tiene la ventaja gracias a sus conocimientos, experiencia y recursos. Aprovechar\u00e1n su desconocimiento del proceso de reclamaci\u00f3n para asegurarse de que reciba la indemnizaci\u00f3n m\u00e1s baja posible. Si bien contratar una representaci\u00f3n legal puede parecer costoso, la habilidad y la defensa de un abogado en su nombre podr\u00edan garantizar que reciba una compensaci\u00f3n \u00f3ptima.<\/p>\n<p><strong>Los datos muestran que las personas que contratan abogados obtienen alrededor de $350% m\u00e1s que aquellos que resuelven un caso sin un abogado por su cuenta.<\/strong>!<\/p>\n\n        <div class=\"rs-content-cta long\">\n            <p>Para una consulta legal GRATUITA, llame al <a href=\"tel:+12062851743\">(206) 285-1743 <\/a><\/p>\n            <a href=\"https:\/\/plg-pllc.com\/es\/contact-us\/\" title=\"OBTENGA UNA EVALUACI\u00d3N DE CASO GRATUITA\" class=\"btn-global\">OBTENGA UNA EVALUACI\u00d3N DE CASO GRATUITA<\/a>\n                    <picture>\n                            <source srcset=\"https:\/\/plg-pllc.com\/wp-content\/themes\/plg-pllc-redesign\/assets\/app\/img\/cta-thumb.webp\" type=\"image\/webp\"\/>\n                            <img src=\"https:\/\/plg-pllc.com\/wp-content\/themes\/plg-pllc-redesign\/assets\/app\/img\/cta-thumb.png\" alt=\"Grupo de abogados Premier\" title=\"Grupo de abogados Premier\" width=\"245\" height=\"220\" loading=\"auto\" fetchpriority=\"auto\" decoding=\"async\"\/>\n        <\/picture>\n        \n        <\/div><h3>Un abogado puede ocuparse de reclamaciones de subrogaci\u00f3n.<\/h3>\n<p>Un abogado con experiencia en lesiones personales puede ayudar con <a href=\"https:\/\/www.findlaw.com\/injury\/accident-injury-law\/insurance-law-what-is-a-subrogation-action.html\">reclamaciones de subrogaci\u00f3n<\/a> (reembolsar a quienes pagaron por su atenci\u00f3n m\u00e9dica en el corto plazo) para maximizar la recuperaci\u00f3n neta que obtiene en el bolsillo al llegar a un acuerdo. Un abogado puede ayudarlo a evitar pagar una subrogaci\u00f3n que en realidad no debe o a llegar a acuerdos que lo favorezcan incluso en los reclamos de subrogaci\u00f3n que s\u00ed debe.<\/p>\n<h2>C\u00f3mo llegar a un acuerdo sin un abogado.<\/h2>\n<p>Para los casos que no estamos dispuestos a manejar, hemos preparado un libro, disponible de forma gratuita, llamado \u201cC\u00f3mo resolver su propio caso\u201d, que lo gu\u00eda a trav\u00e9s de los pasos que debe seguir para intentar maximizar el valor de su caso sin contratar a un abogado. Incluso si sigue todos los pasos y hace todo bien, es probable que no resuelva su caso por la cantidad que un abogado podr\u00eda resolver.<\/p>\n<p>Adem\u00e1s, no es buena idea dar por sentado que podr\u00e1 encontrar un abogado despu\u00e9s de iniciar el proceso por su cuenta. A menudo, se cometen errores durante el proceso y las compa\u00f1\u00edas de seguros pueden poner l\u00edmites inamovibles. Como resultado, su caso puede tardar mucho m\u00e1s en resolverse y aumenta la probabilidad de ir a juicio.<\/p>\n<p>Le recomendamos que se comunique con nosotros. Le diremos si podemos ayudarlo o no y si puede llegar a un acuerdo sin abogado. Si creemos que no es una buena opci\u00f3n, lo derivaremos a un abogado que pueda ayudarlo o intentaremos brindarle la informaci\u00f3n para maximizar su propio caso.<\/p>\n\n        <div class=\"rs-content-cta\">\n            <p>Llamar o enviar mensaje de texto <a href=\"tel:+12062851743\">(206) 285-1743<\/a> o complete un formulario de evaluaci\u00f3n de caso gratuito<\/p>\n            <a href=\"https:\/\/plg-pllc.com\/es\/contact-us\/\" title=\"OBTENGA UNA EVALUACI\u00d3N DE CASO GRATUITA\" class=\"btn-global\">OBTENGA UNA EVALUACI\u00d3N DE CASO GRATUITA<\/a>\n                    <picture>\n                            <source srcset=\"https:\/\/plg-pllc.com\/wp-content\/themes\/plg-pllc-redesign\/assets\/app\/img\/cta-thumb.webp\" type=\"image\/webp\"\/>\n                            <img src=\"https:\/\/plg-pllc.com\/wp-content\/themes\/plg-pllc-redesign\/assets\/app\/img\/cta-thumb.png\" alt=\"Grupo de abogados Premier\" title=\"Grupo de abogados Premier\" width=\"245\" height=\"220\" loading=\"auto\" fetchpriority=\"auto\" decoding=\"async\"\/>\n        <\/picture>\n        \n        <\/div>","protected":false},"excerpt":{"rendered":"<p>\u00bfPuedo llegar a un acuerdo sin un abogado? S\u00ed, pero a menudo no es lo mejor para usted. Puede sentirse seguro de su capacidad para representarse a s\u00ed mismo sin la ayuda de un abogado experto y experimentado. Sin embargo, es importante conocer los beneficios de contratar a un abogado: Un abogado sabe el valor de su \u2026<\/p>","protected":false},"author":2,"featured_media":13765,"parent":20714,"menu_order":0,"comment_status":"closed","ping_status":"closed","template":"","meta":{"_acf_changed":false,"_genesis_hide_title":false,"_genesis_hide_breadcrumbs":false,"_genesis_hide_singular_image":false,"_genesis_hide_footer_widgets":false,"_genesis_custom_body_class":"","_genesis_custom_post_class":"","_genesis_layout":"","footnotes":""},"hc_faqs":[10354],"class_list":{"0":"post-16495","1":"page","2":"type-page","3":"status-publish","4":"has-post-thumbnail","6":"hc_faqs-personal-injury","7":"entry"},"acf":[],"yoast_head":"<!-- This site is optimized with the Yoast SEO plugin v27.2 - https:\/\/yoast.com\/product\/yoast-seo-wordpress\/ -->\n<title>Can I settle without an attorney?<\/title>\n<meta name=\"description\" content=\"Can I settle without an attorney?: Premier Law Group helps you unlock the full compensation you deserve. No Fee Unless We Win.\" \/>\n<meta name=\"robots\" content=\"index, follow, max-snippet:-1, max-image-preview:large, max-video-preview:-1\" \/>\n<link rel=\"canonical\" href=\"https:\/\/plg-pllc.com\/es\/faqs\/can-i-settle-without-attorney\/\" \/>\n<meta property=\"og:locale\" content=\"es_MX\" \/>\n<meta property=\"og:type\" content=\"article\" \/>\n<meta property=\"og:title\" content=\"Can I settle without an attorney?\" \/>\n<meta property=\"og:description\" content=\"Can I settle without an attorney?: Premier Law Group helps you unlock the full compensation you deserve. No Fee Unless We Win.\" \/>\n<meta property=\"og:url\" content=\"https:\/\/plg-pllc.com\/es\/faqs\/can-i-settle-without-attorney\/\" \/>\n<meta property=\"og:site_name\" content=\"Premier Law Group\" \/>\n<meta property=\"article:publisher\" content=\"https:\/\/www.facebook.com\/premierlawgroup\" \/>\n<meta property=\"article:modified_time\" content=\"2024-11-07T12:12:15+00:00\" \/>\n<meta property=\"og:image\" content=\"https:\/\/plg-pllc.com\/wp-content\/uploads\/2017\/03\/PLG-article-img.jpg\" \/>\n\t<meta property=\"og:image:width\" content=\"400\" \/>\n\t<meta property=\"og:image:height\" content=\"377\" \/>\n\t<meta property=\"og:image:type\" content=\"image\/jpeg\" \/>\n<meta name=\"twitter:card\" content=\"summary_large_image\" \/>\n<meta name=\"twitter:site\" content=\"@premierlawgroup\" \/>\n<meta name=\"twitter:label1\" content=\"Tiempo de lectura\" \/>\n\t<meta name=\"twitter:data1\" content=\"4 minutos\" \/>\n<script type=\"application\/ld+json\" class=\"yoast-schema-graph\">{\"@context\":\"https:\/\/schema.org\",\"@graph\":[{\"@type\":\"WebPage\",\"@id\":\"https:\/\/plg-pllc.com\/faqs\/can-i-settle-without-attorney\/\",\"url\":\"https:\/\/plg-pllc.com\/faqs\/can-i-settle-without-attorney\/\",\"name\":\"Can I settle without an attorney?\",\"isPartOf\":{\"@id\":\"https:\/\/plg-pllc.com\/#website\"},\"primaryImageOfPage\":{\"@id\":\"https:\/\/plg-pllc.com\/faqs\/can-i-settle-without-attorney\/#primaryimage\"},\"image\":{\"@id\":\"https:\/\/plg-pllc.com\/faqs\/can-i-settle-without-attorney\/#primaryimage\"},\"thumbnailUrl\":\"https:\/\/plg-pllc.com\/wp-content\/uploads\/2017\/03\/PLG-article-img.jpg\",\"datePublished\":\"2019-02-15T01:42:21+00:00\",\"dateModified\":\"2024-11-07T12:12:15+00:00\",\"description\":\"Can I settle without an attorney?: Premier Law Group helps you unlock the full compensation you deserve. No Fee Unless We Win.\",\"breadcrumb\":{\"@id\":\"https:\/\/plg-pllc.com\/faqs\/can-i-settle-without-attorney\/#breadcrumb\"},\"inLanguage\":\"es\",\"potentialAction\":[{\"@type\":\"ReadAction\",\"target\":[\"https:\/\/plg-pllc.com\/faqs\/can-i-settle-without-attorney\/\"]}]},{\"@type\":\"ImageObject\",\"inLanguage\":\"es\",\"@id\":\"https:\/\/plg-pllc.com\/faqs\/can-i-settle-without-attorney\/#primaryimage\",\"url\":\"https:\/\/plg-pllc.com\/wp-content\/uploads\/2017\/03\/PLG-article-img.jpg\",\"contentUrl\":\"https:\/\/plg-pllc.com\/wp-content\/uploads\/2017\/03\/PLG-article-img.jpg\",\"width\":400,\"height\":377,\"caption\":\"What are the Most Common Types of Injuries in Pedestrian and Bicycle Accident Cases?\"},{\"@type\":\"BreadcrumbList\",\"@id\":\"https:\/\/plg-pllc.com\/faqs\/can-i-settle-without-attorney\/#breadcrumb\",\"itemListElement\":[{\"@type\":\"ListItem\",\"position\":1,\"name\":\"Home\",\"item\":\"https:\/\/plg-pllc.com\/es\/\"},{\"@type\":\"ListItem\",\"position\":2,\"name\":\"FAQs\",\"item\":\"https:\/\/plg-pllc.com\/es\/faqs\/\"},{\"@type\":\"ListItem\",\"position\":3,\"name\":\"Can I settle without an attorney?\"}]},{\"@type\":\"WebSite\",\"@id\":\"https:\/\/plg-pllc.com\/#website\",\"url\":\"https:\/\/plg-pllc.com\/\",\"name\":\"Premier Law Group\",\"description\":\"Washington Wrongful Death and Serious Injury Lawyer\",\"publisher\":{\"@id\":\"https:\/\/plg-pllc.com\/#organization\"},\"inLanguage\":\"es\"},{\"@type\":\"Organization\",\"@id\":\"https:\/\/plg-pllc.com\/#organization\",\"name\":\"Premier Law Group\",\"url\":\"https:\/\/plg-pllc.com\/\",\"logo\":{\"@type\":\"ImageObject\",\"inLanguage\":\"es\",\"@id\":\"https:\/\/plg-pllc.com\/#\/schema\/logo\/image\/\",\"url\":\"https:\/\/plg-pllc.com\/wp-content\/uploads\/2020\/10\/plg-logo-v2.gif\",\"contentUrl\":\"https:\/\/plg-pllc.com\/wp-content\/uploads\/2020\/10\/plg-logo-v2.gif\",\"width\":592,\"height\":191,\"caption\":\"Premier Law Group\"},\"image\":{\"@id\":\"https:\/\/plg-pllc.com\/#\/schema\/logo\/image\/\"},\"sameAs\":[\"https:\/\/www.facebook.com\/premierlawgroup\",\"https:\/\/x.com\/premierlawgroup\"]}]}<\/script>\n<!-- \/ Yoast SEO plugin. -->","yoast_head_json":{"title":"\u00bfPuedo llegar a un acuerdo sin abogado?","description":"\u00bfPuedo llegar a un acuerdo sin un abogado?: Premier Law Group le ayuda a obtener la compensaci\u00f3n total que merece. Sin honorarios a menos que ganemos.","robots":{"index":"index","follow":"follow","max-snippet":"max-snippet:-1","max-image-preview":"max-image-preview:large","max-video-preview":"max-video-preview:-1"},"canonical":"https:\/\/plg-pllc.com\/es\/faqs\/can-i-settle-without-attorney\/","og_locale":"es_MX","og_type":"article","og_title":"Can I settle without an attorney?","og_description":"Can I settle without an attorney?: Premier Law Group helps you unlock the full compensation you deserve. No Fee Unless We Win.","og_url":"https:\/\/plg-pllc.com\/es\/faqs\/can-i-settle-without-attorney\/","og_site_name":"Premier Law Group","article_publisher":"https:\/\/www.facebook.com\/premierlawgroup","article_modified_time":"2024-11-07T12:12:15+00:00","og_image":[{"width":400,"height":377,"url":"https:\/\/plg-pllc.com\/wp-content\/uploads\/2017\/03\/PLG-article-img.jpg","type":"image\/jpeg"}],"twitter_card":"summary_large_image","twitter_site":"@premierlawgroup","twitter_misc":{"Tiempo de lectura":"4 minutos"},"schema":{"@context":"https:\/\/schema.org","@graph":[{"@type":"WebPage","@id":"https:\/\/plg-pllc.com\/faqs\/can-i-settle-without-attorney\/","url":"https:\/\/plg-pllc.com\/faqs\/can-i-settle-without-attorney\/","name":"\u00bfPuedo llegar a un acuerdo sin abogado?","isPartOf":{"@id":"https:\/\/plg-pllc.com\/#website"},"primaryImageOfPage":{"@id":"https:\/\/plg-pllc.com\/faqs\/can-i-settle-without-attorney\/#primaryimage"},"image":{"@id":"https:\/\/plg-pllc.com\/faqs\/can-i-settle-without-attorney\/#primaryimage"},"thumbnailUrl":"https:\/\/plg-pllc.com\/wp-content\/uploads\/2017\/03\/PLG-article-img.jpg","datePublished":"2019-02-15T01:42:21+00:00","dateModified":"2024-11-07T12:12:15+00:00","description":"\u00bfPuedo llegar a un acuerdo sin un abogado?: Premier Law Group le ayuda a obtener la compensaci\u00f3n total que merece. Sin honorarios a menos que ganemos.","breadcrumb":{"@id":"https:\/\/plg-pllc.com\/faqs\/can-i-settle-without-attorney\/#breadcrumb"},"inLanguage":"es","potentialAction":[{"@type":"ReadAction","target":["https:\/\/plg-pllc.com\/faqs\/can-i-settle-without-attorney\/"]}]},{"@type":"ImageObject","inLanguage":"es","@id":"https:\/\/plg-pllc.com\/faqs\/can-i-settle-without-attorney\/#primaryimage","url":"https:\/\/plg-pllc.com\/wp-content\/uploads\/2017\/03\/PLG-article-img.jpg","contentUrl":"https:\/\/plg-pllc.com\/wp-content\/uploads\/2017\/03\/PLG-article-img.jpg","width":400,"height":377,"caption":"What are the Most Common Types of Injuries in Pedestrian and Bicycle Accident Cases?"},{"@type":"BreadcrumbList","@id":"https:\/\/plg-pllc.com\/faqs\/can-i-settle-without-attorney\/#breadcrumb","itemListElement":[{"@type":"ListItem","position":1,"name":"Home","item":"https:\/\/plg-pllc.com\/es\/"},{"@type":"ListItem","position":2,"name":"FAQs","item":"https:\/\/plg-pllc.com\/es\/faqs\/"},{"@type":"ListItem","position":3,"name":"Can I settle without an attorney?"}]},{"@type":"WebSite","@id":"https:\/\/plg-pllc.com\/#website","url":"https:\/\/plg-pllc.com\/","name":"Grupo de abogados Premier","description":"Abogado de muerte por negligencia y lesiones graves en Washington","publisher":{"@id":"https:\/\/plg-pllc.com\/#organization"},"inLanguage":"es"},{"@type":"Organization","@id":"https:\/\/plg-pllc.com\/#organization","name":"Grupo de abogados Premier","url":"https:\/\/plg-pllc.com\/","logo":{"@type":"ImageObject","inLanguage":"es","@id":"https:\/\/plg-pllc.com\/#\/schema\/logo\/image\/","url":"https:\/\/plg-pllc.com\/wp-content\/uploads\/2020\/10\/plg-logo-v2.gif","contentUrl":"https:\/\/plg-pllc.com\/wp-content\/uploads\/2020\/10\/plg-logo-v2.gif","width":592,"height":191,"caption":"Premier Law Group"},"image":{"@id":"https:\/\/plg-pllc.com\/#\/schema\/logo\/image\/"},"sameAs":["https:\/\/www.facebook.com\/premierlawgroup","https:\/\/x.com\/premierlawgroup"]}]}},"_links":{"self":[{"href":"https:\/\/plg-pllc.com\/es\/wp-json\/wp\/v2\/pages\/16495","targetHints":{"allow":["GET"]}}],"collection":[{"href":"https:\/\/plg-pllc.com\/es\/wp-json\/wp\/v2\/pages"}],"about":[{"href":"https:\/\/plg-pllc.com\/es\/wp-json\/wp\/v2\/types\/page"}],"author":[{"embeddable":true,"href":"https:\/\/plg-pllc.com\/es\/wp-json\/wp\/v2\/users\/2"}],"replies":[{"embeddable":true,"href":"https:\/\/plg-pllc.com\/es\/wp-json\/wp\/v2\/comments?post=16495"}],"version-history":[{"count":0,"href":"https:\/\/plg-pllc.com\/es\/wp-json\/wp\/v2\/pages\/16495\/revisions"}],"up":[{"embeddable":true,"href":"https:\/\/plg-pllc.com\/es\/wp-json\/wp\/v2\/pages\/20714"}],"wp:featuredmedia":[{"embeddable":true,"href":"https:\/\/plg-pllc.com\/es\/wp-json\/wp\/v2\/media\/13765"}],"wp:attachment":[{"href":"https:\/\/plg-pllc.com\/es\/wp-json\/wp\/v2\/media?parent=16495"}],"wp:term":[{"taxonomy":"hc_faqs","embeddable":true,"href":"https:\/\/plg-pllc.com\/es\/wp-json\/wp\/v2\/hc_faqs?post=16495"}],"curies":[{"name":"gracias","href":"https:\/\/api.w.org\/{rel}","templated":true}]}}