{"id":16498,"date":"2019-02-14T17:42:21","date_gmt":"2019-02-15T01:42:21","guid":{"rendered":"https:\/\/plg-pllc.com\/?post_type=faqs&#038;p=16498"},"modified":"2024-11-07T04:12:17","modified_gmt":"2024-11-07T12:12:17","slug":"how-do-cases-work","status":"publish","type":"page","link":"https:\/\/plg-pllc.com\/es\/faqs\/how-do-cases-work\/","title":{"rendered":"\u00bfC\u00f3mo funcionan los casos?"},"content":{"rendered":"<p>\u00bfC\u00f3mo funcionan los casos? La idea de presentar un reclamo puede ser abrumadora, especialmente cuando se est\u00e1 recuperando de un accidente. <a href=\"https:\/\/plg-pllc.com\/washington\/car-accident-lawyer\/\">accidente de veh\u00edculo de motor<\/a> o lesi\u00f3n. Ya sea que su caso llegue a los tribunales o no, nuestro objetivo es reducir las inc\u00f3gnitas y brindarle tranquilidad al guiarlo a trav\u00e9s del proceso legal paso a paso. Para aprender c\u00f3mo funcionan los casos y responder algunas de sus preguntas, aqu\u00ed hay una breve descripci\u00f3n general de los diferentes pasos que componen el proceso de un caso. <a href=\"https:\/\/plg-pllc.com\/seattle\/personal-injury-lawyer\/\">Lesi\u00f3n personal<\/a> caso:<\/p>\n<h2>1) Se produce un accidente o lesi\u00f3n<\/h2>\n<p>Este es el evento desencadenante que da inicio a la demanda. Nuestro bufete de abogados solo representa a personas que no tuvieron culpa de la colisi\u00f3n y que sufrieron lesiones o fallecieron como resultado del accidente.<\/p>\n<h2>2) Obtenci\u00f3n de tratamiento m\u00e9dico<\/h2>\n<p>El proceso de tratamiento es muy amplio, por lo que var\u00eda de un caso a otro. Por un lado, es posible que solo necesite una breve atenci\u00f3n en la sala de emergencias y nunca experimente ning\u00fan s\u00edntoma duradero. Por otro lado, podr\u00eda terminar con complicaciones de la lesi\u00f3n que requieran atenci\u00f3n m\u00e9dica por el resto de su vida. Queremos asegurarnos de que reciba el tratamiento que necesita ahora y en el futuro.<\/p>\n<h2>3) Finalizaci\u00f3n del tratamiento<\/h2>\n<p>Este es el momento en el que intentamos resolver el caso con la compa\u00f1\u00eda de seguros culpable. Esto se conoce como el &quot;proceso de demanda&quot;. Implica recopilar su historial m\u00e9dico, crear un resumen de su accidente, lesiones y otras pruebas, y enviarlo a la compa\u00f1\u00eda de seguros con nuestra solicitud de compensaci\u00f3n.<\/p>\n\n        <div class=\"rs-content-cta long\">\n            <p>Para una consulta legal GRATUITA, llame al <a href=\"tel:+12062851743\">(206) 285-1743 <\/a><\/p>\n            <a href=\"https:\/\/plg-pllc.com\/es\/contact-us\/\" title=\"OBTENGA UNA EVALUACI\u00d3N DE CASO GRATUITA\" class=\"btn-global\">OBTENGA UNA EVALUACI\u00d3N DE CASO GRATUITA<\/a>\n                    <picture>\n                            <source srcset=\"https:\/\/plg-pllc.com\/wp-content\/themes\/plg-pllc-redesign\/assets\/app\/img\/cta-thumb.webp\" type=\"image\/webp\"\/>\n                            <img src=\"https:\/\/plg-pllc.com\/wp-content\/themes\/plg-pllc-redesign\/assets\/app\/img\/cta-thumb.png\" alt=\"Grupo de abogados Premier\" title=\"Grupo de abogados Premier\" width=\"245\" height=\"220\" loading=\"auto\" fetchpriority=\"auto\" decoding=\"async\"\/>\n        <\/picture>\n        \n        <\/div><h2>4) Respuesta de la compa\u00f1\u00eda de seguros<\/h2>\n<p>Si la respuesta es una oferta razonable, resolvemos el caso.<\/p>\n<h2>5) Litigios<\/h2>\n<p>Si la respuesta de la compa\u00f1\u00eda de seguros no es una oferta razonable, presentaremos una demanda. Este proceso se llama litigio:<\/p>\n<p><strong>Descubrimiento<\/strong><\/p>\n<ul>\n<li>Este es un proceso formal que se utiliza para intercambiar pruebas con la compa\u00f1\u00eda de seguros del otro conductor. Ambas partes buscan informaci\u00f3n de la otra parte sobre los casos de la otra parte. Este proceso puede implicar lo siguiente:\n<ol>\n<li>Interrogatorios: son preguntas escritas sobre usted, el accidente y su tratamiento m\u00e9dico que debe responder bajo juramento.<\/li>\n<li>Deposiciones: son reuniones en las que el abogado contrario le har\u00e1 preguntas bajo juramento las cuales son transcritas con sus respuestas por un taqu\u00edgrafo judicial.\n<ul>\n<li>Esto puede parecerle desalentador, pero lo prepararemos y estaremos con usted durante toda la deposici\u00f3n.<\/li>\n<\/ul>\n<\/li>\n<li><a href=\"https:\/\/www.law.cornell.edu\/rules\/frcp\/rule_35\">Ex\u00e1menes CR 35<\/a>:Si reclama alg\u00fan tratamiento m\u00e9dico futuro relacionado con su colisi\u00f3n, el abogado contrario puede designar un m\u00e9dico para que lo examine y emita una opini\u00f3n para la defensa.<\/li>\n<\/ol>\n<\/li>\n<\/ul>\n<ul>\n<li><strong>Arbitraje obligatorio<\/strong>\n<ul>\n<li>Para los casos que caen por debajo de un determinado umbral en d\u00f3lares, el arbitraje es un medio alternativo para resolver un caso sin ir a juicio.\n<ol>\n<li>Ventajas del arbitraje:\n<ul>\n<li>Las reglas de descubrimiento son limitadas.<\/li>\n<li>El caso se juzga ante un tercero neutral (el \u201c\u00e1rbitro\u201d) que determina el laudo.<\/li>\n<li>Es mucho m\u00e1s r\u00e1pido, menos formal y menos costoso que un juicio con jurado.<\/li>\n<\/ul>\n<\/li>\n<li>Desventajas del arbitraje:\n<ul>\n<li>La decisi\u00f3n del \u00e1rbitro no es necesariamente definitiva. Si una de las partes no est\u00e1 de acuerdo con el laudo arbitral, puede apelar la decisi\u00f3n mediante un nuevo juicio ante un juez y un jurado.<\/li>\n<\/ul>\n<\/li>\n<\/ol>\n<\/li>\n<\/ul>\n<\/li>\n<li><strong>Ensayo<\/strong>\n<ul>\n<li>Si no se llega a un acuerdo, su caso se someter\u00e1 a juicio ante un juez y un jurado de 12 personas. El jurado emitir\u00e1 un veredicto. Si falla a su favor, tambi\u00e9n determinar\u00e1 el monto de los da\u00f1os que se le concedan.<\/li>\n<\/ul>\n<\/li>\n<\/ul>\n<h2>La mayor\u00eda de los casos no llegan a los tribunales.<\/h2>\n<p>Quiz\u00e1s le sorprenda saber que la mayor\u00eda de los casos se resuelven sin juicio. Despu\u00e9s de recibir una oferta de acuerdo, la revisaremos con usted, responderemos sus preguntas y le brindaremos asesoramiento sobre c\u00f3mo proceder en funci\u00f3n de nuestro conocimiento y experiencia. En \u00faltima instancia, la decisi\u00f3n de aceptar la oferta o acudir a los tribunales es suya. De cualquier manera, estaremos all\u00ed para brindarle apoyo.<\/p>\n<h2>Estamos contigo en cada paso del camino.<\/h2>\n<p>La mayor\u00eda de nuestros clientes nunca han ido a juicio, por lo que comprendemos que usted puede estar preocupado y asustado por c\u00f3mo funcionan los casos. Nuestro objetivo es calmar sus temores y disminuir su estr\u00e9s explic\u00e1ndole el proceso del juicio, respondiendo a sus preguntas y prepar\u00e1ndolo para lo que le espera en t\u00e9rminos sencillos. \u00a1Intentaremos limitar la jerga legal!<\/p>\n<h2>Nuestra misi\u00f3n es brindarle tranquilidad.<\/h2>\n<p>Nadie espera con ansias presentar una reclamaci\u00f3n, pero con nuestra ayuda esperamos que sea lo m\u00e1s f\u00e1cil posible para usted y sus seres queridos. Una vez que nos entregue el caso, nos comprometemos a aliviarle el estr\u00e9s del papeleo, los plazos y los dem\u00e1s desaf\u00edos que implica presentar una reclamaci\u00f3n, para que pueda centrarse en lo m\u00e1s importante: su recuperaci\u00f3n.<\/p>\n\n        <div class=\"rs-content-cta\">\n            <p>Llamar o enviar mensaje de texto <a href=\"tel:+12062851743\">(206) 285-1743<\/a> o complete un formulario de evaluaci\u00f3n de caso gratuito<\/p>\n            <a href=\"https:\/\/plg-pllc.com\/es\/contact-us\/\" title=\"OBTENGA UNA EVALUACI\u00d3N DE CASO GRATUITA\" class=\"btn-global\">OBTENGA UNA EVALUACI\u00d3N DE CASO GRATUITA<\/a>\n                    <picture>\n                            <source srcset=\"https:\/\/plg-pllc.com\/wp-content\/themes\/plg-pllc-redesign\/assets\/app\/img\/cta-thumb.webp\" type=\"image\/webp\"\/>\n                            <img src=\"https:\/\/plg-pllc.com\/wp-content\/themes\/plg-pllc-redesign\/assets\/app\/img\/cta-thumb.png\" alt=\"Grupo de abogados Premier\" title=\"Grupo de abogados Premier\" width=\"245\" height=\"220\" loading=\"auto\" fetchpriority=\"auto\" decoding=\"async\"\/>\n        <\/picture>\n        \n        <\/div>","protected":false},"excerpt":{"rendered":"<p>\u00bfC\u00f3mo funcionan los casos? La idea de presentar una reclamaci\u00f3n puede ser abrumadora, especialmente cuando se est\u00e1 recuperando de un accidente o lesi\u00f3n automovil\u00edstica. Ya sea que su caso llegue a los tribunales o no, nuestro objetivo es reducir las inc\u00f3gnitas y brindarle tranquilidad gui\u00e1ndolo a trav\u00e9s del proceso legal paso a paso. \u2026<\/p>","protected":false},"author":2,"featured_media":13765,"parent":20714,"menu_order":0,"comment_status":"closed","ping_status":"closed","template":"","meta":{"_acf_changed":false,"_genesis_hide_title":false,"_genesis_hide_breadcrumbs":false,"_genesis_hide_singular_image":false,"_genesis_hide_footer_widgets":false,"_genesis_custom_body_class":"","_genesis_custom_post_class":"","_genesis_layout":"","footnotes":""},"hc_faqs":[10354],"class_list":{"0":"post-16498","1":"page","2":"type-page","3":"status-publish","4":"has-post-thumbnail","6":"hc_faqs-personal-injury","7":"entry"},"acf":[],"yoast_head":"<!-- This site is optimized with the Yoast SEO plugin v27.2 - https:\/\/yoast.com\/product\/yoast-seo-wordpress\/ -->\n<title>How do cases work? | Premier Law Group<\/title>\n<meta name=\"description\" content=\"How do cases work? Learn how personal injury cases work and how an expereienced injury attorney can help. Premier Law Group is here for you.\" \/>\n<meta name=\"robots\" content=\"index, follow, max-snippet:-1, max-image-preview:large, max-video-preview:-1\" \/>\n<link rel=\"canonical\" href=\"https:\/\/plg-pllc.com\/es\/faqs\/how-do-cases-work\/\" \/>\n<meta property=\"og:locale\" content=\"es_MX\" \/>\n<meta property=\"og:type\" content=\"article\" \/>\n<meta property=\"og:title\" content=\"How do cases work? | Premier Law Group\" \/>\n<meta property=\"og:description\" content=\"How do cases work? Learn how personal injury cases work and how an expereienced injury attorney can help. Premier Law Group is here for you.\" \/>\n<meta property=\"og:url\" content=\"https:\/\/plg-pllc.com\/es\/faqs\/how-do-cases-work\/\" \/>\n<meta property=\"og:site_name\" content=\"Premier Law Group\" \/>\n<meta property=\"article:publisher\" content=\"https:\/\/www.facebook.com\/premierlawgroup\" \/>\n<meta property=\"article:modified_time\" content=\"2024-11-07T12:12:17+00:00\" \/>\n<meta property=\"og:image\" content=\"https:\/\/plg-pllc.com\/wp-content\/uploads\/2017\/03\/PLG-article-img.jpg\" \/>\n\t<meta property=\"og:image:width\" content=\"400\" \/>\n\t<meta property=\"og:image:height\" content=\"377\" \/>\n\t<meta property=\"og:image:type\" content=\"image\/jpeg\" \/>\n<meta name=\"twitter:card\" content=\"summary_large_image\" \/>\n<meta name=\"twitter:site\" content=\"@premierlawgroup\" \/>\n<meta name=\"twitter:label1\" content=\"Tiempo de lectura\" \/>\n\t<meta name=\"twitter:data1\" content=\"4 minutos\" \/>\n<script type=\"application\/ld+json\" class=\"yoast-schema-graph\">{\"@context\":\"https:\/\/schema.org\",\"@graph\":[{\"@type\":\"WebPage\",\"@id\":\"https:\/\/plg-pllc.com\/faqs\/how-do-cases-work\/\",\"url\":\"https:\/\/plg-pllc.com\/faqs\/how-do-cases-work\/\",\"name\":\"How do cases work? | Premier Law Group\",\"isPartOf\":{\"@id\":\"https:\/\/plg-pllc.com\/#website\"},\"primaryImageOfPage\":{\"@id\":\"https:\/\/plg-pllc.com\/faqs\/how-do-cases-work\/#primaryimage\"},\"image\":{\"@id\":\"https:\/\/plg-pllc.com\/faqs\/how-do-cases-work\/#primaryimage\"},\"thumbnailUrl\":\"https:\/\/plg-pllc.com\/wp-content\/uploads\/2017\/03\/PLG-article-img.jpg\",\"datePublished\":\"2019-02-15T01:42:21+00:00\",\"dateModified\":\"2024-11-07T12:12:17+00:00\",\"description\":\"How do cases work? Learn how personal injury cases work and how an expereienced injury attorney can help. Premier Law Group is here for you.\",\"breadcrumb\":{\"@id\":\"https:\/\/plg-pllc.com\/faqs\/how-do-cases-work\/#breadcrumb\"},\"inLanguage\":\"es\",\"potentialAction\":[{\"@type\":\"ReadAction\",\"target\":[\"https:\/\/plg-pllc.com\/faqs\/how-do-cases-work\/\"]}]},{\"@type\":\"ImageObject\",\"inLanguage\":\"es\",\"@id\":\"https:\/\/plg-pllc.com\/faqs\/how-do-cases-work\/#primaryimage\",\"url\":\"https:\/\/plg-pllc.com\/wp-content\/uploads\/2017\/03\/PLG-article-img.jpg\",\"contentUrl\":\"https:\/\/plg-pllc.com\/wp-content\/uploads\/2017\/03\/PLG-article-img.jpg\",\"width\":400,\"height\":377,\"caption\":\"What are the Most Common Types of Injuries in Pedestrian and Bicycle Accident Cases?\"},{\"@type\":\"BreadcrumbList\",\"@id\":\"https:\/\/plg-pllc.com\/faqs\/how-do-cases-work\/#breadcrumb\",\"itemListElement\":[{\"@type\":\"ListItem\",\"position\":1,\"name\":\"Home\",\"item\":\"https:\/\/plg-pllc.com\/es\/\"},{\"@type\":\"ListItem\",\"position\":2,\"name\":\"FAQs\",\"item\":\"https:\/\/plg-pllc.com\/es\/faqs\/\"},{\"@type\":\"ListItem\",\"position\":3,\"name\":\"How do cases work?\"}]},{\"@type\":\"WebSite\",\"@id\":\"https:\/\/plg-pllc.com\/#website\",\"url\":\"https:\/\/plg-pllc.com\/\",\"name\":\"Premier Law Group\",\"description\":\"Washington Wrongful Death and Serious Injury Lawyer\",\"publisher\":{\"@id\":\"https:\/\/plg-pllc.com\/#organization\"},\"inLanguage\":\"es\"},{\"@type\":\"Organization\",\"@id\":\"https:\/\/plg-pllc.com\/#organization\",\"name\":\"Premier Law Group\",\"url\":\"https:\/\/plg-pllc.com\/\",\"logo\":{\"@type\":\"ImageObject\",\"inLanguage\":\"es\",\"@id\":\"https:\/\/plg-pllc.com\/#\/schema\/logo\/image\/\",\"url\":\"https:\/\/plg-pllc.com\/wp-content\/uploads\/2020\/10\/plg-logo-v2.gif\",\"contentUrl\":\"https:\/\/plg-pllc.com\/wp-content\/uploads\/2020\/10\/plg-logo-v2.gif\",\"width\":592,\"height\":191,\"caption\":\"Premier Law Group\"},\"image\":{\"@id\":\"https:\/\/plg-pllc.com\/#\/schema\/logo\/image\/\"},\"sameAs\":[\"https:\/\/www.facebook.com\/premierlawgroup\",\"https:\/\/x.com\/premierlawgroup\"]}]}<\/script>\n<!-- \/ Yoast SEO plugin. -->","yoast_head_json":{"title":"\u00bfC\u00f3mo funcionan los casos? | Premier Law Group","description":"\u00bfC\u00f3mo funcionan los casos? Conozca c\u00f3mo funcionan los casos de lesiones personales y c\u00f3mo un abogado con experiencia en lesiones puede ayudarlo. Premier Law Group est\u00e1 aqu\u00ed para ayudarlo.","robots":{"index":"index","follow":"follow","max-snippet":"max-snippet:-1","max-image-preview":"max-image-preview:large","max-video-preview":"max-video-preview:-1"},"canonical":"https:\/\/plg-pllc.com\/es\/faqs\/how-do-cases-work\/","og_locale":"es_MX","og_type":"article","og_title":"How do cases work? | Premier Law Group","og_description":"How do cases work? Learn how personal injury cases work and how an expereienced injury attorney can help. Premier Law Group is here for you.","og_url":"https:\/\/plg-pllc.com\/es\/faqs\/how-do-cases-work\/","og_site_name":"Premier Law Group","article_publisher":"https:\/\/www.facebook.com\/premierlawgroup","article_modified_time":"2024-11-07T12:12:17+00:00","og_image":[{"width":400,"height":377,"url":"https:\/\/plg-pllc.com\/wp-content\/uploads\/2017\/03\/PLG-article-img.jpg","type":"image\/jpeg"}],"twitter_card":"summary_large_image","twitter_site":"@premierlawgroup","twitter_misc":{"Tiempo de lectura":"4 minutos"},"schema":{"@context":"https:\/\/schema.org","@graph":[{"@type":"WebPage","@id":"https:\/\/plg-pllc.com\/faqs\/how-do-cases-work\/","url":"https:\/\/plg-pllc.com\/faqs\/how-do-cases-work\/","name":"\u00bfC\u00f3mo funcionan los casos? | Premier Law Group","isPartOf":{"@id":"https:\/\/plg-pllc.com\/#website"},"primaryImageOfPage":{"@id":"https:\/\/plg-pllc.com\/faqs\/how-do-cases-work\/#primaryimage"},"image":{"@id":"https:\/\/plg-pllc.com\/faqs\/how-do-cases-work\/#primaryimage"},"thumbnailUrl":"https:\/\/plg-pllc.com\/wp-content\/uploads\/2017\/03\/PLG-article-img.jpg","datePublished":"2019-02-15T01:42:21+00:00","dateModified":"2024-11-07T12:12:17+00:00","description":"\u00bfC\u00f3mo funcionan los casos? Conozca c\u00f3mo funcionan los casos de lesiones personales y c\u00f3mo un abogado con experiencia en lesiones puede ayudarlo. Premier Law Group est\u00e1 aqu\u00ed para ayudarlo.","breadcrumb":{"@id":"https:\/\/plg-pllc.com\/faqs\/how-do-cases-work\/#breadcrumb"},"inLanguage":"es","potentialAction":[{"@type":"ReadAction","target":["https:\/\/plg-pllc.com\/faqs\/how-do-cases-work\/"]}]},{"@type":"ImageObject","inLanguage":"es","@id":"https:\/\/plg-pllc.com\/faqs\/how-do-cases-work\/#primaryimage","url":"https:\/\/plg-pllc.com\/wp-content\/uploads\/2017\/03\/PLG-article-img.jpg","contentUrl":"https:\/\/plg-pllc.com\/wp-content\/uploads\/2017\/03\/PLG-article-img.jpg","width":400,"height":377,"caption":"What are the Most Common Types of Injuries in Pedestrian and Bicycle Accident Cases?"},{"@type":"BreadcrumbList","@id":"https:\/\/plg-pllc.com\/faqs\/how-do-cases-work\/#breadcrumb","itemListElement":[{"@type":"ListItem","position":1,"name":"Home","item":"https:\/\/plg-pllc.com\/es\/"},{"@type":"ListItem","position":2,"name":"FAQs","item":"https:\/\/plg-pllc.com\/es\/faqs\/"},{"@type":"ListItem","position":3,"name":"How do cases work?"}]},{"@type":"WebSite","@id":"https:\/\/plg-pllc.com\/#website","url":"https:\/\/plg-pllc.com\/","name":"Grupo de abogados Premier","description":"Abogado de muerte por negligencia y lesiones graves en Washington","publisher":{"@id":"https:\/\/plg-pllc.com\/#organization"},"inLanguage":"es"},{"@type":"Organization","@id":"https:\/\/plg-pllc.com\/#organization","name":"Grupo de abogados Premier","url":"https:\/\/plg-pllc.com\/","logo":{"@type":"ImageObject","inLanguage":"es","@id":"https:\/\/plg-pllc.com\/#\/schema\/logo\/image\/","url":"https:\/\/plg-pllc.com\/wp-content\/uploads\/2020\/10\/plg-logo-v2.gif","contentUrl":"https:\/\/plg-pllc.com\/wp-content\/uploads\/2020\/10\/plg-logo-v2.gif","width":592,"height":191,"caption":"Premier Law Group"},"image":{"@id":"https:\/\/plg-pllc.com\/#\/schema\/logo\/image\/"},"sameAs":["https:\/\/www.facebook.com\/premierlawgroup","https:\/\/x.com\/premierlawgroup"]}]}},"_links":{"self":[{"href":"https:\/\/plg-pllc.com\/es\/wp-json\/wp\/v2\/pages\/16498","targetHints":{"allow":["GET"]}}],"collection":[{"href":"https:\/\/plg-pllc.com\/es\/wp-json\/wp\/v2\/pages"}],"about":[{"href":"https:\/\/plg-pllc.com\/es\/wp-json\/wp\/v2\/types\/page"}],"author":[{"embeddable":true,"href":"https:\/\/plg-pllc.com\/es\/wp-json\/wp\/v2\/users\/2"}],"replies":[{"embeddable":true,"href":"https:\/\/plg-pllc.com\/es\/wp-json\/wp\/v2\/comments?post=16498"}],"version-history":[{"count":0,"href":"https:\/\/plg-pllc.com\/es\/wp-json\/wp\/v2\/pages\/16498\/revisions"}],"up":[{"embeddable":true,"href":"https:\/\/plg-pllc.com\/es\/wp-json\/wp\/v2\/pages\/20714"}],"wp:featuredmedia":[{"embeddable":true,"href":"https:\/\/plg-pllc.com\/es\/wp-json\/wp\/v2\/media\/13765"}],"wp:attachment":[{"href":"https:\/\/plg-pllc.com\/es\/wp-json\/wp\/v2\/media?parent=16498"}],"wp:term":[{"taxonomy":"hc_faqs","embeddable":true,"href":"https:\/\/plg-pllc.com\/es\/wp-json\/wp\/v2\/hc_faqs?post=16498"}],"curies":[{"name":"gracias","href":"https:\/\/api.w.org\/{rel}","templated":true}]}}