{"id":16526,"date":"2019-03-01T01:00:31","date_gmt":"2019-03-01T09:00:31","guid":{"rendered":"https:\/\/plg-pllc.com\/?p=16526"},"modified":"2024-11-07T04:12:11","modified_gmt":"2024-11-07T12:12:11","slug":"patrick-kang-named-washington-super-lawyer-for-2019","status":"publish","type":"page","link":"https:\/\/plg-pllc.com\/es\/awards\/patrick-kang-named-super-lawyer-2019\/","title":{"rendered":"Patrick Kang fue nombrado \u201cSuper abogado\u201d de Washington en 2019"},"content":{"rendered":"<p>La organizaci\u00f3n Super Lawyers entreg\u00f3 su premio anual a los mejores abogados de Washington y este a\u00f1o design\u00f3 a Patrick Kang como \u201cSuper Lawyer\u201d. Solo el 51% de todos los abogados del estado reciben este honor y cada destinatario aparece con su perfil en la revista Super Lawyers. El objetivo es desarrollar un directorio cre\u00edble, completo y diverso de abogados excepcionales que pueda utilizarse como recurso para los consumidores que buscan asesoramiento legal.<\/p>\r\n\r\n\r\n\r\n<p>Premier Law Group est\u00e1 encantado de ver a Patrick reconocido por sus contribuciones sobresalientes al campo legal. Para recibir este premio, Patrick tuvo que superar un riguroso proceso de selecci\u00f3n de varios pasos. Los candidatos son evaluados utilizando comentarios de terceros, recomendaciones de pares, encuestas a socios gerentes y datos de un equipo de investigaci\u00f3n dirigido por abogados. Una vez que se determina el grupo de candidatos, una investigaci\u00f3n independiente selecciona a los abogados en funci\u00f3n de doce criterios, como antecedentes educativos, veredictos\/acuerdos, servicio comunitario, experiencia y actividades acad\u00e9micas. Aquellos con los totales de puntos m\u00e1s altos forman parte de un Panel Blue Ribbon que eval\u00faa a otros candidatos dentro de su \u00e1rea de pr\u00e1ctica principal. Los candidatos se dividen en cuatro categor\u00edas de tama\u00f1o de firma, y aquellos con los totales de puntos m\u00e1s altos de cada grupo son elegidos para el premio.<\/p>\r\n\r\n\r\n\r\n<p>Premier Law Group se enorgullece de brindar orientaci\u00f3n compasiva, representaci\u00f3n de calidad y resultados significativos en el \u00e1rea de Bellevue-Seattle. Patrick refleja el compromiso de nuestra firma de esforzarnos siempre por ser los mejores en lo que hacemos. Adem\u00e1s de ser reconocido como un &quot;Super abogado&quot; en 2019, Patrick fue certificado como miembro de Lawyers of Distinction; reconocido por ACQ5 como &quot;Abogado laboral del a\u00f1o&quot;; nombrado uno de los 100 mejores abogados de Estados Unidos\u00ae; y recibi\u00f3 el prestigioso premio &quot;Top 10&quot; de la Academia Nacional de Abogados de Lesiones Personales de Washington. PLG se siente honrado de tener un miembro del equipo tan extraordinario y dedicado. \u00a1Felicitaciones, Patrick, por ser nombrado &quot;Super abogado&quot;!<\/p>\r\n\r\n\r\n\r\n<div class=\"wp-block-image\">\r\n<figure class=\"aligncenter\"><img loading=\"lazy\" decoding=\"async\" width=\"350\" height=\"321\" class=\"wp-image-16527\" src=\"https:\/\/plg-pllc.com\/wp-content\/uploads\/2019\/02\/rated-by-superlawyers-2019-1.png\" alt=\"\" srcset=\"https:\/\/plg-pllc.com\/wp-content\/uploads\/2019\/02\/rated-by-superlawyers-2019-1.png 350w, https:\/\/plg-pllc.com\/wp-content\/uploads\/2019\/02\/rated-by-superlawyers-2019-1-300x275.png 300w\" sizes=\"auto, (max-width: 350px) 100vw, 350px\" \/><\/figure>\r\n<\/div>","protected":false},"excerpt":{"rendered":"<p>La organizaci\u00f3n Super Lawyers entreg\u00f3 su premio anual a los mejores abogados de Washington y este a\u00f1o design\u00f3 a Patrick Kang como \u201cSuper Lawyer\u201d. Solo el 51% de todos los abogados del estado reciben este honor y cada destinatario aparece con su perfil en la revista Super Lawyers. El objetivo es desarrollar un perfil cre\u00edble, \u2026<\/p>","protected":false},"author":24,"featured_media":16527,"parent":20721,"menu_order":0,"comment_status":"closed","ping_status":"closed","template":"","meta":{"_acf_changed":false,"_genesis_hide_title":false,"_genesis_hide_breadcrumbs":false,"_genesis_hide_singular_image":false,"_genesis_hide_footer_widgets":false,"_genesis_custom_body_class":"","_genesis_custom_post_class":"","_genesis_layout":"","footnotes":""},"hc_faqs":[],"class_list":{"0":"post-16526","1":"page","2":"type-page","3":"status-publish","4":"has-post-thumbnail","6":"entry"},"acf":[],"yoast_head":"<!-- This site is optimized with the Yoast SEO plugin v27.5 - https:\/\/yoast.com\/product\/yoast-seo-wordpress\/ -->\n<title>Patrick Kang Named Washington \u201cSuper Lawyer\u201d for 2019 | Premier Law Group<\/title>\n<meta name=\"description\" content=\"The organization, Super Lawyers, presented its annual award to the top attorneys in Washington, and this year, it designated Patrick Kang as a &quot;Super Call us for immediate help at 206-285-1743\" \/>\n<meta name=\"robots\" content=\"index, follow, max-snippet:-1, max-image-preview:large, max-video-preview:-1\" \/>\n<link rel=\"canonical\" href=\"https:\/\/plg-pllc.com\/es\/awards\/patrick-kang-named-super-lawyer-2019\/\" \/>\n<meta property=\"og:locale\" content=\"es_MX\" \/>\n<meta property=\"og:type\" content=\"article\" \/>\n<meta property=\"og:title\" content=\"Patrick Kang Named Washington \u201cSuper Lawyer\u201d for 2019 | Premier Law Group\" \/>\n<meta property=\"og:description\" content=\"The organization, Super Lawyers, presented its annual award to the top attorneys in Washington, and this year, it designated Patrick Kang as a &quot;Super Call us for immediate help at 206-285-1743\" \/>\n<meta property=\"og:url\" content=\"https:\/\/plg-pllc.com\/es\/awards\/patrick-kang-named-super-lawyer-2019\/\" \/>\n<meta property=\"og:site_name\" content=\"Premier Law Group\" \/>\n<meta property=\"article:publisher\" content=\"https:\/\/www.facebook.com\/premierlawgroup\" \/>\n<meta property=\"article:modified_time\" content=\"2024-11-07T12:12:11+00:00\" \/>\n<meta property=\"og:image\" content=\"https:\/\/plg-pllc.com\/wp-content\/uploads\/2019\/02\/rated-by-superlawyers-2019-1.png\" \/>\n\t<meta property=\"og:image:width\" content=\"350\" \/>\n\t<meta property=\"og:image:height\" content=\"321\" \/>\n\t<meta property=\"og:image:type\" content=\"image\/png\" \/>\n<meta name=\"twitter:card\" content=\"summary_large_image\" \/>\n<meta name=\"twitter:site\" content=\"@premierlawgroup\" \/>\n<meta name=\"twitter:label1\" content=\"Tiempo de lectura\" \/>\n\t<meta name=\"twitter:data1\" content=\"2 minutos\" \/>\n<script type=\"application\/ld+json\" class=\"yoast-schema-graph\">{\"@context\":\"https:\\\/\\\/schema.org\",\"@graph\":[{\"@type\":\"WebPage\",\"@id\":\"https:\\\/\\\/plg-pllc.com\\\/awards\\\/patrick-kang-named-super-lawyer-2019\\\/\",\"url\":\"https:\\\/\\\/plg-pllc.com\\\/awards\\\/patrick-kang-named-super-lawyer-2019\\\/\",\"name\":\"Patrick Kang Named Washington \u201cSuper Lawyer\u201d for 2019 | Premier Law Group\",\"isPartOf\":{\"@id\":\"https:\\\/\\\/plg-pllc.com\\\/#website\"},\"primaryImageOfPage\":{\"@id\":\"https:\\\/\\\/plg-pllc.com\\\/awards\\\/patrick-kang-named-super-lawyer-2019\\\/#primaryimage\"},\"image\":{\"@id\":\"https:\\\/\\\/plg-pllc.com\\\/awards\\\/patrick-kang-named-super-lawyer-2019\\\/#primaryimage\"},\"thumbnailUrl\":\"https:\\\/\\\/plg-pllc.com\\\/wp-content\\\/uploads\\\/2019\\\/02\\\/rated-by-superlawyers-2019-1.png\",\"datePublished\":\"2019-03-01T09:00:31+00:00\",\"dateModified\":\"2024-11-07T12:12:11+00:00\",\"description\":\"The organization, Super Lawyers, presented its annual award to the top attorneys in Washington, and this year, it designated Patrick Kang as a \\\"Super Call us for immediate help at 206-285-1743\",\"breadcrumb\":{\"@id\":\"https:\\\/\\\/plg-pllc.com\\\/awards\\\/patrick-kang-named-super-lawyer-2019\\\/#breadcrumb\"},\"inLanguage\":\"es\",\"potentialAction\":[{\"@type\":\"ReadAction\",\"target\":[\"https:\\\/\\\/plg-pllc.com\\\/awards\\\/patrick-kang-named-super-lawyer-2019\\\/\"]}]},{\"@type\":\"ImageObject\",\"inLanguage\":\"es\",\"@id\":\"https:\\\/\\\/plg-pllc.com\\\/awards\\\/patrick-kang-named-super-lawyer-2019\\\/#primaryimage\",\"url\":\"https:\\\/\\\/plg-pllc.com\\\/wp-content\\\/uploads\\\/2019\\\/02\\\/rated-by-superlawyers-2019-1.png\",\"contentUrl\":\"https:\\\/\\\/plg-pllc.com\\\/wp-content\\\/uploads\\\/2019\\\/02\\\/rated-by-superlawyers-2019-1.png\",\"width\":350,\"height\":321,\"caption\":\"2019 super lawyers\"},{\"@type\":\"BreadcrumbList\",\"@id\":\"https:\\\/\\\/plg-pllc.com\\\/awards\\\/patrick-kang-named-super-lawyer-2019\\\/#breadcrumb\",\"itemListElement\":[{\"@type\":\"ListItem\",\"position\":1,\"name\":\"Home\",\"item\":\"https:\\\/\\\/plg-pllc.com\\\/es\\\/\"},{\"@type\":\"ListItem\",\"position\":2,\"name\":\"Awards\",\"item\":\"https:\\\/\\\/plg-pllc.com\\\/es\\\/awards\\\/\"},{\"@type\":\"ListItem\",\"position\":3,\"name\":\"Patrick Kang Named Washington \u201cSuper Lawyer\u201d for 2019\"}]},{\"@type\":\"WebSite\",\"@id\":\"https:\\\/\\\/plg-pllc.com\\\/#website\",\"url\":\"https:\\\/\\\/plg-pllc.com\\\/\",\"name\":\"Premier Law Group\",\"description\":\"Washington Wrongful Death and Serious Injury Lawyer\",\"publisher\":{\"@id\":\"https:\\\/\\\/plg-pllc.com\\\/#organization\"},\"inLanguage\":\"es\"},{\"@type\":\"Organization\",\"@id\":\"https:\\\/\\\/plg-pllc.com\\\/#organization\",\"name\":\"Premier Law Group\",\"url\":\"https:\\\/\\\/plg-pllc.com\\\/\",\"logo\":{\"@type\":\"ImageObject\",\"inLanguage\":\"es\",\"@id\":\"https:\\\/\\\/plg-pllc.com\\\/#\\\/schema\\\/logo\\\/image\\\/\",\"url\":\"https:\\\/\\\/plg-pllc.com\\\/wp-content\\\/uploads\\\/2020\\\/10\\\/plg-logo-v2.gif\",\"contentUrl\":\"https:\\\/\\\/plg-pllc.com\\\/wp-content\\\/uploads\\\/2020\\\/10\\\/plg-logo-v2.gif\",\"width\":592,\"height\":191,\"caption\":\"Premier Law Group\"},\"image\":{\"@id\":\"https:\\\/\\\/plg-pllc.com\\\/#\\\/schema\\\/logo\\\/image\\\/\"},\"sameAs\":[\"https:\\\/\\\/www.facebook.com\\\/premierlawgroup\",\"https:\\\/\\\/x.com\\\/premierlawgroup\"]}]}<\/script>\n<!-- \/ Yoast SEO plugin. -->","yoast_head_json":{"title":"Patrick Kang nombrado \u201cSuper abogado\u201d de Washington en 2019 | Premier Law Group","description":"La organizaci\u00f3n, Super Lawyers, entreg\u00f3 su premio anual a los mejores abogados de Washington, y este a\u00f1o, design\u00f3 a Patrick Kang como un &quot;Super Ll\u00e1menos para obtener ayuda inmediata al 206-285-1743","robots":{"index":"index","follow":"follow","max-snippet":"max-snippet:-1","max-image-preview":"max-image-preview:large","max-video-preview":"max-video-preview:-1"},"canonical":"https:\/\/plg-pllc.com\/es\/awards\/patrick-kang-named-super-lawyer-2019\/","og_locale":"es_MX","og_type":"article","og_title":"Patrick Kang Named Washington \u201cSuper Lawyer\u201d for 2019 | Premier Law Group","og_description":"The organization, Super Lawyers, presented its annual award to the top attorneys in Washington, and this year, it designated Patrick Kang as a \"Super Call us for immediate help at 206-285-1743","og_url":"https:\/\/plg-pllc.com\/es\/awards\/patrick-kang-named-super-lawyer-2019\/","og_site_name":"Premier Law Group","article_publisher":"https:\/\/www.facebook.com\/premierlawgroup","article_modified_time":"2024-11-07T12:12:11+00:00","og_image":[{"width":350,"height":321,"url":"https:\/\/plg-pllc.com\/wp-content\/uploads\/2019\/02\/rated-by-superlawyers-2019-1.png","type":"image\/png"}],"twitter_card":"summary_large_image","twitter_site":"@premierlawgroup","twitter_misc":{"Tiempo de lectura":"2 minutos"},"schema":{"@context":"https:\/\/schema.org","@graph":[{"@type":"WebPage","@id":"https:\/\/plg-pllc.com\/awards\/patrick-kang-named-super-lawyer-2019\/","url":"https:\/\/plg-pllc.com\/awards\/patrick-kang-named-super-lawyer-2019\/","name":"Patrick Kang nombrado \u201cSuper abogado\u201d de Washington en 2019 | Premier Law Group","isPartOf":{"@id":"https:\/\/plg-pllc.com\/#website"},"primaryImageOfPage":{"@id":"https:\/\/plg-pllc.com\/awards\/patrick-kang-named-super-lawyer-2019\/#primaryimage"},"image":{"@id":"https:\/\/plg-pllc.com\/awards\/patrick-kang-named-super-lawyer-2019\/#primaryimage"},"thumbnailUrl":"https:\/\/plg-pllc.com\/wp-content\/uploads\/2019\/02\/rated-by-superlawyers-2019-1.png","datePublished":"2019-03-01T09:00:31+00:00","dateModified":"2024-11-07T12:12:11+00:00","description":"La organizaci\u00f3n, Super Lawyers, entreg\u00f3 su premio anual a los mejores abogados de Washington, y este a\u00f1o, design\u00f3 a Patrick Kang como un &quot;Super Ll\u00e1menos para obtener ayuda inmediata al 206-285-1743","breadcrumb":{"@id":"https:\/\/plg-pllc.com\/awards\/patrick-kang-named-super-lawyer-2019\/#breadcrumb"},"inLanguage":"es","potentialAction":[{"@type":"ReadAction","target":["https:\/\/plg-pllc.com\/awards\/patrick-kang-named-super-lawyer-2019\/"]}]},{"@type":"ImageObject","inLanguage":"es","@id":"https:\/\/plg-pllc.com\/awards\/patrick-kang-named-super-lawyer-2019\/#primaryimage","url":"https:\/\/plg-pllc.com\/wp-content\/uploads\/2019\/02\/rated-by-superlawyers-2019-1.png","contentUrl":"https:\/\/plg-pllc.com\/wp-content\/uploads\/2019\/02\/rated-by-superlawyers-2019-1.png","width":350,"height":321,"caption":"2019 super lawyers"},{"@type":"BreadcrumbList","@id":"https:\/\/plg-pllc.com\/awards\/patrick-kang-named-super-lawyer-2019\/#breadcrumb","itemListElement":[{"@type":"ListItem","position":1,"name":"Home","item":"https:\/\/plg-pllc.com\/es\/"},{"@type":"ListItem","position":2,"name":"Awards","item":"https:\/\/plg-pllc.com\/es\/awards\/"},{"@type":"ListItem","position":3,"name":"Patrick Kang Named Washington \u201cSuper Lawyer\u201d for 2019"}]},{"@type":"WebSite","@id":"https:\/\/plg-pllc.com\/#website","url":"https:\/\/plg-pllc.com\/","name":"Grupo de abogados Premier","description":"Abogado de muerte por negligencia y lesiones graves en Washington","publisher":{"@id":"https:\/\/plg-pllc.com\/#organization"},"inLanguage":"es"},{"@type":"Organization","@id":"https:\/\/plg-pllc.com\/#organization","name":"Grupo de abogados Premier","url":"https:\/\/plg-pllc.com\/","logo":{"@type":"ImageObject","inLanguage":"es","@id":"https:\/\/plg-pllc.com\/#\/schema\/logo\/image\/","url":"https:\/\/plg-pllc.com\/wp-content\/uploads\/2020\/10\/plg-logo-v2.gif","contentUrl":"https:\/\/plg-pllc.com\/wp-content\/uploads\/2020\/10\/plg-logo-v2.gif","width":592,"height":191,"caption":"Premier Law Group"},"image":{"@id":"https:\/\/plg-pllc.com\/#\/schema\/logo\/image\/"},"sameAs":["https:\/\/www.facebook.com\/premierlawgroup","https:\/\/x.com\/premierlawgroup"]}]}},"_links":{"self":[{"href":"https:\/\/plg-pllc.com\/es\/wp-json\/wp\/v2\/pages\/16526","targetHints":{"allow":["GET"]}}],"collection":[{"href":"https:\/\/plg-pllc.com\/es\/wp-json\/wp\/v2\/pages"}],"about":[{"href":"https:\/\/plg-pllc.com\/es\/wp-json\/wp\/v2\/types\/page"}],"author":[{"embeddable":true,"href":"https:\/\/plg-pllc.com\/es\/wp-json\/wp\/v2\/users\/24"}],"replies":[{"embeddable":true,"href":"https:\/\/plg-pllc.com\/es\/wp-json\/wp\/v2\/comments?post=16526"}],"version-history":[{"count":0,"href":"https:\/\/plg-pllc.com\/es\/wp-json\/wp\/v2\/pages\/16526\/revisions"}],"up":[{"embeddable":true,"href":"https:\/\/plg-pllc.com\/es\/wp-json\/wp\/v2\/pages\/20721"}],"wp:featuredmedia":[{"embeddable":true,"href":"https:\/\/plg-pllc.com\/es\/wp-json\/wp\/v2\/media\/16527"}],"wp:attachment":[{"href":"https:\/\/plg-pllc.com\/es\/wp-json\/wp\/v2\/media?parent=16526"}],"wp:term":[{"taxonomy":"hc_faqs","embeddable":true,"href":"https:\/\/plg-pllc.com\/es\/wp-json\/wp\/v2\/hc_faqs?post=16526"}],"curies":[{"name":"gracias","href":"https:\/\/api.w.org\/{rel}","templated":true}]}}