{"id":16555,"date":"2019-03-08T06:33:03","date_gmt":"2019-03-08T14:33:03","guid":{"rendered":"https:\/\/plg-pllc.com\/?p=16555"},"modified":"2024-11-07T04:12:11","modified_gmt":"2024-11-07T12:12:11","slug":"patrick-kang-wins-acq5-2019-law-award-for-employment-lawyer-of-the-year","status":"publish","type":"page","link":"https:\/\/plg-pllc.com\/es\/awards\/patrick-kang-wins-acq15-2019\/","title":{"rendered":"Patrick Kang gana el premio ACQ5 2019 al abogado laboralista del a\u00f1o"},"content":{"rendered":"<p>Con m\u00e1s de 168.000 suscriptores en todo el mundo, ACQ5 es una de las principales revistas de noticias corporativas que ofrece noticias de \u00faltima hora, perspectivas del sector y comentarios provocadores sobre la profesi\u00f3n jur\u00eddica. Durante m\u00e1s de una d\u00e9cada, ACQ5 ha reconocido y celebrado los \u201clogros, la innovaci\u00f3n y la brillantez\u201d en la industria jur\u00eddica al entregar su premio Law Award a abogados excepcionales de todo el mundo. Este a\u00f1o, se recibieron m\u00e1s de 100.000 nominaciones, \u00a1lo que rompi\u00f3 todos los r\u00e9cords anteriores!<\/p>\n<p>Despu\u00e9s de calcular los resultados de la evaluaci\u00f3n, ACQ5 inform\u00f3 a Premier Law que su abogado, Patrick Kang, gan\u00f3 el premio al Abogado Laboral del A\u00f1o 2019 en los Estados Unidos. Es un gran logro porque ACQ5 utiliza un proceso de investigaci\u00f3n riguroso y completo para garantizar que solo los principales l\u00edderes de la industria sean reconocidos. Los candidatos son calificados utilizando criterios como conocimiento y experiencia, reputaci\u00f3n, capacidad de respuesta, confiabilidad e integridad. Los votos son examinados por un panel de jueces y el equipo web de ACQ para garantizar su validez.<\/p>\n<p>Premier Law Group est\u00e1 entusiasmado de que Patrick haya sido reconocido por su destacada labor de defensa de los clientes con problemas laborales, como disputas por salarios y horas, despidos injustificados y acoso sexual. Despu\u00e9s de recibir la buena noticia, Patrick comparti\u00f3: \u201cRepresentar a quienes lo necesitan me da mucha alegr\u00eda. No podr\u00eda hacerlo sin el apoyo de mis colegas, por lo que este premio es un homenaje al trabajo en equipo de nuestra firma\u201d. Premier Law Group se compromete a brindar asesoramiento legal experto con comprensi\u00f3n y compasi\u00f3n a quienes residen en Seattle, Bellevue y las comunidades aleda\u00f1as. Patrick realmente refleja esta misi\u00f3n, \u00a1y PLG lo felicita por este importante logro!<br \/>\n<img loading=\"lazy\" decoding=\"async\" class=\"aligncenter  wp-image-16557\" src=\"https:\/\/plg-pllc.com\/wp-content\/uploads\/2019\/02\/ACQ-2019-Award.png\" alt=\"Premio al mejor abogado de lesiones personales de Premier Law Group 2019\" width=\"627\" height=\"188\" srcset=\"https:\/\/plg-pllc.com\/wp-content\/uploads\/2019\/02\/ACQ-2019-Award.png 1000w, https:\/\/plg-pllc.com\/wp-content\/uploads\/2019\/02\/ACQ-2019-Award-640x192.png 640w, https:\/\/plg-pllc.com\/wp-content\/uploads\/2019\/02\/ACQ-2019-Award-300x90.png 300w, https:\/\/plg-pllc.com\/wp-content\/uploads\/2019\/02\/ACQ-2019-Award-768x230.png 768w\" sizes=\"auto, (max-width: 627px) 100vw, 627px\" \/><\/p>","protected":false},"excerpt":{"rendered":"<p>Con m\u00e1s de 168.000 suscriptores en todo el mundo, ACQ5 es una de las principales revistas de noticias corporativas que ofrece noticias de \u00faltima hora, perspectivas del sector y comentarios provocadores sobre la profesi\u00f3n jur\u00eddica. Durante m\u00e1s de una d\u00e9cada, ACQ5 ha reconocido y celebrado los \u201clogros, la innovaci\u00f3n y la brillantez\u201d en la industria jur\u00eddica al entregar su premio Law Award a abogados excepcionales de todo el mundo. Este premio \u2026<\/p>","protected":false},"author":24,"featured_media":0,"parent":20721,"menu_order":0,"comment_status":"closed","ping_status":"closed","template":"","meta":{"_acf_changed":false,"_genesis_hide_title":false,"_genesis_hide_breadcrumbs":false,"_genesis_hide_singular_image":false,"_genesis_hide_footer_widgets":false,"_genesis_custom_body_class":"","_genesis_custom_post_class":"","_genesis_layout":"","footnotes":""},"hc_faqs":[],"class_list":{"0":"post-16555","1":"page","2":"type-page","3":"status-publish","5":"entry"},"acf":[],"yoast_head":"<!-- This site is optimized with the Yoast SEO plugin v27.4 - https:\/\/yoast.com\/product\/yoast-seo-wordpress\/ -->\n<title>Patrick Kang Wins ACQ5 2019 Law Award for Employment Lawyer of the Year<\/title>\n<meta name=\"description\" content=\"Patrick Kang Wins ACQ5 2019 Law Award for Employment Lawyer of the Year: Premier Law Group helps you unlock the full compensation you deserve. No Fee Unless We Win.\" \/>\n<meta name=\"robots\" content=\"index, follow, max-snippet:-1, max-image-preview:large, max-video-preview:-1\" \/>\n<link rel=\"canonical\" href=\"https:\/\/plg-pllc.com\/es\/awards\/patrick-kang-wins-acq15-2019\/\" \/>\n<meta property=\"og:locale\" content=\"es_MX\" \/>\n<meta property=\"og:type\" content=\"article\" \/>\n<meta property=\"og:title\" content=\"Patrick Kang Wins ACQ5 2019 Law Award for Employment Lawyer of the Year\" \/>\n<meta property=\"og:description\" content=\"Patrick Kang Wins ACQ5 2019 Law Award for Employment Lawyer of the Year: Premier Law Group helps you unlock the full compensation you deserve. No Fee Unless We Win.\" \/>\n<meta property=\"og:url\" content=\"https:\/\/plg-pllc.com\/es\/awards\/patrick-kang-wins-acq15-2019\/\" \/>\n<meta property=\"og:site_name\" content=\"Premier Law Group\" \/>\n<meta property=\"article:publisher\" content=\"https:\/\/www.facebook.com\/premierlawgroup\" \/>\n<meta property=\"article:modified_time\" content=\"2024-11-07T12:12:11+00:00\" \/>\n<meta property=\"og:image\" content=\"https:\/\/plg-pllc.com\/wp-content\/uploads\/2019\/02\/ACQ-2019-Award.png\" \/>\n\t<meta property=\"og:image:width\" content=\"1000\" \/>\n\t<meta property=\"og:image:height\" content=\"300\" \/>\n\t<meta property=\"og:image:type\" content=\"image\/png\" \/>\n<meta name=\"twitter:card\" content=\"summary_large_image\" \/>\n<meta name=\"twitter:site\" content=\"@premierlawgroup\" \/>\n<meta name=\"twitter:label1\" content=\"Tiempo de lectura\" \/>\n\t<meta name=\"twitter:data1\" content=\"1 minuto\" \/>\n<script type=\"application\/ld+json\" class=\"yoast-schema-graph\">{\"@context\":\"https:\\\/\\\/schema.org\",\"@graph\":[{\"@type\":\"WebPage\",\"@id\":\"https:\\\/\\\/plg-pllc.com\\\/awards\\\/patrick-kang-wins-acq15-2019\\\/\",\"url\":\"https:\\\/\\\/plg-pllc.com\\\/awards\\\/patrick-kang-wins-acq15-2019\\\/\",\"name\":\"Patrick Kang Wins ACQ5 2019 Law Award for Employment Lawyer of the Year\",\"isPartOf\":{\"@id\":\"https:\\\/\\\/plg-pllc.com\\\/#website\"},\"primaryImageOfPage\":{\"@id\":\"https:\\\/\\\/plg-pllc.com\\\/awards\\\/patrick-kang-wins-acq15-2019\\\/#primaryimage\"},\"image\":{\"@id\":\"https:\\\/\\\/plg-pllc.com\\\/awards\\\/patrick-kang-wins-acq15-2019\\\/#primaryimage\"},\"thumbnailUrl\":\"https:\\\/\\\/plg-pllc.com\\\/wp-content\\\/uploads\\\/2019\\\/02\\\/ACQ-2019-Award.png\",\"datePublished\":\"2019-03-08T14:33:03+00:00\",\"dateModified\":\"2024-11-07T12:12:11+00:00\",\"description\":\"Patrick Kang Wins ACQ5 2019 Law Award for Employment Lawyer of the Year: Premier Law Group helps you unlock the full compensation you deserve. No Fee Unless We Win.\",\"breadcrumb\":{\"@id\":\"https:\\\/\\\/plg-pllc.com\\\/awards\\\/patrick-kang-wins-acq15-2019\\\/#breadcrumb\"},\"inLanguage\":\"es\",\"potentialAction\":[{\"@type\":\"ReadAction\",\"target\":[\"https:\\\/\\\/plg-pllc.com\\\/awards\\\/patrick-kang-wins-acq15-2019\\\/\"]}]},{\"@type\":\"ImageObject\",\"inLanguage\":\"es\",\"@id\":\"https:\\\/\\\/plg-pllc.com\\\/awards\\\/patrick-kang-wins-acq15-2019\\\/#primaryimage\",\"url\":\"https:\\\/\\\/plg-pllc.com\\\/wp-content\\\/uploads\\\/2019\\\/02\\\/ACQ-2019-Award.png\",\"contentUrl\":\"https:\\\/\\\/plg-pllc.com\\\/wp-content\\\/uploads\\\/2019\\\/02\\\/ACQ-2019-Award.png\"},{\"@type\":\"BreadcrumbList\",\"@id\":\"https:\\\/\\\/plg-pllc.com\\\/awards\\\/patrick-kang-wins-acq15-2019\\\/#breadcrumb\",\"itemListElement\":[{\"@type\":\"ListItem\",\"position\":1,\"name\":\"Home\",\"item\":\"https:\\\/\\\/plg-pllc.com\\\/es\\\/\"},{\"@type\":\"ListItem\",\"position\":2,\"name\":\"Awards\",\"item\":\"https:\\\/\\\/plg-pllc.com\\\/es\\\/awards\\\/\"},{\"@type\":\"ListItem\",\"position\":3,\"name\":\"Patrick Kang Wins ACQ5 2019 Law Award for Employment Lawyer of the Year\"}]},{\"@type\":\"WebSite\",\"@id\":\"https:\\\/\\\/plg-pllc.com\\\/#website\",\"url\":\"https:\\\/\\\/plg-pllc.com\\\/\",\"name\":\"Premier Law Group\",\"description\":\"Washington Wrongful Death and Serious Injury Lawyer\",\"publisher\":{\"@id\":\"https:\\\/\\\/plg-pllc.com\\\/#organization\"},\"inLanguage\":\"es\"},{\"@type\":\"Organization\",\"@id\":\"https:\\\/\\\/plg-pllc.com\\\/#organization\",\"name\":\"Premier Law Group\",\"url\":\"https:\\\/\\\/plg-pllc.com\\\/\",\"logo\":{\"@type\":\"ImageObject\",\"inLanguage\":\"es\",\"@id\":\"https:\\\/\\\/plg-pllc.com\\\/#\\\/schema\\\/logo\\\/image\\\/\",\"url\":\"https:\\\/\\\/plg-pllc.com\\\/wp-content\\\/uploads\\\/2020\\\/10\\\/plg-logo-v2.gif\",\"contentUrl\":\"https:\\\/\\\/plg-pllc.com\\\/wp-content\\\/uploads\\\/2020\\\/10\\\/plg-logo-v2.gif\",\"width\":592,\"height\":191,\"caption\":\"Premier Law Group\"},\"image\":{\"@id\":\"https:\\\/\\\/plg-pllc.com\\\/#\\\/schema\\\/logo\\\/image\\\/\"},\"sameAs\":[\"https:\\\/\\\/www.facebook.com\\\/premierlawgroup\",\"https:\\\/\\\/x.com\\\/premierlawgroup\"]}]}<\/script>\n<!-- \/ Yoast SEO plugin. -->","yoast_head_json":{"title":"Patrick Kang gana el premio ACQ5 2019 al abogado laboralista del a\u00f1o","description":"Patrick Kang gana el premio ACQ5 2019 Law Award como abogado laboralista del a\u00f1o: Premier Law Group lo ayuda a obtener la compensaci\u00f3n total que se merece. No cobramos honorarios a menos que ganemos.","robots":{"index":"index","follow":"follow","max-snippet":"max-snippet:-1","max-image-preview":"max-image-preview:large","max-video-preview":"max-video-preview:-1"},"canonical":"https:\/\/plg-pllc.com\/es\/awards\/patrick-kang-wins-acq15-2019\/","og_locale":"es_MX","og_type":"article","og_title":"Patrick Kang Wins ACQ5 2019 Law Award for Employment Lawyer of the Year","og_description":"Patrick Kang Wins ACQ5 2019 Law Award for Employment Lawyer of the Year: Premier Law Group helps you unlock the full compensation you deserve. No Fee Unless We Win.","og_url":"https:\/\/plg-pllc.com\/es\/awards\/patrick-kang-wins-acq15-2019\/","og_site_name":"Premier Law Group","article_publisher":"https:\/\/www.facebook.com\/premierlawgroup","article_modified_time":"2024-11-07T12:12:11+00:00","og_image":[{"width":1000,"height":300,"url":"https:\/\/plg-pllc.com\/wp-content\/uploads\/2019\/02\/ACQ-2019-Award.png","type":"image\/png"}],"twitter_card":"summary_large_image","twitter_site":"@premierlawgroup","twitter_misc":{"Tiempo de lectura":"1 minuto"},"schema":{"@context":"https:\/\/schema.org","@graph":[{"@type":"WebPage","@id":"https:\/\/plg-pllc.com\/awards\/patrick-kang-wins-acq15-2019\/","url":"https:\/\/plg-pllc.com\/awards\/patrick-kang-wins-acq15-2019\/","name":"Patrick Kang gana el premio ACQ5 2019 al abogado laboralista del a\u00f1o","isPartOf":{"@id":"https:\/\/plg-pllc.com\/#website"},"primaryImageOfPage":{"@id":"https:\/\/plg-pllc.com\/awards\/patrick-kang-wins-acq15-2019\/#primaryimage"},"image":{"@id":"https:\/\/plg-pllc.com\/awards\/patrick-kang-wins-acq15-2019\/#primaryimage"},"thumbnailUrl":"https:\/\/plg-pllc.com\/wp-content\/uploads\/2019\/02\/ACQ-2019-Award.png","datePublished":"2019-03-08T14:33:03+00:00","dateModified":"2024-11-07T12:12:11+00:00","description":"Patrick Kang gana el premio ACQ5 2019 Law Award como abogado laboralista del a\u00f1o: Premier Law Group lo ayuda a obtener la compensaci\u00f3n total que se merece. No cobramos honorarios a menos que ganemos.","breadcrumb":{"@id":"https:\/\/plg-pllc.com\/awards\/patrick-kang-wins-acq15-2019\/#breadcrumb"},"inLanguage":"es","potentialAction":[{"@type":"ReadAction","target":["https:\/\/plg-pllc.com\/awards\/patrick-kang-wins-acq15-2019\/"]}]},{"@type":"ImageObject","inLanguage":"es","@id":"https:\/\/plg-pllc.com\/awards\/patrick-kang-wins-acq15-2019\/#primaryimage","url":"https:\/\/plg-pllc.com\/wp-content\/uploads\/2019\/02\/ACQ-2019-Award.png","contentUrl":"https:\/\/plg-pllc.com\/wp-content\/uploads\/2019\/02\/ACQ-2019-Award.png"},{"@type":"BreadcrumbList","@id":"https:\/\/plg-pllc.com\/awards\/patrick-kang-wins-acq15-2019\/#breadcrumb","itemListElement":[{"@type":"ListItem","position":1,"name":"Home","item":"https:\/\/plg-pllc.com\/es\/"},{"@type":"ListItem","position":2,"name":"Awards","item":"https:\/\/plg-pllc.com\/es\/awards\/"},{"@type":"ListItem","position":3,"name":"Patrick Kang Wins ACQ5 2019 Law Award for Employment Lawyer of the Year"}]},{"@type":"WebSite","@id":"https:\/\/plg-pllc.com\/#website","url":"https:\/\/plg-pllc.com\/","name":"Grupo de abogados Premier","description":"Abogado de muerte por negligencia y lesiones graves en Washington","publisher":{"@id":"https:\/\/plg-pllc.com\/#organization"},"inLanguage":"es"},{"@type":"Organization","@id":"https:\/\/plg-pllc.com\/#organization","name":"Grupo de abogados Premier","url":"https:\/\/plg-pllc.com\/","logo":{"@type":"ImageObject","inLanguage":"es","@id":"https:\/\/plg-pllc.com\/#\/schema\/logo\/image\/","url":"https:\/\/plg-pllc.com\/wp-content\/uploads\/2020\/10\/plg-logo-v2.gif","contentUrl":"https:\/\/plg-pllc.com\/wp-content\/uploads\/2020\/10\/plg-logo-v2.gif","width":592,"height":191,"caption":"Premier Law Group"},"image":{"@id":"https:\/\/plg-pllc.com\/#\/schema\/logo\/image\/"},"sameAs":["https:\/\/www.facebook.com\/premierlawgroup","https:\/\/x.com\/premierlawgroup"]}]}},"_links":{"self":[{"href":"https:\/\/plg-pllc.com\/es\/wp-json\/wp\/v2\/pages\/16555","targetHints":{"allow":["GET"]}}],"collection":[{"href":"https:\/\/plg-pllc.com\/es\/wp-json\/wp\/v2\/pages"}],"about":[{"href":"https:\/\/plg-pllc.com\/es\/wp-json\/wp\/v2\/types\/page"}],"author":[{"embeddable":true,"href":"https:\/\/plg-pllc.com\/es\/wp-json\/wp\/v2\/users\/24"}],"replies":[{"embeddable":true,"href":"https:\/\/plg-pllc.com\/es\/wp-json\/wp\/v2\/comments?post=16555"}],"version-history":[{"count":0,"href":"https:\/\/plg-pllc.com\/es\/wp-json\/wp\/v2\/pages\/16555\/revisions"}],"up":[{"embeddable":true,"href":"https:\/\/plg-pllc.com\/es\/wp-json\/wp\/v2\/pages\/20721"}],"wp:attachment":[{"href":"https:\/\/plg-pllc.com\/es\/wp-json\/wp\/v2\/media?parent=16555"}],"wp:term":[{"taxonomy":"hc_faqs","embeddable":true,"href":"https:\/\/plg-pllc.com\/es\/wp-json\/wp\/v2\/hc_faqs?post=16555"}],"curies":[{"name":"gracias","href":"https:\/\/api.w.org\/{rel}","templated":true}]}}