{"id":16556,"date":"2019-03-15T06:33:03","date_gmt":"2019-03-15T13:33:03","guid":{"rendered":"https:\/\/plg-pllc.com\/?p=16556"},"modified":"2026-03-24T15:16:00","modified_gmt":"2026-03-24T22:16:00","slug":"acq5-2019-law-award-selects-premier-law-group-for-two-honors-u-s-personal-injury-law-firm-of-the-year-and-u-s-client-care-law-firm-of-the-year","status":"publish","type":"page","link":"https:\/\/plg-pllc.com\/es\/awards\/acq5-2019-law-award-selects-premier-law-group-for-personal-injury-law-firm-of-the-year\/","title":{"rendered":"El premio de derecho ACQ5 2019 selecciona a Premier Law Group para dos honores: Firma de abogados de lesiones personales del a\u00f1o en EE. UU. y Firma de abogados de atenci\u00f3n al cliente del a\u00f1o en EE. UU."},"content":{"rendered":"<p>Desde su fundaci\u00f3n, <a href=\"https:\/\/plg-pllc.com\">Grupo de abogados Premier<\/a> Nuestra misi\u00f3n es brindar servicios legales especializados con un toque personalizado. Recibir el <a href=\"https:\/\/acq5.com\/\">ACQ5<\/a> El premio Law Award 2019 para la Firma de Abogados de Lesiones Personales del A\u00f1o de los Estados Unidos, as\u00ed como la Firma de Abogados de Atenci\u00f3n al Cliente del A\u00f1o de los Estados Unidos, afirma el compromiso de PLG de ser una de las firmas de lesiones personales m\u00e1s centradas en el cliente en el pa\u00eds.<\/p>\n<p>Tras conocer el anuncio del premio ACQ5, el socio de PLG, Patrick Kang, coment\u00f3: \u201cNos sentimos sumamente honrados de ser reconocidos por una organizaci\u00f3n de medios tan prestigiosa y global. Nuestro equipo nunca olvida que, cuando nuestros clientes acuden a nosotros, se encuentran en una situaci\u00f3n vulnerable y no solo necesitan asesoramiento legal, sino tambi\u00e9n empat\u00eda. Estos dos premios reconocen la rara combinaci\u00f3n de PLG de brindar un servicio excepcional con atenci\u00f3n y compasi\u00f3n\u201d.<\/p>\n<p>Premier Law Group se dedica a proteger los derechos legales de las personas y familias que residen en el \u00e1rea de Seattle-Bellevue y que han sufrido una lesi\u00f3n personal. Los abogados de PLG saben que recuperarse de un accidente automovil\u00edstico, ser despedido injustamente de un trabajo o lidiar con una lesi\u00f3n resultante de la negligencia de otra persona puede ser extremadamente estresante. \u201cNuestro objetivo es aliviar la mayor cantidad posible de presi\u00f3n para que nuestros clientes puedan concentrarse en su recuperaci\u00f3n y reconstruir sus vidas. Nuestra experiencia nos permite navegar por el sistema legal y obtener la compensaci\u00f3n que nuestros clientes merecen\u201d, explic\u00f3 el socio de PLG, Jason Epstein. \u201cEs un honor ser reconocidos por ACQ5 por nuestros esfuerzos por brindar una atenci\u00f3n excepcional al cliente, y continuaremos cumpliendo con estos altos est\u00e1ndares\u201d.<\/p>\n<p>Con m\u00e1s de 168.000 suscriptores en todo el mundo, ACQ5 es uno de los principales medios de comunicaci\u00f3n corporativos que ofrece noticias de \u00faltima hora, novedades y perspectivas de la industria a los l\u00edderes empresariales. Durante m\u00e1s de una d\u00e9cada, el premio de derecho ACQ5 ha reconocido y celebrado los \u201clogros, la innovaci\u00f3n y la brillantez\u201d en la industria legal en todo el mundo. Premier Law Group se enorgullece de haber sido nombrado por ACQ5 como el bufete de abogados de lesiones personales del a\u00f1o y el bufete de abogados de atenci\u00f3n al cliente del a\u00f1o en los Estados Unidos.<\/p>\n<p><img loading=\"lazy\" decoding=\"async\" class=\"aligncenter wp-image-16557\" src=\"https:\/\/plg-pllc.com\/wp-content\/uploads\/2019\/02\/ACQ-2019-Award.png\" alt=\"Premio al mejor abogado de lesiones personales de Premier Law Group 2019\" width=\"539\" height=\"172\" \/><\/p>","protected":false},"excerpt":{"rendered":"<p>Desde su fundaci\u00f3n, la misi\u00f3n de Premier Law Group ha sido brindar servicios legales especializados con un toque personalizado. Recibir el premio ACQ5 2019 Law Award como Firma de abogados de lesiones personales del a\u00f1o de los Estados Unidos, as\u00ed como el premio a la Firma de abogados de atenci\u00f3n al cliente del a\u00f1o de los Estados Unidos, reafirma el compromiso de PLG de ser uno de los mejores...<\/p>","protected":false},"author":10,"featured_media":16557,"parent":20721,"menu_order":0,"comment_status":"open","ping_status":"open","template":"","meta":{"_acf_changed":false,"_genesis_hide_title":false,"_genesis_hide_breadcrumbs":false,"_genesis_hide_singular_image":false,"_genesis_hide_footer_widgets":false,"_genesis_custom_body_class":"","_genesis_custom_post_class":"","_genesis_layout":"","footnotes":""},"hc_faqs":[],"class_list":{"0":"post-16556","1":"page","2":"type-page","3":"status-publish","4":"has-post-thumbnail","6":"entry"},"acf":[],"yoast_head":"<!-- This site is optimized with the Yoast SEO plugin v27.2 - https:\/\/yoast.com\/product\/yoast-seo-wordpress\/ -->\n<title>ACQ5 2019 Law Award Selects Premier Law Group for Two Honors<\/title>\n<meta name=\"description\" content=\"ACQ5 2019 Law Award Selects Premier Law Group for Two Honors: U.S. Personal Injury Law Firm of the Year and U.S. Client-Care Law Firm of the Year: Premier Law Group helps you unlock the full compensation you deserve. No Fee Unless We Win.\" \/>\n<meta name=\"robots\" content=\"index, follow, max-snippet:-1, max-image-preview:large, max-video-preview:-1\" \/>\n<link rel=\"canonical\" href=\"https:\/\/plg-pllc.com\/es\/awards\/acq5-2019-law-award-selects-premier-law-group-for-personal-injury-law-firm-of-the-year\/\" \/>\n<meta property=\"og:locale\" content=\"es_MX\" \/>\n<meta property=\"og:type\" content=\"article\" \/>\n<meta property=\"og:title\" content=\"ACQ5 2019 Law Award Selects Premier Law Group for Two Honors\" \/>\n<meta property=\"og:description\" content=\"ACQ5 2019 Law Award Selects Premier Law Group for Two Honors: U.S. Personal Injury Law Firm of the Year and U.S. Client-Care Law Firm of the Year: Premier Law Group helps you unlock the full compensation you deserve. No Fee Unless We Win.\" \/>\n<meta property=\"og:url\" content=\"https:\/\/plg-pllc.com\/es\/awards\/acq5-2019-law-award-selects-premier-law-group-for-personal-injury-law-firm-of-the-year\/\" \/>\n<meta property=\"og:site_name\" content=\"Premier Law Group\" \/>\n<meta property=\"article:publisher\" content=\"https:\/\/www.facebook.com\/premierlawgroup\" \/>\n<meta property=\"article:modified_time\" content=\"2026-03-24T22:16:00+00:00\" \/>\n<meta property=\"og:image\" content=\"https:\/\/plg-pllc.com\/wp-content\/uploads\/2019\/02\/ACQ-2019-Award.png\" \/>\n\t<meta property=\"og:image:width\" content=\"1000\" \/>\n\t<meta property=\"og:image:height\" content=\"300\" \/>\n\t<meta property=\"og:image:type\" content=\"image\/png\" \/>\n<meta name=\"twitter:card\" content=\"summary_large_image\" \/>\n<meta name=\"twitter:site\" content=\"@premierlawgroup\" \/>\n<meta name=\"twitter:label1\" content=\"Tiempo de lectura\" \/>\n\t<meta name=\"twitter:data1\" content=\"2 minutos\" \/>\n<script type=\"application\/ld+json\" class=\"yoast-schema-graph\">{\"@context\":\"https:\/\/schema.org\",\"@graph\":[{\"@type\":\"WebPage\",\"@id\":\"https:\/\/plg-pllc.com\/awards\/acq5-2019-law-award-selects-premier-law-group-for-personal-injury-law-firm-of-the-year\/\",\"url\":\"https:\/\/plg-pllc.com\/awards\/acq5-2019-law-award-selects-premier-law-group-for-personal-injury-law-firm-of-the-year\/\",\"name\":\"ACQ5 2019 Law Award Selects Premier Law Group for Two Honors\",\"isPartOf\":{\"@id\":\"https:\/\/plg-pllc.com\/#website\"},\"primaryImageOfPage\":{\"@id\":\"https:\/\/plg-pllc.com\/awards\/acq5-2019-law-award-selects-premier-law-group-for-personal-injury-law-firm-of-the-year\/#primaryimage\"},\"image\":{\"@id\":\"https:\/\/plg-pllc.com\/awards\/acq5-2019-law-award-selects-premier-law-group-for-personal-injury-law-firm-of-the-year\/#primaryimage\"},\"thumbnailUrl\":\"https:\/\/plg-pllc.com\/wp-content\/uploads\/2019\/02\/ACQ-2019-Award.png\",\"datePublished\":\"2019-03-15T13:33:03+00:00\",\"dateModified\":\"2026-03-24T22:16:00+00:00\",\"description\":\"ACQ5 2019 Law Award Selects Premier Law Group for Two Honors: U.S. Personal Injury Law Firm of the Year and U.S. Client-Care Law Firm of the Year: Premier Law Group helps you unlock the full compensation you deserve. No Fee Unless We Win.\",\"breadcrumb\":{\"@id\":\"https:\/\/plg-pllc.com\/awards\/acq5-2019-law-award-selects-premier-law-group-for-personal-injury-law-firm-of-the-year\/#breadcrumb\"},\"inLanguage\":\"es\",\"potentialAction\":[{\"@type\":\"ReadAction\",\"target\":[\"https:\/\/plg-pllc.com\/awards\/acq5-2019-law-award-selects-premier-law-group-for-personal-injury-law-firm-of-the-year\/\"]}]},{\"@type\":\"ImageObject\",\"inLanguage\":\"es\",\"@id\":\"https:\/\/plg-pllc.com\/awards\/acq5-2019-law-award-selects-premier-law-group-for-personal-injury-law-firm-of-the-year\/#primaryimage\",\"url\":\"https:\/\/plg-pllc.com\/wp-content\/uploads\/2019\/02\/ACQ-2019-Award.png\",\"contentUrl\":\"https:\/\/plg-pllc.com\/wp-content\/uploads\/2019\/02\/ACQ-2019-Award.png\",\"width\":1000,\"height\":300,\"caption\":\"Premier Law Group Best Personal Injury Attorney reward 2019\"},{\"@type\":\"BreadcrumbList\",\"@id\":\"https:\/\/plg-pllc.com\/awards\/acq5-2019-law-award-selects-premier-law-group-for-personal-injury-law-firm-of-the-year\/#breadcrumb\",\"itemListElement\":[{\"@type\":\"ListItem\",\"position\":1,\"name\":\"Home\",\"item\":\"https:\/\/plg-pllc.com\/es\/\"},{\"@type\":\"ListItem\",\"position\":2,\"name\":\"Awards\",\"item\":\"https:\/\/plg-pllc.com\/es\/awards\/\"},{\"@type\":\"ListItem\",\"position\":3,\"name\":\"ACQ5 2019 Law Award Selects Premier Law Group for Two Honors: U.S. Personal Injury Law Firm of the Year and U.S. Client-Care Law Firm of the Year\"}]},{\"@type\":\"WebSite\",\"@id\":\"https:\/\/plg-pllc.com\/#website\",\"url\":\"https:\/\/plg-pllc.com\/\",\"name\":\"Premier Law Group\",\"description\":\"Washington Wrongful Death and Serious Injury Lawyer\",\"publisher\":{\"@id\":\"https:\/\/plg-pllc.com\/#organization\"},\"inLanguage\":\"es\"},{\"@type\":\"Organization\",\"@id\":\"https:\/\/plg-pllc.com\/#organization\",\"name\":\"Premier Law Group\",\"url\":\"https:\/\/plg-pllc.com\/\",\"logo\":{\"@type\":\"ImageObject\",\"inLanguage\":\"es\",\"@id\":\"https:\/\/plg-pllc.com\/#\/schema\/logo\/image\/\",\"url\":\"https:\/\/plg-pllc.com\/wp-content\/uploads\/2020\/10\/plg-logo-v2.gif\",\"contentUrl\":\"https:\/\/plg-pllc.com\/wp-content\/uploads\/2020\/10\/plg-logo-v2.gif\",\"width\":592,\"height\":191,\"caption\":\"Premier Law Group\"},\"image\":{\"@id\":\"https:\/\/plg-pllc.com\/#\/schema\/logo\/image\/\"},\"sameAs\":[\"https:\/\/www.facebook.com\/premierlawgroup\",\"https:\/\/x.com\/premierlawgroup\"]}]}<\/script>\n<!-- \/ Yoast SEO plugin. -->","yoast_head_json":{"title":"El premio de derecho ACQ5 2019 selecciona a Premier Law Group para dos distinciones","description":"El premio de derecho ACQ5 2019 selecciona a Premier Law Group para dos honores: Firma de abogados de lesiones personales del a\u00f1o en EE. UU. y Firma de abogados de atenci\u00f3n al cliente del a\u00f1o en EE. UU.: Premier Law Group lo ayuda a obtener la compensaci\u00f3n total que se merece. Sin honorarios a menos que ganemos.","robots":{"index":"index","follow":"follow","max-snippet":"max-snippet:-1","max-image-preview":"max-image-preview:large","max-video-preview":"max-video-preview:-1"},"canonical":"https:\/\/plg-pllc.com\/es\/awards\/acq5-2019-law-award-selects-premier-law-group-for-personal-injury-law-firm-of-the-year\/","og_locale":"es_MX","og_type":"article","og_title":"ACQ5 2019 Law Award Selects Premier Law Group for Two Honors","og_description":"ACQ5 2019 Law Award Selects Premier Law Group for Two Honors: U.S. Personal Injury Law Firm of the Year and U.S. Client-Care Law Firm of the Year: Premier Law Group helps you unlock the full compensation you deserve. No Fee Unless We Win.","og_url":"https:\/\/plg-pllc.com\/es\/awards\/acq5-2019-law-award-selects-premier-law-group-for-personal-injury-law-firm-of-the-year\/","og_site_name":"Premier Law Group","article_publisher":"https:\/\/www.facebook.com\/premierlawgroup","article_modified_time":"2026-03-24T22:16:00+00:00","og_image":[{"width":1000,"height":300,"url":"https:\/\/plg-pllc.com\/wp-content\/uploads\/2019\/02\/ACQ-2019-Award.png","type":"image\/png"}],"twitter_card":"summary_large_image","twitter_site":"@premierlawgroup","twitter_misc":{"Tiempo de lectura":"2 minutos"},"schema":{"@context":"https:\/\/schema.org","@graph":[{"@type":"WebPage","@id":"https:\/\/plg-pllc.com\/awards\/acq5-2019-law-award-selects-premier-law-group-for-personal-injury-law-firm-of-the-year\/","url":"https:\/\/plg-pllc.com\/awards\/acq5-2019-law-award-selects-premier-law-group-for-personal-injury-law-firm-of-the-year\/","name":"El premio de derecho ACQ5 2019 selecciona a Premier Law Group para dos distinciones","isPartOf":{"@id":"https:\/\/plg-pllc.com\/#website"},"primaryImageOfPage":{"@id":"https:\/\/plg-pllc.com\/awards\/acq5-2019-law-award-selects-premier-law-group-for-personal-injury-law-firm-of-the-year\/#primaryimage"},"image":{"@id":"https:\/\/plg-pllc.com\/awards\/acq5-2019-law-award-selects-premier-law-group-for-personal-injury-law-firm-of-the-year\/#primaryimage"},"thumbnailUrl":"https:\/\/plg-pllc.com\/wp-content\/uploads\/2019\/02\/ACQ-2019-Award.png","datePublished":"2019-03-15T13:33:03+00:00","dateModified":"2026-03-24T22:16:00+00:00","description":"El premio de derecho ACQ5 2019 selecciona a Premier Law Group para dos honores: Firma de abogados de lesiones personales del a\u00f1o en EE. UU. y Firma de abogados de atenci\u00f3n al cliente del a\u00f1o en EE. UU.: Premier Law Group lo ayuda a obtener la compensaci\u00f3n total que se merece. Sin honorarios a menos que ganemos.","breadcrumb":{"@id":"https:\/\/plg-pllc.com\/awards\/acq5-2019-law-award-selects-premier-law-group-for-personal-injury-law-firm-of-the-year\/#breadcrumb"},"inLanguage":"es","potentialAction":[{"@type":"ReadAction","target":["https:\/\/plg-pllc.com\/awards\/acq5-2019-law-award-selects-premier-law-group-for-personal-injury-law-firm-of-the-year\/"]}]},{"@type":"ImageObject","inLanguage":"es","@id":"https:\/\/plg-pllc.com\/awards\/acq5-2019-law-award-selects-premier-law-group-for-personal-injury-law-firm-of-the-year\/#primaryimage","url":"https:\/\/plg-pllc.com\/wp-content\/uploads\/2019\/02\/ACQ-2019-Award.png","contentUrl":"https:\/\/plg-pllc.com\/wp-content\/uploads\/2019\/02\/ACQ-2019-Award.png","width":1000,"height":300,"caption":"Premier Law Group Best Personal Injury Attorney reward 2019"},{"@type":"BreadcrumbList","@id":"https:\/\/plg-pllc.com\/awards\/acq5-2019-law-award-selects-premier-law-group-for-personal-injury-law-firm-of-the-year\/#breadcrumb","itemListElement":[{"@type":"ListItem","position":1,"name":"Home","item":"https:\/\/plg-pllc.com\/es\/"},{"@type":"ListItem","position":2,"name":"Awards","item":"https:\/\/plg-pllc.com\/es\/awards\/"},{"@type":"ListItem","position":3,"name":"ACQ5 2019 Law Award Selects Premier Law Group for Two Honors: U.S. Personal Injury Law Firm of the Year and U.S. Client-Care Law Firm of the Year"}]},{"@type":"WebSite","@id":"https:\/\/plg-pllc.com\/#website","url":"https:\/\/plg-pllc.com\/","name":"Grupo de abogados Premier","description":"Abogado de muerte por negligencia y lesiones graves en Washington","publisher":{"@id":"https:\/\/plg-pllc.com\/#organization"},"inLanguage":"es"},{"@type":"Organization","@id":"https:\/\/plg-pllc.com\/#organization","name":"Grupo de abogados Premier","url":"https:\/\/plg-pllc.com\/","logo":{"@type":"ImageObject","inLanguage":"es","@id":"https:\/\/plg-pllc.com\/#\/schema\/logo\/image\/","url":"https:\/\/plg-pllc.com\/wp-content\/uploads\/2020\/10\/plg-logo-v2.gif","contentUrl":"https:\/\/plg-pllc.com\/wp-content\/uploads\/2020\/10\/plg-logo-v2.gif","width":592,"height":191,"caption":"Premier Law Group"},"image":{"@id":"https:\/\/plg-pllc.com\/#\/schema\/logo\/image\/"},"sameAs":["https:\/\/www.facebook.com\/premierlawgroup","https:\/\/x.com\/premierlawgroup"]}]}},"_links":{"self":[{"href":"https:\/\/plg-pllc.com\/es\/wp-json\/wp\/v2\/pages\/16556","targetHints":{"allow":["GET"]}}],"collection":[{"href":"https:\/\/plg-pllc.com\/es\/wp-json\/wp\/v2\/pages"}],"about":[{"href":"https:\/\/plg-pllc.com\/es\/wp-json\/wp\/v2\/types\/page"}],"author":[{"embeddable":true,"href":"https:\/\/plg-pllc.com\/es\/wp-json\/wp\/v2\/users\/10"}],"replies":[{"embeddable":true,"href":"https:\/\/plg-pllc.com\/es\/wp-json\/wp\/v2\/comments?post=16556"}],"version-history":[{"count":0,"href":"https:\/\/plg-pllc.com\/es\/wp-json\/wp\/v2\/pages\/16556\/revisions"}],"up":[{"embeddable":true,"href":"https:\/\/plg-pllc.com\/es\/wp-json\/wp\/v2\/pages\/20721"}],"wp:featuredmedia":[{"embeddable":true,"href":"https:\/\/plg-pllc.com\/es\/wp-json\/wp\/v2\/media\/16557"}],"wp:attachment":[{"href":"https:\/\/plg-pllc.com\/es\/wp-json\/wp\/v2\/media?parent=16556"}],"wp:term":[{"taxonomy":"hc_faqs","embeddable":true,"href":"https:\/\/plg-pllc.com\/es\/wp-json\/wp\/v2\/hc_faqs?post=16556"}],"curies":[{"name":"gracias","href":"https:\/\/api.w.org\/{rel}","templated":true}]}}