{"id":17270,"date":"2024-11-19T00:27:58","date_gmt":"2024-11-19T08:27:58","guid":{"rendered":"https:\/\/plg-pllc.com\/?page_id=17270"},"modified":"2025-10-09T11:35:20","modified_gmt":"2025-10-09T18:35:20","slug":"bellevue-car-accident-lawyer","status":"publish","type":"page","link":"https:\/\/plg-pllc.com\/es\/bellevue\/car-accident-lawyer\/","title":{"rendered":"Abogado de accidentes automovil\u00edsticos en Bellevue"},"content":{"rendered":"<p><span style=\"font-weight: 400;\">Si sufri\u00f3 lesiones en un accidente automovil\u00edstico, probablemente est\u00e9 lidiando con una lesi\u00f3n dolorosa, costosas facturas m\u00e9dicas y otras p\u00e9rdidas graves. Quiz\u00e1s incluso se pregunte c\u00f3mo obtendr\u00e1 una compensaci\u00f3n justa por las p\u00e9rdidas y el dolor causados por el accidente.<\/span><\/p>\n<p><span style=\"font-weight: 400;\">Afortunadamente, un abogado especializado en accidentes automovil\u00edsticos en Bellevue puede brindarle la representaci\u00f3n legal y el apoyo compasivo que necesita para superar este momento dif\u00edcil. En Premier Law Group, nuestro equipo legal cuenta con... <\/span><b>M\u00e1s de 55 a\u00f1os de experiencia combinada<\/b><span style=\"font-weight: 400;\">.<\/span><\/p>\n<p><span style=\"font-weight: 400;\">A<\/span> <a href=\"https:\/\/plg-pllc.com\/\"><span style=\"font-weight: 400;\">Abogado de lesiones personales en Bellevue<\/span><\/a><span style=\"font-weight: 400;\"> Nuestro equipo puede ayudarle con la recuperaci\u00f3n de su accidente de auto. Obtenga m\u00e1s informaci\u00f3n con una revisi\u00f3n de caso GRATUITA.<\/span><\/p>\n<h2>Beneficios de contratar a un abogado especializado en accidentes automovil\u00edsticos en Bellevue<\/h2>\n<p><span style=\"font-weight: 400;\">Si result\u00f3 herido en una colisi\u00f3n causada por otro conductor, probablemente no tenga el tiempo ni la energ\u00eda necesarios para presentar una demanda o reclamo por lesiones personales ganador.<\/span><\/p>\n<p><span style=\"font-weight: 400;\">Incluso si no resultara herido y pudiera concentrarse en el proceso legal, probablemente cometer\u00eda errores que le impedir\u00edan obtener los da\u00f1os que merece.<\/span><\/p>\n<p><span style=\"font-weight: 400;\">Afortunadamente, nuestros abogados especializados en accidentes de auto en Bellevue est\u00e1n aqu\u00ed para gestionar la totalidad de su reclamo. Nos centraremos en su caso para que usted pueda concentrarse en recuperarse de sus lesiones.<\/span><\/p>\n<p><span style=\"font-weight: 400;\">Cuando contrate a un abogado de nuestra firma para su caso, nosotros:<\/span><\/p>\n<ul>\n<li style=\"font-weight: 400;\" aria-level=\"1\"><span style=\"font-weight: 400;\">Explicarle sus derechos legales y ayudarle a comprender cada paso del proceso de reclamaciones.<\/span><\/li>\n<li style=\"font-weight: 400;\" aria-level=\"1\"><span style=\"font-weight: 400;\">Trate con la compa\u00f1\u00eda de seguros de la parte negligente, para no tener que hacerlo usted mismo.<\/span><\/li>\n<li style=\"font-weight: 400;\" aria-level=\"1\"><span style=\"font-weight: 400;\">Investigar el accidente y recopilar registros m\u00e9dicos, informes policiales y declaraciones de testigos.<\/span><\/li>\n<li style=\"font-weight: 400;\" aria-level=\"1\"><span style=\"font-weight: 400;\">Identificar todas las posibles fuentes de compensaci\u00f3n<\/span><\/li>\n<li style=\"font-weight: 400;\" aria-level=\"1\"><span style=\"font-weight: 400;\">Calcule el valor total de su reclamo por accidente, incluidos los costos futuros de atenci\u00f3n m\u00e9dica<\/span><\/li>\n<li style=\"font-weight: 400;\" aria-level=\"1\"><span style=\"font-weight: 400;\">Negociar por el acuerdo m\u00e1s alto disponible<\/span><\/li>\n<li style=\"font-weight: 400;\" aria-level=\"1\"><span style=\"font-weight: 400;\">Prot\u00e9jase de ofertas bajas y otras t\u00e1cticas de seguros deshonestas<\/span><\/li>\n<li style=\"font-weight: 400;\" aria-level=\"1\"><span style=\"font-weight: 400;\">Manejar todo el papeleo, plazos y presentaciones judiciales.<\/span><\/li>\n<li style=\"font-weight: 400;\" aria-level=\"1\"><span style=\"font-weight: 400;\">Lleve su caso a juicio si la compa\u00f1\u00eda de seguros del conductor culpable no paga los da\u00f1os que necesita para superar este momento dif\u00edcil.<\/span><\/li>\n<\/ul>\n<p><span style=\"font-weight: 400;\">Te lo podemos decir <\/span><a href=\"https:\/\/plg-pllc.com\/infographics\/right-car-accident\/\"><span style=\"font-weight: 400;\">Qu\u00e9 hacer inmediatamente despu\u00e9s de un accidente automovil\u00edstico <\/span><\/a><span style=\"font-weight: 400;\">y brindarle el apoyo constante que usted merece en cada paso del camino.\u00a0<\/span><\/p>\n<h2>Contratar a un abogado especializado en lesiones personales puede ayudarle a cumplir con plazos de presentaci\u00f3n importantes<\/h2>\n<p><span style=\"font-weight: 400;\">Contratar a un abogado experto en accidentes automovil\u00edsticos de nuestro equipo tambi\u00e9n le garantizar\u00e1 que cumpla con todos los plazos y requisitos de presentaci\u00f3n.<\/span><a href=\"https:\/\/app.leg.wa.gov\/rcw\/default.aspx?cite=4.16.080\" target=\"_blank\" rel=\"noopener\"> <span style=\"font-weight: 400;\">Ley de Armas Reconstructivas 4.16.080<\/span><\/a><span style=\"font-weight: 400;\">, tienes<\/span><b> tres a\u00f1os<\/b><span style=\"font-weight: 400;\"> desde la fecha de su accidente hasta la demanda.<\/span><\/p>\n<p><span style=\"font-weight: 400;\">Si no presenta una demanda a tiempo, podr\u00eda perder la oportunidad de obtener una indemnizaci\u00f3n. Nuestros abogados pueden cumplir con este plazo y trabajar para obtener la m\u00e1xima indemnizaci\u00f3n.<\/span><\/p>\n<p><span style=\"font-weight: 400;\">Programar una <\/span><b>revisi\u00f3n de caso gratuita<\/b><span style=\"font-weight: 400;\"> Cont\u00e1ctenos hoy para obtener m\u00e1s informaci\u00f3n sobre el plazo de prescripci\u00f3n y c\u00f3mo podemos ayudarle a que su reclamo sea exitoso. Nuestro equipo cuenta con un profundo conocimiento del derecho de lesiones personales y podr\u00e1 presentar su reclamo o demanda correctamente.<\/span><\/p>\n<h2>Da\u00f1os que puede recuperar contratando un seguro despu\u00e9s de un accidente automovil\u00edstico<\/h2>\n<p><span style=\"font-weight: 400;\">Al contratar a un abogado de accidentes de auto en Bellevue de nuestro equipo, nos esforzaremos por identificar todas las formas de compensaci\u00f3n que deber\u00eda recibir en caso de reclamo. Calcularemos el valor total de su reclamo de seguro y lucharemos para obtener la siguiente compensaci\u00f3n:<\/span><\/p>\n<h3>Reparaci\u00f3n o reemplazo de autom\u00f3vil<\/h3>\n<p><span style=\"font-weight: 400;\">En algunos casos, la parte responsable del accidente puede reclamar que usted es responsable de los costos de las reparaciones de su autom\u00f3vil y de los da\u00f1os a la propiedad causados por el incidente.<\/span><\/p>\n<p><span style=\"font-weight: 400;\">Nuestros abogados en el condado de King pueden combatir estos reclamos y luchar por el dinero que necesita para cubrir cualquier gasto de reparaci\u00f3n o reemplazo de autom\u00f3vil.<\/span><\/p>\n<h3>Gastos m\u00e9dicos<\/h3>\n<p><span style=\"font-weight: 400;\">El costo de la atenci\u00f3n m\u00e9dica y la fisioterapia para las v\u00edctimas de accidentes de tr\u00e1fico puede ser extremadamente alto, especialmente cuando se trata de lesiones cerebrales y otras lesiones graves. Para colmo, los peritos de seguros suelen hacer malabarismos para evitar proporcionar la compensaci\u00f3n financiera que necesita para cubrir todas sus facturas.<\/span><\/p>\n<p><span style=\"font-weight: 400;\">Afortunadamente, nuestros abogados de accidentes automovil\u00edsticos de Bellevue pueden navegar el proceso legal de manera efectiva y luchar por un acuerdo justo incluso para los m\u00e1s necesitados. <\/span><b>lesiones catastr\u00f3ficas<\/b><span style=\"font-weight: 400;\">.<\/span><\/p>\n<p><span style=\"font-weight: 400;\">Ya sea que haya sufrido una lesi\u00f3n cerebral traum\u00e1tica, una lesi\u00f3n de la m\u00e9dula espinal u otro tipo de lesi\u00f3n, puede contar con nuestra firma para obtener los resultados que se merece.<\/span><\/p>\n<h3>P\u00e9rdida de ingresos<\/h3>\n<p><span style=\"font-weight: 400;\">Si sufri\u00f3 una lesi\u00f3n en un accidente de auto, cami\u00f3n u otro tipo de accidente automovil\u00edstico, probablemente est\u00e9 lidiando con la p\u00e9rdida de ingresos por d\u00edas de trabajo perdidos. En un momento como este, probablemente le preocupe c\u00f3mo podr\u00e1 mantenerse a s\u00ed mismo y a su familia.<\/span><\/p>\n<p><span style=\"font-weight: 400;\">No se asuste. Nuestro equipo altamente capacitado puede usar sus recibos de sueldo y otros documentos relacionados con sus ingresos para obtener una compensaci\u00f3n por la p\u00e9rdida de ingresos y la reducci\u00f3n de su capacidad de generar ingresos. Con nuestro apoyo, podr\u00e1 mantenerse a flote durante este per\u00edodo de incertidumbre.<\/span><\/p>\n<h3>Dolor y sufrimiento<\/h3>\n<p><span style=\"font-weight: 400;\">Un accidente automovil\u00edstico puede afectarle f\u00edsica, emocional y psicol\u00f3gicamente. El dolor y el sufrimiento que experimenta pueden da\u00f1ar sus relaciones con familiares y amigos, dificultando que disfrute de la vida.<\/span><\/p>\n<p><span style=\"font-weight: 400;\">Si est\u00e1 lidiando con dolor, angustia mental, sufrimiento emocional, p\u00e9rdida de disfrute u otros desaf\u00edos intangibles, su abogado puede solicitar da\u00f1os y perjuicios por ellos en su demanda.<\/span><\/p>\n\n        <div class=\"rs-content-cta long\">\n            <p>Para una consulta legal GRATUITA con un abogado de accidentes automovil\u00edsticos que preste servicios en Bellevue, llame al <a href=\"tel:+12062851743\">(206) 285-1743 <\/a><\/p>\n            <a href=\"https:\/\/plg-pllc.com\/es\/contact-us\/\" title=\"OBTENGA UNA EVALUACI\u00d3N DE CASO GRATUITA\" class=\"btn-global\">OBTENGA UNA EVALUACI\u00d3N DE CASO GRATUITA<\/a>\n                    <picture>\n                            <source srcset=\"https:\/\/plg-pllc.com\/wp-content\/themes\/plg-pllc-redesign\/assets\/app\/img\/cta-thumb.webp\" type=\"image\/webp\"\/>\n                            <img src=\"https:\/\/plg-pllc.com\/wp-content\/themes\/plg-pllc-redesign\/assets\/app\/img\/cta-thumb.png\" alt=\"Grupo de abogados Premier\" title=\"Grupo de abogados Premier\" width=\"245\" height=\"220\" loading=\"auto\" fetchpriority=\"auto\" decoding=\"async\"\/>\n        <\/picture>\n        \n        <\/div><h2>No hay honorarios a menos que ganemos su caso<\/h2>\n<p><span style=\"font-weight: 400;\">Otra ventaja que disfrutar\u00e1s al contratarnos es <\/span><b>representaci\u00f3n de honorarios de contingencia<\/b><span style=\"font-weight: 400;\">Despu\u00e9s de un accidente automovil\u00edstico, probablemente no est\u00e9 dispuesto a gastar a\u00fan m\u00e1s dinero en un abogado costoso. Afortunadamente, nuestro equipo no cobra gastos iniciales ni de bolsillo.<\/span><\/p>\n<p><span style=\"font-weight: 400;\">En cambio, tomaremos un porcentaje de la indemnizaci\u00f3n que reciba de la parte responsable. De esta manera, no tendr\u00e1 que asumir ning\u00fan riesgo financiero para obtener la ayuda de un abogado con experiencia en accidentes de tr\u00e1fico de nuestra firma.<\/span><\/p>\n<h2>Podemos ayudar despu\u00e9s de un accidente fatal en el estado de Washington<\/h2>\n<p><span style=\"font-weight: 400;\">Un compasivo<\/span> <a href=\"https:\/\/plg-pllc.com\/bellevue\/wrongful-death-lawyer\/\"><span style=\"font-weight: 400;\">Abogado de muerte por negligencia en Bellevue<\/span><\/a><span style=\"font-weight: 400;\"> Desde nuestro bufete de abogados podemos brindarle a su familia <\/span><b>el apoyo que necesitas<\/b><span style=\"font-weight: 400;\"> Tras la p\u00e9rdida de un ser querido, un abogado especializado en lesiones personales de nuestro equipo puede gestionar todos los desaf\u00edos legales que enfrenta en esta situaci\u00f3n, brind\u00e1ndole m\u00e1s tiempo para concentrarse en atender las necesidades emocionales de su familia.<\/span><\/p>\n<h2>Contr\u00e1tenos inmediatamente despu\u00e9s de un accidente automovil\u00edstico<\/h2>\n<p><span style=\"font-weight: 400;\">Si un conductor condujo distra\u00eddo, se salt\u00f3 las se\u00f1ales de tr\u00e1fico a exceso de velocidad o cometi\u00f3 otro acto negligente que le caus\u00f3 lesiones, tiene derecho a solicitar una indemnizaci\u00f3n. Al contratar a un abogado con experiencia en accidentes de auto en Bellevue de nuestro equipo, puede aumentar sus posibilidades de recibir una indemnizaci\u00f3n completa.<\/span><\/p>\n<p><span style=\"font-weight: 400;\">En Premier Law Group, contamos con un impresionante historial de \u00e9xito en reclamos por lesiones personales. En nuestra firma, decimos:<\/span><b>Cuando te golpean<\/b><span style=\"font-weight: 400;\">,<\/span><b> Nosotros contraatacamos m\u00e1s fuerte<\/b><span style=\"font-weight: 400;\">.\u201d<\/span><\/p>\n<p><span style=\"font-weight: 400;\">Nuestro equipo trabajar\u00e1 incansablemente para obtener la indemnizaci\u00f3n que necesita para seguir adelante. Cont\u00e1ctenos hoy mismo para programar una revisi\u00f3n GRATUITA de su caso y obtener m\u00e1s informaci\u00f3n. Tambi\u00e9n podemos ayudarle con otros casos, como reclamos por resbalones y ca\u00eddas o accidentes laborales.<\/span><\/p>\n\n        <div class=\"rs-content-cta\">\n            <p>Llamar o enviar mensaje de texto <a href=\"tel:+12062851743\">(206) 285-1743<\/a> o complete un formulario de evaluaci\u00f3n de caso gratuito<\/p>\n            <a href=\"https:\/\/plg-pllc.com\/es\/contact-us\/\" title=\"OBTENGA UNA EVALUACI\u00d3N DE CASO GRATUITA\" class=\"btn-global\">OBTENGA UNA EVALUACI\u00d3N DE CASO GRATUITA<\/a>\n                    <picture>\n                            <source srcset=\"https:\/\/plg-pllc.com\/wp-content\/themes\/plg-pllc-redesign\/assets\/app\/img\/cta-thumb.webp\" type=\"image\/webp\"\/>\n                            <img src=\"https:\/\/plg-pllc.com\/wp-content\/themes\/plg-pllc-redesign\/assets\/app\/img\/cta-thumb.png\" alt=\"Grupo de abogados Premier\" title=\"Grupo de abogados Premier\" width=\"245\" height=\"220\" loading=\"auto\" fetchpriority=\"auto\" decoding=\"async\"\/>\n        <\/picture>\n        \n        <\/div>","protected":false},"excerpt":{"rendered":"<p>Si sufri\u00f3 lesiones en un accidente automovil\u00edstico, probablemente est\u00e9 lidiando con una lesi\u00f3n dolorosa, costosas facturas m\u00e9dicas y otras p\u00e9rdidas graves. Quiz\u00e1s incluso se pregunte c\u00f3mo obtendr\u00e1 una compensaci\u00f3n justa por las p\u00e9rdidas y el dolor relacionados con el accidente. Afortunadamente, un abogado especializado en accidentes automovil\u00edsticos de Bellevue puede brindarle la representaci\u00f3n legal y el apoyo compasivo que necesita.<\/p>","protected":false},"author":10,"featured_media":0,"parent":18067,"menu_order":0,"comment_status":"closed","ping_status":"closed","template":"","meta":{"_acf_changed":false,"_genesis_hide_title":false,"_genesis_hide_breadcrumbs":false,"_genesis_hide_singular_image":false,"_genesis_hide_footer_widgets":false,"_genesis_custom_body_class":"","_genesis_custom_post_class":"","_genesis_layout":"","footnotes":""},"hc_faqs":[],"class_list":{"0":"post-17270","1":"page","2":"type-page","3":"status-publish","5":"hc_city_location-bellevue","6":"entry","7":"has-post-thumbnail"},"acf":[],"yoast_head":"<!-- This site is optimized with the Yoast SEO plugin v27.4 - https:\/\/yoast.com\/product\/yoast-seo-wordpress\/ -->\n<title>Car Accident Lawyer in Bellevue | Free Case Review<\/title>\n<meta name=\"description\" content=\"You can get professional help from an attorney after a crash. A Bellevue car accident lawyer can build your claim for compensation.\" \/>\n<meta name=\"robots\" content=\"index, follow, max-snippet:-1, max-image-preview:large, max-video-preview:-1\" \/>\n<link rel=\"canonical\" href=\"https:\/\/plg-pllc.com\/es\/bellevue\/car-accident-lawyer\/\" \/>\n<meta property=\"og:locale\" content=\"es_MX\" \/>\n<meta property=\"og:type\" content=\"article\" \/>\n<meta property=\"og:title\" content=\"Car Accident Lawyer in Bellevue | Free Case Review\" \/>\n<meta property=\"og:description\" content=\"You can get professional help from an attorney after a crash. A Bellevue car accident lawyer can build your claim for compensation.\" \/>\n<meta property=\"og:url\" content=\"https:\/\/plg-pllc.com\/es\/bellevue\/car-accident-lawyer\/\" \/>\n<meta property=\"og:site_name\" content=\"Premier Law Group\" \/>\n<meta property=\"article:publisher\" content=\"https:\/\/www.facebook.com\/premierlawgroup\" \/>\n<meta property=\"article:modified_time\" content=\"2025-10-09T18:35:20+00:00\" \/>\n<meta name=\"twitter:card\" content=\"summary_large_image\" \/>\n<meta name=\"twitter:site\" content=\"@premierlawgroup\" \/>\n<meta name=\"twitter:label1\" content=\"Tiempo de lectura\" \/>\n\t<meta name=\"twitter:data1\" content=\"5 minutos\" \/>\n<script type=\"application\/ld+json\" class=\"yoast-schema-graph\">{\"@context\":\"https:\\\/\\\/schema.org\",\"@graph\":[{\"@type\":\"WebPage\",\"@id\":\"https:\\\/\\\/plg-pllc.com\\\/bellevue\\\/car-accident-lawyer\\\/\",\"url\":\"https:\\\/\\\/plg-pllc.com\\\/bellevue\\\/car-accident-lawyer\\\/\",\"name\":\"Car Accident Lawyer in Bellevue | Free Case Review\",\"isPartOf\":{\"@id\":\"https:\\\/\\\/plg-pllc.com\\\/#website\"},\"datePublished\":\"2024-11-19T08:27:58+00:00\",\"dateModified\":\"2025-10-09T18:35:20+00:00\",\"description\":\"You can get professional help from an attorney after a crash. A Bellevue car accident lawyer can build your claim for compensation.\",\"breadcrumb\":{\"@id\":\"https:\\\/\\\/plg-pllc.com\\\/bellevue\\\/car-accident-lawyer\\\/#breadcrumb\"},\"inLanguage\":\"es\",\"potentialAction\":[{\"@type\":\"ReadAction\",\"target\":[\"https:\\\/\\\/plg-pllc.com\\\/bellevue\\\/car-accident-lawyer\\\/\"]}]},{\"@type\":\"BreadcrumbList\",\"@id\":\"https:\\\/\\\/plg-pllc.com\\\/bellevue\\\/car-accident-lawyer\\\/#breadcrumb\",\"itemListElement\":[{\"@type\":\"ListItem\",\"position\":1,\"name\":\"Home\",\"item\":\"https:\\\/\\\/plg-pllc.com\\\/es\\\/\"},{\"@type\":\"ListItem\",\"position\":2,\"name\":\"Bellevue Personal Injury Lawyer\",\"item\":\"https:\\\/\\\/plg-pllc.com\\\/es\\\/\"},{\"@type\":\"ListItem\",\"position\":3,\"name\":\"Bellevue Car Accident Lawyer\"}]},{\"@type\":\"WebSite\",\"@id\":\"https:\\\/\\\/plg-pllc.com\\\/#website\",\"url\":\"https:\\\/\\\/plg-pllc.com\\\/\",\"name\":\"Premier Law Group\",\"description\":\"Washington Wrongful Death and Serious Injury Lawyer\",\"publisher\":{\"@id\":\"https:\\\/\\\/plg-pllc.com\\\/#organization\"},\"inLanguage\":\"es\"},{\"@type\":\"Organization\",\"@id\":\"https:\\\/\\\/plg-pllc.com\\\/#organization\",\"name\":\"Premier Law Group\",\"url\":\"https:\\\/\\\/plg-pllc.com\\\/\",\"logo\":{\"@type\":\"ImageObject\",\"inLanguage\":\"es\",\"@id\":\"https:\\\/\\\/plg-pllc.com\\\/#\\\/schema\\\/logo\\\/image\\\/\",\"url\":\"https:\\\/\\\/plg-pllc.com\\\/wp-content\\\/uploads\\\/2020\\\/10\\\/plg-logo-v2.gif\",\"contentUrl\":\"https:\\\/\\\/plg-pllc.com\\\/wp-content\\\/uploads\\\/2020\\\/10\\\/plg-logo-v2.gif\",\"width\":592,\"height\":191,\"caption\":\"Premier Law Group\"},\"image\":{\"@id\":\"https:\\\/\\\/plg-pllc.com\\\/#\\\/schema\\\/logo\\\/image\\\/\"},\"sameAs\":[\"https:\\\/\\\/www.facebook.com\\\/premierlawgroup\",\"https:\\\/\\\/x.com\\\/premierlawgroup\"]}]}<\/script>\n<!-- \/ Yoast SEO plugin. -->","yoast_head_json":{"title":"Abogado de accidentes de tr\u00e1fico en Bellevue | Revisi\u00f3n gratuita de casos","description":"Puede obtener ayuda profesional de un abogado despu\u00e9s de un accidente. Un abogado especializado en accidentes de auto en Bellevue puede preparar su reclamaci\u00f3n de indemnizaci\u00f3n.","robots":{"index":"index","follow":"follow","max-snippet":"max-snippet:-1","max-image-preview":"max-image-preview:large","max-video-preview":"max-video-preview:-1"},"canonical":"https:\/\/plg-pllc.com\/es\/bellevue\/car-accident-lawyer\/","og_locale":"es_MX","og_type":"article","og_title":"Car Accident Lawyer in Bellevue | Free Case Review","og_description":"You can get professional help from an attorney after a crash. A Bellevue car accident lawyer can build your claim for compensation.","og_url":"https:\/\/plg-pllc.com\/es\/bellevue\/car-accident-lawyer\/","og_site_name":"Premier Law Group","article_publisher":"https:\/\/www.facebook.com\/premierlawgroup","article_modified_time":"2025-10-09T18:35:20+00:00","twitter_card":"summary_large_image","twitter_site":"@premierlawgroup","twitter_misc":{"Tiempo de lectura":"5 minutos"},"schema":{"@context":"https:\/\/schema.org","@graph":[{"@type":"WebPage","@id":"https:\/\/plg-pllc.com\/bellevue\/car-accident-lawyer\/","url":"https:\/\/plg-pllc.com\/bellevue\/car-accident-lawyer\/","name":"Abogado de accidentes de tr\u00e1fico en Bellevue | Revisi\u00f3n gratuita de casos","isPartOf":{"@id":"https:\/\/plg-pllc.com\/#website"},"datePublished":"2024-11-19T08:27:58+00:00","dateModified":"2025-10-09T18:35:20+00:00","description":"Puede obtener ayuda profesional de un abogado despu\u00e9s de un accidente. Un abogado especializado en accidentes de auto en Bellevue puede preparar su reclamaci\u00f3n de indemnizaci\u00f3n.","breadcrumb":{"@id":"https:\/\/plg-pllc.com\/bellevue\/car-accident-lawyer\/#breadcrumb"},"inLanguage":"es","potentialAction":[{"@type":"ReadAction","target":["https:\/\/plg-pllc.com\/bellevue\/car-accident-lawyer\/"]}]},{"@type":"BreadcrumbList","@id":"https:\/\/plg-pllc.com\/bellevue\/car-accident-lawyer\/#breadcrumb","itemListElement":[{"@type":"ListItem","position":1,"name":"Home","item":"https:\/\/plg-pllc.com\/es\/"},{"@type":"ListItem","position":2,"name":"Bellevue Personal Injury Lawyer","item":"https:\/\/plg-pllc.com\/es\/"},{"@type":"ListItem","position":3,"name":"Bellevue Car Accident Lawyer"}]},{"@type":"WebSite","@id":"https:\/\/plg-pllc.com\/#website","url":"https:\/\/plg-pllc.com\/","name":"Grupo de abogados Premier","description":"Abogado de muerte por negligencia y lesiones graves en Washington","publisher":{"@id":"https:\/\/plg-pllc.com\/#organization"},"inLanguage":"es"},{"@type":"Organization","@id":"https:\/\/plg-pllc.com\/#organization","name":"Grupo de abogados Premier","url":"https:\/\/plg-pllc.com\/","logo":{"@type":"ImageObject","inLanguage":"es","@id":"https:\/\/plg-pllc.com\/#\/schema\/logo\/image\/","url":"https:\/\/plg-pllc.com\/wp-content\/uploads\/2020\/10\/plg-logo-v2.gif","contentUrl":"https:\/\/plg-pllc.com\/wp-content\/uploads\/2020\/10\/plg-logo-v2.gif","width":592,"height":191,"caption":"Premier Law Group"},"image":{"@id":"https:\/\/plg-pllc.com\/#\/schema\/logo\/image\/"},"sameAs":["https:\/\/www.facebook.com\/premierlawgroup","https:\/\/x.com\/premierlawgroup"]}]}},"_links":{"self":[{"href":"https:\/\/plg-pllc.com\/es\/wp-json\/wp\/v2\/pages\/17270","targetHints":{"allow":["GET"]}}],"collection":[{"href":"https:\/\/plg-pllc.com\/es\/wp-json\/wp\/v2\/pages"}],"about":[{"href":"https:\/\/plg-pllc.com\/es\/wp-json\/wp\/v2\/types\/page"}],"author":[{"embeddable":true,"href":"https:\/\/plg-pllc.com\/es\/wp-json\/wp\/v2\/users\/10"}],"replies":[{"embeddable":true,"href":"https:\/\/plg-pllc.com\/es\/wp-json\/wp\/v2\/comments?post=17270"}],"version-history":[{"count":0,"href":"https:\/\/plg-pllc.com\/es\/wp-json\/wp\/v2\/pages\/17270\/revisions"}],"up":[{"embeddable":true,"href":"https:\/\/plg-pllc.com\/es\/wp-json\/wp\/v2\/pages\/18067"}],"wp:attachment":[{"href":"https:\/\/plg-pllc.com\/es\/wp-json\/wp\/v2\/media?parent=17270"}],"wp:term":[{"taxonomy":"hc_faqs","embeddable":true,"href":"https:\/\/plg-pllc.com\/es\/wp-json\/wp\/v2\/hc_faqs?post=17270"}],"curies":[{"name":"gracias","href":"https:\/\/api.w.org\/{rel}","templated":true}]}}