{"id":17273,"date":"2019-11-25T09:27:35","date_gmt":"2019-11-25T17:27:35","guid":{"rendered":"https:\/\/plg-pllc.com\/?page_id=17273"},"modified":"2025-06-10T06:34:44","modified_gmt":"2025-06-10T13:34:44","slug":"bellevue-truck-accident-lawyer","status":"publish","type":"page","link":"https:\/\/plg-pllc.com\/es\/bellevue\/truck-accident-lawyer\/","title":{"rendered":"Abogado de accidentes de camiones en Bellevue"},"content":{"rendered":"<p><span style=\"font-weight: 400;\">Los camiones comerciales grandes y los tr\u00e1ileres pueden ser mortales si son conducidos por operadores negligentes o inexpertos. Un solo accidente de cami\u00f3n puede acarrear lesiones catastr\u00f3ficas, semanas o meses de recuperaci\u00f3n, enormes gastos m\u00e9dicos y una deuda creciente.\u00a0<\/span><\/p>\n<p><span style=\"font-weight: 400;\">Est\u00e1s herido, no puedes trabajar y no sabes qu\u00e9 hacer. No te parece justo que el accidente ni siquiera haya sido tu culpa. Estamos de acuerdo. Nuestros abogados de accidentes de cami\u00f3n en Bellevue pueden ayudarte a responsabilizar a la parte responsable y a obtener la indemnizaci\u00f3n que mereces.<\/span><\/p>\n<p><span style=\"font-weight: 400;\">Nuestro equipo en Premier Law Group tiene <\/span><b>M\u00e1s de 55 a\u00f1os de experiencia legal combinada<\/b><span style=\"font-weight: 400;\">. Dejemos que nuestro <\/span><a href=\"https:\/\/plg-pllc.com\/\"><span style=\"font-weight: 400;\">Abogados de lesiones personales en Bellevue<\/span><\/a><span style=\"font-weight: 400;\"> Nos encargamos de sus asuntos legales tras una colisi\u00f3n con un cami\u00f3n comercial. Llame hoy mismo para programar una consulta gratuita y cu\u00e9ntenos su caso.\u00a0<\/span><\/p>\n<h2>C\u00f3mo puede ayudar un abogado especializado en accidentes de camiones<\/h2>\n<p><span style=\"font-weight: 400;\">Nuestros abogados saben que obtener una indemnizaci\u00f3n por da\u00f1os y perjuicios tras un accidente de cami\u00f3n puede ser estresante y dif\u00edcil. Ofrecemos representaci\u00f3n legal personalizada y dedicada a las v\u00edctimas de accidentes de cami\u00f3n y a sus familias.\u00a0<\/span><\/p>\n<p><span style=\"font-weight: 400;\">Algunos de los<\/span><b> beneficios de contratar a nuestros abogados de accidentes de camiones<\/b><span style=\"font-weight: 400;\"> incluir:<\/span><\/p>\n<h3>Orientaci\u00f3n legal<\/h3>\n<p><span style=\"font-weight: 400;\">No todos los abogados de lesiones personales saben c\u00f3mo tratar con las compa\u00f1\u00edas de transporte y sus aseguradoras. Utilizamos nuestra experiencia, conocimientos legales y perspectivas para ayudarle a recibir una compensaci\u00f3n justa que marque la diferencia en su vida.\u00a0<\/span><\/p>\n<p><span style=\"font-weight: 400;\">Podemos:<\/span><\/p>\n<ul>\n<li style=\"font-weight: 400;\" aria-level=\"1\"><span style=\"font-weight: 400;\">Educarle sobre las regulaciones de transporte por carretera y c\u00f3mo se aplican a su caso.<\/span><\/li>\n<li style=\"font-weight: 400;\" aria-level=\"1\"><span style=\"font-weight: 400;\">Le guiaremos a trav\u00e9s del proceso de reclamos por lesiones personales.<\/span><\/li>\n<li style=\"font-weight: 400;\" aria-level=\"1\"><span style=\"font-weight: 400;\">Comunicarnos con usted regularmente para asegurarnos de que comprenda su caso a medida que avanza.<\/span><\/li>\n<\/ul>\n<p><span style=\"font-weight: 400;\">Nos aseguraremos de que conozca sus opciones y sepa c\u00f3mo proceder si est\u00e1 listo para solicitar una compensaci\u00f3n de un camionero, fabricante de camiones u otras partes responsables de su accidente de cami\u00f3n.<\/span><\/p>\n<h3>Investigaci\u00f3n de accidentes<\/h3>\n<p><span style=\"font-weight: 400;\">Nuestros abogados de accidentes de cami\u00f3n en Bellevue investigar\u00e1n su accidente para determinar qu\u00e9 sucedi\u00f3 y qui\u00e9n es responsable de sus p\u00e9rdidas. Podemos contratar expertos de diversos \u00e1mbitos, como expertos en reconstrucci\u00f3n de accidentes, para ayudarle en este proceso.\u00a0<\/span><\/p>\n<p><span style=\"font-weight: 400;\">Podemos consultar informes policiales, grabaciones de c\u00e1maras de tablero, testimonios de testigos y otras pruebas para determinar la responsabilidad de su accidente. A partir de ah\u00ed, podemos presentar su reclamo e iniciar el proceso de obtenci\u00f3n de una indemnizaci\u00f3n.\u00a0<\/span><\/p>\n<h3>Evaluaci\u00f3n de da\u00f1os<\/h3>\n<p><span style=\"font-weight: 400;\">Nuestros abogados le atender\u00e1n <\/span><b>evaluar sus p\u00e9rdidas actuales y futuras<\/b><span style=\"font-weight: 400;\">Le explicaremos qu\u00e9 da\u00f1os econ\u00f3micos y no econ\u00f3micos podr\u00edan aplicarse a su caso y determinaremos la indemnizaci\u00f3n m\u00e1xima que podemos utilizar para su acuerdo y negociaci\u00f3n.<\/span><\/p>\n<h3>Negociaci\u00f3n de acuerdos<\/h3>\n<p><span style=\"font-weight: 400;\">Nuestro trabajo es conseguirle una indemnizaci\u00f3n cuantiosa. Como parte de nuestros esfuerzos, exploramos todas las v\u00edas legales para obtener una indemnizaci\u00f3n. Si las negociaciones extrajudiciales fracasan, podemos presentar una demanda por lesiones personales.<\/span> <span style=\"font-weight: 400;\">para litigar su caso.<\/span><\/p>\n<h2>\u00bfCu\u00e1nto cuesta un abogado de accidentes de camiones en Bellevue?<\/h2>\n<p><span style=\"font-weight: 400;\">Nuestros abogados trabajan en un <\/span><a href=\"https:\/\/legal-dictionary.tfd.com\/contingency+fee\" target=\"_blank\" rel=\"noopener\"><span style=\"font-weight: 400;\">honorarios de contingencia<\/span><\/a><span style=\"font-weight: 400;\"> Lo que significa que deducimos nuestros costos de su indemnizaci\u00f3n o acuerdo final. No paga nada por adelantado y solo paga cuando ganamos. <\/span><b>Si no lo hacemos<\/b>&#039;<b>mellizo<\/b>,<b> tu no<\/b>&#039;<b>no pagar<\/b>.<\/p>\n<p><span style=\"font-weight: 400;\">Esto hace que nuestros servicios sean asequibles para casi cualquier persona. Las compa\u00f1\u00edas de seguros cuentan con equipos de abogados expertos que luchan por sus intereses. \u00bfNo es justo que usted tenga lo mismo? Al contratar a nuestra firma, se asegura una defensa justa.\u00a0<\/span><\/p>\n<h2>\u00bfCu\u00e1nto vale un caso de accidente de cami\u00f3n en Bellevue?<\/h2>\n<p><span style=\"font-weight: 400;\">Nuestros abogados de accidentes de cami\u00f3n en Bellevue comprenden c\u00f3mo los ajustadores de seguros reducen su indemnizaci\u00f3n y el valor de su caso. Nos aseguraremos de que se cubran todos sus da\u00f1os, incluyendo:<\/span><\/p>\n<h3>Costos de atenci\u00f3n m\u00e9dica<\/h3>\n<p><span style=\"font-weight: 400;\">Los da\u00f1os pueden ser extremos cuando un cami\u00f3n y un autom\u00f3vil de pasajeros chocan. <\/span><b>lesiones comunes<\/b><span style=\"font-weight: 400;\"> En un accidente de cami\u00f3n se incluyen:<\/span><\/p>\n<ul>\n<li style=\"font-weight: 400;\" aria-level=\"1\"><span style=\"font-weight: 400;\">Lesi\u00f3n cerebral traum\u00e1tica<\/span><\/li>\n<li style=\"font-weight: 400;\" aria-level=\"1\"><span style=\"font-weight: 400;\">Lesiones de la m\u00e9dula espinal<\/span><\/li>\n<li style=\"font-weight: 400;\" aria-level=\"1\"><span style=\"font-weight: 400;\">Lesiones internas<\/span><\/li>\n<li style=\"font-weight: 400;\" aria-level=\"1\"><span style=\"font-weight: 400;\">Huesos rotos<\/span><\/li>\n<li style=\"font-weight: 400;\" aria-level=\"1\"><span style=\"font-weight: 400;\">Laceraciones<\/span><\/li>\n<\/ul>\n<p><span style=\"font-weight: 400;\">Responsabilizamos a la parte culpable de su atenci\u00f3n de emergencia, medicamentos, cirug\u00edas, fisioterapia y otros gastos m\u00e9dicos.<\/span><\/p>\n<h3>Da\u00f1os a la propiedad<\/h3>\n<p><span style=\"font-weight: 400;\">Tras una colisi\u00f3n con un veh\u00edculo comercial, podr\u00eda tener que afrontar costosas facturas para reparar o reemplazar su veh\u00edculo. Ayudamos a las v\u00edctimas de accidentes de cami\u00f3n a obtener el dinero que necesitan para reparar su veh\u00edculo o adquirir uno nuevo tras un accidente.<\/span><\/p>\n<h3>Salarios perdidos<\/h3>\n<p><span style=\"font-weight: 400;\">Es posible que necesite tiempo libre del trabajo despu\u00e9s de un choque frontal, trasero, lateral o vuelco con un cami\u00f3n. Nuestro bufete de abogados especializado en lesiones personales puede ayudarle a obtener dinero para compensar la p\u00e9rdida de ingresos y la disminuci\u00f3n de su potencial de ingresos.<\/span><\/p>\n<h3>Dolor y sufrimiento<\/h3>\n<p><span style=\"font-weight: 400;\">En algunos casos, nuestro equipo puede ayudarle a obtener una indemnizaci\u00f3n por el dolor y el sufrimiento que experimenta tras su accidente de cami\u00f3n. Podr\u00eda recibir fondos para su angustia emocional, dolor, angustia mental y p\u00e9rdida de consorcio.<\/span><\/p>\n<h3>Gastos de entierro y funeral<\/h3>\n<p><span style=\"font-weight: 400;\">Perder a un familiar en un accidente de cami\u00f3n es una tragedia. Podemos identificar a los responsables y exigirles que se hagan cargo de los gastos funerarios y de otras p\u00e9rdidas de su familiar fallecido.<\/span><\/p>\n\n        <div class=\"rs-content-cta long\">\n            <p>Para una consulta legal GRATUITA con un abogado de accidentes de camiones que preste servicios en Bellevue, llame al <a href=\"tel:+12062851743\">(206) 285-1743 <\/a><\/p>\n            <a href=\"https:\/\/plg-pllc.com\/es\/contact-us\/\" title=\"OBTENGA UNA EVALUACI\u00d3N DE CASO GRATUITA\" class=\"btn-global\">OBTENGA UNA EVALUACI\u00d3N DE CASO GRATUITA<\/a>\n                    <picture>\n                            <source srcset=\"https:\/\/plg-pllc.com\/wp-content\/themes\/plg-pllc-redesign\/assets\/app\/img\/cta-thumb.webp\" type=\"image\/webp\"\/>\n                            <img src=\"https:\/\/plg-pllc.com\/wp-content\/themes\/plg-pllc-redesign\/assets\/app\/img\/cta-thumb.png\" alt=\"Grupo de abogados Premier\" title=\"Grupo de abogados Premier\" width=\"245\" height=\"220\" loading=\"auto\" fetchpriority=\"auto\" decoding=\"async\"\/>\n        <\/picture>\n        \n        <\/div><h2>Causas de accidentes de camiones y partes responsables<\/h2>\n<p><span style=\"font-weight: 400;\">A menudo, el tipo de accidente puede determinar qui\u00e9n es responsable de sus lesiones. Nuestros abogados especializados en accidentes de cami\u00f3n investigar\u00e1n las condiciones de la carretera y otros factores que pudieron haber contribuido al incidente.<\/span><\/p>\n<p><span style=\"font-weight: 400;\">Algunos de los accidentes de camiones m\u00e1s comunes que vemos, junto con las posibles partes responsables, incluyen:<\/span><\/p>\n<h3>Colisi\u00f3n debido a un error del conductor<\/h3>\n<p><span style=\"font-weight: 400;\">Accidentes causados por <\/span><b>error del controlador<\/b><span style=\"font-weight: 400;\"> A menudo, aunque no siempre, son culpa del conductor del cami\u00f3n. Esto puede deberse a factores como conducir bajo los efectos del alcohol o las drogas, conducci\u00f3n imprudente, tiempo de reacci\u00f3n lento por falta de sue\u00f1o, incumplimiento de las normas de tr\u00e1nsito o conducci\u00f3n distra\u00edda.\u00a0<\/span><\/p>\n<h3>Negligencia de la empresa<\/h3>\n<p><span style=\"font-weight: 400;\">En algunas circunstancias, la empresa de transporte podr\u00eda ser responsable del accidente. Esto podr\u00eda ocurrir si no realiz\u00f3 la verificaci\u00f3n de antecedentes de sus conductores, no les brind\u00f3 la capacitaci\u00f3n adecuada o los oblig\u00f3 a trabajar largas jornadas o en condiciones peligrosas.\u00a0<\/span><\/p>\n<h3>Fallas mec\u00e1nicas<\/h3>\n<p><span style=\"font-weight: 400;\">Un equipo defectuoso puede causar reventones de neum\u00e1ticos que provoquen accidentes tipo tijera o fallos en los frenos que provoquen colisiones traseras. El mec\u00e1nico o la empresa de mantenimiento responsable de los trabajos en los camiones podr\u00eda ser responsable.\u00a0<\/span><\/p>\n<h3>Camiones sobrecargados<\/h3>\n<p><span style=\"font-weight: 400;\">Los camiones sobrecargados o mal cargados pueden volcarse o verse involucrados en un accidente por inestabilidad. En estos casos, el transportista o el almac\u00e9n que embal\u00f3 el cami\u00f3n podr\u00eda ser responsable del accidente si no sigui\u00f3 los procedimientos de seguridad durante la carga.\u00a0<\/span><\/p>\n<h2>Obtenga ayuda de un abogado especializado en accidentes de camiones en Bellevue<\/h2>\n<p><span style=\"font-weight: 400;\">Tu vida cambia r\u00e1pidamente despu\u00e9s de un accidente de cami\u00f3n. Podr\u00edas sufrir lesiones graves que te impidan trabajar o cuidar de tu familia. Podr\u00edas estar confundido y sin saber qu\u00e9 hacer. Se supone que las compa\u00f1\u00edas de seguros te ayudan, pero en cambio rechazan o retrasan tu reclamaci\u00f3n.\u00a0<\/span><\/p>\n<p><span style=\"font-weight: 400;\">Es una lucha que no tiene que afrontar solo. Al contratar a nuestro bufete, tendr\u00e1 la tranquilidad de saber que nuestros abogados de accidentes de cami\u00f3n en Bellevue se encargar\u00e1n de su caso mientras usted se concentra en su recuperaci\u00f3n.\u00a0\u00a0\u00a0<\/span><\/p>\n<p><span style=\"font-weight: 400;\">Premier Law Group puede ayudarle a recuperar su vida despu\u00e9s de su accidente de cami\u00f3n.<\/span><b> Cuando te golpean<\/b>,<b> Nosotros contraatacamos m\u00e1s fuerte<\/b>. <span style=\"font-weight: 400;\">Cont\u00e1ctenos hoy para una revisi\u00f3n de caso gratuita y conozca c\u00f3mo podemos ayudarlo a lograr los resultados deseados en caso de accidente de cami\u00f3n.<\/span><\/p>\n\n        <div class=\"rs-content-cta\">\n            <p>Llamar o enviar mensaje de texto <a href=\"tel:+12062851743\">(206) 285-1743<\/a> o complete un formulario de evaluaci\u00f3n de caso gratuito<\/p>\n            <a href=\"https:\/\/plg-pllc.com\/es\/contact-us\/\" title=\"OBTENGA UNA EVALUACI\u00d3N DE CASO GRATUITA\" class=\"btn-global\">OBTENGA UNA EVALUACI\u00d3N DE CASO GRATUITA<\/a>\n                    <picture>\n                            <source srcset=\"https:\/\/plg-pllc.com\/wp-content\/themes\/plg-pllc-redesign\/assets\/app\/img\/cta-thumb.webp\" type=\"image\/webp\"\/>\n                            <img src=\"https:\/\/plg-pllc.com\/wp-content\/themes\/plg-pllc-redesign\/assets\/app\/img\/cta-thumb.png\" alt=\"Grupo de abogados Premier\" title=\"Grupo de abogados Premier\" width=\"245\" height=\"220\" loading=\"auto\" fetchpriority=\"auto\" decoding=\"async\"\/>\n        <\/picture>\n        \n        <\/div>","protected":false},"excerpt":{"rendered":"<p>Los camiones comerciales grandes y los tr\u00e1ileres pueden ser mortales si son conducidos por operadores negligentes o inexpertos. Un solo accidente de cami\u00f3n puede resultar en lesiones catastr\u00f3ficas, semanas o meses de recuperaci\u00f3n, facturas m\u00e9dicas enormes y una deuda creciente. Est\u00e1s herido, no puedes trabajar y no sabes qu\u00e9 hacer. No parece justo cuando el accidente ni siquiera fue...<\/p>","protected":false},"author":10,"featured_media":0,"parent":18067,"menu_order":0,"comment_status":"closed","ping_status":"closed","template":"","meta":{"_acf_changed":false,"_genesis_hide_title":false,"_genesis_hide_breadcrumbs":false,"_genesis_hide_singular_image":false,"_genesis_hide_footer_widgets":false,"_genesis_custom_body_class":"","_genesis_custom_post_class":"","_genesis_layout":"","footnotes":""},"hc_faqs":[],"class_list":{"0":"post-17273","1":"page","2":"type-page","3":"status-publish","5":"hc_city_location-bellevue","6":"entry","7":"has-post-thumbnail"},"acf":[],"yoast_head":"<!-- This site is optimized with the Yoast SEO plugin v27.2 - https:\/\/yoast.com\/product\/yoast-seo-wordpress\/ -->\n<title>Truck Accident Lawyer in Bellevue | Free Case Review<\/title>\n<meta name=\"description\" content=\"Learn how a Bellevue truck accident lawyer can help you get the compensation you deserve when you are injured in a truck crash.\" \/>\n<meta name=\"robots\" content=\"index, follow, max-snippet:-1, max-image-preview:large, max-video-preview:-1\" \/>\n<link rel=\"canonical\" href=\"https:\/\/plg-pllc.com\/es\/bellevue\/truck-accident-lawyer\/\" \/>\n<meta property=\"og:locale\" content=\"es_MX\" \/>\n<meta property=\"og:type\" content=\"article\" \/>\n<meta property=\"og:title\" content=\"Truck Accident Lawyer in Bellevue | Free Case Review\" \/>\n<meta property=\"og:description\" content=\"Learn how a Bellevue truck accident lawyer can help you get the compensation you deserve when you are injured in a truck crash.\" \/>\n<meta property=\"og:url\" content=\"https:\/\/plg-pllc.com\/es\/bellevue\/truck-accident-lawyer\/\" \/>\n<meta property=\"og:site_name\" content=\"Premier Law Group\" \/>\n<meta property=\"article:publisher\" content=\"https:\/\/www.facebook.com\/premierlawgroup\" \/>\n<meta property=\"article:modified_time\" content=\"2025-06-10T13:34:44+00:00\" \/>\n<meta name=\"twitter:card\" content=\"summary_large_image\" \/>\n<meta name=\"twitter:site\" content=\"@premierlawgroup\" \/>\n<meta name=\"twitter:label1\" content=\"Tiempo de lectura\" \/>\n\t<meta name=\"twitter:data1\" content=\"6 minutos\" \/>\n<script type=\"application\/ld+json\" class=\"yoast-schema-graph\">{\"@context\":\"https:\/\/schema.org\",\"@graph\":[{\"@type\":\"WebPage\",\"@id\":\"https:\/\/plg-pllc.com\/bellevue\/truck-accident-lawyer\/\",\"url\":\"https:\/\/plg-pllc.com\/bellevue\/truck-accident-lawyer\/\",\"name\":\"Truck Accident Lawyer in Bellevue | Free Case Review\",\"isPartOf\":{\"@id\":\"https:\/\/plg-pllc.com\/#website\"},\"datePublished\":\"2019-11-25T17:27:35+00:00\",\"dateModified\":\"2025-06-10T13:34:44+00:00\",\"description\":\"Learn how a Bellevue truck accident lawyer can help you get the compensation you deserve when you are injured in a truck crash.\",\"breadcrumb\":{\"@id\":\"https:\/\/plg-pllc.com\/bellevue\/truck-accident-lawyer\/#breadcrumb\"},\"inLanguage\":\"es\",\"potentialAction\":[{\"@type\":\"ReadAction\",\"target\":[\"https:\/\/plg-pllc.com\/bellevue\/truck-accident-lawyer\/\"]}]},{\"@type\":\"BreadcrumbList\",\"@id\":\"https:\/\/plg-pllc.com\/bellevue\/truck-accident-lawyer\/#breadcrumb\",\"itemListElement\":[{\"@type\":\"ListItem\",\"position\":1,\"name\":\"Home\",\"item\":\"https:\/\/plg-pllc.com\/es\/\"},{\"@type\":\"ListItem\",\"position\":2,\"name\":\"Bellevue Personal Injury Lawyer\",\"item\":\"https:\/\/plg-pllc.com\/es\/\"},{\"@type\":\"ListItem\",\"position\":3,\"name\":\"Bellevue Truck Accident Lawyer\"}]},{\"@type\":\"WebSite\",\"@id\":\"https:\/\/plg-pllc.com\/#website\",\"url\":\"https:\/\/plg-pllc.com\/\",\"name\":\"Premier Law Group\",\"description\":\"Washington Wrongful Death and Serious Injury Lawyer\",\"publisher\":{\"@id\":\"https:\/\/plg-pllc.com\/#organization\"},\"inLanguage\":\"es\"},{\"@type\":\"Organization\",\"@id\":\"https:\/\/plg-pllc.com\/#organization\",\"name\":\"Premier Law Group\",\"url\":\"https:\/\/plg-pllc.com\/\",\"logo\":{\"@type\":\"ImageObject\",\"inLanguage\":\"es\",\"@id\":\"https:\/\/plg-pllc.com\/#\/schema\/logo\/image\/\",\"url\":\"https:\/\/plg-pllc.com\/wp-content\/uploads\/2020\/10\/plg-logo-v2.gif\",\"contentUrl\":\"https:\/\/plg-pllc.com\/wp-content\/uploads\/2020\/10\/plg-logo-v2.gif\",\"width\":592,\"height\":191,\"caption\":\"Premier Law Group\"},\"image\":{\"@id\":\"https:\/\/plg-pllc.com\/#\/schema\/logo\/image\/\"},\"sameAs\":[\"https:\/\/www.facebook.com\/premierlawgroup\",\"https:\/\/x.com\/premierlawgroup\"]}]}<\/script>\n<!-- \/ Yoast SEO plugin. -->","yoast_head_json":{"title":"Abogado de accidentes de camiones en Bellevue | Revisi\u00f3n gratuita de casos","description":"Descubra c\u00f3mo un abogado especializado en accidentes de camiones de Bellevue puede ayudarle a obtener la compensaci\u00f3n que se merece cuando sufre lesiones en un accidente de cami\u00f3n.","robots":{"index":"index","follow":"follow","max-snippet":"max-snippet:-1","max-image-preview":"max-image-preview:large","max-video-preview":"max-video-preview:-1"},"canonical":"https:\/\/plg-pllc.com\/es\/bellevue\/truck-accident-lawyer\/","og_locale":"es_MX","og_type":"article","og_title":"Truck Accident Lawyer in Bellevue | Free Case Review","og_description":"Learn how a Bellevue truck accident lawyer can help you get the compensation you deserve when you are injured in a truck crash.","og_url":"https:\/\/plg-pllc.com\/es\/bellevue\/truck-accident-lawyer\/","og_site_name":"Premier Law Group","article_publisher":"https:\/\/www.facebook.com\/premierlawgroup","article_modified_time":"2025-06-10T13:34:44+00:00","twitter_card":"summary_large_image","twitter_site":"@premierlawgroup","twitter_misc":{"Tiempo de lectura":"6 minutos"},"schema":{"@context":"https:\/\/schema.org","@graph":[{"@type":"WebPage","@id":"https:\/\/plg-pllc.com\/bellevue\/truck-accident-lawyer\/","url":"https:\/\/plg-pllc.com\/bellevue\/truck-accident-lawyer\/","name":"Abogado de accidentes de camiones en Bellevue | Revisi\u00f3n gratuita de casos","isPartOf":{"@id":"https:\/\/plg-pllc.com\/#website"},"datePublished":"2019-11-25T17:27:35+00:00","dateModified":"2025-06-10T13:34:44+00:00","description":"Descubra c\u00f3mo un abogado especializado en accidentes de camiones de Bellevue puede ayudarle a obtener la compensaci\u00f3n que se merece cuando sufre lesiones en un accidente de cami\u00f3n.","breadcrumb":{"@id":"https:\/\/plg-pllc.com\/bellevue\/truck-accident-lawyer\/#breadcrumb"},"inLanguage":"es","potentialAction":[{"@type":"ReadAction","target":["https:\/\/plg-pllc.com\/bellevue\/truck-accident-lawyer\/"]}]},{"@type":"BreadcrumbList","@id":"https:\/\/plg-pllc.com\/bellevue\/truck-accident-lawyer\/#breadcrumb","itemListElement":[{"@type":"ListItem","position":1,"name":"Home","item":"https:\/\/plg-pllc.com\/es\/"},{"@type":"ListItem","position":2,"name":"Bellevue Personal Injury Lawyer","item":"https:\/\/plg-pllc.com\/es\/"},{"@type":"ListItem","position":3,"name":"Bellevue Truck Accident Lawyer"}]},{"@type":"WebSite","@id":"https:\/\/plg-pllc.com\/#website","url":"https:\/\/plg-pllc.com\/","name":"Grupo de abogados Premier","description":"Abogado de muerte por negligencia y lesiones graves en Washington","publisher":{"@id":"https:\/\/plg-pllc.com\/#organization"},"inLanguage":"es"},{"@type":"Organization","@id":"https:\/\/plg-pllc.com\/#organization","name":"Grupo de abogados Premier","url":"https:\/\/plg-pllc.com\/","logo":{"@type":"ImageObject","inLanguage":"es","@id":"https:\/\/plg-pllc.com\/#\/schema\/logo\/image\/","url":"https:\/\/plg-pllc.com\/wp-content\/uploads\/2020\/10\/plg-logo-v2.gif","contentUrl":"https:\/\/plg-pllc.com\/wp-content\/uploads\/2020\/10\/plg-logo-v2.gif","width":592,"height":191,"caption":"Premier Law Group"},"image":{"@id":"https:\/\/plg-pllc.com\/#\/schema\/logo\/image\/"},"sameAs":["https:\/\/www.facebook.com\/premierlawgroup","https:\/\/x.com\/premierlawgroup"]}]}},"_links":{"self":[{"href":"https:\/\/plg-pllc.com\/es\/wp-json\/wp\/v2\/pages\/17273","targetHints":{"allow":["GET"]}}],"collection":[{"href":"https:\/\/plg-pllc.com\/es\/wp-json\/wp\/v2\/pages"}],"about":[{"href":"https:\/\/plg-pllc.com\/es\/wp-json\/wp\/v2\/types\/page"}],"author":[{"embeddable":true,"href":"https:\/\/plg-pllc.com\/es\/wp-json\/wp\/v2\/users\/10"}],"replies":[{"embeddable":true,"href":"https:\/\/plg-pllc.com\/es\/wp-json\/wp\/v2\/comments?post=17273"}],"version-history":[{"count":0,"href":"https:\/\/plg-pllc.com\/es\/wp-json\/wp\/v2\/pages\/17273\/revisions"}],"up":[{"embeddable":true,"href":"https:\/\/plg-pllc.com\/es\/wp-json\/wp\/v2\/pages\/18067"}],"wp:attachment":[{"href":"https:\/\/plg-pllc.com\/es\/wp-json\/wp\/v2\/media?parent=17273"}],"wp:term":[{"taxonomy":"hc_faqs","embeddable":true,"href":"https:\/\/plg-pllc.com\/es\/wp-json\/wp\/v2\/hc_faqs?post=17273"}],"curies":[{"name":"gracias","href":"https:\/\/api.w.org\/{rel}","templated":true}]}}