{"id":17292,"date":"2019-12-10T09:59:51","date_gmt":"2019-12-10T17:59:51","guid":{"rendered":"https:\/\/plg-pllc.com\/?page_id=17292"},"modified":"2026-02-27T10:59:39","modified_gmt":"2026-02-27T18:59:39","slug":"federal-way-car-accident-lawyer","status":"publish","type":"page","link":"https:\/\/plg-pllc.com\/es\/federal-way\/car-accident-lawyer\/","title":{"rendered":"Abogado de accidentes automovil\u00edsticos en Federal Way"},"content":{"rendered":"<p><span style=\"font-weight: 400;\">Los accidentes automovil\u00edsticos suelen ocurrir debido a las acciones de conductores descuidados e imprudentes. Es injusto esperar que cubras las p\u00e9rdidas de un accidente automovil\u00edstico causado por uno de estos conductores o cualquier otra parte responsable. Afortunadamente, tienes acceso a asistencia legal.<\/span><\/p>\n<p><span style=\"font-weight: 400;\">Si ha resultado lesionado en un accidente automovil\u00edstico causado por otra persona, puede tener derecho a una compensaci\u00f3n financiera para cubrir sus gastos m\u00e9dicos, salarios perdidos y otros da\u00f1os.<\/span><\/p>\n<p><span style=\"font-weight: 400;\">En Premier Law Group, podemos conectarlo con nuestro abogado de accidentes automovil\u00edsticos de Federal Way, quien puede ayudarlo a obtener da\u00f1os compensatorios y volver a encarrilar su vida.<\/span><\/p>\n<p><span style=\"font-weight: 400;\">Nuestro equipo legal se ha recuperado<\/span><b> M\u00e1s de $100 millones <\/b><span style=\"font-weight: 400;\">para nuestros clientes. Hable con nuestro <\/span><a href=\"https:\/\/plg-pllc.com\/federal-way\/personal-injury-lawyer\/\"><span style=\"font-weight: 400;\">Abogado de lesiones personales en Federal Way<\/span><\/a><span style=\"font-weight: 400;\"> Sobre su caso de accidente de auto. Cont\u00e1ctenos para programar una revisi\u00f3n gratuita.<\/span><\/p>\n<h2>\u00bfPor qu\u00e9 necesita representaci\u00f3n legal para un caso de accidente automovil\u00edstico en Federal Way?<\/h2>\n<p><span style=\"font-weight: 400;\">Los ajustadores de seguros pueden parecer amables, pero esto les facilita aprovecharse de usted y negar o devaluar su reclamo por accidente de auto. Afortunadamente, nuestro abogado de accidentes de auto en Federal Way se enfoca en brindarle la mejor atenci\u00f3n. <\/span><a href=\"https:\/\/plg-pllc.com\/case-results\/\"><span style=\"font-weight: 400;\">resultados del caso<\/span><\/a><span style=\"font-weight: 400;\">.<\/span><\/p>\n<p><span style=\"font-weight: 400;\">Nuestro abogado puede gestionar sus comunicaciones con las compa\u00f1\u00edas de seguros. Adem\u00e1s, podemos:<\/span><\/p>\n<ul>\n<li style=\"font-weight: 400;\" aria-level=\"1\"><span style=\"font-weight: 400;\">Investigue su accidente automovil\u00edstico visitando la escena del accidente, obteniendo una copia del informe del accidente y entrevistando a los testigos.\u00a0<\/span><\/li>\n<li style=\"font-weight: 400;\" aria-level=\"1\"><span style=\"font-weight: 400;\">Calcula tus da\u00f1os econ\u00f3micos y no econ\u00f3micos\u00a0<\/span><\/li>\n<li style=\"font-weight: 400;\" aria-level=\"1\"><span style=\"font-weight: 400;\">Negociar un acuerdo de conciliaci\u00f3n favorable\u00a0<\/span><\/li>\n<li style=\"font-weight: 400;\" aria-level=\"1\"><span style=\"font-weight: 400;\">Presentar una demanda civil y llevar su caso a los tribunales.\u00a0<\/span><\/li>\n<\/ul>\n<p><span style=\"font-weight: 400;\">Adem\u00e1s de estas cosas, ofrecemos <\/span><a href=\"https:\/\/plg-pllc.com\/faqs\/\"><span style=\"font-weight: 400;\">Preguntas frecuentes<\/span><\/a><span style=\"font-weight: 400;\"> y otros recursos legales para v\u00edctimas de accidentes automovil\u00edsticos y sus familias. Adem\u00e1s, durante su reclamaci\u00f3n o demanda por accidente automovil\u00edstico, nuestros servicios legales est\u00e1n a su disposici\u00f3n y atenderemos sus inquietudes y preguntas legales con prontitud.\u00a0<\/span><\/p>\n<h2>\u00bfCu\u00e1nto vale su caso de accidente automovil\u00edstico?<\/h2>\n<p><span style=\"font-weight: 400;\">Nuestro abogado especializado en accidentes de tr\u00e1fico en Federal Way determinar\u00e1 el alcance de sus da\u00f1os. Consideraremos sus p\u00e9rdidas cuantificables y subjetivas y c\u00f3mo estas le afectar\u00e1n ahora y en el futuro.<\/span><\/p>\n<p><span style=\"font-weight: 400;\">En funci\u00f3n de sus p\u00e9rdidas, podemos recomendarle que solicite una indemnizaci\u00f3n por diversos motivos, entre ellos:<\/span><\/p>\n<h3>Facturas m\u00e9dicas<\/h3>\n<p><span style=\"font-weight: 400;\">Su <\/span><a href=\"https:\/\/www.mayoclinic.org\/diseases-conditions\/concussion\/symptoms-causes\/syc-20355594\" target=\"_blank\" rel=\"noopener\"><span style=\"font-weight: 400;\">conmoci\u00f3n cerebral<\/span><\/a><span style=\"font-weight: 400;\">, Las fracturas, el latigazo cervical y otras lesiones causadas por su accidente de auto le generan altos gastos m\u00e9dicos. Nos haremos cargo de los costos de cirug\u00eda, rehabilitaci\u00f3n, medicamentos recetados, hospitalizaci\u00f3n, fisioterapia y dem\u00e1s atenci\u00f3n m\u00e9dica.<\/span><\/p>\n<h3>P\u00e9rdida de ingresos<\/h3>\n<p><span style=\"font-weight: 400;\">Las lesiones cerebrales y otras lesiones catastr\u00f3ficas derivadas de una colisi\u00f3n automovil\u00edstica pueden impedirle obtener los ingresos que necesita para cubrir sus gastos diarios.<\/span><\/p>\n<p><span style=\"font-weight: 400;\">Informe a nuestro abogado sobre la p\u00e9rdida de ingresos que sufri\u00f3 tras su accidente de coche. A partir de aqu\u00ed, incorporaremos su p\u00e9rdida de ingresos actual y futura a su solicitud de indemnizaci\u00f3n.\u00a0<\/span><\/p>\n<h3>Dolor y sufrimiento<\/h3>\n<p><span style=\"font-weight: 400;\">El malestar f\u00edsico, el trastorno de estr\u00e9s postraum\u00e1tico (TEPT), la ansiedad y otros dolores y sufrimientos derivados de su accidente de auto pueden afectarle durante mucho tiempo. Queremos conocer su dolor y sufrimiento para fortalecer su caso de indemnizaci\u00f3n por da\u00f1os y perjuicios.\u00a0<\/span><\/p>\n<p><span style=\"font-weight: 400;\">Adem\u00e1s de esto, usted podr\u00eda recibir una compensaci\u00f3n por la p\u00e9rdida del disfrute de la vida, da\u00f1os a la propiedad y otras p\u00e9rdidas tangibles e intangibles de su accidente automovil\u00edstico.<\/span><\/p>\n<p><span style=\"font-weight: 400;\">Para recuperar los da\u00f1os, deber\u00e1 presentar su solicitud de compensaci\u00f3n de acuerdo con <\/span><a href=\"https:\/\/plg-pllc.com\/faqs\/washington-statute-of-limitations\/\"><span style=\"font-weight: 400;\">El estatuto de limitaciones de Washington<\/span><\/a><span style=\"font-weight: 400;\"> para reclamos y demandas por lesiones personales.\u00a0<\/span><\/p>\n<h2>Cu\u00e1ndo presentar una reclamaci\u00f3n o demanda por colisi\u00f3n automovil\u00edstica en Washington<\/h2>\n<p><span style=\"font-weight: 400;\">Generalmente, tienes <\/span><b>hasta tres a\u00f1os a partir de la fecha de su accidente automovil\u00edstico <\/b><span style=\"font-weight: 400;\">Para reclamar una indemnizaci\u00f3n a las partes responsables. Esto significa que tiene un m\u00e1ximo de tres a\u00f1os para presentar una reclamaci\u00f3n o demanda contra un conductor, fabricante de autom\u00f3viles, mec\u00e1nico, entidad gubernamental u otras partes responsables de su accidente de tr\u00e1fico.\u00a0<\/span><\/p>\n<p><span style=\"font-weight: 400;\">Nuestro abogado especializado en accidentes de tr\u00e1fico en Federal Way solicitar\u00e1 una indemnizaci\u00f3n para usted de acuerdo con la ley del estado de Washington. Recuperaremos las grabaciones de las c\u00e1maras de tr\u00e1fico de su colisi\u00f3n, las declaraciones de testigos, los informes policiales, los registros m\u00e9dicos y otras pruebas para respaldar su caso. Esta evidencia puede dificultar que la parte responsable o su aseguradora impugnen su solicitud de indemnizaci\u00f3n.\u00a0<\/span><\/p>\n<p><span style=\"font-weight: 400;\">Si rechaza una oferta de indemnizaci\u00f3n por lesiones personales, podemos presentar su caso ante el tribunal. En este punto, nuestro abogado argumentar\u00e1 c\u00f3mo la parte responsable cometi\u00f3 un acto de... <\/span><a href=\"https:\/\/plg-pllc.com\/faqs\/what-is-negligence\/\"><span style=\"font-weight: 400;\">negligencia<\/span><\/a><span style=\"font-weight: 400;\">, lo que provoc\u00f3 su accidente automovil\u00edstico. Si el juez o el jurado determinan que esta parte fue negligente, se le otorgar\u00e1 una indemnizaci\u00f3n por da\u00f1os y perjuicios.\u00a0<\/span><\/p>\n\n        <div class=\"rs-content-cta long\">\n            <p>Para una consulta legal GRATUITA con un abogado de accidentes automovil\u00edsticos que preste servicios en Federal Way, llame al <a href=\"tel:+12062851743\">(206) 285-1743 <\/a><\/p>\n            <a href=\"https:\/\/plg-pllc.com\/es\/contact-us\/\" title=\"OBTENGA UNA EVALUACI\u00d3N DE CASO GRATUITA\" class=\"btn-global\">OBTENGA UNA EVALUACI\u00d3N DE CASO GRATUITA<\/a>\n                    <picture>\n                            <source srcset=\"https:\/\/plg-pllc.com\/wp-content\/themes\/plg-pllc-redesign\/assets\/app\/img\/cta-thumb.webp\" type=\"image\/webp\"\/>\n                            <img src=\"https:\/\/plg-pllc.com\/wp-content\/themes\/plg-pllc-redesign\/assets\/app\/img\/cta-thumb.png\" alt=\"Grupo de abogados Premier\" title=\"Grupo de abogados Premier\" width=\"245\" height=\"220\" loading=\"auto\" fetchpriority=\"auto\" decoding=\"async\"\/>\n        <\/picture>\n        \n        <\/div><h2>Combinamos la fuerza de un gran bufete de abogados de lesiones personales con el coraz\u00f3n de uno peque\u00f1o<\/h2>\n<p><span style=\"font-weight: 400;\">Pueden surgir desaf\u00edos legales al lidiar con las consecuencias de su accidente automovil\u00edstico y sus lesiones. La forma en que aborde estos desaf\u00edos es clave.<\/span><\/p>\n<p><span style=\"font-weight: 400;\">Nuestros abogados de accidentes de auto en Federal Way se enorgullecen de ser sus defensores legales. Priorizaremos sus derechos legales y sus mejores intereses, y le ayudaremos a obtener una compensaci\u00f3n por sus p\u00e9rdidas mediante una reclamaci\u00f3n al seguro o una demanda por lesiones personales.\u00a0<\/span><\/p>\n<p><span style=\"font-weight: 400;\">Premier Law Group tiene <\/span><b>M\u00e1s de 55 a\u00f1os de experiencia combinada en nuestro personal<\/b><span style=\"font-weight: 400;\">. Somos lo suficientemente grandes para ganar y tenemos los recursos necesarios para asumir los casos de lesiones personales m\u00e1s dif\u00edciles.<\/span><\/p>\n<p><span style=\"font-weight: 400;\">Al mismo tiempo, somos lo suficientemente peque\u00f1os como para cuidar y brindar a cada cliente nuestra atenci\u00f3n personalizada. Conf\u00ede en nosotros para ayudarle con su caso de accidente de auto. Solicite una revisi\u00f3n de caso GRATUITA. <\/span><\/p>\n\n        <div class=\"rs-content-cta\">\n            <p>Llamar o enviar mensaje de texto <a href=\"tel:+12062851743\">(206) 285-1743<\/a> o complete un formulario de evaluaci\u00f3n de caso gratuito<\/p>\n            <a href=\"https:\/\/plg-pllc.com\/es\/contact-us\/\" title=\"OBTENGA UNA EVALUACI\u00d3N DE CASO GRATUITA\" class=\"btn-global\">OBTENGA UNA EVALUACI\u00d3N DE CASO GRATUITA<\/a>\n                    <picture>\n                            <source srcset=\"https:\/\/plg-pllc.com\/wp-content\/themes\/plg-pllc-redesign\/assets\/app\/img\/cta-thumb.webp\" type=\"image\/webp\"\/>\n                            <img src=\"https:\/\/plg-pllc.com\/wp-content\/themes\/plg-pllc-redesign\/assets\/app\/img\/cta-thumb.png\" alt=\"Grupo de abogados Premier\" title=\"Grupo de abogados Premier\" width=\"245\" height=\"220\" loading=\"auto\" fetchpriority=\"auto\" decoding=\"async\"\/>\n        <\/picture>\n        \n        <\/div>","protected":false},"excerpt":{"rendered":"<p>Los accidentes automovil\u00edsticos suelen ocurrir debido a las acciones de conductores negligentes e imprudentes. No es justo que usted tenga que cubrir las p\u00e9rdidas de un accidente automovil\u00edstico causado por uno de estos conductores o cualquier otra parte responsable. Afortunadamente, usted tiene acceso a asistencia legal. Si usted ha resultado herido en un accidente automovil\u00edstico causado por\u2026<\/p>","protected":false},"author":10,"featured_media":17528,"parent":20716,"menu_order":0,"comment_status":"closed","ping_status":"closed","template":"","meta":{"_acf_changed":false,"_genesis_hide_title":false,"_genesis_hide_breadcrumbs":false,"_genesis_hide_singular_image":false,"_genesis_hide_footer_widgets":false,"_genesis_custom_body_class":"","_genesis_custom_post_class":"","_genesis_layout":"","footnotes":""},"hc_faqs":[],"class_list":{"0":"post-17292","1":"page","2":"type-page","3":"status-publish","4":"has-post-thumbnail","6":"hc_city_location-federal-way","7":"entry"},"acf":[],"yoast_head":"<!-- This site is optimized with the Yoast SEO plugin v27.4 - https:\/\/yoast.com\/product\/yoast-seo-wordpress\/ -->\n<title>Car Accident Lawyer in Federal Way | Free Case Review<\/title>\n<meta name=\"description\" content=\"Partner with a Federal Way car accident lawyer from Premier Law Group. For more information, discuss your auto accident case with us.\" \/>\n<meta name=\"robots\" content=\"index, follow, max-snippet:-1, max-image-preview:large, max-video-preview:-1\" \/>\n<link rel=\"canonical\" href=\"https:\/\/plg-pllc.com\/es\/federal-way\/car-accident-lawyer\/\" \/>\n<meta property=\"og:locale\" content=\"es_MX\" \/>\n<meta property=\"og:type\" content=\"article\" \/>\n<meta property=\"og:title\" content=\"Car Accident Lawyer in Federal Way | Free Case Review\" \/>\n<meta property=\"og:description\" content=\"Partner with a Federal Way car accident lawyer from Premier Law Group. For more information, discuss your auto accident case with us.\" \/>\n<meta property=\"og:url\" content=\"https:\/\/plg-pllc.com\/es\/federal-way\/car-accident-lawyer\/\" \/>\n<meta property=\"og:site_name\" content=\"Premier Law Group\" \/>\n<meta property=\"article:publisher\" content=\"https:\/\/www.facebook.com\/premierlawgroup\" \/>\n<meta property=\"article:modified_time\" content=\"2026-02-27T18:59:39+00:00\" \/>\n<meta property=\"og:image\" content=\"https:\/\/plg-pllc.com\/wp-content\/uploads\/2020\/04\/shutterstock_290605838-scaled.jpg\" \/>\n\t<meta property=\"og:image:width\" content=\"2560\" \/>\n\t<meta property=\"og:image:height\" content=\"1707\" \/>\n\t<meta property=\"og:image:type\" content=\"image\/jpeg\" \/>\n<meta name=\"twitter:card\" content=\"summary_large_image\" \/>\n<meta name=\"twitter:site\" content=\"@premierlawgroup\" \/>\n<meta name=\"twitter:label1\" content=\"Tiempo de lectura\" \/>\n\t<meta name=\"twitter:data1\" content=\"4 minutos\" \/>\n<script type=\"application\/ld+json\" class=\"yoast-schema-graph\">{\"@context\":\"https:\\\/\\\/schema.org\",\"@graph\":[{\"@type\":\"WebPage\",\"@id\":\"https:\\\/\\\/plg-pllc.com\\\/federal-way\\\/car-accident-lawyer\\\/\",\"url\":\"https:\\\/\\\/plg-pllc.com\\\/federal-way\\\/car-accident-lawyer\\\/\",\"name\":\"Car Accident Lawyer in Federal Way | Free Case Review\",\"isPartOf\":{\"@id\":\"https:\\\/\\\/plg-pllc.com\\\/#website\"},\"primaryImageOfPage\":{\"@id\":\"https:\\\/\\\/plg-pllc.com\\\/federal-way\\\/car-accident-lawyer\\\/#primaryimage\"},\"image\":{\"@id\":\"https:\\\/\\\/plg-pllc.com\\\/federal-way\\\/car-accident-lawyer\\\/#primaryimage\"},\"thumbnailUrl\":\"https:\\\/\\\/plg-pllc.com\\\/wp-content\\\/uploads\\\/2020\\\/04\\\/shutterstock_290605838-scaled.jpg\",\"datePublished\":\"2019-12-10T17:59:51+00:00\",\"dateModified\":\"2026-02-27T18:59:39+00:00\",\"description\":\"Partner with a Federal Way car accident lawyer from Premier Law Group. For more information, discuss your auto accident case with us.\",\"breadcrumb\":{\"@id\":\"https:\\\/\\\/plg-pllc.com\\\/federal-way\\\/car-accident-lawyer\\\/#breadcrumb\"},\"inLanguage\":\"es\",\"potentialAction\":[{\"@type\":\"ReadAction\",\"target\":[\"https:\\\/\\\/plg-pllc.com\\\/federal-way\\\/car-accident-lawyer\\\/\"]}]},{\"@type\":\"ImageObject\",\"inLanguage\":\"es\",\"@id\":\"https:\\\/\\\/plg-pllc.com\\\/federal-way\\\/car-accident-lawyer\\\/#primaryimage\",\"url\":\"https:\\\/\\\/plg-pllc.com\\\/wp-content\\\/uploads\\\/2020\\\/04\\\/shutterstock_290605838-scaled.jpg\",\"contentUrl\":\"https:\\\/\\\/plg-pllc.com\\\/wp-content\\\/uploads\\\/2020\\\/04\\\/shutterstock_290605838-scaled.jpg\",\"width\":2560,\"height\":1707,\"caption\":\"Expert Seattle car accident lawyers\"},{\"@type\":\"BreadcrumbList\",\"@id\":\"https:\\\/\\\/plg-pllc.com\\\/federal-way\\\/car-accident-lawyer\\\/#breadcrumb\",\"itemListElement\":[{\"@type\":\"ListItem\",\"position\":1,\"name\":\"Home\",\"item\":\"https:\\\/\\\/plg-pllc.com\\\/es\\\/\"},{\"@type\":\"ListItem\",\"position\":2,\"name\":\"Federal Way Personal Injury Lawyer\",\"item\":\"https:\\\/\\\/plg-pllc.com\\\/es\\\/federal-way\\\/personal-injury-lawyer\\\/\"},{\"@type\":\"ListItem\",\"position\":3,\"name\":\"Federal Way Car Accident Lawyer\"}]},{\"@type\":\"WebSite\",\"@id\":\"https:\\\/\\\/plg-pllc.com\\\/#website\",\"url\":\"https:\\\/\\\/plg-pllc.com\\\/\",\"name\":\"Premier Law Group\",\"description\":\"Washington Wrongful Death and Serious Injury Lawyer\",\"publisher\":{\"@id\":\"https:\\\/\\\/plg-pllc.com\\\/#organization\"},\"inLanguage\":\"es\"},{\"@type\":\"Organization\",\"@id\":\"https:\\\/\\\/plg-pllc.com\\\/#organization\",\"name\":\"Premier Law Group\",\"url\":\"https:\\\/\\\/plg-pllc.com\\\/\",\"logo\":{\"@type\":\"ImageObject\",\"inLanguage\":\"es\",\"@id\":\"https:\\\/\\\/plg-pllc.com\\\/#\\\/schema\\\/logo\\\/image\\\/\",\"url\":\"https:\\\/\\\/plg-pllc.com\\\/wp-content\\\/uploads\\\/2020\\\/10\\\/plg-logo-v2.gif\",\"contentUrl\":\"https:\\\/\\\/plg-pllc.com\\\/wp-content\\\/uploads\\\/2020\\\/10\\\/plg-logo-v2.gif\",\"width\":592,\"height\":191,\"caption\":\"Premier Law Group\"},\"image\":{\"@id\":\"https:\\\/\\\/plg-pllc.com\\\/#\\\/schema\\\/logo\\\/image\\\/\"},\"sameAs\":[\"https:\\\/\\\/www.facebook.com\\\/premierlawgroup\",\"https:\\\/\\\/x.com\\\/premierlawgroup\"]}]}<\/script>\n<!-- \/ Yoast SEO plugin. -->","yoast_head_json":{"title":"Abogado de accidentes de tr\u00e1fico en Federal Way | Revisi\u00f3n gratuita de casos","description":"Colabore con un abogado especializado en accidentes de tr\u00e1fico de Federal Way de Premier Law Group. Para m\u00e1s informaci\u00f3n, hable con nosotros sobre su caso de accidente de tr\u00e1fico.","robots":{"index":"index","follow":"follow","max-snippet":"max-snippet:-1","max-image-preview":"max-image-preview:large","max-video-preview":"max-video-preview:-1"},"canonical":"https:\/\/plg-pllc.com\/es\/federal-way\/car-accident-lawyer\/","og_locale":"es_MX","og_type":"article","og_title":"Car Accident Lawyer in Federal Way | Free Case Review","og_description":"Partner with a Federal Way car accident lawyer from Premier Law Group. For more information, discuss your auto accident case with us.","og_url":"https:\/\/plg-pllc.com\/es\/federal-way\/car-accident-lawyer\/","og_site_name":"Premier Law Group","article_publisher":"https:\/\/www.facebook.com\/premierlawgroup","article_modified_time":"2026-02-27T18:59:39+00:00","og_image":[{"width":2560,"height":1707,"url":"https:\/\/plg-pllc.com\/wp-content\/uploads\/2020\/04\/shutterstock_290605838-scaled.jpg","type":"image\/jpeg"}],"twitter_card":"summary_large_image","twitter_site":"@premierlawgroup","twitter_misc":{"Tiempo de lectura":"4 minutos"},"schema":{"@context":"https:\/\/schema.org","@graph":[{"@type":"WebPage","@id":"https:\/\/plg-pllc.com\/federal-way\/car-accident-lawyer\/","url":"https:\/\/plg-pllc.com\/federal-way\/car-accident-lawyer\/","name":"Abogado de accidentes de tr\u00e1fico en Federal Way | Revisi\u00f3n gratuita de casos","isPartOf":{"@id":"https:\/\/plg-pllc.com\/#website"},"primaryImageOfPage":{"@id":"https:\/\/plg-pllc.com\/federal-way\/car-accident-lawyer\/#primaryimage"},"image":{"@id":"https:\/\/plg-pllc.com\/federal-way\/car-accident-lawyer\/#primaryimage"},"thumbnailUrl":"https:\/\/plg-pllc.com\/wp-content\/uploads\/2020\/04\/shutterstock_290605838-scaled.jpg","datePublished":"2019-12-10T17:59:51+00:00","dateModified":"2026-02-27T18:59:39+00:00","description":"Colabore con un abogado especializado en accidentes de tr\u00e1fico de Federal Way de Premier Law Group. Para m\u00e1s informaci\u00f3n, hable con nosotros sobre su caso de accidente de tr\u00e1fico.","breadcrumb":{"@id":"https:\/\/plg-pllc.com\/federal-way\/car-accident-lawyer\/#breadcrumb"},"inLanguage":"es","potentialAction":[{"@type":"ReadAction","target":["https:\/\/plg-pllc.com\/federal-way\/car-accident-lawyer\/"]}]},{"@type":"ImageObject","inLanguage":"es","@id":"https:\/\/plg-pllc.com\/federal-way\/car-accident-lawyer\/#primaryimage","url":"https:\/\/plg-pllc.com\/wp-content\/uploads\/2020\/04\/shutterstock_290605838-scaled.jpg","contentUrl":"https:\/\/plg-pllc.com\/wp-content\/uploads\/2020\/04\/shutterstock_290605838-scaled.jpg","width":2560,"height":1707,"caption":"Expert Seattle car accident lawyers"},{"@type":"BreadcrumbList","@id":"https:\/\/plg-pllc.com\/federal-way\/car-accident-lawyer\/#breadcrumb","itemListElement":[{"@type":"ListItem","position":1,"name":"Home","item":"https:\/\/plg-pllc.com\/es\/"},{"@type":"ListItem","position":2,"name":"Federal Way Personal Injury Lawyer","item":"https:\/\/plg-pllc.com\/es\/federal-way\/personal-injury-lawyer\/"},{"@type":"ListItem","position":3,"name":"Federal Way Car Accident Lawyer"}]},{"@type":"WebSite","@id":"https:\/\/plg-pllc.com\/#website","url":"https:\/\/plg-pllc.com\/","name":"Grupo de abogados Premier","description":"Abogado de muerte por negligencia y lesiones graves en Washington","publisher":{"@id":"https:\/\/plg-pllc.com\/#organization"},"inLanguage":"es"},{"@type":"Organization","@id":"https:\/\/plg-pllc.com\/#organization","name":"Grupo de abogados Premier","url":"https:\/\/plg-pllc.com\/","logo":{"@type":"ImageObject","inLanguage":"es","@id":"https:\/\/plg-pllc.com\/#\/schema\/logo\/image\/","url":"https:\/\/plg-pllc.com\/wp-content\/uploads\/2020\/10\/plg-logo-v2.gif","contentUrl":"https:\/\/plg-pllc.com\/wp-content\/uploads\/2020\/10\/plg-logo-v2.gif","width":592,"height":191,"caption":"Premier Law Group"},"image":{"@id":"https:\/\/plg-pllc.com\/#\/schema\/logo\/image\/"},"sameAs":["https:\/\/www.facebook.com\/premierlawgroup","https:\/\/x.com\/premierlawgroup"]}]}},"_links":{"self":[{"href":"https:\/\/plg-pllc.com\/es\/wp-json\/wp\/v2\/pages\/17292","targetHints":{"allow":["GET"]}}],"collection":[{"href":"https:\/\/plg-pllc.com\/es\/wp-json\/wp\/v2\/pages"}],"about":[{"href":"https:\/\/plg-pllc.com\/es\/wp-json\/wp\/v2\/types\/page"}],"author":[{"embeddable":true,"href":"https:\/\/plg-pllc.com\/es\/wp-json\/wp\/v2\/users\/10"}],"replies":[{"embeddable":true,"href":"https:\/\/plg-pllc.com\/es\/wp-json\/wp\/v2\/comments?post=17292"}],"version-history":[{"count":0,"href":"https:\/\/plg-pllc.com\/es\/wp-json\/wp\/v2\/pages\/17292\/revisions"}],"up":[{"embeddable":true,"href":"https:\/\/plg-pllc.com\/es\/wp-json\/wp\/v2\/pages\/20716"}],"wp:featuredmedia":[{"embeddable":true,"href":"https:\/\/plg-pllc.com\/es\/wp-json\/wp\/v2\/media\/17528"}],"wp:attachment":[{"href":"https:\/\/plg-pllc.com\/es\/wp-json\/wp\/v2\/media?parent=17292"}],"wp:term":[{"taxonomy":"hc_faqs","embeddable":true,"href":"https:\/\/plg-pllc.com\/es\/wp-json\/wp\/v2\/hc_faqs?post=17292"}],"curies":[{"name":"gracias","href":"https:\/\/api.w.org\/{rel}","templated":true}]}}