{"id":17305,"date":"2019-12-18T11:02:00","date_gmt":"2019-12-18T19:02:00","guid":{"rendered":"https:\/\/plg-pllc.com\/?p=17305"},"modified":"2024-10-15T19:06:36","modified_gmt":"2024-10-16T02:06:36","slug":"what-to-do-following-a-car-accident-in-seattle","status":"publish","type":"page","link":"https:\/\/plg-pllc.com\/es\/faqs\/what-to-do-following-a-car-accident-in-seattle\/","title":{"rendered":"Qu\u00e9 hacer despu\u00e9s de un accidente de tr\u00e1fico en Seattle"},"content":{"rendered":"<p><span style=\"font-weight: 400;\">Los accidentes de tr\u00e1fico pueden ser situaciones muy confusas. Adem\u00e1s de tratar de averiguar cu\u00e1les son sus derechos en virtud de diferentes contratos de seguros, podr\u00eda tener que ir de m\u00e9dico en m\u00e9dico para tratar sus lesiones. Si a esto le sumamos la incapacidad para trabajar, muchos de nuestros clientes acuden a nosotros con un estr\u00e9s considerable sobre qu\u00e9 hacer despu\u00e9s de un accidente de tr\u00e1fico.<\/span><\/p>\n<p><span style=\"font-weight: 400;\">Para maximizar sus posibilidades de recibir un acuerdo favorable, hay ciertas cosas que debe hacer (y no hacer) despu\u00e9s de un<\/span><a href=\"https:\/\/plg-pllc.com\/glossary\/car-accidents\/\"> <span style=\"font-weight: 400;\">accidente de coche en Seattle<\/span><\/a><span style=\"font-weight: 400;\">Siga esta lista de verificaci\u00f3n de accidentes automovil\u00edsticos antes de llegar a<\/span><a href=\"https:\/\/plg-pllc.com\/\"> <span style=\"font-weight: 400;\">Grupo de abogados Premier<\/span><\/a><span style=\"font-weight: 400;\"> hoy para una consulta gratuita.<\/span><\/p>\n<h2>Mueva su veh\u00edculo a un costado de la carretera<\/h2>\n<p><span style=\"font-weight: 400;\">Si es posible, debes apartarte del camino. Por supuesto, es posible que tu coche haya quedado totalmente inutilizable tras un accidente devastador, en cuyo caso necesitar\u00e1s una gr\u00faa. Pero si puedes moverte a un lado de la carretera, hazlo.<\/span><\/p>\n<h2>Comprueba si alguien necesita una ambulancia<\/h2>\n<p><span style=\"font-weight: 400;\">Preg\u00fantele a los pasajeros de su veh\u00edculo si necesitan que llame a los servicios de emergencia. Tambi\u00e9n puede consultar con otros conductores y pasajeros de los otros veh\u00edculos involucrados. Si est\u00e1 gravemente herido, p\u00eddale a otra persona que llame por usted.<\/span><\/p>\n<h2>Llame a la polic\u00eda<\/h2>\n<p><span style=\"font-weight: 400;\">Un oficial debe visitar el lugar del accidente para redactar un informe policial. Es importante informar de los accidentes en los que alguien haya sufrido lesiones corporales, por leves que sean. Tambi\u00e9n debe llamar si se han producido da\u00f1os importantes en alg\u00fan veh\u00edculo. El informe policial desempe\u00f1a un papel fundamental en una reclamaci\u00f3n al seguro, as\u00ed que aseg\u00farese de obtener una copia.<\/span><\/p>\n\n        <div class=\"rs-content-cta long\">\n            <p>Para una consulta legal GRATUITA, llame al <a href=\"tel:+12062851743\">(206) 285-1743 <\/a><\/p>\n            <a href=\"https:\/\/plg-pllc.com\/es\/contact-us\/\" title=\"OBTENGA UNA EVALUACI\u00d3N DE CASO GRATUITA\" class=\"btn-global\">OBTENGA UNA EVALUACI\u00d3N DE CASO GRATUITA<\/a>\n                    <picture>\n                            <source srcset=\"https:\/\/plg-pllc.com\/wp-content\/themes\/plg-pllc-redesign\/assets\/app\/img\/cta-thumb.webp\" type=\"image\/webp\"\/>\n                            <img src=\"https:\/\/plg-pllc.com\/wp-content\/themes\/plg-pllc-redesign\/assets\/app\/img\/cta-thumb.png\" alt=\"Grupo de abogados Premier\" title=\"Grupo de abogados Premier\" width=\"245\" height=\"220\" loading=\"auto\" fetchpriority=\"auto\" decoding=\"async\"\/>\n        <\/picture>\n        \n        <\/div><h2>Intercambio de informaci\u00f3n con otros conductores<\/h2>\n<p><span style=\"font-weight: 400;\">Comparta lo siguiente con cualquier conductor de un veh\u00edculo involucrado en un accidente y obtenga lo mismo de ellos:<\/span><\/p>\n<ul>\n<li style=\"font-weight: 400;\"><span style=\"font-weight: 400;\">Nombre<\/span><\/li>\n<li style=\"font-weight: 400;\"><span style=\"font-weight: 400;\">Informaci\u00f3n de contacto, como direcci\u00f3n, n\u00famero de tel\u00e9fono y correo electr\u00f3nico.<\/span><\/li>\n<li style=\"font-weight: 400;\"><span style=\"font-weight: 400;\">Informaci\u00f3n de seguros<\/span><\/li>\n<li style=\"font-weight: 400;\"><span style=\"font-weight: 400;\">N\u00famero de licencia de conducir<\/span><\/li>\n<li style=\"font-weight: 400;\"><span style=\"font-weight: 400;\">N\u00famero de matr\u00edcula del veh\u00edculo<\/span><\/li>\n<li style=\"font-weight: 400;\"><span style=\"font-weight: 400;\">N\u00famero de matr\u00edcula<\/span><\/li>\n<li style=\"font-weight: 400;\"><span style=\"font-weight: 400;\">Marca, modelo y a\u00f1o de todos los veh\u00edculos involucrados.<\/span><\/li>\n<\/ul>\n<p><span style=\"font-weight: 400;\">Necesitar\u00e1 esta informaci\u00f3n para presentar una reclamaci\u00f3n de indemnizaci\u00f3n, y es m\u00e1s f\u00e1cil obtenerla en el lugar del accidente que intentar cobrarla m\u00e1s tarde.<\/span><\/p>\n<h2>Identificar a los testigos del accidente<\/h2>\n<p><span style=\"font-weight: 400;\">Necesitar\u00e1 la informaci\u00f3n de contacto de todas las personas que presenciaron el accidente. Tambi\u00e9n puede preguntarles qu\u00e9 vieron o esperar a que su abogado los entreviste. Algunos testigos pueden estar tan conmocionados que no tengan mucho que decir, pero al menos deber\u00eda obtener su nombre, n\u00famero de tel\u00e9fono y correo electr\u00f3nico.<\/span><\/p>\n<h2>Tome fotograf\u00edas de los da\u00f1os a los veh\u00edculos<\/h2>\n<p><span style=\"font-weight: 400;\">Una imagen vale m\u00e1s que mil palabras. Cuando llegue el momento de ir a juicio, todos los veh\u00edculos implicados en el accidente habr\u00e1n sido reparados o desguazados, por lo que deber\u00e1 documentar cuidadosamente el estado de cada veh\u00edculo inmediatamente despu\u00e9s del accidente.<\/span><\/p>\n<p><span style=\"font-weight: 400;\">Recorra todos los lados de cada veh\u00edculo involucrado y use su tel\u00e9fono inteligente para fotografiar los da\u00f1os. Tome fotograf\u00edas desde diferentes \u00e1ngulos, ya que algunos golpes y rayones se ven mejor desde ciertas posiciones.<\/span><\/p>\n<p><span style=\"font-weight: 400;\">Tambi\u00e9n tome fotograf\u00edas de cualquier residuo o cualquier cosa que parezca significativa. Si un autom\u00f3vil patin\u00f3 para evitar el choque, tome una fotograf\u00eda de las marcas de derrape en la carretera o en el pasto. Si salieron volando escombros de un veh\u00edculo, tome una fotograf\u00eda de eso. Cuantas m\u00e1s fotograf\u00edas, mejor.<\/span><\/p>\n<h2>Evite admitir la culpa<\/h2>\n<p><span style=\"font-weight: 400;\">En Washington, la culpa es importante. Si usted es culpable, no recibir\u00e1 una compensaci\u00f3n o podr\u00eda recibir mucho menos de lo que podr\u00eda recibir si no tuviera culpa. Es importante no asumir la responsabilidad por el accidente. Recuerde que cualquier cosa que diga podr\u00eda salir a la luz m\u00e1s adelante y usarse en su contra, ya sea en el juicio o durante las negociaciones. En lugar de eso, mantenga la charla intrascendente al m\u00ednimo mientras espera que llegue la polic\u00eda.<\/span><\/p>\n<h2>Notifique a su aseguradora<\/h2>\n<p><span style=\"font-weight: 400;\">Necesitan saber sobre el accidente. Ll\u00e1malos lo antes posible despu\u00e9s del accidente para informar la colisi\u00f3n.<\/span><\/p>\n<h2>Ve al m\u00e9dico<\/h2>\n<p><span style=\"font-weight: 400;\">Algunas lesiones tardan uno o dos d\u00edas en desarrollarse, pero de todas formas debes acudir al m\u00e9dico. Un m\u00e9dico puede ayudarte a documentar las lesiones y brindar el tratamiento adecuado. Recuerda seguir todos los consejos que te d\u00e9 el m\u00e9dico, porque, si no lo haces, podr\u00edan acusarte de contribuir a tus lesiones.<\/span><\/p>\n<h2>Re\u00fanase con un abogado con experiencia en accidentes automovil\u00edsticos en Seattle<\/h2>\n<p><span style=\"font-weight: 400;\">Aunque el proceso de liquidaci\u00f3n de un siniestro de autom\u00f3vil puede parecer sencillo, a menudo hay inconvenientes. Algunos casos se retrasan por disputas sobre la culpa o sobre la gravedad de las lesiones. A menudo, las aseguradoras hacen una oferta inicial muy baja con la esperanza de que el cliente lesionado la acepte por desesperaci\u00f3n.<\/span><\/p>\n<p><span style=\"font-weight: 400;\">En Premier Law Group, nuestros abogados han obtenido acuerdos favorables para muchos conductores lesionados en un accidente automovil\u00edstico en Seattle. Si necesita ayuda con su caso, por favor <\/span><a href=\"https:\/\/plg-pllc.com\/contact-us\/\"><span style=\"font-weight: 400;\">contacto<\/span><\/a><span style=\"font-weight: 400;\"> Ll\u00e1menos hoy para una consulta gratuita.<\/span><\/p>\n        <div class=\"rs-content-cta\">\n            <p>Llamar o enviar mensaje de texto <a href=\"tel:+12062851743\">(206) 285-1743<\/a> o complete un formulario de evaluaci\u00f3n de caso gratuito<\/p>\n            <a href=\"https:\/\/plg-pllc.com\/es\/contact-us\/\" title=\"OBTENGA UNA EVALUACI\u00d3N DE CASO GRATUITA\" class=\"btn-global\">OBTENGA UNA EVALUACI\u00d3N DE CASO GRATUITA<\/a>\n                    <picture>\n                            <source srcset=\"https:\/\/plg-pllc.com\/wp-content\/themes\/plg-pllc-redesign\/assets\/app\/img\/cta-thumb.webp\" type=\"image\/webp\"\/>\n                            <img src=\"https:\/\/plg-pllc.com\/wp-content\/themes\/plg-pllc-redesign\/assets\/app\/img\/cta-thumb.png\" alt=\"Grupo de abogados Premier\" title=\"Grupo de abogados Premier\" width=\"245\" height=\"220\" loading=\"auto\" fetchpriority=\"auto\" decoding=\"async\"\/>\n        <\/picture>\n        \n        <\/div>","protected":false},"excerpt":{"rendered":"<p>Los accidentes automovil\u00edsticos pueden ser eventos muy confusos. Adem\u00e1s de tratar de averiguar cu\u00e1les son sus derechos bajo diferentes contratos de seguros, podr\u00eda tener que ir de un m\u00e9dico a otro para tratar sus lesiones. Si a esto le sumamos la incapacidad para trabajar, muchos de nuestros clientes acuden a nosotros con un estr\u00e9s significativo sobre qu\u00e9 hacer despu\u00e9s de un accidente.<\/p>","protected":false},"author":24,"featured_media":16389,"parent":20714,"menu_order":0,"comment_status":"closed","ping_status":"closed","template":"","meta":{"_acf_changed":false,"_genesis_hide_title":false,"_genesis_hide_breadcrumbs":false,"_genesis_hide_singular_image":false,"_genesis_hide_footer_widgets":false,"_genesis_custom_body_class":"","_genesis_custom_post_class":"","_genesis_layout":"","footnotes":""},"hc_faqs":[10344],"class_list":{"0":"post-17305","1":"page","2":"type-page","3":"status-publish","4":"has-post-thumbnail","6":"hc_faqs-car-accident","7":"entry"},"acf":[],"yoast_head":"<!-- This site is optimized with the Yoast SEO plugin v27.4 - https:\/\/yoast.com\/product\/yoast-seo-wordpress\/ -->\n<title>What to Do Following a Car Accident in Seattle<\/title>\n<meta name=\"description\" content=\"What to Do Following a Car Accident in Seattle: Premier Law Group helps you unlock the full compensation you deserve. No Fee Unless We Win.\" \/>\n<meta name=\"robots\" content=\"index, follow, max-snippet:-1, max-image-preview:large, max-video-preview:-1\" \/>\n<link rel=\"canonical\" href=\"https:\/\/plg-pllc.com\/es\/faqs\/what-to-do-following-a-car-accident-in-seattle\/\" \/>\n<meta property=\"og:locale\" content=\"es_MX\" \/>\n<meta property=\"og:type\" content=\"article\" \/>\n<meta property=\"og:title\" content=\"What to Do Following a Car Accident in Seattle\" \/>\n<meta property=\"og:description\" content=\"What to Do Following a Car Accident in Seattle: Premier Law Group helps you unlock the full compensation you deserve. No Fee Unless We Win.\" \/>\n<meta property=\"og:url\" content=\"https:\/\/plg-pllc.com\/es\/faqs\/what-to-do-following-a-car-accident-in-seattle\/\" \/>\n<meta property=\"og:site_name\" content=\"Premier Law Group\" \/>\n<meta property=\"article:publisher\" content=\"https:\/\/www.facebook.com\/premierlawgroup\" \/>\n<meta property=\"article:modified_time\" content=\"2024-10-16T02:06:36+00:00\" \/>\n<meta property=\"og:image\" content=\"https:\/\/plg-pllc.com\/wp-content\/uploads\/2017\/08\/Car_accident_Personal_Injury_Attorney-1004x675.jpg\" \/>\n\t<meta property=\"og:image:width\" content=\"1004\" \/>\n\t<meta property=\"og:image:height\" content=\"675\" \/>\n\t<meta property=\"og:image:type\" content=\"image\/jpeg\" \/>\n<meta name=\"twitter:card\" content=\"summary_large_image\" \/>\n<meta name=\"twitter:site\" content=\"@premierlawgroup\" \/>\n<meta name=\"twitter:label1\" content=\"Tiempo de lectura\" \/>\n\t<meta name=\"twitter:data1\" content=\"4 minutos\" \/>\n<script type=\"application\/ld+json\" class=\"yoast-schema-graph\">{\"@context\":\"https:\\\/\\\/schema.org\",\"@graph\":[{\"@type\":\"WebPage\",\"@id\":\"https:\\\/\\\/plg-pllc.com\\\/faqs\\\/what-to-do-following-a-car-accident-in-seattle\\\/\",\"url\":\"https:\\\/\\\/plg-pllc.com\\\/faqs\\\/what-to-do-following-a-car-accident-in-seattle\\\/\",\"name\":\"What to Do Following a Car Accident in Seattle\",\"isPartOf\":{\"@id\":\"https:\\\/\\\/plg-pllc.com\\\/#website\"},\"primaryImageOfPage\":{\"@id\":\"https:\\\/\\\/plg-pllc.com\\\/faqs\\\/what-to-do-following-a-car-accident-in-seattle\\\/#primaryimage\"},\"image\":{\"@id\":\"https:\\\/\\\/plg-pllc.com\\\/faqs\\\/what-to-do-following-a-car-accident-in-seattle\\\/#primaryimage\"},\"thumbnailUrl\":\"https:\\\/\\\/plg-pllc.com\\\/wp-content\\\/uploads\\\/2017\\\/08\\\/Car_accident_Personal_Injury_Attorney-1004x675.jpg\",\"datePublished\":\"2019-12-18T19:02:00+00:00\",\"dateModified\":\"2024-10-16T02:06:36+00:00\",\"description\":\"What to Do Following a Car Accident in Seattle: Premier Law Group helps you unlock the full compensation you deserve. No Fee Unless We Win.\",\"breadcrumb\":{\"@id\":\"https:\\\/\\\/plg-pllc.com\\\/faqs\\\/what-to-do-following-a-car-accident-in-seattle\\\/#breadcrumb\"},\"inLanguage\":\"es\",\"potentialAction\":[{\"@type\":\"ReadAction\",\"target\":[\"https:\\\/\\\/plg-pllc.com\\\/faqs\\\/what-to-do-following-a-car-accident-in-seattle\\\/\"]}]},{\"@type\":\"ImageObject\",\"inLanguage\":\"es\",\"@id\":\"https:\\\/\\\/plg-pllc.com\\\/faqs\\\/what-to-do-following-a-car-accident-in-seattle\\\/#primaryimage\",\"url\":\"https:\\\/\\\/plg-pllc.com\\\/wp-content\\\/uploads\\\/2017\\\/08\\\/Car_accident_Personal_Injury_Attorney-1004x675.jpg\",\"contentUrl\":\"https:\\\/\\\/plg-pllc.com\\\/wp-content\\\/uploads\\\/2017\\\/08\\\/Car_accident_Personal_Injury_Attorney-1004x675.jpg\",\"width\":1004,\"height\":675,\"caption\":\"What to Do Following a Car Accident\"},{\"@type\":\"BreadcrumbList\",\"@id\":\"https:\\\/\\\/plg-pllc.com\\\/faqs\\\/what-to-do-following-a-car-accident-in-seattle\\\/#breadcrumb\",\"itemListElement\":[{\"@type\":\"ListItem\",\"position\":1,\"name\":\"Home\",\"item\":\"https:\\\/\\\/plg-pllc.com\\\/es\\\/\"},{\"@type\":\"ListItem\",\"position\":2,\"name\":\"FAQs\",\"item\":\"https:\\\/\\\/plg-pllc.com\\\/es\\\/faqs\\\/\"},{\"@type\":\"ListItem\",\"position\":3,\"name\":\"What to Do Following a Car Accident in Seattle\"}]},{\"@type\":\"WebSite\",\"@id\":\"https:\\\/\\\/plg-pllc.com\\\/#website\",\"url\":\"https:\\\/\\\/plg-pllc.com\\\/\",\"name\":\"Premier Law Group\",\"description\":\"Washington Wrongful Death and Serious Injury Lawyer\",\"publisher\":{\"@id\":\"https:\\\/\\\/plg-pllc.com\\\/#organization\"},\"inLanguage\":\"es\"},{\"@type\":\"Organization\",\"@id\":\"https:\\\/\\\/plg-pllc.com\\\/#organization\",\"name\":\"Premier Law Group\",\"url\":\"https:\\\/\\\/plg-pllc.com\\\/\",\"logo\":{\"@type\":\"ImageObject\",\"inLanguage\":\"es\",\"@id\":\"https:\\\/\\\/plg-pllc.com\\\/#\\\/schema\\\/logo\\\/image\\\/\",\"url\":\"https:\\\/\\\/plg-pllc.com\\\/wp-content\\\/uploads\\\/2020\\\/10\\\/plg-logo-v2.gif\",\"contentUrl\":\"https:\\\/\\\/plg-pllc.com\\\/wp-content\\\/uploads\\\/2020\\\/10\\\/plg-logo-v2.gif\",\"width\":592,\"height\":191,\"caption\":\"Premier Law Group\"},\"image\":{\"@id\":\"https:\\\/\\\/plg-pllc.com\\\/#\\\/schema\\\/logo\\\/image\\\/\"},\"sameAs\":[\"https:\\\/\\\/www.facebook.com\\\/premierlawgroup\",\"https:\\\/\\\/x.com\\\/premierlawgroup\"]}]}<\/script>\n<!-- \/ Yoast SEO plugin. -->","yoast_head_json":{"title":"Qu\u00e9 hacer despu\u00e9s de un accidente de tr\u00e1fico en Seattle","description":"Qu\u00e9 hacer despu\u00e9s de un accidente de tr\u00e1fico en Seattle: Premier Law Group le ayuda a conseguir la indemnizaci\u00f3n total que merece. Sin honorarios a menos que ganemos.","robots":{"index":"index","follow":"follow","max-snippet":"max-snippet:-1","max-image-preview":"max-image-preview:large","max-video-preview":"max-video-preview:-1"},"canonical":"https:\/\/plg-pllc.com\/es\/faqs\/what-to-do-following-a-car-accident-in-seattle\/","og_locale":"es_MX","og_type":"article","og_title":"What to Do Following a Car Accident in Seattle","og_description":"What to Do Following a Car Accident in Seattle: Premier Law Group helps you unlock the full compensation you deserve. No Fee Unless We Win.","og_url":"https:\/\/plg-pllc.com\/es\/faqs\/what-to-do-following-a-car-accident-in-seattle\/","og_site_name":"Premier Law Group","article_publisher":"https:\/\/www.facebook.com\/premierlawgroup","article_modified_time":"2024-10-16T02:06:36+00:00","og_image":[{"width":1004,"height":675,"url":"https:\/\/plg-pllc.com\/wp-content\/uploads\/2017\/08\/Car_accident_Personal_Injury_Attorney-1004x675.jpg","type":"image\/jpeg"}],"twitter_card":"summary_large_image","twitter_site":"@premierlawgroup","twitter_misc":{"Tiempo de lectura":"4 minutos"},"schema":{"@context":"https:\/\/schema.org","@graph":[{"@type":"WebPage","@id":"https:\/\/plg-pllc.com\/faqs\/what-to-do-following-a-car-accident-in-seattle\/","url":"https:\/\/plg-pllc.com\/faqs\/what-to-do-following-a-car-accident-in-seattle\/","name":"Qu\u00e9 hacer despu\u00e9s de un accidente de tr\u00e1fico en Seattle","isPartOf":{"@id":"https:\/\/plg-pllc.com\/#website"},"primaryImageOfPage":{"@id":"https:\/\/plg-pllc.com\/faqs\/what-to-do-following-a-car-accident-in-seattle\/#primaryimage"},"image":{"@id":"https:\/\/plg-pllc.com\/faqs\/what-to-do-following-a-car-accident-in-seattle\/#primaryimage"},"thumbnailUrl":"https:\/\/plg-pllc.com\/wp-content\/uploads\/2017\/08\/Car_accident_Personal_Injury_Attorney-1004x675.jpg","datePublished":"2019-12-18T19:02:00+00:00","dateModified":"2024-10-16T02:06:36+00:00","description":"Qu\u00e9 hacer despu\u00e9s de un accidente de tr\u00e1fico en Seattle: Premier Law Group le ayuda a conseguir la indemnizaci\u00f3n total que merece. Sin honorarios a menos que ganemos.","breadcrumb":{"@id":"https:\/\/plg-pllc.com\/faqs\/what-to-do-following-a-car-accident-in-seattle\/#breadcrumb"},"inLanguage":"es","potentialAction":[{"@type":"ReadAction","target":["https:\/\/plg-pllc.com\/faqs\/what-to-do-following-a-car-accident-in-seattle\/"]}]},{"@type":"ImageObject","inLanguage":"es","@id":"https:\/\/plg-pllc.com\/faqs\/what-to-do-following-a-car-accident-in-seattle\/#primaryimage","url":"https:\/\/plg-pllc.com\/wp-content\/uploads\/2017\/08\/Car_accident_Personal_Injury_Attorney-1004x675.jpg","contentUrl":"https:\/\/plg-pllc.com\/wp-content\/uploads\/2017\/08\/Car_accident_Personal_Injury_Attorney-1004x675.jpg","width":1004,"height":675,"caption":"What to Do Following a Car Accident"},{"@type":"BreadcrumbList","@id":"https:\/\/plg-pllc.com\/faqs\/what-to-do-following-a-car-accident-in-seattle\/#breadcrumb","itemListElement":[{"@type":"ListItem","position":1,"name":"Home","item":"https:\/\/plg-pllc.com\/es\/"},{"@type":"ListItem","position":2,"name":"FAQs","item":"https:\/\/plg-pllc.com\/es\/faqs\/"},{"@type":"ListItem","position":3,"name":"What to Do Following a Car Accident in Seattle"}]},{"@type":"WebSite","@id":"https:\/\/plg-pllc.com\/#website","url":"https:\/\/plg-pllc.com\/","name":"Grupo de abogados Premier","description":"Abogado de muerte por negligencia y lesiones graves en Washington","publisher":{"@id":"https:\/\/plg-pllc.com\/#organization"},"inLanguage":"es"},{"@type":"Organization","@id":"https:\/\/plg-pllc.com\/#organization","name":"Grupo de abogados Premier","url":"https:\/\/plg-pllc.com\/","logo":{"@type":"ImageObject","inLanguage":"es","@id":"https:\/\/plg-pllc.com\/#\/schema\/logo\/image\/","url":"https:\/\/plg-pllc.com\/wp-content\/uploads\/2020\/10\/plg-logo-v2.gif","contentUrl":"https:\/\/plg-pllc.com\/wp-content\/uploads\/2020\/10\/plg-logo-v2.gif","width":592,"height":191,"caption":"Premier Law Group"},"image":{"@id":"https:\/\/plg-pllc.com\/#\/schema\/logo\/image\/"},"sameAs":["https:\/\/www.facebook.com\/premierlawgroup","https:\/\/x.com\/premierlawgroup"]}]}},"_links":{"self":[{"href":"https:\/\/plg-pllc.com\/es\/wp-json\/wp\/v2\/pages\/17305","targetHints":{"allow":["GET"]}}],"collection":[{"href":"https:\/\/plg-pllc.com\/es\/wp-json\/wp\/v2\/pages"}],"about":[{"href":"https:\/\/plg-pllc.com\/es\/wp-json\/wp\/v2\/types\/page"}],"author":[{"embeddable":true,"href":"https:\/\/plg-pllc.com\/es\/wp-json\/wp\/v2\/users\/24"}],"replies":[{"embeddable":true,"href":"https:\/\/plg-pllc.com\/es\/wp-json\/wp\/v2\/comments?post=17305"}],"version-history":[{"count":0,"href":"https:\/\/plg-pllc.com\/es\/wp-json\/wp\/v2\/pages\/17305\/revisions"}],"up":[{"embeddable":true,"href":"https:\/\/plg-pllc.com\/es\/wp-json\/wp\/v2\/pages\/20714"}],"wp:featuredmedia":[{"embeddable":true,"href":"https:\/\/plg-pllc.com\/es\/wp-json\/wp\/v2\/media\/16389"}],"wp:attachment":[{"href":"https:\/\/plg-pllc.com\/es\/wp-json\/wp\/v2\/media?parent=17305"}],"wp:term":[{"taxonomy":"hc_faqs","embeddable":true,"href":"https:\/\/plg-pllc.com\/es\/wp-json\/wp\/v2\/hc_faqs?post=17305"}],"curies":[{"name":"gracias","href":"https:\/\/api.w.org\/{rel}","templated":true}]}}