{"id":17318,"date":"2020-01-20T09:51:18","date_gmt":"2020-01-20T17:51:18","guid":{"rendered":"https:\/\/plg-pllc.com\/?p=17318"},"modified":"2026-03-24T15:15:32","modified_gmt":"2026-03-24T22:15:32","slug":"do-motorcycle-helmets-really-save-lives","status":"publish","type":"page","link":"https:\/\/plg-pllc.com\/es\/faqs\/do-motorcycle-helmets-save-lives\/","title":{"rendered":"\u00bfLos cascos de motocicleta realmente salvan vidas?"},"content":{"rendered":"<p><span style=\"font-weight: 400;\">\u00bfLos cascos de motocicleta realmente salvan vidas? La respuesta es s\u00ed: los cascos de motocicleta salvan vidas. La investigaci\u00f3n al respecto es simplemente abrumadora. No corra ning\u00fan riesgo con su salud y bienestar. Siempre debe usar un casco de seguridad aprobado por el Departamento de Transporte (DOT) cada vez que se suba a una motocicleta.\u00a0<\/span><\/p>\n<p><span style=\"font-weight: 400;\">Aqu\u00ed, nuestros mejor valorados <\/span><a href=\"https:\/\/plg-pllc.com\/washington\/motorcycle-accident-lawyer\/\"><span style=\"font-weight: 400;\">Ley de accidentes de motocicleta en Washington<\/span>Si<\/a><span style=\"font-weight: 400;\"> Proporcionar una descripci\u00f3n general de la investigaci\u00f3n sobre la seguridad del casco de motocicleta, analizar la ley de Washington sobre el uso del casco y explicar sus derechos y opciones si sufre un accidente sin usar casco.\u00a0<\/span><\/p>\n<h2>Seguridad del casco de motocicleta: los datos<\/h2>\n<h3><b><i>Los cascos de motocicleta reducen las lesiones cerebrales<\/i><\/b><\/h3>\n<p><span style=\"font-weight: 400;\">Para empezar, los cascos de motocicleta reducen el riesgo de lesiones en la cabeza, incluidas las lesiones faciales y los traumatismos craneoencef\u00e1licos. Seg\u00fan un estudio exhaustivo publicado por la <\/span><a href=\"https:\/\/pmc.ncbi.nlm.nih.gov\/articles\/PMC4779790\/\"><span style=\"font-weight: 400;\">Instituto Nacional de Salud (NIH)<\/span><\/a><span style=\"font-weight: 400;\">Un an\u00e1lisis estad\u00edstico de d\u00e9cadas de datos sobre accidentes encontr\u00f3 que los cascos de motocicleta reducen el riesgo de lesiones en la cabeza en casi un 70 por ciento.\u00a0<\/span><\/p>\n<p><span style=\"font-weight: 400;\">La tasa de uso del casco de motocicleta en un estado est\u00e1 fuertemente correlacionada con una reducci\u00f3n de las lesiones en la cabeza, lesiones cerebrales y lesiones faciales relacionadas con accidentes. Cuantos m\u00e1s motociclistas usen casco, menos motociclistas terminar\u00e1n en la sala de emergencias con una lesi\u00f3n grave en la cabeza o lesi\u00f3n cerebral. Este es un hallazgo importante. No existe tal cosa como una lesi\u00f3n cerebral traum\u00e1tica (LCT) menor. Incluso una conmoci\u00f3n cerebral moderada puede tener ramificaciones adversas a largo plazo.\u00a0<\/span><\/p>\n<h3><b><i>Los cascos de motocicleta salvan vidas<\/i><\/b><\/h3>\n<p><span style=\"font-weight: 400;\">Adem\u00e1s de proteger a los conductores y pasajeros de lesiones cerebrales, los cascos de motocicleta tambi\u00e9n salvan vidas. Seg\u00fan las mejores estimaciones de los investigadores de salud p\u00fablica, usar un casco de motocicleta reducir\u00e1 el riesgo de morir en una colisi\u00f3n de motocicleta en casi un 42 por ciento. Para poner esa cifra en perspectiva, <\/span><span style=\"font-weight: 400;\">Centros para el Control y la Prevenci\u00f3n de Enfermedades (CDC)<\/span><span style=\"font-weight: 400;\"> Afirma que los cascos de motocicleta salvaron 1.859 vidas solo en 2016. En otras palabras, entre 40 y 50 personas sobreviven a accidentes de motocicleta en el estado de Washington cada a\u00f1o simplemente porque llevan cascos de motocicleta. Muchos cientos de motociclistas m\u00e1s en el estado evitan lesiones cerebrales traum\u00e1ticas gracias a un casco. No arriesgue su vida.\u00a0<\/span><\/p>\n<h2>Ley de cascos para motocicletas en Washington<\/h2>\n<p><span style=\"font-weight: 400;\">Cabe se\u00f1alar que nuestro estado exige que todos los motociclistas usen cascos de seguridad aprobados. Seg\u00fan la ley de Washington (<\/span><a href=\"https:\/\/app.leg.wa.gov\/rcw\/default.aspx?cite=46.37.530\/\"><span style=\"font-weight: 400;\">Ley de Aguas Residuales 46.37.530<\/span><\/a><span style=\"font-weight: 400;\">), tanto los conductores como sus pasajeros deben usar casco siempre que circulen por la v\u00eda p\u00fablica. A diferencia de otros estados, la edad no es un factor. Todos los conductores est\u00e1n cubiertos por este estatuto. Los infractores est\u00e1n sujetos a una multa. Si no tiene casco de motocicleta, un oficial de polic\u00eda estatal o local puede detenerlo y emitirle una multa. A principios de 2019, se present\u00f3 un proyecto de ley en la legislatura que buscaba derogar las regulaciones de seguridad del casco de motocicleta de Washington. Sin embargo, hasta este momento, ese proyecto de ley no ha logrado avances significativos y no se espera que se convierta en ley.\u00a0<\/span><\/p>\n<h2>\u00bfQu\u00e9 sucede si tienes un accidente de motocicleta sin casco?<\/h2>\n<p><span style=\"font-weight: 400;\">Si no usa casco y se ve involucrado en un accidente de motocicleta, podr\u00eda verse afectada su capacidad de recuperar una compensaci\u00f3n financiera por el valor total de sus da\u00f1os. \u00bfPor qu\u00e9? La respuesta es porque Washington es una jurisdicci\u00f3n de negligencia comparativa (<\/span><a href=\"https:\/\/app.leg.wa.gov\/RCW\/default.aspx?cite=4.22.005\"><span style=\"font-weight: 400;\">Ley de la Rep\u00fablica de Irlanda 4.22.005<\/span><\/a><span style=\"font-weight: 400;\">). Por lo tanto, las partes ser\u00e1n responsables de su \u201cparte de culpa\u201d por las lesiones de la v\u00edctima. Si usted viol\u00f3 sus obligaciones de proteger su propia salud, podr\u00eda ser considerado parcialmente culpable por contribuir a sus propios da\u00f1os.\u00a0<\/span><\/p>\n<p><span style=\"font-weight: 400;\">Un motociclista lesionado que no llevaba casco puede ser considerado parcialmente responsable de sus propias lesiones. De hecho, cuando un motociclista no lleva casco y sufre una lesi\u00f3n en la cabeza, debe esperar que una compa\u00f1\u00eda de seguros contraria intente utilizar eso como excusa para reducir el valor de una oferta de acuerdo. Podr\u00eda funcionar. No llevar casco podr\u00eda dar como resultado que el motociclista solo obtenga una recuperaci\u00f3n parcial de sus p\u00e9rdidas.\u00a0<\/span><\/p>\n<p><span style=\"font-weight: 400;\">Dicho esto, hay muchas excepciones y son sumamente complicadas. Para ser claros, no usar casco no significa que est\u00e9 legalmente prohibido presentar una demanda por lesiones personales. A\u00fan puede presentar una demanda contra un acusado negligente y su compa\u00f1\u00eda de seguros. Llame a un abogado con experiencia en accidentes de motocicleta para obtener m\u00e1s informaci\u00f3n.\u00a0<\/span><\/p>\n\n        <div class=\"rs-content-cta long\">\n            <p>Para una consulta legal GRATUITA, llame al <a href=\"tel:+12062851743\">(206) 285-1743 <\/a><\/p>\n            <a href=\"https:\/\/plg-pllc.com\/es\/contact-us\/\" title=\"OBTENGA UNA EVALUACI\u00d3N DE CASO GRATUITA\" class=\"btn-global\">OBTENGA UNA EVALUACI\u00d3N DE CASO GRATUITA<\/a>\n                    <picture>\n                            <source srcset=\"https:\/\/plg-pllc.com\/wp-content\/themes\/plg-pllc-redesign\/assets\/app\/img\/cta-thumb.webp\" type=\"image\/webp\"\/>\n                            <img src=\"https:\/\/plg-pllc.com\/wp-content\/themes\/plg-pllc-redesign\/assets\/app\/img\/cta-thumb.png\" alt=\"Grupo de abogados Premier\" title=\"Grupo de abogados Premier\" width=\"245\" height=\"220\" loading=\"auto\" fetchpriority=\"auto\" decoding=\"async\"\/>\n        <\/picture>\n        \n        <\/div><h2>Hable sobre su caso con nuestros abogados de accidentes de motocicleta en Washington hoy mismo<\/h2>\n<p><span style=\"font-weight: 400;\">En Premier Law Group, nuestros abogados de accidentes de motocicleta en Washington son defensores firmes y agresivos de los clientes. Si usted o un ser querido result\u00f3 herido en una colisi\u00f3n de motocicleta, estamos aqu\u00ed para ayudar. Para programar una revisi\u00f3n gratuita y completamente confidencial de su reclamo por lesiones personales, por favor <\/span><a href=\"https:\/\/plg-pllc.com\/contact-us\/\"><span style=\"font-weight: 400;\">Contacte con nuestro despacho de abogados<\/span><\/a> <span style=\"font-weight: 400;\">De inmediato. Con oficinas en Bellevue, Seattle, Renton y Federal Way, representamos a v\u00edctimas de accidentes de motocicleta en toda la regi\u00f3n.\u00a0<\/span><\/p>\n\n        <div class=\"rs-content-cta\">\n            <p>Llamar o enviar mensaje de texto <a href=\"tel:+12062851743\">(206) 285-1743<\/a> o complete un formulario de evaluaci\u00f3n de caso gratuito<\/p>\n            <a href=\"https:\/\/plg-pllc.com\/es\/contact-us\/\" title=\"OBTENGA UNA EVALUACI\u00d3N DE CASO GRATUITA\" class=\"btn-global\">OBTENGA UNA EVALUACI\u00d3N DE CASO GRATUITA<\/a>\n                    <picture>\n                            <source srcset=\"https:\/\/plg-pllc.com\/wp-content\/themes\/plg-pllc-redesign\/assets\/app\/img\/cta-thumb.webp\" type=\"image\/webp\"\/>\n                            <img src=\"https:\/\/plg-pllc.com\/wp-content\/themes\/plg-pllc-redesign\/assets\/app\/img\/cta-thumb.png\" alt=\"Grupo de abogados Premier\" title=\"Grupo de abogados Premier\" width=\"245\" height=\"220\" loading=\"auto\" fetchpriority=\"auto\" decoding=\"async\"\/>\n        <\/picture>\n        \n        <\/div>","protected":false},"excerpt":{"rendered":"<p>\u00bfLos cascos de motocicleta realmente salvan vidas? La respuesta es s\u00ed: los cascos de motocicleta salvan vidas. La investigaci\u00f3n sobre este tema es simplemente abrumadora. No corra ning\u00fan riesgo con su salud y bienestar. Siempre debe usar un casco de seguridad aprobado por el Departamento de Transporte (DOT) cada vez que se suba a una motocicleta. Aqu\u00ed, nuestro Washington \u2026<\/p>","protected":false},"author":24,"featured_media":17319,"parent":20714,"menu_order":0,"comment_status":"closed","ping_status":"closed","template":"","meta":{"_acf_changed":false,"_genesis_hide_title":false,"_genesis_hide_breadcrumbs":false,"_genesis_hide_singular_image":false,"_genesis_hide_footer_widgets":false,"_genesis_custom_body_class":"","_genesis_custom_post_class":"","_genesis_layout":"","footnotes":""},"hc_faqs":[10366],"class_list":{"0":"post-17318","1":"page","2":"type-page","3":"status-publish","4":"has-post-thumbnail","6":"hc_faqs-motorcycle-accident","7":"entry"},"acf":[],"yoast_head":"<!-- This site is optimized with the Yoast SEO plugin v27.4 - https:\/\/yoast.com\/product\/yoast-seo-wordpress\/ -->\n<title>Do Motorcycle Helmets Really Save Lives?<\/title>\n<meta name=\"description\" content=\"Do Motorcycle Helmets Really Save Lives?: Premier Law Group helps you unlock the full compensation you deserve. No Fee Unless We Win.\" \/>\n<meta name=\"robots\" content=\"index, follow, max-snippet:-1, max-image-preview:large, max-video-preview:-1\" \/>\n<link rel=\"canonical\" href=\"https:\/\/plg-pllc.com\/es\/faqs\/do-motorcycle-helmets-save-lives\/\" \/>\n<meta property=\"og:locale\" content=\"es_MX\" \/>\n<meta property=\"og:type\" content=\"article\" \/>\n<meta property=\"og:title\" content=\"Do Motorcycle Helmets Really Save Lives?\" \/>\n<meta property=\"og:description\" content=\"Do Motorcycle Helmets Really Save Lives?: Premier Law Group helps you unlock the full compensation you deserve. No Fee Unless We Win.\" \/>\n<meta property=\"og:url\" content=\"https:\/\/plg-pllc.com\/es\/faqs\/do-motorcycle-helmets-save-lives\/\" \/>\n<meta property=\"og:site_name\" content=\"Premier Law Group\" \/>\n<meta property=\"article:publisher\" content=\"https:\/\/www.facebook.com\/premierlawgroup\" \/>\n<meta property=\"article:modified_time\" content=\"2026-03-24T22:15:32+00:00\" \/>\n<meta property=\"og:image\" content=\"https:\/\/plg-pllc.com\/wp-content\/uploads\/2020\/01\/Motorcycle-Helmet.jpeg\" \/>\n\t<meta property=\"og:image:width\" content=\"1000\" \/>\n\t<meta property=\"og:image:height\" content=\"667\" \/>\n\t<meta property=\"og:image:type\" content=\"image\/jpeg\" \/>\n<meta name=\"twitter:card\" content=\"summary_large_image\" \/>\n<meta name=\"twitter:site\" content=\"@premierlawgroup\" \/>\n<meta name=\"twitter:label1\" content=\"Tiempo de lectura\" \/>\n\t<meta name=\"twitter:data1\" content=\"4 minutos\" \/>\n<script type=\"application\/ld+json\" class=\"yoast-schema-graph\">{\"@context\":\"https:\\\/\\\/schema.org\",\"@graph\":[{\"@type\":\"WebPage\",\"@id\":\"https:\\\/\\\/plg-pllc.com\\\/faqs\\\/do-motorcycle-helmets-save-lives\\\/\",\"url\":\"https:\\\/\\\/plg-pllc.com\\\/faqs\\\/do-motorcycle-helmets-save-lives\\\/\",\"name\":\"Do Motorcycle Helmets Really Save Lives?\",\"isPartOf\":{\"@id\":\"https:\\\/\\\/plg-pllc.com\\\/#website\"},\"primaryImageOfPage\":{\"@id\":\"https:\\\/\\\/plg-pllc.com\\\/faqs\\\/do-motorcycle-helmets-save-lives\\\/#primaryimage\"},\"image\":{\"@id\":\"https:\\\/\\\/plg-pllc.com\\\/faqs\\\/do-motorcycle-helmets-save-lives\\\/#primaryimage\"},\"thumbnailUrl\":\"https:\\\/\\\/plg-pllc.com\\\/wp-content\\\/uploads\\\/2020\\\/01\\\/Motorcycle-Helmet.jpeg\",\"datePublished\":\"2020-01-20T17:51:18+00:00\",\"dateModified\":\"2026-03-24T22:15:32+00:00\",\"description\":\"Do Motorcycle Helmets Really Save Lives?: Premier Law Group helps you unlock the full compensation you deserve. No Fee Unless We Win.\",\"breadcrumb\":{\"@id\":\"https:\\\/\\\/plg-pllc.com\\\/faqs\\\/do-motorcycle-helmets-save-lives\\\/#breadcrumb\"},\"inLanguage\":\"es\",\"potentialAction\":[{\"@type\":\"ReadAction\",\"target\":[\"https:\\\/\\\/plg-pllc.com\\\/faqs\\\/do-motorcycle-helmets-save-lives\\\/\"]}]},{\"@type\":\"ImageObject\",\"inLanguage\":\"es\",\"@id\":\"https:\\\/\\\/plg-pllc.com\\\/faqs\\\/do-motorcycle-helmets-save-lives\\\/#primaryimage\",\"url\":\"https:\\\/\\\/plg-pllc.com\\\/wp-content\\\/uploads\\\/2020\\\/01\\\/Motorcycle-Helmet.jpeg\",\"contentUrl\":\"https:\\\/\\\/plg-pllc.com\\\/wp-content\\\/uploads\\\/2020\\\/01\\\/Motorcycle-Helmet.jpeg\",\"width\":1000,\"height\":667,\"caption\":\"Do motorcycle helmets really save lives\"},{\"@type\":\"BreadcrumbList\",\"@id\":\"https:\\\/\\\/plg-pllc.com\\\/faqs\\\/do-motorcycle-helmets-save-lives\\\/#breadcrumb\",\"itemListElement\":[{\"@type\":\"ListItem\",\"position\":1,\"name\":\"Home\",\"item\":\"https:\\\/\\\/plg-pllc.com\\\/es\\\/\"},{\"@type\":\"ListItem\",\"position\":2,\"name\":\"FAQs\",\"item\":\"https:\\\/\\\/plg-pllc.com\\\/es\\\/faqs\\\/\"},{\"@type\":\"ListItem\",\"position\":3,\"name\":\"Do Motorcycle Helmets Really Save Lives?\"}]},{\"@type\":\"WebSite\",\"@id\":\"https:\\\/\\\/plg-pllc.com\\\/#website\",\"url\":\"https:\\\/\\\/plg-pllc.com\\\/\",\"name\":\"Premier Law Group\",\"description\":\"Washington Wrongful Death and Serious Injury Lawyer\",\"publisher\":{\"@id\":\"https:\\\/\\\/plg-pllc.com\\\/#organization\"},\"inLanguage\":\"es\"},{\"@type\":\"Organization\",\"@id\":\"https:\\\/\\\/plg-pllc.com\\\/#organization\",\"name\":\"Premier Law Group\",\"url\":\"https:\\\/\\\/plg-pllc.com\\\/\",\"logo\":{\"@type\":\"ImageObject\",\"inLanguage\":\"es\",\"@id\":\"https:\\\/\\\/plg-pllc.com\\\/#\\\/schema\\\/logo\\\/image\\\/\",\"url\":\"https:\\\/\\\/plg-pllc.com\\\/wp-content\\\/uploads\\\/2020\\\/10\\\/plg-logo-v2.gif\",\"contentUrl\":\"https:\\\/\\\/plg-pllc.com\\\/wp-content\\\/uploads\\\/2020\\\/10\\\/plg-logo-v2.gif\",\"width\":592,\"height\":191,\"caption\":\"Premier Law Group\"},\"image\":{\"@id\":\"https:\\\/\\\/plg-pllc.com\\\/#\\\/schema\\\/logo\\\/image\\\/\"},\"sameAs\":[\"https:\\\/\\\/www.facebook.com\\\/premierlawgroup\",\"https:\\\/\\\/x.com\\\/premierlawgroup\"]}]}<\/script>\n<!-- \/ Yoast SEO plugin. -->","yoast_head_json":{"title":"\u00bfLos cascos de motocicleta realmente salvan vidas?","description":"\u00bfLos cascos de motocicleta realmente salvan vidas?: Premier Law Group lo ayuda a obtener la compensaci\u00f3n total que merece. Sin cargo a menos que ganemos.","robots":{"index":"index","follow":"follow","max-snippet":"max-snippet:-1","max-image-preview":"max-image-preview:large","max-video-preview":"max-video-preview:-1"},"canonical":"https:\/\/plg-pllc.com\/es\/faqs\/do-motorcycle-helmets-save-lives\/","og_locale":"es_MX","og_type":"article","og_title":"Do Motorcycle Helmets Really Save Lives?","og_description":"Do Motorcycle Helmets Really Save Lives?: Premier Law Group helps you unlock the full compensation you deserve. No Fee Unless We Win.","og_url":"https:\/\/plg-pllc.com\/es\/faqs\/do-motorcycle-helmets-save-lives\/","og_site_name":"Premier Law Group","article_publisher":"https:\/\/www.facebook.com\/premierlawgroup","article_modified_time":"2026-03-24T22:15:32+00:00","og_image":[{"width":1000,"height":667,"url":"https:\/\/plg-pllc.com\/wp-content\/uploads\/2020\/01\/Motorcycle-Helmet.jpeg","type":"image\/jpeg"}],"twitter_card":"summary_large_image","twitter_site":"@premierlawgroup","twitter_misc":{"Tiempo de lectura":"4 minutos"},"schema":{"@context":"https:\/\/schema.org","@graph":[{"@type":"WebPage","@id":"https:\/\/plg-pllc.com\/faqs\/do-motorcycle-helmets-save-lives\/","url":"https:\/\/plg-pllc.com\/faqs\/do-motorcycle-helmets-save-lives\/","name":"\u00bfLos cascos de motocicleta realmente salvan vidas?","isPartOf":{"@id":"https:\/\/plg-pllc.com\/#website"},"primaryImageOfPage":{"@id":"https:\/\/plg-pllc.com\/faqs\/do-motorcycle-helmets-save-lives\/#primaryimage"},"image":{"@id":"https:\/\/plg-pllc.com\/faqs\/do-motorcycle-helmets-save-lives\/#primaryimage"},"thumbnailUrl":"https:\/\/plg-pllc.com\/wp-content\/uploads\/2020\/01\/Motorcycle-Helmet.jpeg","datePublished":"2020-01-20T17:51:18+00:00","dateModified":"2026-03-24T22:15:32+00:00","description":"\u00bfLos cascos de motocicleta realmente salvan vidas?: Premier Law Group lo ayuda a obtener la compensaci\u00f3n total que merece. Sin cargo a menos que ganemos.","breadcrumb":{"@id":"https:\/\/plg-pllc.com\/faqs\/do-motorcycle-helmets-save-lives\/#breadcrumb"},"inLanguage":"es","potentialAction":[{"@type":"ReadAction","target":["https:\/\/plg-pllc.com\/faqs\/do-motorcycle-helmets-save-lives\/"]}]},{"@type":"ImageObject","inLanguage":"es","@id":"https:\/\/plg-pllc.com\/faqs\/do-motorcycle-helmets-save-lives\/#primaryimage","url":"https:\/\/plg-pllc.com\/wp-content\/uploads\/2020\/01\/Motorcycle-Helmet.jpeg","contentUrl":"https:\/\/plg-pllc.com\/wp-content\/uploads\/2020\/01\/Motorcycle-Helmet.jpeg","width":1000,"height":667,"caption":"Do motorcycle helmets really save lives"},{"@type":"BreadcrumbList","@id":"https:\/\/plg-pllc.com\/faqs\/do-motorcycle-helmets-save-lives\/#breadcrumb","itemListElement":[{"@type":"ListItem","position":1,"name":"Home","item":"https:\/\/plg-pllc.com\/es\/"},{"@type":"ListItem","position":2,"name":"FAQs","item":"https:\/\/plg-pllc.com\/es\/faqs\/"},{"@type":"ListItem","position":3,"name":"Do Motorcycle Helmets Really Save Lives?"}]},{"@type":"WebSite","@id":"https:\/\/plg-pllc.com\/#website","url":"https:\/\/plg-pllc.com\/","name":"Grupo de abogados Premier","description":"Abogado de muerte por negligencia y lesiones graves en Washington","publisher":{"@id":"https:\/\/plg-pllc.com\/#organization"},"inLanguage":"es"},{"@type":"Organization","@id":"https:\/\/plg-pllc.com\/#organization","name":"Grupo de abogados Premier","url":"https:\/\/plg-pllc.com\/","logo":{"@type":"ImageObject","inLanguage":"es","@id":"https:\/\/plg-pllc.com\/#\/schema\/logo\/image\/","url":"https:\/\/plg-pllc.com\/wp-content\/uploads\/2020\/10\/plg-logo-v2.gif","contentUrl":"https:\/\/plg-pllc.com\/wp-content\/uploads\/2020\/10\/plg-logo-v2.gif","width":592,"height":191,"caption":"Premier Law Group"},"image":{"@id":"https:\/\/plg-pllc.com\/#\/schema\/logo\/image\/"},"sameAs":["https:\/\/www.facebook.com\/premierlawgroup","https:\/\/x.com\/premierlawgroup"]}]}},"_links":{"self":[{"href":"https:\/\/plg-pllc.com\/es\/wp-json\/wp\/v2\/pages\/17318","targetHints":{"allow":["GET"]}}],"collection":[{"href":"https:\/\/plg-pllc.com\/es\/wp-json\/wp\/v2\/pages"}],"about":[{"href":"https:\/\/plg-pllc.com\/es\/wp-json\/wp\/v2\/types\/page"}],"author":[{"embeddable":true,"href":"https:\/\/plg-pllc.com\/es\/wp-json\/wp\/v2\/users\/24"}],"replies":[{"embeddable":true,"href":"https:\/\/plg-pllc.com\/es\/wp-json\/wp\/v2\/comments?post=17318"}],"version-history":[{"count":0,"href":"https:\/\/plg-pllc.com\/es\/wp-json\/wp\/v2\/pages\/17318\/revisions"}],"up":[{"embeddable":true,"href":"https:\/\/plg-pllc.com\/es\/wp-json\/wp\/v2\/pages\/20714"}],"wp:featuredmedia":[{"embeddable":true,"href":"https:\/\/plg-pllc.com\/es\/wp-json\/wp\/v2\/media\/17319"}],"wp:attachment":[{"href":"https:\/\/plg-pllc.com\/es\/wp-json\/wp\/v2\/media?parent=17318"}],"wp:term":[{"taxonomy":"hc_faqs","embeddable":true,"href":"https:\/\/plg-pllc.com\/es\/wp-json\/wp\/v2\/hc_faqs?post=17318"}],"curies":[{"name":"gracias","href":"https:\/\/api.w.org\/{rel}","templated":true}]}}