{"id":17386,"date":"2020-03-12T10:26:26","date_gmt":"2020-03-12T17:26:26","guid":{"rendered":"https:\/\/plg-pllc.com\/?page_id=17386"},"modified":"2026-01-20T16:04:09","modified_gmt":"2026-01-21T00:04:09","slug":"renton-truck-accident-lawyer","status":"publish","type":"page","link":"https:\/\/plg-pllc.com\/es\/renton\/truck-accident-lawyer\/","title":{"rendered":"Abogado de accidentes de camiones en Renton"},"content":{"rendered":"<p><span style=\"font-weight: 400;\">Si usted o un ser querido result\u00f3 herido en un accidente de cami\u00f3n en Renton, Washington, merece una compensaci\u00f3n por las p\u00e9rdidas sufridas. Hable con nuestros abogados especializados en accidentes de cami\u00f3n en Renton a los pocos d\u00edas del incidente.\u00a0<\/span><\/p>\n<p><span style=\"font-weight: 400;\">Su abogado le explicar\u00e1 sus opciones legales y lo que se necesita para obtener una indemnizaci\u00f3n por da\u00f1os y perjuicios de las partes responsables. Premier Law Group ha obtenido... <\/span><b>m\u00e1s de $100 millones en compensaci\u00f3n <\/b><span style=\"font-weight: 400;\">Para nuestros clientes. Conocemos los desaf\u00edos que enfrentan las v\u00edctimas de accidentes de camiones.\u00a0<\/span><\/p>\n<p><span style=\"font-weight: 400;\">Conf\u00eda en un <\/span><a href=\"https:\/\/plg-pllc.com\/renton\/personal-injury-lawyer\/\"><span style=\"font-weight: 400;\">Abogado de lesiones personales en Renton<\/span><\/a><span style=\"font-weight: 400;\"> Nuestro equipo le ayudar\u00e1 con su caso de accidente de cami\u00f3n. Nuestros abogados luchar\u00e1n por obtener la m\u00e1xima compensaci\u00f3n posible en una reclamaci\u00f3n al seguro o una demanda por lesiones personales. Ofrecemos revisiones gratuitas de casos a las v\u00edctimas de accidentes de cami\u00f3n y a sus familias. Cont\u00e1ctenos para m\u00e1s informaci\u00f3n.\u00a0<\/span><\/p>\n<h2><span style=\"font-weight: 400;\">Razones para contratarnos para ayudarle despu\u00e9s de un accidente de cami\u00f3n<\/span><\/h2>\n<p><span style=\"font-weight: 400;\">Los accidentes de camiones comerciales son consecuencia de la conducci\u00f3n distra\u00edda, el exceso de velocidad, la ira al volante y otras conductas negligentes. Nuestros abogados especializados en accidentes de camiones en Renton averiguar\u00e1n el motivo del accidente y qui\u00e9n es el responsable. Tras la investigaci\u00f3n, podr\u00e1n reclamar una indemnizaci\u00f3n al conductor del cami\u00f3n, la empresa de transporte, el cargador o cualquier otra persona responsable del accidente.\u00a0<\/span><\/p>\n<p><span style=\"font-weight: 400;\">Adem\u00e1s, nuestros abogados le brindar\u00e1n informaci\u00f3n sobre <\/span><a href=\"https:\/\/plg-pllc.com\/faqs\/what-to-do-after-a-truck-accident\/\"><span style=\"font-weight: 400;\">Qu\u00e9 hacer despu\u00e9s de un accidente de cami\u00f3n<\/span><\/a><span style=\"font-weight: 400;\">. Presentaremos su solicitud de indemnizaci\u00f3n conforme a la ley de Washington y elaboraremos un argumento para demostrar ante un juez o jurado que usted merece una indemnizaci\u00f3n por da\u00f1os y perjuicios. Si su caso requiere juicio, nuestro equipo argumentar\u00e1 su caso y refutar\u00e1 las reclamaciones del demandado en su contra.\u00a0<\/span><\/p>\n<p><span style=\"font-weight: 400;\">Mientras piensas en <\/span><a href=\"https:\/\/plg-pllc.com\/faqs\/what-does-a-truck-accident-lawyer-do\/\"><span style=\"font-weight: 400;\">Qu\u00e9 hace un abogado de accidentes de camiones<\/span><\/a><span style=\"font-weight: 400;\">, Considere lo que ofrece Premier Law Group. Nuestro equipo legal cuenta con... <\/span><b>M\u00e1s de 55 a\u00f1os de experiencia combinada<\/b><span style=\"font-weight: 400;\">. En su caso de accidente de cami\u00f3n, dedicaremos el tiempo, la energ\u00eda y los recursos necesarios para lograr los resultados deseados. Perm\u00edtanos representarlo legalmente. Hable con nosotros sobre su caso de accidente de cami\u00f3n.\u00a0<\/span><\/p>\n<h2><span style=\"font-weight: 400;\">\u00bfCu\u00e1nto vale un caso de accidente de cami\u00f3n en Renton?<\/span><\/h2>\n<p><span style=\"font-weight: 400;\">Nuestros abogados de accidentes de camiones en Renton quieren que usted se recupere <\/span><b>Da\u00f1os econ\u00f3micos y no econ\u00f3micos<\/b><span style=\"font-weight: 400;\">. Determinaremos sus p\u00e9rdidas cuantificables y subjetivas y le animaremos a solicitar una indemnizaci\u00f3n por diversos motivos, como:<\/span><\/p>\n<h3><span style=\"font-weight: 400;\">Facturas m\u00e9dicas<\/span><\/h3>\n<p><span style=\"font-weight: 400;\">El <\/span><a href=\"https:\/\/www.mayoclinic.org\/diseases-conditions\/concussion\/symptoms-causes\/syc-20355594\" target=\"_blank\" rel=\"noopener\"><span style=\"font-weight: 400;\">conmoci\u00f3n cerebral<\/span><\/a><span style=\"font-weight: 400;\">, Las fracturas y otras lesiones causadas por la colisi\u00f3n de su cami\u00f3n le dejan con gastos m\u00e9dicos. Comparta sus gastos m\u00e9dicos con su abogado. As\u00ed, podemos incluir las facturas de sus medicamentos, fisioterapia, cirug\u00eda y atenci\u00f3n m\u00e9dica continua en su solicitud de indemnizaci\u00f3n.\u00a0<\/span><\/p>\n<h3><span style=\"font-weight: 400;\">Salarios perdidos<\/span><\/h3>\n<p><span style=\"font-weight: 400;\">Las lesiones de m\u00e9dula espinal (LME), los traumatismos craneoencef\u00e1licos (TEC) y otras lesiones graves pueden impedir que las v\u00edctimas de accidentes de motocicleta trabajen indefinidamente. Si su accidente le caus\u00f3 una lesi\u00f3n cerebral u otro trauma que le impide trabajar, sus abogados pueden solicitar una indemnizaci\u00f3n por la p\u00e9rdida de ingresos.\u00a0<\/span><\/p>\n<h3><span style=\"font-weight: 400;\">Dolor y sufrimiento<\/span><\/h3>\n<p><span style=\"font-weight: 400;\">Experimenta malestar f\u00edsico, angustia emocional y otros dolores y sufrimientos despu\u00e9s de su accidente de motocicleta. Desafortunadamente, estos problemas pueden afectarle a largo plazo. Afortunadamente, nuestros abogados pueden explicar su dolor y sufrimiento mientras preparamos nuestros argumentos.\u00a0<\/span><\/p>\n<p><span style=\"font-weight: 400;\">Espere que su abogado de lesiones personales utilice fotos y videos de la escena del accidente, datos de la caja negra del cami\u00f3n, informes policiales, declaraciones de testigos y otras pruebas para reforzar su caso por estos y otros da\u00f1os. Si su abogado cuenta con una amplia gama de pruebas, ser\u00e1 dif\u00edcil para la parte responsable rebatir su argumento.\u00a0<\/span><\/p>\n<h2><span style=\"font-weight: 400;\">Cu\u00e1ndo presentar una demanda por accidente de cami\u00f3n en el estado de Washington<\/span><\/h2>\n<p><span style=\"font-weight: 400;\">El <\/span><a href=\"https:\/\/plg-pllc.com\/faqs\/washington-statute-of-limitations\/\"><span style=\"font-weight: 400;\">Estatuto de limitaciones de Washington<\/span><\/a><span style=\"font-weight: 400;\"> para una demanda por lesiones personales es <\/span><b>tres a\u00f1os<\/b><span style=\"font-weight: 400;\">. En base a esto, usted tiene hasta tres a\u00f1os a partir del d\u00eda de su colisi\u00f3n de cami\u00f3n para presentar un reclamo o demanda contra la parte responsable.\u00a0<\/span><\/p>\n<p><span style=\"font-weight: 400;\">Nuestros abogados especializados en accidentes de cami\u00f3n en Renton le guiar\u00e1n a trav\u00e9s del proceso de reclamaci\u00f3n al seguro. Recopilaremos pruebas que le permitir\u00e1n demostrar ante un juez o jurado que usted es v\u00edctima de la negligencia de otra persona y que debe recibir la compensaci\u00f3n correspondiente.\u00a0<\/span><\/p>\n<p><span style=\"font-weight: 400;\">La compa\u00f1\u00eda de seguros de la parte responsable podr\u00eda ofrecerle una indemnizaci\u00f3n por los da\u00f1os materiales y otras p\u00e9rdidas sufridas. Sin embargo, si no recibe una propuesta de indemnizaci\u00f3n razonable, le aconsejaremos que presente una demanda y lleve su caso ante un juez o jurado.\u00a0<\/span><\/p>\n\n        <div class=\"rs-content-cta long\">\n            <p>Para una consulta legal GRATUITA con un abogado de accidentes de camiones que preste servicios en Renton, llame al <a href=\"tel:+12062851743\">(206) 285-1743 <\/a><\/p>\n            <a href=\"https:\/\/plg-pllc.com\/es\/contact-us\/\" title=\"OBTENGA UNA EVALUACI\u00d3N DE CASO GRATUITA\" class=\"btn-global\">OBTENGA UNA EVALUACI\u00d3N DE CASO GRATUITA<\/a>\n                    <picture>\n                            <source srcset=\"https:\/\/plg-pllc.com\/wp-content\/themes\/plg-pllc-redesign\/assets\/app\/img\/cta-thumb.webp\" type=\"image\/webp\"\/>\n                            <img src=\"https:\/\/plg-pllc.com\/wp-content\/themes\/plg-pllc-redesign\/assets\/app\/img\/cta-thumb.png\" alt=\"Grupo de abogados Premier\" title=\"Grupo de abogados Premier\" width=\"245\" height=\"220\" loading=\"auto\" fetchpriority=\"auto\" decoding=\"async\"\/>\n        <\/picture>\n        \n        <\/div><h2><span style=\"font-weight: 400;\">Elija un bufete de abogados especializado en accidentes de camiones en Renton que sea lo suficientemente grande para preocuparse y lo suficientemente peque\u00f1o para ganar<\/span><\/h2>\n<p><span style=\"font-weight: 400;\">La forma en que afronte las consecuencias de una colisi\u00f3n de cami\u00f3n tiene consecuencias de gran alcance. Si no hace nada, asumir\u00e1 la responsabilidad de todas las p\u00e9rdidas sufridas a causa de este incidente. Por otro lado, si recibe asesoramiento legal y apoyo de abogados especializados en accidentes de cami\u00f3n en Renton, estar\u00e1 bien preparado para obtener una indemnizaci\u00f3n de cualquier responsable de causarle da\u00f1os.\u00a0<\/span><\/p>\n<p><span style=\"font-weight: 400;\">En Premier Law Group, somos <\/span><b>defensores agresivos <\/b><span style=\"font-weight: 400;\">Para las v\u00edctimas de accidentes de camiones grandes causados por la negligencia de terceros. Si result\u00f3 herido en un accidente con un veh\u00edculo comercial, podemos ayudarle a construir un caso s\u00f3lido contra los responsables. Para comenzar, programe una revisi\u00f3n gratuita de su caso.\u00a0<\/span><\/p>\n\n        <div class=\"rs-content-cta\">\n            <p>Llamar o enviar mensaje de texto <a href=\"tel:+12062851743\">(206) 285-1743<\/a> o complete un formulario de evaluaci\u00f3n de caso gratuito<\/p>\n            <a href=\"https:\/\/plg-pllc.com\/es\/contact-us\/\" title=\"OBTENGA UNA EVALUACI\u00d3N DE CASO GRATUITA\" class=\"btn-global\">OBTENGA UNA EVALUACI\u00d3N DE CASO GRATUITA<\/a>\n                    <picture>\n                            <source srcset=\"https:\/\/plg-pllc.com\/wp-content\/themes\/plg-pllc-redesign\/assets\/app\/img\/cta-thumb.webp\" type=\"image\/webp\"\/>\n                            <img src=\"https:\/\/plg-pllc.com\/wp-content\/themes\/plg-pllc-redesign\/assets\/app\/img\/cta-thumb.png\" alt=\"Grupo de abogados Premier\" title=\"Grupo de abogados Premier\" width=\"245\" height=\"220\" loading=\"auto\" fetchpriority=\"auto\" decoding=\"async\"\/>\n        <\/picture>\n        \n        <\/div>","protected":false},"excerpt":{"rendered":"<p>Si usted o un ser querido ha resultado herido en un accidente de cami\u00f3n en Renton, Washington, tiene derecho a una indemnizaci\u00f3n por las p\u00e9rdidas sufridas. Hable con nuestros abogados especializados en accidentes de cami\u00f3n en Renton a los pocos d\u00edas del incidente. Su abogado le explicar\u00e1 sus opciones legales y los pasos necesarios para obtener una indemnizaci\u00f3n por da\u00f1os y perjuicios.<\/p>","protected":false},"author":10,"featured_media":0,"parent":15618,"menu_order":0,"comment_status":"closed","ping_status":"closed","template":"","meta":{"_acf_changed":false,"_genesis_hide_title":false,"_genesis_hide_breadcrumbs":false,"_genesis_hide_singular_image":false,"_genesis_hide_footer_widgets":false,"_genesis_custom_body_class":"","_genesis_custom_post_class":"","_genesis_layout":"","footnotes":""},"hc_faqs":[],"class_list":{"0":"post-17386","1":"page","2":"type-page","3":"status-publish","5":"hc_city_location-renton","6":"entry"},"acf":[],"yoast_head":"<!-- This site is optimized with the Yoast SEO plugin v27.4 - https:\/\/yoast.com\/product\/yoast-seo-wordpress\/ -->\n<title>Truck Accident Lawyer in Renton | Request a Free Case Review<\/title>\n<meta name=\"description\" content=\"Partner with a Renton truck accident lawyer from Premier Law Group. Our team has over 55 years of combined experience. Contact us today.\" \/>\n<meta name=\"robots\" content=\"index, follow, max-snippet:-1, max-image-preview:large, max-video-preview:-1\" \/>\n<link rel=\"canonical\" href=\"https:\/\/plg-pllc.com\/es\/renton\/truck-accident-lawyer\/\" \/>\n<meta property=\"og:locale\" content=\"es_MX\" \/>\n<meta property=\"og:type\" content=\"article\" \/>\n<meta property=\"og:title\" content=\"Truck Accident Lawyer in Renton | Request a Free Case Review\" \/>\n<meta property=\"og:description\" content=\"Partner with a Renton truck accident lawyer from Premier Law Group. Our team has over 55 years of combined experience. Contact us today.\" \/>\n<meta property=\"og:url\" content=\"https:\/\/plg-pllc.com\/es\/renton\/truck-accident-lawyer\/\" \/>\n<meta property=\"og:site_name\" content=\"Premier Law Group\" \/>\n<meta property=\"article:publisher\" content=\"https:\/\/www.facebook.com\/premierlawgroup\" \/>\n<meta property=\"article:modified_time\" content=\"2026-01-21T00:04:09+00:00\" \/>\n<meta name=\"twitter:card\" content=\"summary_large_image\" \/>\n<meta name=\"twitter:site\" content=\"@premierlawgroup\" \/>\n<meta name=\"twitter:label1\" content=\"Tiempo de lectura\" \/>\n\t<meta name=\"twitter:data1\" content=\"4 minutos\" \/>\n<script type=\"application\/ld+json\" class=\"yoast-schema-graph\">{\"@context\":\"https:\\\/\\\/schema.org\",\"@graph\":[{\"@type\":\"WebPage\",\"@id\":\"https:\\\/\\\/plg-pllc.com\\\/renton\\\/truck-accident-lawyer\\\/\",\"url\":\"https:\\\/\\\/plg-pllc.com\\\/renton\\\/truck-accident-lawyer\\\/\",\"name\":\"Truck Accident Lawyer in Renton | Request a Free Case Review\",\"isPartOf\":{\"@id\":\"https:\\\/\\\/plg-pllc.com\\\/#website\"},\"datePublished\":\"2020-03-12T17:26:26+00:00\",\"dateModified\":\"2026-01-21T00:04:09+00:00\",\"description\":\"Partner with a Renton truck accident lawyer from Premier Law Group. Our team has over 55 years of combined experience. Contact us today.\",\"breadcrumb\":{\"@id\":\"https:\\\/\\\/plg-pllc.com\\\/renton\\\/truck-accident-lawyer\\\/#breadcrumb\"},\"inLanguage\":\"es\",\"potentialAction\":[{\"@type\":\"ReadAction\",\"target\":[\"https:\\\/\\\/plg-pllc.com\\\/renton\\\/truck-accident-lawyer\\\/\"]}]},{\"@type\":\"BreadcrumbList\",\"@id\":\"https:\\\/\\\/plg-pllc.com\\\/renton\\\/truck-accident-lawyer\\\/#breadcrumb\",\"itemListElement\":[{\"@type\":\"ListItem\",\"position\":1,\"name\":\"Home\",\"item\":\"https:\\\/\\\/plg-pllc.com\\\/es\\\/\"},{\"@type\":\"ListItem\",\"position\":2,\"name\":\"Renton Personal Injury Lawyer\",\"item\":\"https:\\\/\\\/plg-pllc.com\\\/es\\\/renton\\\/personal-injury-lawyer\\\/\"},{\"@type\":\"ListItem\",\"position\":3,\"name\":\"Renton Truck Accident Lawyer\"}]},{\"@type\":\"WebSite\",\"@id\":\"https:\\\/\\\/plg-pllc.com\\\/#website\",\"url\":\"https:\\\/\\\/plg-pllc.com\\\/\",\"name\":\"Premier Law Group\",\"description\":\"Washington Wrongful Death and Serious Injury Lawyer\",\"publisher\":{\"@id\":\"https:\\\/\\\/plg-pllc.com\\\/#organization\"},\"inLanguage\":\"es\"},{\"@type\":\"Organization\",\"@id\":\"https:\\\/\\\/plg-pllc.com\\\/#organization\",\"name\":\"Premier Law Group\",\"url\":\"https:\\\/\\\/plg-pllc.com\\\/\",\"logo\":{\"@type\":\"ImageObject\",\"inLanguage\":\"es\",\"@id\":\"https:\\\/\\\/plg-pllc.com\\\/#\\\/schema\\\/logo\\\/image\\\/\",\"url\":\"https:\\\/\\\/plg-pllc.com\\\/wp-content\\\/uploads\\\/2020\\\/10\\\/plg-logo-v2.gif\",\"contentUrl\":\"https:\\\/\\\/plg-pllc.com\\\/wp-content\\\/uploads\\\/2020\\\/10\\\/plg-logo-v2.gif\",\"width\":592,\"height\":191,\"caption\":\"Premier Law Group\"},\"image\":{\"@id\":\"https:\\\/\\\/plg-pllc.com\\\/#\\\/schema\\\/logo\\\/image\\\/\"},\"sameAs\":[\"https:\\\/\\\/www.facebook.com\\\/premierlawgroup\",\"https:\\\/\\\/x.com\\\/premierlawgroup\"]}]}<\/script>\n<!-- \/ Yoast SEO plugin. -->","yoast_head_json":{"title":"Abogado de accidentes de cami\u00f3n en Renton | Solicite una revisi\u00f3n gratuita de su caso","description":"Colabore con un abogado especializado en accidentes de cami\u00f3n de Premier Law Group en Renton. Nuestro equipo cuenta con m\u00e1s de 55 a\u00f1os de experiencia. Cont\u00e1ctenos hoy mismo.","robots":{"index":"index","follow":"follow","max-snippet":"max-snippet:-1","max-image-preview":"max-image-preview:large","max-video-preview":"max-video-preview:-1"},"canonical":"https:\/\/plg-pllc.com\/es\/renton\/truck-accident-lawyer\/","og_locale":"es_MX","og_type":"article","og_title":"Truck Accident Lawyer in Renton | Request a Free Case Review","og_description":"Partner with a Renton truck accident lawyer from Premier Law Group. Our team has over 55 years of combined experience. Contact us today.","og_url":"https:\/\/plg-pllc.com\/es\/renton\/truck-accident-lawyer\/","og_site_name":"Premier Law Group","article_publisher":"https:\/\/www.facebook.com\/premierlawgroup","article_modified_time":"2026-01-21T00:04:09+00:00","twitter_card":"summary_large_image","twitter_site":"@premierlawgroup","twitter_misc":{"Tiempo de lectura":"4 minutos"},"schema":{"@context":"https:\/\/schema.org","@graph":[{"@type":"WebPage","@id":"https:\/\/plg-pllc.com\/renton\/truck-accident-lawyer\/","url":"https:\/\/plg-pllc.com\/renton\/truck-accident-lawyer\/","name":"Abogado de accidentes de cami\u00f3n en Renton | Solicite una revisi\u00f3n gratuita de su caso","isPartOf":{"@id":"https:\/\/plg-pllc.com\/#website"},"datePublished":"2020-03-12T17:26:26+00:00","dateModified":"2026-01-21T00:04:09+00:00","description":"Colabore con un abogado especializado en accidentes de cami\u00f3n de Premier Law Group en Renton. Nuestro equipo cuenta con m\u00e1s de 55 a\u00f1os de experiencia. Cont\u00e1ctenos hoy mismo.","breadcrumb":{"@id":"https:\/\/plg-pllc.com\/renton\/truck-accident-lawyer\/#breadcrumb"},"inLanguage":"es","potentialAction":[{"@type":"ReadAction","target":["https:\/\/plg-pllc.com\/renton\/truck-accident-lawyer\/"]}]},{"@type":"BreadcrumbList","@id":"https:\/\/plg-pllc.com\/renton\/truck-accident-lawyer\/#breadcrumb","itemListElement":[{"@type":"ListItem","position":1,"name":"Home","item":"https:\/\/plg-pllc.com\/es\/"},{"@type":"ListItem","position":2,"name":"Renton Personal Injury Lawyer","item":"https:\/\/plg-pllc.com\/es\/renton\/personal-injury-lawyer\/"},{"@type":"ListItem","position":3,"name":"Renton Truck Accident Lawyer"}]},{"@type":"WebSite","@id":"https:\/\/plg-pllc.com\/#website","url":"https:\/\/plg-pllc.com\/","name":"Grupo de abogados Premier","description":"Abogado de muerte por negligencia y lesiones graves en Washington","publisher":{"@id":"https:\/\/plg-pllc.com\/#organization"},"inLanguage":"es"},{"@type":"Organization","@id":"https:\/\/plg-pllc.com\/#organization","name":"Grupo de abogados Premier","url":"https:\/\/plg-pllc.com\/","logo":{"@type":"ImageObject","inLanguage":"es","@id":"https:\/\/plg-pllc.com\/#\/schema\/logo\/image\/","url":"https:\/\/plg-pllc.com\/wp-content\/uploads\/2020\/10\/plg-logo-v2.gif","contentUrl":"https:\/\/plg-pllc.com\/wp-content\/uploads\/2020\/10\/plg-logo-v2.gif","width":592,"height":191,"caption":"Premier Law Group"},"image":{"@id":"https:\/\/plg-pllc.com\/#\/schema\/logo\/image\/"},"sameAs":["https:\/\/www.facebook.com\/premierlawgroup","https:\/\/x.com\/premierlawgroup"]}]}},"_links":{"self":[{"href":"https:\/\/plg-pllc.com\/es\/wp-json\/wp\/v2\/pages\/17386","targetHints":{"allow":["GET"]}}],"collection":[{"href":"https:\/\/plg-pllc.com\/es\/wp-json\/wp\/v2\/pages"}],"about":[{"href":"https:\/\/plg-pllc.com\/es\/wp-json\/wp\/v2\/types\/page"}],"author":[{"embeddable":true,"href":"https:\/\/plg-pllc.com\/es\/wp-json\/wp\/v2\/users\/10"}],"replies":[{"embeddable":true,"href":"https:\/\/plg-pllc.com\/es\/wp-json\/wp\/v2\/comments?post=17386"}],"version-history":[{"count":0,"href":"https:\/\/plg-pllc.com\/es\/wp-json\/wp\/v2\/pages\/17386\/revisions"}],"up":[{"embeddable":true,"href":"https:\/\/plg-pllc.com\/es\/wp-json\/wp\/v2\/pages\/15618"}],"wp:attachment":[{"href":"https:\/\/plg-pllc.com\/es\/wp-json\/wp\/v2\/media?parent=17386"}],"wp:term":[{"taxonomy":"hc_faqs","embeddable":true,"href":"https:\/\/plg-pllc.com\/es\/wp-json\/wp\/v2\/hc_faqs?post=17386"}],"curies":[{"name":"gracias","href":"https:\/\/api.w.org\/{rel}","templated":true}]}}