{"id":17390,"date":"2020-03-12T10:41:41","date_gmt":"2020-03-12T17:41:41","guid":{"rendered":"https:\/\/plg-pllc.com\/?page_id=17390"},"modified":"2024-09-27T04:30:20","modified_gmt":"2024-09-27T11:30:20","slug":"section-seattle-practice-areas","status":"publish","type":"page","link":"https:\/\/plg-pllc.com\/es\/section-seattle-practice-areas\/","title":{"rendered":"Secci\u00f3n: \u00c1reas de pr\u00e1ctica de Seattle"},"content":{"rendered":"<p style=\"text-align: center;\"><a href=\"https:\/\/plg-pllc.com\/seattle\/car-accident-lawyer\/\">Definici\u00f3n de Accidentes Automovil\u00edsticos<\/a>\u00a0|\u00a0<a href=\"https:\/\/plg-pllc.com\/seattle\/motorcycle-accident-lawyer\/\">Definici\u00f3n de Accidentes de Motocicletas<\/a>\u00a0|\u00a0<a href=\"https:\/\/plg-pllc.com\/seattle\/truck-accident-lawyer\/\">Accidentes de camiones<\/a>\u00a0|\u00a0<a href=\"https:\/\/plg-pllc.com\/seattle\/bicycle-accident-lawyer\/\">Accidentes de bicicleta\u00a0<\/a><\/p>","protected":false},"excerpt":{"rendered":"<p>Accidentes de coche | Accidentes de motocicleta | Accidentes de cami\u00f3n | Accidentes de bicicleta\u00a0<\/p>","protected":false},"author":10,"featured_media":0,"parent":0,"menu_order":0,"comment_status":"closed","ping_status":"closed","template":"","meta":{"_acf_changed":false,"_genesis_hide_title":false,"_genesis_hide_breadcrumbs":false,"_genesis_hide_singular_image":false,"_genesis_hide_footer_widgets":false,"_genesis_custom_body_class":"","_genesis_custom_post_class":"","_genesis_layout":"","footnotes":""},"hc_faqs":[],"class_list":{"0":"post-17390","1":"page","2":"type-page","3":"status-publish","5":"entry"},"acf":[],"yoast_head":"<!-- This site is optimized with the Yoast SEO plugin v27.5 - https:\/\/yoast.com\/product\/yoast-seo-wordpress\/ -->\n<title>Section: Seattle Practice Areas | Premier Law Group<\/title>\n<meta name=\"description\" content=\"Car Accidents\u00a0|\u00a0Motorcycle Accidents\u00a0|\u00a0Truck Accidents\u00a0|\u00a0Bicycle Accidents\u00a0 Call us for immediate help at 206-285-1743\" \/>\n<meta name=\"robots\" content=\"noindex, follow\" \/>\n<meta property=\"og:locale\" content=\"es_MX\" \/>\n<meta property=\"og:type\" content=\"article\" \/>\n<meta property=\"og:title\" content=\"Section: Seattle Practice Areas | Premier Law Group\" \/>\n<meta property=\"og:description\" content=\"Car Accidents\u00a0|\u00a0Motorcycle Accidents\u00a0|\u00a0Truck Accidents\u00a0|\u00a0Bicycle Accidents\u00a0 Call us for immediate help at 206-285-1743\" \/>\n<meta property=\"og:url\" content=\"https:\/\/plg-pllc.com\/es\/section-seattle-practice-areas\/\" \/>\n<meta property=\"og:site_name\" content=\"Premier Law Group\" \/>\n<meta property=\"article:publisher\" content=\"https:\/\/www.facebook.com\/premierlawgroup\" \/>\n<meta property=\"article:modified_time\" content=\"2024-09-27T11:30:20+00:00\" \/>\n<meta name=\"twitter:card\" content=\"summary_large_image\" \/>\n<meta name=\"twitter:site\" content=\"@premierlawgroup\" \/>\n<meta name=\"twitter:label1\" content=\"Tiempo de lectura\" \/>\n\t<meta name=\"twitter:data1\" content=\"1 minuto\" \/>\n<script type=\"application\/ld+json\" class=\"yoast-schema-graph\">{\"@context\":\"https:\\\/\\\/schema.org\",\"@graph\":[{\"@type\":\"WebPage\",\"@id\":\"https:\\\/\\\/plg-pllc.com\\\/section-seattle-practice-areas\\\/\",\"url\":\"https:\\\/\\\/plg-pllc.com\\\/section-seattle-practice-areas\\\/\",\"name\":\"Section: Seattle Practice Areas | Premier Law Group\",\"isPartOf\":{\"@id\":\"https:\\\/\\\/plg-pllc.com\\\/#website\"},\"datePublished\":\"2020-03-12T17:41:41+00:00\",\"dateModified\":\"2024-09-27T11:30:20+00:00\",\"description\":\"Car Accidents\u00a0|\u00a0Motorcycle Accidents\u00a0|\u00a0Truck Accidents\u00a0|\u00a0Bicycle Accidents\u00a0 Call us for immediate help at 206-285-1743\",\"breadcrumb\":{\"@id\":\"https:\\\/\\\/plg-pllc.com\\\/section-seattle-practice-areas\\\/#breadcrumb\"},\"inLanguage\":\"es\",\"potentialAction\":[{\"@type\":\"ReadAction\",\"target\":[\"https:\\\/\\\/plg-pllc.com\\\/section-seattle-practice-areas\\\/\"]}]},{\"@type\":\"BreadcrumbList\",\"@id\":\"https:\\\/\\\/plg-pllc.com\\\/section-seattle-practice-areas\\\/#breadcrumb\",\"itemListElement\":[{\"@type\":\"ListItem\",\"position\":1,\"name\":\"Home\",\"item\":\"https:\\\/\\\/plg-pllc.com\\\/es\\\/\"},{\"@type\":\"ListItem\",\"position\":2,\"name\":\"Section: Seattle Practice Areas\"}]},{\"@type\":\"WebSite\",\"@id\":\"https:\\\/\\\/plg-pllc.com\\\/#website\",\"url\":\"https:\\\/\\\/plg-pllc.com\\\/\",\"name\":\"Premier Law Group\",\"description\":\"Washington Wrongful Death and Serious Injury Lawyer\",\"publisher\":{\"@id\":\"https:\\\/\\\/plg-pllc.com\\\/#organization\"},\"inLanguage\":\"es\"},{\"@type\":\"Organization\",\"@id\":\"https:\\\/\\\/plg-pllc.com\\\/#organization\",\"name\":\"Premier Law Group\",\"url\":\"https:\\\/\\\/plg-pllc.com\\\/\",\"logo\":{\"@type\":\"ImageObject\",\"inLanguage\":\"es\",\"@id\":\"https:\\\/\\\/plg-pllc.com\\\/#\\\/schema\\\/logo\\\/image\\\/\",\"url\":\"https:\\\/\\\/plg-pllc.com\\\/wp-content\\\/uploads\\\/2020\\\/10\\\/plg-logo-v2.gif\",\"contentUrl\":\"https:\\\/\\\/plg-pllc.com\\\/wp-content\\\/uploads\\\/2020\\\/10\\\/plg-logo-v2.gif\",\"width\":592,\"height\":191,\"caption\":\"Premier Law Group\"},\"image\":{\"@id\":\"https:\\\/\\\/plg-pllc.com\\\/#\\\/schema\\\/logo\\\/image\\\/\"},\"sameAs\":[\"https:\\\/\\\/www.facebook.com\\\/premierlawgroup\",\"https:\\\/\\\/x.com\\\/premierlawgroup\"]}]}<\/script>\n<!-- \/ Yoast SEO plugin. -->","yoast_head_json":{"title":"Secci\u00f3n: \u00c1reas de pr\u00e1ctica en Seattle | Premier Law Group","description":"Accidentes de auto | Accidentes de motocicleta | Accidentes de cami\u00f3n | Accidentes de bicicleta Ll\u00e1menos para obtener ayuda inmediata al 206-285-1743","robots":{"index":"noindex","follow":"follow"},"og_locale":"es_MX","og_type":"article","og_title":"Section: Seattle Practice Areas | Premier Law Group","og_description":"Car Accidents\u00a0|\u00a0Motorcycle Accidents\u00a0|\u00a0Truck Accidents\u00a0|\u00a0Bicycle Accidents\u00a0 Call us for immediate help at 206-285-1743","og_url":"https:\/\/plg-pllc.com\/es\/section-seattle-practice-areas\/","og_site_name":"Premier Law Group","article_publisher":"https:\/\/www.facebook.com\/premierlawgroup","article_modified_time":"2024-09-27T11:30:20+00:00","twitter_card":"summary_large_image","twitter_site":"@premierlawgroup","twitter_misc":{"Tiempo de lectura":"1 minuto"},"schema":{"@context":"https:\/\/schema.org","@graph":[{"@type":"WebPage","@id":"https:\/\/plg-pllc.com\/section-seattle-practice-areas\/","url":"https:\/\/plg-pllc.com\/section-seattle-practice-areas\/","name":"Secci\u00f3n: \u00c1reas de pr\u00e1ctica en Seattle | Premier Law Group","isPartOf":{"@id":"https:\/\/plg-pllc.com\/#website"},"datePublished":"2020-03-12T17:41:41+00:00","dateModified":"2024-09-27T11:30:20+00:00","description":"Accidentes de auto | Accidentes de motocicleta | Accidentes de cami\u00f3n | Accidentes de bicicleta Ll\u00e1menos para obtener ayuda inmediata al 206-285-1743","breadcrumb":{"@id":"https:\/\/plg-pllc.com\/section-seattle-practice-areas\/#breadcrumb"},"inLanguage":"es","potentialAction":[{"@type":"ReadAction","target":["https:\/\/plg-pllc.com\/section-seattle-practice-areas\/"]}]},{"@type":"BreadcrumbList","@id":"https:\/\/plg-pllc.com\/section-seattle-practice-areas\/#breadcrumb","itemListElement":[{"@type":"ListItem","position":1,"name":"Home","item":"https:\/\/plg-pllc.com\/es\/"},{"@type":"ListItem","position":2,"name":"Section: Seattle Practice Areas"}]},{"@type":"WebSite","@id":"https:\/\/plg-pllc.com\/#website","url":"https:\/\/plg-pllc.com\/","name":"Grupo de abogados Premier","description":"Abogado de muerte por negligencia y lesiones graves en Washington","publisher":{"@id":"https:\/\/plg-pllc.com\/#organization"},"inLanguage":"es"},{"@type":"Organization","@id":"https:\/\/plg-pllc.com\/#organization","name":"Grupo de abogados Premier","url":"https:\/\/plg-pllc.com\/","logo":{"@type":"ImageObject","inLanguage":"es","@id":"https:\/\/plg-pllc.com\/#\/schema\/logo\/image\/","url":"https:\/\/plg-pllc.com\/wp-content\/uploads\/2020\/10\/plg-logo-v2.gif","contentUrl":"https:\/\/plg-pllc.com\/wp-content\/uploads\/2020\/10\/plg-logo-v2.gif","width":592,"height":191,"caption":"Premier Law Group"},"image":{"@id":"https:\/\/plg-pllc.com\/#\/schema\/logo\/image\/"},"sameAs":["https:\/\/www.facebook.com\/premierlawgroup","https:\/\/x.com\/premierlawgroup"]}]}},"_links":{"self":[{"href":"https:\/\/plg-pllc.com\/es\/wp-json\/wp\/v2\/pages\/17390","targetHints":{"allow":["GET"]}}],"collection":[{"href":"https:\/\/plg-pllc.com\/es\/wp-json\/wp\/v2\/pages"}],"about":[{"href":"https:\/\/plg-pllc.com\/es\/wp-json\/wp\/v2\/types\/page"}],"author":[{"embeddable":true,"href":"https:\/\/plg-pllc.com\/es\/wp-json\/wp\/v2\/users\/10"}],"replies":[{"embeddable":true,"href":"https:\/\/plg-pllc.com\/es\/wp-json\/wp\/v2\/comments?post=17390"}],"version-history":[{"count":0,"href":"https:\/\/plg-pllc.com\/es\/wp-json\/wp\/v2\/pages\/17390\/revisions"}],"wp:attachment":[{"href":"https:\/\/plg-pllc.com\/es\/wp-json\/wp\/v2\/media?parent=17390"}],"wp:term":[{"taxonomy":"hc_faqs","embeddable":true,"href":"https:\/\/plg-pllc.com\/es\/wp-json\/wp\/v2\/hc_faqs?post=17390"}],"curies":[{"name":"gracias","href":"https:\/\/api.w.org\/{rel}","templated":true}]}}