{"id":17401,"date":"2020-03-21T18:49:53","date_gmt":"2020-03-22T01:49:53","guid":{"rendered":"https:\/\/plg-pllc.com\/?post_type=glossary&#038;p=17401"},"modified":"2024-10-18T09:13:35","modified_gmt":"2024-10-18T16:13:35","slug":"accident-report","status":"publish","type":"page","link":"https:\/\/plg-pllc.com\/es\/faqs\/what-is-in-an-accident-report\/","title":{"rendered":"\u00bfQu\u00e9 es un informe de accidente?"},"content":{"rendered":"<p class=\"p2\"><span class=\"s1\">Despu\u00e9s de una <a href=\"https:\/\/plg-pllc.com\/glossary\/car-accidents\/\">accidente automovil\u00edstico<\/a>La polic\u00eda del estado de Washington alienta a todos los conductores a llamar al 911 y <a href=\"https:\/\/dol.wa.gov\/driver-licenses-and-permits\/driver-safety\/reporting-collision-damage\">reportar el accidente<\/a>Un oficial de polic\u00eda llegar\u00e1 al lugar para investigar lo sucedido. Luego, el oficial crear\u00e1 un informe sobre lo sucedido. Las compa\u00f1\u00edas de seguros utilizar\u00e1n m\u00e1s tarde este informe como parte del caso de lesiones personales de alguien.\u00a0<\/span><\/p>\n<h2 class=\"p4\"><span class=\"s1\">\u00bfQu\u00e9 tipo de informaci\u00f3n contiene un informe de accidente?<\/span><\/h2>\n<p class=\"p2\"><span class=\"s1\">Los agentes completan los informes de accidentes utilizando un conjunto de c\u00f3digos de informes de accidentes. Estos datos incluyen toda la informaci\u00f3n vital del accidente, como:<\/span><\/p>\n<ul class=\"ul1\">\n<li class=\"li2\"><span class=\"s1\">El nombre, la direcci\u00f3n, el n\u00famero de tel\u00e9fono u otra informaci\u00f3n de contacto de todas las personas involucradas en el incidente, incluidos testigos, conductores, pasajeros y propietarios.<\/span><\/li>\n<li class=\"li2\"><span class=\"s1\">Una descripci\u00f3n de todos los veh\u00edculos u objetos involucrados en la colisi\u00f3n.<\/span><\/li>\n<li class=\"li2\"><span class=\"s1\">Cualquier factor que haya contribuido al accidente, incluidas las cualidades del conductor y las condiciones de la carretera.<\/span><\/li>\n<li class=\"li2\"><span class=\"s1\">Una explicaci\u00f3n general de c\u00f3mo ocurri\u00f3 el accidente, incluida informaci\u00f3n precisa sobre el choque, como d\u00f3nde chocaron los veh\u00edculos entre s\u00ed y la direcci\u00f3n en la que viajaba cada autom\u00f3vil justo antes del accidente.<\/span><\/li>\n<\/ul>\n<h2 class=\"p4\"><span class=\"s1\">\u00bfQu\u00e9 relaci\u00f3n tiene este informe del accidente con mi caso legal?<\/span><\/h2>\n<p class=\"p2\"><span class=\"s1\">En los tribunales, los informes policiales no son pruebas admisibles. Los informes de accidentes, en general, se consideran &quot;testimonios de o\u00eddas&quot;. Esto se debe a que el agente que redact\u00f3 el informe no presenci\u00f3 el accidente de primera mano. Por este motivo, no se permite presentar informes de accidentes ante un juez o un jurado. Sin embargo, su informe de accidente puede resultar beneficioso para su caso de lesiones personales.\u00a0<\/span><\/p>\n<p class=\"p6\"><span class=\"s1\">Los agentes de polic\u00eda denuncian tantos accidentes de tr\u00e1fico cada a\u00f1o que puede resultar complicado recordar cada accidente individual. Por este motivo, los agentes conf\u00edan en gran medida en lo que ponen en sus informes y casi siempre testifican exactamente con lo que est\u00e1 escrito.<\/span><\/p>\n<p class=\"p2\"><span class=\"s1\">Nuestros abogados con experiencia en Premier Law Group conocen esta informaci\u00f3n, y probablemente tambi\u00e9n la conozca la compa\u00f1\u00eda de seguros del otro conductor. Los agentes de polic\u00eda son considerados testigos muy cre\u00edbles, ya que, cuando se trata de una reclamaci\u00f3n por accidente de tr\u00e1fico, no tienen prejuicios. Los agentes de polic\u00eda no tienen ninguna raz\u00f3n para redactar un informe incompleto o falso, lo que significa que su testimonio (y, por extensi\u00f3n, su informe policial) influir\u00e1 mucho en su caso.\u00a0<\/span><\/p>","protected":false},"excerpt":{"rendered":"<p>Despu\u00e9s de un accidente automovil\u00edstico, la polic\u00eda del estado de Washington alienta a todos los conductores a llamar al 911 y denunciar el accidente. Un oficial de polic\u00eda llegar\u00e1 al lugar para investigar lo sucedido. Luego, el oficial crear\u00e1 un informe sobre lo sucedido. Las compa\u00f1\u00edas de seguros luego usar\u00e1n este informe como parte del caso de lesiones personales de alguien. \u00bfQu\u00e9 tipo de accidente es?<\/p>","protected":false},"author":1,"featured_media":0,"parent":20714,"menu_order":0,"comment_status":"closed","ping_status":"closed","template":"","meta":{"_acf_changed":false,"_genesis_hide_title":false,"_genesis_hide_breadcrumbs":false,"_genesis_hide_singular_image":false,"_genesis_hide_footer_widgets":false,"_genesis_custom_body_class":"","_genesis_custom_post_class":"","_genesis_layout":"","footnotes":""},"hc_faqs":[],"class_list":{"0":"post-17401","1":"page","2":"type-page","3":"status-publish","5":"entry"},"acf":[],"yoast_head":"<!-- This site is optimized with the Yoast SEO plugin v27.2 - https:\/\/yoast.com\/product\/yoast-seo-wordpress\/ -->\n<title>What Is An Accident Report?<\/title>\n<meta name=\"description\" content=\"What Is An Accident Report?: Premier Law Group helps you unlock the full compensation you deserve. No Fee Unless We Win.\" \/>\n<meta name=\"robots\" content=\"index, follow, max-snippet:-1, max-image-preview:large, max-video-preview:-1\" \/>\n<link rel=\"canonical\" href=\"https:\/\/plg-pllc.com\/es\/faqs\/what-is-in-an-accident-report\/\" \/>\n<meta property=\"og:locale\" content=\"es_MX\" \/>\n<meta property=\"og:type\" content=\"article\" \/>\n<meta property=\"og:title\" content=\"What Is An Accident Report?\" \/>\n<meta property=\"og:description\" content=\"What Is An Accident Report?: Premier Law Group helps you unlock the full compensation you deserve. No Fee Unless We Win.\" \/>\n<meta property=\"og:url\" content=\"https:\/\/plg-pllc.com\/es\/faqs\/what-is-in-an-accident-report\/\" \/>\n<meta property=\"og:site_name\" content=\"Premier Law Group\" \/>\n<meta property=\"article:publisher\" content=\"https:\/\/www.facebook.com\/premierlawgroup\" \/>\n<meta property=\"article:modified_time\" content=\"2024-10-18T16:13:35+00:00\" \/>\n<meta name=\"twitter:card\" content=\"summary_large_image\" \/>\n<meta name=\"twitter:site\" content=\"@premierlawgroup\" \/>\n<meta name=\"twitter:label1\" content=\"Tiempo de lectura\" \/>\n\t<meta name=\"twitter:data1\" content=\"2 minutos\" \/>\n<script type=\"application\/ld+json\" class=\"yoast-schema-graph\">{\"@context\":\"https:\/\/schema.org\",\"@graph\":[{\"@type\":\"WebPage\",\"@id\":\"https:\/\/plg-pllc.com\/faqs\/what-is-in-an-accident-report\/\",\"url\":\"https:\/\/plg-pllc.com\/faqs\/what-is-in-an-accident-report\/\",\"name\":\"What Is An Accident Report?\",\"isPartOf\":{\"@id\":\"https:\/\/plg-pllc.com\/#website\"},\"datePublished\":\"2020-03-22T01:49:53+00:00\",\"dateModified\":\"2024-10-18T16:13:35+00:00\",\"description\":\"What Is An Accident Report?: Premier Law Group helps you unlock the full compensation you deserve. No Fee Unless We Win.\",\"breadcrumb\":{\"@id\":\"https:\/\/plg-pllc.com\/faqs\/what-is-in-an-accident-report\/#breadcrumb\"},\"inLanguage\":\"es\",\"potentialAction\":[{\"@type\":\"ReadAction\",\"target\":[\"https:\/\/plg-pllc.com\/faqs\/what-is-in-an-accident-report\/\"]}]},{\"@type\":\"BreadcrumbList\",\"@id\":\"https:\/\/plg-pllc.com\/faqs\/what-is-in-an-accident-report\/#breadcrumb\",\"itemListElement\":[{\"@type\":\"ListItem\",\"position\":1,\"name\":\"Home\",\"item\":\"https:\/\/plg-pllc.com\/es\/\"},{\"@type\":\"ListItem\",\"position\":2,\"name\":\"FAQs\",\"item\":\"https:\/\/plg-pllc.com\/es\/faqs\/\"},{\"@type\":\"ListItem\",\"position\":3,\"name\":\"What Is An Accident Report?\"}]},{\"@type\":\"WebSite\",\"@id\":\"https:\/\/plg-pllc.com\/#website\",\"url\":\"https:\/\/plg-pllc.com\/\",\"name\":\"Premier Law Group\",\"description\":\"Washington Wrongful Death and Serious Injury Lawyer\",\"publisher\":{\"@id\":\"https:\/\/plg-pllc.com\/#organization\"},\"inLanguage\":\"es\"},{\"@type\":\"Organization\",\"@id\":\"https:\/\/plg-pllc.com\/#organization\",\"name\":\"Premier Law Group\",\"url\":\"https:\/\/plg-pllc.com\/\",\"logo\":{\"@type\":\"ImageObject\",\"inLanguage\":\"es\",\"@id\":\"https:\/\/plg-pllc.com\/#\/schema\/logo\/image\/\",\"url\":\"https:\/\/plg-pllc.com\/wp-content\/uploads\/2020\/10\/plg-logo-v2.gif\",\"contentUrl\":\"https:\/\/plg-pllc.com\/wp-content\/uploads\/2020\/10\/plg-logo-v2.gif\",\"width\":592,\"height\":191,\"caption\":\"Premier Law Group\"},\"image\":{\"@id\":\"https:\/\/plg-pllc.com\/#\/schema\/logo\/image\/\"},\"sameAs\":[\"https:\/\/www.facebook.com\/premierlawgroup\",\"https:\/\/x.com\/premierlawgroup\"]}]}<\/script>\n<!-- \/ Yoast SEO plugin. -->","yoast_head_json":{"title":"\u00bfQu\u00e9 es un informe de accidente?","description":"\u00bfQu\u00e9 es un informe de accidente?: Premier Law Group le ayuda a obtener la compensaci\u00f3n total que merece. Sin cargo a menos que ganemos.","robots":{"index":"index","follow":"follow","max-snippet":"max-snippet:-1","max-image-preview":"max-image-preview:large","max-video-preview":"max-video-preview:-1"},"canonical":"https:\/\/plg-pllc.com\/es\/faqs\/what-is-in-an-accident-report\/","og_locale":"es_MX","og_type":"article","og_title":"What Is An Accident Report?","og_description":"What Is An Accident Report?: Premier Law Group helps you unlock the full compensation you deserve. No Fee Unless We Win.","og_url":"https:\/\/plg-pllc.com\/es\/faqs\/what-is-in-an-accident-report\/","og_site_name":"Premier Law Group","article_publisher":"https:\/\/www.facebook.com\/premierlawgroup","article_modified_time":"2024-10-18T16:13:35+00:00","twitter_card":"summary_large_image","twitter_site":"@premierlawgroup","twitter_misc":{"Tiempo de lectura":"2 minutos"},"schema":{"@context":"https:\/\/schema.org","@graph":[{"@type":"WebPage","@id":"https:\/\/plg-pllc.com\/faqs\/what-is-in-an-accident-report\/","url":"https:\/\/plg-pllc.com\/faqs\/what-is-in-an-accident-report\/","name":"\u00bfQu\u00e9 es un informe de accidente?","isPartOf":{"@id":"https:\/\/plg-pllc.com\/#website"},"datePublished":"2020-03-22T01:49:53+00:00","dateModified":"2024-10-18T16:13:35+00:00","description":"\u00bfQu\u00e9 es un informe de accidente?: Premier Law Group le ayuda a obtener la compensaci\u00f3n total que merece. Sin cargo a menos que ganemos.","breadcrumb":{"@id":"https:\/\/plg-pllc.com\/faqs\/what-is-in-an-accident-report\/#breadcrumb"},"inLanguage":"es","potentialAction":[{"@type":"ReadAction","target":["https:\/\/plg-pllc.com\/faqs\/what-is-in-an-accident-report\/"]}]},{"@type":"BreadcrumbList","@id":"https:\/\/plg-pllc.com\/faqs\/what-is-in-an-accident-report\/#breadcrumb","itemListElement":[{"@type":"ListItem","position":1,"name":"Home","item":"https:\/\/plg-pllc.com\/es\/"},{"@type":"ListItem","position":2,"name":"FAQs","item":"https:\/\/plg-pllc.com\/es\/faqs\/"},{"@type":"ListItem","position":3,"name":"What Is An Accident Report?"}]},{"@type":"WebSite","@id":"https:\/\/plg-pllc.com\/#website","url":"https:\/\/plg-pllc.com\/","name":"Grupo de abogados Premier","description":"Abogado de muerte por negligencia y lesiones graves en Washington","publisher":{"@id":"https:\/\/plg-pllc.com\/#organization"},"inLanguage":"es"},{"@type":"Organization","@id":"https:\/\/plg-pllc.com\/#organization","name":"Grupo de abogados Premier","url":"https:\/\/plg-pllc.com\/","logo":{"@type":"ImageObject","inLanguage":"es","@id":"https:\/\/plg-pllc.com\/#\/schema\/logo\/image\/","url":"https:\/\/plg-pllc.com\/wp-content\/uploads\/2020\/10\/plg-logo-v2.gif","contentUrl":"https:\/\/plg-pllc.com\/wp-content\/uploads\/2020\/10\/plg-logo-v2.gif","width":592,"height":191,"caption":"Premier Law Group"},"image":{"@id":"https:\/\/plg-pllc.com\/#\/schema\/logo\/image\/"},"sameAs":["https:\/\/www.facebook.com\/premierlawgroup","https:\/\/x.com\/premierlawgroup"]}]}},"_links":{"self":[{"href":"https:\/\/plg-pllc.com\/es\/wp-json\/wp\/v2\/pages\/17401","targetHints":{"allow":["GET"]}}],"collection":[{"href":"https:\/\/plg-pllc.com\/es\/wp-json\/wp\/v2\/pages"}],"about":[{"href":"https:\/\/plg-pllc.com\/es\/wp-json\/wp\/v2\/types\/page"}],"author":[{"embeddable":true,"href":"https:\/\/plg-pllc.com\/es\/wp-json\/wp\/v2\/users\/1"}],"replies":[{"embeddable":true,"href":"https:\/\/plg-pllc.com\/es\/wp-json\/wp\/v2\/comments?post=17401"}],"version-history":[{"count":0,"href":"https:\/\/plg-pllc.com\/es\/wp-json\/wp\/v2\/pages\/17401\/revisions"}],"up":[{"embeddable":true,"href":"https:\/\/plg-pllc.com\/es\/wp-json\/wp\/v2\/pages\/20714"}],"wp:attachment":[{"href":"https:\/\/plg-pllc.com\/es\/wp-json\/wp\/v2\/media?parent=17401"}],"wp:term":[{"taxonomy":"hc_faqs","embeddable":true,"href":"https:\/\/plg-pllc.com\/es\/wp-json\/wp\/v2\/hc_faqs?post=17401"}],"curies":[{"name":"gracias","href":"https:\/\/api.w.org\/{rel}","templated":true}]}}