{"id":17422,"date":"2020-03-27T14:02:21","date_gmt":"2020-03-27T21:02:21","guid":{"rendered":"https:\/\/plg-pllc.com\/?page_id=17422"},"modified":"2024-11-07T04:12:09","modified_gmt":"2024-11-07T12:12:09","slug":"kristina-ohlinger-marino","status":"publish","type":"page","link":"https:\/\/plg-pllc.com\/es\/about-us\/attorneys\/kristina-ohlinger-marino\/","title":{"rendered":"Kristina Marino"},"content":{"rendered":"<p>Kristina Marino sabe que cada cliente merece un defensor que est\u00e9 dispuesto a dedicar una cantidad ilimitada de tiempo y esfuerzo a su caso. Como abogada asociada, Kristi se centra en demandas por lesiones personales.<\/p>\n<p>Kristina Marino es oriunda del estado de Washington y creci\u00f3 en Edmonds. Obtuvo un t\u00edtulo en Psicolog\u00eda de la Universidad de Washington en 2014 y un Doctorado en Jurisprudencia de la Universidad de Seattle en 2019. Durante su tiempo en la Facultad de Derecho de la Universidad de Seattle, particip\u00f3 activamente en el Colegio de Abogados del Condado de King y en una competencia nacional de negociaci\u00f3n. Se uni\u00f3 a Premier Law Group como abogada asociada en 2020.<\/p>\n<p>Como alguien que tiene experiencia personal con lesiones personales y accidentes automovil\u00edsticos, quiere ayudar a otros a sortear los obst\u00e1culos y barreras que se pueden presentar en el sistema legal. Mientras estaba en la universidad, Kristi sufri\u00f3 un desafortunado accidente que la dej\u00f3 sin auto y sufriendo un inmenso dolor. Afortunadamente, pudo contactar a un abogado que la ayud\u00f3 a comprender las complejidades de las compa\u00f1\u00edas de seguros, la importancia de ser sincero y honesto sobre el accidente y los conceptos b\u00e1sicos de qu\u00e9 hacer si vuelve a sufrir un accidente. A partir de esta experiencia, Kristi aprendi\u00f3 la importancia de tener un defensor que luche por ella en cada paso del camino y le brinde actualizaciones de estado si se lo solicita. Kristi planea usar esta experiencia de aprendizaje personal para brindar la mejor atenci\u00f3n, apoyo y esfuerzo a cada uno de sus clientes.<\/p>\n<p>Si no est\u00e1 trabajando, Kristi probablemente est\u00e9 pasando tiempo con su prometido, Daniel, y su gato, Larry. Tambi\u00e9n le gusta el f\u00fatbol universitario (\u00a1Vamos, Dawgs!), hacer caminatas, viajar y explorar nuevas cervecer\u00edas locales. Kristi siempre est\u00e1 dispuesta a probar nuevas clases de ejercicio, ya sea barra, ciclismo, pilates o gimnasia. Como entusiasta del hockey, est\u00e1 muy emocionada por la llegada de la NHL a Seattle.<\/p>","protected":false},"excerpt":{"rendered":"<p>Kristina Marino sabe que cada cliente merece un defensor que est\u00e9 dispuesto a dedicar una cantidad infinita de tiempo y esfuerzo a su caso. Como abogada asociada, Kristi se centra en reclamos por lesiones personales. Kristina Marino es oriunda del estado de Washington y creci\u00f3 en Edmonds. Obtuvo un t\u00edtulo en Psicolog\u00eda \u2026<\/p>","protected":false},"author":1,"featured_media":17425,"parent":9,"menu_order":0,"comment_status":"closed","ping_status":"closed","template":"page-templates\/single-attorney.php","meta":{"_acf_changed":false,"_genesis_hide_title":false,"_genesis_hide_breadcrumbs":false,"_genesis_hide_singular_image":false,"_genesis_hide_footer_widgets":false,"_genesis_custom_body_class":"","_genesis_custom_post_class":"","_genesis_layout":"","footnotes":""},"hc_faqs":[],"class_list":{"0":"post-17422","1":"page","2":"type-page","3":"status-publish","4":"has-post-thumbnail","6":"entry"},"acf":[],"yoast_head":"<!-- This site is optimized with the Yoast SEO plugin v27.5 - https:\/\/yoast.com\/product\/yoast-seo-wordpress\/ -->\n<title>Contact Attorney Kristina Marino | Free Case Review<\/title>\n<meta name=\"description\" content=\"Washington Personal Injury Attorney Kristina Ohlinger knows that every client deserves an unwavering advocate who keeps them informed. 206.880.7236\" \/>\n<meta name=\"robots\" content=\"index, follow, max-snippet:-1, max-image-preview:large, max-video-preview:-1\" \/>\n<link rel=\"canonical\" href=\"https:\/\/plg-pllc.com\/es\/about-us\/attorneys\/kristina-ohlinger-marino\/\" \/>\n<meta property=\"og:locale\" content=\"es_MX\" \/>\n<meta property=\"og:type\" content=\"article\" \/>\n<meta property=\"og:title\" content=\"Contact Attorney Kristina Marino | Free Case Review\" \/>\n<meta property=\"og:description\" content=\"Washington Personal Injury Attorney Kristina Ohlinger knows that every client deserves an unwavering advocate who keeps them informed. 206.880.7236\" \/>\n<meta property=\"og:url\" content=\"https:\/\/plg-pllc.com\/es\/about-us\/attorneys\/kristina-ohlinger-marino\/\" \/>\n<meta property=\"og:site_name\" content=\"Premier Law Group\" \/>\n<meta property=\"article:publisher\" content=\"https:\/\/www.facebook.com\/premierlawgroup\" \/>\n<meta property=\"article:modified_time\" content=\"2024-11-07T12:12:09+00:00\" \/>\n<meta property=\"og:image\" content=\"https:\/\/plg-pllc.com\/wp-content\/uploads\/2020\/03\/kristina-ohlinger.jpg\" \/>\n\t<meta property=\"og:image:width\" content=\"500\" \/>\n\t<meta property=\"og:image:height\" content=\"750\" \/>\n\t<meta property=\"og:image:type\" content=\"image\/jpeg\" \/>\n<meta name=\"twitter:card\" content=\"summary_large_image\" \/>\n<meta name=\"twitter:site\" content=\"@premierlawgroup\" \/>\n<meta name=\"twitter:label1\" content=\"Tiempo de lectura\" \/>\n\t<meta name=\"twitter:data1\" content=\"2 minutos\" \/>\n<script type=\"application\/ld+json\" class=\"yoast-schema-graph\">{\"@context\":\"https:\\\/\\\/schema.org\",\"@graph\":[{\"@type\":\"WebPage\",\"@id\":\"https:\\\/\\\/plg-pllc.com\\\/about-us\\\/attorneys\\\/kristina-ohlinger-marino\\\/\",\"url\":\"https:\\\/\\\/plg-pllc.com\\\/about-us\\\/attorneys\\\/kristina-ohlinger-marino\\\/\",\"name\":\"Contact Attorney Kristina Marino | Free Case Review\",\"isPartOf\":{\"@id\":\"https:\\\/\\\/plg-pllc.com\\\/#website\"},\"primaryImageOfPage\":{\"@id\":\"https:\\\/\\\/plg-pllc.com\\\/about-us\\\/attorneys\\\/kristina-ohlinger-marino\\\/#primaryimage\"},\"image\":{\"@id\":\"https:\\\/\\\/plg-pllc.com\\\/about-us\\\/attorneys\\\/kristina-ohlinger-marino\\\/#primaryimage\"},\"thumbnailUrl\":\"https:\\\/\\\/plg-pllc.com\\\/wp-content\\\/uploads\\\/2020\\\/03\\\/kristina-ohlinger.jpg\",\"datePublished\":\"2020-03-27T21:02:21+00:00\",\"dateModified\":\"2024-11-07T12:12:09+00:00\",\"description\":\"Washington Personal Injury Attorney Kristina Ohlinger knows that every client deserves an unwavering advocate who keeps them informed. 206.880.7236\",\"breadcrumb\":{\"@id\":\"https:\\\/\\\/plg-pllc.com\\\/about-us\\\/attorneys\\\/kristina-ohlinger-marino\\\/#breadcrumb\"},\"inLanguage\":\"es\",\"potentialAction\":[{\"@type\":\"ReadAction\",\"target\":[\"https:\\\/\\\/plg-pllc.com\\\/about-us\\\/attorneys\\\/kristina-ohlinger-marino\\\/\"]}]},{\"@type\":\"ImageObject\",\"inLanguage\":\"es\",\"@id\":\"https:\\\/\\\/plg-pllc.com\\\/about-us\\\/attorneys\\\/kristina-ohlinger-marino\\\/#primaryimage\",\"url\":\"https:\\\/\\\/plg-pllc.com\\\/wp-content\\\/uploads\\\/2020\\\/03\\\/kristina-ohlinger.jpg\",\"contentUrl\":\"https:\\\/\\\/plg-pllc.com\\\/wp-content\\\/uploads\\\/2020\\\/03\\\/kristina-ohlinger.jpg\",\"width\":500,\"height\":750,\"caption\":\"Kristina Ohlinger Attorney\"},{\"@type\":\"BreadcrumbList\",\"@id\":\"https:\\\/\\\/plg-pllc.com\\\/about-us\\\/attorneys\\\/kristina-ohlinger-marino\\\/#breadcrumb\",\"itemListElement\":[{\"@type\":\"ListItem\",\"position\":1,\"name\":\"Home\",\"item\":\"https:\\\/\\\/plg-pllc.com\\\/es\\\/\"},{\"@type\":\"ListItem\",\"position\":2,\"name\":\"About Us\",\"item\":\"https:\\\/\\\/plg-pllc.com\\\/es\\\/about-us\\\/\"},{\"@type\":\"ListItem\",\"position\":3,\"name\":\"Our Attorneys\",\"item\":\"https:\\\/\\\/plg-pllc.com\\\/es\\\/about-us\\\/attorneys\\\/\"},{\"@type\":\"ListItem\",\"position\":4,\"name\":\"Kristina Marino\"}]},{\"@type\":\"WebSite\",\"@id\":\"https:\\\/\\\/plg-pllc.com\\\/#website\",\"url\":\"https:\\\/\\\/plg-pllc.com\\\/\",\"name\":\"Premier Law Group\",\"description\":\"Washington Wrongful Death and Serious Injury Lawyer\",\"publisher\":{\"@id\":\"https:\\\/\\\/plg-pllc.com\\\/#organization\"},\"inLanguage\":\"es\"},{\"@type\":\"Organization\",\"@id\":\"https:\\\/\\\/plg-pllc.com\\\/#organization\",\"name\":\"Premier Law Group\",\"url\":\"https:\\\/\\\/plg-pllc.com\\\/\",\"logo\":{\"@type\":\"ImageObject\",\"inLanguage\":\"es\",\"@id\":\"https:\\\/\\\/plg-pllc.com\\\/#\\\/schema\\\/logo\\\/image\\\/\",\"url\":\"https:\\\/\\\/plg-pllc.com\\\/wp-content\\\/uploads\\\/2020\\\/10\\\/plg-logo-v2.gif\",\"contentUrl\":\"https:\\\/\\\/plg-pllc.com\\\/wp-content\\\/uploads\\\/2020\\\/10\\\/plg-logo-v2.gif\",\"width\":592,\"height\":191,\"caption\":\"Premier Law Group\"},\"image\":{\"@id\":\"https:\\\/\\\/plg-pllc.com\\\/#\\\/schema\\\/logo\\\/image\\\/\"},\"sameAs\":[\"https:\\\/\\\/www.facebook.com\\\/premierlawgroup\",\"https:\\\/\\\/x.com\\\/premierlawgroup\"]}]}<\/script>\n<!-- \/ Yoast SEO plugin. -->","yoast_head_json":{"title":"Contacte a la abogada Kristina Marino | Revisi\u00f3n gratuita de su caso","description":"La abogada de lesiones personales de Washington, Kristina Ohlinger, sabe que cada cliente merece un defensor inquebrantable que lo mantenga informado. 206.880.7236","robots":{"index":"index","follow":"follow","max-snippet":"max-snippet:-1","max-image-preview":"max-image-preview:large","max-video-preview":"max-video-preview:-1"},"canonical":"https:\/\/plg-pllc.com\/es\/about-us\/attorneys\/kristina-ohlinger-marino\/","og_locale":"es_MX","og_type":"article","og_title":"Contact Attorney Kristina Marino | Free Case Review","og_description":"Washington Personal Injury Attorney Kristina Ohlinger knows that every client deserves an unwavering advocate who keeps them informed. 206.880.7236","og_url":"https:\/\/plg-pllc.com\/es\/about-us\/attorneys\/kristina-ohlinger-marino\/","og_site_name":"Premier Law Group","article_publisher":"https:\/\/www.facebook.com\/premierlawgroup","article_modified_time":"2024-11-07T12:12:09+00:00","og_image":[{"width":500,"height":750,"url":"https:\/\/plg-pllc.com\/wp-content\/uploads\/2020\/03\/kristina-ohlinger.jpg","type":"image\/jpeg"}],"twitter_card":"summary_large_image","twitter_site":"@premierlawgroup","twitter_misc":{"Tiempo de lectura":"2 minutos"},"schema":{"@context":"https:\/\/schema.org","@graph":[{"@type":"WebPage","@id":"https:\/\/plg-pllc.com\/about-us\/attorneys\/kristina-ohlinger-marino\/","url":"https:\/\/plg-pllc.com\/about-us\/attorneys\/kristina-ohlinger-marino\/","name":"Contacte a la abogada Kristina Marino | Revisi\u00f3n gratuita de su caso","isPartOf":{"@id":"https:\/\/plg-pllc.com\/#website"},"primaryImageOfPage":{"@id":"https:\/\/plg-pllc.com\/about-us\/attorneys\/kristina-ohlinger-marino\/#primaryimage"},"image":{"@id":"https:\/\/plg-pllc.com\/about-us\/attorneys\/kristina-ohlinger-marino\/#primaryimage"},"thumbnailUrl":"https:\/\/plg-pllc.com\/wp-content\/uploads\/2020\/03\/kristina-ohlinger.jpg","datePublished":"2020-03-27T21:02:21+00:00","dateModified":"2024-11-07T12:12:09+00:00","description":"La abogada de lesiones personales de Washington, Kristina Ohlinger, sabe que cada cliente merece un defensor inquebrantable que lo mantenga informado. 206.880.7236","breadcrumb":{"@id":"https:\/\/plg-pllc.com\/about-us\/attorneys\/kristina-ohlinger-marino\/#breadcrumb"},"inLanguage":"es","potentialAction":[{"@type":"ReadAction","target":["https:\/\/plg-pllc.com\/about-us\/attorneys\/kristina-ohlinger-marino\/"]}]},{"@type":"ImageObject","inLanguage":"es","@id":"https:\/\/plg-pllc.com\/about-us\/attorneys\/kristina-ohlinger-marino\/#primaryimage","url":"https:\/\/plg-pllc.com\/wp-content\/uploads\/2020\/03\/kristina-ohlinger.jpg","contentUrl":"https:\/\/plg-pllc.com\/wp-content\/uploads\/2020\/03\/kristina-ohlinger.jpg","width":500,"height":750,"caption":"Kristina Ohlinger Attorney"},{"@type":"BreadcrumbList","@id":"https:\/\/plg-pllc.com\/about-us\/attorneys\/kristina-ohlinger-marino\/#breadcrumb","itemListElement":[{"@type":"ListItem","position":1,"name":"Home","item":"https:\/\/plg-pllc.com\/es\/"},{"@type":"ListItem","position":2,"name":"About Us","item":"https:\/\/plg-pllc.com\/es\/about-us\/"},{"@type":"ListItem","position":3,"name":"Our Attorneys","item":"https:\/\/plg-pllc.com\/es\/about-us\/attorneys\/"},{"@type":"ListItem","position":4,"name":"Kristina Marino"}]},{"@type":"WebSite","@id":"https:\/\/plg-pllc.com\/#website","url":"https:\/\/plg-pllc.com\/","name":"Grupo de abogados Premier","description":"Abogado de muerte por negligencia y lesiones graves en Washington","publisher":{"@id":"https:\/\/plg-pllc.com\/#organization"},"inLanguage":"es"},{"@type":"Organization","@id":"https:\/\/plg-pllc.com\/#organization","name":"Grupo de abogados Premier","url":"https:\/\/plg-pllc.com\/","logo":{"@type":"ImageObject","inLanguage":"es","@id":"https:\/\/plg-pllc.com\/#\/schema\/logo\/image\/","url":"https:\/\/plg-pllc.com\/wp-content\/uploads\/2020\/10\/plg-logo-v2.gif","contentUrl":"https:\/\/plg-pllc.com\/wp-content\/uploads\/2020\/10\/plg-logo-v2.gif","width":592,"height":191,"caption":"Premier Law Group"},"image":{"@id":"https:\/\/plg-pllc.com\/#\/schema\/logo\/image\/"},"sameAs":["https:\/\/www.facebook.com\/premierlawgroup","https:\/\/x.com\/premierlawgroup"]}]}},"_links":{"self":[{"href":"https:\/\/plg-pllc.com\/es\/wp-json\/wp\/v2\/pages\/17422","targetHints":{"allow":["GET"]}}],"collection":[{"href":"https:\/\/plg-pllc.com\/es\/wp-json\/wp\/v2\/pages"}],"about":[{"href":"https:\/\/plg-pllc.com\/es\/wp-json\/wp\/v2\/types\/page"}],"author":[{"embeddable":true,"href":"https:\/\/plg-pllc.com\/es\/wp-json\/wp\/v2\/users\/1"}],"replies":[{"embeddable":true,"href":"https:\/\/plg-pllc.com\/es\/wp-json\/wp\/v2\/comments?post=17422"}],"version-history":[{"count":0,"href":"https:\/\/plg-pllc.com\/es\/wp-json\/wp\/v2\/pages\/17422\/revisions"}],"up":[{"embeddable":true,"href":"https:\/\/plg-pllc.com\/es\/wp-json\/wp\/v2\/pages\/9"}],"wp:featuredmedia":[{"embeddable":true,"href":"https:\/\/plg-pllc.com\/es\/wp-json\/wp\/v2\/media\/17425"}],"wp:attachment":[{"href":"https:\/\/plg-pllc.com\/es\/wp-json\/wp\/v2\/media?parent=17422"}],"wp:term":[{"taxonomy":"hc_faqs","embeddable":true,"href":"https:\/\/plg-pllc.com\/es\/wp-json\/wp\/v2\/hc_faqs?post=17422"}],"curies":[{"name":"gracias","href":"https:\/\/api.w.org\/{rel}","templated":true}]}}