{"id":17435,"date":"2020-04-02T12:23:47","date_gmt":"2020-04-02T19:23:47","guid":{"rendered":"https:\/\/plg-pllc.com\/?p=17435"},"modified":"2024-11-07T04:12:21","modified_gmt":"2024-11-07T12:12:21","slug":"personal-injury-during-a-pandemic-what-to-do","status":"publish","type":"page","link":"https:\/\/plg-pllc.com\/es\/faqs\/what-to-do-personal-injury-pandemic\/","title":{"rendered":"Lesiones personales durante una pandemia: qu\u00e9 hacer"},"content":{"rendered":"<p><span style=\"font-weight: 400;\">\u00bfQu\u00e9 debo hacer si sufro una lesi\u00f3n personal durante esta pandemia? En enero de 2020, el Departamento de Salud del Estado de Washington confirm\u00f3 el primer caso de COVID-19 (una enfermedad infecciosa causada por el nuevo coronavirus) en los Estados Unidos. En los \u00faltimos dos meses, la pandemia se ha extendido por todo el mundo. En un esfuerzo por controlar el brote mortal, el gobernador Jay Inslee emiti\u00f3 una orden de quedarse en casa, mantenerse sano, que exige que las personas en Washington permanezcan en sus residencias excepto para realizar actividades esenciales.\u00a0\u00a0<\/span><\/p>\n<p><span style=\"font-weight: 400;\">Por supuesto, la vida debe continuar durante este momento dif\u00edcil. Lamentablemente, los accidentes pueden ocurrir y siguen ocurriendo durante la pandemia de 2020. Esto plantea una pregunta importante: <\/span><i><span style=\"font-weight: 400;\">\u00bfQu\u00e9 debe hacer si sufre una lesi\u00f3n personal durante el brote de coronavirus?<\/span><\/i><span style=\"font-weight: 400;\"> Hay algunas consideraciones \u00fanicas. Aqu\u00ed, nuestro <\/span><a href=\"https:\/\/plg-pllc.com\/seattle\/personal-injury-lawyer\/\"><span style=\"font-weight: 400;\">Abogados de lesiones personales en Washington<\/span><\/a><span style=\"font-weight: 400;\"> Explique lo que necesita saber si usted o su ser querido sufre da\u00f1os graves durante la pandemia de COVID-19.\u00a0<\/span><\/p>\n<h2>Cinco cosas que debe hacer si sufre una lesi\u00f3n personal durante la pandemia de 2020<\/h2><h3><b><i>Busque atenci\u00f3n m\u00e9dica inmediata para su lesi\u00f3n personal<\/i><\/b><\/h3><p><span style=\"font-weight: 400;\">Todas las lesiones personales graves requieren atenci\u00f3n m\u00e9dica profesional. Si bien las necesidades m\u00e9dicas de emergencia siempre son primordiales, las lesiones personales que parezcan ser leves o moderadas tambi\u00e9n deben ser examinadas por un m\u00e9dico calificado. Si bien el brote de COVID-19 actualmente est\u00e1 ejerciendo una enorme presi\u00f3n sobre el sistema de atenci\u00f3n m\u00e9dica, a\u00fan hay recursos disponibles para tratar otras lesiones y enfermedades personales. No se deje disuadir de consultar a un m\u00e9dico debido al coronavirus. Los accidentes automovil\u00edsticos (y otros accidentes) a\u00fan ocurren y las v\u00edctimas lesionadas tienen derecho a recibir atenci\u00f3n m\u00e9dica. Por supuesto, es importante tomar las precauciones de seguridad adecuadas al recibir ayuda.\u00a0<\/span><\/p><h3><b><i>Intente documentar su accidente y sus lesiones\u00a0<\/i><\/b><\/h3><p><span style=\"font-weight: 400;\">Para presentar una demanda por lesiones personales con \u00e9xito, necesita pruebas s\u00f3lidas de respaldo. En el proceso de demanda, se le pedir\u00e1 que demuestre tanto la responsabilidad del demandado como el alcance de sus da\u00f1os. Cuantas m\u00e1s pruebas tenga, m\u00e1s f\u00e1cil ser\u00e1 reclamar una compensaci\u00f3n econ\u00f3mica completa y justa por sus lesiones.\u00a0<\/span><\/p>\n<p><span style=\"font-weight: 400;\">Por ejemplo, si result\u00f3 herido en un accidente de tr\u00e1fico, debe intercambiar informaci\u00f3n con el otro conductor, informar del accidente a las autoridades, tomar fotograf\u00edas y obtener los datos de contacto de los testigos. Dicho esto, es importante tener en cuenta la pandemia cuando trate con otras personas o intente reunir pruebas. Tenga cuidado y trate de mantener la mayor distancia social posible.\u00a0<\/span><\/p>\n        <div class=\"rs-content-cta long\">\n            <p>Para una consulta legal GRATUITA, llame al <a href=\"tel:+12062851743\">(206) 285-1743 <\/a><\/p>\n            <a href=\"https:\/\/plg-pllc.com\/es\/contact-us\/\" title=\"OBTENGA UNA EVALUACI\u00d3N DE CASO GRATUITA\" class=\"btn-global\">OBTENGA UNA EVALUACI\u00d3N DE CASO GRATUITA<\/a>\n                    <picture>\n                            <source srcset=\"https:\/\/plg-pllc.com\/wp-content\/themes\/plg-pllc-redesign\/assets\/app\/img\/cta-thumb.webp\" type=\"image\/webp\"\/>\n                            <img src=\"https:\/\/plg-pllc.com\/wp-content\/themes\/plg-pllc-redesign\/assets\/app\/img\/cta-thumb.png\" alt=\"Grupo de abogados Premier\" title=\"Grupo de abogados Premier\" width=\"245\" height=\"220\" loading=\"auto\" fetchpriority=\"auto\" decoding=\"async\"\/>\n        <\/picture>\n        \n        <\/div><h3><b><i>Evite el contacto social innecesario\u00a0<\/i><\/b><\/h3><p><span style=\"font-weight: 400;\">El distanciamiento social es una de las claves para derrotar al brote de COVID-19. Seg\u00fan lo recomendado por la Organizaci\u00f3n Mundial de la Salud (OMS) y los Centros para el Control y la Prevenci\u00f3n de Enfermedades (CDC), debe mantener al menos seis pies de distancia entre usted y otras personas, al menos siempre que sea posible. Incluso despu\u00e9s de un accidente, sigue siendo aconsejable limitar el contacto social innecesario. Si est\u00e1 en condiciones de hacerlo, mantenga la distancia con los dem\u00e1s. El coronavirus es altamente contagioso y las personas pueden tenerlo a pesar de mostrar pocos s\u00edntomas (o ninguno).\u00a0\u00a0<\/span><\/p><h3><b><i>No espere para actuar: el plazo de prescripci\u00f3n est\u00e1 vencido<\/i><\/b><\/h3><p><span style=\"font-weight: 400;\">El brote de COVID-19 ha provocado trastornos en pr\u00e1cticamente todas las industrias. De hecho, incluso la Corte Suprema de los Estados Unidos ha pospuesto temporalmente los argumentos orales. Dicho esto, en su mayor parte, los casos legales siguen avanzando. La epidemia de coronavirus no <\/span><i><span style=\"font-weight: 400;\">no<\/span><\/i><span style=\"font-weight: 400;\"> pausar el plazo de prescripci\u00f3n en Washington.\u00a0<\/span><\/p>\n<p><span style=\"font-weight: 400;\">Si sufri\u00f3 lesiones en un accidente, el plazo de prescripci\u00f3n de su caso a\u00fan est\u00e1 vigente. Sin un final definitivo a la vista, no querr\u00e1 perder tiempo esperando a que termine la pandemia del coronavirus. Nuestro bufete de abogados est\u00e1 listo para ayudarlo. Podemos manejar casos de forma remota y tomar medidas ahora para ponerlo en la mejor posici\u00f3n para recuperar la compensaci\u00f3n financiera completa que se merece.\u00a0<\/span><\/p><h3><b><i>Programe una consulta telef\u00f3nica gratuita y sin compromiso<\/i><\/b><\/h3><p><span style=\"font-weight: 400;\">Aunque gran parte de la vida se ha visto suspendida por el coronavirus, el proceso de reclamaci\u00f3n por lesiones personales a\u00fan puede seguir adelante. En Premier Law Group, nuestros abogados de accidentes de Washington tienen las herramientas, los recursos y la tecnolog\u00eda necesarios para ayudarlo de forma remota. Ofrecemos una consulta telef\u00f3nica gratuita y completamente confidencial. En otras palabras, a\u00fan puede iniciar el proceso de reclamaci\u00f3n por lesiones personales sin visitar una oficina legal.\u00a0<\/span><\/p>\n<h2>Llame a nuestros abogados de lesiones personales de Washington para obtener asistencia inmediata<\/h2>\n<p><span style=\"font-weight: 400;\">En Premier Law Group, nuestros abogados de lesiones personales de Washington son defensores expertos y centrados en el cliente para las v\u00edctimas lesionadas. Durante la dif\u00edcil epidemia de COVID-19, estamos trabajando incansablemente para proteger a las v\u00edctimas lesionadas. Para una consulta telef\u00f3nica gratuita y confidencial, por favor <\/span><a href=\"https:\/\/plg-pllc.com\/contact-us\/\"><span style=\"font-weight: 400;\">Contacte con nuestro despacho de abogados<\/span><\/a><span style=\"font-weight: 400;\"> Ahora podemos trabajar con usted de forma remota. Desde nuestras oficinas en Seattle, Federal Way, Renton y Bellevue, representamos a v\u00edctimas lesionadas en todo el oeste de Washington.<\/span><\/p>\n\n        <div class=\"rs-content-cta\">\n            <p>Llamar o enviar mensaje de texto <a href=\"tel:+12062851743\">(206) 285-1743<\/a> o complete un formulario de evaluaci\u00f3n de caso gratuito<\/p>\n            <a href=\"https:\/\/plg-pllc.com\/es\/contact-us\/\" title=\"OBTENGA UNA EVALUACI\u00d3N DE CASO GRATUITA\" class=\"btn-global\">OBTENGA UNA EVALUACI\u00d3N DE CASO GRATUITA<\/a>\n                    <picture>\n                            <source srcset=\"https:\/\/plg-pllc.com\/wp-content\/themes\/plg-pllc-redesign\/assets\/app\/img\/cta-thumb.webp\" type=\"image\/webp\"\/>\n                            <img src=\"https:\/\/plg-pllc.com\/wp-content\/themes\/plg-pllc-redesign\/assets\/app\/img\/cta-thumb.png\" alt=\"Grupo de abogados Premier\" title=\"Grupo de abogados Premier\" width=\"245\" height=\"220\" loading=\"auto\" fetchpriority=\"auto\" decoding=\"async\"\/>\n        <\/picture>\n        \n        <\/div>","protected":false},"excerpt":{"rendered":"<p>\u00bfQu\u00e9 debo hacer si sufro una lesi\u00f3n personal durante esta pandemia? En enero de 2020, el Departamento de Salud del Estado de Washington confirm\u00f3 el primer caso de COVID-19 (una enfermedad infecciosa causada por el nuevo coronavirus) en los Estados Unidos. En los \u00faltimos dos meses, la pandemia se ha extendido por todo el mundo. En un \u2026<\/p>","protected":false},"author":24,"featured_media":17436,"parent":20714,"menu_order":0,"comment_status":"closed","ping_status":"closed","template":"","meta":{"_acf_changed":false,"_genesis_hide_title":false,"_genesis_hide_breadcrumbs":false,"_genesis_hide_singular_image":false,"_genesis_hide_footer_widgets":false,"_genesis_custom_body_class":"","_genesis_custom_post_class":"","_genesis_layout":"","footnotes":""},"hc_faqs":[10354],"class_list":{"0":"post-17435","1":"page","2":"type-page","3":"status-publish","4":"has-post-thumbnail","6":"hc_faqs-personal-injury","7":"entry"},"acf":[],"yoast_head":"<!-- This site is optimized with the Yoast SEO plugin v27.2 - https:\/\/yoast.com\/product\/yoast-seo-wordpress\/ -->\n<title>Personal Injury During a Pandemic: What to Do<\/title>\n<meta name=\"description\" content=\"Personal Injury During a Pandemic: What to Do: Premier Law Group helps you unlock the full compensation you deserve. No Fee Unless We Win.\" \/>\n<meta name=\"robots\" content=\"index, follow, max-snippet:-1, max-image-preview:large, max-video-preview:-1\" \/>\n<link rel=\"canonical\" href=\"https:\/\/plg-pllc.com\/es\/faqs\/what-to-do-personal-injury-pandemic\/\" \/>\n<meta property=\"og:locale\" content=\"es_MX\" \/>\n<meta property=\"og:type\" content=\"article\" \/>\n<meta property=\"og:title\" content=\"Personal Injury During a Pandemic: What to Do\" \/>\n<meta property=\"og:description\" content=\"Personal Injury During a Pandemic: What to Do: Premier Law Group helps you unlock the full compensation you deserve. No Fee Unless We Win.\" \/>\n<meta property=\"og:url\" content=\"https:\/\/plg-pllc.com\/es\/faqs\/what-to-do-personal-injury-pandemic\/\" \/>\n<meta property=\"og:site_name\" content=\"Premier Law Group\" \/>\n<meta property=\"article:publisher\" content=\"https:\/\/www.facebook.com\/premierlawgroup\" \/>\n<meta property=\"article:modified_time\" content=\"2024-11-07T12:12:21+00:00\" \/>\n<meta property=\"og:image\" content=\"https:\/\/plg-pllc.com\/wp-content\/uploads\/2020\/04\/coronavirus.jpg\" \/>\n\t<meta property=\"og:image:width\" content=\"1640\" \/>\n\t<meta property=\"og:image:height\" content=\"846\" \/>\n\t<meta property=\"og:image:type\" content=\"image\/jpeg\" \/>\n<meta name=\"twitter:card\" content=\"summary_large_image\" \/>\n<meta name=\"twitter:site\" content=\"@premierlawgroup\" \/>\n<meta name=\"twitter:label1\" content=\"Tiempo de lectura\" \/>\n\t<meta name=\"twitter:data1\" content=\"4 minutos\" \/>\n<script type=\"application\/ld+json\" class=\"yoast-schema-graph\">{\"@context\":\"https:\/\/schema.org\",\"@graph\":[{\"@type\":\"WebPage\",\"@id\":\"https:\/\/plg-pllc.com\/faqs\/what-to-do-personal-injury-pandemic\/\",\"url\":\"https:\/\/plg-pllc.com\/faqs\/what-to-do-personal-injury-pandemic\/\",\"name\":\"Personal Injury During a Pandemic: What to Do\",\"isPartOf\":{\"@id\":\"https:\/\/plg-pllc.com\/#website\"},\"primaryImageOfPage\":{\"@id\":\"https:\/\/plg-pllc.com\/faqs\/what-to-do-personal-injury-pandemic\/#primaryimage\"},\"image\":{\"@id\":\"https:\/\/plg-pllc.com\/faqs\/what-to-do-personal-injury-pandemic\/#primaryimage\"},\"thumbnailUrl\":\"https:\/\/plg-pllc.com\/wp-content\/uploads\/2020\/04\/coronavirus.jpg\",\"datePublished\":\"2020-04-02T19:23:47+00:00\",\"dateModified\":\"2024-11-07T12:12:21+00:00\",\"description\":\"Personal Injury During a Pandemic: What to Do: Premier Law Group helps you unlock the full compensation you deserve. No Fee Unless We Win.\",\"breadcrumb\":{\"@id\":\"https:\/\/plg-pllc.com\/faqs\/what-to-do-personal-injury-pandemic\/#breadcrumb\"},\"inLanguage\":\"es\",\"potentialAction\":[{\"@type\":\"ReadAction\",\"target\":[\"https:\/\/plg-pllc.com\/faqs\/what-to-do-personal-injury-pandemic\/\"]}]},{\"@type\":\"ImageObject\",\"inLanguage\":\"es\",\"@id\":\"https:\/\/plg-pllc.com\/faqs\/what-to-do-personal-injury-pandemic\/#primaryimage\",\"url\":\"https:\/\/plg-pllc.com\/wp-content\/uploads\/2020\/04\/coronavirus.jpg\",\"contentUrl\":\"https:\/\/plg-pllc.com\/wp-content\/uploads\/2020\/04\/coronavirus.jpg\",\"width\":1640,\"height\":846,\"caption\":\"coronavirus outbreak COVID-19\"},{\"@type\":\"BreadcrumbList\",\"@id\":\"https:\/\/plg-pllc.com\/faqs\/what-to-do-personal-injury-pandemic\/#breadcrumb\",\"itemListElement\":[{\"@type\":\"ListItem\",\"position\":1,\"name\":\"Home\",\"item\":\"https:\/\/plg-pllc.com\/es\/\"},{\"@type\":\"ListItem\",\"position\":2,\"name\":\"FAQs\",\"item\":\"https:\/\/plg-pllc.com\/es\/faqs\/\"},{\"@type\":\"ListItem\",\"position\":3,\"name\":\"Personal Injury During a Pandemic: What to Do\"}]},{\"@type\":\"WebSite\",\"@id\":\"https:\/\/plg-pllc.com\/#website\",\"url\":\"https:\/\/plg-pllc.com\/\",\"name\":\"Premier Law Group\",\"description\":\"Washington Wrongful Death and Serious Injury Lawyer\",\"publisher\":{\"@id\":\"https:\/\/plg-pllc.com\/#organization\"},\"inLanguage\":\"es\"},{\"@type\":\"Organization\",\"@id\":\"https:\/\/plg-pllc.com\/#organization\",\"name\":\"Premier Law Group\",\"url\":\"https:\/\/plg-pllc.com\/\",\"logo\":{\"@type\":\"ImageObject\",\"inLanguage\":\"es\",\"@id\":\"https:\/\/plg-pllc.com\/#\/schema\/logo\/image\/\",\"url\":\"https:\/\/plg-pllc.com\/wp-content\/uploads\/2020\/10\/plg-logo-v2.gif\",\"contentUrl\":\"https:\/\/plg-pllc.com\/wp-content\/uploads\/2020\/10\/plg-logo-v2.gif\",\"width\":592,\"height\":191,\"caption\":\"Premier Law Group\"},\"image\":{\"@id\":\"https:\/\/plg-pllc.com\/#\/schema\/logo\/image\/\"},\"sameAs\":[\"https:\/\/www.facebook.com\/premierlawgroup\",\"https:\/\/x.com\/premierlawgroup\"]}]}<\/script>\n<!-- \/ Yoast SEO plugin. -->","yoast_head_json":{"title":"Lesiones personales durante una pandemia: qu\u00e9 hacer","description":"Lesiones personales durante una pandemia: qu\u00e9 hacer: Premier Law Group lo ayuda a obtener la compensaci\u00f3n total que merece. Sin cargo a menos que ganemos.","robots":{"index":"index","follow":"follow","max-snippet":"max-snippet:-1","max-image-preview":"max-image-preview:large","max-video-preview":"max-video-preview:-1"},"canonical":"https:\/\/plg-pllc.com\/es\/faqs\/what-to-do-personal-injury-pandemic\/","og_locale":"es_MX","og_type":"article","og_title":"Personal Injury During a Pandemic: What to Do","og_description":"Personal Injury During a Pandemic: What to Do: Premier Law Group helps you unlock the full compensation you deserve. No Fee Unless We Win.","og_url":"https:\/\/plg-pllc.com\/es\/faqs\/what-to-do-personal-injury-pandemic\/","og_site_name":"Premier Law Group","article_publisher":"https:\/\/www.facebook.com\/premierlawgroup","article_modified_time":"2024-11-07T12:12:21+00:00","og_image":[{"width":1640,"height":846,"url":"https:\/\/plg-pllc.com\/wp-content\/uploads\/2020\/04\/coronavirus.jpg","type":"image\/jpeg"}],"twitter_card":"summary_large_image","twitter_site":"@premierlawgroup","twitter_misc":{"Tiempo de lectura":"4 minutos"},"schema":{"@context":"https:\/\/schema.org","@graph":[{"@type":"WebPage","@id":"https:\/\/plg-pllc.com\/faqs\/what-to-do-personal-injury-pandemic\/","url":"https:\/\/plg-pllc.com\/faqs\/what-to-do-personal-injury-pandemic\/","name":"Lesiones personales durante una pandemia: qu\u00e9 hacer","isPartOf":{"@id":"https:\/\/plg-pllc.com\/#website"},"primaryImageOfPage":{"@id":"https:\/\/plg-pllc.com\/faqs\/what-to-do-personal-injury-pandemic\/#primaryimage"},"image":{"@id":"https:\/\/plg-pllc.com\/faqs\/what-to-do-personal-injury-pandemic\/#primaryimage"},"thumbnailUrl":"https:\/\/plg-pllc.com\/wp-content\/uploads\/2020\/04\/coronavirus.jpg","datePublished":"2020-04-02T19:23:47+00:00","dateModified":"2024-11-07T12:12:21+00:00","description":"Lesiones personales durante una pandemia: qu\u00e9 hacer: Premier Law Group lo ayuda a obtener la compensaci\u00f3n total que merece. Sin cargo a menos que ganemos.","breadcrumb":{"@id":"https:\/\/plg-pllc.com\/faqs\/what-to-do-personal-injury-pandemic\/#breadcrumb"},"inLanguage":"es","potentialAction":[{"@type":"ReadAction","target":["https:\/\/plg-pllc.com\/faqs\/what-to-do-personal-injury-pandemic\/"]}]},{"@type":"ImageObject","inLanguage":"es","@id":"https:\/\/plg-pllc.com\/faqs\/what-to-do-personal-injury-pandemic\/#primaryimage","url":"https:\/\/plg-pllc.com\/wp-content\/uploads\/2020\/04\/coronavirus.jpg","contentUrl":"https:\/\/plg-pllc.com\/wp-content\/uploads\/2020\/04\/coronavirus.jpg","width":1640,"height":846,"caption":"coronavirus outbreak COVID-19"},{"@type":"BreadcrumbList","@id":"https:\/\/plg-pllc.com\/faqs\/what-to-do-personal-injury-pandemic\/#breadcrumb","itemListElement":[{"@type":"ListItem","position":1,"name":"Home","item":"https:\/\/plg-pllc.com\/es\/"},{"@type":"ListItem","position":2,"name":"FAQs","item":"https:\/\/plg-pllc.com\/es\/faqs\/"},{"@type":"ListItem","position":3,"name":"Personal Injury During a Pandemic: What to Do"}]},{"@type":"WebSite","@id":"https:\/\/plg-pllc.com\/#website","url":"https:\/\/plg-pllc.com\/","name":"Grupo de abogados Premier","description":"Abogado de muerte por negligencia y lesiones graves en Washington","publisher":{"@id":"https:\/\/plg-pllc.com\/#organization"},"inLanguage":"es"},{"@type":"Organization","@id":"https:\/\/plg-pllc.com\/#organization","name":"Grupo de abogados Premier","url":"https:\/\/plg-pllc.com\/","logo":{"@type":"ImageObject","inLanguage":"es","@id":"https:\/\/plg-pllc.com\/#\/schema\/logo\/image\/","url":"https:\/\/plg-pllc.com\/wp-content\/uploads\/2020\/10\/plg-logo-v2.gif","contentUrl":"https:\/\/plg-pllc.com\/wp-content\/uploads\/2020\/10\/plg-logo-v2.gif","width":592,"height":191,"caption":"Premier Law Group"},"image":{"@id":"https:\/\/plg-pllc.com\/#\/schema\/logo\/image\/"},"sameAs":["https:\/\/www.facebook.com\/premierlawgroup","https:\/\/x.com\/premierlawgroup"]}]}},"_links":{"self":[{"href":"https:\/\/plg-pllc.com\/es\/wp-json\/wp\/v2\/pages\/17435","targetHints":{"allow":["GET"]}}],"collection":[{"href":"https:\/\/plg-pllc.com\/es\/wp-json\/wp\/v2\/pages"}],"about":[{"href":"https:\/\/plg-pllc.com\/es\/wp-json\/wp\/v2\/types\/page"}],"author":[{"embeddable":true,"href":"https:\/\/plg-pllc.com\/es\/wp-json\/wp\/v2\/users\/24"}],"replies":[{"embeddable":true,"href":"https:\/\/plg-pllc.com\/es\/wp-json\/wp\/v2\/comments?post=17435"}],"version-history":[{"count":0,"href":"https:\/\/plg-pllc.com\/es\/wp-json\/wp\/v2\/pages\/17435\/revisions"}],"up":[{"embeddable":true,"href":"https:\/\/plg-pllc.com\/es\/wp-json\/wp\/v2\/pages\/20714"}],"wp:featuredmedia":[{"embeddable":true,"href":"https:\/\/plg-pllc.com\/es\/wp-json\/wp\/v2\/media\/17436"}],"wp:attachment":[{"href":"https:\/\/plg-pllc.com\/es\/wp-json\/wp\/v2\/media?parent=17435"}],"wp:term":[{"taxonomy":"hc_faqs","embeddable":true,"href":"https:\/\/plg-pllc.com\/es\/wp-json\/wp\/v2\/hc_faqs?post=17435"}],"curies":[{"name":"gracias","href":"https:\/\/api.w.org\/{rel}","templated":true}]}}