{"id":17759,"date":"2020-06-23T08:28:13","date_gmt":"2020-06-23T15:28:13","guid":{"rendered":"https:\/\/plg-pllc.com\/?p=17759"},"modified":"2024-11-07T04:12:15","modified_gmt":"2024-11-07T12:12:15","slug":"bike-safety-tip","status":"publish","type":"page","link":"https:\/\/plg-pllc.com\/es\/faqs\/bike-safety-tips\/","title":{"rendered":"Consejos de seguridad para la temporada de ciclismo"},"content":{"rendered":"<p>Siempre hay m\u00e1s ciclistas en la carretera cuando el clima se vuelve c\u00e1lido y el sol comienza a brillar con regularidad. Andar en bicicleta, si bien es una opci\u00f3n de viaje conveniente y ecol\u00f3gica, tambi\u00e9n presenta algunos desaf\u00edos, especialmente cuando se comparte la carretera con los conductores. Aqu\u00ed encontrar\u00e1 consejos importantes de seguridad para ciclistas y recordatorios sobre c\u00f3mo mantenerse a salvo durante la temporada de ciclismo.<\/p>\n<h2><strong>Consejos de seguridad para ciclistas<\/strong><\/h2>\n<h3><em>\u00a1Los cascos salvan vidas! <\/em><\/h3>\n<p>Aseg\u00farese de que el casco se ajuste correctamente. Cuando la correa de la barbilla est\u00e9 abrochada, el casco debe quedar ajustado y c\u00f3modo. No debe poder mover el casco de un lado a otro ni de arriba a abajo cuando lo est\u00e9 usando. Debe quedar nivelado sobre su cabeza (no inclinado) y descansar sobre la frente.<\/p>\n<h3><em>Obedecer la ley<\/em><\/h3>\n<p>La manera m\u00e1s eficaz para que los estados salven vidas (y dinero) es una ley universal sobre el uso del casco. En 2003, la Junta de Salud del Condado de King ampli\u00f3 la <a href=\"https:\/\/wsdot.wa.gov\/travel\/bicycling-walking\/bicycling-washington\">La regulaci\u00f3n del uso de cascos de bicicleta incluir\u00e1 a Seattle<\/a>La norma exige que todos los ciclistas, independientemente de su edad, utilicen casco. Para evitar multas, multas y lesiones, \u00a1simplemente use casco!<\/p>\n<h3><em>Mantente visible<\/em><\/h3>\n<p>Un consejo de seguridad importante para ciclistas es asegurarse de que los dem\u00e1s usuarios de la carretera lo puedan ver desde una distancia considerable. Use siempre colores fluorescentes brillantes, reflectores o equipo reflectante e instale luces delanteras y traseras adecuadas. El estado de Washington exige una luz delantera blanca que sea visible a 500 pies y un reflector trasero rojo.<\/p>\n<p><img loading=\"lazy\" decoding=\"async\" class=\"wp-image-15928 aligncenter\" src=\"https:\/\/plg-pllc.com\/wp-content\/uploads\/2017\/09\/bike-riding-safety-185x300.jpg\" alt=\"Consejo de seguridad para bicicletas\" width=\"464\" height=\"752\" srcset=\"https:\/\/plg-pllc.com\/wp-content\/uploads\/2017\/09\/bike-riding-safety-185x300.jpg 185w, https:\/\/plg-pllc.com\/wp-content\/uploads\/2017\/09\/bike-riding-safety-640x1038.jpg 640w, https:\/\/plg-pllc.com\/wp-content\/uploads\/2017\/09\/bike-riding-safety-1024x1660.jpg 1024w, https:\/\/plg-pllc.com\/wp-content\/uploads\/2017\/09\/bike-riding-safety-1200x1946.jpg 1200w, https:\/\/plg-pllc.com\/wp-content\/uploads\/2017\/09\/bike-riding-safety-768x1245.jpg 768w, https:\/\/plg-pllc.com\/wp-content\/uploads\/2017\/09\/bike-riding-safety-632x1024.jpg 632w, https:\/\/plg-pllc.com\/wp-content\/uploads\/2017\/09\/bike-riding-safety.jpg 1263w\" sizes=\"auto, (max-width: 464px) 100vw, 464px\" \/><\/p>\n<h2><strong>Consejos de seguridad para conductores de bicicletas<\/strong><\/h2>\n<h3><em>No conduzca a exceso de velocidad<\/em><\/h3>\n<p>Siempre es importante respetar el l\u00edmite de velocidad al conducir. Si sigues estos sencillos consejos, podr\u00e1s evitar accidentes con ciclistas y <a href=\"https:\/\/plg-pllc.com\/washington\/pedestrian-accident-lawyer\/\">peatones<\/a>.<\/p>\n<h3><em>Tenga cuidado<\/em><\/h3>\n<p>Mantener la vista en la carretera y estar siempre atento a lo que ocurre a su alrededor es un consejo de seguridad fundamental para los conductores de bicicletas. No env\u00ede mensajes de texto mientras conduce, no conduzca bajo los efectos del alcohol, no conduzca cansado ni haga nada que pueda llevar a cometer errores. Los costos para usted y para los dem\u00e1s pueden ser tr\u00e1gicos.<\/p>\n<h3><em>Comparte el camino<\/em><\/h3>\n<p>Tanto los ciclistas como los conductores deben comprender la importancia de compartir la v\u00eda para una experiencia de viaje segura. Deje un metro y medio de distancia a los ciclistas cuando los sobrepase y nunca los sobrepase cuando la v\u00eda parezca demasiado angosta. Los ciclistas deben utilizar los carriles para bicicletas siempre que sea posible, pero, como conductor, recuerde que los carriles para bicicletas no siempre son una opci\u00f3n. Los ciclistas tienen tanto derecho a la v\u00eda como usted a su autom\u00f3vil.<\/p>\n<p>Si sigue estos consejos de seguridad para andar en bicicleta y aplica su sentido com\u00fan, ser\u00e1 de gran ayuda para mantener la seguridad en las carreteras para todos. \u00a1Disfrute de su bicicleta!<\/p>\n<h2><strong>\u00bfHa resultado herido en un accidente de bicicleta?<\/strong><\/h2>\n<p>Si usted result\u00f3 herido en un <a href=\"https:\/\/plg-pllc.com\/seattle\/bicycle-accident-lawyer\/\">accidente de bicicleta<\/a>Una de las mejores cosas que puede hacer ahora mismo es explorar sus opciones legales. Si el accidente no fue culpa suya, es posible que tenga derecho a una indemnizaci\u00f3n significativa.<\/p>\n<p>Premier Law Group es <a href=\"https:\/\/plg-pllc.com\/about-us\/\">El principal bufete de abogados especializado en lesiones personales de Washington<\/a>Nos describen mejor como <strong>Un equipo realista, dedicado a brindar un servicio al cliente excepcional, especializado en derecho de lesiones personales y comprometido con nuestras comunidades: garant\u00eda<\/strong>Esto es lo que puede esperar cuando se contacte y trabaje con Premier Law Group:<\/p>\n<ol>\n<li><strong>Somos accesibles.<\/strong>\u00a0Cuando se comunique con nosotros acerca de su accidente de bicicleta, hablar\u00e1 directamente con un abogado, no solo con un recepcionista o un especialista en admisiones.<\/li>\n<li><strong>Somos directos.<\/strong>\u00a0No estamos jugando: queremos ayudarle a alcanzar sus objetivos. Por ejemplo, seremos sinceros sobre si necesita un abogado para resolver su reclamaci\u00f3n.<\/li>\n<li><strong>Nos preocupamos.<\/strong>\u00a0Somos personas reales que ayudamos a personas reales con problemas reales. Te han hecho da\u00f1o y mereces una experiencia y un resultado que arregle las cosas lo mejor posible.<\/li>\n<\/ol>\n\n        <div class=\"rs-content-cta long\">\n            <p>Para una consulta legal GRATUITA, llame al <a href=\"tel:+12062851743\">(206) 285-1743 <\/a><\/p>\n            <a href=\"https:\/\/plg-pllc.com\/es\/contact-us\/\" title=\"OBTENGA UNA EVALUACI\u00d3N DE CASO GRATUITA\" class=\"btn-global\">OBTENGA UNA EVALUACI\u00d3N DE CASO GRATUITA<\/a>\n                    <picture>\n                            <source srcset=\"https:\/\/plg-pllc.com\/wp-content\/themes\/plg-pllc-redesign\/assets\/app\/img\/cta-thumb.webp\" type=\"image\/webp\"\/>\n                            <img src=\"https:\/\/plg-pllc.com\/wp-content\/themes\/plg-pllc-redesign\/assets\/app\/img\/cta-thumb.png\" alt=\"Grupo de abogados Premier\" title=\"Grupo de abogados Premier\" width=\"245\" height=\"220\" loading=\"auto\" fetchpriority=\"auto\" decoding=\"async\"\/>\n        <\/picture>\n        \n        <\/div><h2><strong>Llame a Premier Law Group para una consulta gratuita sobre accidentes de bicicleta<\/strong><\/h2>\n<p>Parte de nuestra misi\u00f3n es garantizar que usted est\u00e9 m\u00e1s informado sobre sus opciones legales, ya sea que terminemos represent\u00e1ndolo o no. <strong>Llame a Premier Law Group al 206.285.1743 hoy para programar una consulta gratuita sobre accidentes de bicicleta.<\/strong> Si decide contratar a Premier Law Group, no habr\u00e1 honorarios legales a menos que lleguemos a un acuerdo o ganemos su caso.<\/p>\n\n        <div class=\"rs-content-cta\">\n            <p>Llamar o enviar mensaje de texto <a href=\"tel:+12062851743\">(206) 285-1743<\/a> o complete un formulario de evaluaci\u00f3n de caso gratuito<\/p>\n            <a href=\"https:\/\/plg-pllc.com\/es\/contact-us\/\" title=\"OBTENGA UNA EVALUACI\u00d3N DE CASO GRATUITA\" class=\"btn-global\">OBTENGA UNA EVALUACI\u00d3N DE CASO GRATUITA<\/a>\n                    <picture>\n                            <source srcset=\"https:\/\/plg-pllc.com\/wp-content\/themes\/plg-pllc-redesign\/assets\/app\/img\/cta-thumb.webp\" type=\"image\/webp\"\/>\n                            <img src=\"https:\/\/plg-pllc.com\/wp-content\/themes\/plg-pllc-redesign\/assets\/app\/img\/cta-thumb.png\" alt=\"Grupo de abogados Premier\" title=\"Grupo de abogados Premier\" width=\"245\" height=\"220\" loading=\"auto\" fetchpriority=\"auto\" decoding=\"async\"\/>\n        <\/picture>\n        \n        <\/div>","protected":false},"excerpt":{"rendered":"<p>Siempre hay m\u00e1s ciclistas en la carretera cuando el clima se vuelve c\u00e1lido y el sol comienza a brillar con regularidad. Andar en bicicleta, si bien es una opci\u00f3n de viaje conveniente y ecol\u00f3gica, tambi\u00e9n presenta algunos desaf\u00edos, especialmente cuando se comparte la carretera con los conductores. Aqu\u00ed encontrar\u00e1 consejos importantes de seguridad para ciclistas y recordatorios sobre c\u00f3mo mantenerse alejado de los dem\u00e1s.<\/p>","protected":false},"author":24,"featured_media":15928,"parent":20714,"menu_order":0,"comment_status":"closed","ping_status":"closed","template":"","meta":{"_acf_changed":false,"_genesis_hide_title":false,"_genesis_hide_breadcrumbs":false,"_genesis_hide_singular_image":false,"_genesis_hide_footer_widgets":false,"_genesis_custom_body_class":"","_genesis_custom_post_class":"","_genesis_layout":"","footnotes":""},"hc_faqs":[10351],"class_list":{"0":"post-17759","1":"page","2":"type-page","3":"status-publish","4":"has-post-thumbnail","6":"hc_faqs-bicycle-accident","7":"entry"},"acf":[],"yoast_head":"<!-- This site is optimized with the Yoast SEO plugin v27.4 - https:\/\/yoast.com\/product\/yoast-seo-wordpress\/ -->\n<title>Bike Safety Tips For Riding Season | Premier Law Group<\/title>\n<meta name=\"description\" content=\"Bike Safety Tips For Riding Season: Premier Law Group helps you unlock the full compensation you deserve. No Fee Unless We Win.\" \/>\n<meta name=\"robots\" content=\"index, follow, max-snippet:-1, max-image-preview:large, max-video-preview:-1\" \/>\n<link rel=\"canonical\" href=\"https:\/\/plg-pllc.com\/es\/faqs\/bike-safety-tips\/\" \/>\n<meta property=\"og:locale\" content=\"es_MX\" \/>\n<meta property=\"og:type\" content=\"article\" \/>\n<meta property=\"og:title\" content=\"Bike Safety Tips For Riding Season | Premier Law Group\" \/>\n<meta property=\"og:description\" content=\"Bike Safety Tips For Riding Season: Premier Law Group helps you unlock the full compensation you deserve. No Fee Unless We Win.\" \/>\n<meta property=\"og:url\" content=\"https:\/\/plg-pllc.com\/es\/faqs\/bike-safety-tips\/\" \/>\n<meta property=\"og:site_name\" content=\"Premier Law Group\" \/>\n<meta property=\"article:publisher\" content=\"https:\/\/www.facebook.com\/premierlawgroup\" \/>\n<meta property=\"article:modified_time\" content=\"2024-11-07T12:12:15+00:00\" \/>\n<meta property=\"og:image\" content=\"https:\/\/plg-pllc.com\/wp-content\/uploads\/2017\/09\/bike-riding-safety.jpg\" \/>\n\t<meta property=\"og:image:width\" content=\"1263\" \/>\n\t<meta property=\"og:image:height\" content=\"2048\" \/>\n\t<meta property=\"og:image:type\" content=\"image\/jpeg\" \/>\n<meta name=\"twitter:card\" content=\"summary_large_image\" \/>\n<meta name=\"twitter:site\" content=\"@premierlawgroup\" \/>\n<meta name=\"twitter:label1\" content=\"Tiempo de lectura\" \/>\n\t<meta name=\"twitter:data1\" content=\"4 minutos\" \/>\n<script type=\"application\/ld+json\" class=\"yoast-schema-graph\">{\"@context\":\"https:\\\/\\\/schema.org\",\"@graph\":[{\"@type\":\"WebPage\",\"@id\":\"https:\\\/\\\/plg-pllc.com\\\/faqs\\\/bike-safety-tips\\\/\",\"url\":\"https:\\\/\\\/plg-pllc.com\\\/faqs\\\/bike-safety-tips\\\/\",\"name\":\"Bike Safety Tips For Riding Season | Premier Law Group\",\"isPartOf\":{\"@id\":\"https:\\\/\\\/plg-pllc.com\\\/#website\"},\"primaryImageOfPage\":{\"@id\":\"https:\\\/\\\/plg-pllc.com\\\/faqs\\\/bike-safety-tips\\\/#primaryimage\"},\"image\":{\"@id\":\"https:\\\/\\\/plg-pllc.com\\\/faqs\\\/bike-safety-tips\\\/#primaryimage\"},\"thumbnailUrl\":\"https:\\\/\\\/plg-pllc.com\\\/wp-content\\\/uploads\\\/2017\\\/09\\\/bike-riding-safety.jpg\",\"datePublished\":\"2020-06-23T15:28:13+00:00\",\"dateModified\":\"2024-11-07T12:12:15+00:00\",\"description\":\"Bike Safety Tips For Riding Season: Premier Law Group helps you unlock the full compensation you deserve. No Fee Unless We Win.\",\"breadcrumb\":{\"@id\":\"https:\\\/\\\/plg-pllc.com\\\/faqs\\\/bike-safety-tips\\\/#breadcrumb\"},\"inLanguage\":\"es\",\"potentialAction\":[{\"@type\":\"ReadAction\",\"target\":[\"https:\\\/\\\/plg-pllc.com\\\/faqs\\\/bike-safety-tips\\\/\"]}]},{\"@type\":\"ImageObject\",\"inLanguage\":\"es\",\"@id\":\"https:\\\/\\\/plg-pllc.com\\\/faqs\\\/bike-safety-tips\\\/#primaryimage\",\"url\":\"https:\\\/\\\/plg-pllc.com\\\/wp-content\\\/uploads\\\/2017\\\/09\\\/bike-riding-safety.jpg\",\"contentUrl\":\"https:\\\/\\\/plg-pllc.com\\\/wp-content\\\/uploads\\\/2017\\\/09\\\/bike-riding-safety.jpg\",\"width\":1263,\"height\":2048,\"caption\":\"bike safety tip\"},{\"@type\":\"BreadcrumbList\",\"@id\":\"https:\\\/\\\/plg-pllc.com\\\/faqs\\\/bike-safety-tips\\\/#breadcrumb\",\"itemListElement\":[{\"@type\":\"ListItem\",\"position\":1,\"name\":\"Home\",\"item\":\"https:\\\/\\\/plg-pllc.com\\\/es\\\/\"},{\"@type\":\"ListItem\",\"position\":2,\"name\":\"FAQs\",\"item\":\"https:\\\/\\\/plg-pllc.com\\\/es\\\/faqs\\\/\"},{\"@type\":\"ListItem\",\"position\":3,\"name\":\"Bike Safety Tips For Riding Season\"}]},{\"@type\":\"WebSite\",\"@id\":\"https:\\\/\\\/plg-pllc.com\\\/#website\",\"url\":\"https:\\\/\\\/plg-pllc.com\\\/\",\"name\":\"Premier Law Group\",\"description\":\"Washington Wrongful Death and Serious Injury Lawyer\",\"publisher\":{\"@id\":\"https:\\\/\\\/plg-pllc.com\\\/#organization\"},\"inLanguage\":\"es\"},{\"@type\":\"Organization\",\"@id\":\"https:\\\/\\\/plg-pllc.com\\\/#organization\",\"name\":\"Premier Law Group\",\"url\":\"https:\\\/\\\/plg-pllc.com\\\/\",\"logo\":{\"@type\":\"ImageObject\",\"inLanguage\":\"es\",\"@id\":\"https:\\\/\\\/plg-pllc.com\\\/#\\\/schema\\\/logo\\\/image\\\/\",\"url\":\"https:\\\/\\\/plg-pllc.com\\\/wp-content\\\/uploads\\\/2020\\\/10\\\/plg-logo-v2.gif\",\"contentUrl\":\"https:\\\/\\\/plg-pllc.com\\\/wp-content\\\/uploads\\\/2020\\\/10\\\/plg-logo-v2.gif\",\"width\":592,\"height\":191,\"caption\":\"Premier Law Group\"},\"image\":{\"@id\":\"https:\\\/\\\/plg-pllc.com\\\/#\\\/schema\\\/logo\\\/image\\\/\"},\"sameAs\":[\"https:\\\/\\\/www.facebook.com\\\/premierlawgroup\",\"https:\\\/\\\/x.com\\\/premierlawgroup\"]}]}<\/script>\n<!-- \/ Yoast SEO plugin. -->","yoast_head_json":{"title":"Consejos de seguridad para ciclistas durante la temporada de ciclismo | Premier Law Group","description":"Consejos de seguridad para la temporada de ciclismo: Premier Law Group lo ayuda a obtener la compensaci\u00f3n total que se merece. Sin cargo a menos que ganemos.","robots":{"index":"index","follow":"follow","max-snippet":"max-snippet:-1","max-image-preview":"max-image-preview:large","max-video-preview":"max-video-preview:-1"},"canonical":"https:\/\/plg-pllc.com\/es\/faqs\/bike-safety-tips\/","og_locale":"es_MX","og_type":"article","og_title":"Bike Safety Tips For Riding Season | Premier Law Group","og_description":"Bike Safety Tips For Riding Season: Premier Law Group helps you unlock the full compensation you deserve. No Fee Unless We Win.","og_url":"https:\/\/plg-pllc.com\/es\/faqs\/bike-safety-tips\/","og_site_name":"Premier Law Group","article_publisher":"https:\/\/www.facebook.com\/premierlawgroup","article_modified_time":"2024-11-07T12:12:15+00:00","og_image":[{"width":1263,"height":2048,"url":"https:\/\/plg-pllc.com\/wp-content\/uploads\/2017\/09\/bike-riding-safety.jpg","type":"image\/jpeg"}],"twitter_card":"summary_large_image","twitter_site":"@premierlawgroup","twitter_misc":{"Tiempo de lectura":"4 minutos"},"schema":{"@context":"https:\/\/schema.org","@graph":[{"@type":"WebPage","@id":"https:\/\/plg-pllc.com\/faqs\/bike-safety-tips\/","url":"https:\/\/plg-pllc.com\/faqs\/bike-safety-tips\/","name":"Consejos de seguridad para ciclistas durante la temporada de ciclismo | Premier Law Group","isPartOf":{"@id":"https:\/\/plg-pllc.com\/#website"},"primaryImageOfPage":{"@id":"https:\/\/plg-pllc.com\/faqs\/bike-safety-tips\/#primaryimage"},"image":{"@id":"https:\/\/plg-pllc.com\/faqs\/bike-safety-tips\/#primaryimage"},"thumbnailUrl":"https:\/\/plg-pllc.com\/wp-content\/uploads\/2017\/09\/bike-riding-safety.jpg","datePublished":"2020-06-23T15:28:13+00:00","dateModified":"2024-11-07T12:12:15+00:00","description":"Consejos de seguridad para la temporada de ciclismo: Premier Law Group lo ayuda a obtener la compensaci\u00f3n total que se merece. Sin cargo a menos que ganemos.","breadcrumb":{"@id":"https:\/\/plg-pllc.com\/faqs\/bike-safety-tips\/#breadcrumb"},"inLanguage":"es","potentialAction":[{"@type":"ReadAction","target":["https:\/\/plg-pllc.com\/faqs\/bike-safety-tips\/"]}]},{"@type":"ImageObject","inLanguage":"es","@id":"https:\/\/plg-pllc.com\/faqs\/bike-safety-tips\/#primaryimage","url":"https:\/\/plg-pllc.com\/wp-content\/uploads\/2017\/09\/bike-riding-safety.jpg","contentUrl":"https:\/\/plg-pllc.com\/wp-content\/uploads\/2017\/09\/bike-riding-safety.jpg","width":1263,"height":2048,"caption":"bike safety tip"},{"@type":"BreadcrumbList","@id":"https:\/\/plg-pllc.com\/faqs\/bike-safety-tips\/#breadcrumb","itemListElement":[{"@type":"ListItem","position":1,"name":"Home","item":"https:\/\/plg-pllc.com\/es\/"},{"@type":"ListItem","position":2,"name":"FAQs","item":"https:\/\/plg-pllc.com\/es\/faqs\/"},{"@type":"ListItem","position":3,"name":"Bike Safety Tips For Riding Season"}]},{"@type":"WebSite","@id":"https:\/\/plg-pllc.com\/#website","url":"https:\/\/plg-pllc.com\/","name":"Grupo de abogados Premier","description":"Abogado de muerte por negligencia y lesiones graves en Washington","publisher":{"@id":"https:\/\/plg-pllc.com\/#organization"},"inLanguage":"es"},{"@type":"Organization","@id":"https:\/\/plg-pllc.com\/#organization","name":"Grupo de abogados Premier","url":"https:\/\/plg-pllc.com\/","logo":{"@type":"ImageObject","inLanguage":"es","@id":"https:\/\/plg-pllc.com\/#\/schema\/logo\/image\/","url":"https:\/\/plg-pllc.com\/wp-content\/uploads\/2020\/10\/plg-logo-v2.gif","contentUrl":"https:\/\/plg-pllc.com\/wp-content\/uploads\/2020\/10\/plg-logo-v2.gif","width":592,"height":191,"caption":"Premier Law Group"},"image":{"@id":"https:\/\/plg-pllc.com\/#\/schema\/logo\/image\/"},"sameAs":["https:\/\/www.facebook.com\/premierlawgroup","https:\/\/x.com\/premierlawgroup"]}]}},"_links":{"self":[{"href":"https:\/\/plg-pllc.com\/es\/wp-json\/wp\/v2\/pages\/17759","targetHints":{"allow":["GET"]}}],"collection":[{"href":"https:\/\/plg-pllc.com\/es\/wp-json\/wp\/v2\/pages"}],"about":[{"href":"https:\/\/plg-pllc.com\/es\/wp-json\/wp\/v2\/types\/page"}],"author":[{"embeddable":true,"href":"https:\/\/plg-pllc.com\/es\/wp-json\/wp\/v2\/users\/24"}],"replies":[{"embeddable":true,"href":"https:\/\/plg-pllc.com\/es\/wp-json\/wp\/v2\/comments?post=17759"}],"version-history":[{"count":0,"href":"https:\/\/plg-pllc.com\/es\/wp-json\/wp\/v2\/pages\/17759\/revisions"}],"up":[{"embeddable":true,"href":"https:\/\/plg-pllc.com\/es\/wp-json\/wp\/v2\/pages\/20714"}],"wp:featuredmedia":[{"embeddable":true,"href":"https:\/\/plg-pllc.com\/es\/wp-json\/wp\/v2\/media\/15928"}],"wp:attachment":[{"href":"https:\/\/plg-pllc.com\/es\/wp-json\/wp\/v2\/media?parent=17759"}],"wp:term":[{"taxonomy":"hc_faqs","embeddable":true,"href":"https:\/\/plg-pllc.com\/es\/wp-json\/wp\/v2\/hc_faqs?post=17759"}],"curies":[{"name":"gracias","href":"https:\/\/api.w.org\/{rel}","templated":true}]}}