{"id":17834,"date":"2020-09-28T10:47:21","date_gmt":"2020-09-28T17:47:21","guid":{"rendered":"https:\/\/plg-pllc.com\/?page_id=17834"},"modified":"2025-02-14T14:14:23","modified_gmt":"2025-02-14T22:14:23","slug":"our-zero-fee-guarantee","status":"publish","type":"page","link":"https:\/\/plg-pllc.com\/es\/about-us\/zero-fee-guarantee\/","title":{"rendered":"Sin cargo: garant\u00eda de cero cargos"},"content":{"rendered":"<p><img loading=\"lazy\" decoding=\"async\" class=\"aligncenter wp-image-17738\" src=\"https:\/\/plg-pllc.com\/wp-content\/uploads\/2020\/06\/Zero-Fee-Guarantee-300x225-1.png\" alt=\"Garant\u00eda de honorarios cero de Premier Law Group\" width=\"261\" height=\"176\" \/><\/p>\n<h2>\u00bfQu\u00e9 es nuestra Garant\u00eda de Cero Tarifas?<\/h2>\n<p><span style=\"font-weight: 400;\">Nuestro <a href=\"https:\/\/plg-pllc.com\/\">Abogados de lesiones personales en Premier Law Group de Bellevue y Seattle<\/a> Ponemos a nuestros clientes por delante de todo lo dem\u00e1s, incluso de los honorarios legales. Creemos que todos merecen una compensaci\u00f3n por sus lesiones personales y queremos poder ayudarlo a ganar lo que se merece.\u00a0<\/span><\/p>\n<p><span style=\"font-weight: 400;\">Quiz\u00e1s tambi\u00e9n hayas o\u00eddo hablar de:<\/span><\/p>\n<ul>\n<li><span style=\"font-weight: 400;\">Abogados que no ganan ni pagan<\/span><\/li>\n<li><span style=\"font-weight: 400;\">Sin honorarios a menos que gane Abogados<\/span><\/li>\n<li><span style=\"font-weight: 400;\">Abogados de lesiones personales sin cargo<\/span><\/li>\n<\/ul>\n<p><span style=\"font-weight: 400;\">\u00a0<\/span><span style=\"font-weight: 400;\">Nuestra Garant\u00eda de Cero Tarifas es exactamente eso: nuestra promesa de que usted <\/span><span style=\"font-weight: 400;\">No pagues a menos que ganes<\/span><span style=\"font-weight: 400;\">. Experimentando <a href=\"https:\/\/plg-pllc.com\/seattle\/personal-injury-lawyer\/\">Lesi\u00f3n personal<\/a> Es bastante dif\u00edcil. Por eso, tienes otros problemas y preocupaciones en los que concentrarte mientras atraviesas el proceso de recuperaci\u00f3n de una <\/span><a style=\"font-size: inherit;\" href=\"https:\/\/plg-pllc.com\/seattle\/personal-injury-lawyer\/\">Lesi\u00f3n personal<\/a><span style=\"font-weight: 400;\"> y cuidar a sus seres queridos. En <\/span><a style=\"font-size: inherit;\" href=\"https:\/\/plg-pllc.com\/about-us\/\">Grupo de abogados Premier<\/a><span style=\"font-weight: 400;\">, la salud y el bienestar de nuestros clientes son lo primero.\u00a0<\/span><\/p>\n<h2>\u00a1Esto es lo que nuestra Garant\u00eda de Cero Tarifas significa para usted!<\/h2>\n<ul>\n<li style=\"font-weight: 400;\"><span style=\"font-weight: 400;\">No cobramos por una consulta inicial en casos de lesiones personales.\u00a0<\/span><\/li>\n<li style=\"font-weight: 400;\"><span style=\"font-weight: 400;\">Si no obtenemos dinero para usted, no nos pagar\u00e1 ning\u00fan honorario legal.\u00a0<\/span><\/li>\n<li style=\"font-weight: 400;\"><span style=\"font-weight: 400;\">Recibir\u00e1 nuestro compromiso con el m\u00e1s alto nivel de servicio sin importar cu\u00e1l sea el resultado.\u00a0<\/span><\/li>\n<\/ul>\n<h3>Es as\u00ed de simple.<\/h3>\n<h4><span style=\"font-weight: 400;\">\u00bfUsted o un ser querido necesita ayuda con un caso de lesiones personales? <\/span><\/h4>\n<p><span style=\"font-weight: 400;\">Complete el formulario de contacto a continuaci\u00f3n para comenzar.<\/span><\/p>\n<p><span style=\"font-weight: 400;\">Conseguir una <a href=\"https:\/\/plg-pllc.com\/contact-us\/\">Revisi\u00f3n gratuita de casos de lesiones personales<\/a> con uno de nuestros abogados.<\/span><\/p>\n<p><strong><a href=\"tel:206-285-1743\">Ll\u00e1manos ahora\u00a0 <\/a><\/strong><\/p>\n<p><span style=\"font-weight: 400;\">Premier Law Group se compromete a ayudar a personas y familias en <a href=\"https:\/\/plg-pllc.com\/areas-we-serve\/\">Condados de King, Pierce y Snohomish<\/a> para que obtengan la compensaci\u00f3n que se merecen y tengan la mejor experiencia posible. Le explicamos todos los aspectos del proceso de lesiones personales y nos aseguramos de que comprenda qu\u00e9 esperar. Nuestros abogados tambi\u00e9n son personas y valoramos sus experiencias personales y su caso individual. Adem\u00e1s de nuestra Garant\u00eda de Honorarios Cero, puede llamarnos ahora mismo para hablar directamente con un abogado de lesiones personales. Obtenga m\u00e1s informaci\u00f3n sobre nuestra Triple Garant\u00eda y nuestra <a href=\"https:\/\/plg-pllc.com\/join-our-vip-program\/\">Programa VIP<\/a>.<\/span><\/p>\n<p><strong>Ll\u00e1manos ahora al<a href=\"tel:206-285-1743\"> 206.285.1743<\/a> Hablar directamente con un abogado de lesiones personales<\/strong><\/p>","protected":false},"excerpt":{"rendered":"<p>\u00bfQu\u00e9 es nuestra garant\u00eda de cero honorarios? Nuestros abogados de lesiones personales de Premier Law Group de Bellevue y Seattle priorizan a nuestros clientes por encima de todo. Incluso los honorarios legales. Creemos que todos merecen una compensaci\u00f3n por sus lesiones personales y queremos poder ayudarlo a ganar lo que se merece. Es posible que tenga\u2026<\/p>","protected":false},"author":2,"featured_media":17881,"parent":13189,"menu_order":0,"comment_status":"closed","ping_status":"closed","template":"","meta":{"_acf_changed":false,"_genesis_hide_title":false,"_genesis_hide_breadcrumbs":false,"_genesis_hide_singular_image":false,"_genesis_hide_footer_widgets":false,"_genesis_custom_body_class":"","_genesis_custom_post_class":"","_genesis_layout":"","footnotes":""},"hc_faqs":[],"class_list":{"0":"post-17834","1":"page","2":"type-page","3":"status-publish","4":"has-post-thumbnail","6":"entry"},"acf":[],"yoast_head":"<!-- This site is optimized with the Yoast SEO plugin v27.4 - https:\/\/yoast.com\/product\/yoast-seo-wordpress\/ -->\n<title>No Fee: Zero Fee Guarantee | Premier Law Group<\/title>\n<meta name=\"description\" content=\"Our Zero Fee Guarantee is our promise that you pay no legal fee unless we win. Do you or a loved one need help with a personal injury? Contact Us\" \/>\n<meta name=\"robots\" content=\"index, follow, max-snippet:-1, max-image-preview:large, max-video-preview:-1\" \/>\n<link rel=\"canonical\" href=\"https:\/\/plg-pllc.com\/es\/about-us\/zero-fee-guarantee\/\" \/>\n<meta property=\"og:locale\" content=\"es_MX\" \/>\n<meta property=\"og:type\" content=\"article\" \/>\n<meta property=\"og:title\" content=\"No Fee: Zero Fee Guarantee | Premier Law Group\" \/>\n<meta property=\"og:description\" content=\"Our Zero Fee Guarantee is our promise that you pay no legal fee unless we win. Do you or a loved one need help with a personal injury? Contact Us\" \/>\n<meta property=\"og:url\" content=\"https:\/\/plg-pllc.com\/es\/about-us\/zero-fee-guarantee\/\" \/>\n<meta property=\"og:site_name\" content=\"Premier Law Group\" \/>\n<meta property=\"article:publisher\" content=\"https:\/\/www.facebook.com\/premierlawgroup\" \/>\n<meta property=\"article:modified_time\" content=\"2025-02-14T22:14:23+00:00\" \/>\n<meta property=\"og:image\" content=\"https:\/\/plg-pllc.com\/wp-content\/uploads\/2020\/09\/pexels-lukas-928199-1.jpg\" \/>\n\t<meta property=\"og:image:width\" content=\"1920\" \/>\n\t<meta property=\"og:image:height\" content=\"1271\" \/>\n\t<meta property=\"og:image:type\" content=\"image\/jpeg\" \/>\n<meta name=\"twitter:card\" content=\"summary_large_image\" \/>\n<meta name=\"twitter:site\" content=\"@premierlawgroup\" \/>\n<meta name=\"twitter:label1\" content=\"Tiempo de lectura\" \/>\n\t<meta name=\"twitter:data1\" content=\"2 minutos\" \/>\n<script type=\"application\/ld+json\" class=\"yoast-schema-graph\">{\"@context\":\"https:\\\/\\\/schema.org\",\"@graph\":[{\"@type\":\"WebPage\",\"@id\":\"https:\\\/\\\/plg-pllc.com\\\/about-us\\\/zero-fee-guarantee\\\/\",\"url\":\"https:\\\/\\\/plg-pllc.com\\\/about-us\\\/zero-fee-guarantee\\\/\",\"name\":\"No Fee: Zero Fee Guarantee | Premier Law Group\",\"isPartOf\":{\"@id\":\"https:\\\/\\\/plg-pllc.com\\\/#website\"},\"primaryImageOfPage\":{\"@id\":\"https:\\\/\\\/plg-pllc.com\\\/about-us\\\/zero-fee-guarantee\\\/#primaryimage\"},\"image\":{\"@id\":\"https:\\\/\\\/plg-pllc.com\\\/about-us\\\/zero-fee-guarantee\\\/#primaryimage\"},\"thumbnailUrl\":\"https:\\\/\\\/plg-pllc.com\\\/wp-content\\\/uploads\\\/2020\\\/09\\\/pexels-lukas-928199-1.jpg\",\"datePublished\":\"2020-09-28T17:47:21+00:00\",\"dateModified\":\"2025-02-14T22:14:23+00:00\",\"description\":\"Our Zero Fee Guarantee is our promise that you pay no legal fee unless we win. Do you or a loved one need help with a personal injury? Contact Us\",\"breadcrumb\":{\"@id\":\"https:\\\/\\\/plg-pllc.com\\\/about-us\\\/zero-fee-guarantee\\\/#breadcrumb\"},\"inLanguage\":\"es\",\"potentialAction\":[{\"@type\":\"ReadAction\",\"target\":[\"https:\\\/\\\/plg-pllc.com\\\/about-us\\\/zero-fee-guarantee\\\/\"]}]},{\"@type\":\"ImageObject\",\"inLanguage\":\"es\",\"@id\":\"https:\\\/\\\/plg-pllc.com\\\/about-us\\\/zero-fee-guarantee\\\/#primaryimage\",\"url\":\"https:\\\/\\\/plg-pllc.com\\\/wp-content\\\/uploads\\\/2020\\\/09\\\/pexels-lukas-928199-1.jpg\",\"contentUrl\":\"https:\\\/\\\/plg-pllc.com\\\/wp-content\\\/uploads\\\/2020\\\/09\\\/pexels-lukas-928199-1.jpg\",\"width\":1920,\"height\":1271,\"caption\":\"Zero Fee Guarantee Personal Injury Attorney Seattle\"},{\"@type\":\"BreadcrumbList\",\"@id\":\"https:\\\/\\\/plg-pllc.com\\\/about-us\\\/zero-fee-guarantee\\\/#breadcrumb\",\"itemListElement\":[{\"@type\":\"ListItem\",\"position\":1,\"name\":\"Home\",\"item\":\"https:\\\/\\\/plg-pllc.com\\\/es\\\/\"},{\"@type\":\"ListItem\",\"position\":2,\"name\":\"About Us\",\"item\":\"https:\\\/\\\/plg-pllc.com\\\/es\\\/about-us\\\/\"},{\"@type\":\"ListItem\",\"position\":3,\"name\":\"No Fee: Zero Fee Guarantee\"}]},{\"@type\":\"WebSite\",\"@id\":\"https:\\\/\\\/plg-pllc.com\\\/#website\",\"url\":\"https:\\\/\\\/plg-pllc.com\\\/\",\"name\":\"Premier Law Group\",\"description\":\"Washington Wrongful Death and Serious Injury Lawyer\",\"publisher\":{\"@id\":\"https:\\\/\\\/plg-pllc.com\\\/#organization\"},\"inLanguage\":\"es\"},{\"@type\":\"Organization\",\"@id\":\"https:\\\/\\\/plg-pllc.com\\\/#organization\",\"name\":\"Premier Law Group\",\"url\":\"https:\\\/\\\/plg-pllc.com\\\/\",\"logo\":{\"@type\":\"ImageObject\",\"inLanguage\":\"es\",\"@id\":\"https:\\\/\\\/plg-pllc.com\\\/#\\\/schema\\\/logo\\\/image\\\/\",\"url\":\"https:\\\/\\\/plg-pllc.com\\\/wp-content\\\/uploads\\\/2020\\\/10\\\/plg-logo-v2.gif\",\"contentUrl\":\"https:\\\/\\\/plg-pllc.com\\\/wp-content\\\/uploads\\\/2020\\\/10\\\/plg-logo-v2.gif\",\"width\":592,\"height\":191,\"caption\":\"Premier Law Group\"},\"image\":{\"@id\":\"https:\\\/\\\/plg-pllc.com\\\/#\\\/schema\\\/logo\\\/image\\\/\"},\"sameAs\":[\"https:\\\/\\\/www.facebook.com\\\/premierlawgroup\",\"https:\\\/\\\/x.com\\\/premierlawgroup\"]}]}<\/script>\n<!-- \/ Yoast SEO plugin. -->","yoast_head_json":{"title":"Sin cargo: garant\u00eda de cero cargos | Premier Law Group","description":"Nuestra garant\u00eda de cero honorarios es nuestra promesa de que no pagar\u00e1 honorarios legales a menos que ganemos. \u00bfUsted o un ser querido necesita ayuda con una lesi\u00f3n personal? Cont\u00e1ctenos","robots":{"index":"index","follow":"follow","max-snippet":"max-snippet:-1","max-image-preview":"max-image-preview:large","max-video-preview":"max-video-preview:-1"},"canonical":"https:\/\/plg-pllc.com\/es\/about-us\/zero-fee-guarantee\/","og_locale":"es_MX","og_type":"article","og_title":"No Fee: Zero Fee Guarantee | Premier Law Group","og_description":"Our Zero Fee Guarantee is our promise that you pay no legal fee unless we win. Do you or a loved one need help with a personal injury? Contact Us","og_url":"https:\/\/plg-pllc.com\/es\/about-us\/zero-fee-guarantee\/","og_site_name":"Premier Law Group","article_publisher":"https:\/\/www.facebook.com\/premierlawgroup","article_modified_time":"2025-02-14T22:14:23+00:00","og_image":[{"width":1920,"height":1271,"url":"https:\/\/plg-pllc.com\/wp-content\/uploads\/2020\/09\/pexels-lukas-928199-1.jpg","type":"image\/jpeg"}],"twitter_card":"summary_large_image","twitter_site":"@premierlawgroup","twitter_misc":{"Tiempo de lectura":"2 minutos"},"schema":{"@context":"https:\/\/schema.org","@graph":[{"@type":"WebPage","@id":"https:\/\/plg-pllc.com\/about-us\/zero-fee-guarantee\/","url":"https:\/\/plg-pllc.com\/about-us\/zero-fee-guarantee\/","name":"Sin cargo: garant\u00eda de cero cargos | Premier Law Group","isPartOf":{"@id":"https:\/\/plg-pllc.com\/#website"},"primaryImageOfPage":{"@id":"https:\/\/plg-pllc.com\/about-us\/zero-fee-guarantee\/#primaryimage"},"image":{"@id":"https:\/\/plg-pllc.com\/about-us\/zero-fee-guarantee\/#primaryimage"},"thumbnailUrl":"https:\/\/plg-pllc.com\/wp-content\/uploads\/2020\/09\/pexels-lukas-928199-1.jpg","datePublished":"2020-09-28T17:47:21+00:00","dateModified":"2025-02-14T22:14:23+00:00","description":"Nuestra garant\u00eda de cero honorarios es nuestra promesa de que no pagar\u00e1 honorarios legales a menos que ganemos. \u00bfUsted o un ser querido necesita ayuda con una lesi\u00f3n personal? Cont\u00e1ctenos","breadcrumb":{"@id":"https:\/\/plg-pllc.com\/about-us\/zero-fee-guarantee\/#breadcrumb"},"inLanguage":"es","potentialAction":[{"@type":"ReadAction","target":["https:\/\/plg-pllc.com\/about-us\/zero-fee-guarantee\/"]}]},{"@type":"ImageObject","inLanguage":"es","@id":"https:\/\/plg-pllc.com\/about-us\/zero-fee-guarantee\/#primaryimage","url":"https:\/\/plg-pllc.com\/wp-content\/uploads\/2020\/09\/pexels-lukas-928199-1.jpg","contentUrl":"https:\/\/plg-pllc.com\/wp-content\/uploads\/2020\/09\/pexels-lukas-928199-1.jpg","width":1920,"height":1271,"caption":"Zero Fee Guarantee Personal Injury Attorney Seattle"},{"@type":"BreadcrumbList","@id":"https:\/\/plg-pllc.com\/about-us\/zero-fee-guarantee\/#breadcrumb","itemListElement":[{"@type":"ListItem","position":1,"name":"Home","item":"https:\/\/plg-pllc.com\/es\/"},{"@type":"ListItem","position":2,"name":"About Us","item":"https:\/\/plg-pllc.com\/es\/about-us\/"},{"@type":"ListItem","position":3,"name":"No Fee: Zero Fee Guarantee"}]},{"@type":"WebSite","@id":"https:\/\/plg-pllc.com\/#website","url":"https:\/\/plg-pllc.com\/","name":"Grupo de abogados Premier","description":"Abogado de muerte por negligencia y lesiones graves en Washington","publisher":{"@id":"https:\/\/plg-pllc.com\/#organization"},"inLanguage":"es"},{"@type":"Organization","@id":"https:\/\/plg-pllc.com\/#organization","name":"Grupo de abogados Premier","url":"https:\/\/plg-pllc.com\/","logo":{"@type":"ImageObject","inLanguage":"es","@id":"https:\/\/plg-pllc.com\/#\/schema\/logo\/image\/","url":"https:\/\/plg-pllc.com\/wp-content\/uploads\/2020\/10\/plg-logo-v2.gif","contentUrl":"https:\/\/plg-pllc.com\/wp-content\/uploads\/2020\/10\/plg-logo-v2.gif","width":592,"height":191,"caption":"Premier Law Group"},"image":{"@id":"https:\/\/plg-pllc.com\/#\/schema\/logo\/image\/"},"sameAs":["https:\/\/www.facebook.com\/premierlawgroup","https:\/\/x.com\/premierlawgroup"]}]}},"_links":{"self":[{"href":"https:\/\/plg-pllc.com\/es\/wp-json\/wp\/v2\/pages\/17834","targetHints":{"allow":["GET"]}}],"collection":[{"href":"https:\/\/plg-pllc.com\/es\/wp-json\/wp\/v2\/pages"}],"about":[{"href":"https:\/\/plg-pllc.com\/es\/wp-json\/wp\/v2\/types\/page"}],"author":[{"embeddable":true,"href":"https:\/\/plg-pllc.com\/es\/wp-json\/wp\/v2\/users\/2"}],"replies":[{"embeddable":true,"href":"https:\/\/plg-pllc.com\/es\/wp-json\/wp\/v2\/comments?post=17834"}],"version-history":[{"count":0,"href":"https:\/\/plg-pllc.com\/es\/wp-json\/wp\/v2\/pages\/17834\/revisions"}],"up":[{"embeddable":true,"href":"https:\/\/plg-pllc.com\/es\/wp-json\/wp\/v2\/pages\/13189"}],"wp:featuredmedia":[{"embeddable":true,"href":"https:\/\/plg-pllc.com\/es\/wp-json\/wp\/v2\/media\/17881"}],"wp:attachment":[{"href":"https:\/\/plg-pllc.com\/es\/wp-json\/wp\/v2\/media?parent=17834"}],"wp:term":[{"taxonomy":"hc_faqs","embeddable":true,"href":"https:\/\/plg-pllc.com\/es\/wp-json\/wp\/v2\/hc_faqs?post=17834"}],"curies":[{"name":"gracias","href":"https:\/\/api.w.org\/{rel}","templated":true}]}}