{"id":17894,"date":"2020-09-30T12:52:59","date_gmt":"2020-09-30T19:52:59","guid":{"rendered":"https:\/\/plg-pllc.com\/?page_id=17894"},"modified":"2025-02-14T14:14:17","modified_gmt":"2025-02-14T22:14:17","slug":"triple-guarantee","status":"publish","type":"page","link":"https:\/\/plg-pllc.com\/es\/about-us\/triple-guarantee\/","title":{"rendered":"Triple Garant\u00eda Premier Law Group de Seattle y Bellevue"},"content":{"rendered":"<h2><span style=\"font-weight: 400;\">\u00bfQu\u00e9 es la Triple Garant\u00eda?\u00a0<\/span><\/h2>\n<p><span style=\"font-weight: 400;\">Nuestra Triple Garant\u00eda fue creada porque hemos escuchado una y otra vez de nuestros clientes lo que realmente quieren de un bufete de abogados. Lo m\u00e1s probable es que usted est\u00e9 buscando esas mismas cosas en un abogado de lesiones personales. Es por eso que creamos estas garant\u00edas, para brindarle exactamente los servicios que necesita sin problemas, largos tiempos de espera o la falta de las respuestas que necesita.\u00a0<\/span><\/p>\n<h3><span style=\"font-weight: 400;\">Nuestra primera Triple Garant\u00eda: <\/span><\/h3>\n<p><span style=\"font-weight: 400;\">Cuando se comunica con nosotros acerca de su asunto de lesiones personales<\/span><b>Hablar\u00e1s directamente con un abogado, no solo con un recepcionista o un especialista en admisiones.<\/b><span style=\"font-weight: 400;\">\u00a0<\/span><span style=\"font-weight: 400;\">Adem\u00e1s, seremos sinceros acerca de si necesita o no un abogado para resolver su reclamo. <\/span><\/p>\n<p><span style=\"font-weight: 400;\">Usted merece respuestas. Esperar una respuesta de un abogado puede parecer un tiempo insoportablemente largo. Nuestros abogados de lesiones personales est\u00e1n listos para hablar con usted durante nuestro horario de atenci\u00f3n habitual. <a href=\"tel:(206)-285-1743\">Esta \u00fanica llamada telef\u00f3nica<\/a> Puede ahorrarle tiempo y ayudarle a obtener el dinero que merece. <a href=\"tel:(206)-285-1743\">Ll\u00e1manos ahora<\/a> Hable con un abogado experto en lesiones personales de Seattle. Nuestros abogados expertos en lesiones personales tienen d\u00e9cadas de experiencia ayudando a miembros de la comunidad de Seattle a resolver accidentes automovil\u00edsticos, accidentes peatonales, mordeduras de perros y casos de muerte por negligencia. Somos el \u00fanico bufete de abogados de lesiones personales en Seattle que lo conectar\u00e1 con un abogado de inmediato, \u00a1en su primera llamada! No solo le diremos si creemos que tiene un caso, sino que tambi\u00e9n nos aseguraremos de que tenga los recursos y las referencias que necesita para mantener el impulso en su caso.<\/span><\/p>\n<h3><span style=\"font-weight: 400;\">Nuestra segunda garant\u00eda: <\/span><\/h3>\n<p><span style=\"font-weight: 400;\">Si decidimos trabajar juntos,<\/span><b> Brindaremos una experiencia de cliente \u201cpremium\u201d<\/b><span style=\"font-weight: 400;\">.\u00a0<\/span><span style=\"font-weight: 400;\">Esto significa que usted recibe un servicio personalizado y una experiencia de cliente de primer nivel. <\/span><\/p>\n<p><span style=\"font-weight: 400;\">Tratamos a todos nuestros clientes como si fueran de la familia. Esto significa que lo trataremos con respeto, responderemos sus preguntas y le brindaremos toda la informaci\u00f3n que necesite. Contamos con muchos recursos que lo ayudar\u00e1n a tomar decisiones importantes.<\/span><span style=\"font-weight: 400;\"> Siempre ofrecemos un servicio personalizado incre\u00edble. A cada cliente se le asigna un punto de contacto mediante el m\u00e9todo de comunicaci\u00f3n que elija (mensaje de texto, tel\u00e9fono, correo electr\u00f3nico). Para nuestro equipo y nuestros clientes, la comunicaci\u00f3n es la parte m\u00e1s importante del trabajo en conjunto. \u00a1Nos comunicaremos con usted antes de que necesite preguntar! El equipo de Premier Law Group utiliza tecnolog\u00eda moderna como DocuSign para ayudar a agilizar los procesos y ahorrar tiempo. Nuestra Triple Garant\u00eda est\u00e1 dise\u00f1ada para garantizar que se sienta c\u00f3modo durante todo el proceso de lesiones personales.\u00a0<\/span><\/p>\n<h3><span style=\"font-weight: 400;\">\u00a0Nuestra tercera garant\u00eda: <\/span><\/h3>\n<p>T\u00fa <b style=\"font-size: inherit; color: #201f1f; font-family: 'Open Sans', Arial, sans-serif;\">No pagues ni un centavo a menos que ganemos<\/b><span style=\"font-weight: 400;\"> Tu caso. Ese es nuestro \u201c<a href=\"https:\/\/plg-pllc.com\/about-us\/zero-fee-guarantee\/\">garant\u00eda de cero comisiones<\/a>&quot;.\u00a0<\/span><\/p>\n<p><span style=\"font-weight: 400;\">Esa es nuestra garant\u00eda financiera para usted. A menudo, hay muchos gastos que surgen de una lesi\u00f3n personal y sabemos que lo m\u00e1s probable es que necesite fondos para superar este proceso. Debido a que ya le hemos informado si creemos que tiene o no un caso, creemos que se merece nuestro voto de confianza en nuestra capacidad para ganar. <a href=\"https:\/\/plg-pllc.com\/\">Abogados de lesiones personales en Seattle<\/a> Lo guiar\u00e1 a trav\u00e9s del proceso de demanda por lesiones personales.<\/span><\/p>\n<p><span style=\"font-weight: 400;\"><img loading=\"lazy\" decoding=\"async\" class=\"size-medium wp-image-17895 alignleft\" src=\"https:\/\/plg-pllc.com\/wp-content\/uploads\/2020\/09\/Untitled-design-1-300x210.jpg\" alt=\"Triple Garant\u00eda Premier Law Group de Seattle |\" width=\"300\" height=\"210\" srcset=\"https:\/\/plg-pllc.com\/wp-content\/uploads\/2020\/09\/Untitled-design-1-300x210.jpg 300w, https:\/\/plg-pllc.com\/wp-content\/uploads\/2020\/09\/Untitled-design-1-250x175.jpg 250w, https:\/\/plg-pllc.com\/wp-content\/uploads\/2020\/09\/Untitled-design-1.jpg 500w\" sizes=\"auto, (max-width: 300px) 100vw, 300px\" \/>Porque sabemos lo importante que es su caso para su recuperaci\u00f3n y su futuro, esperamos hablar sobre su caso con usted.\u00a0 <\/span><span style=\"font-weight: 400;\">Ll\u00e1manos ahora para una evaluaci\u00f3n gratuita de tu caso<\/span><span style=\"font-weight: 400;\"> Con un abogado, descubra si su caso ser\u00e1 uno de los que aceptaremos. Incluso si no lo es, lo guiaremos a nuestro <\/span><span style=\"font-weight: 400;\">recursos legales gratuitos<\/span><span style=\"font-weight: 400;\"> o referirlo a la persona adecuada.\u00a0<\/span><\/p>\n<h4>Ll\u00e1manos ahora al <a href=\"tel:(206)-207-4722\">(206)-207-4722<\/a> \u00a0Para tu <strong>Evaluaci\u00f3n de caso GRATUITA<\/strong> y hablar directamente con un abogado experto en lesiones personales<\/h4>\n<p>Nos preocupamos por usted y su familia y queremos ayudarlo a obtener el mejor acuerdo posible. No se f\u00ede solo de nuestras palabras, consulte las opiniones de nuestros clientes anteriores. Los clientes de Premier Law Group siempre nos han dado solo cinco estrellas.<\/p>\n<p><a href=\"https:\/\/www.google.com\/maps\/place\/Premier+Law+Group,+PLLC\/@47.6041997,-122.3322355,15z\/data=!4m5!3m4!1s0x0:0x80a64f5ade626230!8m2!3d47.6041997!4d-122.3322355\"><img loading=\"lazy\" decoding=\"async\" class=\"alignnone wp-image-16315 size-medium\" src=\"https:\/\/plg-pllc.com\/wp-content\/uploads\/2018\/09\/Google-Reviews-300x150.png\" alt=\"Rese\u00f1as de Google\" width=\"300\" height=\"150\" \/><\/a>\u00a0 \u00a0 \u00a0 \u00a0 \u00a0 \u00a0 \u00a0 \u00a0 \u00a0 \u00a0 \u00a0 \u00a0 \u00a0 \u00a0 \u00a0 \u00a0 \u00a0 <img loading=\"lazy\" decoding=\"async\" class=\"wp-image-16314 alignnone\" src=\"https:\/\/plg-pllc.com\/wp-content\/uploads\/2018\/09\/yelpreviews-e1536096918231.png\" alt=\"Rese\u00f1as de Yelp\" width=\"178\" height=\"131\" \/><\/p>","protected":false},"excerpt":{"rendered":"<p>\u00bfQu\u00e9 es la Triple Garant\u00eda? Nuestra Triple Garant\u00eda fue creada porque hemos escuchado una y otra vez de nuestros clientes lo que realmente quieren en un bufete de abogados. Lo m\u00e1s probable es que usted est\u00e9 buscando esas mismas cosas en un abogado de lesiones personales. Es por eso que creamos estas garant\u00edas, para brindar exactamente los servicios que necesita\u2026<\/p>","protected":false},"author":2,"featured_media":17895,"parent":13189,"menu_order":5,"comment_status":"closed","ping_status":"closed","template":"","meta":{"_acf_changed":false,"_genesis_hide_title":false,"_genesis_hide_breadcrumbs":false,"_genesis_hide_singular_image":false,"_genesis_hide_footer_widgets":false,"_genesis_custom_body_class":"","_genesis_custom_post_class":"","_genesis_layout":"","footnotes":""},"hc_faqs":[],"class_list":{"0":"post-17894","1":"page","2":"type-page","3":"status-publish","4":"has-post-thumbnail","6":"entry"},"acf":[],"yoast_head":"<!-- This site is optimized with the Yoast SEO plugin v27.4 - https:\/\/yoast.com\/product\/yoast-seo-wordpress\/ -->\n<title>Triple Guarantee Premier Law Group<\/title>\n<meta name=\"description\" content=\"What is the Triple Guarantee?\u00a0 Our Triple Guarantee was created because we have heard time and time again from our clients what they really want in a law Premier Law Group is Seattle&#039;s top Personal Injury Law Firm. We give you our Triple Guarantee. We are the only law firm in Seattle that connects you directly to an Attorney when you call. We promise you will pay no fees unless we win, and you will be given premier level treatment from our expert team.\" \/>\n<meta name=\"robots\" content=\"index, follow, max-snippet:-1, max-image-preview:large, max-video-preview:-1\" \/>\n<link rel=\"canonical\" href=\"https:\/\/plg-pllc.com\/es\/about-us\/triple-guarantee\/\" \/>\n<meta property=\"og:locale\" content=\"es_MX\" \/>\n<meta property=\"og:type\" content=\"article\" \/>\n<meta property=\"og:title\" content=\"Triple Guarantee Premier Law Group\" \/>\n<meta property=\"og:description\" content=\"What is the Triple Guarantee?\u00a0 Our Triple Guarantee was created because we have heard time and time again from our clients what they really want in a law Premier Law Group is Seattle&#039;s top Personal Injury Law Firm. We give you our Triple Guarantee. We are the only law firm in Seattle that connects you directly to an Attorney when you call. We promise you will pay no fees unless we win, and you will be given premier level treatment from our expert team.\" \/>\n<meta property=\"og:url\" content=\"https:\/\/plg-pllc.com\/es\/about-us\/triple-guarantee\/\" \/>\n<meta property=\"og:site_name\" content=\"Premier Law Group\" \/>\n<meta property=\"article:publisher\" content=\"https:\/\/www.facebook.com\/premierlawgroup\" \/>\n<meta property=\"article:modified_time\" content=\"2025-02-14T22:14:17+00:00\" \/>\n<meta property=\"og:image\" content=\"https:\/\/plg-pllc.com\/wp-content\/uploads\/2020\/09\/Untitled-design-1.jpg\" \/>\n\t<meta property=\"og:image:width\" content=\"500\" \/>\n\t<meta property=\"og:image:height\" content=\"350\" \/>\n\t<meta property=\"og:image:type\" content=\"image\/jpeg\" \/>\n<meta name=\"twitter:card\" content=\"summary_large_image\" \/>\n<meta name=\"twitter:site\" content=\"@premierlawgroup\" \/>\n<meta name=\"twitter:label1\" content=\"Tiempo de lectura\" \/>\n\t<meta name=\"twitter:data1\" content=\"4 minutos\" \/>\n<script type=\"application\/ld+json\" class=\"yoast-schema-graph\">{\"@context\":\"https:\\\/\\\/schema.org\",\"@graph\":[{\"@type\":\"WebPage\",\"@id\":\"https:\\\/\\\/plg-pllc.com\\\/about-us\\\/triple-guarantee\\\/\",\"url\":\"https:\\\/\\\/plg-pllc.com\\\/about-us\\\/triple-guarantee\\\/\",\"name\":\"Triple Guarantee Premier Law Group\",\"isPartOf\":{\"@id\":\"https:\\\/\\\/plg-pllc.com\\\/#website\"},\"primaryImageOfPage\":{\"@id\":\"https:\\\/\\\/plg-pllc.com\\\/about-us\\\/triple-guarantee\\\/#primaryimage\"},\"image\":{\"@id\":\"https:\\\/\\\/plg-pllc.com\\\/about-us\\\/triple-guarantee\\\/#primaryimage\"},\"thumbnailUrl\":\"https:\\\/\\\/plg-pllc.com\\\/wp-content\\\/uploads\\\/2020\\\/09\\\/Untitled-design-1.jpg\",\"datePublished\":\"2020-09-30T19:52:59+00:00\",\"dateModified\":\"2025-02-14T22:14:17+00:00\",\"description\":\"What is the Triple Guarantee?\u00a0 Our Triple Guarantee was created because we have heard time and time again from our clients what they really want in a law Premier Law Group is Seattle's top Personal Injury Law Firm. We give you our Triple Guarantee. We are the only law firm in Seattle that connects you directly to an Attorney when you call. We promise you will pay no fees unless we win, and you will be given premier level treatment from our expert team.\",\"breadcrumb\":{\"@id\":\"https:\\\/\\\/plg-pllc.com\\\/about-us\\\/triple-guarantee\\\/#breadcrumb\"},\"inLanguage\":\"es\",\"potentialAction\":[{\"@type\":\"ReadAction\",\"target\":[\"https:\\\/\\\/plg-pllc.com\\\/about-us\\\/triple-guarantee\\\/\"]}]},{\"@type\":\"ImageObject\",\"inLanguage\":\"es\",\"@id\":\"https:\\\/\\\/plg-pllc.com\\\/about-us\\\/triple-guarantee\\\/#primaryimage\",\"url\":\"https:\\\/\\\/plg-pllc.com\\\/wp-content\\\/uploads\\\/2020\\\/09\\\/Untitled-design-1.jpg\",\"contentUrl\":\"https:\\\/\\\/plg-pllc.com\\\/wp-content\\\/uploads\\\/2020\\\/09\\\/Untitled-design-1.jpg\",\"width\":500,\"height\":350,\"caption\":\"Triple Guarantee Premier Law Group of Seattle |\"},{\"@type\":\"BreadcrumbList\",\"@id\":\"https:\\\/\\\/plg-pllc.com\\\/about-us\\\/triple-guarantee\\\/#breadcrumb\",\"itemListElement\":[{\"@type\":\"ListItem\",\"position\":1,\"name\":\"Home\",\"item\":\"https:\\\/\\\/plg-pllc.com\\\/es\\\/\"},{\"@type\":\"ListItem\",\"position\":2,\"name\":\"About Us\",\"item\":\"https:\\\/\\\/plg-pllc.com\\\/es\\\/about-us\\\/\"},{\"@type\":\"ListItem\",\"position\":3,\"name\":\"Triple Guarantee Premier Law Group of Seattle and Bellevue\"}]},{\"@type\":\"WebSite\",\"@id\":\"https:\\\/\\\/plg-pllc.com\\\/#website\",\"url\":\"https:\\\/\\\/plg-pllc.com\\\/\",\"name\":\"Premier Law Group\",\"description\":\"Washington Wrongful Death and Serious Injury Lawyer\",\"publisher\":{\"@id\":\"https:\\\/\\\/plg-pllc.com\\\/#organization\"},\"inLanguage\":\"es\"},{\"@type\":\"Organization\",\"@id\":\"https:\\\/\\\/plg-pllc.com\\\/#organization\",\"name\":\"Premier Law Group\",\"url\":\"https:\\\/\\\/plg-pllc.com\\\/\",\"logo\":{\"@type\":\"ImageObject\",\"inLanguage\":\"es\",\"@id\":\"https:\\\/\\\/plg-pllc.com\\\/#\\\/schema\\\/logo\\\/image\\\/\",\"url\":\"https:\\\/\\\/plg-pllc.com\\\/wp-content\\\/uploads\\\/2020\\\/10\\\/plg-logo-v2.gif\",\"contentUrl\":\"https:\\\/\\\/plg-pllc.com\\\/wp-content\\\/uploads\\\/2020\\\/10\\\/plg-logo-v2.gif\",\"width\":592,\"height\":191,\"caption\":\"Premier Law Group\"},\"image\":{\"@id\":\"https:\\\/\\\/plg-pllc.com\\\/#\\\/schema\\\/logo\\\/image\\\/\"},\"sameAs\":[\"https:\\\/\\\/www.facebook.com\\\/premierlawgroup\",\"https:\\\/\\\/x.com\\\/premierlawgroup\"]}]}<\/script>\n<!-- \/ Yoast SEO plugin. -->","yoast_head_json":{"title":"Grupo Jur\u00eddico Premier con Triple Garant\u00eda","description":"\u00bfQu\u00e9 es la Triple Garant\u00eda? Nuestra Triple Garant\u00eda fue creada porque hemos escuchado una y otra vez de nuestros clientes lo que realmente quieren de un abogado. Premier Law Group es el bufete de abogados de lesiones personales m\u00e1s importante de Seattle. Le ofrecemos nuestra Triple Garant\u00eda. Somos el \u00fanico bufete de abogados en Seattle que lo conecta directamente con un abogado cuando llama. Le prometemos que no pagar\u00e1 honorarios a menos que ganemos, y recibir\u00e1 un tratamiento de primer nivel por parte de nuestro equipo de expertos.","robots":{"index":"index","follow":"follow","max-snippet":"max-snippet:-1","max-image-preview":"max-image-preview:large","max-video-preview":"max-video-preview:-1"},"canonical":"https:\/\/plg-pllc.com\/es\/about-us\/triple-guarantee\/","og_locale":"es_MX","og_type":"article","og_title":"Triple Guarantee Premier Law Group","og_description":"What is the Triple Guarantee?\u00a0 Our Triple Guarantee was created because we have heard time and time again from our clients what they really want in a law Premier Law Group is Seattle's top Personal Injury Law Firm. We give you our Triple Guarantee. We are the only law firm in Seattle that connects you directly to an Attorney when you call. We promise you will pay no fees unless we win, and you will be given premier level treatment from our expert team.","og_url":"https:\/\/plg-pllc.com\/es\/about-us\/triple-guarantee\/","og_site_name":"Premier Law Group","article_publisher":"https:\/\/www.facebook.com\/premierlawgroup","article_modified_time":"2025-02-14T22:14:17+00:00","og_image":[{"width":500,"height":350,"url":"https:\/\/plg-pllc.com\/wp-content\/uploads\/2020\/09\/Untitled-design-1.jpg","type":"image\/jpeg"}],"twitter_card":"summary_large_image","twitter_site":"@premierlawgroup","twitter_misc":{"Tiempo de lectura":"4 minutos"},"schema":{"@context":"https:\/\/schema.org","@graph":[{"@type":"WebPage","@id":"https:\/\/plg-pllc.com\/about-us\/triple-guarantee\/","url":"https:\/\/plg-pllc.com\/about-us\/triple-guarantee\/","name":"Grupo Jur\u00eddico Premier con Triple Garant\u00eda","isPartOf":{"@id":"https:\/\/plg-pllc.com\/#website"},"primaryImageOfPage":{"@id":"https:\/\/plg-pllc.com\/about-us\/triple-guarantee\/#primaryimage"},"image":{"@id":"https:\/\/plg-pllc.com\/about-us\/triple-guarantee\/#primaryimage"},"thumbnailUrl":"https:\/\/plg-pllc.com\/wp-content\/uploads\/2020\/09\/Untitled-design-1.jpg","datePublished":"2020-09-30T19:52:59+00:00","dateModified":"2025-02-14T22:14:17+00:00","description":"\u00bfQu\u00e9 es la Triple Garant\u00eda? Nuestra Triple Garant\u00eda fue creada porque hemos escuchado una y otra vez de nuestros clientes lo que realmente quieren de un abogado. Premier Law Group es el bufete de abogados de lesiones personales m\u00e1s importante de Seattle. Le ofrecemos nuestra Triple Garant\u00eda. Somos el \u00fanico bufete de abogados en Seattle que lo conecta directamente con un abogado cuando llama. Le prometemos que no pagar\u00e1 honorarios a menos que ganemos, y recibir\u00e1 un tratamiento de primer nivel por parte de nuestro equipo de expertos.","breadcrumb":{"@id":"https:\/\/plg-pllc.com\/about-us\/triple-guarantee\/#breadcrumb"},"inLanguage":"es","potentialAction":[{"@type":"ReadAction","target":["https:\/\/plg-pllc.com\/about-us\/triple-guarantee\/"]}]},{"@type":"ImageObject","inLanguage":"es","@id":"https:\/\/plg-pllc.com\/about-us\/triple-guarantee\/#primaryimage","url":"https:\/\/plg-pllc.com\/wp-content\/uploads\/2020\/09\/Untitled-design-1.jpg","contentUrl":"https:\/\/plg-pllc.com\/wp-content\/uploads\/2020\/09\/Untitled-design-1.jpg","width":500,"height":350,"caption":"Triple Guarantee Premier Law Group of Seattle |"},{"@type":"BreadcrumbList","@id":"https:\/\/plg-pllc.com\/about-us\/triple-guarantee\/#breadcrumb","itemListElement":[{"@type":"ListItem","position":1,"name":"Home","item":"https:\/\/plg-pllc.com\/es\/"},{"@type":"ListItem","position":2,"name":"About Us","item":"https:\/\/plg-pllc.com\/es\/about-us\/"},{"@type":"ListItem","position":3,"name":"Triple Guarantee Premier Law Group of Seattle and Bellevue"}]},{"@type":"WebSite","@id":"https:\/\/plg-pllc.com\/#website","url":"https:\/\/plg-pllc.com\/","name":"Grupo de abogados Premier","description":"Abogado de muerte por negligencia y lesiones graves en Washington","publisher":{"@id":"https:\/\/plg-pllc.com\/#organization"},"inLanguage":"es"},{"@type":"Organization","@id":"https:\/\/plg-pllc.com\/#organization","name":"Grupo de abogados Premier","url":"https:\/\/plg-pllc.com\/","logo":{"@type":"ImageObject","inLanguage":"es","@id":"https:\/\/plg-pllc.com\/#\/schema\/logo\/image\/","url":"https:\/\/plg-pllc.com\/wp-content\/uploads\/2020\/10\/plg-logo-v2.gif","contentUrl":"https:\/\/plg-pllc.com\/wp-content\/uploads\/2020\/10\/plg-logo-v2.gif","width":592,"height":191,"caption":"Premier Law Group"},"image":{"@id":"https:\/\/plg-pllc.com\/#\/schema\/logo\/image\/"},"sameAs":["https:\/\/www.facebook.com\/premierlawgroup","https:\/\/x.com\/premierlawgroup"]}]}},"_links":{"self":[{"href":"https:\/\/plg-pllc.com\/es\/wp-json\/wp\/v2\/pages\/17894","targetHints":{"allow":["GET"]}}],"collection":[{"href":"https:\/\/plg-pllc.com\/es\/wp-json\/wp\/v2\/pages"}],"about":[{"href":"https:\/\/plg-pllc.com\/es\/wp-json\/wp\/v2\/types\/page"}],"author":[{"embeddable":true,"href":"https:\/\/plg-pllc.com\/es\/wp-json\/wp\/v2\/users\/2"}],"replies":[{"embeddable":true,"href":"https:\/\/plg-pllc.com\/es\/wp-json\/wp\/v2\/comments?post=17894"}],"version-history":[{"count":0,"href":"https:\/\/plg-pllc.com\/es\/wp-json\/wp\/v2\/pages\/17894\/revisions"}],"up":[{"embeddable":true,"href":"https:\/\/plg-pllc.com\/es\/wp-json\/wp\/v2\/pages\/13189"}],"wp:featuredmedia":[{"embeddable":true,"href":"https:\/\/plg-pllc.com\/es\/wp-json\/wp\/v2\/media\/17895"}],"wp:attachment":[{"href":"https:\/\/plg-pllc.com\/es\/wp-json\/wp\/v2\/media?parent=17894"}],"wp:term":[{"taxonomy":"hc_faqs","embeddable":true,"href":"https:\/\/plg-pllc.com\/es\/wp-json\/wp\/v2\/hc_faqs?post=17894"}],"curies":[{"name":"gracias","href":"https:\/\/api.w.org\/{rel}","templated":true}]}}