{"id":17949,"date":"2020-11-11T10:29:06","date_gmt":"2020-11-11T18:29:06","guid":{"rendered":"https:\/\/plg-pllc.com\/?page_id=17949"},"modified":"2025-02-14T14:14:13","modified_gmt":"2025-02-14T22:14:13","slug":"how-plg-gives-back","status":"publish","type":"page","link":"https:\/\/plg-pllc.com\/es\/community-service\/","title":{"rendered":"C\u00f3mo Premier Law Group contribuye a la comunidad"},"content":{"rendered":"<h2>C\u00f3mo Premier Law Group contribuye a la comunidad<\/h2>\n<p>Como <a href=\"https:\/\/plg-pllc.com\/\">abogados de lesiones personales<\/a>Sabemos que el mundo a veces puede ser un lugar dif\u00edcil. Como peque\u00f1a empresa exitosa, <a href=\"https:\/\/plg-pllc.com\/about-us\/\">Grupo de abogados Premier<\/a> cree en apoyar a su comunidad local. Lo hacemos a trav\u00e9s de nuestros programas Premier Law Gives Back, la participaci\u00f3n y simplemente la donaci\u00f3n. Queremos ayudar a que nuestra comunidad sea un lugar m\u00e1s seguro, mejor y m\u00e1s agradable para vivir para todos.<\/p>\n<p>No se trata solo de lo que haces, sino de c\u00f3mo lo haces. En Premier Law Group, lo que hacemos es ejercer la abogac\u00eda. Luchamos contra las compa\u00f1\u00edas de seguros corporativas en nombre de quienes fueron <a href=\"https:\/\/plg-pllc.com\/practice-areas\/\">gravemente herido<\/a> por la negligencia de los dem\u00e1s. Lo hacemos con honestidad, generosidad e integridad, los mismos valores que nos gustar\u00eda que se fomentaran.<\/p>\n<h2><a href=\"https:\/\/plg-pllc.com\/community-service\/teens-against-distracted-driving-tadd\/tadd\/\">Los adolescentes contra las distracciones al volante<\/a><\/h2>\n<p><img loading=\"lazy\" decoding=\"async\" class=\"alignright wp-image-11492 size-medium\" src=\"https:\/\/plg-pllc.com\/wp-content\/uploads\/2011\/01\/TADDNewBanner2-300x78.jpg\" alt=\"Premier Law devuelve la inversi\u00f3n\" width=\"300\" height=\"78\" \/>Fundada por el abogado y autor de Premier Law Group, Jason Epstein, conmovido por las tr\u00e1gicas muertes en accidentes automovil\u00edsticos causadas por conductores distra\u00eddos, Jason se propuso educar a los ni\u00f1os, en la edad o cerca de la edad en que se ponen por primera vez al volante de un autom\u00f3vil, sobre los peligros de enviar mensajes de texto mientras conducen. TADD ha llegado a miles de ni\u00f1os y sus familias en todo el pa\u00eds, ha aparecido en programas de entrevistas de televisi\u00f3n y radio y, el a\u00f1o pasado, TADD viaj\u00f3 a Washington DC para ser juez en el Hackathon Internacional de Mujeres 2014, una competencia patrocinada por Microsoft para descubrir nuevas soluciones tecnol\u00f3gicas innovadoras al problema de la conducci\u00f3n distra\u00edda.<\/p>\n<div id=\"attachment_12011\" style=\"width: 436px\" class=\"wp-caption alignleft\"><img loading=\"lazy\" decoding=\"async\" aria-describedby=\"caption-attachment-12011\" class=\"wp-image-12011\" src=\"https:\/\/plg-pllc.com\/wp-content\/uploads\/2015\/03\/PC045594-e1426202687254.jpg\" alt=\"Premier Law devuelve\" width=\"426\" height=\"239\" \/><p id=\"caption-attachment-12011\" class=\"wp-caption-text\">Jason y un oficial del Departamento de Polic\u00eda de Federal Way se presentan a los estudiantes de secundaria para TADD.<\/p><\/div>\n<p>Adem\u00e1s de hablar p\u00fablicamente sobre los peligros de conducir distra\u00eddo, Jason y sus colegas de TADD han distribuido miles de pulseras recordatorias y recolectado tarjetas de compromiso de ni\u00f1os y sus padres que est\u00e1n dispuestos a aceptar el desaf\u00edo de no enviar mensajes de texto mientras conducen.<\/p>\n<p>En Premier Law Group, estamos orgullosos de ser parte del esfuerzo por hacer que nuestras carreteras sean m\u00e1s seguras para todos y queremos hacer todo lo posible para crear conciencia sobre los peligros de enviar mensajes de texto mientras se conduce. <strong>\u00a1H\u00e1ganos saber si desea participar!<\/strong><\/p>\n<p><a title=\"Los adolescentes contra las distracciones al volante\" href=\"https:\/\/www.teensagainstdistracteddriving.com\/\" target=\"_blank\" rel=\"noopener noreferrer\">Haga clic aqu\u00ed para obtener m\u00e1s informaci\u00f3n sobre <strong>ADOLESCENTES CONTRA LA CONDUCCI\u00d3N DISTRA\u00cdDA<\/strong>.<\/a><\/p>\n<h2><a href=\"https:\/\/plg-pllc.com\/community-service\/teens-against-distracted-driving-tadd\/tadd\/\">C\u00f3mo PLG contribuye:<\/a><\/h2>\n<h2><a href=\"https:\/\/plg-pllc.com\/community-service\/teens-against-distracted-driving-tadd\/tadd\/\">Beca por conducci\u00f3n distra\u00edda<\/a><\/h2>\n<p>Premier Law Group se complace en anunciar su nueva beca,\u00a0<em><strong><a href=\"https:\/\/plg-pllc.com\/community-service\/teens-against-distracted-driving-tadd\/tadd\/\">Beca para conductores distra\u00eddos<\/a>\u00a0<\/strong><\/em>que est\u00e1 disponible para estudiantes de \u00faltimo a\u00f1o de secundaria y estudiantes universitarios de primer a\u00f1o del estado de Washington.<\/p>\n<p>La conducci\u00f3n distra\u00edda entre los adolescentes es un problema nacional y, con el aumento de las distracciones, como las llamadas de tel\u00e9fono m\u00f3vil, los mensajes de texto, hablar con amigos, cambiar de m\u00fasica o incluso intentar comer o beber algo, cada vez m\u00e1s personas resultan heridas debido a la negligencia de un conductor distra\u00eddo. Premier Law Group ayuda a los estudiantes locales comprometidos con la conducci\u00f3n segura.<\/p>\n<div id=\"attachment_17778\" style=\"width: 144px\" class=\"wp-caption alignright\"><img loading=\"lazy\" decoding=\"async\" aria-describedby=\"caption-attachment-17778\" class=\"wp-image-17778\" src=\"https:\/\/plg-pllc.com\/wp-content\/uploads\/2020\/07\/chadd-300x267.jpeg\" alt=\"El Chad D.\" width=\"134\" height=\"120\" srcset=\"https:\/\/plg-pllc.com\/wp-content\/uploads\/2020\/07\/chadd-300x267.jpeg 300w, https:\/\/plg-pllc.com\/wp-content\/uploads\/2020\/07\/chadd-768x683.jpeg 768w, https:\/\/plg-pllc.com\/wp-content\/uploads\/2020\/07\/chadd-640x569.jpeg 640w, https:\/\/plg-pllc.com\/wp-content\/uploads\/2020\/07\/chadd-225x200.jpeg 225w, https:\/\/plg-pllc.com\/wp-content\/uploads\/2020\/07\/chadd.jpeg 800w\" sizes=\"auto, (max-width: 134px) 100vw, 134px\" \/><p id=\"caption-attachment-17778\" class=\"wp-caption-text\">El Chad D.<\/p><\/div>\n<p>Chad D. ha sido elegido como el ganador de la Beca de Conducci\u00f3n Distra\u00edda PLG 2020.\u00a0 <strong>\u00a1Felicitaciones, Chad!<\/strong><\/p>\n<h2><strong>Programas de comidas con mochila<\/strong><\/h2>\n<p>Premier Law Group ayuda a los ni\u00f1os locales que luchan contra el hambre. Cuando Jason se enter\u00f3 de que en la escuela de su hijo hab\u00eda ni\u00f1os sin hogar que a menudo se quedaban sin comida, cre\u00f3 el programa Backpack Meals. Desde octubre de 2016, este programa proporciona a los estudiantes una comida saludable y refrigerios todas las semanas.<\/p>\n<blockquote><p>\u201cLos estudiantes de Maplewood Heights est\u00e1n muy agradecidos de recibir comida de fin de semana en el programa Backpack que inici\u00f3 este a\u00f1o Premier Law Group. El personal ha notado que los ni\u00f1os recogen su mochila azul con alegr\u00eda y anticipaci\u00f3n. Un estudiante inform\u00f3 que comparti\u00f3 sus golosinas con su hermano. Otro estudiante preocupado pregunt\u00f3: \u201cNo vendremos a la escuela este viernes. \u00bfRecibir\u00e9 una mochila de todos modos?\u201d \u00a1Gracias por brindar la nutrici\u00f3n de fin de semana que tanto necesitan los ni\u00f1os de Maplewood, Premier Law Group!<br \/>\n<em>Consejera escolar Mary-Jane Wyeth<\/em><\/p><\/blockquote>\n<p>Haga clic aqu\u00ed para obtener m\u00e1s informaci\u00f3n sobre nuestros <strong>Programas de mochila<\/strong>.<\/p>\n<h2>Maestro del mes<\/h2>\n<p><img loading=\"lazy\" decoding=\"async\" class=\"wp-image-16172 alignleft\" src=\"https:\/\/plg-pllc.com\/wp-content\/uploads\/2018\/03\/plg-teacher-of-month-300x101.jpg\" alt=\"plg-maestro-del-mes\" width=\"481\" height=\"162\" srcset=\"https:\/\/plg-pllc.com\/wp-content\/uploads\/2018\/03\/plg-teacher-of-month-300x101.jpg 300w, https:\/\/plg-pllc.com\/wp-content\/uploads\/2018\/03\/plg-teacher-of-month-768x258.jpg 768w, https:\/\/plg-pllc.com\/wp-content\/uploads\/2018\/03\/plg-teacher-of-month-1024x345.jpg 1024w, https:\/\/plg-pllc.com\/wp-content\/uploads\/2018\/03\/plg-teacher-of-month-640x215.jpg 640w, https:\/\/plg-pllc.com\/wp-content\/uploads\/2018\/03\/plg-teacher-of-month-1200x404.jpg 1200w, https:\/\/plg-pllc.com\/wp-content\/uploads\/2018\/03\/plg-teacher-of-month.jpg 1920w\" sizes=\"auto, (max-width: 481px) 100vw, 481px\" \/>El Programa Maestro del Mes se inici\u00f3 como parte de nuestro compromiso permanente de mejorar nuestra comunidad. Sabemos lo duro que trabajan los maestros y el incre\u00edble impacto que pueden tener en la vida de sus alumnos. Tambi\u00e9n sabemos que los presupuestos son ajustados y que los maestros a menudo pagan de su bolsillo los suministros y art\u00edculos de primera necesidad. Este programa ofrece a algunos maestros merecedores una peque\u00f1a contribuci\u00f3n para sus aulas. Adem\u00e1s, tambi\u00e9n sirve para destacar el excelente trabajo que est\u00e1n haciendo en nuestras escuelas.<\/p><h3>Estas son solo algunas de las formas en que Premier Law contribuye con la comunidad. <a href=\"tel:(206) 880-7416\">Por favor cont\u00e1ctenos para m\u00e1s informaci\u00f3n.<\/a><\/h3>","protected":false},"excerpt":{"rendered":"<p>C\u00f3mo Premier Law Group contribuye Como abogados especializados en lesiones personales, sabemos que el mundo a veces puede ser un lugar dif\u00edcil. Como peque\u00f1a empresa exitosa, Premier Law Group cree en apoyar a su comunidad local. Lo hacemos a trav\u00e9s de nuestros programas Premier Law Gives Back, la participaci\u00f3n y simplemente la donaci\u00f3n. Queremos ayudar a que nuestra comunidad\u2026<\/p>","protected":false},"author":2,"featured_media":17950,"parent":13189,"menu_order":0,"comment_status":"closed","ping_status":"closed","template":"","meta":{"_acf_changed":false,"_genesis_hide_title":false,"_genesis_hide_breadcrumbs":false,"_genesis_hide_singular_image":false,"_genesis_hide_footer_widgets":false,"_genesis_custom_body_class":"","_genesis_custom_post_class":"","_genesis_layout":"","footnotes":""},"hc_faqs":[],"class_list":{"0":"post-17949","1":"page","2":"type-page","3":"status-publish","4":"has-post-thumbnail","6":"entry"},"acf":[],"yoast_head":"<!-- This site is optimized with the Yoast SEO plugin v27.4 - https:\/\/yoast.com\/product\/yoast-seo-wordpress\/ -->\n<title>How Premier Law Group Gives Back | PLG<\/title>\n<meta name=\"description\" content=\"How Premier Law Group Gives Back - Find out how we make our community a safer and enjoyable place to live.\" \/>\n<meta name=\"robots\" content=\"index, follow, max-snippet:-1, max-image-preview:large, max-video-preview:-1\" \/>\n<link rel=\"canonical\" href=\"https:\/\/plg-pllc.com\/es\/community-service\/\" \/>\n<meta property=\"og:locale\" content=\"es_MX\" \/>\n<meta property=\"og:type\" content=\"article\" \/>\n<meta property=\"og:title\" content=\"How Premier Law Group Gives Back | PLG\" \/>\n<meta property=\"og:description\" content=\"How Premier Law Group Gives Back - Find out how we make our community a safer and enjoyable place to live.\" \/>\n<meta property=\"og:url\" content=\"https:\/\/plg-pllc.com\/es\/community-service\/\" \/>\n<meta property=\"og:site_name\" content=\"Premier Law Group\" \/>\n<meta property=\"article:publisher\" content=\"https:\/\/www.facebook.com\/premierlawgroup\" \/>\n<meta property=\"article:modified_time\" content=\"2025-02-14T22:14:13+00:00\" \/>\n<meta property=\"og:image\" content=\"https:\/\/plg-pllc.com\/wp-content\/uploads\/2020\/10\/young-school-kids-eating-lunch-talking-at-a-table-PB9C82K-1.jpg\" \/>\n\t<meta property=\"og:image:width\" content=\"1500\" \/>\n\t<meta property=\"og:image:height\" content=\"1000\" \/>\n\t<meta property=\"og:image:type\" content=\"image\/jpeg\" \/>\n<meta name=\"twitter:card\" content=\"summary_large_image\" \/>\n<meta name=\"twitter:site\" content=\"@premierlawgroup\" \/>\n<meta name=\"twitter:label1\" content=\"Tiempo de lectura\" \/>\n\t<meta name=\"twitter:data1\" content=\"4 minutos\" \/>\n<script type=\"application\/ld+json\" class=\"yoast-schema-graph\">{\"@context\":\"https:\\\/\\\/schema.org\",\"@graph\":[{\"@type\":\"WebPage\",\"@id\":\"https:\\\/\\\/plg-pllc.com\\\/community-service\\\/\",\"url\":\"https:\\\/\\\/plg-pllc.com\\\/community-service\\\/\",\"name\":\"How Premier Law Group Gives Back | PLG\",\"isPartOf\":{\"@id\":\"https:\\\/\\\/plg-pllc.com\\\/#website\"},\"primaryImageOfPage\":{\"@id\":\"https:\\\/\\\/plg-pllc.com\\\/community-service\\\/#primaryimage\"},\"image\":{\"@id\":\"https:\\\/\\\/plg-pllc.com\\\/community-service\\\/#primaryimage\"},\"thumbnailUrl\":\"https:\\\/\\\/plg-pllc.com\\\/wp-content\\\/uploads\\\/2020\\\/10\\\/young-school-kids-eating-lunch-talking-at-a-table-PB9C82K-1.jpg\",\"datePublished\":\"2020-11-11T18:29:06+00:00\",\"dateModified\":\"2025-02-14T22:14:13+00:00\",\"description\":\"How Premier Law Group Gives Back - Find out how we make our community a safer and enjoyable place to live.\",\"breadcrumb\":{\"@id\":\"https:\\\/\\\/plg-pllc.com\\\/community-service\\\/#breadcrumb\"},\"inLanguage\":\"es\",\"potentialAction\":[{\"@type\":\"ReadAction\",\"target\":[\"https:\\\/\\\/plg-pllc.com\\\/community-service\\\/\"]}]},{\"@type\":\"ImageObject\",\"inLanguage\":\"es\",\"@id\":\"https:\\\/\\\/plg-pllc.com\\\/community-service\\\/#primaryimage\",\"url\":\"https:\\\/\\\/plg-pllc.com\\\/wp-content\\\/uploads\\\/2020\\\/10\\\/young-school-kids-eating-lunch-talking-at-a-table-PB9C82K-1.jpg\",\"contentUrl\":\"https:\\\/\\\/plg-pllc.com\\\/wp-content\\\/uploads\\\/2020\\\/10\\\/young-school-kids-eating-lunch-talking-at-a-table-PB9C82K-1.jpg\",\"width\":1500,\"height\":1000,\"caption\":\"How Premier Law Group Gives Back\"},{\"@type\":\"BreadcrumbList\",\"@id\":\"https:\\\/\\\/plg-pllc.com\\\/community-service\\\/#breadcrumb\",\"itemListElement\":[{\"@type\":\"ListItem\",\"position\":1,\"name\":\"Home\",\"item\":\"https:\\\/\\\/plg-pllc.com\\\/es\\\/\"},{\"@type\":\"ListItem\",\"position\":2,\"name\":\"About Us\",\"item\":\"https:\\\/\\\/plg-pllc.com\\\/es\\\/about-us\\\/\"},{\"@type\":\"ListItem\",\"position\":3,\"name\":\"How Premier Law Group Gives Back\"}]},{\"@type\":\"WebSite\",\"@id\":\"https:\\\/\\\/plg-pllc.com\\\/#website\",\"url\":\"https:\\\/\\\/plg-pllc.com\\\/\",\"name\":\"Premier Law Group\",\"description\":\"Washington Wrongful Death and Serious Injury Lawyer\",\"publisher\":{\"@id\":\"https:\\\/\\\/plg-pllc.com\\\/#organization\"},\"inLanguage\":\"es\"},{\"@type\":\"Organization\",\"@id\":\"https:\\\/\\\/plg-pllc.com\\\/#organization\",\"name\":\"Premier Law Group\",\"url\":\"https:\\\/\\\/plg-pllc.com\\\/\",\"logo\":{\"@type\":\"ImageObject\",\"inLanguage\":\"es\",\"@id\":\"https:\\\/\\\/plg-pllc.com\\\/#\\\/schema\\\/logo\\\/image\\\/\",\"url\":\"https:\\\/\\\/plg-pllc.com\\\/wp-content\\\/uploads\\\/2020\\\/10\\\/plg-logo-v2.gif\",\"contentUrl\":\"https:\\\/\\\/plg-pllc.com\\\/wp-content\\\/uploads\\\/2020\\\/10\\\/plg-logo-v2.gif\",\"width\":592,\"height\":191,\"caption\":\"Premier Law Group\"},\"image\":{\"@id\":\"https:\\\/\\\/plg-pllc.com\\\/#\\\/schema\\\/logo\\\/image\\\/\"},\"sameAs\":[\"https:\\\/\\\/www.facebook.com\\\/premierlawgroup\",\"https:\\\/\\\/x.com\\\/premierlawgroup\"]}]}<\/script>\n<!-- \/ Yoast SEO plugin. -->","yoast_head_json":{"title":"C\u00f3mo Premier Law Group contribuye a la comunidad | PLG","description":"C\u00f3mo Premier Law Group contribuye: descubra c\u00f3mo hacemos de nuestra comunidad un lugar m\u00e1s seguro y agradable para vivir.","robots":{"index":"index","follow":"follow","max-snippet":"max-snippet:-1","max-image-preview":"max-image-preview:large","max-video-preview":"max-video-preview:-1"},"canonical":"https:\/\/plg-pllc.com\/es\/community-service\/","og_locale":"es_MX","og_type":"article","og_title":"How Premier Law Group Gives Back | PLG","og_description":"How Premier Law Group Gives Back - Find out how we make our community a safer and enjoyable place to live.","og_url":"https:\/\/plg-pllc.com\/es\/community-service\/","og_site_name":"Premier Law Group","article_publisher":"https:\/\/www.facebook.com\/premierlawgroup","article_modified_time":"2025-02-14T22:14:13+00:00","og_image":[{"width":1500,"height":1000,"url":"https:\/\/plg-pllc.com\/wp-content\/uploads\/2020\/10\/young-school-kids-eating-lunch-talking-at-a-table-PB9C82K-1.jpg","type":"image\/jpeg"}],"twitter_card":"summary_large_image","twitter_site":"@premierlawgroup","twitter_misc":{"Tiempo de lectura":"4 minutos"},"schema":{"@context":"https:\/\/schema.org","@graph":[{"@type":"WebPage","@id":"https:\/\/plg-pllc.com\/community-service\/","url":"https:\/\/plg-pllc.com\/community-service\/","name":"C\u00f3mo Premier Law Group contribuye a la comunidad | PLG","isPartOf":{"@id":"https:\/\/plg-pllc.com\/#website"},"primaryImageOfPage":{"@id":"https:\/\/plg-pllc.com\/community-service\/#primaryimage"},"image":{"@id":"https:\/\/plg-pllc.com\/community-service\/#primaryimage"},"thumbnailUrl":"https:\/\/plg-pllc.com\/wp-content\/uploads\/2020\/10\/young-school-kids-eating-lunch-talking-at-a-table-PB9C82K-1.jpg","datePublished":"2020-11-11T18:29:06+00:00","dateModified":"2025-02-14T22:14:13+00:00","description":"C\u00f3mo Premier Law Group contribuye: descubra c\u00f3mo hacemos de nuestra comunidad un lugar m\u00e1s seguro y agradable para vivir.","breadcrumb":{"@id":"https:\/\/plg-pllc.com\/community-service\/#breadcrumb"},"inLanguage":"es","potentialAction":[{"@type":"ReadAction","target":["https:\/\/plg-pllc.com\/community-service\/"]}]},{"@type":"ImageObject","inLanguage":"es","@id":"https:\/\/plg-pllc.com\/community-service\/#primaryimage","url":"https:\/\/plg-pllc.com\/wp-content\/uploads\/2020\/10\/young-school-kids-eating-lunch-talking-at-a-table-PB9C82K-1.jpg","contentUrl":"https:\/\/plg-pllc.com\/wp-content\/uploads\/2020\/10\/young-school-kids-eating-lunch-talking-at-a-table-PB9C82K-1.jpg","width":1500,"height":1000,"caption":"How Premier Law Group Gives Back"},{"@type":"BreadcrumbList","@id":"https:\/\/plg-pllc.com\/community-service\/#breadcrumb","itemListElement":[{"@type":"ListItem","position":1,"name":"Home","item":"https:\/\/plg-pllc.com\/es\/"},{"@type":"ListItem","position":2,"name":"About Us","item":"https:\/\/plg-pllc.com\/es\/about-us\/"},{"@type":"ListItem","position":3,"name":"How Premier Law Group Gives Back"}]},{"@type":"WebSite","@id":"https:\/\/plg-pllc.com\/#website","url":"https:\/\/plg-pllc.com\/","name":"Grupo de abogados Premier","description":"Abogado de muerte por negligencia y lesiones graves en Washington","publisher":{"@id":"https:\/\/plg-pllc.com\/#organization"},"inLanguage":"es"},{"@type":"Organization","@id":"https:\/\/plg-pllc.com\/#organization","name":"Grupo de abogados Premier","url":"https:\/\/plg-pllc.com\/","logo":{"@type":"ImageObject","inLanguage":"es","@id":"https:\/\/plg-pllc.com\/#\/schema\/logo\/image\/","url":"https:\/\/plg-pllc.com\/wp-content\/uploads\/2020\/10\/plg-logo-v2.gif","contentUrl":"https:\/\/plg-pllc.com\/wp-content\/uploads\/2020\/10\/plg-logo-v2.gif","width":592,"height":191,"caption":"Premier Law Group"},"image":{"@id":"https:\/\/plg-pllc.com\/#\/schema\/logo\/image\/"},"sameAs":["https:\/\/www.facebook.com\/premierlawgroup","https:\/\/x.com\/premierlawgroup"]}]}},"_links":{"self":[{"href":"https:\/\/plg-pllc.com\/es\/wp-json\/wp\/v2\/pages\/17949","targetHints":{"allow":["GET"]}}],"collection":[{"href":"https:\/\/plg-pllc.com\/es\/wp-json\/wp\/v2\/pages"}],"about":[{"href":"https:\/\/plg-pllc.com\/es\/wp-json\/wp\/v2\/types\/page"}],"author":[{"embeddable":true,"href":"https:\/\/plg-pllc.com\/es\/wp-json\/wp\/v2\/users\/2"}],"replies":[{"embeddable":true,"href":"https:\/\/plg-pllc.com\/es\/wp-json\/wp\/v2\/comments?post=17949"}],"version-history":[{"count":0,"href":"https:\/\/plg-pllc.com\/es\/wp-json\/wp\/v2\/pages\/17949\/revisions"}],"up":[{"embeddable":true,"href":"https:\/\/plg-pllc.com\/es\/wp-json\/wp\/v2\/pages\/13189"}],"wp:featuredmedia":[{"embeddable":true,"href":"https:\/\/plg-pllc.com\/es\/wp-json\/wp\/v2\/media\/17950"}],"wp:attachment":[{"href":"https:\/\/plg-pllc.com\/es\/wp-json\/wp\/v2\/media?parent=17949"}],"wp:term":[{"taxonomy":"hc_faqs","embeddable":true,"href":"https:\/\/plg-pllc.com\/es\/wp-json\/wp\/v2\/hc_faqs?post=17949"}],"curies":[{"name":"gracias","href":"https:\/\/api.w.org\/{rel}","templated":true}]}}