{"id":18245,"date":"2021-04-10T08:33:58","date_gmt":"2021-04-10T15:33:58","guid":{"rendered":"https:\/\/plg-pllc.com\/?post_type=faqs&#038;p=18245"},"modified":"2026-03-24T15:12:33","modified_gmt":"2026-03-24T22:12:33","slug":"insurance-companies-wont-raise-your-rates","status":"publish","type":"page","link":"https:\/\/plg-pllc.com\/es\/faqs\/will-insurance-companies-raise-rates\/","title":{"rendered":"Por qu\u00e9 las compa\u00f1\u00edas de seguros no aumentan las tarifas por presentar un reclamo sin culpa"},"content":{"rendered":"<p>En el estado de Washington, las compa\u00f1\u00edas de seguros no aumentar\u00e1n sus tarifas por presentar un reclamo sin culpa. Si no est\u00e1 <a href=\"https:\/\/plg-pllc.com\/glossary\/car-accidents-in-at-fault-states\/\">En culpa<\/a> En el caso de un accidente de tr\u00e1fico, se trata de reclamaciones sin culpa. Esto significa que no hubo negligencia de tu parte en el accidente. Esto es bueno, pero las compa\u00f1\u00edas de seguros siempre intentar\u00e1n eludir la responsabilidad y evitar pagarte si es posible.<\/p>\n<h2>Es contra la ley que las compa\u00f1\u00edas de seguros aumenten sus tarifas despu\u00e9s de un reclamo sin culpa.<\/h2>\n<p><a href=\"https:\/\/app.leg.wa.gov\/rcw\/default.aspx?cite=46.52.130\">Ley de Aguas Reformadas 46.52.130<\/a> Estados:\u00a0<em>\u201cNinguna p\u00f3liza de seguro podr\u00e1 ser cancelada, no renovada, negada o su tarifa aumentada sobre la base de dicha informaci\u00f3n, a menos que se haya determinado que el titular de la p\u00f3liza tuvo la culpa\u201d.\u00a0<\/em>Esta ley hace que sea ilegal que su compa\u00f1\u00eda de seguros aumente sus tarifas si usted fue v\u00edctima de un accidente automovil\u00edstico debido a la negligencia de otra persona. No solo eso, sino que tambi\u00e9n conlleva repercusiones legales si las compa\u00f1\u00edas de seguros no cumplen con esta ley. Si sus tarifas de seguro aumentan debido a un accidente sin culpa, la compa\u00f1\u00eda de seguros ser\u00e1 acusada de un delito menor grave. Si la compa\u00f1\u00eda de seguros lo hace intencionalmente, ser\u00e1 acusada de un delito grave de clase C. Eso significa que recibir\u00e1 un delito punible.<\/p>\n<p>Es importante recordar que la \u00fanica prioridad de la compa\u00f1\u00eda de seguros es ganar dinero. Lo hacen pagando a las v\u00edctimas de accidentes automovil\u00edsticos lo menos posible despu\u00e9s de su accidente. Si es posible, utilizar\u00e1n cualquier excusa que puedan para aumentar tambi\u00e9n sus tarifas. Si recibe alguna resistencia de los peritos, siempre es inteligente hablar con un experto. <a href=\"https:\/\/plg-pllc.com\/seattle\/car-accident-lawyer\/\">abogados de accidentes de coche<\/a>No firme nada de la compa\u00f1\u00eda de seguros sin hablar con un experto. <a href=\"https:\/\/plg-pllc.com\/glossary\/car-accidents\/\">abogado de accidentes automovil\u00edsticos<\/a>!<iframe loading=\"lazy\" src=\"\/\/fast.wistia.net\/embed\/iframe\/igzs0l9tki\" name=\"wistia_embed\" width=\"740\" height=\"416\" frameborder=\"0\" scrolling=\"no\" allowfullscreen=\"allowfullscreen\"><\/iframe><\/p>\n<h2>Por qu\u00e9 no deber\u00eda estresarse por el aumento de las tarifas de la compa\u00f1\u00eda de seguros por presentar un reclamo de PIP y UM\/UIM sin culpa<\/h2>\n<p><img loading=\"lazy\" decoding=\"async\" class=\"alignright wp-image-17963 size-medium\" src=\"https:\/\/plg-pllc.com\/wp-content\/uploads\/2020\/10\/vehicle-car-insurance-claim-form-concept-PEYDBY4-1-300x200.jpg\" alt=\"Las compa\u00f1\u00edas de seguros aumentan las tarifas despu\u00e9s de presentar una reclamaci\u00f3n por accidente automovil\u00edstico\" width=\"300\" height=\"200\" srcset=\"https:\/\/plg-pllc.com\/wp-content\/uploads\/2020\/10\/vehicle-car-insurance-claim-form-concept-PEYDBY4-1-300x200.jpg 300w, https:\/\/plg-pllc.com\/wp-content\/uploads\/2020\/10\/vehicle-car-insurance-claim-form-concept-PEYDBY4-1-1024x683.jpg 1024w, https:\/\/plg-pllc.com\/wp-content\/uploads\/2020\/10\/vehicle-car-insurance-claim-form-concept-PEYDBY4-1-768x513.jpg 768w, https:\/\/plg-pllc.com\/wp-content\/uploads\/2020\/10\/vehicle-car-insurance-claim-form-concept-PEYDBY4-1-640x427.jpg 640w, https:\/\/plg-pllc.com\/wp-content\/uploads\/2020\/10\/vehicle-car-insurance-claim-form-concept-PEYDBY4-1-1200x801.jpg 1200w, https:\/\/plg-pllc.com\/wp-content\/uploads\/2020\/10\/vehicle-car-insurance-claim-form-concept-PEYDBY4-1-250x167.jpg 250w, https:\/\/plg-pllc.com\/wp-content\/uploads\/2020\/10\/vehicle-car-insurance-claim-form-concept-PEYDBY4-1.jpg 1500w\" sizes=\"auto, (max-width: 300px) 100vw, 300px\" \/>Si result\u00f3 herido en un accidente automovil\u00edstico debido a la negligencia de otra persona, la Protecci\u00f3n contra lesiones personales (PIP) no solo pagar\u00e1 sus facturas m\u00e9dicas, sino tambi\u00e9n su salario perdido. La cobertura para conductores sin seguro o con seguro insuficiente (UM\/UIM) le permite presentar un reclamo ante su compa\u00f1\u00eda de seguros en caso de que el conductor que lo choc\u00f3 no pueda cubrir sus da\u00f1os despu\u00e9s del accidente. Estas coberturas est\u00e1n dise\u00f1adas para protegerlo si sufre un accidente. Sin embargo, un error com\u00fan es pensar que presentar estos reclamos aumentar\u00e1 las tarifas de su seguro. A continuaci\u00f3n, le explicamos por qu\u00e9 no deber\u00eda estresarse por presentar un reclamo. <a href=\"https:\/\/www.youtube.com\/watch?app=desktop&#038;v=NArqAXflEbY\/\">Reclamaci\u00f3n PIP o UM\/UIM<\/a>:<\/p>\n<ol>\n<li><strong>Es ilegal que su seguro aumente sus tarifas por presentar un reclamo sin culpa<\/strong>Hacer esto violar\u00eda la ley RCW 46.52.130. Si usted no caus\u00f3 el accidente, no tiene de qu\u00e9 preocuparse al presentar estos reclamos. Sin embargo, el hecho de que usted no haya tenido la culpa no significa que la compa\u00f1\u00eda de seguros acepte la responsabilidad.<\/li>\n<li><strong>El prop\u00f3sito de estas coberturas es protegerlo a usted y est\u00e1n pensadas para ser utilizadas si usted sufre un accidente.<\/strong> \u00a1No tenga miedo de presentar una reclamaci\u00f3n por PIP o UM\/UIM! Estas coberturas fueron dise\u00f1adas para ayudarlo y son lo que usted paga todos los meses en sus primas de seguro. Sin embargo, la compa\u00f1\u00eda de seguros nunca le dir\u00e1 eso e incluso puede mentirle sobre su capacidad para presentar una reclamaci\u00f3n. Todo esto es parte de su estrategia para ahorrar dinero con el fin de maximizar sus ganancias.<\/li>\n<\/ol>\n<h2>Por qu\u00e9 elegir el abogado adecuado en casos de accidentes automovil\u00edsticos marca la diferencia<\/h2>\n<p><img loading=\"lazy\" decoding=\"async\" class=\"alignleft wp-image-17943 size-medium\" src=\"https:\/\/plg-pllc.com\/wp-content\/uploads\/2020\/10\/Community_4.PNG-1-300x153.jpg\" alt=\"Entrevista al abogado experto en accidentes automovil\u00edsticos Jason Epstein realizada por Kiro 7 News en Seattle\" width=\"300\" height=\"153\" srcset=\"https:\/\/plg-pllc.com\/wp-content\/uploads\/2020\/10\/Community_4.PNG-1-300x153.jpg 300w, https:\/\/plg-pllc.com\/wp-content\/uploads\/2020\/10\/Community_4.PNG-1-250x128.jpg 250w, https:\/\/plg-pllc.com\/wp-content\/uploads\/2020\/10\/Community_4.PNG-1.jpg 400w\" sizes=\"auto, (max-width: 300px) 100vw, 300px\" \/>El hecho de que la ley est\u00e9 de su lado no significa que la compa\u00f1\u00eda de seguros se lo ponga f\u00e1cil. Al fin y al cabo, una <a href=\"https:\/\/plg-pllc.com\/case-results\/a-three-day-jury-trial-results-in-a-344000-judgment-for-a-rear-end-accident\/\">jurado<\/a> El perito toma la decisi\u00f3n sobre qui\u00e9n cree que es responsable de los da\u00f1os y cu\u00e1nto de esos da\u00f1os debe pagarse. Los peritos de seguros tienen t\u00e1cticas probadas que utilizan contra personas buenas que no est\u00e1n familiarizadas con el proceso legal para aprovecharse y pagarles lo menos posible, si es que les pagan algo. A menudo tambi\u00e9n se salen con la suya, convenciendo al jurado de que usted tuvo parte de culpa. O mienten y dicen que sus da\u00f1os no son tan graves. Sin un perito <a href=\"https:\/\/plg-pllc.com\/seattle\/personal-injury-lawyer\/\">abogado de lesiones personales<\/a>Demasiados han sufrido a manos de los ajustadores.<\/p>\n<p>Las grandes compa\u00f1\u00edas de seguros, como Geico, USAA y Progressive, tienen datos y saben qu\u00e9 ofertas m\u00ednimas acepta la mayor\u00eda de las personas por reclamos similares. Solo un abogado experimentado conoce esos datos y puede defenderse para que usted pueda recibir una compensaci\u00f3n justa por su reclamo.<\/p>\n<h3>En un mundo lleno de datos, las compa\u00f1\u00edas de seguros se aprovechan del \u201cciudadano com\u00fan\u201d<\/h3>\n<p>Nuestros abogados con experiencia en accidentes automovil\u00edsticos est\u00e1n muy familiarizados con los trucos de los ajustadores y tienen una <a href=\"https:\/\/plg-pllc.com\/about-us\/why-are-we-different\/\">estrategia<\/a> de nuestra propia experiencia que hemos utilizado para ayudar a cientos de buenas personas como usted en sus reclamos contra las compa\u00f1\u00edas de seguros.<\/p>\n<p>Un buen <a href=\"https:\/\/plg-pllc.com\/\">abogado de accidentes automovil\u00edsticos<\/a> Conoce el proceso legal, as\u00ed como la ley. \u00a1Podemos validar lo que le han hecho y probarlo frente a un jurado! Con d\u00e9cadas de experiencia que nos respaldan, nos aseguraremos de luchar por usted para que pueda concentrarse en mejorar. La compa\u00f1\u00eda de seguros no se escabullir\u00e1 de compensarlo lo que se merece cuando tenga un accidente. <a href=\"https:\/\/plg-pllc.com\/about-us\/\">equipo de primera clase<\/a> \u00a1De abogados de lesiones personales de su lado!<\/p>\n\n        <div class=\"rs-content-cta long\">\n            <p>Para una consulta legal GRATUITA, llame al <a href=\"tel:+12062851743\">(206) 285-1743 <\/a><\/p>\n            <a href=\"https:\/\/plg-pllc.com\/es\/contact-us\/\" title=\"OBTENGA UNA EVALUACI\u00d3N DE CASO GRATUITA\" class=\"btn-global\">OBTENGA UNA EVALUACI\u00d3N DE CASO GRATUITA<\/a>\n                    <picture>\n                            <source srcset=\"https:\/\/plg-pllc.com\/wp-content\/themes\/plg-pllc-redesign\/assets\/app\/img\/cta-thumb.webp\" type=\"image\/webp\"\/>\n                            <img src=\"https:\/\/plg-pllc.com\/wp-content\/themes\/plg-pllc-redesign\/assets\/app\/img\/cta-thumb.png\" alt=\"Grupo de abogados Premier\" title=\"Grupo de abogados Premier\" width=\"245\" height=\"220\" loading=\"auto\" fetchpriority=\"auto\" decoding=\"async\"\/>\n        <\/picture>\n        \n        <\/div><h2>Lucharemos por tus derechos<\/h2>\n<p><img loading=\"lazy\" decoding=\"async\" class=\"alignright wp-image-16403 size-medium\" src=\"https:\/\/plg-pllc.com\/wp-content\/uploads\/2018\/10\/premier-law-group-team1-300x180.jpg\" alt=\"Premier Law Groups, los mejores abogados de lesiones personales en Bellevue, Seattle y Federal Way\" width=\"300\" height=\"180\" srcset=\"https:\/\/plg-pllc.com\/wp-content\/uploads\/2018\/10\/premier-law-group-team1-300x180.jpg 300w, https:\/\/plg-pllc.com\/wp-content\/uploads\/2018\/10\/premier-law-group-team1-640x383.jpg 640w, https:\/\/plg-pllc.com\/wp-content\/uploads\/2018\/10\/premier-law-group-team1-768x460.jpg 768w, https:\/\/plg-pllc.com\/wp-content\/uploads\/2018\/10\/premier-law-group-team1.jpg 800w\" sizes=\"auto, (max-width: 300px) 100vw, 300px\" \/>Tratar con la compa\u00f1\u00eda de seguros puede parecer una guerra. Cr\u00e9ame, los debates que nuestro equipo tiene con los peritos en nombre de nuestros clientes son una batalla. En Premier Law Group, estamos dispuestos a ir a la guerra por usted. No dejaremos de luchar hasta ganar la batalla. Pero no se f\u00ede solo de nuestras palabras, lea lo que dicen nuestros clientes. <a href=\"https:\/\/plg-pllc.com\/client-reviews\/\">Digan sobre nosotros<\/a>!<\/p>\n<h3>\u00a1No se limite a confiar en nuestras palabras, lea lo que nuestros clientes dicen de nosotros!<\/h3>\n<div>\n<div class=\"Jtu6Td\"><em><span class=\"review-full-text\" tabindex=\"-1\"><img loading=\"lazy\" decoding=\"async\" class=\"aligncenter wp-image-18100\" src=\"https:\/\/plg-pllc.com\/wp-content\/uploads\/2020\/10\/Google-Reviews-logo-300x150.png\" alt=\"Rese\u00f1as de Google de nuestros abogados expertos en accidentes automovil\u00edsticos como abogados de 5 estrellas\" width=\"168\" height=\"84\" srcset=\"https:\/\/plg-pllc.com\/wp-content\/uploads\/2020\/10\/Google-Reviews-logo-300x150.png 300w, https:\/\/plg-pllc.com\/wp-content\/uploads\/2020\/10\/Google-Reviews-logo-250x125.png 250w, https:\/\/plg-pllc.com\/wp-content\/uploads\/2020\/10\/Google-Reviews-logo.png 320w\" sizes=\"auto, (max-width: 168px) 100vw, 168px\" \/>\u201cHab\u00edamos estado tratando de evitar contratar a un abogado para un accidente que se determin\u00f3 que fue culpa de la otra parte. El accidente en s\u00ed nos pareci\u00f3 muy sencillo, no hab\u00eda dudas sobre qui\u00e9n tuvo la culpa, ni sobre las lesiones o las reparaciones del veh\u00edculo. Despu\u00e9s de MESES de tratar con el seguro de la otra parte, cedimos y llamamos a Premier Law. En una reuni\u00f3n, Jon fue muy claro y abierto sobre el proceso y lo que pod\u00edamos esperar, incluidos los honorarios y los plazos. Tambi\u00e9n nos dio sugerencias y perspectivas sobre c\u00f3mo abordar el caso. Audrey se hizo cargo del papeleo y la comunicaci\u00f3n sobre el caso, y estuvo incre\u00edblemente atenta a todo y respondi\u00f3 a nuestras necesidades. Despu\u00e9s de recibir noticias del bufete de abogados, la compa\u00f1\u00eda de seguros lleg\u00f3 a un acuerdo r\u00e1pido y f\u00e1cil, mientras que nosotros hab\u00edamos estado intent\u00e1ndolo durante meses por nuestra cuenta. Sin duda lo recomendar\u00eda\u201d. \u2013 Carrera Halwachs.<\/span><\/em><\/div>\n<div><\/div>\n<div class=\"Jtu6Td\"><span style=\"color: #6575a5; font-family: Arbutus Slab, serif;\"><span style=\"font-size: 25px;\">No<\/span><\/span><span style=\"color: #6575a5; font-family: 'Arbutus Slab', serif; font-size: 1.5625rem;\"> Espera si te han herido<\/span><\/div>\n<\/div>\n<div>\n<div class=\"Jtu6Td\"><span style=\"font-size: inherit;\">Si usted result\u00f3 herido en un accidente automovil\u00edstico debido a la responsabilidad de otra persona <\/span><a style=\"font-size: inherit;\" href=\"https:\/\/plg-pllc.com\/faqs\/what-is-negligence\/\">negligencia<\/a><span style=\"font-size: inherit;\">\u00a1Ll\u00e1manos! Te ofrecemos <\/span><a style=\"font-size: inherit;\" href=\"https:\/\/plg-pllc.com\/contact-us\/\"><strong>GRATIS <\/strong><\/a><span style=\"font-size: inherit;\">consultas con nuestros abogados y estaremos encantados de hablar con usted. Llame <\/span><em style=\"font-size: inherit;\">206-285-1743<\/em><\/div>\n<\/div>\n\n        <div class=\"rs-content-cta\">\n            <p>Llamar o enviar mensaje de texto <a href=\"tel:+12062851743\">(206) 285-1743<\/a> o complete un formulario de evaluaci\u00f3n de caso gratuito<\/p>\n            <a href=\"https:\/\/plg-pllc.com\/es\/contact-us\/\" title=\"OBTENGA UNA EVALUACI\u00d3N DE CASO GRATUITA\" class=\"btn-global\">OBTENGA UNA EVALUACI\u00d3N DE CASO GRATUITA<\/a>\n                    <picture>\n                            <source srcset=\"https:\/\/plg-pllc.com\/wp-content\/themes\/plg-pllc-redesign\/assets\/app\/img\/cta-thumb.webp\" type=\"image\/webp\"\/>\n                            <img src=\"https:\/\/plg-pllc.com\/wp-content\/themes\/plg-pllc-redesign\/assets\/app\/img\/cta-thumb.png\" alt=\"Grupo de abogados Premier\" title=\"Grupo de abogados Premier\" width=\"245\" height=\"220\" loading=\"auto\" fetchpriority=\"auto\" decoding=\"async\"\/>\n        <\/picture>\n        \n        <\/div>","protected":false},"excerpt":{"rendered":"<p>En el estado de Washington, las compa\u00f1\u00edas de seguros no aumentan las tarifas por presentar una reclamaci\u00f3n sin culpa. Si usted no tiene culpa de un accidente automovil\u00edstico, se denominan reclamaciones sin culpa. Esto significa que no hubo negligencia de su parte en el accidente automovil\u00edstico. Esto es algo bueno, sin embargo, las compa\u00f1\u00edas de seguros siempre intentar\u00e1n...<\/p>","protected":false},"author":24,"featured_media":0,"parent":20714,"menu_order":0,"comment_status":"closed","ping_status":"closed","template":"","meta":{"_acf_changed":false,"_genesis_hide_title":false,"_genesis_hide_breadcrumbs":false,"_genesis_hide_singular_image":false,"_genesis_hide_footer_widgets":false,"_genesis_custom_body_class":"","_genesis_custom_post_class":"","_genesis_layout":"","footnotes":""},"hc_faqs":[10365],"class_list":{"0":"post-18245","1":"page","2":"type-page","3":"status-publish","5":"hc_faqs-insurance-claims","6":"entry","7":"has-post-thumbnail"},"acf":[],"yoast_head":"<!-- This site is optimized with the Yoast SEO plugin v27.2 - https:\/\/yoast.com\/product\/yoast-seo-wordpress\/ -->\n<title>Why Insurance Companies Won\u2019t Raise Your Rates For Filing A No Fault Claim<\/title>\n<meta name=\"description\" content=\"Why Insurance Companies Won\u2019t Raise Your Rates For Filing A No Fault Claim: Premier Law Group helps you unlock the full compensation you deserve. No Fee Unless We Win.\" \/>\n<meta name=\"robots\" content=\"index, follow, max-snippet:-1, max-image-preview:large, max-video-preview:-1\" \/>\n<link rel=\"canonical\" href=\"https:\/\/plg-pllc.com\/es\/faqs\/will-insurance-companies-raise-rates\/\" \/>\n<meta property=\"og:locale\" content=\"es_MX\" \/>\n<meta property=\"og:type\" content=\"article\" \/>\n<meta property=\"og:title\" content=\"Why Insurance Companies Won\u2019t Raise Your Rates For Filing A No Fault Claim\" \/>\n<meta property=\"og:description\" content=\"Why Insurance Companies Won\u2019t Raise Your Rates For Filing A No Fault Claim: Premier Law Group helps you unlock the full compensation you deserve. No Fee Unless We Win.\" \/>\n<meta property=\"og:url\" content=\"https:\/\/plg-pllc.com\/es\/faqs\/will-insurance-companies-raise-rates\/\" \/>\n<meta property=\"og:site_name\" content=\"Premier Law Group\" \/>\n<meta property=\"article:publisher\" content=\"https:\/\/www.facebook.com\/premierlawgroup\" \/>\n<meta property=\"article:modified_time\" content=\"2026-03-24T22:12:33+00:00\" \/>\n<meta property=\"og:image\" content=\"https:\/\/plg-pllc.com\/wp-content\/uploads\/2020\/10\/vehicle-car-insurance-claim-form-concept-PEYDBY4-1.jpg\" \/>\n\t<meta property=\"og:image:width\" content=\"1500\" \/>\n\t<meta property=\"og:image:height\" content=\"1001\" \/>\n\t<meta property=\"og:image:type\" content=\"image\/jpeg\" \/>\n<meta name=\"twitter:card\" content=\"summary_large_image\" \/>\n<meta name=\"twitter:site\" content=\"@premierlawgroup\" \/>\n<meta name=\"twitter:label1\" content=\"Tiempo de lectura\" \/>\n\t<meta name=\"twitter:data1\" content=\"6 minutos\" \/>\n<script type=\"application\/ld+json\" class=\"yoast-schema-graph\">{\"@context\":\"https:\/\/schema.org\",\"@graph\":[{\"@type\":\"WebPage\",\"@id\":\"https:\/\/plg-pllc.com\/faqs\/will-insurance-companies-raise-rates\/\",\"url\":\"https:\/\/plg-pllc.com\/faqs\/will-insurance-companies-raise-rates\/\",\"name\":\"Why Insurance Companies Won\u2019t Raise Your Rates For Filing A No Fault Claim\",\"isPartOf\":{\"@id\":\"https:\/\/plg-pllc.com\/#website\"},\"primaryImageOfPage\":{\"@id\":\"https:\/\/plg-pllc.com\/faqs\/will-insurance-companies-raise-rates\/#primaryimage\"},\"image\":{\"@id\":\"https:\/\/plg-pllc.com\/faqs\/will-insurance-companies-raise-rates\/#primaryimage\"},\"thumbnailUrl\":\"https:\/\/plg-pllc.com\/wp-content\/uploads\/2020\/10\/vehicle-car-insurance-claim-form-concept-PEYDBY4-1-300x200.jpg\",\"datePublished\":\"2021-04-10T15:33:58+00:00\",\"dateModified\":\"2026-03-24T22:12:33+00:00\",\"description\":\"Why Insurance Companies Won\u2019t Raise Your Rates For Filing A No Fault Claim: Premier Law Group helps you unlock the full compensation you deserve. No Fee Unless We Win.\",\"breadcrumb\":{\"@id\":\"https:\/\/plg-pllc.com\/faqs\/will-insurance-companies-raise-rates\/#breadcrumb\"},\"inLanguage\":\"es\",\"potentialAction\":[{\"@type\":\"ReadAction\",\"target\":[\"https:\/\/plg-pllc.com\/faqs\/will-insurance-companies-raise-rates\/\"]}]},{\"@type\":\"ImageObject\",\"inLanguage\":\"es\",\"@id\":\"https:\/\/plg-pllc.com\/faqs\/will-insurance-companies-raise-rates\/#primaryimage\",\"url\":\"https:\/\/plg-pllc.com\/wp-content\/uploads\/2020\/10\/vehicle-car-insurance-claim-form-concept-PEYDBY4-1-300x200.jpg\",\"contentUrl\":\"https:\/\/plg-pllc.com\/wp-content\/uploads\/2020\/10\/vehicle-car-insurance-claim-form-concept-PEYDBY4-1-300x200.jpg\"},{\"@type\":\"BreadcrumbList\",\"@id\":\"https:\/\/plg-pllc.com\/faqs\/will-insurance-companies-raise-rates\/#breadcrumb\",\"itemListElement\":[{\"@type\":\"ListItem\",\"position\":1,\"name\":\"Home\",\"item\":\"https:\/\/plg-pllc.com\/es\/\"},{\"@type\":\"ListItem\",\"position\":2,\"name\":\"FAQs\",\"item\":\"https:\/\/plg-pllc.com\/es\/faqs\/\"},{\"@type\":\"ListItem\",\"position\":3,\"name\":\"Why Insurance Companies Won\u2019t Raise Your Rates For Filing A No Fault Claim\"}]},{\"@type\":\"WebSite\",\"@id\":\"https:\/\/plg-pllc.com\/#website\",\"url\":\"https:\/\/plg-pllc.com\/\",\"name\":\"Premier Law Group\",\"description\":\"Washington Wrongful Death and Serious Injury Lawyer\",\"publisher\":{\"@id\":\"https:\/\/plg-pllc.com\/#organization\"},\"inLanguage\":\"es\"},{\"@type\":\"Organization\",\"@id\":\"https:\/\/plg-pllc.com\/#organization\",\"name\":\"Premier Law Group\",\"url\":\"https:\/\/plg-pllc.com\/\",\"logo\":{\"@type\":\"ImageObject\",\"inLanguage\":\"es\",\"@id\":\"https:\/\/plg-pllc.com\/#\/schema\/logo\/image\/\",\"url\":\"https:\/\/plg-pllc.com\/wp-content\/uploads\/2020\/10\/plg-logo-v2.gif\",\"contentUrl\":\"https:\/\/plg-pllc.com\/wp-content\/uploads\/2020\/10\/plg-logo-v2.gif\",\"width\":592,\"height\":191,\"caption\":\"Premier Law Group\"},\"image\":{\"@id\":\"https:\/\/plg-pllc.com\/#\/schema\/logo\/image\/\"},\"sameAs\":[\"https:\/\/www.facebook.com\/premierlawgroup\",\"https:\/\/x.com\/premierlawgroup\"]}]}<\/script>\n<!-- \/ Yoast SEO plugin. -->","yoast_head_json":{"title":"Por qu\u00e9 las compa\u00f1\u00edas de seguros no aumentan las tarifas por presentar un reclamo sin culpa","description":"Por qu\u00e9 las compa\u00f1\u00edas de seguros no aumentar\u00e1n sus tarifas por presentar un reclamo sin culpa: Premier Law Group lo ayuda a obtener la compensaci\u00f3n total que merece. Sin cargo a menos que ganemos.","robots":{"index":"index","follow":"follow","max-snippet":"max-snippet:-1","max-image-preview":"max-image-preview:large","max-video-preview":"max-video-preview:-1"},"canonical":"https:\/\/plg-pllc.com\/es\/faqs\/will-insurance-companies-raise-rates\/","og_locale":"es_MX","og_type":"article","og_title":"Why Insurance Companies Won\u2019t Raise Your Rates For Filing A No Fault Claim","og_description":"Why Insurance Companies Won\u2019t Raise Your Rates For Filing A No Fault Claim: Premier Law Group helps you unlock the full compensation you deserve. No Fee Unless We Win.","og_url":"https:\/\/plg-pllc.com\/es\/faqs\/will-insurance-companies-raise-rates\/","og_site_name":"Premier Law Group","article_publisher":"https:\/\/www.facebook.com\/premierlawgroup","article_modified_time":"2026-03-24T22:12:33+00:00","og_image":[{"width":1500,"height":1001,"url":"https:\/\/plg-pllc.com\/wp-content\/uploads\/2020\/10\/vehicle-car-insurance-claim-form-concept-PEYDBY4-1.jpg","type":"image\/jpeg"}],"twitter_card":"summary_large_image","twitter_site":"@premierlawgroup","twitter_misc":{"Tiempo de lectura":"6 minutos"},"schema":{"@context":"https:\/\/schema.org","@graph":[{"@type":"WebPage","@id":"https:\/\/plg-pllc.com\/faqs\/will-insurance-companies-raise-rates\/","url":"https:\/\/plg-pllc.com\/faqs\/will-insurance-companies-raise-rates\/","name":"Por qu\u00e9 las compa\u00f1\u00edas de seguros no aumentan las tarifas por presentar un reclamo sin culpa","isPartOf":{"@id":"https:\/\/plg-pllc.com\/#website"},"primaryImageOfPage":{"@id":"https:\/\/plg-pllc.com\/faqs\/will-insurance-companies-raise-rates\/#primaryimage"},"image":{"@id":"https:\/\/plg-pllc.com\/faqs\/will-insurance-companies-raise-rates\/#primaryimage"},"thumbnailUrl":"https:\/\/plg-pllc.com\/wp-content\/uploads\/2020\/10\/vehicle-car-insurance-claim-form-concept-PEYDBY4-1-300x200.jpg","datePublished":"2021-04-10T15:33:58+00:00","dateModified":"2026-03-24T22:12:33+00:00","description":"Por qu\u00e9 las compa\u00f1\u00edas de seguros no aumentar\u00e1n sus tarifas por presentar un reclamo sin culpa: Premier Law Group lo ayuda a obtener la compensaci\u00f3n total que merece. Sin cargo a menos que ganemos.","breadcrumb":{"@id":"https:\/\/plg-pllc.com\/faqs\/will-insurance-companies-raise-rates\/#breadcrumb"},"inLanguage":"es","potentialAction":[{"@type":"ReadAction","target":["https:\/\/plg-pllc.com\/faqs\/will-insurance-companies-raise-rates\/"]}]},{"@type":"ImageObject","inLanguage":"es","@id":"https:\/\/plg-pllc.com\/faqs\/will-insurance-companies-raise-rates\/#primaryimage","url":"https:\/\/plg-pllc.com\/wp-content\/uploads\/2020\/10\/vehicle-car-insurance-claim-form-concept-PEYDBY4-1-300x200.jpg","contentUrl":"https:\/\/plg-pllc.com\/wp-content\/uploads\/2020\/10\/vehicle-car-insurance-claim-form-concept-PEYDBY4-1-300x200.jpg"},{"@type":"BreadcrumbList","@id":"https:\/\/plg-pllc.com\/faqs\/will-insurance-companies-raise-rates\/#breadcrumb","itemListElement":[{"@type":"ListItem","position":1,"name":"Home","item":"https:\/\/plg-pllc.com\/es\/"},{"@type":"ListItem","position":2,"name":"FAQs","item":"https:\/\/plg-pllc.com\/es\/faqs\/"},{"@type":"ListItem","position":3,"name":"Why Insurance Companies Won\u2019t Raise Your Rates For Filing A No Fault Claim"}]},{"@type":"WebSite","@id":"https:\/\/plg-pllc.com\/#website","url":"https:\/\/plg-pllc.com\/","name":"Grupo de abogados Premier","description":"Abogado de muerte por negligencia y lesiones graves en Washington","publisher":{"@id":"https:\/\/plg-pllc.com\/#organization"},"inLanguage":"es"},{"@type":"Organization","@id":"https:\/\/plg-pllc.com\/#organization","name":"Grupo de abogados Premier","url":"https:\/\/plg-pllc.com\/","logo":{"@type":"ImageObject","inLanguage":"es","@id":"https:\/\/plg-pllc.com\/#\/schema\/logo\/image\/","url":"https:\/\/plg-pllc.com\/wp-content\/uploads\/2020\/10\/plg-logo-v2.gif","contentUrl":"https:\/\/plg-pllc.com\/wp-content\/uploads\/2020\/10\/plg-logo-v2.gif","width":592,"height":191,"caption":"Premier Law Group"},"image":{"@id":"https:\/\/plg-pllc.com\/#\/schema\/logo\/image\/"},"sameAs":["https:\/\/www.facebook.com\/premierlawgroup","https:\/\/x.com\/premierlawgroup"]}]}},"_links":{"self":[{"href":"https:\/\/plg-pllc.com\/es\/wp-json\/wp\/v2\/pages\/18245","targetHints":{"allow":["GET"]}}],"collection":[{"href":"https:\/\/plg-pllc.com\/es\/wp-json\/wp\/v2\/pages"}],"about":[{"href":"https:\/\/plg-pllc.com\/es\/wp-json\/wp\/v2\/types\/page"}],"author":[{"embeddable":true,"href":"https:\/\/plg-pllc.com\/es\/wp-json\/wp\/v2\/users\/24"}],"replies":[{"embeddable":true,"href":"https:\/\/plg-pllc.com\/es\/wp-json\/wp\/v2\/comments?post=18245"}],"version-history":[{"count":0,"href":"https:\/\/plg-pllc.com\/es\/wp-json\/wp\/v2\/pages\/18245\/revisions"}],"up":[{"embeddable":true,"href":"https:\/\/plg-pllc.com\/es\/wp-json\/wp\/v2\/pages\/20714"}],"wp:attachment":[{"href":"https:\/\/plg-pllc.com\/es\/wp-json\/wp\/v2\/media?parent=18245"}],"wp:term":[{"taxonomy":"hc_faqs","embeddable":true,"href":"https:\/\/plg-pllc.com\/es\/wp-json\/wp\/v2\/hc_faqs?post=18245"}],"curies":[{"name":"gracias","href":"https:\/\/api.w.org\/{rel}","templated":true}]}}