{"id":18334,"date":"2021-04-01T16:55:00","date_gmt":"2021-04-01T23:55:00","guid":{"rendered":"https:\/\/plg-pllc.com\/?p=18334"},"modified":"2025-02-14T14:13:29","modified_gmt":"2025-02-14T22:13:29","slug":"expertise-awards-premier-law-group-as-best-car-accident-lawyers-in-renton-in-2021","status":"publish","type":"page","link":"https:\/\/plg-pllc.com\/es\/awards\/expertise-awards-plg-as-best-car-accident-lawyer-in-renton\/expertise-awards-plg\/","title":{"rendered":"Expertise Awards premia a Premier Law Group como el mejor abogado de accidentes automovil\u00edsticos en Renton en 2021"},"content":{"rendered":"<p>Es un honor para Premier Law Group recibir el premio a los \u201cMejores abogados de accidentes automovil\u00edsticos en Renton 2021\u201d. Nuestra misi\u00f3n en Premier Law Group siempre ser\u00e1 brindar el mejor servicio legal a nuestros clientes. No solo en <a href=\"https:\/\/plg-pllc.com\/renton\/personal-injury-lawyer\/\">Rent\u00f3n<\/a>, pero en <a href=\"https:\/\/plg-pllc.com\/seattle\/personal-injury-lawyer\/\">Seattle<\/a>, <a href=\"https:\/\/plg-pllc.com\/\">Bellevue<\/a>, y <a href=\"https:\/\/plg-pllc.com\/federal-way\/personal-injury-lawyer\/\">Camino federal<\/a> tambi\u00e9n.<\/p>\n<p>Despu\u00e9s de enterarse de la recepci\u00f3n del premio, el propietario y abogado Jason Epstein dijo: \u201c<em>Puede que nuestros abogados de accidentes automovil\u00edsticos reciban la mayor parte del reconocimiento, pero es todo nuestro personal el que marca la diferencia aqu\u00ed. Todo el equipo se une para luchar por lo mejor para nuestros clientes. No es solo porque tenemos los mejores abogados de accidentes automovil\u00edsticos, sino porque tenemos el mejor grupo de personas.<\/em>.\u201d<\/p>\n<p><em>\u201cNuestros clientes son buenas personas que acaban de pasar por una situaci\u00f3n dif\u00edcil\u201d.<\/em> Dijo Patrick Kang, otro abogado y propietario de Premier Law Group.<em> \u201cEllos depositan su confianza en nosotros todos los d\u00edas y no lo tomamos a la ligera. Nuestro trabajo es luchar por estas personas y eso es lo que hacemos\u201d.<\/em><\/p>\n<p>A Jason y Patrick les apasiona ayudar a las personas. Despu\u00e9s de ver los efectos devastadores que puede causar una <a href=\"https:\/\/plg-pllc.com\/glossary\/car-accidents\/\">accidente de coche<\/a>Se han embarcado en una b\u00fasqueda permanente de ayudar a aquellos que no conocen ni entienden el complicado sistema legal como ellos. Asociarse y fundar Premier Law Group fue la mejor manera que conoc\u00edan de servir al \u00e1rea metropolitana de Seattle y a su gente. Atraes lo que eres, y el equipo que Jason y Patrick han reunido en Premier Law Group es de primera categor\u00eda. Personas comunes que hacen cosas extraordinarias por nuestros clientes.<\/p>\n<p><img loading=\"lazy\" decoding=\"async\" class=\"aligncenter wp-image-18332 size-medium\" src=\"https:\/\/plg-pllc.com\/wp-content\/uploads\/2021\/04\/expertise-300x242.png\" alt=\"Premios de experiencia Premier Law Group Mejores abogados de accidentes automovil\u00edsticos en Renton 2021\" width=\"300\" height=\"242\" srcset=\"https:\/\/plg-pllc.com\/wp-content\/uploads\/2021\/04\/expertise-300x242.png 300w, https:\/\/plg-pllc.com\/wp-content\/uploads\/2021\/04\/expertise-248x200.png 248w, https:\/\/plg-pllc.com\/wp-content\/uploads\/2021\/04\/expertise.png 595w\" sizes=\"auto, (max-width: 300px) 100vw, 300px\" \/><\/p>\n<h2>La experiencia conoce a los expertos<\/h2>\n<p>Expertise es un recurso de primera clase para encontrar a los mejores expertos locales que lo ayudar\u00e1n cuando lo necesite. Su equipo, seleccionado a mano y revisado manualmente, se asegura de verificar que cada empresa en su lista sea realmente una de las mejores. Para ver la lista de Premier Law Group en Expertise, <a href=\"https:\/\/www.expertise.com\/legal\/car-accident-lawyers\/washington\/renton#PremierLawGroup\">haga clic aqu\u00ed<\/a>!<\/p>","protected":false},"excerpt":{"rendered":"<p>Es un honor para Premier Law Group recibir el premio a los \u201cMejores abogados de accidentes automovil\u00edsticos en Renton 2021\u201d. Nuestra misi\u00f3n en Premier Law Group siempre ser\u00e1 brindar el mejor servicio legal a nuestros clientes. No solo en Renton, sino tambi\u00e9n en Seattle, Bellevue y Federal Way. Despu\u00e9s de enterarnos de haber recibido el premio a los \u201cMejores abogados de accidentes automovil\u00edsticos en Renton 2021\u201d, Premier Law Group siempre ser\u00e1 brindar el mejor servicio legal a nuestros clientes.<\/p>","protected":false},"author":24,"featured_media":18332,"parent":20721,"menu_order":0,"comment_status":"closed","ping_status":"closed","template":"","meta":{"_acf_changed":false,"_genesis_hide_title":false,"_genesis_hide_breadcrumbs":false,"_genesis_hide_singular_image":false,"_genesis_hide_footer_widgets":false,"_genesis_custom_body_class":"","_genesis_custom_post_class":"","_genesis_layout":"","footnotes":""},"hc_faqs":[],"class_list":{"0":"post-18334","1":"page","2":"type-page","3":"status-publish","4":"has-post-thumbnail","6":"entry"},"acf":[],"yoast_head":"<!-- This site is optimized with the Yoast SEO plugin v27.4 - https:\/\/yoast.com\/product\/yoast-seo-wordpress\/ -->\n<title>Premier Law Group As Best Car Accident Lawyers In Renton In 2021<\/title>\n<meta name=\"description\" content=\"It has been an honor for Premier Law Group of Renton to have received the &quot;Best Car Accident Lawyers in Renton 2021&quot; award.\" \/>\n<meta name=\"robots\" content=\"index, follow, max-snippet:-1, max-image-preview:large, max-video-preview:-1\" \/>\n<link rel=\"canonical\" href=\"https:\/\/plg-pllc.com\/es\/awards\/expertise-awards-plg-as-best-car-accident-lawyer-in-renton\/expertise-awards-plg\/\" \/>\n<meta property=\"og:locale\" content=\"es_MX\" \/>\n<meta property=\"og:type\" content=\"article\" \/>\n<meta property=\"og:title\" content=\"Premier Law Group As Best Car Accident Lawyers In Renton In 2021\" \/>\n<meta property=\"og:description\" content=\"It has been an honor for Premier Law Group of Renton to have received the &quot;Best Car Accident Lawyers in Renton 2021&quot; award.\" \/>\n<meta property=\"og:url\" content=\"https:\/\/plg-pllc.com\/es\/awards\/expertise-awards-plg-as-best-car-accident-lawyer-in-renton\/expertise-awards-plg\/\" \/>\n<meta property=\"og:site_name\" content=\"Premier Law Group\" \/>\n<meta property=\"article:publisher\" content=\"https:\/\/www.facebook.com\/premierlawgroup\" \/>\n<meta property=\"article:modified_time\" content=\"2025-02-14T22:13:29+00:00\" \/>\n<meta property=\"og:image\" content=\"https:\/\/plg-pllc.com\/wp-content\/uploads\/2021\/04\/expertise.png\" \/>\n\t<meta property=\"og:image:width\" content=\"595\" \/>\n\t<meta property=\"og:image:height\" content=\"480\" \/>\n\t<meta property=\"og:image:type\" content=\"image\/png\" \/>\n<meta name=\"twitter:card\" content=\"summary_large_image\" \/>\n<meta name=\"twitter:site\" content=\"@premierlawgroup\" \/>\n<meta name=\"twitter:label1\" content=\"Tiempo de lectura\" \/>\n\t<meta name=\"twitter:data1\" content=\"2 minutos\" \/>\n<script type=\"application\/ld+json\" class=\"yoast-schema-graph\">{\"@context\":\"https:\\\/\\\/schema.org\",\"@graph\":[{\"@type\":\"WebPage\",\"@id\":\"https:\\\/\\\/plg-pllc.com\\\/awards\\\/expertise-awards-plg-as-best-car-accident-lawyer-in-renton\\\/expertise-awards-plg\\\/\",\"url\":\"https:\\\/\\\/plg-pllc.com\\\/awards\\\/expertise-awards-plg-as-best-car-accident-lawyer-in-renton\\\/expertise-awards-plg\\\/\",\"name\":\"Premier Law Group As Best Car Accident Lawyers In Renton In 2021\",\"isPartOf\":{\"@id\":\"https:\\\/\\\/plg-pllc.com\\\/#website\"},\"primaryImageOfPage\":{\"@id\":\"https:\\\/\\\/plg-pllc.com\\\/awards\\\/expertise-awards-plg-as-best-car-accident-lawyer-in-renton\\\/expertise-awards-plg\\\/#primaryimage\"},\"image\":{\"@id\":\"https:\\\/\\\/plg-pllc.com\\\/awards\\\/expertise-awards-plg-as-best-car-accident-lawyer-in-renton\\\/expertise-awards-plg\\\/#primaryimage\"},\"thumbnailUrl\":\"https:\\\/\\\/plg-pllc.com\\\/wp-content\\\/uploads\\\/2021\\\/04\\\/expertise.png\",\"datePublished\":\"2021-04-01T23:55:00+00:00\",\"dateModified\":\"2025-02-14T22:13:29+00:00\",\"description\":\"It has been an honor for Premier Law Group of Renton to have received the \\\"Best Car Accident Lawyers in Renton 2021\\\" award.\",\"breadcrumb\":{\"@id\":\"https:\\\/\\\/plg-pllc.com\\\/awards\\\/expertise-awards-plg-as-best-car-accident-lawyer-in-renton\\\/expertise-awards-plg\\\/#breadcrumb\"},\"inLanguage\":\"es\",\"potentialAction\":[{\"@type\":\"ReadAction\",\"target\":[\"https:\\\/\\\/plg-pllc.com\\\/awards\\\/expertise-awards-plg-as-best-car-accident-lawyer-in-renton\\\/expertise-awards-plg\\\/\"]}]},{\"@type\":\"ImageObject\",\"inLanguage\":\"es\",\"@id\":\"https:\\\/\\\/plg-pllc.com\\\/awards\\\/expertise-awards-plg-as-best-car-accident-lawyer-in-renton\\\/expertise-awards-plg\\\/#primaryimage\",\"url\":\"https:\\\/\\\/plg-pllc.com\\\/wp-content\\\/uploads\\\/2021\\\/04\\\/expertise.png\",\"contentUrl\":\"https:\\\/\\\/plg-pllc.com\\\/wp-content\\\/uploads\\\/2021\\\/04\\\/expertise.png\",\"width\":595,\"height\":480,\"caption\":\"Expertise awards Premier Law Group Best Car Accident Lawyers in Renton 2021\"},{\"@type\":\"BreadcrumbList\",\"@id\":\"https:\\\/\\\/plg-pllc.com\\\/awards\\\/expertise-awards-plg-as-best-car-accident-lawyer-in-renton\\\/expertise-awards-plg\\\/#breadcrumb\",\"itemListElement\":[{\"@type\":\"ListItem\",\"position\":1,\"name\":\"Home\",\"item\":\"https:\\\/\\\/plg-pllc.com\\\/es\\\/\"},{\"@type\":\"ListItem\",\"position\":2,\"name\":\"Awards\",\"item\":\"https:\\\/\\\/plg-pllc.com\\\/es\\\/awards\\\/\"},{\"@type\":\"ListItem\",\"position\":3,\"name\":\"Expertise Awards Premier Law Group As Best Car Accident Lawyers In Renton In 2021\"}]},{\"@type\":\"WebSite\",\"@id\":\"https:\\\/\\\/plg-pllc.com\\\/#website\",\"url\":\"https:\\\/\\\/plg-pllc.com\\\/\",\"name\":\"Premier Law Group\",\"description\":\"Washington Wrongful Death and Serious Injury Lawyer\",\"publisher\":{\"@id\":\"https:\\\/\\\/plg-pllc.com\\\/#organization\"},\"inLanguage\":\"es\"},{\"@type\":\"Organization\",\"@id\":\"https:\\\/\\\/plg-pllc.com\\\/#organization\",\"name\":\"Premier Law Group\",\"url\":\"https:\\\/\\\/plg-pllc.com\\\/\",\"logo\":{\"@type\":\"ImageObject\",\"inLanguage\":\"es\",\"@id\":\"https:\\\/\\\/plg-pllc.com\\\/#\\\/schema\\\/logo\\\/image\\\/\",\"url\":\"https:\\\/\\\/plg-pllc.com\\\/wp-content\\\/uploads\\\/2020\\\/10\\\/plg-logo-v2.gif\",\"contentUrl\":\"https:\\\/\\\/plg-pllc.com\\\/wp-content\\\/uploads\\\/2020\\\/10\\\/plg-logo-v2.gif\",\"width\":592,\"height\":191,\"caption\":\"Premier Law Group\"},\"image\":{\"@id\":\"https:\\\/\\\/plg-pllc.com\\\/#\\\/schema\\\/logo\\\/image\\\/\"},\"sameAs\":[\"https:\\\/\\\/www.facebook.com\\\/premierlawgroup\",\"https:\\\/\\\/x.com\\\/premierlawgroup\"]}]}<\/script>\n<!-- \/ Yoast SEO plugin. -->","yoast_head_json":{"title":"Premier Law Group, el mejor abogado de accidentes automovil\u00edsticos en Renton en 2021","description":"Ha sido un honor para Premier Law Group de Renton haber recibido el premio &quot;Mejores abogados de accidentes automovil\u00edsticos en Renton 2021&quot;.","robots":{"index":"index","follow":"follow","max-snippet":"max-snippet:-1","max-image-preview":"max-image-preview:large","max-video-preview":"max-video-preview:-1"},"canonical":"https:\/\/plg-pllc.com\/es\/awards\/expertise-awards-plg-as-best-car-accident-lawyer-in-renton\/expertise-awards-plg\/","og_locale":"es_MX","og_type":"article","og_title":"Premier Law Group As Best Car Accident Lawyers In Renton In 2021","og_description":"It has been an honor for Premier Law Group of Renton to have received the \"Best Car Accident Lawyers in Renton 2021\" award.","og_url":"https:\/\/plg-pllc.com\/es\/awards\/expertise-awards-plg-as-best-car-accident-lawyer-in-renton\/expertise-awards-plg\/","og_site_name":"Premier Law Group","article_publisher":"https:\/\/www.facebook.com\/premierlawgroup","article_modified_time":"2025-02-14T22:13:29+00:00","og_image":[{"width":595,"height":480,"url":"https:\/\/plg-pllc.com\/wp-content\/uploads\/2021\/04\/expertise.png","type":"image\/png"}],"twitter_card":"summary_large_image","twitter_site":"@premierlawgroup","twitter_misc":{"Tiempo de lectura":"2 minutos"},"schema":{"@context":"https:\/\/schema.org","@graph":[{"@type":"WebPage","@id":"https:\/\/plg-pllc.com\/awards\/expertise-awards-plg-as-best-car-accident-lawyer-in-renton\/expertise-awards-plg\/","url":"https:\/\/plg-pllc.com\/awards\/expertise-awards-plg-as-best-car-accident-lawyer-in-renton\/expertise-awards-plg\/","name":"Premier Law Group, el mejor abogado de accidentes automovil\u00edsticos en Renton en 2021","isPartOf":{"@id":"https:\/\/plg-pllc.com\/#website"},"primaryImageOfPage":{"@id":"https:\/\/plg-pllc.com\/awards\/expertise-awards-plg-as-best-car-accident-lawyer-in-renton\/expertise-awards-plg\/#primaryimage"},"image":{"@id":"https:\/\/plg-pllc.com\/awards\/expertise-awards-plg-as-best-car-accident-lawyer-in-renton\/expertise-awards-plg\/#primaryimage"},"thumbnailUrl":"https:\/\/plg-pllc.com\/wp-content\/uploads\/2021\/04\/expertise.png","datePublished":"2021-04-01T23:55:00+00:00","dateModified":"2025-02-14T22:13:29+00:00","description":"Ha sido un honor para Premier Law Group de Renton haber recibido el premio &quot;Mejores abogados de accidentes automovil\u00edsticos en Renton 2021&quot;.","breadcrumb":{"@id":"https:\/\/plg-pllc.com\/awards\/expertise-awards-plg-as-best-car-accident-lawyer-in-renton\/expertise-awards-plg\/#breadcrumb"},"inLanguage":"es","potentialAction":[{"@type":"ReadAction","target":["https:\/\/plg-pllc.com\/awards\/expertise-awards-plg-as-best-car-accident-lawyer-in-renton\/expertise-awards-plg\/"]}]},{"@type":"ImageObject","inLanguage":"es","@id":"https:\/\/plg-pllc.com\/awards\/expertise-awards-plg-as-best-car-accident-lawyer-in-renton\/expertise-awards-plg\/#primaryimage","url":"https:\/\/plg-pllc.com\/wp-content\/uploads\/2021\/04\/expertise.png","contentUrl":"https:\/\/plg-pllc.com\/wp-content\/uploads\/2021\/04\/expertise.png","width":595,"height":480,"caption":"Expertise awards Premier Law Group Best Car Accident Lawyers in Renton 2021"},{"@type":"BreadcrumbList","@id":"https:\/\/plg-pllc.com\/awards\/expertise-awards-plg-as-best-car-accident-lawyer-in-renton\/expertise-awards-plg\/#breadcrumb","itemListElement":[{"@type":"ListItem","position":1,"name":"Home","item":"https:\/\/plg-pllc.com\/es\/"},{"@type":"ListItem","position":2,"name":"Awards","item":"https:\/\/plg-pllc.com\/es\/awards\/"},{"@type":"ListItem","position":3,"name":"Expertise Awards Premier Law Group As Best Car Accident Lawyers In Renton In 2021"}]},{"@type":"WebSite","@id":"https:\/\/plg-pllc.com\/#website","url":"https:\/\/plg-pllc.com\/","name":"Grupo de abogados Premier","description":"Abogado de muerte por negligencia y lesiones graves en Washington","publisher":{"@id":"https:\/\/plg-pllc.com\/#organization"},"inLanguage":"es"},{"@type":"Organization","@id":"https:\/\/plg-pllc.com\/#organization","name":"Grupo de abogados Premier","url":"https:\/\/plg-pllc.com\/","logo":{"@type":"ImageObject","inLanguage":"es","@id":"https:\/\/plg-pllc.com\/#\/schema\/logo\/image\/","url":"https:\/\/plg-pllc.com\/wp-content\/uploads\/2020\/10\/plg-logo-v2.gif","contentUrl":"https:\/\/plg-pllc.com\/wp-content\/uploads\/2020\/10\/plg-logo-v2.gif","width":592,"height":191,"caption":"Premier Law Group"},"image":{"@id":"https:\/\/plg-pllc.com\/#\/schema\/logo\/image\/"},"sameAs":["https:\/\/www.facebook.com\/premierlawgroup","https:\/\/x.com\/premierlawgroup"]}]}},"_links":{"self":[{"href":"https:\/\/plg-pllc.com\/es\/wp-json\/wp\/v2\/pages\/18334","targetHints":{"allow":["GET"]}}],"collection":[{"href":"https:\/\/plg-pllc.com\/es\/wp-json\/wp\/v2\/pages"}],"about":[{"href":"https:\/\/plg-pllc.com\/es\/wp-json\/wp\/v2\/types\/page"}],"author":[{"embeddable":true,"href":"https:\/\/plg-pllc.com\/es\/wp-json\/wp\/v2\/users\/24"}],"replies":[{"embeddable":true,"href":"https:\/\/plg-pllc.com\/es\/wp-json\/wp\/v2\/comments?post=18334"}],"version-history":[{"count":0,"href":"https:\/\/plg-pllc.com\/es\/wp-json\/wp\/v2\/pages\/18334\/revisions"}],"up":[{"embeddable":true,"href":"https:\/\/plg-pllc.com\/es\/wp-json\/wp\/v2\/pages\/20721"}],"wp:featuredmedia":[{"embeddable":true,"href":"https:\/\/plg-pllc.com\/es\/wp-json\/wp\/v2\/media\/18332"}],"wp:attachment":[{"href":"https:\/\/plg-pllc.com\/es\/wp-json\/wp\/v2\/media?parent=18334"}],"wp:term":[{"taxonomy":"hc_faqs","embeddable":true,"href":"https:\/\/plg-pllc.com\/es\/wp-json\/wp\/v2\/hc_faqs?post=18334"}],"curies":[{"name":"gracias","href":"https:\/\/api.w.org\/{rel}","templated":true}]}}