{"id":18339,"date":"2021-04-10T08:07:08","date_gmt":"2021-04-10T15:07:08","guid":{"rendered":"https:\/\/plg-pllc.com\/?page_id=18339"},"modified":"2025-02-14T14:13:27","modified_gmt":"2025-02-14T22:13:27","slug":"fedex-truck-accidents","status":"publish","type":"page","link":"https:\/\/plg-pllc.com\/es\/washington\/truck-accident-lawyer\/fedex-accident\/","title":{"rendered":"Abogado de accidentes de FedEx en Washington"},"content":{"rendered":"<p><img loading=\"lazy\" decoding=\"async\" class=\"alignleft size-medium wp-image-18340\" src=\"https:\/\/plg-pllc.com\/wp-content\/uploads\/2021\/04\/Picture1-300x200.jpg\" alt=\"Cami\u00f3n de reparto de FedEx\" width=\"300\" height=\"200\" srcset=\"https:\/\/plg-pllc.com\/wp-content\/uploads\/2021\/04\/Picture1-300x200.jpg 300w, https:\/\/plg-pllc.com\/wp-content\/uploads\/2021\/04\/Picture1-768x512.jpg 768w, https:\/\/plg-pllc.com\/wp-content\/uploads\/2021\/04\/Picture1-640x427.jpg 640w, https:\/\/plg-pllc.com\/wp-content\/uploads\/2021\/04\/Picture1-250x167.jpg 250w, https:\/\/plg-pllc.com\/wp-content\/uploads\/2021\/04\/Picture1.jpg 814w\" sizes=\"auto, (max-width: 300px) 100vw, 300px\" \/>Probablemente est\u00e9 leyendo esta p\u00e1gina porque usted o un ser querido ha estado involucrado en un accidente de cami\u00f3n de FedEx.<\/p>\n<p>El ciudadano com\u00fan puede pensar que un accidente de cami\u00f3n de FedEx es como tener un <a href=\"https:\/\/plg-pllc.com\/glossary\/car-accidents\/\">accidente automovil\u00edstico<\/a> Con cualquier otro veh\u00edculo\u2026 podr\u00e1 tratar con los peritos de seguros detr\u00e1s de cada cami\u00f3n de FedEx por su cuenta. La compa\u00f1\u00eda admitir\u00e1 la responsabilidad, le ofrecer\u00e1 un acuerdo justo por sus da\u00f1os y lo tratar\u00e1 de manera justa y honesta. Eso es lo que la sociedad nos ense\u00f1a a esperar.<\/p>\n<p>El ciudadano com\u00fan puede no darse cuenta de que los conductores de FedEx reciben una compensaci\u00f3n por sus <em>\u201centregas a tiempo.<\/em>&quot;Pi\u00e9nsalo... Los veh\u00edculos de estas empresas recorren millones de kil\u00f3metros. Los conductores son... <em>\u201cincentivado\u201d <\/em>para realizar entregas a tiempo. Este factor por s\u00ed solo es causa de decisiones apresuradas que contribuyen a accidentes con conductores y peatones por igual. Esto incluye al conductor <a href=\"https:\/\/plg-pllc.com\/faqs\/what-is-negligence\/\">negligencia<\/a>, falta de capacitaci\u00f3n, contrataci\u00f3n de contratistas independientes que no est\u00e1n debidamente capacitados, mantenimiento deficiente de los veh\u00edculos y muchos otros problemas orientados al \u00e9xito final de la empresa.<\/p>\n<p>La realidad es que FedEx NUNCA <a href=\"https:\/\/plg-pllc.com\/\">admitir culpa<\/a>A los peritos de FedEx se les ense\u00f1a y se espera que obliguen a los demandantes a demostrar cada una de las reclamaciones, hasta el \u00faltimo d\u00f3lar, y a negar cualquier responsabilidad por los costos econ\u00f3micos, m\u00e9dicos y emocionales causados por sus camiones de reparto y sus conductores.<\/p>\n<h2><strong>Causas comunes de accidentes de camiones de reparto de FedEx<\/strong><\/h2>\n<p>Estas son solo algunas de las principales causas de accidentes de camiones de reparto de FedEx:<\/p>\n<ul>\n<li>Capacitaci\u00f3n de seguridad inadecuada en la operaci\u00f3n y parada de camiones de reparto<\/li>\n<li>No poner el freno de estacionamiento en los camiones al realizar entregas<\/li>\n<li>Conductores que hacen retroceder un cami\u00f3n de FedEx, si se omite la direcci\u00f3n de entrega<\/li>\n<li>No obedecer las leyes de tr\u00e1nsito, como ceder el paso en las intersecciones, cambiar de carril y pasar sem\u00e1foros en rojo.<\/li>\n<li>Conducir un cami\u00f3n de reparto bajo los efectos de sustancias<\/li>\n<li>Incumplimiento por parte de la empresa de realizar controles de seguridad del veh\u00edculo y de mantenerlo adecuadamente<\/li>\n<\/ul>\n<h2><strong>Tipos de accidentes de camiones de FedEx<\/strong><\/h2>\n<p><img loading=\"lazy\" decoding=\"async\" class=\"alignright size-medium wp-image-18345\" src=\"https:\/\/plg-pllc.com\/wp-content\/uploads\/2021\/04\/accident-2351540_1920-300x160.jpg\" alt=\"Accidente de cami\u00f3n de FedEx en Seattle\" width=\"300\" height=\"160\" srcset=\"https:\/\/plg-pllc.com\/wp-content\/uploads\/2021\/04\/accident-2351540_1920-300x160.jpg 300w, https:\/\/plg-pllc.com\/wp-content\/uploads\/2021\/04\/accident-2351540_1920-1024x546.jpg 1024w, https:\/\/plg-pllc.com\/wp-content\/uploads\/2021\/04\/accident-2351540_1920-768x409.jpg 768w, https:\/\/plg-pllc.com\/wp-content\/uploads\/2021\/04\/accident-2351540_1920-1536x818.jpg 1536w, https:\/\/plg-pllc.com\/wp-content\/uploads\/2021\/04\/accident-2351540_1920-640x341.jpg 640w, https:\/\/plg-pllc.com\/wp-content\/uploads\/2021\/04\/accident-2351540_1920-1200x639.jpg 1200w, https:\/\/plg-pllc.com\/wp-content\/uploads\/2021\/04\/accident-2351540_1920-250x133.jpg 250w, https:\/\/plg-pllc.com\/wp-content\/uploads\/2021\/04\/accident-2351540_1920.jpg 1920w\" sizes=\"auto, (max-width: 300px) 100vw, 300px\" \/>Las causas m\u00e1s comunes de los accidentes de camiones de FedEx suelen derivar directamente en lesiones f\u00edsicas graves, da\u00f1os materiales y p\u00e9rdida de vidas. Algunos ejemplos son:<\/p>\n<ul>\n<li>Los camiones de reparto de FedEx que no reciben un mantenimiento adecuado pueden incendiarse.<\/li>\n<li>Los conductores privados de sue\u00f1o o que se ven obligados a conducir m\u00e1s horas de las permitidas por las regulaciones federales, provocan accidentes.<\/li>\n<li>Una carga mal cargada puede provocar que los camiones de FedEx vuelquen y derramen el contenido en la calzada, lo que genera peligros en la carretera para otros conductores.<\/li>\n<\/ul>\n<h2><strong>Necesidad de expertos en casos de accidentes de camiones<\/strong><\/h2>\n<p>FedEx emplea expertos en seguros y abogados cuyo trabajo es <em>\u201cminimizar su responsabilidad\u201d<\/em> Para reducir el pago de sus lesiones y mantener sus m\u00e1rgenes de ganancia, las aseguradoras corporativas y los abogados har\u00e1n todo lo posible para reclamar &quot;<a href=\"https:\/\/plg-pllc.com\/\">negligencia comparativa<\/a>&quot;atribuir la culpa del accidente a ambas partes, o alegar que el conductor actu\u00f3 dentro del \u00e1mbito de trabajo de sus contratos de trabajo.<\/p>\n<p>En otras palabras, es esencial que un reclamante cuente con un experto. <a href=\"https:\/\/plg-pllc.com\/seattle\/truck-accident-lawyer\/\">abogado de accidentes de camiones<\/a> De su lado, para representar sus intereses en un accidente de cami\u00f3n de FedEx. Por ejemplo, es posible que tenga lesiones m\u00e9dicas, p\u00e9rdida de ingresos si no puede trabajar debido al accidente y la recuperaci\u00f3n, da\u00f1os a la propiedad de su veh\u00edculo y cualquier contenido da\u00f1ado o destruido durante el choque.<\/p>\n\n        <div class=\"rs-content-cta long\">\n            <p>Para una consulta legal GRATUITA con un abogado de accidentes de fedex que atiende en Washington, llame al <a href=\"tel:+12062851743\">(206) 285-1743 <\/a><\/p>\n            <a href=\"https:\/\/plg-pllc.com\/es\/contact-us\/\" title=\"OBTENGA UNA EVALUACI\u00d3N DE CASO GRATUITA\" class=\"btn-global\">OBTENGA UNA EVALUACI\u00d3N DE CASO GRATUITA<\/a>\n                    <picture>\n                            <source srcset=\"https:\/\/plg-pllc.com\/wp-content\/themes\/plg-pllc-redesign\/assets\/app\/img\/cta-thumb.webp\" type=\"image\/webp\"\/>\n                            <img src=\"https:\/\/plg-pllc.com\/wp-content\/themes\/plg-pllc-redesign\/assets\/app\/img\/cta-thumb.png\" alt=\"Grupo de abogados Premier\" title=\"Grupo de abogados Premier\" width=\"245\" height=\"220\" loading=\"auto\" fetchpriority=\"auto\" decoding=\"async\"\/>\n        <\/picture>\n        \n        <\/div><h2><strong>\u00bfQu\u00e9 m\u00e1s tiene de diferente un reclamo contra FedEx?<\/strong><\/h2>\n<p>FedEx es una corporaci\u00f3n de gran tama\u00f1o que entrega 6 millones de paquetes al d\u00eda y opera m\u00e1s de 90 000 veh\u00edculos motorizados de distintos tama\u00f1os en los Estados Unidos. La corporaci\u00f3n tiene la pol\u00edtica de no admitir culpa y negar\u00e1 toda responsabilidad por causar la colisi\u00f3n y el accidente del cami\u00f3n de FedEx. Si presenta una reclamaci\u00f3n, es su responsabilidad documentar, verificar y probar cada p\u00e9rdida asociada con la reclamaci\u00f3n.<\/p>\n<h2><strong>Qu\u00e9 esperar cuando presenta una reclamaci\u00f3n contra FedEx<\/strong><\/h2>\n<p><img loading=\"lazy\" decoding=\"async\" class=\"alignleft size-medium wp-image-18158\" src=\"https:\/\/plg-pllc.com\/wp-content\/uploads\/2021\/01\/coins-948603_1920-300x200.jpg\" alt=\"Presentar una reclamaci\u00f3n despu\u00e9s de un accidente de cami\u00f3n de FedEx\" width=\"300\" height=\"200\" srcset=\"https:\/\/plg-pllc.com\/wp-content\/uploads\/2021\/01\/coins-948603_1920-300x200.jpg 300w, https:\/\/plg-pllc.com\/wp-content\/uploads\/2021\/01\/coins-948603_1920-1024x683.jpg 1024w, https:\/\/plg-pllc.com\/wp-content\/uploads\/2021\/01\/coins-948603_1920-768x512.jpg 768w, https:\/\/plg-pllc.com\/wp-content\/uploads\/2021\/01\/coins-948603_1920-1536x1024.jpg 1536w, https:\/\/plg-pllc.com\/wp-content\/uploads\/2021\/01\/coins-948603_1920-640x427.jpg 640w, https:\/\/plg-pllc.com\/wp-content\/uploads\/2021\/01\/coins-948603_1920-1200x800.jpg 1200w, https:\/\/plg-pllc.com\/wp-content\/uploads\/2021\/01\/coins-948603_1920-250x167.jpg 250w, https:\/\/plg-pllc.com\/wp-content\/uploads\/2021\/01\/coins-948603_1920.jpg 1920w\" sizes=\"auto, (max-width: 300px) 100vw, 300px\" \/>Las causas de las colisiones de camiones de reparto de FedEx var\u00edan enormemente: cada accidente tiene un conjunto \u00fanico de circunstancias. Adem\u00e1s, los da\u00f1os en cada choque tambi\u00e9n son \u00fanicos. Esto puede incluir una combinaci\u00f3n de da\u00f1os. Da\u00f1os a la propiedad, costos m\u00e9dicos, costos de reemplazo, dolor y sufrimiento a largo plazo, p\u00e9rdida de empleo y p\u00e9rdida de vidas, por ejemplo.<\/p>\n<p>Para demostrar la responsabilidad, se requiere la experiencia y las habilidades de un abogado con experiencia en accidentes de camiones. Alguien que sepa c\u00f3mo obtener registros de FedEx Delivery Truck, como libros de registro de horas de conducci\u00f3n, registros de mantenimiento de veh\u00edculos, capacitaci\u00f3n de conductores, historial de conductores, incluidas las infracciones, y pautas de seguridad para conductores y para cargar los camiones. Estos registros no est\u00e1n disponibles para el demandante.<\/p>\n<p>Otra consideraci\u00f3n es que cada reclamaci\u00f3n por colisi\u00f3n de cami\u00f3n de FedEx tiene un \u201cplazo de prescripci\u00f3n\u201d (es decir, una fecha l\u00edmite para presentar la reclamaci\u00f3n) que corresponde a su accidente en particular. Esto hace que sea doblemente importante contratar a un abogado especializado en accidentes de camiones lo antes posible. Adem\u00e1s, garantiza que se recopile la informaci\u00f3n correcta y se aplique a su caso para garantizar que obtenga los resultados de reclamaci\u00f3n que se merece.<\/p>\n<h2><strong>Por qu\u00e9 somos diferentes\u2026 La ventaja de Premier Law Group<\/strong><\/h2>\n<p>Grupo de abogados Premier <a href=\"https:\/\/plg-pllc.com\/\">abogados expertos en accidentes automovil\u00edsticos<\/a> Lucharemos por usted. Nos preocupamos por SU salud, SU bienestar emocional y SU bienestar financiero. Cuando tomamos su caso, nos comprometemos a largo plazo. Creemos que existen razones convincentes para contratar a un abogado con experiencia. <a href=\"https:\/\/plg-pllc.com\/about-us\/why-are-we-different\/\">grupo de abogados<\/a>\u00a1Que velar\u00e1n por tus intereses y estar\u00e1n dispuestos a luchar en tu nombre!<\/p>\n<p>Para nosotros, usted no es simplemente \u201cun cliente m\u00e1s\u201d. Lo apreciamos y valoramos como ser humano, \u00a1tal como lo har\u00edamos con nuestra propia familia! Dicho esto, \u00a1su caso es importante para nosotros! <a href=\"https:\/\/plg-pllc.com\/about-us\/\">equipo experimentado<\/a> Haremos todo lo que est\u00e9 a nuestro alcance para brindarle los mejores resultados posibles. Usamos nuestra experiencia y talento para protegerlo del estr\u00e9s que supone tratar con los liquidadores de seguros corporativos de FedEx. \u00a1Usted solo conc\u00e9ntrese en mejorar y nosotros maximizaremos los resultados de su reclamo!<\/p>\n<h2><strong>Comun\u00edquese con un abogado especializado en accidentes de FedEx<\/strong><\/h2>\n<p><img loading=\"lazy\" decoding=\"async\" class=\"alignright size-medium wp-image-18094\" src=\"https:\/\/plg-pllc.com\/wp-content\/uploads\/2020\/10\/PLG-home-box3-300x200.jpg\" alt=\"Jason Epstein y Patrick Kang, abogados expertos en accidentes de camiones en Seattle\" width=\"300\" height=\"200\" srcset=\"https:\/\/plg-pllc.com\/wp-content\/uploads\/2020\/10\/PLG-home-box3-300x200.jpg 300w, https:\/\/plg-pllc.com\/wp-content\/uploads\/2020\/10\/PLG-home-box3-250x167.jpg 250w, https:\/\/plg-pllc.com\/wp-content\/uploads\/2020\/10\/PLG-home-box3.jpg 500w\" sizes=\"auto, (max-width: 300px) 100vw, 300px\" \/>Ofrecemos evaluaciones de casos gratuitas y estaremos encantados de hablar con usted. Le explicaremos cu\u00e1les son sus opciones y haremos todo lo posible para ayudarlo.<\/p>\n<p><strong>Llamar <em>206.285.1743<\/em> Para programar una <a href=\"https:\/\/plg-pllc.com\/contact-us\/\">GRATIS<\/a> \u00a1Revisi\u00f3n de caso de accidente automovil\u00edstico hoy!\u00a0\u00a0<\/strong><\/p>\n<h2>Accidentes de camiones de FedEx Art\u00edculos relacionados:<\/h2>\n<ul>\n<li><a href=\"https:\/\/plg-pllc.com\/case-results\/4500000-semi-truck-accident-in-seattle\/\">Accidente de cami\u00f3n semirremolque $4,500,000 en Seattle<\/a><\/li>\n<li>\u00bfQu\u00e9 hace que los abogados de accidentes de camiones sean \u00fanicos?<\/li>\n<li>\u00bfEn qu\u00e9 se diferencian los accidentes de camiones comerciales de los accidentes de autom\u00f3viles con un solo pasajero?<\/li>\n<li><a href=\"https:\/\/plg-pllc.com\/washington\/truck-accident-lawyer\/\">Abogados de accidentes de camiones en Washington<\/a><\/li>\n<li><a href=\"https:\/\/plg-pllc.com\/\">\u00bfDebo esperar para contratar un abogado?<\/a><\/li>\n<\/ul>\n\n        <div class=\"rs-content-cta\">\n            <p>Llamar o enviar mensaje de texto <a href=\"tel:+12062851743\">(206) 285-1743<\/a> o complete un formulario de evaluaci\u00f3n de caso gratuito<\/p>\n            <a href=\"https:\/\/plg-pllc.com\/es\/contact-us\/\" title=\"OBTENGA UNA EVALUACI\u00d3N DE CASO GRATUITA\" class=\"btn-global\">OBTENGA UNA EVALUACI\u00d3N DE CASO GRATUITA<\/a>\n                    <picture>\n                            <source srcset=\"https:\/\/plg-pllc.com\/wp-content\/themes\/plg-pllc-redesign\/assets\/app\/img\/cta-thumb.webp\" type=\"image\/webp\"\/>\n                            <img src=\"https:\/\/plg-pllc.com\/wp-content\/themes\/plg-pllc-redesign\/assets\/app\/img\/cta-thumb.png\" alt=\"Grupo de abogados Premier\" title=\"Grupo de abogados Premier\" width=\"245\" height=\"220\" loading=\"auto\" fetchpriority=\"auto\" decoding=\"async\"\/>\n        <\/picture>\n        \n        <\/div>","protected":false},"excerpt":{"rendered":"<p>Probablemente est\u00e9 leyendo esta p\u00e1gina porque usted o un ser querido se vio involucrado en un accidente de cami\u00f3n de FedEx. El ciudadano com\u00fan puede pensar que un accidente de cami\u00f3n de FedEx es como tener un accidente automovil\u00edstico con cualquier otro veh\u00edculo... que podr\u00e1 lidiar con los peritos de seguros...<\/p>","protected":false},"author":24,"featured_media":0,"parent":20100,"menu_order":0,"comment_status":"closed","ping_status":"closed","template":"","meta":{"_acf_changed":false,"_genesis_hide_title":false,"_genesis_hide_breadcrumbs":false,"_genesis_hide_singular_image":false,"_genesis_hide_footer_widgets":false,"_genesis_custom_body_class":"","_genesis_custom_post_class":"","_genesis_layout":"","footnotes":""},"hc_faqs":[],"class_list":{"0":"post-18339","1":"page","2":"type-page","3":"status-publish","5":"hc_city_location-washington","6":"entry","7":"has-post-thumbnail"},"acf":[],"yoast_head":"<!-- This site is optimized with the Yoast SEO plugin v27.5 - https:\/\/yoast.com\/product\/yoast-seo-wordpress\/ -->\n<title>FedEx Accident Lawyer in Washington | Free Case Review<\/title>\n<meta name=\"description\" content=\"Washington FedEx Accident Lawyer: Premier Law Group helps you unlock the full compensation you deserve. No Fee Unless We Win.\" \/>\n<meta name=\"robots\" content=\"index, follow, max-snippet:-1, max-image-preview:large, max-video-preview:-1\" \/>\n<link rel=\"canonical\" href=\"https:\/\/plg-pllc.com\/es\/washington\/truck-accident-lawyer\/fedex-accident\/\" \/>\n<meta property=\"og:locale\" content=\"es_MX\" \/>\n<meta property=\"og:type\" content=\"article\" \/>\n<meta property=\"og:title\" content=\"FedEx Accident Lawyer in Washington | Free Case Review\" \/>\n<meta property=\"og:description\" content=\"Washington FedEx Accident Lawyer: Premier Law Group helps you unlock the full compensation you deserve. No Fee Unless We Win.\" \/>\n<meta property=\"og:url\" content=\"https:\/\/plg-pllc.com\/es\/washington\/truck-accident-lawyer\/fedex-accident\/\" \/>\n<meta property=\"og:site_name\" content=\"Premier Law Group\" \/>\n<meta property=\"article:publisher\" content=\"https:\/\/www.facebook.com\/premierlawgroup\" \/>\n<meta property=\"article:modified_time\" content=\"2025-02-14T22:13:27+00:00\" \/>\n<meta property=\"og:image\" content=\"https:\/\/plg-pllc.com\/wp-content\/uploads\/2021\/04\/Picture1.jpg\" \/>\n\t<meta property=\"og:image:width\" content=\"814\" \/>\n\t<meta property=\"og:image:height\" content=\"543\" \/>\n\t<meta property=\"og:image:type\" content=\"image\/jpeg\" \/>\n<meta name=\"twitter:card\" content=\"summary_large_image\" \/>\n<meta name=\"twitter:site\" content=\"@premierlawgroup\" \/>\n<meta name=\"twitter:label1\" content=\"Tiempo de lectura\" \/>\n\t<meta name=\"twitter:data1\" content=\"6 minutos\" \/>\n<script type=\"application\/ld+json\" class=\"yoast-schema-graph\">{\"@context\":\"https:\\\/\\\/schema.org\",\"@graph\":[{\"@type\":\"WebPage\",\"@id\":\"https:\\\/\\\/plg-pllc.com\\\/washington\\\/truck-accident-lawyer\\\/fedex-accident\\\/\",\"url\":\"https:\\\/\\\/plg-pllc.com\\\/washington\\\/truck-accident-lawyer\\\/fedex-accident\\\/\",\"name\":\"FedEx Accident Lawyer in Washington | Free Case Review\",\"isPartOf\":{\"@id\":\"https:\\\/\\\/plg-pllc.com\\\/#website\"},\"primaryImageOfPage\":{\"@id\":\"https:\\\/\\\/plg-pllc.com\\\/washington\\\/truck-accident-lawyer\\\/fedex-accident\\\/#primaryimage\"},\"image\":{\"@id\":\"https:\\\/\\\/plg-pllc.com\\\/washington\\\/truck-accident-lawyer\\\/fedex-accident\\\/#primaryimage\"},\"thumbnailUrl\":\"https:\\\/\\\/plg-pllc.com\\\/wp-content\\\/uploads\\\/2021\\\/04\\\/Picture1-300x200.jpg\",\"datePublished\":\"2021-04-10T15:07:08+00:00\",\"dateModified\":\"2025-02-14T22:13:27+00:00\",\"description\":\"Washington FedEx Accident Lawyer: Premier Law Group helps you unlock the full compensation you deserve. No Fee Unless We Win.\",\"breadcrumb\":{\"@id\":\"https:\\\/\\\/plg-pllc.com\\\/washington\\\/truck-accident-lawyer\\\/fedex-accident\\\/#breadcrumb\"},\"inLanguage\":\"es\",\"potentialAction\":[{\"@type\":\"ReadAction\",\"target\":[\"https:\\\/\\\/plg-pllc.com\\\/washington\\\/truck-accident-lawyer\\\/fedex-accident\\\/\"]}]},{\"@type\":\"ImageObject\",\"inLanguage\":\"es\",\"@id\":\"https:\\\/\\\/plg-pllc.com\\\/washington\\\/truck-accident-lawyer\\\/fedex-accident\\\/#primaryimage\",\"url\":\"https:\\\/\\\/plg-pllc.com\\\/wp-content\\\/uploads\\\/2021\\\/04\\\/Picture1-300x200.jpg\",\"contentUrl\":\"https:\\\/\\\/plg-pllc.com\\\/wp-content\\\/uploads\\\/2021\\\/04\\\/Picture1-300x200.jpg\"},{\"@type\":\"BreadcrumbList\",\"@id\":\"https:\\\/\\\/plg-pllc.com\\\/washington\\\/truck-accident-lawyer\\\/fedex-accident\\\/#breadcrumb\",\"itemListElement\":[{\"@type\":\"ListItem\",\"position\":1,\"name\":\"Home\",\"item\":\"https:\\\/\\\/plg-pllc.com\\\/es\\\/\"},{\"@type\":\"ListItem\",\"position\":2,\"name\":\"Bellevue Personal Injury Lawyer\",\"item\":\"https:\\\/\\\/plg-pllc.com\\\/es\\\/\"},{\"@type\":\"ListItem\",\"position\":3,\"name\":\"Washington Truck Accident Lawyer\",\"item\":\"https:\\\/\\\/plg-pllc.com\\\/es\\\/washington\\\/truck-accident-lawyer\\\/\"},{\"@type\":\"ListItem\",\"position\":4,\"name\":\"Fedex Accident\"}]},{\"@type\":\"WebSite\",\"@id\":\"https:\\\/\\\/plg-pllc.com\\\/#website\",\"url\":\"https:\\\/\\\/plg-pllc.com\\\/\",\"name\":\"Premier Law Group\",\"description\":\"Washington Wrongful Death and Serious Injury Lawyer\",\"publisher\":{\"@id\":\"https:\\\/\\\/plg-pllc.com\\\/#organization\"},\"inLanguage\":\"es\"},{\"@type\":\"Organization\",\"@id\":\"https:\\\/\\\/plg-pllc.com\\\/#organization\",\"name\":\"Premier Law Group\",\"url\":\"https:\\\/\\\/plg-pllc.com\\\/\",\"logo\":{\"@type\":\"ImageObject\",\"inLanguage\":\"es\",\"@id\":\"https:\\\/\\\/plg-pllc.com\\\/#\\\/schema\\\/logo\\\/image\\\/\",\"url\":\"https:\\\/\\\/plg-pllc.com\\\/wp-content\\\/uploads\\\/2020\\\/10\\\/plg-logo-v2.gif\",\"contentUrl\":\"https:\\\/\\\/plg-pllc.com\\\/wp-content\\\/uploads\\\/2020\\\/10\\\/plg-logo-v2.gif\",\"width\":592,\"height\":191,\"caption\":\"Premier Law Group\"},\"image\":{\"@id\":\"https:\\\/\\\/plg-pllc.com\\\/#\\\/schema\\\/logo\\\/image\\\/\"},\"sameAs\":[\"https:\\\/\\\/www.facebook.com\\\/premierlawgroup\",\"https:\\\/\\\/x.com\\\/premierlawgroup\"]}]}<\/script>\n<!-- \/ Yoast SEO plugin. -->","yoast_head_json":{"title":"Abogado de accidentes de FedEx en Washington | Revisi\u00f3n gratuita del caso","description":"Abogado de accidentes de FedEx en Washington: Premier Law Group lo ayuda a obtener la compensaci\u00f3n total que merece. Sin honorarios a menos que ganemos.","robots":{"index":"index","follow":"follow","max-snippet":"max-snippet:-1","max-image-preview":"max-image-preview:large","max-video-preview":"max-video-preview:-1"},"canonical":"https:\/\/plg-pllc.com\/es\/washington\/truck-accident-lawyer\/fedex-accident\/","og_locale":"es_MX","og_type":"article","og_title":"FedEx Accident Lawyer in Washington | Free Case Review","og_description":"Washington FedEx Accident Lawyer: Premier Law Group helps you unlock the full compensation you deserve. No Fee Unless We Win.","og_url":"https:\/\/plg-pllc.com\/es\/washington\/truck-accident-lawyer\/fedex-accident\/","og_site_name":"Premier Law Group","article_publisher":"https:\/\/www.facebook.com\/premierlawgroup","article_modified_time":"2025-02-14T22:13:27+00:00","og_image":[{"width":814,"height":543,"url":"https:\/\/plg-pllc.com\/wp-content\/uploads\/2021\/04\/Picture1.jpg","type":"image\/jpeg"}],"twitter_card":"summary_large_image","twitter_site":"@premierlawgroup","twitter_misc":{"Tiempo de lectura":"6 minutos"},"schema":{"@context":"https:\/\/schema.org","@graph":[{"@type":"WebPage","@id":"https:\/\/plg-pllc.com\/washington\/truck-accident-lawyer\/fedex-accident\/","url":"https:\/\/plg-pllc.com\/washington\/truck-accident-lawyer\/fedex-accident\/","name":"Abogado de accidentes de FedEx en Washington | Revisi\u00f3n gratuita del caso","isPartOf":{"@id":"https:\/\/plg-pllc.com\/#website"},"primaryImageOfPage":{"@id":"https:\/\/plg-pllc.com\/washington\/truck-accident-lawyer\/fedex-accident\/#primaryimage"},"image":{"@id":"https:\/\/plg-pllc.com\/washington\/truck-accident-lawyer\/fedex-accident\/#primaryimage"},"thumbnailUrl":"https:\/\/plg-pllc.com\/wp-content\/uploads\/2021\/04\/Picture1-300x200.jpg","datePublished":"2021-04-10T15:07:08+00:00","dateModified":"2025-02-14T22:13:27+00:00","description":"Abogado de accidentes de FedEx en Washington: Premier Law Group lo ayuda a obtener la compensaci\u00f3n total que merece. Sin honorarios a menos que ganemos.","breadcrumb":{"@id":"https:\/\/plg-pllc.com\/washington\/truck-accident-lawyer\/fedex-accident\/#breadcrumb"},"inLanguage":"es","potentialAction":[{"@type":"ReadAction","target":["https:\/\/plg-pllc.com\/washington\/truck-accident-lawyer\/fedex-accident\/"]}]},{"@type":"ImageObject","inLanguage":"es","@id":"https:\/\/plg-pllc.com\/washington\/truck-accident-lawyer\/fedex-accident\/#primaryimage","url":"https:\/\/plg-pllc.com\/wp-content\/uploads\/2021\/04\/Picture1-300x200.jpg","contentUrl":"https:\/\/plg-pllc.com\/wp-content\/uploads\/2021\/04\/Picture1-300x200.jpg"},{"@type":"BreadcrumbList","@id":"https:\/\/plg-pllc.com\/washington\/truck-accident-lawyer\/fedex-accident\/#breadcrumb","itemListElement":[{"@type":"ListItem","position":1,"name":"Home","item":"https:\/\/plg-pllc.com\/es\/"},{"@type":"ListItem","position":2,"name":"Bellevue Personal Injury Lawyer","item":"https:\/\/plg-pllc.com\/es\/"},{"@type":"ListItem","position":3,"name":"Washington Truck Accident Lawyer","item":"https:\/\/plg-pllc.com\/es\/washington\/truck-accident-lawyer\/"},{"@type":"ListItem","position":4,"name":"Fedex Accident"}]},{"@type":"WebSite","@id":"https:\/\/plg-pllc.com\/#website","url":"https:\/\/plg-pllc.com\/","name":"Grupo de abogados Premier","description":"Abogado de muerte por negligencia y lesiones graves en Washington","publisher":{"@id":"https:\/\/plg-pllc.com\/#organization"},"inLanguage":"es"},{"@type":"Organization","@id":"https:\/\/plg-pllc.com\/#organization","name":"Grupo de abogados Premier","url":"https:\/\/plg-pllc.com\/","logo":{"@type":"ImageObject","inLanguage":"es","@id":"https:\/\/plg-pllc.com\/#\/schema\/logo\/image\/","url":"https:\/\/plg-pllc.com\/wp-content\/uploads\/2020\/10\/plg-logo-v2.gif","contentUrl":"https:\/\/plg-pllc.com\/wp-content\/uploads\/2020\/10\/plg-logo-v2.gif","width":592,"height":191,"caption":"Premier Law Group"},"image":{"@id":"https:\/\/plg-pllc.com\/#\/schema\/logo\/image\/"},"sameAs":["https:\/\/www.facebook.com\/premierlawgroup","https:\/\/x.com\/premierlawgroup"]}]}},"_links":{"self":[{"href":"https:\/\/plg-pllc.com\/es\/wp-json\/wp\/v2\/pages\/18339","targetHints":{"allow":["GET"]}}],"collection":[{"href":"https:\/\/plg-pllc.com\/es\/wp-json\/wp\/v2\/pages"}],"about":[{"href":"https:\/\/plg-pllc.com\/es\/wp-json\/wp\/v2\/types\/page"}],"author":[{"embeddable":true,"href":"https:\/\/plg-pllc.com\/es\/wp-json\/wp\/v2\/users\/24"}],"replies":[{"embeddable":true,"href":"https:\/\/plg-pllc.com\/es\/wp-json\/wp\/v2\/comments?post=18339"}],"version-history":[{"count":0,"href":"https:\/\/plg-pllc.com\/es\/wp-json\/wp\/v2\/pages\/18339\/revisions"}],"up":[{"embeddable":true,"href":"https:\/\/plg-pllc.com\/es\/wp-json\/wp\/v2\/pages\/20100"}],"wp:attachment":[{"href":"https:\/\/plg-pllc.com\/es\/wp-json\/wp\/v2\/media?parent=18339"}],"wp:term":[{"taxonomy":"hc_faqs","embeddable":true,"href":"https:\/\/plg-pllc.com\/es\/wp-json\/wp\/v2\/hc_faqs?post=18339"}],"curies":[{"name":"gracias","href":"https:\/\/api.w.org\/{rel}","templated":true}]}}