{"id":18355,"date":"2021-04-18T08:53:09","date_gmt":"2021-04-18T15:53:09","guid":{"rendered":"https:\/\/plg-pllc.com\/?page_id=18355"},"modified":"2025-02-14T14:13:16","modified_gmt":"2025-02-14T22:13:16","slug":"aggressive-driving","status":"publish","type":"page","link":"https:\/\/plg-pllc.com\/es\/seattle\/car-accident-lawyer\/aggressive-driving\/","title":{"rendered":"Abogado de accidentes por conducci\u00f3n agresiva en Seattle"},"content":{"rendered":"<h2><b>Agresivo<\/b><strong> Abogado de accidentes de tr\u00e1fico en Seattle, WA\u00a0<\/strong><\/h2>\n<p><img loading=\"lazy\" decoding=\"async\" class=\"alignleft size-medium wp-image-17528\" src=\"https:\/\/plg-pllc.com\/wp-content\/uploads\/2020\/04\/shutterstock_290605838-300x200.jpg\" alt=\"Abogados expertos en accidentes automovil\u00edsticos en Seattle\" width=\"300\" height=\"200\" srcset=\"https:\/\/plg-pllc.com\/wp-content\/uploads\/2020\/04\/shutterstock_290605838-300x200.jpg 300w, https:\/\/plg-pllc.com\/wp-content\/uploads\/2020\/04\/shutterstock_290605838-1024x683.jpg 1024w, https:\/\/plg-pllc.com\/wp-content\/uploads\/2020\/04\/shutterstock_290605838-768x512.jpg 768w, https:\/\/plg-pllc.com\/wp-content\/uploads\/2020\/04\/shutterstock_290605838-1536x1024.jpg 1536w, https:\/\/plg-pllc.com\/wp-content\/uploads\/2020\/04\/shutterstock_290605838-2048x1365.jpg 2048w, https:\/\/plg-pllc.com\/wp-content\/uploads\/2020\/04\/shutterstock_290605838-640x427.jpg 640w, https:\/\/plg-pllc.com\/wp-content\/uploads\/2020\/04\/shutterstock_290605838-1200x800.jpg 1200w, https:\/\/plg-pllc.com\/wp-content\/uploads\/2020\/04\/shutterstock_290605838-1920x1280.jpg 1920w, https:\/\/plg-pllc.com\/wp-content\/uploads\/2020\/04\/shutterstock_290605838-250x167.jpg 250w\" sizes=\"auto, (max-width: 300px) 100vw, 300px\" \/>La conducci\u00f3n agresiva y la furia al volante adoptan muchas formas y ocurren por diversas razones. Cuando los conductores llegan tarde, est\u00e1n atrapados en el tr\u00e1fico o tienen prisa, pueden recurrir a una conducci\u00f3n insegura. Esto suele provocar accidentes automovil\u00edsticos por conducci\u00f3n agresiva.<\/p>\n<p>Si est\u00e1 en esta p\u00e1gina, es probable que usted o un ser querido haya estado involucrado en un accidente de tr\u00e1fico. Esto significa que una persona ha cometido una combinaci\u00f3n de infracciones de tr\u00e1nsito y ha puesto en peligro a otras personas o propiedades.<\/p>\n<p>En primer lugar, queremos que sepas que lamentamos que hayas sufrido un accidente de tr\u00e1fico por furia. Afrontar las consecuencias de la conducci\u00f3n agresiva de otra persona es una carga. <a href=\"https:\/\/plg-pllc.com\/\">Grupo de abogados Premier<\/a>Sabemos que situaciones como la suya pueden pasar factura: f\u00edsica, mental, psicol\u00f3gica, emocional y financieramente.<\/p>\n<p>Es importante que una persona de confianza <a href=\"https:\/\/plg-pllc.com\/seattle\/car-accident-lawyer\/\">Abogado de accidentes de tr\u00e1fico en Seattle<\/a> Le ayuda con su demanda por lesiones, especialmente si ha sufrido lesiones a causa de un conductor agresivo o un accidente por furia al volante. Las compa\u00f1\u00edas de seguros quieren pagar lo menos posible, pero el abogado especializado en conducci\u00f3n agresiva adecuado se asegurar\u00e1 de que experimente la mejor recuperaci\u00f3n posible. <a href=\"https:\/\/plg-pllc.com\/\">Nuestros abogados<\/a> Puede manejar las comunicaciones y negociaciones con la compa\u00f1\u00eda de seguros y ayudarle a obtener una compensaci\u00f3n completa y justa.<\/p>\n<h2><strong>\u00bfQu\u00e9 se considera furia al volante y conducci\u00f3n agresiva?<\/strong><\/h2>\n<p><img loading=\"lazy\" decoding=\"async\" class=\"size-medium wp-image-17996 alignright\" src=\"https:\/\/plg-pllc.com\/wp-content\/uploads\/2020\/11\/woman-suffering-from-headache-JQL26EV-1-300x200.jpg\" alt=\"Mujer de Seattle despu\u00e9s de un accidente automovil\u00edstico\" width=\"300\" height=\"200\" srcset=\"https:\/\/plg-pllc.com\/wp-content\/uploads\/2020\/11\/woman-suffering-from-headache-JQL26EV-1-300x200.jpg 300w, https:\/\/plg-pllc.com\/wp-content\/uploads\/2020\/11\/woman-suffering-from-headache-JQL26EV-1-768x512.jpg 768w, https:\/\/plg-pllc.com\/wp-content\/uploads\/2020\/11\/woman-suffering-from-headache-JQL26EV-1-640x427.jpg 640w, https:\/\/plg-pllc.com\/wp-content\/uploads\/2020\/11\/woman-suffering-from-headache-JQL26EV-1-250x167.jpg 250w, https:\/\/plg-pllc.com\/wp-content\/uploads\/2020\/11\/woman-suffering-from-headache-JQL26EV-1.jpg 1000w\" sizes=\"auto, (max-width: 300px) 100vw, 300px\" \/>Los accidentes automovil\u00edsticos por conducci\u00f3n agresiva ocurren cuando una persona comete una combinaci\u00f3n de accidentes de tr\u00e1fico en movimiento.<\/p>\n<p>delitos y pone en peligro a otras personas o bienes. <a href=\"https:\/\/www.nhtsa.gov\/book\/countermeasures-that-work\/speeding-and-speed-management\/countermeasures\/unproven-further-evaluation\/aggressive\" target=\"_blank\" rel=\"noopener\">accidente de furia al volante<\/a> Es una agresi\u00f3n con un veh\u00edculo de motor provocada por un incidente que ocurri\u00f3 en una carretera. Algunos ejemplos comunes incluyen:<\/p>\n<ul>\n<li>Seguir de cerca<\/li>\n<li>Gritos<\/li>\n<li>Tocando la bocina con ira<\/li>\n<li>Gestos enojados u obscenos<\/li>\n<li>Impedir que otro veh\u00edculo cambie de carril<\/li>\n<li>Cortar el paso a otro veh\u00edculo a prop\u00f3sito<\/li>\n<li>Salir del veh\u00edculo para enfrentarse a otro conductor<\/li>\n<li>Chocar o embestir a otro veh\u00edculo<\/li>\n<li>Conducir por encima del l\u00edmite de velocidad<\/li>\n<li>Usar lenguaje grosero u ofensivo<\/li>\n<li>Luces altas intermitentes sin motivo<\/li>\n<li>Realizar cambios de carril y giros inseguros<\/li>\n<li>Frenado o aceleraci\u00f3n repentina<\/li>\n<li>Chocar intencionalmente contra otros veh\u00edculos<\/li>\n<\/ul>\n<h2><strong>\u00bfQu\u00e9 debo hacer despu\u00e9s de un accidente por furia al volante?<\/strong><\/h2>\n<p>Lo mejor que se puede hacer despu\u00e9s de un accidente de tr\u00e1fico por furia al volante es mantener la calma. El conductor del otro veh\u00edculo ya est\u00e1 enfadado y una mayor agresi\u00f3n puede empeorar la situaci\u00f3n o provocar lesiones f\u00edsicas. Trate de mantener una distancia segura con el otro conductor y con el tr\u00e1fico y llame a la polic\u00eda. Aseg\u00farese de tomar fotograf\u00edas de los da\u00f1os o lesiones como prueba del accidente de tr\u00e1fico por conducci\u00f3n agresiva. Adem\u00e1s, obtenga la informaci\u00f3n de contacto de los testigos. Aseg\u00farese de informar a su proveedor de seguros para informarle de que ha ocurrido un accidente de tr\u00e1fico por furia al volante. Si ha sufrido alguna lesi\u00f3n, busque atenci\u00f3n m\u00e9dica de inmediato y p\u00f3ngase en contacto con un abogado con experiencia en accidentes de tr\u00e1fico por furia al volante.<\/p>\n\n        <div class=\"rs-content-cta long\">\n            <p>Para una consulta legal GRATUITA con un abogado especializado en accidentes de conducci\u00f3n agresiva que preste servicios en Seattle, llame al <a href=\"tel:+12062851743\">(206) 285-1743 <\/a><\/p>\n            <a href=\"https:\/\/plg-pllc.com\/es\/contact-us\/\" title=\"OBTENGA UNA EVALUACI\u00d3N DE CASO GRATUITA\" class=\"btn-global\">OBTENGA UNA EVALUACI\u00d3N DE CASO GRATUITA<\/a>\n                    <picture>\n                            <source srcset=\"https:\/\/plg-pllc.com\/wp-content\/themes\/plg-pllc-redesign\/assets\/app\/img\/cta-thumb.webp\" type=\"image\/webp\"\/>\n                            <img src=\"https:\/\/plg-pllc.com\/wp-content\/themes\/plg-pllc-redesign\/assets\/app\/img\/cta-thumb.png\" alt=\"Grupo de abogados Premier\" title=\"Grupo de abogados Premier\" width=\"245\" height=\"220\" loading=\"auto\" fetchpriority=\"auto\" decoding=\"async\"\/>\n        <\/picture>\n        \n        <\/div><h2><strong>\u00bfC\u00f3mo puedo solicitar una compensaci\u00f3n despu\u00e9s de un accidente automovil\u00edstico por conducci\u00f3n agresiva?<\/strong><\/h2>\n<p><img loading=\"lazy\" decoding=\"async\" class=\"size-medium wp-image-15672 alignright\" src=\"https:\/\/plg-pllc.com\/wp-content\/uploads\/2016\/12\/judgement-300x225.jpg\" alt=\"Compensaci\u00f3n justa por un accidente automovil\u00edstico\" width=\"300\" height=\"225\" srcset=\"https:\/\/plg-pllc.com\/wp-content\/uploads\/2016\/12\/judgement-300x225.jpg 300w, https:\/\/plg-pllc.com\/wp-content\/uploads\/2016\/12\/judgement.jpg 562w\" sizes=\"auto, (max-width: 300px) 100vw, 300px\" \/>Si sufri\u00f3 lesiones a causa de un conductor agresivo, tiene derecho a una compensaci\u00f3n por sus lesiones. A partir de la fecha del accidente, tiene tres a\u00f1os para presentar una demanda por lesiones personales. Aseg\u00farese de buscar atenci\u00f3n m\u00e9dica primero, pero consulte con un abogado especializado en accidentes automovil\u00edsticos por conducci\u00f3n agresiva en Seattle lo antes posible.<\/p>\n<p>En Premier Law Group incluso le proporcionaremos una revisi\u00f3n gratuita del caso de accidente por furia al volante.<\/p>\n<h2><strong>\u00bfPor qu\u00e9 deber\u00eda contratar abogados especializados en accidentes automovil\u00edsticos en Premier Law Group?<\/strong><\/h2>\n<p>Cuando contacta y trabaja con Premier Law Group, esto es lo que puede esperar:<\/p>\n<ol>\n<li><strong>Somos accesibles.<\/strong> Cuando se comunique con nosotros por un asunto de lesiones personales, recibir\u00e1 noticias de un abogado de verdad, no solo de un recepcionista o un especialista en admisiones.<\/li>\n<li><strong>Somos directos.<\/strong> No jugamos contigo: queremos ayudarte a recuperarte de tu accidente por furia al volante. Seremos directos sobre si necesitas un abogado para resolver tu reclamaci\u00f3n.<\/li>\n<li><strong>Nos preocupamos.<\/strong> Somos personas reales que ayudamos a personas reales con problemas reales. D\u00e9jenos manejar su caso para evitar cometer errores que podr\u00edan da\u00f1arlo mientras usted se concentra en mejorar. Le han hecho da\u00f1o y queremos brindarle una experiencia y un resultado que solucionen las cosas lo mejor posible.<\/li>\n<\/ol>\n<h2><strong>Contacte con un <\/strong><b>Abogado especializado en accidentes automovil\u00edsticos agresivos en Seattle hoy<\/b><\/h2>\n<p><img loading=\"lazy\" decoding=\"async\" class=\"alignleft size-medium wp-image-16099\" src=\"https:\/\/plg-pllc.com\/wp-content\/uploads\/2018\/01\/lawyers-plg-bg800-300x192.jpg\" alt=\"Abogados de accidentes automovil\u00edsticos en Seattle\" width=\"300\" height=\"192\" srcset=\"https:\/\/plg-pllc.com\/wp-content\/uploads\/2018\/01\/lawyers-plg-bg800-300x192.jpg 300w, https:\/\/plg-pllc.com\/wp-content\/uploads\/2018\/01\/lawyers-plg-bg800-768x491.jpg 768w, https:\/\/plg-pllc.com\/wp-content\/uploads\/2018\/01\/lawyers-plg-bg800-640x409.jpg 640w, https:\/\/plg-pllc.com\/wp-content\/uploads\/2018\/01\/lawyers-plg-bg800.jpg 800w\" sizes=\"auto, (max-width: 300px) 100vw, 300px\" \/>La gente a menudo se pregunta: <em>&quot;\u00bfCu\u00e1ndo debo contratar a un abogado especializado en accidentes automovil\u00edsticos por conducci\u00f3n agresiva en Seattle?&quot;<\/em>\u00a0 Contratar a alguien de inmediato tiene muchas ventajas. El abogado adecuado le ayudar\u00e1 a proteger su salud, su bienestar emocional y sus finanzas, y le proporcionar\u00e1 recursos \u00fatiles.<\/p>\n<p>Tenga en cuenta que existe un plazo de prescripci\u00f3n para cada reclamaci\u00f3n. Por lo general, debe presentar una reclamaci\u00f3n dentro de los tres a\u00f1os posteriores al accidente de tr\u00e1fico. Sin embargo, siempre hay excepciones y puede haber circunstancias que cambien el plazo de prescripci\u00f3n en su situaci\u00f3n particular.<\/p>\n<p>En Premier Law Group, nuestro objetivo es garantizar que todas las personas que se comuniquen con nosotros est\u00e9n mejor informadas sobre sus opciones legales, incluso si no terminamos represent\u00e1ndolo.<strong>\u00a0 <\/strong>Si no necesita un abogado para resolver su demanda por accidente de tr\u00e1fico, nos aseguraremos de informarle. Incluso le proporcionaremos una copia electr\u00f3nica de nuestra gu\u00eda. <a href=\"https:\/\/plg-pllc.com\/books\/settle-your-own-case\/\">C\u00f3mo resolver su propio caso. <\/a><\/p>\n<p>Comun\u00edquese con Premier Law Group para obtener una revisi\u00f3n gratuita de su caso de accidente por furia al volante. Llame <a href=\"tel:206.285.1743\">206.285.1743<\/a> Hoy mismo. Y como siempre, no hay honorarios legales a menos que lleguemos a un acuerdo o ganemos su caso.<\/p>\n\n        <div class=\"rs-content-cta\">\n            <p>Llamar o enviar mensaje de texto <a href=\"tel:+12062851743\">(206) 285-1743<\/a> o complete un formulario de evaluaci\u00f3n de caso gratuito<\/p>\n            <a href=\"https:\/\/plg-pllc.com\/es\/contact-us\/\" title=\"OBTENGA UNA EVALUACI\u00d3N DE CASO GRATUITA\" class=\"btn-global\">OBTENGA UNA EVALUACI\u00d3N DE CASO GRATUITA<\/a>\n                    <picture>\n                            <source srcset=\"https:\/\/plg-pllc.com\/wp-content\/themes\/plg-pllc-redesign\/assets\/app\/img\/cta-thumb.webp\" type=\"image\/webp\"\/>\n                            <img src=\"https:\/\/plg-pllc.com\/wp-content\/themes\/plg-pllc-redesign\/assets\/app\/img\/cta-thumb.png\" alt=\"Grupo de abogados Premier\" title=\"Grupo de abogados Premier\" width=\"245\" height=\"220\" loading=\"auto\" fetchpriority=\"auto\" decoding=\"async\"\/>\n        <\/picture>\n        \n        <\/div>","protected":false},"excerpt":{"rendered":"<p>Abogado de accidentes automovil\u00edsticos por conducci\u00f3n agresiva en Seattle, WA La conducci\u00f3n agresiva y la furia al volante adoptan muchas formas y ocurren por diversas razones. Cuando los conductores llegan tarde, est\u00e1n atrapados en el tr\u00e1fico o tienen prisa, pueden recurrir a una conducci\u00f3n insegura. Esto a menudo conduce a accidentes automovil\u00edsticos por conducci\u00f3n agresiva. Si est\u00e1s en esta p\u00e1gina es porque\u2026<\/p>","protected":false},"author":24,"featured_media":0,"parent":17293,"menu_order":0,"comment_status":"closed","ping_status":"closed","template":"","meta":{"_acf_changed":false,"_genesis_hide_title":false,"_genesis_hide_breadcrumbs":false,"_genesis_hide_singular_image":false,"_genesis_hide_footer_widgets":false,"_genesis_custom_body_class":"","_genesis_custom_post_class":"","_genesis_layout":"","footnotes":""},"hc_faqs":[],"class_list":{"0":"post-18355","1":"page","2":"type-page","3":"status-publish","5":"hc_city_location-seattle","6":"entry","7":"has-post-thumbnail"},"acf":[],"yoast_head":"<!-- This site is optimized with the Yoast SEO plugin v27.4 - https:\/\/yoast.com\/product\/yoast-seo-wordpress\/ -->\n<title>Aggressive Driving Accident Lawyer in Seattle | Free Case Review<\/title>\n<meta name=\"description\" content=\"Seattle Aggressive Driving Accident Lawyer: Premier Law Group helps you unlock the full compensation you deserve. No Fee Unless We Win.\" \/>\n<meta name=\"robots\" content=\"index, follow, max-snippet:-1, max-image-preview:large, max-video-preview:-1\" \/>\n<link rel=\"canonical\" href=\"https:\/\/plg-pllc.com\/es\/seattle\/car-accident-lawyer\/aggressive-driving\/\" \/>\n<meta property=\"og:locale\" content=\"es_MX\" \/>\n<meta property=\"og:type\" content=\"article\" \/>\n<meta property=\"og:title\" content=\"Aggressive Driving Accident Lawyer in Seattle | Free Case Review\" \/>\n<meta property=\"og:description\" content=\"Seattle Aggressive Driving Accident Lawyer: Premier Law Group helps you unlock the full compensation you deserve. No Fee Unless We Win.\" \/>\n<meta property=\"og:url\" content=\"https:\/\/plg-pllc.com\/es\/seattle\/car-accident-lawyer\/aggressive-driving\/\" \/>\n<meta property=\"og:site_name\" content=\"Premier Law Group\" \/>\n<meta property=\"article:publisher\" content=\"https:\/\/www.facebook.com\/premierlawgroup\" \/>\n<meta property=\"article:modified_time\" content=\"2025-02-14T22:13:16+00:00\" \/>\n<meta property=\"og:image\" content=\"https:\/\/plg-pllc.com\/wp-content\/uploads\/2020\/04\/shutterstock_290605838-scaled.jpg\" \/>\n\t<meta property=\"og:image:width\" content=\"2560\" \/>\n\t<meta property=\"og:image:height\" content=\"1707\" \/>\n\t<meta property=\"og:image:type\" content=\"image\/jpeg\" \/>\n<meta name=\"twitter:card\" content=\"summary_large_image\" \/>\n<meta name=\"twitter:site\" content=\"@premierlawgroup\" \/>\n<meta name=\"twitter:label1\" content=\"Tiempo de lectura\" \/>\n\t<meta name=\"twitter:data1\" content=\"5 minutos\" \/>\n<script type=\"application\/ld+json\" class=\"yoast-schema-graph\">{\"@context\":\"https:\\\/\\\/schema.org\",\"@graph\":[{\"@type\":\"WebPage\",\"@id\":\"https:\\\/\\\/plg-pllc.com\\\/seattle\\\/car-accident-lawyer\\\/aggressive-driving\\\/\",\"url\":\"https:\\\/\\\/plg-pllc.com\\\/seattle\\\/car-accident-lawyer\\\/aggressive-driving\\\/\",\"name\":\"Aggressive Driving Accident Lawyer in Seattle | Free Case Review\",\"isPartOf\":{\"@id\":\"https:\\\/\\\/plg-pllc.com\\\/#website\"},\"primaryImageOfPage\":{\"@id\":\"https:\\\/\\\/plg-pllc.com\\\/seattle\\\/car-accident-lawyer\\\/aggressive-driving\\\/#primaryimage\"},\"image\":{\"@id\":\"https:\\\/\\\/plg-pllc.com\\\/seattle\\\/car-accident-lawyer\\\/aggressive-driving\\\/#primaryimage\"},\"thumbnailUrl\":\"https:\\\/\\\/plg-pllc.com\\\/wp-content\\\/uploads\\\/2020\\\/04\\\/shutterstock_290605838-300x200.jpg\",\"datePublished\":\"2021-04-18T15:53:09+00:00\",\"dateModified\":\"2025-02-14T22:13:16+00:00\",\"description\":\"Seattle Aggressive Driving Accident Lawyer: Premier Law Group helps you unlock the full compensation you deserve. No Fee Unless We Win.\",\"breadcrumb\":{\"@id\":\"https:\\\/\\\/plg-pllc.com\\\/seattle\\\/car-accident-lawyer\\\/aggressive-driving\\\/#breadcrumb\"},\"inLanguage\":\"es\",\"potentialAction\":[{\"@type\":\"ReadAction\",\"target\":[\"https:\\\/\\\/plg-pllc.com\\\/seattle\\\/car-accident-lawyer\\\/aggressive-driving\\\/\"]}]},{\"@type\":\"ImageObject\",\"inLanguage\":\"es\",\"@id\":\"https:\\\/\\\/plg-pllc.com\\\/seattle\\\/car-accident-lawyer\\\/aggressive-driving\\\/#primaryimage\",\"url\":\"https:\\\/\\\/plg-pllc.com\\\/wp-content\\\/uploads\\\/2020\\\/04\\\/shutterstock_290605838-300x200.jpg\",\"contentUrl\":\"https:\\\/\\\/plg-pllc.com\\\/wp-content\\\/uploads\\\/2020\\\/04\\\/shutterstock_290605838-300x200.jpg\"},{\"@type\":\"BreadcrumbList\",\"@id\":\"https:\\\/\\\/plg-pllc.com\\\/seattle\\\/car-accident-lawyer\\\/aggressive-driving\\\/#breadcrumb\",\"itemListElement\":[{\"@type\":\"ListItem\",\"position\":1,\"name\":\"Home\",\"item\":\"https:\\\/\\\/plg-pllc.com\\\/es\\\/\"},{\"@type\":\"ListItem\",\"position\":2,\"name\":\"Seattle Personal Injury Lawyer\",\"item\":\"https:\\\/\\\/plg-pllc.com\\\/es\\\/seattle\\\/personal-injury-lawyer\\\/\"},{\"@type\":\"ListItem\",\"position\":3,\"name\":\"Seattle Car Accident Lawyer\",\"item\":\"https:\\\/\\\/plg-pllc.com\\\/es\\\/seattle\\\/car-accident-lawyer\\\/\"},{\"@type\":\"ListItem\",\"position\":4,\"name\":\"Aggressive Driving Accident\"}]},{\"@type\":\"WebSite\",\"@id\":\"https:\\\/\\\/plg-pllc.com\\\/#website\",\"url\":\"https:\\\/\\\/plg-pllc.com\\\/\",\"name\":\"Premier Law Group\",\"description\":\"Washington Wrongful Death and Serious Injury Lawyer\",\"publisher\":{\"@id\":\"https:\\\/\\\/plg-pllc.com\\\/#organization\"},\"inLanguage\":\"es\"},{\"@type\":\"Organization\",\"@id\":\"https:\\\/\\\/plg-pllc.com\\\/#organization\",\"name\":\"Premier Law Group\",\"url\":\"https:\\\/\\\/plg-pllc.com\\\/\",\"logo\":{\"@type\":\"ImageObject\",\"inLanguage\":\"es\",\"@id\":\"https:\\\/\\\/plg-pllc.com\\\/#\\\/schema\\\/logo\\\/image\\\/\",\"url\":\"https:\\\/\\\/plg-pllc.com\\\/wp-content\\\/uploads\\\/2020\\\/10\\\/plg-logo-v2.gif\",\"contentUrl\":\"https:\\\/\\\/plg-pllc.com\\\/wp-content\\\/uploads\\\/2020\\\/10\\\/plg-logo-v2.gif\",\"width\":592,\"height\":191,\"caption\":\"Premier Law Group\"},\"image\":{\"@id\":\"https:\\\/\\\/plg-pllc.com\\\/#\\\/schema\\\/logo\\\/image\\\/\"},\"sameAs\":[\"https:\\\/\\\/www.facebook.com\\\/premierlawgroup\",\"https:\\\/\\\/x.com\\\/premierlawgroup\"]}]}<\/script>\n<!-- \/ Yoast SEO plugin. -->","yoast_head_json":{"title":"Abogado de accidentes por conducci\u00f3n agresiva en Seattle | Revisi\u00f3n gratuita de casos","description":"Abogado de accidentes por conducci\u00f3n agresiva en Seattle: Premier Law Group lo ayuda a obtener la compensaci\u00f3n total que se merece. Sin cargo a menos que ganemos.","robots":{"index":"index","follow":"follow","max-snippet":"max-snippet:-1","max-image-preview":"max-image-preview:large","max-video-preview":"max-video-preview:-1"},"canonical":"https:\/\/plg-pllc.com\/es\/seattle\/car-accident-lawyer\/aggressive-driving\/","og_locale":"es_MX","og_type":"article","og_title":"Aggressive Driving Accident Lawyer in Seattle | Free Case Review","og_description":"Seattle Aggressive Driving Accident Lawyer: Premier Law Group helps you unlock the full compensation you deserve. No Fee Unless We Win.","og_url":"https:\/\/plg-pllc.com\/es\/seattle\/car-accident-lawyer\/aggressive-driving\/","og_site_name":"Premier Law Group","article_publisher":"https:\/\/www.facebook.com\/premierlawgroup","article_modified_time":"2025-02-14T22:13:16+00:00","og_image":[{"width":2560,"height":1707,"url":"https:\/\/plg-pllc.com\/wp-content\/uploads\/2020\/04\/shutterstock_290605838-scaled.jpg","type":"image\/jpeg"}],"twitter_card":"summary_large_image","twitter_site":"@premierlawgroup","twitter_misc":{"Tiempo de lectura":"5 minutos"},"schema":{"@context":"https:\/\/schema.org","@graph":[{"@type":"WebPage","@id":"https:\/\/plg-pllc.com\/seattle\/car-accident-lawyer\/aggressive-driving\/","url":"https:\/\/plg-pllc.com\/seattle\/car-accident-lawyer\/aggressive-driving\/","name":"Abogado de accidentes por conducci\u00f3n agresiva en Seattle | Revisi\u00f3n gratuita de casos","isPartOf":{"@id":"https:\/\/plg-pllc.com\/#website"},"primaryImageOfPage":{"@id":"https:\/\/plg-pllc.com\/seattle\/car-accident-lawyer\/aggressive-driving\/#primaryimage"},"image":{"@id":"https:\/\/plg-pllc.com\/seattle\/car-accident-lawyer\/aggressive-driving\/#primaryimage"},"thumbnailUrl":"https:\/\/plg-pllc.com\/wp-content\/uploads\/2020\/04\/shutterstock_290605838-300x200.jpg","datePublished":"2021-04-18T15:53:09+00:00","dateModified":"2025-02-14T22:13:16+00:00","description":"Abogado de accidentes por conducci\u00f3n agresiva en Seattle: Premier Law Group lo ayuda a obtener la compensaci\u00f3n total que se merece. Sin cargo a menos que ganemos.","breadcrumb":{"@id":"https:\/\/plg-pllc.com\/seattle\/car-accident-lawyer\/aggressive-driving\/#breadcrumb"},"inLanguage":"es","potentialAction":[{"@type":"ReadAction","target":["https:\/\/plg-pllc.com\/seattle\/car-accident-lawyer\/aggressive-driving\/"]}]},{"@type":"ImageObject","inLanguage":"es","@id":"https:\/\/plg-pllc.com\/seattle\/car-accident-lawyer\/aggressive-driving\/#primaryimage","url":"https:\/\/plg-pllc.com\/wp-content\/uploads\/2020\/04\/shutterstock_290605838-300x200.jpg","contentUrl":"https:\/\/plg-pllc.com\/wp-content\/uploads\/2020\/04\/shutterstock_290605838-300x200.jpg"},{"@type":"BreadcrumbList","@id":"https:\/\/plg-pllc.com\/seattle\/car-accident-lawyer\/aggressive-driving\/#breadcrumb","itemListElement":[{"@type":"ListItem","position":1,"name":"Home","item":"https:\/\/plg-pllc.com\/es\/"},{"@type":"ListItem","position":2,"name":"Seattle Personal Injury Lawyer","item":"https:\/\/plg-pllc.com\/es\/seattle\/personal-injury-lawyer\/"},{"@type":"ListItem","position":3,"name":"Seattle Car Accident Lawyer","item":"https:\/\/plg-pllc.com\/es\/seattle\/car-accident-lawyer\/"},{"@type":"ListItem","position":4,"name":"Aggressive Driving Accident"}]},{"@type":"WebSite","@id":"https:\/\/plg-pllc.com\/#website","url":"https:\/\/plg-pllc.com\/","name":"Grupo de abogados Premier","description":"Abogado de muerte por negligencia y lesiones graves en Washington","publisher":{"@id":"https:\/\/plg-pllc.com\/#organization"},"inLanguage":"es"},{"@type":"Organization","@id":"https:\/\/plg-pllc.com\/#organization","name":"Grupo de abogados Premier","url":"https:\/\/plg-pllc.com\/","logo":{"@type":"ImageObject","inLanguage":"es","@id":"https:\/\/plg-pllc.com\/#\/schema\/logo\/image\/","url":"https:\/\/plg-pllc.com\/wp-content\/uploads\/2020\/10\/plg-logo-v2.gif","contentUrl":"https:\/\/plg-pllc.com\/wp-content\/uploads\/2020\/10\/plg-logo-v2.gif","width":592,"height":191,"caption":"Premier Law Group"},"image":{"@id":"https:\/\/plg-pllc.com\/#\/schema\/logo\/image\/"},"sameAs":["https:\/\/www.facebook.com\/premierlawgroup","https:\/\/x.com\/premierlawgroup"]}]}},"_links":{"self":[{"href":"https:\/\/plg-pllc.com\/es\/wp-json\/wp\/v2\/pages\/18355","targetHints":{"allow":["GET"]}}],"collection":[{"href":"https:\/\/plg-pllc.com\/es\/wp-json\/wp\/v2\/pages"}],"about":[{"href":"https:\/\/plg-pllc.com\/es\/wp-json\/wp\/v2\/types\/page"}],"author":[{"embeddable":true,"href":"https:\/\/plg-pllc.com\/es\/wp-json\/wp\/v2\/users\/24"}],"replies":[{"embeddable":true,"href":"https:\/\/plg-pllc.com\/es\/wp-json\/wp\/v2\/comments?post=18355"}],"version-history":[{"count":0,"href":"https:\/\/plg-pllc.com\/es\/wp-json\/wp\/v2\/pages\/18355\/revisions"}],"up":[{"embeddable":true,"href":"https:\/\/plg-pllc.com\/es\/wp-json\/wp\/v2\/pages\/17293"}],"wp:attachment":[{"href":"https:\/\/plg-pllc.com\/es\/wp-json\/wp\/v2\/media?parent=18355"}],"wp:term":[{"taxonomy":"hc_faqs","embeddable":true,"href":"https:\/\/plg-pllc.com\/es\/wp-json\/wp\/v2\/hc_faqs?post=18355"}],"curies":[{"name":"gracias","href":"https:\/\/api.w.org\/{rel}","templated":true}]}}