{"id":18356,"date":"2021-04-18T08:52:43","date_gmt":"2021-04-18T15:52:43","guid":{"rendered":"https:\/\/plg-pllc.com\/?page_id=18356"},"modified":"2026-03-24T15:12:24","modified_gmt":"2026-03-24T22:12:24","slug":"drugged-driving","status":"publish","type":"page","link":"https:\/\/plg-pllc.com\/es\/seattle\/car-accident-lawyer\/drugged-driving\/","title":{"rendered":"Abogado de accidentes por conducir bajo los efectos de drogas en Seattle"},"content":{"rendered":"<h2><strong>\u00bfC\u00f3mo puede ayudarme un abogado especializado en accidentes por conducir bajo los efectos de drogas?<\/strong><\/h2>\n<p><img loading=\"lazy\" decoding=\"async\" class=\"size-medium wp-image-18357 alignright\" src=\"https:\/\/plg-pllc.com\/wp-content\/uploads\/2021\/04\/wells-chan-w2_rKNoQSGg-unsplash-300x200.jpg\" alt=\"Accidente de tr\u00e1fico por conducir bajo los efectos de las drogas en Seattle\" width=\"300\" height=\"200\" srcset=\"https:\/\/plg-pllc.com\/wp-content\/uploads\/2021\/04\/wells-chan-w2_rKNoQSGg-unsplash-300x200.jpg 300w, https:\/\/plg-pllc.com\/wp-content\/uploads\/2021\/04\/wells-chan-w2_rKNoQSGg-unsplash-1024x683.jpg 1024w, https:\/\/plg-pllc.com\/wp-content\/uploads\/2021\/04\/wells-chan-w2_rKNoQSGg-unsplash-768x512.jpg 768w, https:\/\/plg-pllc.com\/wp-content\/uploads\/2021\/04\/wells-chan-w2_rKNoQSGg-unsplash-1536x1024.jpg 1536w, https:\/\/plg-pllc.com\/wp-content\/uploads\/2021\/04\/wells-chan-w2_rKNoQSGg-unsplash-2048x1365.jpg 2048w, https:\/\/plg-pllc.com\/wp-content\/uploads\/2021\/04\/wells-chan-w2_rKNoQSGg-unsplash-640x427.jpg 640w, https:\/\/plg-pllc.com\/wp-content\/uploads\/2021\/04\/wells-chan-w2_rKNoQSGg-unsplash-1200x800.jpg 1200w, https:\/\/plg-pllc.com\/wp-content\/uploads\/2021\/04\/wells-chan-w2_rKNoQSGg-unsplash-1920x1280.jpg 1920w, https:\/\/plg-pllc.com\/wp-content\/uploads\/2021\/04\/wells-chan-w2_rKNoQSGg-unsplash-250x167.jpg 250w\" sizes=\"auto, (max-width: 300px) 100vw, 300px\" \/>\u00bfUsted o un ser querido ha sufrido lesiones a causa de alguien que conduc\u00eda bajo los efectos de las drogas? Nuestros abogados especializados en accidentes por conducir bajo los efectos de las drogas comprenden el impacto que puede tener un accidente por conducir bajo los efectos de las drogas en la vida de nuestros clientes. Vemos situaciones como la suya todos los d\u00edas y sabemos lo frustrante que puede ser. Por eso queremos ayudarle a gestionar su situaci\u00f3n y obtener el mejor resultado posible.<\/p>\n<p>Aqu\u00ed aprender\u00e1 sobre lo que est\u00e1 en juego cuando sufre lesiones debido a que alguien conduce bajo los efectos de las drogas. Queremos que conozca los factores importantes que debe tener en cuenta en esta etapa y c\u00f3mo proteger su reclamo. Tambi\u00e9n le brindaremos recursos para ayudarlo a tomar las mejores decisiones sobre su situaci\u00f3n.<\/p>\n<h2><strong>\u00bfQu\u00e9 constituye conducir bajo los efectos de las drogas en Seattle?<\/strong><\/h2>\n<p><em>&quot;<a href=\"https:\/\/nida.nih.gov\/publications\/drugfacts\/drugged-driving\" target=\"_blank\" rel=\"noopener\">Conducir bajo los efectos de las drogas<\/a> est\u00e1 conduciendo un veh\u00edculo bajo los efectos del alcohol debido a los efectos intoxicantes del consumo reciente de drogas\u201d.<\/em><\/p>\n<p>En Washington, una persona que conduce bajo la influencia o bajo los efectos de bebidas alcoh\u00f3licas o drogas intoxicantes es culpable de <a href=\"https:\/\/app.leg.wa.gov\/rcw\/default.aspx?cite=46.61.502\">conducir drogado<\/a>.<\/p>\n<h2><strong>Estad\u00edsticas sobre la conducci\u00f3n bajo los efectos de las drogas<\/strong><\/h2>\n<ul>\n<li>6 millones de personas de 16 a\u00f1os o m\u00e1s conducen bajo la influencia de drogas il\u00edcitas.<\/li>\n<li>Casi el 44 por ciento de los conductores involucrados en accidentes automovil\u00edsticos mortales pasan la prueba <a href=\"https:\/\/nida.nih.gov\/publications\/drugfacts\/drugged-driving\" target=\"_blank\" rel=\"noopener\">positivo para drogas<\/a>.<\/li>\n<li>Seg\u00fan la Encuesta Nacional de Carreteras de 2007, el 16,31% de los conductores que circulan de noche durante los fines de semana dan positivo por drogas que pueden afectar a sus capacidades.<\/li>\n<\/ul>\n<h3><strong>\u00bfQu\u00e9 pasa si conduces bajo los efectos de la marihuana?<\/strong><\/h3>\n<p>Adem\u00e1s del alcohol, la marihuana es la droga que se encuentra con mayor frecuencia en la sangre de los conductores involucrados en accidentes. Los conductores con THC en la sangre tienen m\u00e1s probabilidades de verse involucrados en un accidente mortal que los conductores que no lo tienen.<\/p>\n<p>En Seattle, una persona es culpable de conducir bajo la influencia de\u2026 marihuana si conduce un veh\u00edculo y tiene, dentro de las dos horas siguientes a la conducci\u00f3n, una concentraci\u00f3n de THC de 5,00 o superior.<\/p>\n<h3><strong>\u00bfPueden otras drogas y medicamentos afectar la capacidad para conducir?<\/strong><\/h3>\n<p>Sin embargo, algunos medicamentos recetados y de venta libre (com\u00fanmente conocidos como \u201cde venta libre\u201d) tienen efectos secundarios que hacen que conducir sea inseguro.<\/p>\n<h3><strong>\u00bfQu\u00e9 representaci\u00f3n legal est\u00e1 disponible para las v\u00edctimas de accidentes por conducir bajo los efectos de drogas?<\/strong><\/h3>\n<p><img loading=\"lazy\" decoding=\"async\" class=\"size-medium wp-image-18358 alignleft\" src=\"https:\/\/plg-pllc.com\/wp-content\/uploads\/2021\/04\/driver-5678711_1920-300x200.jpg\" alt=\"Fumar mientras se conduce en Seattle\" width=\"300\" height=\"200\" srcset=\"https:\/\/plg-pllc.com\/wp-content\/uploads\/2021\/04\/driver-5678711_1920-300x200.jpg 300w, https:\/\/plg-pllc.com\/wp-content\/uploads\/2021\/04\/driver-5678711_1920-1024x683.jpg 1024w, https:\/\/plg-pllc.com\/wp-content\/uploads\/2021\/04\/driver-5678711_1920-768x512.jpg 768w, https:\/\/plg-pllc.com\/wp-content\/uploads\/2021\/04\/driver-5678711_1920-1536x1024.jpg 1536w, https:\/\/plg-pllc.com\/wp-content\/uploads\/2021\/04\/driver-5678711_1920-640x427.jpg 640w, https:\/\/plg-pllc.com\/wp-content\/uploads\/2021\/04\/driver-5678711_1920-1200x800.jpg 1200w, https:\/\/plg-pllc.com\/wp-content\/uploads\/2021\/04\/driver-5678711_1920-250x167.jpg 250w, https:\/\/plg-pllc.com\/wp-content\/uploads\/2021\/04\/driver-5678711_1920.jpg 1920w\" sizes=\"auto, (max-width: 300px) 100vw, 300px\" \/>Siempre que una persona conduce bajo los efectos de las drogas, puede ser responsable de cualquier accidente o lesi\u00f3n resultante. Un acusado puede ser condenado despu\u00e9s de conducir bajo los efectos de las drogas o exhibir los efectos de haber consumido una sustancia controlada. Esto incluye medicamentos recetados o de venta libre.<\/p>\n<p>En <a href=\"https:\/\/plg-pllc.com\/\">Grupo de abogados Premier<\/a> Nos complace ofrecerle una revisi\u00f3n gratuita de su caso de accidente por conducir bajo los efectos de drogas.<\/p>\n\n        <div class=\"rs-content-cta long\">\n            <p>Para una consulta legal GRATUITA con un abogado especializado en accidentes por conducir bajo los efectos de las drogas que preste servicios en Seattle, llame al <a href=\"tel:+12062851743\">(206) 285-1743 <\/a><\/p>\n            <a href=\"https:\/\/plg-pllc.com\/es\/contact-us\/\" title=\"OBTENGA UNA EVALUACI\u00d3N DE CASO GRATUITA\" class=\"btn-global\">OBTENGA UNA EVALUACI\u00d3N DE CASO GRATUITA<\/a>\n                    <picture>\n                            <source srcset=\"https:\/\/plg-pllc.com\/wp-content\/themes\/plg-pllc-redesign\/assets\/app\/img\/cta-thumb.webp\" type=\"image\/webp\"\/>\n                            <img src=\"https:\/\/plg-pllc.com\/wp-content\/themes\/plg-pllc-redesign\/assets\/app\/img\/cta-thumb.png\" alt=\"Grupo de abogados Premier\" title=\"Grupo de abogados Premier\" width=\"245\" height=\"220\" loading=\"auto\" fetchpriority=\"auto\" decoding=\"async\"\/>\n        <\/picture>\n        \n        <\/div><h2><strong>\u00bfQu\u00e9 compensaci\u00f3n tengo derecho a recibir despu\u00e9s de un accidente por conducir bajo los efectos de las drogas?<\/strong><\/h2>\n<p>En Seattle, las v\u00edctimas de accidentes por conducir bajo los efectos de las drogas podr\u00edan:<\/p>\n<ul>\n<li><strong>Gastos m\u00e9dicos.<\/strong> Estos gastos incluyen el costo del tratamiento m\u00e9dico pasado, presente y futuro relacionado con su accidente por conducir bajo los efectos de las drogas.<\/li>\n<li><strong>P\u00e9rdida de ingresos.<\/strong> Las v\u00edctimas de accidentes por conducir bajo los efectos de las drogas pueden recibir una compensaci\u00f3n por el tiempo que no pueden trabajar. Si no puede trabajar con normalidad cuando se reincorpora, es posible que reciba una compensaci\u00f3n por esos cambios permanentes.<\/li>\n<li><strong>Dolor y sufrimiento<\/strong>Es posible que reciba una compensaci\u00f3n por el dolor y el malestar reales que experimente debido a un accidente por conducir bajo los efectos de las drogas. Esta compensaci\u00f3n depende de la duraci\u00f3n de su recuperaci\u00f3n y de la gravedad de sus lesiones.<\/li>\n<li><strong>Da\u00f1os a la propiedad<\/strong>Las v\u00edctimas tienen derecho a una indemnizaci\u00f3n por cualquier da\u00f1o a sus bienes personales como consecuencia de accidentes de tr\u00e1fico provocados por drogas.<\/li>\n<li><strong>Gastos de bolsillo<\/strong>Puede recibir una compensaci\u00f3n por todos los costos relacionados con sus lesiones y recuperaci\u00f3n.<\/li>\n<\/ul>\n<h2><strong>\u00bfPor qu\u00e9 deber\u00eda contratar a un profesional dedicado? <a href=\"https:\/\/plg-pllc.com\/seattle\/car-accident-lawyer\/\">Abogado de accidentes de tr\u00e1fico<\/a> en Premier Law Group?<\/strong><\/h2>\n<p>Encontrar el abogado adecuado para casos de accidentes por conducir bajo los efectos de las drogas en Seattle puede ser un desaf\u00edo. Como m\u00ednimo, su abogado deber\u00eda:<\/p>\n<ul>\n<li><strong>Centrarse en la representaci\u00f3n de las v\u00edctimas.<\/strong> Esto garantiza que su abogado tenga cierta experiencia en accidentes por conducir bajo los efectos de las drogas.<\/li>\n<li><strong>Ser bien reconocido.<\/strong> Su abogado debe ser respetado dentro y fuera de la comunidad jur\u00eddica. Si su abogado es un \u201cdon nadie\u201d, la compa\u00f1\u00eda de seguros no lo tomar\u00e1 en serio. Esto podr\u00eda afectar negativamente su compensaci\u00f3n.<\/li>\n<li><strong>Sea accesible y accesible.<\/strong> Hay muchos factores en un reclamo por accidente por conducir bajo los efectos de drogas, por lo que es importante que tenga una relaci\u00f3n de trabajo productiva con su abogado.<\/li>\n<li><strong>Nunca te presionar\u00e9.<\/strong> Su abogado debe guiarle y brindarle informaci\u00f3n \u00fatil para que pueda tomar la mejor decisi\u00f3n para sus circunstancias.<\/li>\n<li><strong>Sea considerado con la experiencia de sus clientes.<\/strong> Ya ha pasado por momentos dif\u00edciles. La firma que contrate para que lo represente debe hacer que el proceso de reclamaci\u00f3n sea una experiencia positiva.<\/li>\n<\/ul>\n<h2><strong>Comun\u00edquese con un abogado especializado en accidentes por conducir bajo los efectos de las drogas en Seattle, WA<\/strong><\/h2>\n<p><img loading=\"lazy\" decoding=\"async\" class=\"size-medium wp-image-16403 alignright\" src=\"https:\/\/plg-pllc.com\/wp-content\/uploads\/2018\/10\/premier-law-group-team1-300x180.jpg\" alt=\"Abogados de accidentes automovil\u00edsticos en Bellevue Seattle y Federal Way\" width=\"300\" height=\"180\" srcset=\"https:\/\/plg-pllc.com\/wp-content\/uploads\/2018\/10\/premier-law-group-team1-300x180.jpg 300w, https:\/\/plg-pllc.com\/wp-content\/uploads\/2018\/10\/premier-law-group-team1-640x383.jpg 640w, https:\/\/plg-pllc.com\/wp-content\/uploads\/2018\/10\/premier-law-group-team1-768x460.jpg 768w, https:\/\/plg-pllc.com\/wp-content\/uploads\/2018\/10\/premier-law-group-team1.jpg 800w\" sizes=\"auto, (max-width: 300px) 100vw, 300px\" \/>Las v\u00edctimas suelen preguntar cu\u00e1ndo debo contratar a un abogado especializado en accidentes por conducir bajo los efectos de las drogas en Seattle. Hay varias ventajas en contratar a alguien lo antes posible. El abogado adecuado le ayudar\u00e1 a proteger su salud, su bienestar emocional y sus finanzas r\u00e1pidamente y le proporcionar\u00e1 recursos \u00fatiles.<\/p>\n<p>Tenga en cuenta que cada reclamaci\u00f3n tiene un plazo de prescripci\u00f3n. Debe presentar una reclamaci\u00f3n dentro de los tres a\u00f1os posteriores al accidente automovil\u00edstico por conducir bajo los efectos de las drogas. Sin embargo, siempre hay excepciones y puede haber circunstancias que cambien el plazo de prescripci\u00f3n en su situaci\u00f3n particular.<\/p>\n<p>En Premier Law Group, queremos que todos los que nos contacten est\u00e9n m\u00e1s informados sobre sus opciones legales, independientemente de si los representamos o no.<\/p>\n<p>Si no necesita un abogado para resolver su demanda por accidente por conducir bajo los efectos de las drogas, le diremos exactamente eso. Incluso le proporcionaremos una copia electr\u00f3nica de nuestra gu\u00eda. <a href=\"https:\/\/plg-pllc.com\/books\/settle-your-own-case\/\">C\u00f3mo resolver su propio caso<\/a>.<\/p>\n<p>Comun\u00edquese con Premier Law Group para obtener una revisi\u00f3n gratuita de su caso de accidente por conducir bajo los efectos de las drogas. Llame <a href=\"tel:206.285.1743\">206.285.1743<\/a> Hoy mismo. Y como siempre, no hay honorarios legales a menos que lleguemos a un acuerdo o ganemos su caso.<\/p>\n\n        <div class=\"rs-content-cta\">\n            <p>Llamar o enviar mensaje de texto <a href=\"tel:+12062851743\">(206) 285-1743<\/a> o complete un formulario de evaluaci\u00f3n de caso gratuito<\/p>\n            <a href=\"https:\/\/plg-pllc.com\/es\/contact-us\/\" title=\"OBTENGA UNA EVALUACI\u00d3N DE CASO GRATUITA\" class=\"btn-global\">OBTENGA UNA EVALUACI\u00d3N DE CASO GRATUITA<\/a>\n                    <picture>\n                            <source srcset=\"https:\/\/plg-pllc.com\/wp-content\/themes\/plg-pllc-redesign\/assets\/app\/img\/cta-thumb.webp\" type=\"image\/webp\"\/>\n                            <img src=\"https:\/\/plg-pllc.com\/wp-content\/themes\/plg-pllc-redesign\/assets\/app\/img\/cta-thumb.png\" alt=\"Grupo de abogados Premier\" title=\"Grupo de abogados Premier\" width=\"245\" height=\"220\" loading=\"auto\" fetchpriority=\"auto\" decoding=\"async\"\/>\n        <\/picture>\n        \n        <\/div>","protected":false},"excerpt":{"rendered":"<p>\u00bfC\u00f3mo puede ayudarme un abogado especializado en accidentes por conducir bajo los efectos de las drogas? \u00bfUsted o un ser querido ha sufrido lesiones a causa de alguien que conduc\u00eda bajo los efectos de las drogas? Nuestros abogados especializados en accidentes por conducir bajo los efectos de las drogas comprenden el impacto que puede tener un accidente por conducir bajo los efectos de las drogas en la vida de nuestros clientes. Vemos situaciones como la suya todos los d\u00edas y sabemos lo frustrante que es\u2026<\/p>","protected":false},"author":24,"featured_media":4529,"parent":17293,"menu_order":0,"comment_status":"closed","ping_status":"closed","template":"","meta":{"_acf_changed":false,"_genesis_hide_title":false,"_genesis_hide_breadcrumbs":false,"_genesis_hide_singular_image":false,"_genesis_hide_footer_widgets":false,"_genesis_custom_body_class":"","_genesis_custom_post_class":"","_genesis_layout":"","footnotes":""},"hc_faqs":[],"class_list":{"0":"post-18356","1":"page","2":"type-page","3":"status-publish","4":"has-post-thumbnail","6":"hc_city_location-seattle","7":"entry"},"acf":[],"yoast_head":"<!-- This site is optimized with the Yoast SEO plugin v27.5 - https:\/\/yoast.com\/product\/yoast-seo-wordpress\/ -->\n<title>Drugged Driving Accident Lawyer in Seattle | Free Case Review<\/title>\n<meta name=\"description\" content=\"Seattle Drugged Driving Accident Lawyer: Premier Law Group helps you unlock the full compensation you deserve. No Fee Unless We Win.\" \/>\n<meta name=\"robots\" content=\"index, follow, max-snippet:-1, max-image-preview:large, max-video-preview:-1\" \/>\n<link rel=\"canonical\" href=\"https:\/\/plg-pllc.com\/es\/seattle\/car-accident-lawyer\/drugged-driving\/\" \/>\n<meta property=\"og:locale\" content=\"es_MX\" \/>\n<meta property=\"og:type\" content=\"article\" \/>\n<meta property=\"og:title\" content=\"Drugged Driving Accident Lawyer in Seattle | Free Case Review\" \/>\n<meta property=\"og:description\" content=\"Seattle Drugged Driving Accident Lawyer: Premier Law Group helps you unlock the full compensation you deserve. No Fee Unless We Win.\" \/>\n<meta property=\"og:url\" content=\"https:\/\/plg-pllc.com\/es\/seattle\/car-accident-lawyer\/drugged-driving\/\" \/>\n<meta property=\"og:site_name\" content=\"Premier Law Group\" \/>\n<meta property=\"article:publisher\" content=\"https:\/\/www.facebook.com\/premierlawgroup\" \/>\n<meta property=\"article:modified_time\" content=\"2026-03-24T22:12:24+00:00\" \/>\n<meta property=\"og:image\" content=\"https:\/\/plg-pllc.com\/wp-content\/uploads\/2011\/05\/Drinking-And-Driving.jpg\" \/>\n\t<meta property=\"og:image:width\" content=\"432\" \/>\n\t<meta property=\"og:image:height\" content=\"324\" \/>\n\t<meta property=\"og:image:type\" content=\"image\/jpeg\" \/>\n<meta name=\"twitter:card\" content=\"summary_large_image\" \/>\n<meta name=\"twitter:site\" content=\"@premierlawgroup\" \/>\n<meta name=\"twitter:label1\" content=\"Tiempo de lectura\" \/>\n\t<meta name=\"twitter:data1\" content=\"5 minutos\" \/>\n<script type=\"application\/ld+json\" class=\"yoast-schema-graph\">{\"@context\":\"https:\\\/\\\/schema.org\",\"@graph\":[{\"@type\":\"WebPage\",\"@id\":\"https:\\\/\\\/plg-pllc.com\\\/seattle\\\/car-accident-lawyer\\\/drugged-driving\\\/\",\"url\":\"https:\\\/\\\/plg-pllc.com\\\/seattle\\\/car-accident-lawyer\\\/drugged-driving\\\/\",\"name\":\"Drugged Driving Accident Lawyer in Seattle | Free Case Review\",\"isPartOf\":{\"@id\":\"https:\\\/\\\/plg-pllc.com\\\/#website\"},\"primaryImageOfPage\":{\"@id\":\"https:\\\/\\\/plg-pllc.com\\\/seattle\\\/car-accident-lawyer\\\/drugged-driving\\\/#primaryimage\"},\"image\":{\"@id\":\"https:\\\/\\\/plg-pllc.com\\\/seattle\\\/car-accident-lawyer\\\/drugged-driving\\\/#primaryimage\"},\"thumbnailUrl\":\"https:\\\/\\\/plg-pllc.com\\\/wp-content\\\/uploads\\\/2011\\\/05\\\/Drinking-And-Driving.jpg\",\"datePublished\":\"2021-04-18T15:52:43+00:00\",\"dateModified\":\"2026-03-24T22:12:24+00:00\",\"description\":\"Seattle Drugged Driving Accident Lawyer: Premier Law Group helps you unlock the full compensation you deserve. No Fee Unless We Win.\",\"breadcrumb\":{\"@id\":\"https:\\\/\\\/plg-pllc.com\\\/seattle\\\/car-accident-lawyer\\\/drugged-driving\\\/#breadcrumb\"},\"inLanguage\":\"es\",\"potentialAction\":[{\"@type\":\"ReadAction\",\"target\":[\"https:\\\/\\\/plg-pllc.com\\\/seattle\\\/car-accident-lawyer\\\/drugged-driving\\\/\"]}]},{\"@type\":\"ImageObject\",\"inLanguage\":\"es\",\"@id\":\"https:\\\/\\\/plg-pllc.com\\\/seattle\\\/car-accident-lawyer\\\/drugged-driving\\\/#primaryimage\",\"url\":\"https:\\\/\\\/plg-pllc.com\\\/wp-content\\\/uploads\\\/2011\\\/05\\\/Drinking-And-Driving.jpg\",\"contentUrl\":\"https:\\\/\\\/plg-pllc.com\\\/wp-content\\\/uploads\\\/2011\\\/05\\\/Drinking-And-Driving.jpg\",\"width\":432,\"height\":324,\"caption\":\"drug and alcohol truck accident attorneys in Seattle Renton Bellevue and Federal Way\"},{\"@type\":\"BreadcrumbList\",\"@id\":\"https:\\\/\\\/plg-pllc.com\\\/seattle\\\/car-accident-lawyer\\\/drugged-driving\\\/#breadcrumb\",\"itemListElement\":[{\"@type\":\"ListItem\",\"position\":1,\"name\":\"Home\",\"item\":\"https:\\\/\\\/plg-pllc.com\\\/es\\\/\"},{\"@type\":\"ListItem\",\"position\":2,\"name\":\"Seattle Personal Injury Lawyer\",\"item\":\"https:\\\/\\\/plg-pllc.com\\\/es\\\/seattle\\\/personal-injury-lawyer\\\/\"},{\"@type\":\"ListItem\",\"position\":3,\"name\":\"Seattle Car Accident Lawyer\",\"item\":\"https:\\\/\\\/plg-pllc.com\\\/es\\\/seattle\\\/car-accident-lawyer\\\/\"},{\"@type\":\"ListItem\",\"position\":4,\"name\":\"Drugged Driving Accident\"}]},{\"@type\":\"WebSite\",\"@id\":\"https:\\\/\\\/plg-pllc.com\\\/#website\",\"url\":\"https:\\\/\\\/plg-pllc.com\\\/\",\"name\":\"Premier Law Group\",\"description\":\"Washington Wrongful Death and Serious Injury Lawyer\",\"publisher\":{\"@id\":\"https:\\\/\\\/plg-pllc.com\\\/#organization\"},\"inLanguage\":\"es\"},{\"@type\":\"Organization\",\"@id\":\"https:\\\/\\\/plg-pllc.com\\\/#organization\",\"name\":\"Premier Law Group\",\"url\":\"https:\\\/\\\/plg-pllc.com\\\/\",\"logo\":{\"@type\":\"ImageObject\",\"inLanguage\":\"es\",\"@id\":\"https:\\\/\\\/plg-pllc.com\\\/#\\\/schema\\\/logo\\\/image\\\/\",\"url\":\"https:\\\/\\\/plg-pllc.com\\\/wp-content\\\/uploads\\\/2020\\\/10\\\/plg-logo-v2.gif\",\"contentUrl\":\"https:\\\/\\\/plg-pllc.com\\\/wp-content\\\/uploads\\\/2020\\\/10\\\/plg-logo-v2.gif\",\"width\":592,\"height\":191,\"caption\":\"Premier Law Group\"},\"image\":{\"@id\":\"https:\\\/\\\/plg-pllc.com\\\/#\\\/schema\\\/logo\\\/image\\\/\"},\"sameAs\":[\"https:\\\/\\\/www.facebook.com\\\/premierlawgroup\",\"https:\\\/\\\/x.com\\\/premierlawgroup\"]}]}<\/script>\n<!-- \/ Yoast SEO plugin. -->","yoast_head_json":{"title":"Abogado de accidentes por conducir bajo los efectos de las drogas en Seattle | Revisi\u00f3n gratuita del caso","description":"Abogado de accidentes por conducir bajo los efectos de las drogas en Seattle: Premier Law Group lo ayuda a obtener la compensaci\u00f3n total que se merece. Sin cargo a menos que ganemos.","robots":{"index":"index","follow":"follow","max-snippet":"max-snippet:-1","max-image-preview":"max-image-preview:large","max-video-preview":"max-video-preview:-1"},"canonical":"https:\/\/plg-pllc.com\/es\/seattle\/car-accident-lawyer\/drugged-driving\/","og_locale":"es_MX","og_type":"article","og_title":"Drugged Driving Accident Lawyer in Seattle | Free Case Review","og_description":"Seattle Drugged Driving Accident Lawyer: Premier Law Group helps you unlock the full compensation you deserve. No Fee Unless We Win.","og_url":"https:\/\/plg-pllc.com\/es\/seattle\/car-accident-lawyer\/drugged-driving\/","og_site_name":"Premier Law Group","article_publisher":"https:\/\/www.facebook.com\/premierlawgroup","article_modified_time":"2026-03-24T22:12:24+00:00","og_image":[{"width":432,"height":324,"url":"https:\/\/plg-pllc.com\/wp-content\/uploads\/2011\/05\/Drinking-And-Driving.jpg","type":"image\/jpeg"}],"twitter_card":"summary_large_image","twitter_site":"@premierlawgroup","twitter_misc":{"Tiempo de lectura":"5 minutos"},"schema":{"@context":"https:\/\/schema.org","@graph":[{"@type":"WebPage","@id":"https:\/\/plg-pllc.com\/seattle\/car-accident-lawyer\/drugged-driving\/","url":"https:\/\/plg-pllc.com\/seattle\/car-accident-lawyer\/drugged-driving\/","name":"Abogado de accidentes por conducir bajo los efectos de las drogas en Seattle | Revisi\u00f3n gratuita del caso","isPartOf":{"@id":"https:\/\/plg-pllc.com\/#website"},"primaryImageOfPage":{"@id":"https:\/\/plg-pllc.com\/seattle\/car-accident-lawyer\/drugged-driving\/#primaryimage"},"image":{"@id":"https:\/\/plg-pllc.com\/seattle\/car-accident-lawyer\/drugged-driving\/#primaryimage"},"thumbnailUrl":"https:\/\/plg-pllc.com\/wp-content\/uploads\/2011\/05\/Drinking-And-Driving.jpg","datePublished":"2021-04-18T15:52:43+00:00","dateModified":"2026-03-24T22:12:24+00:00","description":"Abogado de accidentes por conducir bajo los efectos de las drogas en Seattle: Premier Law Group lo ayuda a obtener la compensaci\u00f3n total que se merece. Sin cargo a menos que ganemos.","breadcrumb":{"@id":"https:\/\/plg-pllc.com\/seattle\/car-accident-lawyer\/drugged-driving\/#breadcrumb"},"inLanguage":"es","potentialAction":[{"@type":"ReadAction","target":["https:\/\/plg-pllc.com\/seattle\/car-accident-lawyer\/drugged-driving\/"]}]},{"@type":"ImageObject","inLanguage":"es","@id":"https:\/\/plg-pllc.com\/seattle\/car-accident-lawyer\/drugged-driving\/#primaryimage","url":"https:\/\/plg-pllc.com\/wp-content\/uploads\/2011\/05\/Drinking-And-Driving.jpg","contentUrl":"https:\/\/plg-pllc.com\/wp-content\/uploads\/2011\/05\/Drinking-And-Driving.jpg","width":432,"height":324,"caption":"drug and alcohol truck accident attorneys in Seattle Renton Bellevue and Federal Way"},{"@type":"BreadcrumbList","@id":"https:\/\/plg-pllc.com\/seattle\/car-accident-lawyer\/drugged-driving\/#breadcrumb","itemListElement":[{"@type":"ListItem","position":1,"name":"Home","item":"https:\/\/plg-pllc.com\/es\/"},{"@type":"ListItem","position":2,"name":"Seattle Personal Injury Lawyer","item":"https:\/\/plg-pllc.com\/es\/seattle\/personal-injury-lawyer\/"},{"@type":"ListItem","position":3,"name":"Seattle Car Accident Lawyer","item":"https:\/\/plg-pllc.com\/es\/seattle\/car-accident-lawyer\/"},{"@type":"ListItem","position":4,"name":"Drugged Driving Accident"}]},{"@type":"WebSite","@id":"https:\/\/plg-pllc.com\/#website","url":"https:\/\/plg-pllc.com\/","name":"Grupo de abogados Premier","description":"Abogado de muerte por negligencia y lesiones graves en Washington","publisher":{"@id":"https:\/\/plg-pllc.com\/#organization"},"inLanguage":"es"},{"@type":"Organization","@id":"https:\/\/plg-pllc.com\/#organization","name":"Grupo de abogados Premier","url":"https:\/\/plg-pllc.com\/","logo":{"@type":"ImageObject","inLanguage":"es","@id":"https:\/\/plg-pllc.com\/#\/schema\/logo\/image\/","url":"https:\/\/plg-pllc.com\/wp-content\/uploads\/2020\/10\/plg-logo-v2.gif","contentUrl":"https:\/\/plg-pllc.com\/wp-content\/uploads\/2020\/10\/plg-logo-v2.gif","width":592,"height":191,"caption":"Premier Law Group"},"image":{"@id":"https:\/\/plg-pllc.com\/#\/schema\/logo\/image\/"},"sameAs":["https:\/\/www.facebook.com\/premierlawgroup","https:\/\/x.com\/premierlawgroup"]}]}},"_links":{"self":[{"href":"https:\/\/plg-pllc.com\/es\/wp-json\/wp\/v2\/pages\/18356","targetHints":{"allow":["GET"]}}],"collection":[{"href":"https:\/\/plg-pllc.com\/es\/wp-json\/wp\/v2\/pages"}],"about":[{"href":"https:\/\/plg-pllc.com\/es\/wp-json\/wp\/v2\/types\/page"}],"author":[{"embeddable":true,"href":"https:\/\/plg-pllc.com\/es\/wp-json\/wp\/v2\/users\/24"}],"replies":[{"embeddable":true,"href":"https:\/\/plg-pllc.com\/es\/wp-json\/wp\/v2\/comments?post=18356"}],"version-history":[{"count":0,"href":"https:\/\/plg-pllc.com\/es\/wp-json\/wp\/v2\/pages\/18356\/revisions"}],"up":[{"embeddable":true,"href":"https:\/\/plg-pllc.com\/es\/wp-json\/wp\/v2\/pages\/17293"}],"wp:featuredmedia":[{"embeddable":true,"href":"https:\/\/plg-pllc.com\/es\/wp-json\/wp\/v2\/media\/4529"}],"wp:attachment":[{"href":"https:\/\/plg-pllc.com\/es\/wp-json\/wp\/v2\/media?parent=18356"}],"wp:term":[{"taxonomy":"hc_faqs","embeddable":true,"href":"https:\/\/plg-pllc.com\/es\/wp-json\/wp\/v2\/hc_faqs?post=18356"}],"curies":[{"name":"gracias","href":"https:\/\/api.w.org\/{rel}","templated":true}]}}