{"id":18359,"date":"2021-04-18T08:54:46","date_gmt":"2021-04-18T15:54:46","guid":{"rendered":"https:\/\/plg-pllc.com\/?page_id=18359"},"modified":"2025-02-14T14:13:15","modified_gmt":"2025-02-14T22:13:15","slug":"rollover-accident","status":"publish","type":"page","link":"https:\/\/plg-pllc.com\/es\/seattle\/car-accident-lawyer\/rollover-accident\/","title":{"rendered":"Abogado de accidentes por vuelco en Seattle"},"content":{"rendered":"<p><img loading=\"lazy\" decoding=\"async\" class=\"alignleft size-medium wp-image-2979\" src=\"https:\/\/plg-pllc.com\/wp-content\/uploads\/2011\/01\/9027isoundercarwreck-copy-300x225.jpg\" alt=\"Accidente de coche con vuelco en Seattle\" width=\"300\" height=\"225\" srcset=\"https:\/\/plg-pllc.com\/wp-content\/uploads\/2011\/01\/9027isoundercarwreck-copy-300x225.jpg 300w, https:\/\/plg-pllc.com\/wp-content\/uploads\/2011\/01\/9027isoundercarwreck-copy.jpg 380w\" sizes=\"auto, (max-width: 300px) 100vw, 300px\" \/>Los accidentes de tr\u00e1fico con vuelco pueden ser mortales. Representan el 3 % de los accidentes de tr\u00e1fico graves, pero son responsables del 30 % de las muertes causadas por accidentes de veh\u00edculos de pasajeros.<\/p>\n<p>Si est\u00e1 visitando esta p\u00e1gina, usted o un ser querido probablemente sufri\u00f3 una lesi\u00f3n reciente en un<a href=\"https:\/\/www.consumerreports.org\/cro\/2012\/02\/rollover-101\/index.htm\" target=\"_blank\" rel=\"noopener\"> accidente de coche con vuelco<\/a>. O tal vez su accidente no fue tan reciente. De todos modos, si necesita un vuelco en Seattle <a href=\"https:\/\/plg-pllc.com\/glossary\/car-accidents\/\">abogado de accidentes de coche<\/a>, has llegado al lugar correcto.<\/p>\n<p>En Premier Law Group sabemos lo devastadores que pueden ser los accidentes de vuelco de veh\u00edculos. Vemos situaciones como la suya todos los d\u00edas. Por lo tanto, queremos ayudarlo a abordar su situaci\u00f3n y obtener el mejor resultado posible.<\/p>\n<h2>\u201c\u00bfC\u00f3mo puedo probar la culpa?\u201d<\/h2>\n<p>Para ayudarle a crear mejor un caso para demostrar con \u00e9xito la culpa en un accidente de vuelco de autom\u00f3vil, debe:<\/p>\n<ul>\n<li>Recopilar evidencia.<\/li>\n<li>Presentar una denuncia ante la polic\u00eda.<\/li>\n<li>Consulte a un m\u00e9dico por sus lesiones.<\/li>\n<\/ul>\n<p>Para ayudarlo a determinar la raz\u00f3n del accidente de vuelco de autom\u00f3vil, es \u00fatil tomar medidas despu\u00e9s del choque. En Premier Law Group, puede tomarse un tiempo para recuperarse mientras nuestro equipo de abogados lo ayuda. <a href=\"https:\/\/plg-pllc.com\/\">abogados con experiencia en accidentes automovil\u00edsticos<\/a> En Seattle, WA, creamos un caso para usted. Perm\u00edtanos demostrar qui\u00e9n es el culpable de su accidente de vuelco automovil\u00edstico mientras usted se concentra en recuperarse.<\/p>\n<h2>Lesiones y da\u00f1os asociados a accidentes de vuelco<\/h2>\n<h3><strong><em>Lesiones<\/em><\/strong><\/h3>\n<p><img loading=\"lazy\" decoding=\"async\" class=\"alignright wp-image-3068 size-medium\" src=\"https:\/\/plg-pllc.com\/wp-content\/uploads\/2011\/01\/stretcher-firefighters-300x208.jpg\" alt=\"Herido en un accidente de tr\u00e1fico con vuelco en Seattle\" width=\"300\" height=\"208\" srcset=\"https:\/\/plg-pllc.com\/wp-content\/uploads\/2011\/01\/stretcher-firefighters-300x208.jpg 300w, https:\/\/plg-pllc.com\/wp-content\/uploads\/2011\/01\/stretcher-firefighters.jpg 416w\" sizes=\"auto, (max-width: 300px) 100vw, 300px\" \/>Tendemos a pensar que las lesiones m\u00e1s comunes asociadas con los accidentes de vuelco de veh\u00edculos son graves. A menudo se oye hablar de lesiones como latigazo cervical, huesos fracturados o rotos, hemorragias internas y otras lesiones f\u00edsicas. Sin embargo, las lesiones no f\u00edsicas tambi\u00e9n son comunes en los accidentes de vuelco. Estas incluyen lesiones relacionadas con la salud mental y psicol\u00f3gica. Independientemente de sus lesiones, su salud est\u00e1 en juego debido a su accidente de vuelco. Ahora necesita dinero, tiempo y terapia para lograr la mejor recuperaci\u00f3n posible. Por lo general, hay un seguro disponible para ayudarlo a acceder a estos recursos, si maneja su reclamo adecuadamente.<\/p>\n<p>Los accidentes de tr\u00e1fico con vuelco pueden provocar una variedad de lesiones, algunas m\u00e1s graves que otras. Las lesiones m\u00e1s comunes asociadas incluyen:<\/p>\n<ul>\n<li>Cortes o laceraciones<\/li>\n<li>Lesiones de la m\u00e9dula espinal<\/li>\n<li>Par\u00e1lisis<\/li>\n<li>Lesiones cerebrales traum\u00e1ticas<\/li>\n<\/ul>\n<p>Si sufri\u00f3 un accidente de tr\u00e1fico con vuelco, busque atenci\u00f3n m\u00e9dica de inmediato. Es posible que algunas lesiones no se noten inmediatamente despu\u00e9s, pero debe concertar una cita de inmediato para reducir el riesgo de sufrir problemas de salud a largo plazo, como discapacidad o incluso la muerte.<\/p>\n<h3><strong><em>Da\u00f1os y perjuicios<\/em><\/strong><\/h3>\n<p><img loading=\"lazy\" decoding=\"async\" class=\"alignright size-medium wp-image-3132\" src=\"https:\/\/plg-pllc.com\/wp-content\/uploads\/2011\/01\/56270isounder2010-12-29-02-36-06-copy-300x225.jpg\" alt=\"Da\u00f1os a la propiedad tras un accidente de vuelco de autom\u00f3vil en Seattle\" width=\"300\" height=\"225\" srcset=\"https:\/\/plg-pllc.com\/wp-content\/uploads\/2011\/01\/56270isounder2010-12-29-02-36-06-copy-300x225.jpg 300w, https:\/\/plg-pllc.com\/wp-content\/uploads\/2011\/01\/56270isounder2010-12-29-02-36-06-copy.jpg 380w\" sizes=\"auto, (max-width: 300px) 100vw, 300px\" \/>Despu\u00e9s de un accidente de tr\u00e1fico con vuelco, su bienestar financiero tambi\u00e9n est\u00e1 en riesgo. Las lesiones pueden impedirle trabajar o desempe\u00f1arse como lo hubiera hecho antes del accidente. Cualquiera de estos escenarios le cuesta dinero. Por lo general, tambi\u00e9n hay gastos m\u00e9dicos y otros costos asociados con este tipo de accidentes. Si el accidente ha afectado su capacidad para realizar las tareas dom\u00e9sticas, esto puede aumentar su carga financiera. Un abogado experto en accidentes de tr\u00e1fico con vuelco puede ayudarlo a determinar a qu\u00e9 tipo de da\u00f1os puede tener derecho. Los da\u00f1os que se asocian con frecuencia a los vuelcos incluyen:<\/p>\n<ul>\n<li>Facturas m\u00e9dicas<\/li>\n<li>P\u00e9rdida de ingresos<\/li>\n<li>Capacidad de ingresos reducida<\/li>\n<li>Dolor y sufrimiento emocional<\/li>\n<li>Asistencia a domicilio<\/li>\n<li>Gastos funerarios y de entierro<\/li>\n<\/ul>\n<h2>C\u00f3mo solicitar una indemnizaci\u00f3n tras un accidente de vuelco<\/h2>\n<p>Al buscar una compensaci\u00f3n despu\u00e9s de un accidente de vuelco de un veh\u00edculo, es importante establecer la causa del choque. Por lo tanto, en un caso de lesiones personales, identificar qui\u00e9n o qu\u00e9 caus\u00f3 el choque es el primer paso. En la mayor\u00eda de los casos, el conductor causa el accidente. Sin embargo, en algunos accidentes de vuelco de un veh\u00edculo, el fabricante del veh\u00edculo es responsable. Por lo tanto, para reclamar una compensaci\u00f3n a la parte o partes responsables, debe poder demostrar la responsabilidad. Un abogado especializado en accidentes de vuelco de un veh\u00edculo en Seattle puede ayudarlo a determinar qu\u00e9 partes son responsables.<\/p>\n\n        <div class=\"rs-content-cta long\">\n            <p>Para una consulta legal GRATUITA con un abogado especializado en accidentes por vuelco que preste servicios en Seattle, llame al <a href=\"tel:+12062851743\">(206) 285-1743 <\/a><\/p>\n            <a href=\"https:\/\/plg-pllc.com\/es\/contact-us\/\" title=\"OBTENGA UNA EVALUACI\u00d3N DE CASO GRATUITA\" class=\"btn-global\">OBTENGA UNA EVALUACI\u00d3N DE CASO GRATUITA<\/a>\n                    <picture>\n                            <source srcset=\"https:\/\/plg-pllc.com\/wp-content\/themes\/plg-pllc-redesign\/assets\/app\/img\/cta-thumb.webp\" type=\"image\/webp\"\/>\n                            <img src=\"https:\/\/plg-pllc.com\/wp-content\/themes\/plg-pllc-redesign\/assets\/app\/img\/cta-thumb.png\" alt=\"Grupo de abogados Premier\" title=\"Grupo de abogados Premier\" width=\"245\" height=\"220\" loading=\"auto\" fetchpriority=\"auto\" decoding=\"async\"\/>\n        <\/picture>\n        \n        <\/div><h2>C\u00f3mo puede ayudar un abogado especializado en accidentes por vuelco en Seattle<\/h2>\n<p><img loading=\"lazy\" decoding=\"async\" class=\"alignnone wp-image-20847 alignleft\" src=\"https:\/\/plg-pllc.com\/wp-content\/uploads\/2024\/10\/Lawyer_Meeting_upd-300x199.jpg\" alt=\"Abogados de accidentes automovil\u00edsticos en Seattle\" width=\"250\" height=\"166\" srcset=\"https:\/\/plg-pllc.com\/wp-content\/uploads\/2024\/10\/Lawyer_Meeting_upd-300x199.jpg 300w, https:\/\/plg-pllc.com\/wp-content\/uploads\/2024\/10\/Lawyer_Meeting_upd-768x510.jpg 768w, https:\/\/plg-pllc.com\/wp-content\/uploads\/2024\/10\/Lawyer_Meeting_upd-18x12.jpg 18w, https:\/\/plg-pllc.com\/wp-content\/uploads\/2024\/10\/Lawyer_Meeting_upd.jpg 850w\" sizes=\"auto, (max-width: 250px) 100vw, 250px\" \/><\/p>\n<p>Si ha sufrido lesiones o estr\u00e9s emocional o financiero a causa de un accidente de vuelco de autom\u00f3vil, es importante que un abogado de confianza especializado en accidentes de autom\u00f3vil de Seattle le ayude con su reclamaci\u00f3n por lesiones. El abogado de accidentes de vuelco de Seattle adecuado le permitir\u00e1 acceder a los recursos necesarios para lograr la mejor recuperaci\u00f3n posible. <a href=\"https:\/\/plg-pllc.com\/\">Grupo de abogados Premier<\/a>Podemos encargarnos de las comunicaciones y negociaciones con la compa\u00f1\u00eda de seguros. Ellos quieren pagar lo menos posible, pero usted merece una compensaci\u00f3n completa y justa.<\/p>\n<p>No tiene por qu\u00e9 presentar una reclamaci\u00f3n por su cuenta. Nuestros abogados especializados en accidentes de tr\u00e1fico pueden ayudarle negociando un acuerdo justo en su nombre o represent\u00e1ndolo en el tribunal. Otros tipos de asistencia que pueden ofrecerle son:<\/p>\n<ul>\n<li>Recopilaci\u00f3n de pruebas para demostrar la responsabilidad.<\/li>\n<li>Construir un caso y una estrategia basados en los detalles de su situaci\u00f3n.<\/li>\n<li>Perseguir una compensaci\u00f3n en su nombre.<\/li>\n<li>Comunicarse con compa\u00f1\u00edas de seguros.<\/li>\n<\/ul>\n<h2>Comun\u00edquese con un abogado especializado en accidentes por vuelco en Seattle, WA<\/h2>\n<p><img loading=\"lazy\" decoding=\"async\" class=\"alignright size-medium wp-image-16403\" src=\"https:\/\/plg-pllc.com\/wp-content\/uploads\/2018\/10\/premier-law-group-team1-300x180.jpg\" alt=\"Abogados de accidentes automovil\u00edsticos en Bellevue Seattle y Federal Way\" width=\"300\" height=\"180\" srcset=\"https:\/\/plg-pllc.com\/wp-content\/uploads\/2018\/10\/premier-law-group-team1-300x180.jpg 300w, https:\/\/plg-pllc.com\/wp-content\/uploads\/2018\/10\/premier-law-group-team1-640x383.jpg 640w, https:\/\/plg-pllc.com\/wp-content\/uploads\/2018\/10\/premier-law-group-team1-768x460.jpg 768w, https:\/\/plg-pllc.com\/wp-content\/uploads\/2018\/10\/premier-law-group-team1.jpg 800w\" sizes=\"auto, (max-width: 300px) 100vw, 300px\" \/>Con frecuencia nos preguntan cu\u00e1ndo debo contratar a un abogado especializado en accidentes de tr\u00e1fico por vuelco en Seattle. Hay muchas ventajas en contratar a alguien lo antes posible. El abogado de accidentes de tr\u00e1fico por vuelco adecuado en Seattle le ayudar\u00e1 a proteger su salud, su bienestar emocional y sus finanzas de inmediato y le proporcionar\u00e1 recursos \u00fatiles.<\/p>\n<p>En Premier Law Group, nuestra misi\u00f3n es garantizar que todos los que nos contacten est\u00e9n m\u00e1s informados sobre sus opciones legales, ya sea que terminemos represent\u00e1ndolos o no.<\/p>\n<p>Si no necesita un abogado para resolver su reclamaci\u00f3n, se lo haremos saber. Incluso le daremos una copia electr\u00f3nica de nuestra gu\u00eda. <a href=\"https:\/\/plg-pllc.com\/books\/settle-your-own-case\/\">C\u00f3mo resolver su propio caso.<\/a><\/p>\n<p>Comun\u00edquese con Premier Law Group para comenzar su... <a href=\"https:\/\/plg-pllc.com\/contact-us\/\"><strong>gratis<\/strong> revisi\u00f3n de caso<\/a>. Llamar<a href=\"tel:206.285.1743\"> <em>206.285.1743<\/em> <\/a>\u00a1hoy!<\/p>\n\n        <div class=\"rs-content-cta\">\n            <p>Llamar o enviar mensaje de texto <a href=\"tel:+12062851743\">(206) 285-1743<\/a> o complete un formulario de evaluaci\u00f3n de caso gratuito<\/p>\n            <a href=\"https:\/\/plg-pllc.com\/es\/contact-us\/\" title=\"OBTENGA UNA EVALUACI\u00d3N DE CASO GRATUITA\" class=\"btn-global\">OBTENGA UNA EVALUACI\u00d3N DE CASO GRATUITA<\/a>\n                    <picture>\n                            <source srcset=\"https:\/\/plg-pllc.com\/wp-content\/themes\/plg-pllc-redesign\/assets\/app\/img\/cta-thumb.webp\" type=\"image\/webp\"\/>\n                            <img src=\"https:\/\/plg-pllc.com\/wp-content\/themes\/plg-pllc-redesign\/assets\/app\/img\/cta-thumb.png\" alt=\"Grupo de abogados Premier\" title=\"Grupo de abogados Premier\" width=\"245\" height=\"220\" loading=\"auto\" fetchpriority=\"auto\" decoding=\"async\"\/>\n        <\/picture>\n        \n        <\/div>","protected":false},"excerpt":{"rendered":"<p>Los accidentes de tr\u00e1fico con vuelco pueden ser mortales. Representan el 3 por ciento de los accidentes de tr\u00e1fico graves, pero son responsables del 30 por ciento de las muertes resultantes de accidentes de veh\u00edculos de pasajeros. Si est\u00e1 visitando esta p\u00e1gina, es probable que usted o un ser querido haya sufrido lesiones recientemente en un accidente de tr\u00e1fico con vuelco. O tal vez su accidente no haya sido tan reciente. Independientemente de ello, si...<\/p>","protected":false},"author":24,"featured_media":0,"parent":17293,"menu_order":0,"comment_status":"closed","ping_status":"closed","template":"","meta":{"_acf_changed":false,"_genesis_hide_title":false,"_genesis_hide_breadcrumbs":false,"_genesis_hide_singular_image":false,"_genesis_hide_footer_widgets":false,"_genesis_custom_body_class":"","_genesis_custom_post_class":"","_genesis_layout":"","footnotes":""},"hc_faqs":[],"class_list":{"0":"post-18359","1":"page","2":"type-page","3":"status-publish","5":"hc_city_location-seattle","6":"entry","7":"has-post-thumbnail"},"acf":[],"yoast_head":"<!-- This site is optimized with the Yoast SEO plugin v27.4 - https:\/\/yoast.com\/product\/yoast-seo-wordpress\/ -->\n<title>Rollover Accident Lawyer in Seattle | Free Case Review<\/title>\n<meta name=\"description\" content=\"Seattle Rollover Accident Lawyer: Premier Law Group helps you unlock the full compensation you deserve. No Fee Unless We Win.\" \/>\n<meta name=\"robots\" content=\"index, follow, max-snippet:-1, max-image-preview:large, max-video-preview:-1\" \/>\n<link rel=\"canonical\" href=\"https:\/\/plg-pllc.com\/es\/seattle\/car-accident-lawyer\/rollover-accident\/\" \/>\n<meta property=\"og:locale\" content=\"es_MX\" \/>\n<meta property=\"og:type\" content=\"article\" \/>\n<meta property=\"og:title\" content=\"Rollover Accident Lawyer in Seattle | Free Case Review\" \/>\n<meta property=\"og:description\" content=\"Seattle Rollover Accident Lawyer: Premier Law Group helps you unlock the full compensation you deserve. No Fee Unless We Win.\" \/>\n<meta property=\"og:url\" content=\"https:\/\/plg-pllc.com\/es\/seattle\/car-accident-lawyer\/rollover-accident\/\" \/>\n<meta property=\"og:site_name\" content=\"Premier Law Group\" \/>\n<meta property=\"article:publisher\" content=\"https:\/\/www.facebook.com\/premierlawgroup\" \/>\n<meta property=\"article:modified_time\" content=\"2025-02-14T22:13:15+00:00\" \/>\n<meta property=\"og:image\" content=\"https:\/\/plg-pllc.com\/wp-content\/uploads\/2011\/01\/9027isoundercarwreck-copy.jpg\" \/>\n\t<meta property=\"og:image:width\" content=\"380\" \/>\n\t<meta property=\"og:image:height\" content=\"285\" \/>\n\t<meta property=\"og:image:type\" content=\"image\/jpeg\" \/>\n<meta name=\"twitter:card\" content=\"summary_large_image\" \/>\n<meta name=\"twitter:site\" content=\"@premierlawgroup\" \/>\n<meta name=\"twitter:label1\" content=\"Tiempo de lectura\" \/>\n\t<meta name=\"twitter:data1\" content=\"5 minutos\" \/>\n<script type=\"application\/ld+json\" class=\"yoast-schema-graph\">{\"@context\":\"https:\\\/\\\/schema.org\",\"@graph\":[{\"@type\":\"WebPage\",\"@id\":\"https:\\\/\\\/plg-pllc.com\\\/seattle\\\/car-accident-lawyer\\\/rollover-accident\\\/\",\"url\":\"https:\\\/\\\/plg-pllc.com\\\/seattle\\\/car-accident-lawyer\\\/rollover-accident\\\/\",\"name\":\"Rollover Accident Lawyer in Seattle | Free Case Review\",\"isPartOf\":{\"@id\":\"https:\\\/\\\/plg-pllc.com\\\/#website\"},\"primaryImageOfPage\":{\"@id\":\"https:\\\/\\\/plg-pllc.com\\\/seattle\\\/car-accident-lawyer\\\/rollover-accident\\\/#primaryimage\"},\"image\":{\"@id\":\"https:\\\/\\\/plg-pllc.com\\\/seattle\\\/car-accident-lawyer\\\/rollover-accident\\\/#primaryimage\"},\"thumbnailUrl\":\"https:\\\/\\\/plg-pllc.com\\\/wp-content\\\/uploads\\\/2011\\\/01\\\/9027isoundercarwreck-copy-300x225.jpg\",\"datePublished\":\"2021-04-18T15:54:46+00:00\",\"dateModified\":\"2025-02-14T22:13:15+00:00\",\"description\":\"Seattle Rollover Accident Lawyer: Premier Law Group helps you unlock the full compensation you deserve. No Fee Unless We Win.\",\"breadcrumb\":{\"@id\":\"https:\\\/\\\/plg-pllc.com\\\/seattle\\\/car-accident-lawyer\\\/rollover-accident\\\/#breadcrumb\"},\"inLanguage\":\"es\",\"potentialAction\":[{\"@type\":\"ReadAction\",\"target\":[\"https:\\\/\\\/plg-pllc.com\\\/seattle\\\/car-accident-lawyer\\\/rollover-accident\\\/\"]}]},{\"@type\":\"ImageObject\",\"inLanguage\":\"es\",\"@id\":\"https:\\\/\\\/plg-pllc.com\\\/seattle\\\/car-accident-lawyer\\\/rollover-accident\\\/#primaryimage\",\"url\":\"https:\\\/\\\/plg-pllc.com\\\/wp-content\\\/uploads\\\/2011\\\/01\\\/9027isoundercarwreck-copy-300x225.jpg\",\"contentUrl\":\"https:\\\/\\\/plg-pllc.com\\\/wp-content\\\/uploads\\\/2011\\\/01\\\/9027isoundercarwreck-copy-300x225.jpg\"},{\"@type\":\"BreadcrumbList\",\"@id\":\"https:\\\/\\\/plg-pllc.com\\\/seattle\\\/car-accident-lawyer\\\/rollover-accident\\\/#breadcrumb\",\"itemListElement\":[{\"@type\":\"ListItem\",\"position\":1,\"name\":\"Home\",\"item\":\"https:\\\/\\\/plg-pllc.com\\\/es\\\/\"},{\"@type\":\"ListItem\",\"position\":2,\"name\":\"Seattle Personal Injury Lawyer\",\"item\":\"https:\\\/\\\/plg-pllc.com\\\/es\\\/seattle\\\/personal-injury-lawyer\\\/\"},{\"@type\":\"ListItem\",\"position\":3,\"name\":\"Seattle Car Accident Lawyer\",\"item\":\"https:\\\/\\\/plg-pllc.com\\\/es\\\/seattle\\\/car-accident-lawyer\\\/\"},{\"@type\":\"ListItem\",\"position\":4,\"name\":\"Rollover Accident\"}]},{\"@type\":\"WebSite\",\"@id\":\"https:\\\/\\\/plg-pllc.com\\\/#website\",\"url\":\"https:\\\/\\\/plg-pllc.com\\\/\",\"name\":\"Premier Law Group\",\"description\":\"Washington Wrongful Death and Serious Injury Lawyer\",\"publisher\":{\"@id\":\"https:\\\/\\\/plg-pllc.com\\\/#organization\"},\"inLanguage\":\"es\"},{\"@type\":\"Organization\",\"@id\":\"https:\\\/\\\/plg-pllc.com\\\/#organization\",\"name\":\"Premier Law Group\",\"url\":\"https:\\\/\\\/plg-pllc.com\\\/\",\"logo\":{\"@type\":\"ImageObject\",\"inLanguage\":\"es\",\"@id\":\"https:\\\/\\\/plg-pllc.com\\\/#\\\/schema\\\/logo\\\/image\\\/\",\"url\":\"https:\\\/\\\/plg-pllc.com\\\/wp-content\\\/uploads\\\/2020\\\/10\\\/plg-logo-v2.gif\",\"contentUrl\":\"https:\\\/\\\/plg-pllc.com\\\/wp-content\\\/uploads\\\/2020\\\/10\\\/plg-logo-v2.gif\",\"width\":592,\"height\":191,\"caption\":\"Premier Law Group\"},\"image\":{\"@id\":\"https:\\\/\\\/plg-pllc.com\\\/#\\\/schema\\\/logo\\\/image\\\/\"},\"sameAs\":[\"https:\\\/\\\/www.facebook.com\\\/premierlawgroup\",\"https:\\\/\\\/x.com\\\/premierlawgroup\"]}]}<\/script>\n<!-- \/ Yoast SEO plugin. -->","yoast_head_json":{"title":"Abogado de accidentes por vuelco en Seattle | Revisi\u00f3n gratuita de casos","description":"Abogado de accidentes por vuelco en Seattle: Premier Law Group lo ayuda a obtener la compensaci\u00f3n total que se merece. Sin honorarios a menos que ganemos.","robots":{"index":"index","follow":"follow","max-snippet":"max-snippet:-1","max-image-preview":"max-image-preview:large","max-video-preview":"max-video-preview:-1"},"canonical":"https:\/\/plg-pllc.com\/es\/seattle\/car-accident-lawyer\/rollover-accident\/","og_locale":"es_MX","og_type":"article","og_title":"Rollover Accident Lawyer in Seattle | Free Case Review","og_description":"Seattle Rollover Accident Lawyer: Premier Law Group helps you unlock the full compensation you deserve. No Fee Unless We Win.","og_url":"https:\/\/plg-pllc.com\/es\/seattle\/car-accident-lawyer\/rollover-accident\/","og_site_name":"Premier Law Group","article_publisher":"https:\/\/www.facebook.com\/premierlawgroup","article_modified_time":"2025-02-14T22:13:15+00:00","og_image":[{"width":380,"height":285,"url":"https:\/\/plg-pllc.com\/wp-content\/uploads\/2011\/01\/9027isoundercarwreck-copy.jpg","type":"image\/jpeg"}],"twitter_card":"summary_large_image","twitter_site":"@premierlawgroup","twitter_misc":{"Tiempo de lectura":"5 minutos"},"schema":{"@context":"https:\/\/schema.org","@graph":[{"@type":"WebPage","@id":"https:\/\/plg-pllc.com\/seattle\/car-accident-lawyer\/rollover-accident\/","url":"https:\/\/plg-pllc.com\/seattle\/car-accident-lawyer\/rollover-accident\/","name":"Abogado de accidentes por vuelco en Seattle | Revisi\u00f3n gratuita de casos","isPartOf":{"@id":"https:\/\/plg-pllc.com\/#website"},"primaryImageOfPage":{"@id":"https:\/\/plg-pllc.com\/seattle\/car-accident-lawyer\/rollover-accident\/#primaryimage"},"image":{"@id":"https:\/\/plg-pllc.com\/seattle\/car-accident-lawyer\/rollover-accident\/#primaryimage"},"thumbnailUrl":"https:\/\/plg-pllc.com\/wp-content\/uploads\/2011\/01\/9027isoundercarwreck-copy-300x225.jpg","datePublished":"2021-04-18T15:54:46+00:00","dateModified":"2025-02-14T22:13:15+00:00","description":"Abogado de accidentes por vuelco en Seattle: Premier Law Group lo ayuda a obtener la compensaci\u00f3n total que se merece. Sin honorarios a menos que ganemos.","breadcrumb":{"@id":"https:\/\/plg-pllc.com\/seattle\/car-accident-lawyer\/rollover-accident\/#breadcrumb"},"inLanguage":"es","potentialAction":[{"@type":"ReadAction","target":["https:\/\/plg-pllc.com\/seattle\/car-accident-lawyer\/rollover-accident\/"]}]},{"@type":"ImageObject","inLanguage":"es","@id":"https:\/\/plg-pllc.com\/seattle\/car-accident-lawyer\/rollover-accident\/#primaryimage","url":"https:\/\/plg-pllc.com\/wp-content\/uploads\/2011\/01\/9027isoundercarwreck-copy-300x225.jpg","contentUrl":"https:\/\/plg-pllc.com\/wp-content\/uploads\/2011\/01\/9027isoundercarwreck-copy-300x225.jpg"},{"@type":"BreadcrumbList","@id":"https:\/\/plg-pllc.com\/seattle\/car-accident-lawyer\/rollover-accident\/#breadcrumb","itemListElement":[{"@type":"ListItem","position":1,"name":"Home","item":"https:\/\/plg-pllc.com\/es\/"},{"@type":"ListItem","position":2,"name":"Seattle Personal Injury Lawyer","item":"https:\/\/plg-pllc.com\/es\/seattle\/personal-injury-lawyer\/"},{"@type":"ListItem","position":3,"name":"Seattle Car Accident Lawyer","item":"https:\/\/plg-pllc.com\/es\/seattle\/car-accident-lawyer\/"},{"@type":"ListItem","position":4,"name":"Rollover Accident"}]},{"@type":"WebSite","@id":"https:\/\/plg-pllc.com\/#website","url":"https:\/\/plg-pllc.com\/","name":"Grupo de abogados Premier","description":"Abogado de muerte por negligencia y lesiones graves en Washington","publisher":{"@id":"https:\/\/plg-pllc.com\/#organization"},"inLanguage":"es"},{"@type":"Organization","@id":"https:\/\/plg-pllc.com\/#organization","name":"Grupo de abogados Premier","url":"https:\/\/plg-pllc.com\/","logo":{"@type":"ImageObject","inLanguage":"es","@id":"https:\/\/plg-pllc.com\/#\/schema\/logo\/image\/","url":"https:\/\/plg-pllc.com\/wp-content\/uploads\/2020\/10\/plg-logo-v2.gif","contentUrl":"https:\/\/plg-pllc.com\/wp-content\/uploads\/2020\/10\/plg-logo-v2.gif","width":592,"height":191,"caption":"Premier Law Group"},"image":{"@id":"https:\/\/plg-pllc.com\/#\/schema\/logo\/image\/"},"sameAs":["https:\/\/www.facebook.com\/premierlawgroup","https:\/\/x.com\/premierlawgroup"]}]}},"_links":{"self":[{"href":"https:\/\/plg-pllc.com\/es\/wp-json\/wp\/v2\/pages\/18359","targetHints":{"allow":["GET"]}}],"collection":[{"href":"https:\/\/plg-pllc.com\/es\/wp-json\/wp\/v2\/pages"}],"about":[{"href":"https:\/\/plg-pllc.com\/es\/wp-json\/wp\/v2\/types\/page"}],"author":[{"embeddable":true,"href":"https:\/\/plg-pllc.com\/es\/wp-json\/wp\/v2\/users\/24"}],"replies":[{"embeddable":true,"href":"https:\/\/plg-pllc.com\/es\/wp-json\/wp\/v2\/comments?post=18359"}],"version-history":[{"count":0,"href":"https:\/\/plg-pllc.com\/es\/wp-json\/wp\/v2\/pages\/18359\/revisions"}],"up":[{"embeddable":true,"href":"https:\/\/plg-pllc.com\/es\/wp-json\/wp\/v2\/pages\/17293"}],"wp:attachment":[{"href":"https:\/\/plg-pllc.com\/es\/wp-json\/wp\/v2\/media?parent=18359"}],"wp:term":[{"taxonomy":"hc_faqs","embeddable":true,"href":"https:\/\/plg-pllc.com\/es\/wp-json\/wp\/v2\/hc_faqs?post=18359"}],"curies":[{"name":"gracias","href":"https:\/\/api.w.org\/{rel}","templated":true}]}}