{"id":18398,"date":"2021-04-24T08:30:28","date_gmt":"2021-04-24T15:30:28","guid":{"rendered":"https:\/\/plg-pllc.com\/?page_id=18398"},"modified":"2025-02-14T14:13:12","modified_gmt":"2025-02-14T22:13:12","slug":"police-chase","status":"publish","type":"page","link":"https:\/\/plg-pllc.com\/es\/seattle\/car-accident-lawyer\/police-chase\/","title":{"rendered":"Abogado de accidentes por persecuci\u00f3n policial en Seattle"},"content":{"rendered":"<h2><strong>Representaci\u00f3n de v\u00edctimas inocentes heridas en accidentes de persecuci\u00f3n policial<\/strong><\/h2>\n<p>Si ha resultado herido en un accidente de persecuci\u00f3n policial, en <a href=\"https:\/\/plg-pllc.com\/\">Grupo de abogados Premier<\/a> Queremos ayudarle a gestionar su situaci\u00f3n. Queremos ayudarle a conseguir una indemnizaci\u00f3n completa y justa y a conseguir el mejor resultado posible.<\/p>\n<h2><strong>Estad\u00edsticas de accidentes en persecuciones policiales<\/strong><\/h2>\n<p>Si bien algunas persecuciones policiales involucran a delincuentes violentos, la mayor\u00eda involucra a individuos no violentos que solo cometen delitos menores. Y aunque la polic\u00eda del estado de Washington es profesional y capaz de manejar estas situaciones, las cosas a\u00fan pueden salir mal.<\/p>\n<ul>\n<li>Los transe\u00fantes y los pasajeros representan <a href=\"https:\/\/www.usatoday.com\/story\/news\/2015\/07\/30\/police-pursuits-fatal-injuries\/30187827\/\">casi la mitad <\/a>de todas las muertes resultantes de persecuciones policiales desde 1979 hasta 2013<\/li>\n<li>Hacia arriba de <a href=\"https:\/\/www.usatoday.com\/story\/news\/2015\/07\/30\/police-pursuits-fatal-injuries\/30187827\/\">5.000 transe\u00fantes y pasajeros<\/a> Han muerto debido a persecuciones policiales desde 1979<\/li>\n<li>Al menos 11.506 personas, 6.300 de las cuales hu\u00edan de sospechosos, fueron <a href=\"https:\/\/www.usatoday.com\/story\/news\/2015\/07\/30\/police-pursuits-fatal-injuries\/30187827\/\">Muertos en persecuciones policiales<\/a> Desde 1979 hasta 2013<\/li>\n<\/ul>\n<h2><strong>Lesiones y da\u00f1os asociados a accidentes de alta velocidad<\/strong><\/h2>\n<p><img loading=\"lazy\" decoding=\"async\" class=\"alignright size-medium wp-image-3300\" src=\"https:\/\/plg-pllc.com\/wp-content\/uploads\/2011\/01\/richland-accident-300x175.jpg\" alt=\"Una persecuci\u00f3n policial provoca un accidente de tr\u00e1fico en Seattle\" width=\"300\" height=\"175\" srcset=\"https:\/\/plg-pllc.com\/wp-content\/uploads\/2011\/01\/richland-accident-300x175.jpg 300w, https:\/\/plg-pllc.com\/wp-content\/uploads\/2011\/01\/richland-accident.jpg 600w\" sizes=\"auto, (max-width: 300px) 100vw, 300px\" \/>Las persecuciones a alta velocidad suelen provocar lesiones terribles a largo plazo. Adem\u00e1s, las v\u00edctimas suelen ir a pie, mientras que los coches circulan a gran velocidad. Algunas de las lesiones que pueden sufrir las v\u00edctimas son:<\/p>\n<ul>\n<li>Quemaduras<\/li>\n<li>P\u00e9rdida de extremidades<\/li>\n<li>Lesiones en la cabeza<\/li>\n<li>Lesiones cerebrales<\/li>\n<li>Da\u00f1os a la m\u00e9dula espinal<\/li>\n<li>Muerte por negligencia<\/li>\n<\/ul>\n<p>Cuando los accidentes durante persecuciones policiales resultan en lesiones, necesitar\u00e1s tratamiento m\u00e9dico durante meses o incluso a\u00f1os. Sin embargo, las personas que sufran lesiones pueden reclamar una indemnizaci\u00f3n por dichas lesiones.<\/p>\n\n        <div class=\"rs-content-cta long\">\n            <p>Para una consulta legal GRATUITA con un abogado especializado en accidentes por persecuci\u00f3n policial que preste servicios en Seattle, llame al <a href=\"tel:+12062851743\">(206) 285-1743 <\/a><\/p>\n            <a href=\"https:\/\/plg-pllc.com\/es\/contact-us\/\" title=\"OBTENGA UNA EVALUACI\u00d3N DE CASO GRATUITA\" class=\"btn-global\">OBTENGA UNA EVALUACI\u00d3N DE CASO GRATUITA<\/a>\n                    <picture>\n                            <source srcset=\"https:\/\/plg-pllc.com\/wp-content\/themes\/plg-pllc-redesign\/assets\/app\/img\/cta-thumb.webp\" type=\"image\/webp\"\/>\n                            <img src=\"https:\/\/plg-pllc.com\/wp-content\/themes\/plg-pllc-redesign\/assets\/app\/img\/cta-thumb.png\" alt=\"Grupo de abogados Premier\" title=\"Grupo de abogados Premier\" width=\"245\" height=\"220\" loading=\"auto\" fetchpriority=\"auto\" decoding=\"async\"\/>\n        <\/picture>\n        \n        <\/div><h2><strong>\u00bfQui\u00e9n es responsable en un accidente de persecuci\u00f3n policial?<\/strong><\/h2>\n<h3><strong><em>La polic\u00eda<\/em><\/strong><\/h3>\n<p>Los agentes de polic\u00eda deben respetar el est\u00e1ndar de cuidado que se espera de todos los conductores de Washington, incluso durante una persecuci\u00f3n a alta velocidad. Por lo tanto, la polic\u00eda puede enfrentar consecuencias legales por persecuciones a alta velocidad que resulten en accidentes.<\/p>\n<p>Seg\u00fan el Manual del Departamento de Polic\u00eda de Seattle, los agentes no deben perseguir a un sospechoso:<\/p>\n<ul>\n<li>Sin una justificaci\u00f3n articulable para la persecuci\u00f3n.<\/li>\n<li>Sin tener en cuenta la seguridad p\u00fablica.<\/li>\n<li>Mientras conduce un veh\u00edculo sin distintivos.<\/li>\n<li>Sin utilizar luces de emergencia ni sirenas.<\/li>\n<li>Por infracciones de tr\u00e1nsito, delitos menores, delitos contra la propiedad o por el mero hecho de eludir la ley.<\/li>\n<\/ul>\n<p><img loading=\"lazy\" decoding=\"async\" class=\"alignleft size-medium wp-image-18400\" src=\"https:\/\/plg-pllc.com\/wp-content\/uploads\/2021\/04\/pexels-rosemary-ketchum-1464235-300x200.jpg\" alt=\"Conductor arrestado tras persecuci\u00f3n policial en Seattle\" width=\"300\" height=\"200\" srcset=\"https:\/\/plg-pllc.com\/wp-content\/uploads\/2021\/04\/pexels-rosemary-ketchum-1464235-300x200.jpg 300w, https:\/\/plg-pllc.com\/wp-content\/uploads\/2021\/04\/pexels-rosemary-ketchum-1464235-1024x683.jpg 1024w, https:\/\/plg-pllc.com\/wp-content\/uploads\/2021\/04\/pexels-rosemary-ketchum-1464235-768x512.jpg 768w, https:\/\/plg-pllc.com\/wp-content\/uploads\/2021\/04\/pexels-rosemary-ketchum-1464235-1536x1024.jpg 1536w, https:\/\/plg-pllc.com\/wp-content\/uploads\/2021\/04\/pexels-rosemary-ketchum-1464235-2048x1365.jpg 2048w, https:\/\/plg-pllc.com\/wp-content\/uploads\/2021\/04\/pexels-rosemary-ketchum-1464235-640x427.jpg 640w, https:\/\/plg-pllc.com\/wp-content\/uploads\/2021\/04\/pexels-rosemary-ketchum-1464235-1200x800.jpg 1200w, https:\/\/plg-pllc.com\/wp-content\/uploads\/2021\/04\/pexels-rosemary-ketchum-1464235-1920x1280.jpg 1920w, https:\/\/plg-pllc.com\/wp-content\/uploads\/2021\/04\/pexels-rosemary-ketchum-1464235-250x167.jpg 250w\" sizes=\"auto, (max-width: 300px) 100vw, 300px\" \/>Sin embargo, presentar una demanda por lesiones personales contra la polic\u00eda es complejo. La polic\u00eda es una entidad gubernamental y tiene mucha libertad mientras est\u00e1 de servicio. Por ejemplo, se les permite viajar a alta velocidad y saltarse sem\u00e1foros en rojo cuando persiguen a un delincuente.<\/p>\n<p>Por otro lado, la polic\u00eda tambi\u00e9n tiene la responsabilidad de proteger a los civiles, especialmente cuando est\u00e1 trabajando. Como resultado, pueden ser considerados responsables si no lo hacen y sus acciones resultan en da\u00f1os. Por lo tanto, tener un abogado de su lado le ayudar\u00e1 a asegurarse de recibir una compensaci\u00f3n completa por sus lesiones.<\/p>\n<h3><strong><em>El conductor que est\u00e1 siendo perseguido<\/em><\/strong><\/h3>\n<p>Adem\u00e1s, cuando la persona que evade a la polic\u00eda es responsable de un accidente, puede ser considerada responsable de sus lesiones. Por lo tanto, puede presentar demandas por lesiones personales contra ciudadanos privados cuando la negligencia o la atenci\u00f3n inadecuada lesionan a otra persona. Sin embargo, es poco probable que reciba una compensaci\u00f3n de esta manera. No hay garant\u00eda de que la persona que huye tenga un buen seguro para cubrir sus da\u00f1os.<\/p>\n<h3><strong><em>Su propia compa\u00f1\u00eda de seguros<\/em><\/strong><\/h3>\n<p>Adem\u00e1s, otra opci\u00f3n es presentar una reclamaci\u00f3n a su propia compa\u00f1\u00eda de seguros. Se necesitar\u00e1n conocimientos jur\u00eddicos para conseguir que su aseguradora cubra un accidente de persecuci\u00f3n policial, pero en <a href=\"https:\/\/plg-pllc.com\/\">Grupo de abogados Premier<\/a> Puede ayudarle a navegar su situaci\u00f3n y obtener el mejor resultado posible.<\/p>\n<h2><strong>C\u00f3mo puede ayudar un abogado de accidentes de Seattle<\/strong><\/h2>\n<p>Si tiene lesiones en un accidente de persecuci\u00f3n policial, un abogado de confianza <a href=\"https:\/\/plg-pllc.com\/glossary\/car-accidents\/\">Abogado de accidentes de tr\u00e1fico en Seattle<\/a> debe ayudarlo con su reclamo por lesiones. Adem\u00e1s, el abogado adecuado le permitir\u00e1 acceder a los recursos que necesita para lograr la mejor recuperaci\u00f3n posible. <a href=\"https:\/\/plg-pllc.com\/about-us\/\">Grupo de abogados Premier<\/a>Nos encargaremos de las comunicaciones y negociaciones con la compa\u00f1\u00eda de seguros mientras usted se concentra en recuperarse.<\/p>\n<p>Las compa\u00f1\u00edas de seguros quieren pagar lo menos posible, pero usted merece una compensaci\u00f3n completa y justa.<\/p>\n<p>No es necesario que usted presente un reclamo por su cuenta. <a href=\"https:\/\/plg-pllc.com\/\">Nuestros abogados<\/a> Puede ayudarle a negociar un acuerdo justo en su nombre o a representarlo ante el tribunal.<\/p>\n<p>Sin mencionar que los apoyos adicionales que podemos brindar son:<\/p>\n<ul>\n<li>Recopilaci\u00f3n de pruebas para demostrar la responsabilidad.<\/li>\n<li>Construir un caso y una estrategia basados en los detalles de su situaci\u00f3n.<\/li>\n<li>Perseguir una compensaci\u00f3n en su nombre.<\/li>\n<li>Comunicarse con compa\u00f1\u00edas de seguros.<\/li>\n<\/ul>\n<h2><strong>Contacte a un abogado especializado en accidentes automovil\u00edsticos<\/strong><\/h2>\n<p><img loading=\"lazy\" decoding=\"async\" class=\"alignright size-medium wp-image-17837\" src=\"https:\/\/plg-pllc.com\/wp-content\/uploads\/2020\/09\/imgmenufree-300x197.jpg\" alt=\"Abogados con experiencia en accidentes automovil\u00edsticos en Seattle, Federal Way y Bellevue\" width=\"300\" height=\"197\" srcset=\"https:\/\/plg-pllc.com\/wp-content\/uploads\/2020\/09\/imgmenufree-300x197.jpg 300w, https:\/\/plg-pllc.com\/wp-content\/uploads\/2020\/09\/imgmenufree-250x164.jpg 250w, https:\/\/plg-pllc.com\/wp-content\/uploads\/2020\/09\/imgmenufree.jpg 400w\" sizes=\"auto, (max-width: 300px) 100vw, 300px\" \/>Contratar a alguien lo antes posible tiene varias ventajas. Por ejemplo, el abogado adecuado le ayudar\u00e1 a proteger su salud, su bienestar emocional y sus finanzas, y le proporcionar\u00e1 recursos \u00fatiles.<\/p>\n<p>En Premier Law Group, queremos asegurarnos de informar a todos los que nos contactan sobre sus opciones legales, ya sea que terminemos represent\u00e1ndolos o no.<\/p>\n<p>Contacto <a href=\"https:\/\/plg-pllc.com\/about-us\/\">Grupo de abogados Premier<\/a> Para empezar tu <a href=\"https:\/\/plg-pllc.com\/contact-us\/\"><strong>GRATIS<\/strong> <\/a>Revisi\u00f3n de caso sobre accidente de persecuci\u00f3n policial. Llamar <em>206.285.1743<\/em> \u00a1Hoy mismo y estaremos encantados de hablar contigo!<\/p>\n\n        <div class=\"rs-content-cta\">\n            <p>Llamar o enviar mensaje de texto <a href=\"tel:+12062851743\">(206) 285-1743<\/a> o complete un formulario de evaluaci\u00f3n de caso gratuito<\/p>\n            <a href=\"https:\/\/plg-pllc.com\/es\/contact-us\/\" title=\"OBTENGA UNA EVALUACI\u00d3N DE CASO GRATUITA\" class=\"btn-global\">OBTENGA UNA EVALUACI\u00d3N DE CASO GRATUITA<\/a>\n                    <picture>\n                            <source srcset=\"https:\/\/plg-pllc.com\/wp-content\/themes\/plg-pllc-redesign\/assets\/app\/img\/cta-thumb.webp\" type=\"image\/webp\"\/>\n                            <img src=\"https:\/\/plg-pllc.com\/wp-content\/themes\/plg-pllc-redesign\/assets\/app\/img\/cta-thumb.png\" alt=\"Grupo de abogados Premier\" title=\"Grupo de abogados Premier\" width=\"245\" height=\"220\" loading=\"auto\" fetchpriority=\"auto\" decoding=\"async\"\/>\n        <\/picture>\n        \n        <\/div>","protected":false},"excerpt":{"rendered":"<p>Representaci\u00f3n de v\u00edctimas inocentes lesionadas en accidentes de persecuci\u00f3n policial Si result\u00f3 herido en un accidente de persecuci\u00f3n policial, en Premier Law Group queremos ayudarlo a abordar su situaci\u00f3n. Queremos ayudarlo a obtener una compensaci\u00f3n completa y justa y experimentar el mejor resultado posible. Estad\u00edsticas de accidentes de persecuci\u00f3n policial Si bien algunas persecuciones policiales involucran violencia \u2026<\/p>","protected":false},"author":24,"featured_media":18399,"parent":17293,"menu_order":0,"comment_status":"closed","ping_status":"closed","template":"","meta":{"_acf_changed":false,"_genesis_hide_title":false,"_genesis_hide_breadcrumbs":false,"_genesis_hide_singular_image":false,"_genesis_hide_footer_widgets":false,"_genesis_custom_body_class":"","_genesis_custom_post_class":"","_genesis_layout":"","footnotes":""},"hc_faqs":[],"class_list":{"0":"post-18398","1":"page","2":"type-page","3":"status-publish","4":"has-post-thumbnail","6":"hc_city_location-seattle","7":"entry"},"acf":[],"yoast_head":"<!-- This site is optimized with the Yoast SEO plugin v27.4 - https:\/\/yoast.com\/product\/yoast-seo-wordpress\/ -->\n<title>Police Chase Accident Lawyer in Seattle | Free Case Review<\/title>\n<meta name=\"description\" content=\"Seattle Police Chase Accident Lawyer: Premier Law Group helps you unlock the full compensation you deserve. No Fee Unless We Win.\" \/>\n<meta name=\"robots\" content=\"index, follow, max-snippet:-1, max-image-preview:large, max-video-preview:-1\" \/>\n<link rel=\"canonical\" href=\"https:\/\/plg-pllc.com\/es\/seattle\/car-accident-lawyer\/police-chase\/\" \/>\n<meta property=\"og:locale\" content=\"es_MX\" \/>\n<meta property=\"og:type\" content=\"article\" \/>\n<meta property=\"og:title\" content=\"Police Chase Accident Lawyer in Seattle | Free Case Review\" \/>\n<meta property=\"og:description\" content=\"Seattle Police Chase Accident Lawyer: Premier Law Group helps you unlock the full compensation you deserve. No Fee Unless We Win.\" \/>\n<meta property=\"og:url\" content=\"https:\/\/plg-pllc.com\/es\/seattle\/car-accident-lawyer\/police-chase\/\" \/>\n<meta property=\"og:site_name\" content=\"Premier Law Group\" \/>\n<meta property=\"article:publisher\" content=\"https:\/\/www.facebook.com\/premierlawgroup\" \/>\n<meta property=\"article:modified_time\" content=\"2025-02-14T22:13:12+00:00\" \/>\n<meta property=\"og:image\" content=\"https:\/\/plg-pllc.com\/wp-content\/uploads\/2021\/04\/pexels-pixabay-532001-scaled.jpg\" \/>\n\t<meta property=\"og:image:width\" content=\"2560\" \/>\n\t<meta property=\"og:image:height\" content=\"1707\" \/>\n\t<meta property=\"og:image:type\" content=\"image\/jpeg\" \/>\n<meta name=\"twitter:card\" content=\"summary_large_image\" \/>\n<meta name=\"twitter:site\" content=\"@premierlawgroup\" \/>\n<meta name=\"twitter:label1\" content=\"Tiempo de lectura\" \/>\n\t<meta name=\"twitter:data1\" content=\"5 minutos\" \/>\n<script type=\"application\/ld+json\" class=\"yoast-schema-graph\">{\"@context\":\"https:\\\/\\\/schema.org\",\"@graph\":[{\"@type\":\"WebPage\",\"@id\":\"https:\\\/\\\/plg-pllc.com\\\/seattle\\\/car-accident-lawyer\\\/police-chase\\\/\",\"url\":\"https:\\\/\\\/plg-pllc.com\\\/seattle\\\/car-accident-lawyer\\\/police-chase\\\/\",\"name\":\"Police Chase Accident Lawyer in Seattle | Free Case Review\",\"isPartOf\":{\"@id\":\"https:\\\/\\\/plg-pllc.com\\\/#website\"},\"primaryImageOfPage\":{\"@id\":\"https:\\\/\\\/plg-pllc.com\\\/seattle\\\/car-accident-lawyer\\\/police-chase\\\/#primaryimage\"},\"image\":{\"@id\":\"https:\\\/\\\/plg-pllc.com\\\/seattle\\\/car-accident-lawyer\\\/police-chase\\\/#primaryimage\"},\"thumbnailUrl\":\"https:\\\/\\\/plg-pllc.com\\\/wp-content\\\/uploads\\\/2021\\\/04\\\/pexels-pixabay-532001-scaled.jpg\",\"datePublished\":\"2021-04-24T15:30:28+00:00\",\"dateModified\":\"2025-02-14T22:13:12+00:00\",\"description\":\"Seattle Police Chase Accident Lawyer: Premier Law Group helps you unlock the full compensation you deserve. No Fee Unless We Win.\",\"breadcrumb\":{\"@id\":\"https:\\\/\\\/plg-pllc.com\\\/seattle\\\/car-accident-lawyer\\\/police-chase\\\/#breadcrumb\"},\"inLanguage\":\"es\",\"potentialAction\":[{\"@type\":\"ReadAction\",\"target\":[\"https:\\\/\\\/plg-pllc.com\\\/seattle\\\/car-accident-lawyer\\\/police-chase\\\/\"]}]},{\"@type\":\"ImageObject\",\"inLanguage\":\"es\",\"@id\":\"https:\\\/\\\/plg-pllc.com\\\/seattle\\\/car-accident-lawyer\\\/police-chase\\\/#primaryimage\",\"url\":\"https:\\\/\\\/plg-pllc.com\\\/wp-content\\\/uploads\\\/2021\\\/04\\\/pexels-pixabay-532001-scaled.jpg\",\"contentUrl\":\"https:\\\/\\\/plg-pllc.com\\\/wp-content\\\/uploads\\\/2021\\\/04\\\/pexels-pixabay-532001-scaled.jpg\",\"width\":2560,\"height\":1707,\"caption\":\"Police chase accident attorneys in Seattle\"},{\"@type\":\"BreadcrumbList\",\"@id\":\"https:\\\/\\\/plg-pllc.com\\\/seattle\\\/car-accident-lawyer\\\/police-chase\\\/#breadcrumb\",\"itemListElement\":[{\"@type\":\"ListItem\",\"position\":1,\"name\":\"Home\",\"item\":\"https:\\\/\\\/plg-pllc.com\\\/es\\\/\"},{\"@type\":\"ListItem\",\"position\":2,\"name\":\"Seattle Personal Injury Lawyer\",\"item\":\"https:\\\/\\\/plg-pllc.com\\\/es\\\/seattle\\\/personal-injury-lawyer\\\/\"},{\"@type\":\"ListItem\",\"position\":3,\"name\":\"Seattle Car Accident Lawyer\",\"item\":\"https:\\\/\\\/plg-pllc.com\\\/es\\\/seattle\\\/car-accident-lawyer\\\/\"},{\"@type\":\"ListItem\",\"position\":4,\"name\":\"Police Chase Accident\"}]},{\"@type\":\"WebSite\",\"@id\":\"https:\\\/\\\/plg-pllc.com\\\/#website\",\"url\":\"https:\\\/\\\/plg-pllc.com\\\/\",\"name\":\"Premier Law Group\",\"description\":\"Washington Wrongful Death and Serious Injury Lawyer\",\"publisher\":{\"@id\":\"https:\\\/\\\/plg-pllc.com\\\/#organization\"},\"inLanguage\":\"es\"},{\"@type\":\"Organization\",\"@id\":\"https:\\\/\\\/plg-pllc.com\\\/#organization\",\"name\":\"Premier Law Group\",\"url\":\"https:\\\/\\\/plg-pllc.com\\\/\",\"logo\":{\"@type\":\"ImageObject\",\"inLanguage\":\"es\",\"@id\":\"https:\\\/\\\/plg-pllc.com\\\/#\\\/schema\\\/logo\\\/image\\\/\",\"url\":\"https:\\\/\\\/plg-pllc.com\\\/wp-content\\\/uploads\\\/2020\\\/10\\\/plg-logo-v2.gif\",\"contentUrl\":\"https:\\\/\\\/plg-pllc.com\\\/wp-content\\\/uploads\\\/2020\\\/10\\\/plg-logo-v2.gif\",\"width\":592,\"height\":191,\"caption\":\"Premier Law Group\"},\"image\":{\"@id\":\"https:\\\/\\\/plg-pllc.com\\\/#\\\/schema\\\/logo\\\/image\\\/\"},\"sameAs\":[\"https:\\\/\\\/www.facebook.com\\\/premierlawgroup\",\"https:\\\/\\\/x.com\\\/premierlawgroup\"]}]}<\/script>\n<!-- \/ Yoast SEO plugin. -->","yoast_head_json":{"title":"Abogado de accidentes por persecuci\u00f3n policial en Seattle | Revisi\u00f3n gratuita de casos","description":"Abogado de accidentes por persecuci\u00f3n policial en Seattle: Premier Law Group lo ayuda a obtener la compensaci\u00f3n total que merece. Sin honorarios a menos que ganemos.","robots":{"index":"index","follow":"follow","max-snippet":"max-snippet:-1","max-image-preview":"max-image-preview:large","max-video-preview":"max-video-preview:-1"},"canonical":"https:\/\/plg-pllc.com\/es\/seattle\/car-accident-lawyer\/police-chase\/","og_locale":"es_MX","og_type":"article","og_title":"Police Chase Accident Lawyer in Seattle | Free Case Review","og_description":"Seattle Police Chase Accident Lawyer: Premier Law Group helps you unlock the full compensation you deserve. No Fee Unless We Win.","og_url":"https:\/\/plg-pllc.com\/es\/seattle\/car-accident-lawyer\/police-chase\/","og_site_name":"Premier Law Group","article_publisher":"https:\/\/www.facebook.com\/premierlawgroup","article_modified_time":"2025-02-14T22:13:12+00:00","og_image":[{"width":2560,"height":1707,"url":"https:\/\/plg-pllc.com\/wp-content\/uploads\/2021\/04\/pexels-pixabay-532001-scaled.jpg","type":"image\/jpeg"}],"twitter_card":"summary_large_image","twitter_site":"@premierlawgroup","twitter_misc":{"Tiempo de lectura":"5 minutos"},"schema":{"@context":"https:\/\/schema.org","@graph":[{"@type":"WebPage","@id":"https:\/\/plg-pllc.com\/seattle\/car-accident-lawyer\/police-chase\/","url":"https:\/\/plg-pllc.com\/seattle\/car-accident-lawyer\/police-chase\/","name":"Abogado de accidentes por persecuci\u00f3n policial en Seattle | Revisi\u00f3n gratuita de casos","isPartOf":{"@id":"https:\/\/plg-pllc.com\/#website"},"primaryImageOfPage":{"@id":"https:\/\/plg-pllc.com\/seattle\/car-accident-lawyer\/police-chase\/#primaryimage"},"image":{"@id":"https:\/\/plg-pllc.com\/seattle\/car-accident-lawyer\/police-chase\/#primaryimage"},"thumbnailUrl":"https:\/\/plg-pllc.com\/wp-content\/uploads\/2021\/04\/pexels-pixabay-532001-scaled.jpg","datePublished":"2021-04-24T15:30:28+00:00","dateModified":"2025-02-14T22:13:12+00:00","description":"Abogado de accidentes por persecuci\u00f3n policial en Seattle: Premier Law Group lo ayuda a obtener la compensaci\u00f3n total que merece. Sin honorarios a menos que ganemos.","breadcrumb":{"@id":"https:\/\/plg-pllc.com\/seattle\/car-accident-lawyer\/police-chase\/#breadcrumb"},"inLanguage":"es","potentialAction":[{"@type":"ReadAction","target":["https:\/\/plg-pllc.com\/seattle\/car-accident-lawyer\/police-chase\/"]}]},{"@type":"ImageObject","inLanguage":"es","@id":"https:\/\/plg-pllc.com\/seattle\/car-accident-lawyer\/police-chase\/#primaryimage","url":"https:\/\/plg-pllc.com\/wp-content\/uploads\/2021\/04\/pexels-pixabay-532001-scaled.jpg","contentUrl":"https:\/\/plg-pllc.com\/wp-content\/uploads\/2021\/04\/pexels-pixabay-532001-scaled.jpg","width":2560,"height":1707,"caption":"Police chase accident attorneys in Seattle"},{"@type":"BreadcrumbList","@id":"https:\/\/plg-pllc.com\/seattle\/car-accident-lawyer\/police-chase\/#breadcrumb","itemListElement":[{"@type":"ListItem","position":1,"name":"Home","item":"https:\/\/plg-pllc.com\/es\/"},{"@type":"ListItem","position":2,"name":"Seattle Personal Injury Lawyer","item":"https:\/\/plg-pllc.com\/es\/seattle\/personal-injury-lawyer\/"},{"@type":"ListItem","position":3,"name":"Seattle Car Accident Lawyer","item":"https:\/\/plg-pllc.com\/es\/seattle\/car-accident-lawyer\/"},{"@type":"ListItem","position":4,"name":"Police Chase Accident"}]},{"@type":"WebSite","@id":"https:\/\/plg-pllc.com\/#website","url":"https:\/\/plg-pllc.com\/","name":"Grupo de abogados Premier","description":"Abogado de muerte por negligencia y lesiones graves en Washington","publisher":{"@id":"https:\/\/plg-pllc.com\/#organization"},"inLanguage":"es"},{"@type":"Organization","@id":"https:\/\/plg-pllc.com\/#organization","name":"Grupo de abogados Premier","url":"https:\/\/plg-pllc.com\/","logo":{"@type":"ImageObject","inLanguage":"es","@id":"https:\/\/plg-pllc.com\/#\/schema\/logo\/image\/","url":"https:\/\/plg-pllc.com\/wp-content\/uploads\/2020\/10\/plg-logo-v2.gif","contentUrl":"https:\/\/plg-pllc.com\/wp-content\/uploads\/2020\/10\/plg-logo-v2.gif","width":592,"height":191,"caption":"Premier Law Group"},"image":{"@id":"https:\/\/plg-pllc.com\/#\/schema\/logo\/image\/"},"sameAs":["https:\/\/www.facebook.com\/premierlawgroup","https:\/\/x.com\/premierlawgroup"]}]}},"_links":{"self":[{"href":"https:\/\/plg-pllc.com\/es\/wp-json\/wp\/v2\/pages\/18398","targetHints":{"allow":["GET"]}}],"collection":[{"href":"https:\/\/plg-pllc.com\/es\/wp-json\/wp\/v2\/pages"}],"about":[{"href":"https:\/\/plg-pllc.com\/es\/wp-json\/wp\/v2\/types\/page"}],"author":[{"embeddable":true,"href":"https:\/\/plg-pllc.com\/es\/wp-json\/wp\/v2\/users\/24"}],"replies":[{"embeddable":true,"href":"https:\/\/plg-pllc.com\/es\/wp-json\/wp\/v2\/comments?post=18398"}],"version-history":[{"count":0,"href":"https:\/\/plg-pllc.com\/es\/wp-json\/wp\/v2\/pages\/18398\/revisions"}],"up":[{"embeddable":true,"href":"https:\/\/plg-pllc.com\/es\/wp-json\/wp\/v2\/pages\/17293"}],"wp:featuredmedia":[{"embeddable":true,"href":"https:\/\/plg-pllc.com\/es\/wp-json\/wp\/v2\/media\/18399"}],"wp:attachment":[{"href":"https:\/\/plg-pllc.com\/es\/wp-json\/wp\/v2\/media?parent=18398"}],"wp:term":[{"taxonomy":"hc_faqs","embeddable":true,"href":"https:\/\/plg-pllc.com\/es\/wp-json\/wp\/v2\/hc_faqs?post=18398"}],"curies":[{"name":"gracias","href":"https:\/\/api.w.org\/{rel}","templated":true}]}}