{"id":18419,"date":"2021-05-01T08:57:26","date_gmt":"2021-05-01T15:57:26","guid":{"rendered":"https:\/\/plg-pllc.com\/?page_id=18419"},"modified":"2024-10-14T22:15:09","modified_gmt":"2024-10-15T05:15:09","slug":"driverless-vehicle","status":"publish","type":"page","link":"https:\/\/plg-pllc.com\/es\/seattle\/car-accident-lawyer\/driverless-vehicle\/","title":{"rendered":"Abogado de accidentes con veh\u00edculos sin conductor en Seattle"},"content":{"rendered":"<h2>Obtenga ayuda despu\u00e9s de un accidente con un veh\u00edculo sin conductor en Seattle<\/h2>\n<p><img loading=\"lazy\" decoding=\"async\" class=\"size-medium wp-image-18429 alignright\" src=\"https:\/\/plg-pllc.com\/wp-content\/uploads\/2021\/04\/pexels-riciardus-228094-300x200.jpg\" alt=\"Abogados de Seattle que se dedican a los coches aut\u00f3nomos\" width=\"300\" height=\"200\" srcset=\"https:\/\/plg-pllc.com\/wp-content\/uploads\/2021\/04\/pexels-riciardus-228094-300x200.jpg 300w, https:\/\/plg-pllc.com\/wp-content\/uploads\/2021\/04\/pexels-riciardus-228094-1024x683.jpg 1024w, https:\/\/plg-pllc.com\/wp-content\/uploads\/2021\/04\/pexels-riciardus-228094-768x512.jpg 768w, https:\/\/plg-pllc.com\/wp-content\/uploads\/2021\/04\/pexels-riciardus-228094-1536x1024.jpg 1536w, https:\/\/plg-pllc.com\/wp-content\/uploads\/2021\/04\/pexels-riciardus-228094-2048x1365.jpg 2048w, https:\/\/plg-pllc.com\/wp-content\/uploads\/2021\/04\/pexels-riciardus-228094-640x427.jpg 640w, https:\/\/plg-pllc.com\/wp-content\/uploads\/2021\/04\/pexels-riciardus-228094-1200x800.jpg 1200w, https:\/\/plg-pllc.com\/wp-content\/uploads\/2021\/04\/pexels-riciardus-228094-1920x1280.jpg 1920w, https:\/\/plg-pllc.com\/wp-content\/uploads\/2021\/04\/pexels-riciardus-228094-250x167.jpg 250w\" sizes=\"auto, (max-width: 300px) 100vw, 300px\" \/>Los principales fabricantes de veh\u00edculos de motor y las empresas de alta tecnolog\u00eda est\u00e1n clamando por desarrollar y vender veh\u00edculos sin conductor. Tal vez haya visto un Tesla, un Uber, un General Motors, un Volvo y otros veh\u00edculos sin conductor en el \u00e1rea de Seattle. \u00bfPor qu\u00e9 necesitamos \u201cveh\u00edculos sin conductor\u201d? \u00bfAcaso no causan accidentes con veh\u00edculos sin conductor?<\/p>\n<p>Bueno, en realidad hay algunas razones convincentes, entre ellas:<\/p>\n<ul>\n<li>Gesti\u00f3n y eliminaci\u00f3n de la congesti\u00f3n del tr\u00e1fico<\/li>\n<li>reduciendo dr\u00e1sticamente los accidentes causados por conductores humanos.<\/li>\n<\/ul>\n<p>A pesar de estas razones, los recientes accidentes con veh\u00edculos sin conductor han suscitado muchas preguntas sobre su seguridad. En particular, no existen normas gubernamentales que establezcan qui\u00e9n puede ser considerado \u201cresponsable\u201d en este tipo de accidentes. Estos veh\u00edculos son \u201csin conductor\u201d, con tecnolog\u00eda incorporada propiedad del fabricante y de los dise\u00f1adores del sistema de alta tecnolog\u00eda. \u00bfA qui\u00e9n presentar\u00e1 una reclamaci\u00f3n en un accidente con un veh\u00edculo sin conductor? \u00bfC\u00f3mo probar\u00e1 la \u201cculpa\u201d en un accidente como este? \u00bfCu\u00e1les son sus derechos?<\/p>\n<p>La ley de responsabilidad en accidentes con veh\u00edculos sin conductor es b\u00e1sicamente un \u201cterritorio desconocido\u201d. Nada de lo relacionado con un accidente como este ser\u00e1 objeto de una reclamaci\u00f3n por accidente est\u00e1ndar presentada ante el seguro del propietario del veh\u00edculo causante. Si usted o un ser querido sufre un accidente con un veh\u00edculo sin conductor, \u00a1tiene derechos! Debido a la naturaleza complicada de establecer la responsabilidad, es m\u00e1s importante que nunca consultar con un abogado experto en accidentes con veh\u00edculos aut\u00f3nomos.<\/p>\n<p>Nuestros abogados con experiencia en accidentes automovil\u00edsticos sin conductor en Seattle en <a href=\"https:\/\/plg-pllc.com\/\">Grupo de abogados Premier<\/a> \u00a1Estamos listos para ayudar! Ll\u00e1menos hoy al <a href=\"tel:206.285.1743\"><em>206.285.1743<\/em><\/a> Para un <a href=\"https:\/\/plg-pllc.com\/contact-us\/\">Consulta GRATIS<\/a>\u00a1Le ayudaremos a recibir una compensaci\u00f3n justa y equitativa por sus lesiones!<\/p>\n<h2>\u00bfSer\u00e1n realmente m\u00e1s seguros los \u201ccoches aut\u00f3nomos\u201d?<\/h2>\n<p>Es cierto que el 94% de todos los accidentes de tr\u00e1fico se deben a errores humanos. Sin embargo, algunos accidentes recientes de veh\u00edculos sin conductor han puesto de manifiesto varias preocupaciones y cuestiones de \u201cseguridad\u201d, como las siguientes:<\/p>\n<ul>\n<li>\u00bfPuede un veh\u00edculo sin conductor detenerse a tiempo si hay humanos en su camino?<\/li>\n<li>\u00bfC\u00f3mo un veh\u00edculo sin conductor compartir\u00e1 de forma segura la carretera con conductores humanos que infringen la ley?<\/li>\n<li>Si un veh\u00edculo sin conductor se acerca a una intersecci\u00f3n donde no hay giros a la izquierda, pero el conductor humano gira a la izquierda de todos modos, \u00bfqu\u00e9 har\u00e1 el veh\u00edculo sin conductor?<\/li>\n<li>\u00bfSe programar\u00e1 un coche sin conductor para que reconozca el \u201clenguaje de conducci\u00f3n humana\u201d, como por ejemplo hacer se\u00f1as al coche para pasar por una intersecci\u00f3n?<\/li>\n<\/ul>\n<p>La tecnolog\u00eda de veh\u00edculos sin conductor est\u00e1 en sus inicios. Se necesitar\u00e1n programas y pruebas extraordinarios de la tecnolog\u00eda de veh\u00edculos sin conductor para que los conductores humanos y los veh\u00edculos sin conductor puedan compartir las carreteras de forma segura. Si sufri\u00f3 lesiones en un veh\u00edculo aut\u00f3nomo, comun\u00edquese con nuestro abogado de accidentes automovil\u00edsticos sin conductor en Seattle para obtener representaci\u00f3n legal.<\/p>\n<h2>\u00bfPuede un coche sin conductor ser negligente?<\/h2>\n<p>Los sistemas inform\u00e1ticos controlan muchos aspectos de la vida moderna, pero no son perfectos. Los seres humanos \u201cescriben el c\u00f3digo de software\u201d que hace funcionar cada ordenador. Por tanto, en caso de accidente con un coche sin conductor, \u00bfqui\u00e9n es responsable? No ser\u00e1 \u201cel ordenador\u201d.<\/p>\n<p>La responsabilidad, obligaci\u00f3n y negligencia en un accidente con un veh\u00edculo sin conductor recaer\u00e1 sobre el propietario del veh\u00edculo, el programador del software o el fabricante del veh\u00edculo. En algunos casos, la responsabilidad puede recaer sobre el fabricante o ensamblador de los accesorios que hacen funcionar el veh\u00edculo sin conductor.<\/p>\n\n        <div class=\"rs-content-cta long\">\n            <p>Para una consulta legal GRATUITA con un abogado especializado en accidentes con veh\u00edculos sin conductor que preste servicios en Seattle, llame al <a href=\"tel:+12062851743\">(206) 285-1743 <\/a><\/p>\n            <a href=\"https:\/\/plg-pllc.com\/es\/contact-us\/\" title=\"OBTENGA UNA EVALUACI\u00d3N DE CASO GRATUITA\" class=\"btn-global\">OBTENGA UNA EVALUACI\u00d3N DE CASO GRATUITA<\/a>\n                    <picture>\n                            <source srcset=\"https:\/\/plg-pllc.com\/wp-content\/themes\/plg-pllc-redesign\/assets\/app\/img\/cta-thumb.webp\" type=\"image\/webp\"\/>\n                            <img src=\"https:\/\/plg-pllc.com\/wp-content\/themes\/plg-pllc-redesign\/assets\/app\/img\/cta-thumb.png\" alt=\"Grupo de abogados Premier\" title=\"Grupo de abogados Premier\" width=\"245\" height=\"220\" loading=\"auto\" fetchpriority=\"auto\" decoding=\"async\"\/>\n        <\/picture>\n        \n        <\/div><h2>Responsabilidad civil sin conductor tras un accidente de tr\u00e1fico<\/h2>\n<p><img loading=\"lazy\" decoding=\"async\" class=\"alignleft size-medium wp-image-18430\" src=\"https:\/\/plg-pllc.com\/wp-content\/uploads\/2021\/04\/pexels-garvin-st-villier-3311574-300x200.jpg\" alt=\"abogados de accidentes de veh\u00edculos sin conductor\" width=\"300\" height=\"200\" srcset=\"https:\/\/plg-pllc.com\/wp-content\/uploads\/2021\/04\/pexels-garvin-st-villier-3311574-300x200.jpg 300w, https:\/\/plg-pllc.com\/wp-content\/uploads\/2021\/04\/pexels-garvin-st-villier-3311574-1024x683.jpg 1024w, https:\/\/plg-pllc.com\/wp-content\/uploads\/2021\/04\/pexels-garvin-st-villier-3311574-768x512.jpg 768w, https:\/\/plg-pllc.com\/wp-content\/uploads\/2021\/04\/pexels-garvin-st-villier-3311574-1536x1024.jpg 1536w, https:\/\/plg-pllc.com\/wp-content\/uploads\/2021\/04\/pexels-garvin-st-villier-3311574-2048x1365.jpg 2048w, https:\/\/plg-pllc.com\/wp-content\/uploads\/2021\/04\/pexels-garvin-st-villier-3311574-640x427.jpg 640w, https:\/\/plg-pllc.com\/wp-content\/uploads\/2021\/04\/pexels-garvin-st-villier-3311574-1200x800.jpg 1200w, https:\/\/plg-pllc.com\/wp-content\/uploads\/2021\/04\/pexels-garvin-st-villier-3311574-1920x1280.jpg 1920w, https:\/\/plg-pllc.com\/wp-content\/uploads\/2021\/04\/pexels-garvin-st-villier-3311574-250x167.jpg 250w\" sizes=\"auto, (max-width: 300px) 100vw, 300px\" \/>La mayor\u00eda de las personas anticipan que las reclamaciones por accidentes con veh\u00edculos sin conductor ser\u00e1n... <em>\u201cReclamaciones por responsabilidad del producto\u201d<\/em> contra el fabricante del veh\u00edculo o la empresa de alta tecnolog\u00eda que dise\u00f1\u00f3 su sistema de conducci\u00f3n aut\u00f3noma.<\/p>\n<p>Si bien esto a\u00fan est\u00e1 por comprobarse, las indemnizaciones en caso de accidente con lesiones en un veh\u00edculo sin conductor podr\u00edan ser mucho mayores, porque las grandes corporaciones tienen \u201cbolsillos profundos\u201d. Esto es particularmente cierto cuando se compara con las coberturas de p\u00f3lizas de seguro de autom\u00f3viles personales del \u201cconductor humano\u201d.<\/p>\n<p>Los fabricantes de autom\u00f3viles y las empresas de dise\u00f1o de alta tecnolog\u00eda cuentan con equipos de abogados corporativos de alto nivel listos para defenderlos en los tribunales o en litigios. Si usted o un ser querido sufre lesiones a causa de un veh\u00edculo sin conductor, necesitar\u00e1 un abogado especializado. <a href=\"https:\/\/plg-pllc.com\/seattle\/car-accident-lawyer\/\">Abogado de accidentes de tr\u00e1fico en Seattle<\/a> para representarlo en un reclamo contra un fabricante o dise\u00f1ador de un sistema de conducci\u00f3n aut\u00f3noma.<\/p>\n<h2>\u00bfQu\u00e9 significa para m\u00ed la orden de Inslee?<\/h2>\n<p>En 2017, el gobernador del estado de Washington, Jay Inslee, firm\u00f3 una orden ejecutiva que permite <a href=\"https:\/\/governor.wa.gov\/sites\/default\/files\/exe_order\/17-02AutonomouVehicles.pdf\" target=\"_blank\" rel=\"noopener\">Prueba de coches sin conductor<\/a> En las carreteras estatales, haya o no un ser humano al volante. El gobernador afirm\u00f3 que \u201cel 94% de todos los accidentes automovil\u00edsticos son causados por errores humanos. Los veh\u00edculos sin conductor pueden reducir significativamente la cantidad de accidentes graves\u201d.<\/p>\n<p>Pero la orden no aborda las cuestiones b\u00e1sicas:<\/p>\n<ul>\n<li>\u00bfQui\u00e9n es responsable de las lesiones y da\u00f1os causados por accidentes de veh\u00edculos sin conductor?<\/li>\n<li>Hasta que TODOS los conductores posean u operen veh\u00edculos sin conductor, \u00bfc\u00f3mo sobrevivir\u00e1n los veh\u00edculos sin conductor en las carreteras con conductores humanos?<\/li>\n<li>Incluso Uber dice que \u201cincluso los coches sin conductor a veces necesitan intervenci\u00f3n humana, especialmente durante condiciones clim\u00e1ticas adversas o cuando los conductores humanos cometen errores de juicio\u201d.<\/li>\n<\/ul>\n<p>En la actualidad, las pruebas en carretera de veh\u00edculos sin conductor son legales. Dicho esto, no existen directrices normativas claras sobre qui\u00e9n es responsable en caso de accidente con un veh\u00edculo sin conductor.<\/p>\n<h2>Comun\u00edquese con un abogado especializado en veh\u00edculos aut\u00f3nomos en Seattle<\/h2>\n<p><img loading=\"lazy\" decoding=\"async\" class=\"alignright size-medium wp-image-17837\" src=\"https:\/\/plg-pllc.com\/wp-content\/uploads\/2020\/09\/imgmenufree-300x197.jpg\" alt=\"Abogados con experiencia en accidentes automovil\u00edsticos en Seattle, Federal Way, Renton y Bellevue\" width=\"300\" height=\"197\" srcset=\"https:\/\/plg-pllc.com\/wp-content\/uploads\/2020\/09\/imgmenufree-300x197.jpg 300w, https:\/\/plg-pllc.com\/wp-content\/uploads\/2020\/09\/imgmenufree-250x164.jpg 250w, https:\/\/plg-pllc.com\/wp-content\/uploads\/2020\/09\/imgmenufree.jpg 400w\" sizes=\"auto, (max-width: 300px) 100vw, 300px\" \/>\u00bfUsted o un ser querido ha sufrido lesiones a causa de un accidente con un veh\u00edculo sin conductor? Si es as\u00ed, debe consultar con un abogado con experiencia en accidentes automovil\u00edsticos en Seattle. Necesita un defensor que organice todos los detalles de su accidente. No solo eso, sino tambi\u00e9n alguien que negocie en su nombre. El equipo de Premier Law Group puede representar sus intereses y necesidades en litigios y tribunales.<\/p>\n<p><strong>Premier Law Group est\u00e1 aqu\u00ed para ayudar<\/strong><strong>!\u00a0 <\/strong>Nuestro compromiso con su \u00e9xito en un caso de accidente con un veh\u00edculo sin conductor es inigualable. Usted NO PAGA NING\u00daN HONORARIO hasta que ganemos el caso.<\/p>\n<p><strong>Ofrecemos <a href=\"https:\/\/plg-pllc.com\/contact-us\/\">Consulta GRATIS<\/a> \u00a1Para v\u00edctimas de accidentes automovil\u00edsticos sin conductor con nuestros abogados expertos en leyes de accidentes automovil\u00edsticos!<\/strong><\/p>\n<p><strong>Llamar:\u00a0\u00a0<a href=\"tel:206.285.1743\"> <em>206.285.1743<\/em><\/a> \u00a1y programe una revisi\u00f3n gratuita de su caso de accidente hoy mismo!<\/strong><\/p>\n\n        <div class=\"rs-content-cta\">\n            <p>Llamar o enviar mensaje de texto <a href=\"tel:+12062851743\">(206) 285-1743<\/a> o complete un formulario de evaluaci\u00f3n de caso gratuito<\/p>\n            <a href=\"https:\/\/plg-pllc.com\/es\/contact-us\/\" title=\"OBTENGA UNA EVALUACI\u00d3N DE CASO GRATUITA\" class=\"btn-global\">OBTENGA UNA EVALUACI\u00d3N DE CASO GRATUITA<\/a>\n                    <picture>\n                            <source srcset=\"https:\/\/plg-pllc.com\/wp-content\/themes\/plg-pllc-redesign\/assets\/app\/img\/cta-thumb.webp\" type=\"image\/webp\"\/>\n                            <img src=\"https:\/\/plg-pllc.com\/wp-content\/themes\/plg-pllc-redesign\/assets\/app\/img\/cta-thumb.png\" alt=\"Grupo de abogados Premier\" title=\"Grupo de abogados Premier\" width=\"245\" height=\"220\" loading=\"auto\" fetchpriority=\"auto\" decoding=\"async\"\/>\n        <\/picture>\n        \n        <\/div>","protected":false},"excerpt":{"rendered":"<p>Obtenga ayuda despu\u00e9s de un accidente con un veh\u00edculo sin conductor en Seattle Los principales fabricantes de veh\u00edculos de motor y las empresas de alta tecnolog\u00eda est\u00e1n clamando por desarrollar y vender veh\u00edculos sin conductor. Quiz\u00e1s haya visto un Tesla, un Uber, un General Motors, un Volvo y otros autos sin conductor en el \u00e1rea de Seattle. \u00bfPor qu\u00e9 necesitamos &quot;veh\u00edculos sin conductor&quot;? \u00bfNo causan accidentes con veh\u00edculos sin conductor? ...<\/p>","protected":false},"author":24,"featured_media":0,"parent":17293,"menu_order":0,"comment_status":"closed","ping_status":"closed","template":"","meta":{"_acf_changed":false,"_genesis_hide_title":false,"_genesis_hide_breadcrumbs":false,"_genesis_hide_singular_image":false,"_genesis_hide_footer_widgets":false,"_genesis_custom_body_class":"","_genesis_custom_post_class":"","_genesis_layout":"","footnotes":""},"hc_faqs":[],"class_list":{"0":"post-18419","1":"page","2":"type-page","3":"status-publish","5":"hc_city_location-seattle","6":"entry","7":"has-post-thumbnail"},"acf":[],"yoast_head":"<!-- This site is optimized with the Yoast SEO plugin v27.2 - https:\/\/yoast.com\/product\/yoast-seo-wordpress\/ -->\n<title>Driverless Vehicle Accident Lawyer in Seattle | Free Case Review<\/title>\n<meta name=\"description\" content=\"Seattle Driverless Vehicle Accident Lawyer: Premier Law Group helps you unlock the full compensation you deserve. No Fee Unless We Win.\" \/>\n<meta name=\"robots\" content=\"index, follow, max-snippet:-1, max-image-preview:large, max-video-preview:-1\" \/>\n<link rel=\"canonical\" href=\"https:\/\/plg-pllc.com\/es\/seattle\/car-accident-lawyer\/driverless-vehicle\/\" \/>\n<meta property=\"og:locale\" content=\"es_MX\" \/>\n<meta property=\"og:type\" content=\"article\" \/>\n<meta property=\"og:title\" content=\"Driverless Vehicle Accident Lawyer in Seattle | Free Case Review\" \/>\n<meta property=\"og:description\" content=\"Seattle Driverless Vehicle Accident Lawyer: Premier Law Group helps you unlock the full compensation you deserve. No Fee Unless We Win.\" \/>\n<meta property=\"og:url\" content=\"https:\/\/plg-pllc.com\/es\/seattle\/car-accident-lawyer\/driverless-vehicle\/\" \/>\n<meta property=\"og:site_name\" content=\"Premier Law Group\" \/>\n<meta property=\"article:publisher\" content=\"https:\/\/www.facebook.com\/premierlawgroup\" \/>\n<meta property=\"article:modified_time\" content=\"2024-10-15T05:15:09+00:00\" \/>\n<meta property=\"og:image\" content=\"https:\/\/plg-pllc.com\/wp-content\/uploads\/2021\/04\/pexels-riciardus-228094-scaled.jpg\" \/>\n\t<meta property=\"og:image:width\" content=\"2560\" \/>\n\t<meta property=\"og:image:height\" content=\"1707\" \/>\n\t<meta property=\"og:image:type\" content=\"image\/jpeg\" \/>\n<meta name=\"twitter:card\" content=\"summary_large_image\" \/>\n<meta name=\"twitter:site\" content=\"@premierlawgroup\" \/>\n<meta name=\"twitter:label1\" content=\"Tiempo de lectura\" \/>\n\t<meta name=\"twitter:data1\" content=\"5 minutos\" \/>\n<script type=\"application\/ld+json\" class=\"yoast-schema-graph\">{\"@context\":\"https:\/\/schema.org\",\"@graph\":[{\"@type\":\"WebPage\",\"@id\":\"https:\/\/plg-pllc.com\/seattle\/car-accident-lawyer\/driverless-vehicle\/\",\"url\":\"https:\/\/plg-pllc.com\/seattle\/car-accident-lawyer\/driverless-vehicle\/\",\"name\":\"Driverless Vehicle Accident Lawyer in Seattle | Free Case Review\",\"isPartOf\":{\"@id\":\"https:\/\/plg-pllc.com\/#website\"},\"primaryImageOfPage\":{\"@id\":\"https:\/\/plg-pllc.com\/seattle\/car-accident-lawyer\/driverless-vehicle\/#primaryimage\"},\"image\":{\"@id\":\"https:\/\/plg-pllc.com\/seattle\/car-accident-lawyer\/driverless-vehicle\/#primaryimage\"},\"thumbnailUrl\":\"https:\/\/plg-pllc.com\/wp-content\/uploads\/2021\/04\/pexels-riciardus-228094-300x200.jpg\",\"datePublished\":\"2021-05-01T15:57:26+00:00\",\"dateModified\":\"2024-10-15T05:15:09+00:00\",\"description\":\"Seattle Driverless Vehicle Accident Lawyer: Premier Law Group helps you unlock the full compensation you deserve. No Fee Unless We Win.\",\"breadcrumb\":{\"@id\":\"https:\/\/plg-pllc.com\/seattle\/car-accident-lawyer\/driverless-vehicle\/#breadcrumb\"},\"inLanguage\":\"es\",\"potentialAction\":[{\"@type\":\"ReadAction\",\"target\":[\"https:\/\/plg-pllc.com\/seattle\/car-accident-lawyer\/driverless-vehicle\/\"]}]},{\"@type\":\"ImageObject\",\"inLanguage\":\"es\",\"@id\":\"https:\/\/plg-pllc.com\/seattle\/car-accident-lawyer\/driverless-vehicle\/#primaryimage\",\"url\":\"https:\/\/plg-pllc.com\/wp-content\/uploads\/2021\/04\/pexels-riciardus-228094-300x200.jpg\",\"contentUrl\":\"https:\/\/plg-pllc.com\/wp-content\/uploads\/2021\/04\/pexels-riciardus-228094-300x200.jpg\"},{\"@type\":\"BreadcrumbList\",\"@id\":\"https:\/\/plg-pllc.com\/seattle\/car-accident-lawyer\/driverless-vehicle\/#breadcrumb\",\"itemListElement\":[{\"@type\":\"ListItem\",\"position\":1,\"name\":\"Home\",\"item\":\"https:\/\/plg-pllc.com\/es\/\"},{\"@type\":\"ListItem\",\"position\":2,\"name\":\"Seattle Personal Injury Lawyer\",\"item\":\"https:\/\/plg-pllc.com\/es\/seattle\/personal-injury-lawyer\/\"},{\"@type\":\"ListItem\",\"position\":3,\"name\":\"Seattle Car Accident Lawyer\",\"item\":\"https:\/\/plg-pllc.com\/es\/seattle\/car-accident-lawyer\/\"},{\"@type\":\"ListItem\",\"position\":4,\"name\":\"Driverless Vehicle Accident\"}]},{\"@type\":\"WebSite\",\"@id\":\"https:\/\/plg-pllc.com\/#website\",\"url\":\"https:\/\/plg-pllc.com\/\",\"name\":\"Premier Law Group\",\"description\":\"Washington Wrongful Death and Serious Injury Lawyer\",\"publisher\":{\"@id\":\"https:\/\/plg-pllc.com\/#organization\"},\"inLanguage\":\"es\"},{\"@type\":\"Organization\",\"@id\":\"https:\/\/plg-pllc.com\/#organization\",\"name\":\"Premier Law Group\",\"url\":\"https:\/\/plg-pllc.com\/\",\"logo\":{\"@type\":\"ImageObject\",\"inLanguage\":\"es\",\"@id\":\"https:\/\/plg-pllc.com\/#\/schema\/logo\/image\/\",\"url\":\"https:\/\/plg-pllc.com\/wp-content\/uploads\/2020\/10\/plg-logo-v2.gif\",\"contentUrl\":\"https:\/\/plg-pllc.com\/wp-content\/uploads\/2020\/10\/plg-logo-v2.gif\",\"width\":592,\"height\":191,\"caption\":\"Premier Law Group\"},\"image\":{\"@id\":\"https:\/\/plg-pllc.com\/#\/schema\/logo\/image\/\"},\"sameAs\":[\"https:\/\/www.facebook.com\/premierlawgroup\",\"https:\/\/x.com\/premierlawgroup\"]}]}<\/script>\n<!-- \/ Yoast SEO plugin. -->","yoast_head_json":{"title":"Abogado de accidentes con veh\u00edculos sin conductor en Seattle | Revisi\u00f3n gratuita de casos","description":"Abogado de accidentes con veh\u00edculos sin conductor en Seattle: Premier Law Group lo ayuda a obtener la compensaci\u00f3n total que merece. Sin honorarios a menos que ganemos.","robots":{"index":"index","follow":"follow","max-snippet":"max-snippet:-1","max-image-preview":"max-image-preview:large","max-video-preview":"max-video-preview:-1"},"canonical":"https:\/\/plg-pllc.com\/es\/seattle\/car-accident-lawyer\/driverless-vehicle\/","og_locale":"es_MX","og_type":"article","og_title":"Driverless Vehicle Accident Lawyer in Seattle | Free Case Review","og_description":"Seattle Driverless Vehicle Accident Lawyer: Premier Law Group helps you unlock the full compensation you deserve. No Fee Unless We Win.","og_url":"https:\/\/plg-pllc.com\/es\/seattle\/car-accident-lawyer\/driverless-vehicle\/","og_site_name":"Premier Law Group","article_publisher":"https:\/\/www.facebook.com\/premierlawgroup","article_modified_time":"2024-10-15T05:15:09+00:00","og_image":[{"width":2560,"height":1707,"url":"https:\/\/plg-pllc.com\/wp-content\/uploads\/2021\/04\/pexels-riciardus-228094-scaled.jpg","type":"image\/jpeg"}],"twitter_card":"summary_large_image","twitter_site":"@premierlawgroup","twitter_misc":{"Tiempo de lectura":"5 minutos"},"schema":{"@context":"https:\/\/schema.org","@graph":[{"@type":"WebPage","@id":"https:\/\/plg-pllc.com\/seattle\/car-accident-lawyer\/driverless-vehicle\/","url":"https:\/\/plg-pllc.com\/seattle\/car-accident-lawyer\/driverless-vehicle\/","name":"Abogado de accidentes con veh\u00edculos sin conductor en Seattle | Revisi\u00f3n gratuita de casos","isPartOf":{"@id":"https:\/\/plg-pllc.com\/#website"},"primaryImageOfPage":{"@id":"https:\/\/plg-pllc.com\/seattle\/car-accident-lawyer\/driverless-vehicle\/#primaryimage"},"image":{"@id":"https:\/\/plg-pllc.com\/seattle\/car-accident-lawyer\/driverless-vehicle\/#primaryimage"},"thumbnailUrl":"https:\/\/plg-pllc.com\/wp-content\/uploads\/2021\/04\/pexels-riciardus-228094-300x200.jpg","datePublished":"2021-05-01T15:57:26+00:00","dateModified":"2024-10-15T05:15:09+00:00","description":"Abogado de accidentes con veh\u00edculos sin conductor en Seattle: Premier Law Group lo ayuda a obtener la compensaci\u00f3n total que merece. Sin honorarios a menos que ganemos.","breadcrumb":{"@id":"https:\/\/plg-pllc.com\/seattle\/car-accident-lawyer\/driverless-vehicle\/#breadcrumb"},"inLanguage":"es","potentialAction":[{"@type":"ReadAction","target":["https:\/\/plg-pllc.com\/seattle\/car-accident-lawyer\/driverless-vehicle\/"]}]},{"@type":"ImageObject","inLanguage":"es","@id":"https:\/\/plg-pllc.com\/seattle\/car-accident-lawyer\/driverless-vehicle\/#primaryimage","url":"https:\/\/plg-pllc.com\/wp-content\/uploads\/2021\/04\/pexels-riciardus-228094-300x200.jpg","contentUrl":"https:\/\/plg-pllc.com\/wp-content\/uploads\/2021\/04\/pexels-riciardus-228094-300x200.jpg"},{"@type":"BreadcrumbList","@id":"https:\/\/plg-pllc.com\/seattle\/car-accident-lawyer\/driverless-vehicle\/#breadcrumb","itemListElement":[{"@type":"ListItem","position":1,"name":"Home","item":"https:\/\/plg-pllc.com\/es\/"},{"@type":"ListItem","position":2,"name":"Seattle Personal Injury Lawyer","item":"https:\/\/plg-pllc.com\/es\/seattle\/personal-injury-lawyer\/"},{"@type":"ListItem","position":3,"name":"Seattle Car Accident Lawyer","item":"https:\/\/plg-pllc.com\/es\/seattle\/car-accident-lawyer\/"},{"@type":"ListItem","position":4,"name":"Driverless Vehicle Accident"}]},{"@type":"WebSite","@id":"https:\/\/plg-pllc.com\/#website","url":"https:\/\/plg-pllc.com\/","name":"Grupo de abogados Premier","description":"Abogado de muerte por negligencia y lesiones graves en Washington","publisher":{"@id":"https:\/\/plg-pllc.com\/#organization"},"inLanguage":"es"},{"@type":"Organization","@id":"https:\/\/plg-pllc.com\/#organization","name":"Grupo de abogados Premier","url":"https:\/\/plg-pllc.com\/","logo":{"@type":"ImageObject","inLanguage":"es","@id":"https:\/\/plg-pllc.com\/#\/schema\/logo\/image\/","url":"https:\/\/plg-pllc.com\/wp-content\/uploads\/2020\/10\/plg-logo-v2.gif","contentUrl":"https:\/\/plg-pllc.com\/wp-content\/uploads\/2020\/10\/plg-logo-v2.gif","width":592,"height":191,"caption":"Premier Law Group"},"image":{"@id":"https:\/\/plg-pllc.com\/#\/schema\/logo\/image\/"},"sameAs":["https:\/\/www.facebook.com\/premierlawgroup","https:\/\/x.com\/premierlawgroup"]}]}},"_links":{"self":[{"href":"https:\/\/plg-pllc.com\/es\/wp-json\/wp\/v2\/pages\/18419","targetHints":{"allow":["GET"]}}],"collection":[{"href":"https:\/\/plg-pllc.com\/es\/wp-json\/wp\/v2\/pages"}],"about":[{"href":"https:\/\/plg-pllc.com\/es\/wp-json\/wp\/v2\/types\/page"}],"author":[{"embeddable":true,"href":"https:\/\/plg-pllc.com\/es\/wp-json\/wp\/v2\/users\/24"}],"replies":[{"embeddable":true,"href":"https:\/\/plg-pllc.com\/es\/wp-json\/wp\/v2\/comments?post=18419"}],"version-history":[{"count":0,"href":"https:\/\/plg-pllc.com\/es\/wp-json\/wp\/v2\/pages\/18419\/revisions"}],"up":[{"embeddable":true,"href":"https:\/\/plg-pllc.com\/es\/wp-json\/wp\/v2\/pages\/17293"}],"wp:attachment":[{"href":"https:\/\/plg-pllc.com\/es\/wp-json\/wp\/v2\/media?parent=18419"}],"wp:term":[{"taxonomy":"hc_faqs","embeddable":true,"href":"https:\/\/plg-pllc.com\/es\/wp-json\/wp\/v2\/hc_faqs?post=18419"}],"curies":[{"name":"gracias","href":"https:\/\/api.w.org\/{rel}","templated":true}]}}