{"id":18420,"date":"2021-05-01T08:38:10","date_gmt":"2021-05-01T15:38:10","guid":{"rendered":"https:\/\/plg-pllc.com\/?page_id=18420"},"modified":"2025-02-14T14:12:57","modified_gmt":"2025-02-14T22:12:57","slug":"seattle-atv-accident-lawyer","status":"publish","type":"page","link":"https:\/\/plg-pllc.com\/es\/seattle\/atv-accident-lawyer\/","title":{"rendered":"Abogado de accidentes con veh\u00edculos todo terreno en Seattle"},"content":{"rendered":"<h3 id=\"h-all-terrain-vehicle-accident-statistics\" class=\"wp-block-heading\"><strong>Estad\u00edsticas de accidentes de veh\u00edculos todo terreno<\/strong><\/h3>\r\n\r\n\r\n<div class=\"wp-block-image\">\r\n<figure class=\"alignright\"><img loading=\"lazy\" decoding=\"async\" width=\"300\" height=\"201\" class=\"wp-image-3232\" src=\"https:\/\/plg-pllc.com\/wp-content\/uploads\/2011\/01\/atv-wreck-300x201.jpg\" alt=\"Accidente en cuatriciclo en Seattle, Bellevue, Renton y Federal Way\" srcset=\"https:\/\/plg-pllc.com\/wp-content\/uploads\/2011\/01\/atv-wreck-300x201.jpg 300w, https:\/\/plg-pllc.com\/wp-content\/uploads\/2011\/01\/atv-wreck.jpg 400w\" sizes=\"auto, (max-width: 300px) 100vw, 300px\" \/><\/figure>\r\n<\/div>\r\n\r\n\r\n<p>Los veh\u00edculos todoterreno, tambi\u00e9n llamados ATV, son una forma fant\u00e1stica de ver Washington. Le permiten experimentar el hermoso estado sin tener que permanecer en una carretera. Ofrecen una forma \u00fanica y emocionante de explorar la belleza natural de Washington. Hay muchos senderos para explorar en muchos de nuestros parques estatales y nacionales. Sin embargo, los ATV tambi\u00e9n pueden ser peligrosos. Se diferencian de otros veh\u00edculos y son peligrosos de maneras en que otros veh\u00edculos, como los autom\u00f3viles, no lo son. Adem\u00e1s, los accidentes de ATV tienden a ser un poco m\u00e1s j\u00f3venes que otros tipos de accidentes de veh\u00edculos tambi\u00e9n.<\/p>\r\n\r\n\r\n\r\n<ul class=\"wp-block-list\">\r\n<li>Seg\u00fan la Comisi\u00f3n de Seguridad de Productos del Consumidor, <a href=\"https:\/\/www.cpsc.gov\/s3fs-public\/2018AnnualReportofATVRelatedDeathsandInjuries.pdf?VGaf1cuZ_D0SGxct2eRpZUwcgME4LKDy\">15.744 muertes relacionadas con veh\u00edculos todo terreno<\/a> ocurrido entre 1982 y 2018.<\/li>\r\n\r\n\r\n\r\n<li>Adem\u00e1s, durante ese mismo tiempo, la CPSC recibi\u00f3 informes de <a href=\"https:\/\/www.cpsc.gov\/s3fs-public\/2018AnnualReportofATVRelatedDeathsandInjuries.pdf?VGaf1cuZ_D0SGxct2eRpZUwcgME4LKDy\">3.353 muertes relacionadas con veh\u00edculos todo terreno de ni\u00f1os menores de 16 a\u00f1os<\/a>Esto representa el 21 por ciento de todas las muertes relacionadas con veh\u00edculos todo terreno reportadas.<\/li>\r\n\r\n\r\n\r\n<li>Finalmente, en 2016, hubo <a href=\"https:\/\/www.cpsc.gov\/s3fs-public\/2018AnnualReportofATVRelatedDeathsandInjuries.pdf?VGaf1cuZ_D0SGxct2eRpZUwcgME4LKDy\">591 muertes relacionadas con veh\u00edculos todo terreno<\/a> El 11 por ciento de ellos eran ni\u00f1os menores de 16 a\u00f1os. De esos ni\u00f1os, el 45 por ciento ten\u00edan menos de 12 a\u00f1os.<\/li>\r\n<\/ul>\r\n\r\n\r\n\r\n<div style=\"display: block; border: 1px solid #999999; border-radius: 20px; width: 550px; height: 220px; padding: 1%; font-size: 16px; background-color: #f7f7f7; box-shadow: 0 4px 8px 0 rgba(0, 0, 0, 0.2), 0 6px 20px 0 rgba(0, 0, 0, 0.19);\">\r\n<h2 id=\"top\" style=\"font-size: 26px; font-weight: 500; color: black;\"><strong>Recursos para accidentes con veh\u00edculos todo terreno<\/strong><\/h2>\r\n<ul>\r\n<li><span style=\"font-size: 14pt;\">\u201c\u00bfCu\u00e1les son las lesiones m\u00e1s comunes en estos accidentes?\u201d<\/span><\/li>\r\n<li><span style=\"font-size: 14pt;\">Responsabilidad por accidentes con veh\u00edculos todo terreno<\/span><\/li>\r\n<li><span style=\"font-size: 14pt;\">Problemas de seguros en accidentes con veh\u00edculos todo terreno<\/span><\/li>\r\n<li><span style=\"font-size: 14pt;\">Contacte a un abogado especializado en accidentes con veh\u00edculos todo terreno<\/span><\/li>\r\n<\/ul>\r\n<\/div>\r\n\r\n\r\n\r\n<h3 id=\"tip1\" class=\"wp-block-heading\"><strong>\u201c\u00bfCu\u00e1les son las lesiones m\u00e1s comunes en estos accidentes?\u201d<\/strong><\/h3>\r\n\r\n\r\n\r\n<p>Adem\u00e1s, como ya hemos mencionado, los veh\u00edculos todo terreno pueden ser peligrosos. Los accidentes pueden ser horribles y lo son con frecuencia. Algunas de las lesiones m\u00e1s comunes que se producen como resultado de accidentes con veh\u00edculos todo terreno son:<\/p>\r\n\r\n\r\n\r\n<ul class=\"wp-block-list\">\r\n<li>Huesos rotos<\/li>\r\n\r\n\r\n\r\n<li>Fracturas de cr\u00e1neo<\/li>\r\n\r\n\r\n\r\n<li>Conmociones cerebrales<\/li>\r\n\r\n\r\n\r\n<li>Da\u00f1o en la m\u00e9dula espinal<\/li>\r\n\r\n\r\n\r\n<li>Par\u00e1lisis<\/li>\r\n\r\n\r\n\r\n<li>Amputaci\u00f3n de una extremidad<\/li>\r\n\r\n\r\n\r\n<li>Lesi\u00f3n cerebral traum\u00e1tica<\/li>\r\n\r\n\r\n\r\n<li>Muerte por negligencia<\/li>\r\n<\/ul>\r\n\r\n\r\n\r\n<p>Por supuesto, cualquier accidente puede ser peligroso. Sin embargo, los accidentes con veh\u00edculos todo terreno pueden ser especialmente desagradables.<\/p>\r\n\r\n\r\n\r\n<p>Adem\u00e1s, estos accidentes no siempre son culpa del conductor. Si sufre lesiones como resultado de un veh\u00edculo todo terreno, en <a href=\"https:\/\/plg-pllc.com\/\">Grupo de abogados Premier<\/a> Te ayudaremos. Te brindaremos la mejor ayuda posible para que te recuperes y obtengas cada centavo que mereces.<\/p>\r\n\r\n\r\n\r\n<p><a href=\"https:\/\/plg-pllc.com\/contact-us\/\">Comun\u00edquese con Premier Law Group<\/a> Para programar una evaluaci\u00f3n gratuita de su caso de accidente con veh\u00edculos todo terreno hoy mismo, llame al 206.285.1743.<\/p>\r\n\r\n\r\n\r\n\n        <div class=\"rs-content-cta long\">\n            <p>Para una consulta legal GRATUITA con un abogado de accidentes de veh\u00edculos todo terreno que preste servicios en Seattle, llame al <a href=\"tel:+12062851743\">(206) 285-1743 <\/a><\/p>\n            <a href=\"https:\/\/plg-pllc.com\/es\/contact-us\/\" title=\"OBTENGA UNA EVALUACI\u00d3N DE CASO GRATUITA\" class=\"btn-global\">OBTENGA UNA EVALUACI\u00d3N DE CASO GRATUITA<\/a>\n                    <picture>\n                            <source srcset=\"https:\/\/plg-pllc.com\/wp-content\/themes\/plg-pllc-redesign\/assets\/app\/img\/cta-thumb.webp\" type=\"image\/webp\"\/>\n                            <img src=\"https:\/\/plg-pllc.com\/wp-content\/themes\/plg-pllc-redesign\/assets\/app\/img\/cta-thumb.png\" alt=\"Grupo de abogados Premier\" title=\"Grupo de abogados Premier\" width=\"245\" height=\"220\" loading=\"auto\" fetchpriority=\"auto\" decoding=\"async\"\/>\n        <\/picture>\n        \n        <\/div><h3 id=\"tip2\" class=\"wp-block-heading\"><strong>Responsabilidad por accidentes con veh\u00edculos todo terreno<\/strong><\/h3>\r\n\r\n\r\n<div class=\"wp-block-image\">\r\n<figure class=\"alignleft\"><img loading=\"lazy\" decoding=\"async\" width=\"300\" height=\"200\" class=\"wp-image-17799\" src=\"https:\/\/plg-pllc.com\/wp-content\/uploads\/2020\/08\/Seattle-personal-injury-law-gavel-and-book-compressed-300x200.jpg\" alt=\"Abogados con experiencia en lesiones personales en Federal Way, Renton, Bellevue y Seattle\" srcset=\"https:\/\/plg-pllc.com\/wp-content\/uploads\/2020\/08\/Seattle-personal-injury-law-gavel-and-book-compressed-300x200.jpg 300w, https:\/\/plg-pllc.com\/wp-content\/uploads\/2020\/08\/Seattle-personal-injury-law-gavel-and-book-compressed-1024x682.jpg 1024w, https:\/\/plg-pllc.com\/wp-content\/uploads\/2020\/08\/Seattle-personal-injury-law-gavel-and-book-compressed-768x512.jpg 768w, https:\/\/plg-pllc.com\/wp-content\/uploads\/2020\/08\/Seattle-personal-injury-law-gavel-and-book-compressed-1536x1023.jpg 1536w, https:\/\/plg-pllc.com\/wp-content\/uploads\/2020\/08\/Seattle-personal-injury-law-gavel-and-book-compressed-640x426.jpg 640w, https:\/\/plg-pllc.com\/wp-content\/uploads\/2020\/08\/Seattle-personal-injury-law-gavel-and-book-compressed-1200x799.jpg 1200w, https:\/\/plg-pllc.com\/wp-content\/uploads\/2020\/08\/Seattle-personal-injury-law-gavel-and-book-compressed-250x167.jpg 250w, https:\/\/plg-pllc.com\/wp-content\/uploads\/2020\/08\/Seattle-personal-injury-law-gavel-and-book-compressed.jpg 1920w\" sizes=\"auto, (max-width: 300px) 100vw, 300px\" \/><\/figure>\r\n<\/div>\r\n\r\n\r\n<p>Si sufre una lesi\u00f3n en un veh\u00edculo todo terreno, debe poder demostrar que la otra parte tiene la culpa. Debe hacerlo para poder recuperar los da\u00f1os. Sin embargo, esto puede resultar dif\u00edcil en los accidentes con veh\u00edculos todo terreno. Las pruebas deben poder demostrar la causa de las lesiones de la v\u00edctima. Sin embargo, si no hay lesiones ni da\u00f1os causados en un choque, no hay forma de presentar una reclamaci\u00f3n.<\/p>\r\n\r\n\r\n\r\n<p>Por lo general, no te encuentras con otros veh\u00edculos cuando conduces fuera de la carretera. Sin embargo, eso no significa que sea imposible. <a href=\"https:\/\/plg-pllc.com\/\">Abogado con experiencia en reclamos por lesiones en veh\u00edculos todo terreno<\/a> Le ayudar\u00e1 a navegar esta situaci\u00f3n mientras usted se concentra en su recuperaci\u00f3n.<\/p>\r\n\r\n\r\n\r\n<p>Adem\u00e1s, al presentar un reclamo por accidente de veh\u00edculo todo terreno, puede recibir una compensaci\u00f3n por:<\/p>\r\n\r\n\r\n\r\n<ul class=\"wp-block-list\">\r\n<li>Facturas m\u00e9dicas<\/li>\r\n\r\n\r\n\r\n<li>Salarios perdidos<\/li>\r\n\r\n\r\n\r\n<li>Costos funerarios<\/li>\r\n<\/ul>\r\n\r\n\r\n\r\n<p>Adem\u00e1s, los accidentes con veh\u00edculos todo terreno pueden ser devastadores. Si usted o un ser querido ha estado involucrado en un accidente con un veh\u00edculo todo terreno, se merece la mejor representaci\u00f3n posible. Especialmente si ha resultado herido en un veh\u00edculo todo terreno debido a la negligencia de otra persona.<\/p>\r\n\r\n\r\n\r\n<p>En <a href=\"https:\/\/plg-pllc.com\/\">Grupo de abogados Premier<\/a>Nuestros abogados experimentados se ocupar\u00e1n de las compa\u00f1\u00edas de seguros para conseguirle hasta el \u00faltimo centavo que le deben. De esa manera, usted puede concentrarse en recuperarse.<\/p>\r\n\r\n\r\n\r\n<h3 id=\"tip3\" class=\"wp-block-heading\"><strong>Problemas de seguros en accidentes con veh\u00edculos todo terreno<\/strong><\/h3>\r\n\r\n\r\n\r\n<p>La realidad es que las compa\u00f1\u00edas de seguros quieren pagar la menor cantidad posible en concepto de indemnizaci\u00f3n. Necesitas un <a href=\"https:\/\/plg-pllc.com\/\">Abogado con experiencia en accidentes de veh\u00edculos todo terreno<\/a> que pueda gestionar con \u00e9xito las reclamaciones de la compa\u00f1\u00eda de seguros. En Premier Law Group, lo ayudaremos en el tribunal o antes de que sea necesario presentar una demanda.<\/p>\r\n\r\n\r\n\r\n<p>Con frecuencia, los accidentes con veh\u00edculos todo terreno implican da\u00f1os graves o lesiones graves. Es necesario contar con un abogado para demostrar adecuadamente la responsabilidad y negociar con \u00e9xito con una compa\u00f1\u00eda de seguros.<\/p>\r\n\r\n\r\n\r\n<p>Lo m\u00e1s importante es que un abogado experimentado le ayudar\u00e1 a explorar las posibles v\u00edas para recuperar la compensaci\u00f3n para la v\u00edctima lesionada.<\/p>\r\n\r\n\r\n\r\n<p>En <a href=\"https:\/\/plg-pllc.com\/\">Grupo de abogados Premier<\/a>Nuestros abogados especializados en accidentes de veh\u00edculos todo terreno del estado de Washington han pasado a\u00f1os ayudando a los operadores de veh\u00edculos todo terreno y sus familias a obtener la compensaci\u00f3n que merecen.<\/p>\r\n\r\n\r\n\r\n<h3 id=\"tip4\" class=\"wp-block-heading\"><strong>Contacte a un abogado especializado en accidentes con veh\u00edculos todo terreno<\/strong><\/h3>\r\n\r\n\r\n<div class=\"wp-block-image\">\r\n<figure class=\"alignright\"><img loading=\"lazy\" decoding=\"async\" width=\"300\" height=\"200\" class=\"wp-image-17897\" src=\"https:\/\/plg-pllc.com\/wp-content\/uploads\/2020\/09\/home-box1-300x200.jpeg\" alt=\"Los mejores abogados de lesiones personales de Federal Way Renton Bellevue Seattle\" srcset=\"https:\/\/plg-pllc.com\/wp-content\/uploads\/2020\/09\/home-box1-300x200.jpeg 300w, https:\/\/plg-pllc.com\/wp-content\/uploads\/2020\/09\/home-box1-1024x682.jpeg 1024w, https:\/\/plg-pllc.com\/wp-content\/uploads\/2020\/09\/home-box1-768x511.jpeg 768w, https:\/\/plg-pllc.com\/wp-content\/uploads\/2020\/09\/home-box1-640x426.jpeg 640w, https:\/\/plg-pllc.com\/wp-content\/uploads\/2020\/09\/home-box1-1200x799.jpeg 1200w, https:\/\/plg-pllc.com\/wp-content\/uploads\/2020\/09\/home-box1-250x166.jpeg 250w, https:\/\/plg-pllc.com\/wp-content\/uploads\/2020\/09\/home-box1.jpeg 1280w\" sizes=\"auto, (max-width: 300px) 100vw, 300px\" \/><\/figure>\r\n<\/div>\r\n\r\n\r\n<p>Hay varias cosas que puede hacer para ayudar a proteger su reclamo por accidente de ATV. Si es posible, recopile informaci\u00f3n de otras personas involucradas en el accidente. Intente obtener nombres, direcciones, n\u00fameros de tel\u00e9fono e informaci\u00f3n del seguro.<\/p>\r\n\r\n\r\n\r\n<p>Aunque no sea posible hacerlo mientras se conduce fuera de la carretera, documente los nombres y n\u00fameros de tel\u00e9fono de los testigos. Si es posible, recuerde llamar a las autoridades si es necesario. Adem\u00e1s, aseg\u00farese de tomar fotograf\u00edas de la escena del accidente. Trate de incluir los veh\u00edculos y las personas involucradas. Adem\u00e1s, incluya fotograf\u00edas de sus lesiones inmediatamente despu\u00e9s del accidente y mientras se est\u00e1n curando.<\/p>\r\n\r\n\r\n\r\n<p>Adem\u00e1s, hay muchas ventajas en contratar a alguien<a href=\"https:\/\/plg-pllc.com\/\"> lo antes posible<\/a>. <a href=\"https:\/\/plg-pllc.com\/contact-us\/\">Contacta con Premie<\/a><a href=\"https:\/\/plg-pllc.com\/contact-us\/\">Grupo de abogados r<\/a> Hablar con uno de nuestros abogados especializados en accidentes con veh\u00edculos todo terreno en Washington es una de las mejores cosas que puede hacer para proteger su demanda por accidente con veh\u00edculos todo terreno. Ofrecemos evaluaciones iniciales gratuitas de casos de accidentes con veh\u00edculos todo terreno en el estado de Washington. Adem\u00e1s, le ayudaremos a proteger su salud, bienestar emocional y finanzas de inmediato y le brindaremos recursos \u00fatiles.<\/p>\r\n\r\n\r\n\r\n<p>En Premier Law Group, nuestro objetivo es brindar a todos los que nos contactan m\u00e1s informaci\u00f3n sobre sus opciones legales, ya sea que terminemos represent\u00e1ndolos o no. <a href=\"https:\/\/plg-pllc.com\/contact-us\/\">Comun\u00edquese con Premier Law Group<\/a> Para programar una <a href=\"https:\/\/plg-pllc.com\/contact-us\/\"><strong>GRATIS <\/strong><\/a>Revisi\u00f3n de caso de accidente de ATV hoy. Llame <em>206.285.1743<\/em>.<\/p>\r\n\n        <div class=\"rs-content-cta\">\n            <p>Llamar o enviar mensaje de texto <a href=\"tel:+12062851743\">(206) 285-1743<\/a> o complete un formulario de evaluaci\u00f3n de caso gratuito<\/p>\n            <a href=\"https:\/\/plg-pllc.com\/es\/contact-us\/\" title=\"OBTENGA UNA EVALUACI\u00d3N DE CASO GRATUITA\" class=\"btn-global\">OBTENGA UNA EVALUACI\u00d3N DE CASO GRATUITA<\/a>\n                    <picture>\n                            <source srcset=\"https:\/\/plg-pllc.com\/wp-content\/themes\/plg-pllc-redesign\/assets\/app\/img\/cta-thumb.webp\" type=\"image\/webp\"\/>\n                            <img src=\"https:\/\/plg-pllc.com\/wp-content\/themes\/plg-pllc-redesign\/assets\/app\/img\/cta-thumb.png\" alt=\"Grupo de abogados Premier\" title=\"Grupo de abogados Premier\" width=\"245\" height=\"220\" loading=\"auto\" fetchpriority=\"auto\" decoding=\"async\"\/>\n        <\/picture>\n        \n        <\/div>","protected":false},"excerpt":{"rendered":"<p>Estad\u00edsticas de accidentes de veh\u00edculos todo terreno Los veh\u00edculos todo terreno, tambi\u00e9n llamados ATV, son una manera fant\u00e1stica de ver Washington. Le permiten experimentar el hermoso estado sin tener que permanecer en una carretera. Ofrecen una manera \u00fanica y emocionante de explorar la belleza natural de Washington. Hay muchos senderos para explorar, en cualquier cantidad de nuestros estados \u2026<\/p>","protected":false},"author":24,"featured_media":0,"parent":20122,"menu_order":0,"comment_status":"closed","ping_status":"closed","template":"","meta":{"_acf_changed":false,"_genesis_hide_title":false,"_genesis_hide_breadcrumbs":false,"_genesis_hide_singular_image":false,"_genesis_hide_footer_widgets":false,"_genesis_custom_body_class":"","_genesis_custom_post_class":"","_genesis_layout":"","footnotes":""},"hc_faqs":[],"class_list":{"0":"post-18420","1":"page","2":"type-page","3":"status-publish","5":"hc_city_location-seattle","6":"entry","7":"has-post-thumbnail"},"acf":[],"yoast_head":"<!-- This site is optimized with the Yoast SEO plugin v27.4 - https:\/\/yoast.com\/product\/yoast-seo-wordpress\/ -->\n<title>ATV Accident Lawyer in Seattle | Free Case Review<\/title>\n<meta name=\"description\" content=\"Seattle ATV Accident Lawyer: Premier Law Group helps you unlock the full compensation you deserve. No Fee Unless We Win.\" \/>\n<meta name=\"robots\" content=\"index, follow, max-snippet:-1, max-image-preview:large, max-video-preview:-1\" \/>\n<link rel=\"canonical\" href=\"https:\/\/plg-pllc.com\/es\/seattle\/atv-accident-lawyer\/\" \/>\n<meta property=\"og:locale\" content=\"es_MX\" \/>\n<meta property=\"og:type\" content=\"article\" \/>\n<meta property=\"og:title\" content=\"ATV Accident Lawyer in Seattle | Free Case Review\" \/>\n<meta property=\"og:description\" content=\"Seattle ATV Accident Lawyer: Premier Law Group helps you unlock the full compensation you deserve. No Fee Unless We Win.\" \/>\n<meta property=\"og:url\" content=\"https:\/\/plg-pllc.com\/es\/seattle\/atv-accident-lawyer\/\" \/>\n<meta property=\"og:site_name\" content=\"Premier Law Group\" \/>\n<meta property=\"article:publisher\" content=\"https:\/\/www.facebook.com\/premierlawgroup\" \/>\n<meta property=\"article:modified_time\" content=\"2025-02-14T22:12:57+00:00\" \/>\n<meta property=\"og:image\" content=\"https:\/\/plg-pllc.com\/wp-content\/uploads\/2011\/01\/atv-wreck.jpg\" \/>\n\t<meta property=\"og:image:width\" content=\"400\" \/>\n\t<meta property=\"og:image:height\" content=\"268\" \/>\n\t<meta property=\"og:image:type\" content=\"image\/jpeg\" \/>\n<meta name=\"twitter:card\" content=\"summary_large_image\" \/>\n<meta name=\"twitter:site\" content=\"@premierlawgroup\" \/>\n<meta name=\"twitter:label1\" content=\"Tiempo de lectura\" \/>\n\t<meta name=\"twitter:data1\" content=\"5 minutos\" \/>\n<script type=\"application\/ld+json\" class=\"yoast-schema-graph\">{\"@context\":\"https:\\\/\\\/schema.org\",\"@graph\":[{\"@type\":\"WebPage\",\"@id\":\"https:\\\/\\\/plg-pllc.com\\\/seattle\\\/atv-accident-lawyer\\\/\",\"url\":\"https:\\\/\\\/plg-pllc.com\\\/seattle\\\/atv-accident-lawyer\\\/\",\"name\":\"ATV Accident Lawyer in Seattle | Free Case Review\",\"isPartOf\":{\"@id\":\"https:\\\/\\\/plg-pllc.com\\\/#website\"},\"primaryImageOfPage\":{\"@id\":\"https:\\\/\\\/plg-pllc.com\\\/seattle\\\/atv-accident-lawyer\\\/#primaryimage\"},\"image\":{\"@id\":\"https:\\\/\\\/plg-pllc.com\\\/seattle\\\/atv-accident-lawyer\\\/#primaryimage\"},\"thumbnailUrl\":\"https:\\\/\\\/plg-pllc.com\\\/wp-content\\\/uploads\\\/2011\\\/01\\\/atv-wreck-300x201.jpg\",\"datePublished\":\"2021-05-01T15:38:10+00:00\",\"dateModified\":\"2025-02-14T22:12:57+00:00\",\"description\":\"Seattle ATV Accident Lawyer: Premier Law Group helps you unlock the full compensation you deserve. No Fee Unless We Win.\",\"breadcrumb\":{\"@id\":\"https:\\\/\\\/plg-pllc.com\\\/seattle\\\/atv-accident-lawyer\\\/#breadcrumb\"},\"inLanguage\":\"es\",\"potentialAction\":[{\"@type\":\"ReadAction\",\"target\":[\"https:\\\/\\\/plg-pllc.com\\\/seattle\\\/atv-accident-lawyer\\\/\"]}]},{\"@type\":\"ImageObject\",\"inLanguage\":\"es\",\"@id\":\"https:\\\/\\\/plg-pllc.com\\\/seattle\\\/atv-accident-lawyer\\\/#primaryimage\",\"url\":\"https:\\\/\\\/plg-pllc.com\\\/wp-content\\\/uploads\\\/2011\\\/01\\\/atv-wreck-300x201.jpg\",\"contentUrl\":\"https:\\\/\\\/plg-pllc.com\\\/wp-content\\\/uploads\\\/2011\\\/01\\\/atv-wreck-300x201.jpg\"},{\"@type\":\"BreadcrumbList\",\"@id\":\"https:\\\/\\\/plg-pllc.com\\\/seattle\\\/atv-accident-lawyer\\\/#breadcrumb\",\"itemListElement\":[{\"@type\":\"ListItem\",\"position\":1,\"name\":\"Home\",\"item\":\"https:\\\/\\\/plg-pllc.com\\\/es\\\/\"},{\"@type\":\"ListItem\",\"position\":2,\"name\":\"Seattle Personal Injury Lawyer\",\"item\":\"https:\\\/\\\/plg-pllc.com\\\/es\\\/seattle\\\/personal-injury-lawyer\\\/\"},{\"@type\":\"ListItem\",\"position\":3,\"name\":\"Seattle ATV Accident Lawyer\"}]},{\"@type\":\"WebSite\",\"@id\":\"https:\\\/\\\/plg-pllc.com\\\/#website\",\"url\":\"https:\\\/\\\/plg-pllc.com\\\/\",\"name\":\"Premier Law Group\",\"description\":\"Washington Wrongful Death and Serious Injury Lawyer\",\"publisher\":{\"@id\":\"https:\\\/\\\/plg-pllc.com\\\/#organization\"},\"inLanguage\":\"es\"},{\"@type\":\"Organization\",\"@id\":\"https:\\\/\\\/plg-pllc.com\\\/#organization\",\"name\":\"Premier Law Group\",\"url\":\"https:\\\/\\\/plg-pllc.com\\\/\",\"logo\":{\"@type\":\"ImageObject\",\"inLanguage\":\"es\",\"@id\":\"https:\\\/\\\/plg-pllc.com\\\/#\\\/schema\\\/logo\\\/image\\\/\",\"url\":\"https:\\\/\\\/plg-pllc.com\\\/wp-content\\\/uploads\\\/2020\\\/10\\\/plg-logo-v2.gif\",\"contentUrl\":\"https:\\\/\\\/plg-pllc.com\\\/wp-content\\\/uploads\\\/2020\\\/10\\\/plg-logo-v2.gif\",\"width\":592,\"height\":191,\"caption\":\"Premier Law Group\"},\"image\":{\"@id\":\"https:\\\/\\\/plg-pllc.com\\\/#\\\/schema\\\/logo\\\/image\\\/\"},\"sameAs\":[\"https:\\\/\\\/www.facebook.com\\\/premierlawgroup\",\"https:\\\/\\\/x.com\\\/premierlawgroup\"]}]}<\/script>\n<!-- \/ Yoast SEO plugin. -->","yoast_head_json":{"title":"Abogado de accidentes con veh\u00edculos todo terreno en Seattle | Revisi\u00f3n gratuita de casos","description":"Abogado de accidentes con veh\u00edculos todo terreno en Seattle: Premier Law Group lo ayuda a obtener la compensaci\u00f3n total que merece. Sin honorarios a menos que ganemos.","robots":{"index":"index","follow":"follow","max-snippet":"max-snippet:-1","max-image-preview":"max-image-preview:large","max-video-preview":"max-video-preview:-1"},"canonical":"https:\/\/plg-pllc.com\/es\/seattle\/atv-accident-lawyer\/","og_locale":"es_MX","og_type":"article","og_title":"ATV Accident Lawyer in Seattle | Free Case Review","og_description":"Seattle ATV Accident Lawyer: Premier Law Group helps you unlock the full compensation you deserve. No Fee Unless We Win.","og_url":"https:\/\/plg-pllc.com\/es\/seattle\/atv-accident-lawyer\/","og_site_name":"Premier Law Group","article_publisher":"https:\/\/www.facebook.com\/premierlawgroup","article_modified_time":"2025-02-14T22:12:57+00:00","og_image":[{"width":400,"height":268,"url":"https:\/\/plg-pllc.com\/wp-content\/uploads\/2011\/01\/atv-wreck.jpg","type":"image\/jpeg"}],"twitter_card":"summary_large_image","twitter_site":"@premierlawgroup","twitter_misc":{"Tiempo de lectura":"5 minutos"},"schema":{"@context":"https:\/\/schema.org","@graph":[{"@type":"WebPage","@id":"https:\/\/plg-pllc.com\/seattle\/atv-accident-lawyer\/","url":"https:\/\/plg-pllc.com\/seattle\/atv-accident-lawyer\/","name":"Abogado de accidentes con veh\u00edculos todo terreno en Seattle | Revisi\u00f3n gratuita de casos","isPartOf":{"@id":"https:\/\/plg-pllc.com\/#website"},"primaryImageOfPage":{"@id":"https:\/\/plg-pllc.com\/seattle\/atv-accident-lawyer\/#primaryimage"},"image":{"@id":"https:\/\/plg-pllc.com\/seattle\/atv-accident-lawyer\/#primaryimage"},"thumbnailUrl":"https:\/\/plg-pllc.com\/wp-content\/uploads\/2011\/01\/atv-wreck-300x201.jpg","datePublished":"2021-05-01T15:38:10+00:00","dateModified":"2025-02-14T22:12:57+00:00","description":"Abogado de accidentes con veh\u00edculos todo terreno en Seattle: Premier Law Group lo ayuda a obtener la compensaci\u00f3n total que merece. Sin honorarios a menos que ganemos.","breadcrumb":{"@id":"https:\/\/plg-pllc.com\/seattle\/atv-accident-lawyer\/#breadcrumb"},"inLanguage":"es","potentialAction":[{"@type":"ReadAction","target":["https:\/\/plg-pllc.com\/seattle\/atv-accident-lawyer\/"]}]},{"@type":"ImageObject","inLanguage":"es","@id":"https:\/\/plg-pllc.com\/seattle\/atv-accident-lawyer\/#primaryimage","url":"https:\/\/plg-pllc.com\/wp-content\/uploads\/2011\/01\/atv-wreck-300x201.jpg","contentUrl":"https:\/\/plg-pllc.com\/wp-content\/uploads\/2011\/01\/atv-wreck-300x201.jpg"},{"@type":"BreadcrumbList","@id":"https:\/\/plg-pllc.com\/seattle\/atv-accident-lawyer\/#breadcrumb","itemListElement":[{"@type":"ListItem","position":1,"name":"Home","item":"https:\/\/plg-pllc.com\/es\/"},{"@type":"ListItem","position":2,"name":"Seattle Personal Injury Lawyer","item":"https:\/\/plg-pllc.com\/es\/seattle\/personal-injury-lawyer\/"},{"@type":"ListItem","position":3,"name":"Seattle ATV Accident Lawyer"}]},{"@type":"WebSite","@id":"https:\/\/plg-pllc.com\/#website","url":"https:\/\/plg-pllc.com\/","name":"Grupo de abogados Premier","description":"Abogado de muerte por negligencia y lesiones graves en Washington","publisher":{"@id":"https:\/\/plg-pllc.com\/#organization"},"inLanguage":"es"},{"@type":"Organization","@id":"https:\/\/plg-pllc.com\/#organization","name":"Grupo de abogados Premier","url":"https:\/\/plg-pllc.com\/","logo":{"@type":"ImageObject","inLanguage":"es","@id":"https:\/\/plg-pllc.com\/#\/schema\/logo\/image\/","url":"https:\/\/plg-pllc.com\/wp-content\/uploads\/2020\/10\/plg-logo-v2.gif","contentUrl":"https:\/\/plg-pllc.com\/wp-content\/uploads\/2020\/10\/plg-logo-v2.gif","width":592,"height":191,"caption":"Premier Law Group"},"image":{"@id":"https:\/\/plg-pllc.com\/#\/schema\/logo\/image\/"},"sameAs":["https:\/\/www.facebook.com\/premierlawgroup","https:\/\/x.com\/premierlawgroup"]}]}},"_links":{"self":[{"href":"https:\/\/plg-pllc.com\/es\/wp-json\/wp\/v2\/pages\/18420","targetHints":{"allow":["GET"]}}],"collection":[{"href":"https:\/\/plg-pllc.com\/es\/wp-json\/wp\/v2\/pages"}],"about":[{"href":"https:\/\/plg-pllc.com\/es\/wp-json\/wp\/v2\/types\/page"}],"author":[{"embeddable":true,"href":"https:\/\/plg-pllc.com\/es\/wp-json\/wp\/v2\/users\/24"}],"replies":[{"embeddable":true,"href":"https:\/\/plg-pllc.com\/es\/wp-json\/wp\/v2\/comments?post=18420"}],"version-history":[{"count":0,"href":"https:\/\/plg-pllc.com\/es\/wp-json\/wp\/v2\/pages\/18420\/revisions"}],"up":[{"embeddable":true,"href":"https:\/\/plg-pllc.com\/es\/wp-json\/wp\/v2\/pages\/20122"}],"wp:attachment":[{"href":"https:\/\/plg-pllc.com\/es\/wp-json\/wp\/v2\/media?parent=18420"}],"wp:term":[{"taxonomy":"hc_faqs","embeddable":true,"href":"https:\/\/plg-pllc.com\/es\/wp-json\/wp\/v2\/hc_faqs?post=18420"}],"curies":[{"name":"gracias","href":"https:\/\/api.w.org\/{rel}","templated":true}]}}