{"id":18421,"date":"2021-05-01T08:37:19","date_gmt":"2021-05-01T15:37:19","guid":{"rendered":"https:\/\/plg-pllc.com\/?page_id=18421"},"modified":"2025-02-14T14:12:59","modified_gmt":"2025-02-14T22:12:59","slug":"whiplash","status":"publish","type":"page","link":"https:\/\/plg-pllc.com\/es\/seattle\/car-accident-lawyer\/whiplash\/","title":{"rendered":"Abogado de lesiones por latigazo cervical en Seattle"},"content":{"rendered":"<h2><strong>Abogados de lesiones por latigazo cervical en Seattle<\/strong><\/h2>\n<p><img loading=\"lazy\" decoding=\"async\" class=\"alignleft size-medium wp-image-18422\" src=\"https:\/\/plg-pllc.com\/wp-content\/uploads\/2021\/04\/pexels-kindel-media-7298867-300x169.jpg\" alt=\"Dolor por latigazo cervical despu\u00e9s de un accidente automovil\u00edstico en Seattle\" width=\"300\" height=\"169\" srcset=\"https:\/\/plg-pllc.com\/wp-content\/uploads\/2021\/04\/pexels-kindel-media-7298867-300x169.jpg 300w, https:\/\/plg-pllc.com\/wp-content\/uploads\/2021\/04\/pexels-kindel-media-7298867-1024x577.jpg 1024w, https:\/\/plg-pllc.com\/wp-content\/uploads\/2021\/04\/pexels-kindel-media-7298867-768x433.jpg 768w, https:\/\/plg-pllc.com\/wp-content\/uploads\/2021\/04\/pexels-kindel-media-7298867-1536x865.jpg 1536w, https:\/\/plg-pllc.com\/wp-content\/uploads\/2021\/04\/pexels-kindel-media-7298867-2048x1154.jpg 2048w, https:\/\/plg-pllc.com\/wp-content\/uploads\/2021\/04\/pexels-kindel-media-7298867-640x360.jpg 640w, https:\/\/plg-pllc.com\/wp-content\/uploads\/2021\/04\/pexels-kindel-media-7298867-1200x676.jpg 1200w, https:\/\/plg-pllc.com\/wp-content\/uploads\/2021\/04\/pexels-kindel-media-7298867-1920x1081.jpg 1920w, https:\/\/plg-pllc.com\/wp-content\/uploads\/2021\/04\/pexels-kindel-media-7298867-250x141.jpg 250w\" sizes=\"auto, (max-width: 300px) 100vw, 300px\" \/>El latigazo cervical es una de las lesiones m\u00e1s frecuentes que sufren las personas que sufren accidentes de tr\u00e1fico. Sin embargo, sus s\u00edntomas suelen pasar desapercibidos. Adem\u00e1s, si no se trata, el latigazo cervical provocado por un accidente de tr\u00e1fico puede afectar a la vida diaria. Una lesi\u00f3n por latigazo cervical puede causar dolor y malestar durante a\u00f1os despu\u00e9s del accidente inicial. Si usted o un ser querido ha sufrido recientemente un accidente de tr\u00e1fico y ha experimentado s\u00edntomas de latigazo cervical, es importante hablar con un profesional de la salud. <a href=\"https:\/\/plg-pllc.com\/\">abogado experimentado<\/a>Un abogado especializado en latigazo cervical de Seattle puede protegerlo legalmente y obtener una compensaci\u00f3n de la persona o personas que causaron sus lesiones.<\/p>\n<p>Adem\u00e1s, en <a href=\"https:\/\/plg-pllc.com\/\">Grupo de abogados Premier<\/a>Nuestros abogados especializados en lesiones por latigazo cervical en Washington saben lo frustrante que es estar en su situaci\u00f3n. Tambi\u00e9n entendemos el costo de estar involucrado en un accidente automovil\u00edstico y la tensi\u00f3n que esto le genera. Es por eso que nuestro objetivo es garantizarle una compensaci\u00f3n completa y justa, para que pueda concentrarse en su recuperaci\u00f3n.<\/p>\n<p>Hablar con un <a href=\"https:\/\/plg-pllc.com\/\">Abogado de lesiones personales en Seattle,<\/a> Cont\u00e1ctenos hoy en <em>206.285.1743<\/em> Para un <strong>GRATIS<\/strong> \u00a1consulta!<\/p>\n<h2><strong>\u00bfQu\u00e9 es el latigazo cervical?<\/strong><\/h2>\n<p>El latigazo cervical es el resultado de un movimiento repentino y r\u00e1pido de la cabeza, hacia atr\u00e1s, hacia delante o hacia los lados. Puede provocar diversas lesiones en el cuello y la columna vertebral. Los movimientos repentinos pueden da\u00f1ar las v\u00e9rtebras del cuello. Adem\u00e1s, el latigazo cervical provocado por un accidente de tr\u00e1fico tambi\u00e9n puede da\u00f1ar los m\u00fasculos y ligamentos que las sostienen. A medida que el cuello llega a sus l\u00edmites, se acumula una tensi\u00f3n extrema. Como resultado, los m\u00fasculos y otros tejidos se \u201cagitan\u201d con un espasmo violento en la direcci\u00f3n opuesta.<\/p>\n<p>Cuando se produce este espasmo, los discos blandos que se encuentran entre los huesos de la columna vertebral pueden estirarse o desgarrarse. Adem\u00e1s, las v\u00e9rtebras tambi\u00e9n pueden verse forzadas a salir de su posici\u00f3n normal. Esto da como resultado una reducci\u00f3n del rango de movimiento. Adem\u00e1s, la m\u00e9dula espinal y las ra\u00edces nerviosas del cuello pueden estirarse e irritarse.<\/p>\n<h2><strong>\u00bfC\u00f3mo s\u00e9 si tengo latigazo cervical?<\/strong><\/h2>\n<p><img loading=\"lazy\" decoding=\"async\" class=\"alignright size-medium wp-image-18423\" src=\"https:\/\/plg-pllc.com\/wp-content\/uploads\/2021\/04\/pexels-karolina-grabowska-4506161-200x300.jpg\" alt=\"Abogados de latigazo cervical en Bellevue, Renton, Federal Way y Seattle\" width=\"200\" height=\"300\" srcset=\"https:\/\/plg-pllc.com\/wp-content\/uploads\/2021\/04\/pexels-karolina-grabowska-4506161-200x300.jpg 200w, https:\/\/plg-pllc.com\/wp-content\/uploads\/2021\/04\/pexels-karolina-grabowska-4506161-683x1024.jpg 683w, https:\/\/plg-pllc.com\/wp-content\/uploads\/2021\/04\/pexels-karolina-grabowska-4506161-768x1152.jpg 768w, https:\/\/plg-pllc.com\/wp-content\/uploads\/2021\/04\/pexels-karolina-grabowska-4506161-1024x1536.jpg 1024w, https:\/\/plg-pllc.com\/wp-content\/uploads\/2021\/04\/pexels-karolina-grabowska-4506161-1365x2048.jpg 1365w, https:\/\/plg-pllc.com\/wp-content\/uploads\/2021\/04\/pexels-karolina-grabowska-4506161-640x960.jpg 640w, https:\/\/plg-pllc.com\/wp-content\/uploads\/2021\/04\/pexels-karolina-grabowska-4506161-1200x1800.jpg 1200w, https:\/\/plg-pllc.com\/wp-content\/uploads\/2021\/04\/pexels-karolina-grabowska-4506161-1920x2880.jpg 1920w, https:\/\/plg-pllc.com\/wp-content\/uploads\/2021\/04\/pexels-karolina-grabowska-4506161-133x200.jpg 133w, https:\/\/plg-pllc.com\/wp-content\/uploads\/2021\/04\/pexels-karolina-grabowska-4506161-scaled.jpg 1707w\" sizes=\"auto, (max-width: 200px) 100vw, 200px\" \/>Puede resultar dif\u00edcil reconocer si realmente has sufrido alguna lesi\u00f3n despu\u00e9s de un accidente de tr\u00e1fico. Adem\u00e1s, los s\u00edntomas del latigazo cervical pueden aparecer lentamente. Algunas personas, especialmente cuando se ven implicadas en colisiones a baja velocidad, dan por sentado que no tienen lesiones. Sin embargo, el latigazo cervical provocado por un accidente de tr\u00e1fico puede producirse incluso a velocidades relativamente bajas.<\/p>\n<p>Los primeros signos y s\u00edntomas del latigazo cervical incluyen:<\/p>\n<ul>\n<li>Dolor de cuello<\/li>\n<li>Rigidez del cuello<\/li>\n<li>Disminuci\u00f3n de la capacidad para mover el cuello.<\/li>\n<li>Dolores de cabeza,<\/li>\n<li>Dolor o malestar en los brazos, hombros y parte superior de la espalda.<\/li>\n<li>Mareos y visi\u00f3n borrosa<\/li>\n<li>Sensaciones de hormigueo o de \u201calfileres y agujas\u201d en los brazos<\/li>\n<li>Problemas para dormir<\/li>\n<li>Fatiga<\/li>\n<li>Irritabilidad y ansiedad<\/li>\n<li>Zumbido en los o\u00eddos<\/li>\n<\/ul>\n<p>Incluso en accidentes a baja velocidad, debe comprobar si tiene s\u00edntomas de latigazo cervical. Si teme haber sufrido un latigazo cervical en un accidente de tr\u00e1fico, debe buscar tratamiento m\u00e9dico de inmediato. Despu\u00e9s, p\u00f3ngase en contacto con un <a href=\"https:\/\/plg-pllc.com\/\">abogado de accidentes automovil\u00edsticos.<\/a><\/p>\n\n        <div class=\"rs-content-cta long\">\n            <p>Para una consulta legal GRATUITA con un abogado especializado en lesiones por latigazo cervical que preste servicios en Seattle, llame al <a href=\"tel:+12062851743\">(206) 285-1743 <\/a><\/p>\n            <a href=\"https:\/\/plg-pllc.com\/es\/contact-us\/\" title=\"OBTENGA UNA EVALUACI\u00d3N DE CASO GRATUITA\" class=\"btn-global\">OBTENGA UNA EVALUACI\u00d3N DE CASO GRATUITA<\/a>\n                    <picture>\n                            <source srcset=\"https:\/\/plg-pllc.com\/wp-content\/themes\/plg-pllc-redesign\/assets\/app\/img\/cta-thumb.webp\" type=\"image\/webp\"\/>\n                            <img src=\"https:\/\/plg-pllc.com\/wp-content\/themes\/plg-pllc-redesign\/assets\/app\/img\/cta-thumb.png\" alt=\"Grupo de abogados Premier\" title=\"Grupo de abogados Premier\" width=\"245\" height=\"220\" loading=\"auto\" fetchpriority=\"auto\" decoding=\"async\"\/>\n        <\/picture>\n        \n        <\/div><h2><strong><em>\u00bfPor qu\u00e9 es necesario el tratamiento?<\/em><\/strong><\/h2>\n<p>Muchas v\u00edctimas de un accidente de tr\u00e1fico que sufren un latigazo cervical solo sienten dolor en el cuello inmediatamente despu\u00e9s del choque. En estos casos, las v\u00edctimas suelen decidir que no necesitan atenci\u00f3n m\u00e9dica. Sin embargo, esto es un grave error. Seg\u00fan la gravedad del da\u00f1o y la ubicaci\u00f3n de la lesi\u00f3n, los problemas resultantes pueden empeorar.<\/p>\n<p>Sin embargo, la mayor\u00eda de las personas que sufren una lesi\u00f3n por latigazo cervical pueden recuperarse por completo. Las v\u00edctimas de una lesi\u00f3n por latigazo cervical pueden recibir un collar\u00edn cervical blando para limitar el movimiento del cuello. En algunos casos, la inmovilizaci\u00f3n prolongada puede ayudar a que el cuello se cure. Adem\u00e1s, despu\u00e9s de un tiempo de recuperaci\u00f3n, la v\u00edctima lesionada puede requerir ayudas como fisioterapia o tratamiento quiropr\u00e1ctico.<\/p>\n<h2><strong>Recuperaci\u00f3n de una indemnizaci\u00f3n por su caso de lesi\u00f3n por latigazo cervical en Seattle<\/strong><\/h2>\n<p>La compensaci\u00f3n que reciba depender\u00e1 de diversos factores, entre ellos:<\/p>\n<ul>\n<li>Los l\u00edmites de la p\u00f3liza de seguro del conductor<\/li>\n<li>La gravedad de sus lesiones<\/li>\n<li>El alcance del da\u00f1o a su veh\u00edculo<\/li>\n<li>El alcance del da\u00f1o a cualquier propiedad<\/li>\n<\/ul>\n<p>Es importante saber que muchas p\u00f3lizas de seguro de autom\u00f3vil no cubren da\u00f1os no econ\u00f3micos. <a href=\"https:\/\/plg-pllc.com\/\">Grupo de abogados Premier<\/a>Nuestros abogados especializados en latigazos cervicales de Seattle se encargar\u00e1n de estas comunicaciones mientras usted se concentra en recuperarse. En el estado de Washington, el tribunal reconoce dos tipos de da\u00f1os sufridos por las v\u00edctimas de accidentes automovil\u00edsticos: econ\u00f3micos y no econ\u00f3micos. Esto garantiza que reciba una compensaci\u00f3n completa por el da\u00f1o que ha sufrido.<\/p>\n<p><strong>Da\u00f1o econ\u00f3mico<\/strong> Para las v\u00edctimas de lesiones por latigazo cervical incluye:<\/p>\n<ul>\n<li>Atenci\u00f3n m\u00e9dica<\/li>\n<li>Fisioterapia<\/li>\n<li>Costos de cualquier equipo m\u00e9dico<\/li>\n<li>Salarios perdidos<\/li>\n<\/ul>\n<p>Las v\u00edctimas de lesiones por latigazo cervical tambi\u00e9n pueden recibir una compensaci\u00f3n por <strong>da\u00f1o no econ\u00f3mico<\/strong>, incluido:<\/p>\n<ul>\n<li>Dolor y sufrimiento<\/li>\n<li>Angustia emocional<\/li>\n<li>Otros sufrimientos psicol\u00f3gicos derivados del accidente de tr\u00e1fico<\/li>\n<\/ul>\n<h2><strong>Contacte a un abogado especializado en accidentes automovil\u00edsticos<\/strong><\/h2>\n<p><img loading=\"lazy\" decoding=\"async\" class=\"alignleft size-medium wp-image-17837\" src=\"https:\/\/plg-pllc.com\/wp-content\/uploads\/2020\/09\/imgmenufree-300x197.jpg\" alt=\"Abogados con experiencia en accidentes automovil\u00edsticos en Seattle, Federal Way, Renton y Bellevue\" width=\"300\" height=\"197\" srcset=\"https:\/\/plg-pllc.com\/wp-content\/uploads\/2020\/09\/imgmenufree-300x197.jpg 300w, https:\/\/plg-pllc.com\/wp-content\/uploads\/2020\/09\/imgmenufree-250x164.jpg 250w, https:\/\/plg-pllc.com\/wp-content\/uploads\/2020\/09\/imgmenufree.jpg 400w\" sizes=\"auto, (max-width: 300px) 100vw, 300px\" \/>Quiz\u00e1s lo mejor que puede hacer para proteger su reclamo es <a href=\"https:\/\/plg-pllc.com\/contact-us\/\">Contacte con Premier Law Group<\/a>\u00a1Puede hablar directamente con uno de nuestros abogados de Seattle especializados en latigazo cervical! No solo con un asistente legal o un especialista en admisi\u00f3n. Ofrecemos <b>GRATIS <\/b>Consulta inicial por lesiones por latigazo cervical en el estado de Washington.<\/p>\n<p>Adem\u00e1s, con frecuencia nos preguntan: \u201c<em>\u00bfCu\u00e1ndo debo contratar a un abogado especializado en lesiones por latigazo cervical del estado de Washington?\u201d<\/em>\u00a0Hay muchas ventajas en contratar a alguien <a href=\"https:\/\/plg-pllc.com\/\">lo antes posible<\/a>El abogado adecuado le ayudar\u00e1 a proteger su salud, su bienestar emocional y sus finanzas de inmediato y le brindar\u00e1 recursos \u00fatiles.<\/p>\n<p>En Premier Law Group, nuestro objetivo es informar a todas las personas que se comunican con nosotros sobre sus opciones legales, ya sea que terminemos represent\u00e1ndolos o no. Creemos en dejar a las personas en una mejor situaci\u00f3n que cuando nos encontraron. <a href=\"https:\/\/plg-pllc.com\/contact-us\/\">Comun\u00edquese con Premier Law Group<\/a> Para programar una evaluaci\u00f3n gratuita de su caso de lesi\u00f3n por latigazo cervical hoy mismo, llame al 206.285.1743.<\/p>\n\n        <div class=\"rs-content-cta\">\n            <p>Llamar o enviar mensaje de texto <a href=\"tel:+12062851743\">(206) 285-1743<\/a> o complete un formulario de evaluaci\u00f3n de caso gratuito<\/p>\n            <a href=\"https:\/\/plg-pllc.com\/es\/contact-us\/\" title=\"OBTENGA UNA EVALUACI\u00d3N DE CASO GRATUITA\" class=\"btn-global\">OBTENGA UNA EVALUACI\u00d3N DE CASO GRATUITA<\/a>\n                    <picture>\n                            <source srcset=\"https:\/\/plg-pllc.com\/wp-content\/themes\/plg-pllc-redesign\/assets\/app\/img\/cta-thumb.webp\" type=\"image\/webp\"\/>\n                            <img src=\"https:\/\/plg-pllc.com\/wp-content\/themes\/plg-pllc-redesign\/assets\/app\/img\/cta-thumb.png\" alt=\"Grupo de abogados Premier\" title=\"Grupo de abogados Premier\" width=\"245\" height=\"220\" loading=\"auto\" fetchpriority=\"auto\" decoding=\"async\"\/>\n        <\/picture>\n        \n        <\/div>","protected":false},"excerpt":{"rendered":"<p>Abogados de lesiones por latigazo cervical en Seattle El latigazo cervical es una de las lesiones m\u00e1s frecuentes que sufren quienes sufren accidentes automovil\u00edsticos. Sin embargo, sus s\u00edntomas suelen pasar desapercibidos. Adem\u00e1s, si no se trata, el latigazo cervical provocado por un accidente automovil\u00edstico puede afectar la vida diaria. Una lesi\u00f3n por latigazo cervical puede causar dolor y malestar durante a\u00f1os despu\u00e9s del accidente inicial. Si\u2026<\/p>","protected":false},"author":24,"featured_media":0,"parent":17293,"menu_order":0,"comment_status":"closed","ping_status":"closed","template":"","meta":{"_acf_changed":false,"_genesis_hide_title":false,"_genesis_hide_breadcrumbs":false,"_genesis_hide_singular_image":false,"_genesis_hide_footer_widgets":false,"_genesis_custom_body_class":"","_genesis_custom_post_class":"","_genesis_layout":"","footnotes":""},"hc_faqs":[],"class_list":{"0":"post-18421","1":"page","2":"type-page","3":"status-publish","5":"hc_city_location-seattle","6":"entry","7":"has-post-thumbnail"},"acf":[],"yoast_head":"<!-- This site is optimized with the Yoast SEO plugin v27.4 - https:\/\/yoast.com\/product\/yoast-seo-wordpress\/ -->\n<title>Whiplash Injury Lawyer in Seattle | Free Case Review<\/title>\n<meta name=\"description\" content=\"Seattle Whiplash Injury Lawyer: Premier Law Group helps you unlock the full compensation you deserve. No Fee Unless We Win.\" \/>\n<meta name=\"robots\" content=\"index, follow, max-snippet:-1, max-image-preview:large, max-video-preview:-1\" \/>\n<link rel=\"canonical\" href=\"https:\/\/plg-pllc.com\/es\/seattle\/car-accident-lawyer\/whiplash\/\" \/>\n<meta property=\"og:locale\" content=\"es_MX\" \/>\n<meta property=\"og:type\" content=\"article\" \/>\n<meta property=\"og:title\" content=\"Whiplash Injury Lawyer in Seattle | Free Case Review\" \/>\n<meta property=\"og:description\" content=\"Seattle Whiplash Injury Lawyer: Premier Law Group helps you unlock the full compensation you deserve. No Fee Unless We Win.\" \/>\n<meta property=\"og:url\" content=\"https:\/\/plg-pllc.com\/es\/seattle\/car-accident-lawyer\/whiplash\/\" \/>\n<meta property=\"og:site_name\" content=\"Premier Law Group\" \/>\n<meta property=\"article:publisher\" content=\"https:\/\/www.facebook.com\/premierlawgroup\" \/>\n<meta property=\"article:modified_time\" content=\"2025-02-14T22:12:59+00:00\" \/>\n<meta property=\"og:image\" content=\"https:\/\/plg-pllc.com\/wp-content\/uploads\/2021\/04\/pexels-kindel-media-7298867-scaled.jpg\" \/>\n\t<meta property=\"og:image:width\" content=\"2560\" \/>\n\t<meta property=\"og:image:height\" content=\"1442\" \/>\n\t<meta property=\"og:image:type\" content=\"image\/jpeg\" \/>\n<meta name=\"twitter:card\" content=\"summary_large_image\" \/>\n<meta name=\"twitter:site\" content=\"@premierlawgroup\" \/>\n<meta name=\"twitter:label1\" content=\"Tiempo de lectura\" \/>\n\t<meta name=\"twitter:data1\" content=\"5 minutos\" \/>\n<script type=\"application\/ld+json\" class=\"yoast-schema-graph\">{\"@context\":\"https:\\\/\\\/schema.org\",\"@graph\":[{\"@type\":\"WebPage\",\"@id\":\"https:\\\/\\\/plg-pllc.com\\\/seattle\\\/car-accident-lawyer\\\/whiplash\\\/\",\"url\":\"https:\\\/\\\/plg-pllc.com\\\/seattle\\\/car-accident-lawyer\\\/whiplash\\\/\",\"name\":\"Whiplash Injury Lawyer in Seattle | Free Case Review\",\"isPartOf\":{\"@id\":\"https:\\\/\\\/plg-pllc.com\\\/#website\"},\"primaryImageOfPage\":{\"@id\":\"https:\\\/\\\/plg-pllc.com\\\/seattle\\\/car-accident-lawyer\\\/whiplash\\\/#primaryimage\"},\"image\":{\"@id\":\"https:\\\/\\\/plg-pllc.com\\\/seattle\\\/car-accident-lawyer\\\/whiplash\\\/#primaryimage\"},\"thumbnailUrl\":\"https:\\\/\\\/plg-pllc.com\\\/wp-content\\\/uploads\\\/2021\\\/04\\\/pexels-kindel-media-7298867-300x169.jpg\",\"datePublished\":\"2021-05-01T15:37:19+00:00\",\"dateModified\":\"2025-02-14T22:12:59+00:00\",\"description\":\"Seattle Whiplash Injury Lawyer: Premier Law Group helps you unlock the full compensation you deserve. No Fee Unless We Win.\",\"breadcrumb\":{\"@id\":\"https:\\\/\\\/plg-pllc.com\\\/seattle\\\/car-accident-lawyer\\\/whiplash\\\/#breadcrumb\"},\"inLanguage\":\"es\",\"potentialAction\":[{\"@type\":\"ReadAction\",\"target\":[\"https:\\\/\\\/plg-pllc.com\\\/seattle\\\/car-accident-lawyer\\\/whiplash\\\/\"]}]},{\"@type\":\"ImageObject\",\"inLanguage\":\"es\",\"@id\":\"https:\\\/\\\/plg-pllc.com\\\/seattle\\\/car-accident-lawyer\\\/whiplash\\\/#primaryimage\",\"url\":\"https:\\\/\\\/plg-pllc.com\\\/wp-content\\\/uploads\\\/2021\\\/04\\\/pexels-kindel-media-7298867-300x169.jpg\",\"contentUrl\":\"https:\\\/\\\/plg-pllc.com\\\/wp-content\\\/uploads\\\/2021\\\/04\\\/pexels-kindel-media-7298867-300x169.jpg\"},{\"@type\":\"BreadcrumbList\",\"@id\":\"https:\\\/\\\/plg-pllc.com\\\/seattle\\\/car-accident-lawyer\\\/whiplash\\\/#breadcrumb\",\"itemListElement\":[{\"@type\":\"ListItem\",\"position\":1,\"name\":\"Home\",\"item\":\"https:\\\/\\\/plg-pllc.com\\\/es\\\/\"},{\"@type\":\"ListItem\",\"position\":2,\"name\":\"Seattle Personal Injury Lawyer\",\"item\":\"https:\\\/\\\/plg-pllc.com\\\/es\\\/seattle\\\/personal-injury-lawyer\\\/\"},{\"@type\":\"ListItem\",\"position\":3,\"name\":\"Seattle Car Accident Lawyer\",\"item\":\"https:\\\/\\\/plg-pllc.com\\\/es\\\/seattle\\\/car-accident-lawyer\\\/\"},{\"@type\":\"ListItem\",\"position\":4,\"name\":\"Whiplash Injury\"}]},{\"@type\":\"WebSite\",\"@id\":\"https:\\\/\\\/plg-pllc.com\\\/#website\",\"url\":\"https:\\\/\\\/plg-pllc.com\\\/\",\"name\":\"Premier Law Group\",\"description\":\"Washington Wrongful Death and Serious Injury Lawyer\",\"publisher\":{\"@id\":\"https:\\\/\\\/plg-pllc.com\\\/#organization\"},\"inLanguage\":\"es\"},{\"@type\":\"Organization\",\"@id\":\"https:\\\/\\\/plg-pllc.com\\\/#organization\",\"name\":\"Premier Law Group\",\"url\":\"https:\\\/\\\/plg-pllc.com\\\/\",\"logo\":{\"@type\":\"ImageObject\",\"inLanguage\":\"es\",\"@id\":\"https:\\\/\\\/plg-pllc.com\\\/#\\\/schema\\\/logo\\\/image\\\/\",\"url\":\"https:\\\/\\\/plg-pllc.com\\\/wp-content\\\/uploads\\\/2020\\\/10\\\/plg-logo-v2.gif\",\"contentUrl\":\"https:\\\/\\\/plg-pllc.com\\\/wp-content\\\/uploads\\\/2020\\\/10\\\/plg-logo-v2.gif\",\"width\":592,\"height\":191,\"caption\":\"Premier Law Group\"},\"image\":{\"@id\":\"https:\\\/\\\/plg-pllc.com\\\/#\\\/schema\\\/logo\\\/image\\\/\"},\"sameAs\":[\"https:\\\/\\\/www.facebook.com\\\/premierlawgroup\",\"https:\\\/\\\/x.com\\\/premierlawgroup\"]}]}<\/script>\n<!-- \/ Yoast SEO plugin. -->","yoast_head_json":{"title":"Abogado de lesiones por latigazo cervical en Seattle | Revisi\u00f3n gratuita del caso","description":"Abogado de lesiones por latigazo cervical en Seattle: Premier Law Group lo ayuda a obtener la compensaci\u00f3n total que se merece. Sin honorarios a menos que ganemos.","robots":{"index":"index","follow":"follow","max-snippet":"max-snippet:-1","max-image-preview":"max-image-preview:large","max-video-preview":"max-video-preview:-1"},"canonical":"https:\/\/plg-pllc.com\/es\/seattle\/car-accident-lawyer\/whiplash\/","og_locale":"es_MX","og_type":"article","og_title":"Whiplash Injury Lawyer in Seattle | Free Case Review","og_description":"Seattle Whiplash Injury Lawyer: Premier Law Group helps you unlock the full compensation you deserve. No Fee Unless We Win.","og_url":"https:\/\/plg-pllc.com\/es\/seattle\/car-accident-lawyer\/whiplash\/","og_site_name":"Premier Law Group","article_publisher":"https:\/\/www.facebook.com\/premierlawgroup","article_modified_time":"2025-02-14T22:12:59+00:00","og_image":[{"width":2560,"height":1442,"url":"https:\/\/plg-pllc.com\/wp-content\/uploads\/2021\/04\/pexels-kindel-media-7298867-scaled.jpg","type":"image\/jpeg"}],"twitter_card":"summary_large_image","twitter_site":"@premierlawgroup","twitter_misc":{"Tiempo de lectura":"5 minutos"},"schema":{"@context":"https:\/\/schema.org","@graph":[{"@type":"WebPage","@id":"https:\/\/plg-pllc.com\/seattle\/car-accident-lawyer\/whiplash\/","url":"https:\/\/plg-pllc.com\/seattle\/car-accident-lawyer\/whiplash\/","name":"Abogado de lesiones por latigazo cervical en Seattle | Revisi\u00f3n gratuita del caso","isPartOf":{"@id":"https:\/\/plg-pllc.com\/#website"},"primaryImageOfPage":{"@id":"https:\/\/plg-pllc.com\/seattle\/car-accident-lawyer\/whiplash\/#primaryimage"},"image":{"@id":"https:\/\/plg-pllc.com\/seattle\/car-accident-lawyer\/whiplash\/#primaryimage"},"thumbnailUrl":"https:\/\/plg-pllc.com\/wp-content\/uploads\/2021\/04\/pexels-kindel-media-7298867-300x169.jpg","datePublished":"2021-05-01T15:37:19+00:00","dateModified":"2025-02-14T22:12:59+00:00","description":"Abogado de lesiones por latigazo cervical en Seattle: Premier Law Group lo ayuda a obtener la compensaci\u00f3n total que se merece. Sin honorarios a menos que ganemos.","breadcrumb":{"@id":"https:\/\/plg-pllc.com\/seattle\/car-accident-lawyer\/whiplash\/#breadcrumb"},"inLanguage":"es","potentialAction":[{"@type":"ReadAction","target":["https:\/\/plg-pllc.com\/seattle\/car-accident-lawyer\/whiplash\/"]}]},{"@type":"ImageObject","inLanguage":"es","@id":"https:\/\/plg-pllc.com\/seattle\/car-accident-lawyer\/whiplash\/#primaryimage","url":"https:\/\/plg-pllc.com\/wp-content\/uploads\/2021\/04\/pexels-kindel-media-7298867-300x169.jpg","contentUrl":"https:\/\/plg-pllc.com\/wp-content\/uploads\/2021\/04\/pexels-kindel-media-7298867-300x169.jpg"},{"@type":"BreadcrumbList","@id":"https:\/\/plg-pllc.com\/seattle\/car-accident-lawyer\/whiplash\/#breadcrumb","itemListElement":[{"@type":"ListItem","position":1,"name":"Home","item":"https:\/\/plg-pllc.com\/es\/"},{"@type":"ListItem","position":2,"name":"Seattle Personal Injury Lawyer","item":"https:\/\/plg-pllc.com\/es\/seattle\/personal-injury-lawyer\/"},{"@type":"ListItem","position":3,"name":"Seattle Car Accident Lawyer","item":"https:\/\/plg-pllc.com\/es\/seattle\/car-accident-lawyer\/"},{"@type":"ListItem","position":4,"name":"Whiplash Injury"}]},{"@type":"WebSite","@id":"https:\/\/plg-pllc.com\/#website","url":"https:\/\/plg-pllc.com\/","name":"Grupo de abogados Premier","description":"Abogado de muerte por negligencia y lesiones graves en Washington","publisher":{"@id":"https:\/\/plg-pllc.com\/#organization"},"inLanguage":"es"},{"@type":"Organization","@id":"https:\/\/plg-pllc.com\/#organization","name":"Grupo de abogados Premier","url":"https:\/\/plg-pllc.com\/","logo":{"@type":"ImageObject","inLanguage":"es","@id":"https:\/\/plg-pllc.com\/#\/schema\/logo\/image\/","url":"https:\/\/plg-pllc.com\/wp-content\/uploads\/2020\/10\/plg-logo-v2.gif","contentUrl":"https:\/\/plg-pllc.com\/wp-content\/uploads\/2020\/10\/plg-logo-v2.gif","width":592,"height":191,"caption":"Premier Law Group"},"image":{"@id":"https:\/\/plg-pllc.com\/#\/schema\/logo\/image\/"},"sameAs":["https:\/\/www.facebook.com\/premierlawgroup","https:\/\/x.com\/premierlawgroup"]}]}},"_links":{"self":[{"href":"https:\/\/plg-pllc.com\/es\/wp-json\/wp\/v2\/pages\/18421","targetHints":{"allow":["GET"]}}],"collection":[{"href":"https:\/\/plg-pllc.com\/es\/wp-json\/wp\/v2\/pages"}],"about":[{"href":"https:\/\/plg-pllc.com\/es\/wp-json\/wp\/v2\/types\/page"}],"author":[{"embeddable":true,"href":"https:\/\/plg-pllc.com\/es\/wp-json\/wp\/v2\/users\/24"}],"replies":[{"embeddable":true,"href":"https:\/\/plg-pllc.com\/es\/wp-json\/wp\/v2\/comments?post=18421"}],"version-history":[{"count":0,"href":"https:\/\/plg-pllc.com\/es\/wp-json\/wp\/v2\/pages\/18421\/revisions"}],"up":[{"embeddable":true,"href":"https:\/\/plg-pllc.com\/es\/wp-json\/wp\/v2\/pages\/17293"}],"wp:attachment":[{"href":"https:\/\/plg-pllc.com\/es\/wp-json\/wp\/v2\/media?parent=18421"}],"wp:term":[{"taxonomy":"hc_faqs","embeddable":true,"href":"https:\/\/plg-pllc.com\/es\/wp-json\/wp\/v2\/hc_faqs?post=18421"}],"curies":[{"name":"gracias","href":"https:\/\/api.w.org\/{rel}","templated":true}]}}