{"id":18431,"date":"2021-05-01T08:45:43","date_gmt":"2021-05-01T15:45:43","guid":{"rendered":"https:\/\/plg-pllc.com\/?page_id=18431"},"modified":"2024-10-18T10:17:35","modified_gmt":"2024-10-18T17:17:35","slug":"dump-truck","status":"publish","type":"page","link":"https:\/\/plg-pllc.com\/es\/seattle\/truck-accident-lawyer\/dump-truck\/","title":{"rendered":"Abogado de accidentes de camiones de basura en Seattle"},"content":{"rendered":"<h2><strong>Abogados de accidentes de camiones volquete<\/strong><\/h2>\n<p><img loading=\"lazy\" decoding=\"async\" class=\"alignleft size-medium wp-image-18433\" src=\"https:\/\/plg-pllc.com\/wp-content\/uploads\/2021\/04\/vehicle-3248723_1920-300x200.jpg\" alt=\"Abogados de accidentes de camiones volcadores en Seattle Bellevue Federal Way\" width=\"300\" height=\"200\" srcset=\"https:\/\/plg-pllc.com\/wp-content\/uploads\/2021\/04\/vehicle-3248723_1920-300x200.jpg 300w, https:\/\/plg-pllc.com\/wp-content\/uploads\/2021\/04\/vehicle-3248723_1920-1024x683.jpg 1024w, https:\/\/plg-pllc.com\/wp-content\/uploads\/2021\/04\/vehicle-3248723_1920-768x512.jpg 768w, https:\/\/plg-pllc.com\/wp-content\/uploads\/2021\/04\/vehicle-3248723_1920-1536x1025.jpg 1536w, https:\/\/plg-pllc.com\/wp-content\/uploads\/2021\/04\/vehicle-3248723_1920-640x427.jpg 640w, https:\/\/plg-pllc.com\/wp-content\/uploads\/2021\/04\/vehicle-3248723_1920-1200x801.jpg 1200w, https:\/\/plg-pllc.com\/wp-content\/uploads\/2021\/04\/vehicle-3248723_1920-250x167.jpg 250w, https:\/\/plg-pllc.com\/wp-content\/uploads\/2021\/04\/vehicle-3248723_1920.jpg 1920w\" sizes=\"auto, (max-width: 300px) 100vw, 300px\" \/>Probablemente est\u00e9 leyendo esta p\u00e1gina porque usted o un ser querido resultaron heridos recientemente en un accidente con un cami\u00f3n volquete en Washington. Tal vez su accidente con un cami\u00f3n volquete no haya sido tan reciente, pero cree que es hora de comenzar a buscar abogados especializados en accidentes con camiones volquete en Seattle. De cualquier manera, ha llegado al lugar correcto.<\/p>\n<p>Sabemos que la situaci\u00f3n en la que se encuentra puede ser frustrante. Por eso queremos ayudarlo y asegurarnos de que obtenga el mejor resultado posible.<\/p>\n<p>En <a href=\"https:\/\/plg-pllc.com\/\">Grupo de abogados Premier<\/a>Le ayudaremos a obtener una indemnizaci\u00f3n completa y justa y le permitiremos centrarse en su recuperaci\u00f3n. Si usted o un ser querido ha resultado herido o ha muerto en un accidente con un cami\u00f3n de volteo, uno de nuestros abogados le ayudar\u00e1 a obtener una indemnizaci\u00f3n. Tiene derecho a una indemnizaci\u00f3n por sus gastos m\u00e9dicos, el tiempo perdido en el trabajo y el dolor y sufrimiento.<\/p>\n<h2><strong><em>\u00bfQu\u00e9 es un cami\u00f3n volquete?<\/em><\/strong><\/h2>\n<p>Los camiones volquete son diferentes a otros camiones grandes. Est\u00e1n especialmente dise\u00f1ados para transportar materiales sueltos como grava, arena o trozos de hormig\u00f3n. La parte trasera de los camiones volquete suele ser una caja abierta que se puede elevar o bajar. Seg\u00fan el dise\u00f1o del cami\u00f3n volquete y la carga que transporte, puede pesar m\u00e1s de 20 toneladas.<\/p>\n<p>Debido a que los camiones volquete son inestables y dif\u00edciles de maniobrar, crean un peligro \u00fanico en las carreteras. Los accidentes de camiones volquete pueden ocurrir debido a colisiones con otros veh\u00edculos o por el derrame de su carga. Los choques de camiones volquete tambi\u00e9n suelen causar lesiones graves.<\/p>\n<h2><strong>\u00bfCu\u00e1les son las estad\u00edsticas de accidentes de camiones de volteo?<\/strong><\/h2>\n<p>Los accidentes graves con camiones volcadores est\u00e1n aumentando. Los expertos en seguridad y las entidades federales est\u00e1n tratando de reducir estas cifras. Esperan limitar la fatiga del conductor y usar la tecnolog\u00eda para controlar m\u00e1s de cerca lo que sucede en la carretera.<\/p>\n<ul>\n<li><img loading=\"lazy\" decoding=\"async\" class=\"alignright size-medium wp-image-18434\" src=\"https:\/\/plg-pllc.com\/wp-content\/uploads\/2021\/04\/crash-1924573_1920-224x300.jpg\" alt=\"Abogados de accidentes de camiones volcadores en Seattle Bellevue Federal Way\" width=\"224\" height=\"300\" srcset=\"https:\/\/plg-pllc.com\/wp-content\/uploads\/2021\/04\/crash-1924573_1920-224x300.jpg 224w, https:\/\/plg-pllc.com\/wp-content\/uploads\/2021\/04\/crash-1924573_1920-765x1024.jpg 765w, https:\/\/plg-pllc.com\/wp-content\/uploads\/2021\/04\/crash-1924573_1920-768x1028.jpg 768w, https:\/\/plg-pllc.com\/wp-content\/uploads\/2021\/04\/crash-1924573_1920-1147x1536.jpg 1147w, https:\/\/plg-pllc.com\/wp-content\/uploads\/2021\/04\/crash-1924573_1920-640x857.jpg 640w, https:\/\/plg-pllc.com\/wp-content\/uploads\/2021\/04\/crash-1924573_1920-1024x1371.jpg 1024w, https:\/\/plg-pllc.com\/wp-content\/uploads\/2021\/04\/crash-1924573_1920-1200x1607.jpg 1200w, https:\/\/plg-pllc.com\/wp-content\/uploads\/2021\/04\/crash-1924573_1920-149x200.jpg 149w, https:\/\/plg-pllc.com\/wp-content\/uploads\/2021\/04\/crash-1924573_1920.jpg 1434w\" sizes=\"auto, (max-width: 224px) 100vw, 224px\" \/>Choques de camiones de basura que dan como resultado que el veh\u00edculo sea remolcado <a href=\"https:\/\/www.enr.com\/articles\/46126-serious-dump-and-read-mix-delivery-truck-accidents-edge-higher#:~:text=Dump%20truck%20accidents%20severe%20enough,latest%20year%20statistics%20are%20available.&amp;text=Towaway%20accidents%20involving%20ready%2Dmix,%25%2C%20the%20federal%20agency%20reports.\">rosa 9%<\/a>, alcanzando 8.206 en 2016.<\/li>\n<li>El n\u00famero de <a href=\"https:\/\/www.enr.com\/articles\/46126-serious-dump-and-read-mix-delivery-truck-accidents-edge-higher#:~:text=Dump%20truck%20accidents%20severe%20enough,latest%20year%20statistics%20are%20available.&amp;text=Towaway%20accidents%20involving%20ready%2Dmix,%25%2C%20the%20federal%20agency%20reports.\">Aumentan los accidentes con camiones de volteo que provocan heridos<\/a>7%, a 5,483, seg\u00fan la Administraci\u00f3n Federal de Seguridad de Autotransportistas (FMSCA).<\/li>\n<li>Accidentes de camiones de volteo que causaron <a href=\"https:\/\/www.enr.com\/articles\/46126-serious-dump-and-read-mix-delivery-truck-accidents-edge-higher#:~:text=Dump%20truck%20accidents%20severe%20enough,latest%20year%20statistics%20are%20available.&amp;text=Towaway%20accidents%20involving%20ready%2Dmix,%25%2C%20the%20federal%20agency%20reports.\">Las lesiones aumentaron 3,8%<\/a>.<\/li>\n<li>Los camiones de hormig\u00f3n premezclado (considerados tambi\u00e9n camiones de volteo) tambi\u00e9n vieron un aumento en accidentes fatales, desde <a href=\"https:\/\/www.enr.com\/articles\/46126-serious-dump-and-read-mix-delivery-truck-accidents-edge-higher#:~:text=Dump%20truck%20accidents%20severe%20enough,latest%20year%20statistics%20are%20available.&amp;text=Towaway%20accidents%20involving%20ready%2Dmix,%25%2C%20the%20federal%20agency%20reports.\">33 en 2015 a 38 en 2016<\/a>.<\/li>\n<\/ul>\n\n        <div class=\"rs-content-cta long\">\n            <p>Para una consulta legal GRATUITA con un abogado especializado en accidentes de camiones volquete que preste servicios en Seattle, llame al <a href=\"tel:+12062851743\">(206) 285-1743 <\/a><\/p>\n            <a href=\"https:\/\/plg-pllc.com\/es\/contact-us\/\" title=\"OBTENGA UNA EVALUACI\u00d3N DE CASO GRATUITA\" class=\"btn-global\">OBTENGA UNA EVALUACI\u00d3N DE CASO GRATUITA<\/a>\n                    <picture>\n                            <source srcset=\"https:\/\/plg-pllc.com\/wp-content\/themes\/plg-pllc-redesign\/assets\/app\/img\/cta-thumb.webp\" type=\"image\/webp\"\/>\n                            <img src=\"https:\/\/plg-pllc.com\/wp-content\/themes\/plg-pllc-redesign\/assets\/app\/img\/cta-thumb.png\" alt=\"Grupo de abogados Premier\" title=\"Grupo de abogados Premier\" width=\"245\" height=\"220\" loading=\"auto\" fetchpriority=\"auto\" decoding=\"async\"\/>\n        <\/picture>\n        \n        <\/div><h2><strong>\u00bfQu\u00e9 causa los accidentes de camiones de volteo?<\/strong><\/h2>\n<p>Los accidentes con camiones volquete ocurren por diversas razones, entre ellas, errores del operador, problemas mec\u00e1nicos o conductores negligentes. <a href=\"https:\/\/plg-pllc.com\/glossary\/car-accidents\/\">Grupo de abogados Premier<\/a>Representamos a conductores de camiones que sufren lesiones en el trabajo y a otros conductores que sufren lesiones debido a la negligencia de los conductores de camiones. Algunas causas comunes de accidentes con camiones volquete incluyen:<\/p>\n<ul>\n<li>Frenos defectuosos o falla mec\u00e1nica<\/li>\n<li>Distracci\u00f3n del conductor<\/li>\n<li>Camiones sobrecargados<\/li>\n<li>Camiones cargados incorrectamente<\/li>\n<li>Fatiga del conductor<\/li>\n<li>Piezas de cami\u00f3n defectuosas<\/li>\n<li>Incumplimiento de la inspecci\u00f3n y el mantenimiento adecuados de los camiones<\/li>\n<li>Conducci\u00f3n en estado de ebriedad<\/li>\n<li>Negligencia general del conductor<\/li>\n<\/ul>\n<h2><strong>C\u00f3mo demostrar la responsabilidad en un accidente con un cami\u00f3n volquete<\/strong><\/h2>\n<p><img loading=\"lazy\" decoding=\"async\" class=\"alignleft size-medium wp-image-18435\" src=\"https:\/\/plg-pllc.com\/wp-content\/uploads\/2021\/04\/transport-4186105_1920-300x200.jpg\" alt=\"Abogados con experiencia en accidentes de camiones volquete en Seattle Bellevue Federal Way\" width=\"300\" height=\"200\" srcset=\"https:\/\/plg-pllc.com\/wp-content\/uploads\/2021\/04\/transport-4186105_1920-300x200.jpg 300w, https:\/\/plg-pllc.com\/wp-content\/uploads\/2021\/04\/transport-4186105_1920-1024x683.jpg 1024w, https:\/\/plg-pllc.com\/wp-content\/uploads\/2021\/04\/transport-4186105_1920-768x512.jpg 768w, https:\/\/plg-pllc.com\/wp-content\/uploads\/2021\/04\/transport-4186105_1920-1536x1024.jpg 1536w, https:\/\/plg-pllc.com\/wp-content\/uploads\/2021\/04\/transport-4186105_1920-640x427.jpg 640w, https:\/\/plg-pllc.com\/wp-content\/uploads\/2021\/04\/transport-4186105_1920-1200x800.jpg 1200w, https:\/\/plg-pllc.com\/wp-content\/uploads\/2021\/04\/transport-4186105_1920-250x167.jpg 250w, https:\/\/plg-pllc.com\/wp-content\/uploads\/2021\/04\/transport-4186105_1920.jpg 1920w\" sizes=\"auto, (max-width: 300px) 100vw, 300px\" \/>Si sufre lesiones como consecuencia de un accidente con un cami\u00f3n volcador, es posible que pueda reclamar una compensaci\u00f3n econ\u00f3mica. Puede recibir una compensaci\u00f3n por los gastos m\u00e9dicos, la terapia, el tiempo perdido en el trabajo o el dolor y el sufrimiento. Sin embargo, primero deber\u00e1 determinar qui\u00e9n es el responsable.<\/p>\n<p>Los accidentes con camiones volquete, como todos los accidentes de camiones, presentan desaf\u00edos \u00fanicos. Las empresas de transporte y alquiler de camiones volquete con frecuencia niegan su responsabilidad. Su objetivo es evitar pagar indemnizaciones a las v\u00edctimas de accidentes. Adem\u00e1s, cuando un accidente de cami\u00f3n volquete ocurre con un cami\u00f3n propiedad de una agencia gubernamental, el caso puede complicarse a\u00fan m\u00e1s.<\/p>\n<p>Es importante que cuentes con un volcador experimentado. <a href=\"https:\/\/plg-pllc.com\/seattle\/truck-accident-lawyer\/\">abogado de accidentes de camiones<\/a> Para ayudarle a afrontar esta situaci\u00f3n. Despu\u00e9s de un accidente, no deber\u00eda tener que luchar con una compa\u00f1\u00eda de seguros. Con nuestro equipo de expertos en accidentes a su lado, nos encargaremos de todo para que usted pueda centrarse en su recuperaci\u00f3n.<\/p>\n<h2><strong>\u00bfEs responsable el empleador del conductor por los da\u00f1os?<\/strong><\/h2>\n<p>Los accidentes con camiones volquete no solo pueden ser responsabilidad del conductor del cami\u00f3n. El empleador del conductor y\/o el propietario del cami\u00f3n volquete tambi\u00e9n pueden ser responsables.<\/p>\n<p>En la actualidad, las empresas que poseen un permiso para operar un cami\u00f3n volquete tienen cierta responsabilidad por todos los accidentes que involucran a uno de sus veh\u00edculos, incluso si el conductor del cami\u00f3n volquete no es un empleado o es un contratista independiente.<\/p>\n<h2><strong>Los abogados de Premier Law Group tienen la experiencia que usted necesita<\/strong><\/h2>\n<p><img loading=\"lazy\" decoding=\"async\" class=\"size-medium wp-image-16403 alignright\" src=\"https:\/\/plg-pllc.com\/wp-content\/uploads\/2018\/10\/premier-law-group-team1-300x180.jpg\" alt=\"Abogados de accidentes automovil\u00edsticos en Bellevue Seattle y Federal Way\" width=\"300\" height=\"180\" srcset=\"https:\/\/plg-pllc.com\/wp-content\/uploads\/2018\/10\/premier-law-group-team1-300x180.jpg 300w, https:\/\/plg-pllc.com\/wp-content\/uploads\/2018\/10\/premier-law-group-team1-640x383.jpg 640w, https:\/\/plg-pllc.com\/wp-content\/uploads\/2018\/10\/premier-law-group-team1-768x460.jpg 768w, https:\/\/plg-pllc.com\/wp-content\/uploads\/2018\/10\/premier-law-group-team1.jpg 800w\" sizes=\"auto, (max-width: 300px) 100vw, 300px\" \/>Quiz\u00e1s se est\u00e9 preguntando cu\u00e1ndo deber\u00eda contratar a un abogado especializado en accidentes con camiones de basura en Seattle. Hay muchas ventajas en contratar a alguien lo antes posible. El abogado especializado en accidentes con camiones de basura adecuado le ayudar\u00e1 a proteger su salud, su bienestar emocional y sus finanzas de inmediato.<\/p>\n<p>Recuerde que existe un plazo de prescripci\u00f3n. Por lo general, debe presentar una reclamaci\u00f3n dentro de los tres a\u00f1os posteriores al accidente, pero siempre hay excepciones. Puede haber circunstancias que cambien el plazo de prescripci\u00f3n en su situaci\u00f3n particular.<\/p>\n<p>En Premier Law Group, nuestra misi\u00f3n es garantizar que todos los que nos contacten est\u00e9n m\u00e1s informados sobre sus opciones legales, ya sea que terminemos represent\u00e1ndolos o no. <a href=\"https:\/\/plg-pllc.com\/contact-us\/\">Comun\u00edquese con Premier Law Group<\/a> Para programar una <a href=\"https:\/\/plg-pllc.com\/contact-us\/\"><strong>GRATIS<\/strong> <\/a>Revisi\u00f3n de caso de accidente de coche hoy. Llame <em>206.285.1743.<\/em><\/p>\n\n        <div class=\"rs-content-cta\">\n            <p>Llamar o enviar mensaje de texto <a href=\"tel:+12062851743\">(206) 285-1743<\/a> o complete un formulario de evaluaci\u00f3n de caso gratuito<\/p>\n            <a href=\"https:\/\/plg-pllc.com\/es\/contact-us\/\" title=\"OBTENGA UNA EVALUACI\u00d3N DE CASO GRATUITA\" class=\"btn-global\">OBTENGA UNA EVALUACI\u00d3N DE CASO GRATUITA<\/a>\n                    <picture>\n                            <source srcset=\"https:\/\/plg-pllc.com\/wp-content\/themes\/plg-pllc-redesign\/assets\/app\/img\/cta-thumb.webp\" type=\"image\/webp\"\/>\n                            <img src=\"https:\/\/plg-pllc.com\/wp-content\/themes\/plg-pllc-redesign\/assets\/app\/img\/cta-thumb.png\" alt=\"Grupo de abogados Premier\" title=\"Grupo de abogados Premier\" width=\"245\" height=\"220\" loading=\"auto\" fetchpriority=\"auto\" decoding=\"async\"\/>\n        <\/picture>\n        \n        <\/div>","protected":false},"excerpt":{"rendered":"<p>Abogados de accidentes de camiones volquete Probablemente est\u00e9 leyendo esta p\u00e1gina porque usted o un ser querido result\u00f3 herido recientemente en un accidente de cami\u00f3n volquete en Washington. Tal vez su accidente de cami\u00f3n volquete no fue tan reciente, pero cree que es hora de comenzar a buscar abogados de accidentes de camiones volquete en Seattle. De cualquier manera, ha llegado al lugar correcto. Nosotros\u2026<\/p>","protected":false},"author":24,"featured_media":0,"parent":17312,"menu_order":0,"comment_status":"closed","ping_status":"closed","template":"","meta":{"_acf_changed":false,"_genesis_hide_title":false,"_genesis_hide_breadcrumbs":false,"_genesis_hide_singular_image":false,"_genesis_hide_footer_widgets":false,"_genesis_custom_body_class":"","_genesis_custom_post_class":"","_genesis_layout":"","footnotes":""},"hc_faqs":[],"class_list":{"0":"post-18431","1":"page","2":"type-page","3":"status-publish","5":"hc_city_location-seattle","6":"entry","7":"has-post-thumbnail"},"acf":[],"yoast_head":"<!-- This site is optimized with the Yoast SEO plugin v27.4 - https:\/\/yoast.com\/product\/yoast-seo-wordpress\/ -->\n<title>Dump Truck Accident Lawyer in Seattle | Free Case Review<\/title>\n<meta name=\"description\" content=\"Seattle Dump Truck Accident Lawyer: Premier Law Group helps you unlock the full compensation you deserve. No Fee Unless We Win.\" \/>\n<meta name=\"robots\" content=\"index, follow, max-snippet:-1, max-image-preview:large, max-video-preview:-1\" \/>\n<link rel=\"canonical\" href=\"https:\/\/plg-pllc.com\/es\/seattle\/truck-accident-lawyer\/dump-truck\/\" \/>\n<meta property=\"og:locale\" content=\"es_MX\" \/>\n<meta property=\"og:type\" content=\"article\" \/>\n<meta property=\"og:title\" content=\"Dump Truck Accident Lawyer in Seattle | Free Case Review\" \/>\n<meta property=\"og:description\" content=\"Seattle Dump Truck Accident Lawyer: Premier Law Group helps you unlock the full compensation you deserve. No Fee Unless We Win.\" \/>\n<meta property=\"og:url\" content=\"https:\/\/plg-pllc.com\/es\/seattle\/truck-accident-lawyer\/dump-truck\/\" \/>\n<meta property=\"og:site_name\" content=\"Premier Law Group\" \/>\n<meta property=\"article:publisher\" content=\"https:\/\/www.facebook.com\/premierlawgroup\" \/>\n<meta property=\"article:modified_time\" content=\"2024-10-18T17:17:35+00:00\" \/>\n<meta property=\"og:image\" content=\"https:\/\/plg-pllc.com\/wp-content\/uploads\/2021\/04\/vehicle-3248723_1920.jpg\" \/>\n\t<meta property=\"og:image:width\" content=\"1920\" \/>\n\t<meta property=\"og:image:height\" content=\"1281\" \/>\n\t<meta property=\"og:image:type\" content=\"image\/jpeg\" \/>\n<meta name=\"twitter:card\" content=\"summary_large_image\" \/>\n<meta name=\"twitter:site\" content=\"@premierlawgroup\" \/>\n<meta name=\"twitter:label1\" content=\"Tiempo de lectura\" \/>\n\t<meta name=\"twitter:data1\" content=\"5 minutos\" \/>\n<script type=\"application\/ld+json\" class=\"yoast-schema-graph\">{\"@context\":\"https:\\\/\\\/schema.org\",\"@graph\":[{\"@type\":\"WebPage\",\"@id\":\"https:\\\/\\\/plg-pllc.com\\\/seattle\\\/truck-accident-lawyer\\\/dump-truck\\\/\",\"url\":\"https:\\\/\\\/plg-pllc.com\\\/seattle\\\/truck-accident-lawyer\\\/dump-truck\\\/\",\"name\":\"Dump Truck Accident Lawyer in Seattle | Free Case Review\",\"isPartOf\":{\"@id\":\"https:\\\/\\\/plg-pllc.com\\\/#website\"},\"primaryImageOfPage\":{\"@id\":\"https:\\\/\\\/plg-pllc.com\\\/seattle\\\/truck-accident-lawyer\\\/dump-truck\\\/#primaryimage\"},\"image\":{\"@id\":\"https:\\\/\\\/plg-pllc.com\\\/seattle\\\/truck-accident-lawyer\\\/dump-truck\\\/#primaryimage\"},\"thumbnailUrl\":\"https:\\\/\\\/plg-pllc.com\\\/wp-content\\\/uploads\\\/2021\\\/04\\\/vehicle-3248723_1920-300x200.jpg\",\"datePublished\":\"2021-05-01T15:45:43+00:00\",\"dateModified\":\"2024-10-18T17:17:35+00:00\",\"description\":\"Seattle Dump Truck Accident Lawyer: Premier Law Group helps you unlock the full compensation you deserve. No Fee Unless We Win.\",\"breadcrumb\":{\"@id\":\"https:\\\/\\\/plg-pllc.com\\\/seattle\\\/truck-accident-lawyer\\\/dump-truck\\\/#breadcrumb\"},\"inLanguage\":\"es\",\"potentialAction\":[{\"@type\":\"ReadAction\",\"target\":[\"https:\\\/\\\/plg-pllc.com\\\/seattle\\\/truck-accident-lawyer\\\/dump-truck\\\/\"]}]},{\"@type\":\"ImageObject\",\"inLanguage\":\"es\",\"@id\":\"https:\\\/\\\/plg-pllc.com\\\/seattle\\\/truck-accident-lawyer\\\/dump-truck\\\/#primaryimage\",\"url\":\"https:\\\/\\\/plg-pllc.com\\\/wp-content\\\/uploads\\\/2021\\\/04\\\/vehicle-3248723_1920-300x200.jpg\",\"contentUrl\":\"https:\\\/\\\/plg-pllc.com\\\/wp-content\\\/uploads\\\/2021\\\/04\\\/vehicle-3248723_1920-300x200.jpg\"},{\"@type\":\"BreadcrumbList\",\"@id\":\"https:\\\/\\\/plg-pllc.com\\\/seattle\\\/truck-accident-lawyer\\\/dump-truck\\\/#breadcrumb\",\"itemListElement\":[{\"@type\":\"ListItem\",\"position\":1,\"name\":\"Home\",\"item\":\"https:\\\/\\\/plg-pllc.com\\\/es\\\/\"},{\"@type\":\"ListItem\",\"position\":2,\"name\":\"Seattle Personal Injury Lawyer\",\"item\":\"https:\\\/\\\/plg-pllc.com\\\/es\\\/seattle\\\/personal-injury-lawyer\\\/\"},{\"@type\":\"ListItem\",\"position\":3,\"name\":\"Seattle Truck Accident Lawyer\",\"item\":\"https:\\\/\\\/plg-pllc.com\\\/es\\\/seattle\\\/truck-accident-lawyer\\\/\"},{\"@type\":\"ListItem\",\"position\":4,\"name\":\"Dump Truck Accident\"}]},{\"@type\":\"WebSite\",\"@id\":\"https:\\\/\\\/plg-pllc.com\\\/#website\",\"url\":\"https:\\\/\\\/plg-pllc.com\\\/\",\"name\":\"Premier Law Group\",\"description\":\"Washington Wrongful Death and Serious Injury Lawyer\",\"publisher\":{\"@id\":\"https:\\\/\\\/plg-pllc.com\\\/#organization\"},\"inLanguage\":\"es\"},{\"@type\":\"Organization\",\"@id\":\"https:\\\/\\\/plg-pllc.com\\\/#organization\",\"name\":\"Premier Law Group\",\"url\":\"https:\\\/\\\/plg-pllc.com\\\/\",\"logo\":{\"@type\":\"ImageObject\",\"inLanguage\":\"es\",\"@id\":\"https:\\\/\\\/plg-pllc.com\\\/#\\\/schema\\\/logo\\\/image\\\/\",\"url\":\"https:\\\/\\\/plg-pllc.com\\\/wp-content\\\/uploads\\\/2020\\\/10\\\/plg-logo-v2.gif\",\"contentUrl\":\"https:\\\/\\\/plg-pllc.com\\\/wp-content\\\/uploads\\\/2020\\\/10\\\/plg-logo-v2.gif\",\"width\":592,\"height\":191,\"caption\":\"Premier Law Group\"},\"image\":{\"@id\":\"https:\\\/\\\/plg-pllc.com\\\/#\\\/schema\\\/logo\\\/image\\\/\"},\"sameAs\":[\"https:\\\/\\\/www.facebook.com\\\/premierlawgroup\",\"https:\\\/\\\/x.com\\\/premierlawgroup\"]}]}<\/script>\n<!-- \/ Yoast SEO plugin. -->","yoast_head_json":{"title":"Abogado de accidentes de camiones de volteo en Seattle | Revisi\u00f3n de caso gratuita","description":"Abogado de accidentes de camiones de basura en Seattle: Premier Law Group lo ayuda a obtener la compensaci\u00f3n total que merece. Sin honorarios a menos que ganemos.","robots":{"index":"index","follow":"follow","max-snippet":"max-snippet:-1","max-image-preview":"max-image-preview:large","max-video-preview":"max-video-preview:-1"},"canonical":"https:\/\/plg-pllc.com\/es\/seattle\/truck-accident-lawyer\/dump-truck\/","og_locale":"es_MX","og_type":"article","og_title":"Dump Truck Accident Lawyer in Seattle | Free Case Review","og_description":"Seattle Dump Truck Accident Lawyer: Premier Law Group helps you unlock the full compensation you deserve. No Fee Unless We Win.","og_url":"https:\/\/plg-pllc.com\/es\/seattle\/truck-accident-lawyer\/dump-truck\/","og_site_name":"Premier Law Group","article_publisher":"https:\/\/www.facebook.com\/premierlawgroup","article_modified_time":"2024-10-18T17:17:35+00:00","og_image":[{"width":1920,"height":1281,"url":"https:\/\/plg-pllc.com\/wp-content\/uploads\/2021\/04\/vehicle-3248723_1920.jpg","type":"image\/jpeg"}],"twitter_card":"summary_large_image","twitter_site":"@premierlawgroup","twitter_misc":{"Tiempo de lectura":"5 minutos"},"schema":{"@context":"https:\/\/schema.org","@graph":[{"@type":"WebPage","@id":"https:\/\/plg-pllc.com\/seattle\/truck-accident-lawyer\/dump-truck\/","url":"https:\/\/plg-pllc.com\/seattle\/truck-accident-lawyer\/dump-truck\/","name":"Abogado de accidentes de camiones de volteo en Seattle | Revisi\u00f3n de caso gratuita","isPartOf":{"@id":"https:\/\/plg-pllc.com\/#website"},"primaryImageOfPage":{"@id":"https:\/\/plg-pllc.com\/seattle\/truck-accident-lawyer\/dump-truck\/#primaryimage"},"image":{"@id":"https:\/\/plg-pllc.com\/seattle\/truck-accident-lawyer\/dump-truck\/#primaryimage"},"thumbnailUrl":"https:\/\/plg-pllc.com\/wp-content\/uploads\/2021\/04\/vehicle-3248723_1920-300x200.jpg","datePublished":"2021-05-01T15:45:43+00:00","dateModified":"2024-10-18T17:17:35+00:00","description":"Abogado de accidentes de camiones de basura en Seattle: Premier Law Group lo ayuda a obtener la compensaci\u00f3n total que merece. Sin honorarios a menos que ganemos.","breadcrumb":{"@id":"https:\/\/plg-pllc.com\/seattle\/truck-accident-lawyer\/dump-truck\/#breadcrumb"},"inLanguage":"es","potentialAction":[{"@type":"ReadAction","target":["https:\/\/plg-pllc.com\/seattle\/truck-accident-lawyer\/dump-truck\/"]}]},{"@type":"ImageObject","inLanguage":"es","@id":"https:\/\/plg-pllc.com\/seattle\/truck-accident-lawyer\/dump-truck\/#primaryimage","url":"https:\/\/plg-pllc.com\/wp-content\/uploads\/2021\/04\/vehicle-3248723_1920-300x200.jpg","contentUrl":"https:\/\/plg-pllc.com\/wp-content\/uploads\/2021\/04\/vehicle-3248723_1920-300x200.jpg"},{"@type":"BreadcrumbList","@id":"https:\/\/plg-pllc.com\/seattle\/truck-accident-lawyer\/dump-truck\/#breadcrumb","itemListElement":[{"@type":"ListItem","position":1,"name":"Home","item":"https:\/\/plg-pllc.com\/es\/"},{"@type":"ListItem","position":2,"name":"Seattle Personal Injury Lawyer","item":"https:\/\/plg-pllc.com\/es\/seattle\/personal-injury-lawyer\/"},{"@type":"ListItem","position":3,"name":"Seattle Truck Accident Lawyer","item":"https:\/\/plg-pllc.com\/es\/seattle\/truck-accident-lawyer\/"},{"@type":"ListItem","position":4,"name":"Dump Truck Accident"}]},{"@type":"WebSite","@id":"https:\/\/plg-pllc.com\/#website","url":"https:\/\/plg-pllc.com\/","name":"Grupo de abogados Premier","description":"Abogado de muerte por negligencia y lesiones graves en Washington","publisher":{"@id":"https:\/\/plg-pllc.com\/#organization"},"inLanguage":"es"},{"@type":"Organization","@id":"https:\/\/plg-pllc.com\/#organization","name":"Grupo de abogados Premier","url":"https:\/\/plg-pllc.com\/","logo":{"@type":"ImageObject","inLanguage":"es","@id":"https:\/\/plg-pllc.com\/#\/schema\/logo\/image\/","url":"https:\/\/plg-pllc.com\/wp-content\/uploads\/2020\/10\/plg-logo-v2.gif","contentUrl":"https:\/\/plg-pllc.com\/wp-content\/uploads\/2020\/10\/plg-logo-v2.gif","width":592,"height":191,"caption":"Premier Law Group"},"image":{"@id":"https:\/\/plg-pllc.com\/#\/schema\/logo\/image\/"},"sameAs":["https:\/\/www.facebook.com\/premierlawgroup","https:\/\/x.com\/premierlawgroup"]}]}},"_links":{"self":[{"href":"https:\/\/plg-pllc.com\/es\/wp-json\/wp\/v2\/pages\/18431","targetHints":{"allow":["GET"]}}],"collection":[{"href":"https:\/\/plg-pllc.com\/es\/wp-json\/wp\/v2\/pages"}],"about":[{"href":"https:\/\/plg-pllc.com\/es\/wp-json\/wp\/v2\/types\/page"}],"author":[{"embeddable":true,"href":"https:\/\/plg-pllc.com\/es\/wp-json\/wp\/v2\/users\/24"}],"replies":[{"embeddable":true,"href":"https:\/\/plg-pllc.com\/es\/wp-json\/wp\/v2\/comments?post=18431"}],"version-history":[{"count":0,"href":"https:\/\/plg-pllc.com\/es\/wp-json\/wp\/v2\/pages\/18431\/revisions"}],"up":[{"embeddable":true,"href":"https:\/\/plg-pllc.com\/es\/wp-json\/wp\/v2\/pages\/17312"}],"wp:attachment":[{"href":"https:\/\/plg-pllc.com\/es\/wp-json\/wp\/v2\/media?parent=18431"}],"wp:term":[{"taxonomy":"hc_faqs","embeddable":true,"href":"https:\/\/plg-pllc.com\/es\/wp-json\/wp\/v2\/hc_faqs?post=18431"}],"curies":[{"name":"gracias","href":"https:\/\/api.w.org\/{rel}","templated":true}]}}