{"id":18461,"date":"2021-05-08T08:07:44","date_gmt":"2021-05-08T15:07:44","guid":{"rendered":"https:\/\/plg-pllc.com\/?page_id=18461"},"modified":"2026-03-24T15:11:38","modified_gmt":"2026-03-24T22:11:38","slug":"out-of-state-driver","status":"publish","type":"page","link":"https:\/\/plg-pllc.com\/es\/seattle\/car-accident-lawyer\/out-of-state-driver\/","title":{"rendered":"Abogado de Seattle para conductores que viven fuera del estado"},"content":{"rendered":"<h2>\u00bfTuvo un accidente automovil\u00edstico durante su visita a Washington? \u00a1Queremos ayudarlo!<\/h2>\n<p><img loading=\"lazy\" decoding=\"async\" class=\"size-medium wp-image-17531 alignleft\" src=\"https:\/\/plg-pllc.com\/wp-content\/uploads\/2020\/04\/shutterstock_250536799-300x200.jpg\" alt=\"Abogados con experiencia en accidentes automovil\u00edsticos en Seattle\" width=\"300\" height=\"200\" srcset=\"https:\/\/plg-pllc.com\/wp-content\/uploads\/2020\/04\/shutterstock_250536799-300x200.jpg 300w, https:\/\/plg-pllc.com\/wp-content\/uploads\/2020\/04\/shutterstock_250536799-1024x684.jpg 1024w, https:\/\/plg-pllc.com\/wp-content\/uploads\/2020\/04\/shutterstock_250536799-768x513.jpg 768w, https:\/\/plg-pllc.com\/wp-content\/uploads\/2020\/04\/shutterstock_250536799-1536x1025.jpg 1536w, https:\/\/plg-pllc.com\/wp-content\/uploads\/2020\/04\/shutterstock_250536799-2048x1367.jpg 2048w, https:\/\/plg-pllc.com\/wp-content\/uploads\/2020\/04\/shutterstock_250536799-640x427.jpg 640w, https:\/\/plg-pllc.com\/wp-content\/uploads\/2020\/04\/shutterstock_250536799-1200x801.jpg 1200w, https:\/\/plg-pllc.com\/wp-content\/uploads\/2020\/04\/shutterstock_250536799-1920x1282.jpg 1920w, https:\/\/plg-pllc.com\/wp-content\/uploads\/2020\/04\/shutterstock_250536799-250x167.jpg 250w\" sizes=\"auto, (max-width: 300px) 100vw, 300px\" \/>Nadie espera tener una <a href=\"https:\/\/plg-pllc.com\/glossary\/car-accidents\/\">accidente de coche<\/a>Es una experiencia estresante, especialmente si sufre un accidente con un conductor que no vive en el estado. Sin importar qui\u00e9n tenga la culpa, los accidentes automovil\u00edsticos tienen problemas complicados.<\/p>\n<p>Por ejemplo: \u00bfQui\u00e9n est\u00e1 herido? \u00bfD\u00f3nde podemos recibir tratamiento? \u00bfSe puede conducir mi coche? Si no, \u00bfpuedo remolcarlo? \u00bfAlguien vio lo que pas\u00f3? \u00bfPuedo seguir conduciendo en el estado?<\/p>\n<p><strong><a href=\"https:\/\/plg-pllc.com\/about-us\/\">Grupo de abogados Premier<\/a> \u00a1Quiere ayudar!<\/strong>\u00a0 Tenemos experiencia en accidentes automovil\u00edsticos con conductores que no residen en el estado. Los accidentes automovil\u00edsticos son traum\u00e1ticos. D\u00e9jenos manejar su reclamo por usted. Recopilamos las pruebas y le explicamos sus derechos, todo mientras se recupera. Luego nos ponemos a trabajar, negociando en su nombre.<\/p>\n<p><strong>Llame a Premier Law Group hoy al <em>206.285.1743<\/em> Para un <a href=\"https:\/\/plg-pllc.com\/contact-us\/\">GRATIS<\/a> \u00a1Consulta!<\/strong>\u00a0 Un abogado con experiencia en accidentes revisar\u00e1 su caso.<\/p>\n<h2>Seguro para conductores de otros estados<\/h2>\n<p>Todos los conductores del estado de Washington deben tener seguro de autom\u00f3vil. Los conductores llevan una tarjeta de seguro para demostrar que tienen cobertura. Si tiene un accidente fuera del estado, su tarjeta es prueba de que tiene cobertura.<\/p>\n<p>El seguro de autom\u00f3vil suele trasladarse con usted de un estado a otro. Siempre que su estancia sea de unos d\u00edas, la cobertura de su seguro de autom\u00f3vil ser\u00e1 adecuada.<\/p>\n<p>Pero cuando su estad\u00eda es de un mes o m\u00e1s, entran en juego diferentes leyes. Todo depende de las leyes de seguros del estado que est\u00e1 visitando. Llame a su agente de seguros de autom\u00f3vil. Expl\u00edquele a d\u00f3nde va y cu\u00e1nto tiempo estar\u00e1 all\u00ed. Su agente puede obtener la cobertura de seguro de autom\u00f3vil que lo proteja en ese estado.<\/p>\n<p>En el estado de Washington, hemos requerido un m\u00ednimo<a href=\"https:\/\/www.insurance.wa.gov\/insurance-resources\/auto-insurance\/how-auto-insurance-works\/washington-states-mandatory-automotorcycle-insurance-law\/\"> Coberturas de seguro<\/a>. Ellos son:<\/p>\n<ul>\n<li>$25,000 por persona por lesiones en un accidente<\/li>\n<li>$50,000 por persona si m\u00e1s de una persona resulta herida<\/li>\n<li>$10,000 por accidente por da\u00f1os materiales<\/li>\n<\/ul>\n<p>Estos son los desnudos &quot;<em>Requisitos m\u00ednimos<\/em>.\u201dLas facturas m\u00e9dicas por lesiones graves en accidentes automovil\u00edsticos pueden costar f\u00e1cilmente entre 100.000 y 100.000 d\u00f3lares. Aseg\u00farese de contratar la cobertura de seguro adecuada para protegerse a usted y a los dem\u00e1s.<\/p>\n<h2>Seguro para conductores extranjeros<\/h2>\n<p><img loading=\"lazy\" decoding=\"async\" class=\"wp-image-3118 alignright\" src=\"https:\/\/plg-pllc.com\/wp-content\/uploads\/2011\/01\/westseattle-accient-300x182.png\" alt=\"Abogados de accidentes automovil\u00edsticos en Seattle\" width=\"300\" height=\"182\" srcset=\"https:\/\/plg-pllc.com\/wp-content\/uploads\/2011\/01\/westseattle-accient-300x182.png 300w, https:\/\/plg-pllc.com\/wp-content\/uploads\/2011\/01\/westseattle-accient.png 452w\" sizes=\"auto, (max-width: 300px) 100vw, 300px\" \/>Cuando viaja fuera de los EE. UU., su seguro no lo protege a usted ni a los dem\u00e1s.<\/p>\n<p>Todos los conductores de fuera del pa\u00eds necesitan <a href=\"https:\/\/www.insurance.wa.gov\/insurance-resources\/auto-insurance\/how-auto-insurance-works\/learn-how-auto-insurance-works\/\">seguro<\/a> que cumpla con los requisitos m\u00ednimos de ese pa\u00eds. Antes de salir de EE. UU., hable con su agente de seguros. Obtenga un seguro de autom\u00f3vil para protegerse a usted y a los dem\u00e1s en caso de sufrir un accidente.<\/p>\n\n        <div class=\"rs-content-cta long\">\n            <p>Para una consulta legal GRATUITA con un abogado de conductores fuera del estado que preste servicios en Seattle, llame al <a href=\"tel:+12062851743\">(206) 285-1743 <\/a><\/p>\n            <a href=\"https:\/\/plg-pllc.com\/es\/contact-us\/\" title=\"OBTENGA UNA EVALUACI\u00d3N DE CASO GRATUITA\" class=\"btn-global\">OBTENGA UNA EVALUACI\u00d3N DE CASO GRATUITA<\/a>\n                    <picture>\n                            <source srcset=\"https:\/\/plg-pllc.com\/wp-content\/themes\/plg-pllc-redesign\/assets\/app\/img\/cta-thumb.webp\" type=\"image\/webp\"\/>\n                            <img src=\"https:\/\/plg-pllc.com\/wp-content\/themes\/plg-pllc-redesign\/assets\/app\/img\/cta-thumb.png\" alt=\"Grupo de abogados Premier\" title=\"Grupo de abogados Premier\" width=\"245\" height=\"220\" loading=\"auto\" fetchpriority=\"auto\" decoding=\"async\"\/>\n        <\/picture>\n        \n        <\/div><h2>Pasos a seguir despu\u00e9s de un accidente con un conductor fuera del estado<\/h2>\n<p>Independientemente de d\u00f3nde se encuentre, hay pasos que debe seguir si sufre un accidente de tr\u00e1fico. Son los siguientes:<\/p>\n<ul>\n<li><strong>Llame a la polic\u00eda - <\/strong>Reporte el accidente. Si hay heridos, pida al operador que llame a los servicios de emergencia. Las personas que necesitan atenci\u00f3n m\u00e9dica necesitan atenci\u00f3n inmediata. La polic\u00eda puede redactar un informe del accidente en el lugar. De lo contrario, necesitar\u00e1 el informe policial antes de poder presentar una reclamaci\u00f3n.<\/li>\n<li><strong>Tomar fotograf\u00edas <\/strong>\u2013 Tome fotograf\u00edas de todos los da\u00f1os causados por el accidente de tr\u00e1fico, de las matr\u00edculas de los veh\u00edculos y de las tarjetas de seguro. \u00c9stas son las pruebas que necesita para presentar las reclamaciones.<\/li>\n<li><strong>Anote o tome fotograf\u00edas de las tarjetas de seguro \u2014 <\/strong>Y obtenga los nombres completos, direcciones y n\u00fameros de tel\u00e9fono del trabajo y del hogar de todas las v\u00edctimas de accidentes.<\/li>\n<li><strong>Consulte a un m\u00e9dico <\/strong>\u2013 Realice un examen m\u00e9dico inmediatamente despu\u00e9s del accidente y, si las lesiones aparecen m\u00e1s tarde, h\u00e1gase otro. A veces, las lesiones por accidentes de tr\u00e1fico tardan una o dos semanas en aparecer.<\/li>\n<li><strong>\u00a1Nunca admitas tu culpa! <\/strong>\u2013 La gente se emociona cuando hay un accidente de tr\u00e1fico y reacciona violentamente. La polic\u00eda es la que debe determinar qui\u00e9n caus\u00f3 el accidente. Mantenga la calma. Deje que la polic\u00eda haga su trabajo. Usted debe centrarse en reunir pruebas. Eso es lo que necesita para presentar una reclamaci\u00f3n.<\/li>\n<li><strong>\u00a1No abandone el lugar del accidente! <\/strong>\u2013 Es ilegal abandonar el lugar de un accidente, especialmente si no has hablado con la polic\u00eda antes de irte. La polic\u00eda te considerar\u00e1 culpable del accidente si no est\u00e1s presente para dar explicaciones. Adem\u00e1s, debes reunir pruebas del accidente para presentar tu reclamaci\u00f3n.<\/li>\n<li><strong>Contacte a su compa\u00f1\u00eda de seguros <\/strong>\u2013 Debe iniciar el proceso de reclamaci\u00f3n. Describa el accidente, pero no admita la culpa. El informe policial se ocupar\u00e1 de esto.<\/li>\n<\/ul>\n<p>Mantener la calma en medio de un accidente no es f\u00e1cil. Conc\u00e9ntrese en recopilar las pruebas del accidente. Luego, consiga la ayuda de un abogado experto en derecho. Necesita a alguien que luche por usted en las negociaciones de seguros.<\/p>\n<h2>La necesidad de expertos en casos de accidentes de conductores fuera del estado<\/h2>\n<p><img loading=\"lazy\" decoding=\"async\" class=\"size-medium wp-image-16099 alignleft\" src=\"https:\/\/plg-pllc.com\/wp-content\/uploads\/2018\/01\/lawyers-plg-bg800-300x192.jpg\" alt=\"Abogados con experiencia en accidentes automovil\u00edsticos en Seattle, Bellevue, Federal Way y Renton\" width=\"300\" height=\"192\" srcset=\"https:\/\/plg-pllc.com\/wp-content\/uploads\/2018\/01\/lawyers-plg-bg800-300x192.jpg 300w, https:\/\/plg-pllc.com\/wp-content\/uploads\/2018\/01\/lawyers-plg-bg800-768x491.jpg 768w, https:\/\/plg-pllc.com\/wp-content\/uploads\/2018\/01\/lawyers-plg-bg800-640x409.jpg 640w, https:\/\/plg-pllc.com\/wp-content\/uploads\/2018\/01\/lawyers-plg-bg800.jpg 800w\" sizes=\"auto, (max-width: 300px) 100vw, 300px\" \/>La primera oferta de acuerdo que ofrecen las compa\u00f1\u00edas de seguros siempre es \u201cbaja\u201d. Su trabajo es presionar a las v\u00edctimas de accidentes para que acepten la primera oferta y firmen el reclamo. Nunca acepte la primera oferta.<\/p>\n<p>Y nunca firme un reclamo hasta que haya encontrado un experto que lo ayude. Podr\u00eda tener derecho a mucho m\u00e1s de lo que le ofrece el perito en reclamos.<\/p>\n<p>Debes concentrarte en la curaci\u00f3n. Contratar a un experto <a href=\"https:\/\/plg-pllc.com\/glossary\/car-accidents\/\">Abogado de accidentes automovil\u00edsticos en Seattle<\/a> \u201cnivela el campo de juego\u201d. Su abogado conoce la jerga legal. Deje que su abogado se encargue de la negociaci\u00f3n y el papeleo.<\/p>\n<p><strong>Ll\u00e1manos hoy<\/strong> Para que podamos revisar su caso. Queremos conseguir el mejor acuerdo posible para usted.<\/p>\n<h2>\u00a1P\u00f3ngase en contacto con un abogado especializado en accidentes automovil\u00edsticos!<\/h2>\n<p>Si ha resultado herido y ha sufrido da\u00f1os en un <a href=\"https:\/\/plg-pllc.com\/glossary\/car-accidents\/\">accidente de coche<\/a>\u00a1Podemos ayudarle! Usted merece recibir una compensaci\u00f3n por su atenci\u00f3n m\u00e9dica, da\u00f1os a la propiedad y p\u00e9rdida de trabajo.<\/p>\n<p><strong>Llamar <a href=\"https:\/\/plg-pllc.com\/about-us\/\">Grupo de abogados Premier<\/a><\/strong>! T\u00fa <em>Trabaje siempre directamente con un abogado y estamos disponibles para usted. <\/em>24\/7. Nuestro experto <a href=\"https:\/\/plg-pllc.com\/\">Abogados de accidentes automovil\u00edsticos en Seattle<\/a> Tenemos acceso a los registros de la compa\u00f1\u00eda de seguros y de la polic\u00eda. Recopilamos todas las pruebas para construir un caso s\u00f3lido. Nuestro trabajo es negociar en su nombre y obtener un acuerdo justo.<\/p>\n<p>Ofrecemos <a href=\"https:\/\/plg-pllc.com\/contact-us\/\"><strong>GRATIS<\/strong> <\/a>Consulta para v\u00edctimas de accidentes de conductores fuera del estado. Llama <em>206.285.1743<\/em> \u00a1Hoy y programe su revisi\u00f3n gratuita de caso de accidente!<\/p>\n\n        <div class=\"rs-content-cta\">\n            <p>Llamar o enviar mensaje de texto <a href=\"tel:+12062851743\">(206) 285-1743<\/a> o complete un formulario de evaluaci\u00f3n de caso gratuito<\/p>\n            <a href=\"https:\/\/plg-pllc.com\/es\/contact-us\/\" title=\"OBTENGA UNA EVALUACI\u00d3N DE CASO GRATUITA\" class=\"btn-global\">OBTENGA UNA EVALUACI\u00d3N DE CASO GRATUITA<\/a>\n                    <picture>\n                            <source srcset=\"https:\/\/plg-pllc.com\/wp-content\/themes\/plg-pllc-redesign\/assets\/app\/img\/cta-thumb.webp\" type=\"image\/webp\"\/>\n                            <img src=\"https:\/\/plg-pllc.com\/wp-content\/themes\/plg-pllc-redesign\/assets\/app\/img\/cta-thumb.png\" alt=\"Grupo de abogados Premier\" title=\"Grupo de abogados Premier\" width=\"245\" height=\"220\" loading=\"auto\" fetchpriority=\"auto\" decoding=\"async\"\/>\n        <\/picture>\n        \n        <\/div>","protected":false},"excerpt":{"rendered":"<p>\u00bfTuvo un accidente automovil\u00edstico durante su visita a Washington? \u00a1Queremos ayudarlo! Nadie espera tener un accidente automovil\u00edstico. Es una experiencia estresante, especialmente si se trata de un accidente con un conductor que vive fuera del estado. Sin importar qui\u00e9n tenga la culpa, los accidentes automovil\u00edsticos tienen problemas complicados. Por ejemplo: \u00bfQui\u00e9n est\u00e1 herido? \u00bfD\u00f3nde podemos ayudarlo?<\/p>","protected":false},"author":24,"featured_media":0,"parent":17293,"menu_order":0,"comment_status":"closed","ping_status":"closed","template":"","meta":{"_acf_changed":false,"_genesis_hide_title":false,"_genesis_hide_breadcrumbs":false,"_genesis_hide_singular_image":false,"_genesis_hide_footer_widgets":false,"_genesis_custom_body_class":"","_genesis_custom_post_class":"","_genesis_layout":"","footnotes":""},"hc_faqs":[],"class_list":{"0":"post-18461","1":"page","2":"type-page","3":"status-publish","5":"hc_city_location-seattle","6":"entry","7":"has-post-thumbnail"},"acf":[],"yoast_head":"<!-- This site is optimized with the Yoast SEO plugin v27.2 - https:\/\/yoast.com\/product\/yoast-seo-wordpress\/ -->\n<title>Out Of State Driver Lawyer in Seattle | Free Case Review<\/title>\n<meta name=\"description\" content=\"Seattle Out Of State Driver Lawyer: Premier Law Group helps you unlock the full compensation you deserve. No Fee Unless We Win.\" \/>\n<meta name=\"robots\" content=\"index, follow, max-snippet:-1, max-image-preview:large, max-video-preview:-1\" \/>\n<link rel=\"canonical\" href=\"https:\/\/plg-pllc.com\/es\/seattle\/car-accident-lawyer\/out-of-state-driver\/\" \/>\n<meta property=\"og:locale\" content=\"es_MX\" \/>\n<meta property=\"og:type\" content=\"article\" \/>\n<meta property=\"og:title\" content=\"Out Of State Driver Lawyer in Seattle | Free Case Review\" \/>\n<meta property=\"og:description\" content=\"Seattle Out Of State Driver Lawyer: Premier Law Group helps you unlock the full compensation you deserve. No Fee Unless We Win.\" \/>\n<meta property=\"og:url\" content=\"https:\/\/plg-pllc.com\/es\/seattle\/car-accident-lawyer\/out-of-state-driver\/\" \/>\n<meta property=\"og:site_name\" content=\"Premier Law Group\" \/>\n<meta property=\"article:publisher\" content=\"https:\/\/www.facebook.com\/premierlawgroup\" \/>\n<meta property=\"article:modified_time\" content=\"2026-03-24T22:11:38+00:00\" \/>\n<meta property=\"og:image\" content=\"https:\/\/plg-pllc.com\/wp-content\/uploads\/2020\/04\/shutterstock_250536799-scaled.jpg\" \/>\n\t<meta property=\"og:image:width\" content=\"2560\" \/>\n\t<meta property=\"og:image:height\" content=\"1709\" \/>\n\t<meta property=\"og:image:type\" content=\"image\/jpeg\" \/>\n<meta name=\"twitter:card\" content=\"summary_large_image\" \/>\n<meta name=\"twitter:site\" content=\"@premierlawgroup\" \/>\n<meta name=\"twitter:label1\" content=\"Tiempo de lectura\" \/>\n\t<meta name=\"twitter:data1\" content=\"5 minutos\" \/>\n<script type=\"application\/ld+json\" class=\"yoast-schema-graph\">{\"@context\":\"https:\/\/schema.org\",\"@graph\":[{\"@type\":\"WebPage\",\"@id\":\"https:\/\/plg-pllc.com\/seattle\/car-accident-lawyer\/out-of-state-driver\/\",\"url\":\"https:\/\/plg-pllc.com\/seattle\/car-accident-lawyer\/out-of-state-driver\/\",\"name\":\"Out Of State Driver Lawyer in Seattle | Free Case Review\",\"isPartOf\":{\"@id\":\"https:\/\/plg-pllc.com\/#website\"},\"primaryImageOfPage\":{\"@id\":\"https:\/\/plg-pllc.com\/seattle\/car-accident-lawyer\/out-of-state-driver\/#primaryimage\"},\"image\":{\"@id\":\"https:\/\/plg-pllc.com\/seattle\/car-accident-lawyer\/out-of-state-driver\/#primaryimage\"},\"thumbnailUrl\":\"https:\/\/plg-pllc.com\/wp-content\/uploads\/2020\/04\/shutterstock_250536799-300x200.jpg\",\"datePublished\":\"2021-05-08T15:07:44+00:00\",\"dateModified\":\"2026-03-24T22:11:38+00:00\",\"description\":\"Seattle Out Of State Driver Lawyer: Premier Law Group helps you unlock the full compensation you deserve. No Fee Unless We Win.\",\"breadcrumb\":{\"@id\":\"https:\/\/plg-pllc.com\/seattle\/car-accident-lawyer\/out-of-state-driver\/#breadcrumb\"},\"inLanguage\":\"es\",\"potentialAction\":[{\"@type\":\"ReadAction\",\"target\":[\"https:\/\/plg-pllc.com\/seattle\/car-accident-lawyer\/out-of-state-driver\/\"]}]},{\"@type\":\"ImageObject\",\"inLanguage\":\"es\",\"@id\":\"https:\/\/plg-pllc.com\/seattle\/car-accident-lawyer\/out-of-state-driver\/#primaryimage\",\"url\":\"https:\/\/plg-pllc.com\/wp-content\/uploads\/2020\/04\/shutterstock_250536799-300x200.jpg\",\"contentUrl\":\"https:\/\/plg-pllc.com\/wp-content\/uploads\/2020\/04\/shutterstock_250536799-300x200.jpg\"},{\"@type\":\"BreadcrumbList\",\"@id\":\"https:\/\/plg-pllc.com\/seattle\/car-accident-lawyer\/out-of-state-driver\/#breadcrumb\",\"itemListElement\":[{\"@type\":\"ListItem\",\"position\":1,\"name\":\"Home\",\"item\":\"https:\/\/plg-pllc.com\/es\/\"},{\"@type\":\"ListItem\",\"position\":2,\"name\":\"Seattle Personal Injury Lawyer\",\"item\":\"https:\/\/plg-pllc.com\/es\/seattle\/personal-injury-lawyer\/\"},{\"@type\":\"ListItem\",\"position\":3,\"name\":\"Seattle Car Accident Lawyer\",\"item\":\"https:\/\/plg-pllc.com\/es\/seattle\/car-accident-lawyer\/\"},{\"@type\":\"ListItem\",\"position\":4,\"name\":\"Out Of State Driver\"}]},{\"@type\":\"WebSite\",\"@id\":\"https:\/\/plg-pllc.com\/#website\",\"url\":\"https:\/\/plg-pllc.com\/\",\"name\":\"Premier Law Group\",\"description\":\"Washington Wrongful Death and Serious Injury Lawyer\",\"publisher\":{\"@id\":\"https:\/\/plg-pllc.com\/#organization\"},\"inLanguage\":\"es\"},{\"@type\":\"Organization\",\"@id\":\"https:\/\/plg-pllc.com\/#organization\",\"name\":\"Premier Law Group\",\"url\":\"https:\/\/plg-pllc.com\/\",\"logo\":{\"@type\":\"ImageObject\",\"inLanguage\":\"es\",\"@id\":\"https:\/\/plg-pllc.com\/#\/schema\/logo\/image\/\",\"url\":\"https:\/\/plg-pllc.com\/wp-content\/uploads\/2020\/10\/plg-logo-v2.gif\",\"contentUrl\":\"https:\/\/plg-pllc.com\/wp-content\/uploads\/2020\/10\/plg-logo-v2.gif\",\"width\":592,\"height\":191,\"caption\":\"Premier Law Group\"},\"image\":{\"@id\":\"https:\/\/plg-pllc.com\/#\/schema\/logo\/image\/\"},\"sameAs\":[\"https:\/\/www.facebook.com\/premierlawgroup\",\"https:\/\/x.com\/premierlawgroup\"]}]}<\/script>\n<!-- \/ Yoast SEO plugin. -->","yoast_head_json":{"title":"Abogado de conducci\u00f3n fuera del estado en Seattle | Revisi\u00f3n de caso gratuita","description":"Abogado de Seattle especializado en casos de conductores fuera del estado: Premier Law Group lo ayuda a obtener la compensaci\u00f3n total que se merece. Sin cargo a menos que ganemos.","robots":{"index":"index","follow":"follow","max-snippet":"max-snippet:-1","max-image-preview":"max-image-preview:large","max-video-preview":"max-video-preview:-1"},"canonical":"https:\/\/plg-pllc.com\/es\/seattle\/car-accident-lawyer\/out-of-state-driver\/","og_locale":"es_MX","og_type":"article","og_title":"Out Of State Driver Lawyer in Seattle | Free Case Review","og_description":"Seattle Out Of State Driver Lawyer: Premier Law Group helps you unlock the full compensation you deserve. No Fee Unless We Win.","og_url":"https:\/\/plg-pllc.com\/es\/seattle\/car-accident-lawyer\/out-of-state-driver\/","og_site_name":"Premier Law Group","article_publisher":"https:\/\/www.facebook.com\/premierlawgroup","article_modified_time":"2026-03-24T22:11:38+00:00","og_image":[{"width":2560,"height":1709,"url":"https:\/\/plg-pllc.com\/wp-content\/uploads\/2020\/04\/shutterstock_250536799-scaled.jpg","type":"image\/jpeg"}],"twitter_card":"summary_large_image","twitter_site":"@premierlawgroup","twitter_misc":{"Tiempo de lectura":"5 minutos"},"schema":{"@context":"https:\/\/schema.org","@graph":[{"@type":"WebPage","@id":"https:\/\/plg-pllc.com\/seattle\/car-accident-lawyer\/out-of-state-driver\/","url":"https:\/\/plg-pllc.com\/seattle\/car-accident-lawyer\/out-of-state-driver\/","name":"Abogado de conducci\u00f3n fuera del estado en Seattle | Revisi\u00f3n de caso gratuita","isPartOf":{"@id":"https:\/\/plg-pllc.com\/#website"},"primaryImageOfPage":{"@id":"https:\/\/plg-pllc.com\/seattle\/car-accident-lawyer\/out-of-state-driver\/#primaryimage"},"image":{"@id":"https:\/\/plg-pllc.com\/seattle\/car-accident-lawyer\/out-of-state-driver\/#primaryimage"},"thumbnailUrl":"https:\/\/plg-pllc.com\/wp-content\/uploads\/2020\/04\/shutterstock_250536799-300x200.jpg","datePublished":"2021-05-08T15:07:44+00:00","dateModified":"2026-03-24T22:11:38+00:00","description":"Abogado de Seattle especializado en casos de conductores fuera del estado: Premier Law Group lo ayuda a obtener la compensaci\u00f3n total que se merece. Sin cargo a menos que ganemos.","breadcrumb":{"@id":"https:\/\/plg-pllc.com\/seattle\/car-accident-lawyer\/out-of-state-driver\/#breadcrumb"},"inLanguage":"es","potentialAction":[{"@type":"ReadAction","target":["https:\/\/plg-pllc.com\/seattle\/car-accident-lawyer\/out-of-state-driver\/"]}]},{"@type":"ImageObject","inLanguage":"es","@id":"https:\/\/plg-pllc.com\/seattle\/car-accident-lawyer\/out-of-state-driver\/#primaryimage","url":"https:\/\/plg-pllc.com\/wp-content\/uploads\/2020\/04\/shutterstock_250536799-300x200.jpg","contentUrl":"https:\/\/plg-pllc.com\/wp-content\/uploads\/2020\/04\/shutterstock_250536799-300x200.jpg"},{"@type":"BreadcrumbList","@id":"https:\/\/plg-pllc.com\/seattle\/car-accident-lawyer\/out-of-state-driver\/#breadcrumb","itemListElement":[{"@type":"ListItem","position":1,"name":"Home","item":"https:\/\/plg-pllc.com\/es\/"},{"@type":"ListItem","position":2,"name":"Seattle Personal Injury Lawyer","item":"https:\/\/plg-pllc.com\/es\/seattle\/personal-injury-lawyer\/"},{"@type":"ListItem","position":3,"name":"Seattle Car Accident Lawyer","item":"https:\/\/plg-pllc.com\/es\/seattle\/car-accident-lawyer\/"},{"@type":"ListItem","position":4,"name":"Out Of State Driver"}]},{"@type":"WebSite","@id":"https:\/\/plg-pllc.com\/#website","url":"https:\/\/plg-pllc.com\/","name":"Grupo de abogados Premier","description":"Abogado de muerte por negligencia y lesiones graves en Washington","publisher":{"@id":"https:\/\/plg-pllc.com\/#organization"},"inLanguage":"es"},{"@type":"Organization","@id":"https:\/\/plg-pllc.com\/#organization","name":"Grupo de abogados Premier","url":"https:\/\/plg-pllc.com\/","logo":{"@type":"ImageObject","inLanguage":"es","@id":"https:\/\/plg-pllc.com\/#\/schema\/logo\/image\/","url":"https:\/\/plg-pllc.com\/wp-content\/uploads\/2020\/10\/plg-logo-v2.gif","contentUrl":"https:\/\/plg-pllc.com\/wp-content\/uploads\/2020\/10\/plg-logo-v2.gif","width":592,"height":191,"caption":"Premier Law Group"},"image":{"@id":"https:\/\/plg-pllc.com\/#\/schema\/logo\/image\/"},"sameAs":["https:\/\/www.facebook.com\/premierlawgroup","https:\/\/x.com\/premierlawgroup"]}]}},"_links":{"self":[{"href":"https:\/\/plg-pllc.com\/es\/wp-json\/wp\/v2\/pages\/18461","targetHints":{"allow":["GET"]}}],"collection":[{"href":"https:\/\/plg-pllc.com\/es\/wp-json\/wp\/v2\/pages"}],"about":[{"href":"https:\/\/plg-pllc.com\/es\/wp-json\/wp\/v2\/types\/page"}],"author":[{"embeddable":true,"href":"https:\/\/plg-pllc.com\/es\/wp-json\/wp\/v2\/users\/24"}],"replies":[{"embeddable":true,"href":"https:\/\/plg-pllc.com\/es\/wp-json\/wp\/v2\/comments?post=18461"}],"version-history":[{"count":0,"href":"https:\/\/plg-pllc.com\/es\/wp-json\/wp\/v2\/pages\/18461\/revisions"}],"up":[{"embeddable":true,"href":"https:\/\/plg-pllc.com\/es\/wp-json\/wp\/v2\/pages\/17293"}],"wp:attachment":[{"href":"https:\/\/plg-pllc.com\/es\/wp-json\/wp\/v2\/media?parent=18461"}],"wp:term":[{"taxonomy":"hc_faqs","embeddable":true,"href":"https:\/\/plg-pllc.com\/es\/wp-json\/wp\/v2\/hc_faqs?post=18461"}],"curies":[{"name":"gracias","href":"https:\/\/api.w.org\/{rel}","templated":true}]}}