{"id":18462,"date":"2021-05-08T08:49:23","date_gmt":"2021-05-08T15:49:23","guid":{"rendered":"https:\/\/plg-pllc.com\/?page_id=18462"},"modified":"2024-10-16T11:33:10","modified_gmt":"2024-10-16T18:33:10","slug":"daycare-injuries","status":"publish","type":"page","link":"https:\/\/plg-pllc.com\/es\/washington\/child-injury-lawyer\/daycare-injury\/","title":{"rendered":"Abogado de lesiones en guarder\u00edas de Washington"},"content":{"rendered":"<h2>\u00bfSu hijo se lesion\u00f3 en la guarder\u00eda? \u00a1Queremos ayudarlo!<\/h2>\n<p><img loading=\"lazy\" decoding=\"async\" class=\"alignleft size-medium wp-image-18463\" src=\"https:\/\/plg-pllc.com\/wp-content\/uploads\/2021\/05\/kids-at-swing-1185902_1920-300x225.jpg\" alt=\"Abogados de accidentes de guarder\u00eda en Seattle, Federal Way, Renton y Bellevue\" width=\"300\" height=\"225\" srcset=\"https:\/\/plg-pllc.com\/wp-content\/uploads\/2021\/05\/kids-at-swing-1185902_1920-300x225.jpg 300w, https:\/\/plg-pllc.com\/wp-content\/uploads\/2021\/05\/kids-at-swing-1185902_1920-1024x768.jpg 1024w, https:\/\/plg-pllc.com\/wp-content\/uploads\/2021\/05\/kids-at-swing-1185902_1920-768x576.jpg 768w, https:\/\/plg-pllc.com\/wp-content\/uploads\/2021\/05\/kids-at-swing-1185902_1920-1536x1152.jpg 1536w, https:\/\/plg-pllc.com\/wp-content\/uploads\/2021\/05\/kids-at-swing-1185902_1920-640x480.jpg 640w, https:\/\/plg-pllc.com\/wp-content\/uploads\/2021\/05\/kids-at-swing-1185902_1920-1200x900.jpg 1200w, https:\/\/plg-pllc.com\/wp-content\/uploads\/2021\/05\/kids-at-swing-1185902_1920-250x188.jpg 250w, https:\/\/plg-pllc.com\/wp-content\/uploads\/2021\/05\/kids-at-swing-1185902_1920.jpg 1920w\" sizes=\"auto, (max-width: 300px) 100vw, 300px\" \/>La mayor\u00eda de los padres de ni\u00f1os peque\u00f1os trabajan. Sin embargo, pocos lugares de trabajo cuentan con guarder\u00edas en sus instalaciones. Debido a esto, los padres que trabajan a menudo se ven obligados a dejar a sus hijos en guarder\u00edas. Para ello, cuentan con centros de cuidado infantil para mantener a sus hijos seguros, bien alimentados y cuidados. Aunque no es de extra\u00f1ar que los ni\u00f1os tengan peque\u00f1os accidentes. Por supuesto, eso es normal. Lo que &quot;no es normal&quot; son los accidentes graves con lesiones infantiles en guarder\u00edas.<\/p>\n<p>El abandono de los ni\u00f1os en las guarder\u00edas es un problema grave en todo Estados Unidos. Por lo tanto, estas lesiones violan la confianza de los padres, causan angustia emocional y facturas m\u00e9dicas inesperadas. Por ello, el peor caso es el abuso en las guarder\u00edas. Lamentablemente, cada a\u00f1o se denuncian miles de casos de abuso en guarder\u00edas. Por \u00faltimo, los efectos a corto y largo plazo del abuso infantil est\u00e1n bien documentados.<\/p>\n<p><strong>\u00a1Obtenga ayuda ahora para la lesi\u00f3n de su hijo en la guarder\u00eda! <\/strong>No tiene que hacerlo por su cuenta, somos abogados con experiencia en lesiones en guarder\u00edas de Seattle. No tenga miedo de actuar ahora en nombre de su hijo. Lucharemos por su familia y exigiremos una compensaci\u00f3n por las lesiones de su hijo. Llame <a href=\"https:\/\/plg-pllc.com\/about-us\/\">Grupo de abogados Premier<\/a> Hoy a las <em>206.285.1743<\/em> Para un <b><a href=\"https:\/\/plg-pllc.com\/contact-us\/\">GRATIS<\/a> <\/b>\u00a1Consulta! Nuestros abogados expertos en lesiones infantiles de Washington revisar\u00e1n los detalles de tu caso y te explicar\u00e1n tus derechos.<\/p>\n<h2 data-pm-slice=\"1 1 []\">Demanda por lesiones personales por accidentes en guarder\u00edas<\/h2>\n<p>Los padres pagan a las guarder\u00edas para que cuiden a sus hijos. Los encargados de las guarder\u00edas tienen una sola funci\u00f3n: proporcionar un entorno seguro y garantizar la salud, la seguridad y el bienestar de los ni\u00f1os.<\/p>\n<p>Esto va m\u00e1s all\u00e1 de supervisar las actividades diarias. Deben supervisar constantemente a los ni\u00f1os, prevenir el acoso y los ataques f\u00edsicos y mantener los objetos peligrosos fuera de su alcance. Esto incluye el mantenimiento de los equipos de juegos y la desinfecci\u00f3n de los espacios interiores y los juguetes.<\/p>\n<p><a href=\"https:\/\/plg-pllc.com\/about-us\/\"><strong>Grupo de abogados Premier<\/strong><\/a> est\u00e1 listo para luchar por los derechos de su hijo, si su hijo ha resultado herido en una guarder\u00eda.<\/p>\n<h3>Reclamos por abuso y negligencia infantil<\/h3>\n<p>Las guarder\u00edas cobran mucho dinero por cuidar a los ni\u00f1os y los padres pagan a las guarder\u00edas para que mantengan a sus hijos a salvo. Pero los cuidadores que lastiman deliberadamente a los ni\u00f1os deben hacerse responsables de las lesiones que causan.<\/p>\n<p>Los abogados expertos en lesiones infantiles de Premier Law Group tienen d\u00e9cadas de experiencia en el manejo de casos de abuso y negligencia infantil. Responsabilizamos a las partes negligentes por sus acciones. Nada puede reparar el da\u00f1o causado, pero usamos la ley y logramos justicia para los padres y los ni\u00f1os.<\/p>\n<h3>Peligros en las escuelas y guarder\u00edas<\/h3>\n<p>Se construyen guarder\u00edas y escuelas para ni\u00f1os. Aun as\u00ed, existen peligros claros y presentes en los que los ni\u00f1os pueden resultar heridos.<\/p>\n<p>Algunos de los accidentes m\u00e1s comunes en estas instalaciones incluyen:<\/p>\n<ul>\n<li><strong>Lesiones en el patio de recreo<\/strong><\/li>\n<li><strong>Accidentes en el paso de peatones<\/strong><\/li>\n<li><strong>S\u00edndrome del beb\u00e9 sacudido<\/strong><\/li>\n<li><strong>Agresi\u00f3n por parte de ni\u00f1os o adultos<\/strong><\/li>\n<li><strong>Accidentes de autobuses escolares<\/strong><\/li>\n<li><strong>Lesiones en el aula<\/strong><\/li>\n<li><strong>Abuso sexual<\/strong><\/li>\n<li><strong><u>Productos defectuosos, incluidos equipos de juegos y deportes, y alimentos contaminados.<\/u><\/strong><\/li>\n<\/ul>\n<p>Las lesiones que se producen en estas instalaciones provocan traumas f\u00edsicos y emocionales permanentes y tambi\u00e9n generan dificultades econ\u00f3micas para los padres.<\/p>\n<h3>\u00bfQui\u00e9n es responsable de las actividades extraescolares y extracurriculares?<\/h3>\n<p><img loading=\"lazy\" decoding=\"async\" class=\"alignright size-medium wp-image-18464\" src=\"https:\/\/plg-pllc.com\/wp-content\/uploads\/2021\/05\/child-2737064_1920-200x300.jpg\" alt=\"Abogados de accidentes de guarder\u00eda en Seattle, Federal Way, Renton y Bellevue\" width=\"200\" height=\"300\" srcset=\"https:\/\/plg-pllc.com\/wp-content\/uploads\/2021\/05\/child-2737064_1920-200x300.jpg 200w, https:\/\/plg-pllc.com\/wp-content\/uploads\/2021\/05\/child-2737064_1920-683x1024.jpg 683w, https:\/\/plg-pllc.com\/wp-content\/uploads\/2021\/05\/child-2737064_1920-768x1152.jpg 768w, https:\/\/plg-pllc.com\/wp-content\/uploads\/2021\/05\/child-2737064_1920-1024x1536.jpg 1024w, https:\/\/plg-pllc.com\/wp-content\/uploads\/2021\/05\/child-2737064_1920-640x960.jpg 640w, https:\/\/plg-pllc.com\/wp-content\/uploads\/2021\/05\/child-2737064_1920-1200x1800.jpg 1200w, https:\/\/plg-pllc.com\/wp-content\/uploads\/2021\/05\/child-2737064_1920-133x200.jpg 133w, https:\/\/plg-pllc.com\/wp-content\/uploads\/2021\/05\/child-2737064_1920.jpg 1280w\" sizes=\"auto, (max-width: 200px) 100vw, 200px\" \/>Cuando los ni\u00f1os participan en actividades extraescolares, la escuela es responsable de su seguridad y bienestar. Esto incluye clubes escolares, deportes o bandas.<\/p>\n<p>La mayor\u00eda de las escuelas exigen que los padres firmen exenciones para que sus hijos puedan participar en actividades extraescolares. Este es el intento de la escuela de responsabilizar a los padres por las lesiones que se produzcan en las instalaciones escolares.<\/p>\n<p>Padres: firmar esta exenci\u00f3n no elimina las responsabilidades de la escuela y sus empleados. Los empleados de la escuela (maestros, entrenadores y miembros del personal) deben mantener seguros a los ni\u00f1os durante los deportes y las actividades. Es su trabajo obtener ayuda m\u00e9dica inmediata para los ni\u00f1os lesionados.<\/p>\n<p>Ellos <em>son considerados responsables<\/em> ante los tribunales, cuando no cumplen con esta obligaci\u00f3n.<\/p>\n<h3>Se\u00f1ales de abuso infantil en una guarder\u00eda<\/h3>\n<p>El maltrato y la negligencia en guarder\u00edas pueden ser dif\u00edciles de detectar porque los padres est\u00e1n trabajando cuando se producen. Lamentablemente, los abusadores asustan a los ni\u00f1os y los averg\u00fcenzan. Por \u00faltimo, incluso les dicen a los ni\u00f1os que es su culpa que est\u00e9n siendo maltratados.<\/p>\n<p>\u00a1Padres, presten atenci\u00f3n! Hay s\u00edntomas a los que hay que prestar atenci\u00f3n. Los m\u00e1s destacados son:<\/p>\n<ul>\n<li><strong>Lesiones f\u00edsicas \u2014 <\/strong>Raspones, moretones u otras lesiones graves inusuales<\/li>\n<li><strong>Pesadillas <\/strong>\u2014No hab\u00eda pesadillas antes de ir a la guarder\u00eda.<\/li>\n<li><strong>Cambios de comportamiento \u2013 <\/strong>Su hijo no est\u00e1 actuando con normalidad<\/li>\n<li><strong>Falta de supervisi\u00f3n <\/strong>\u2014 No hay trabajadores de guarder\u00eda supervisando a los ni\u00f1os fuera<\/li>\n<li><strong>Regresi\u00f3n <\/strong>\u2013 Su hijo comienza a actuar como un beb\u00e9 o un ni\u00f1o peque\u00f1o.<\/li>\n<li><strong>Sed y hambre extraordinarias <\/strong>\u2013 Tu hijo siempre tiene hambre y sed.<\/li>\n<li><strong>Timidez excesiva <\/strong>Les da verg\u00fcenza quitarse la ropa, ba\u00f1arse o huir de extra\u00f1os.<\/li>\n<\/ul>\n<p>Si observa alguno de estos s\u00edntomas, <em><u>Es fundamental que descubras qu\u00e9 est\u00e1 pasando.<\/u><\/em>Las cosas que puedes hacer son:<\/p>\n<ul>\n<li><strong>Habla con tu hijo<\/strong> \u2013 hazlo de una manera tranquila y no amenazante, no asustes a tu hijo y no lo hagas sentir responsable de ninguna manera<\/li>\n<li><strong>Contacte a otros padres \u2013 <\/strong>preguntar discretamente c\u00f3mo est\u00e1n actuando sus hijos<\/li>\n<li><strong>Haga una visita sorpresa a la guarder\u00eda <\/strong>\u2013 buscar falta de supervisi\u00f3n, condiciones insalubres, acoso y otros malos comportamientos<\/li>\n<li><strong>Hazte un chequeo m\u00e9dico<\/strong> \u2013 haga esto en el momento en que sospeche de abuso f\u00edsico y coerci\u00f3n<\/li>\n<\/ul>\n<h2>\u00bfQu\u00e9 pasa con el acoso y la intimidaci\u00f3n?<\/h2>\n<p>El acoso y la intimidaci\u00f3n se han vuelto rampantes en todo Estados Unidos. Estas conductas est\u00e1n directamente relacionadas con el abuso y las lesiones. De hecho, el acoso y la intimidaci\u00f3n en la escuela hacen que los ni\u00f1os se quiten la vida. No pueden soportar la intimidaci\u00f3n, el rid\u00edculo y el acoso.<\/p>\n<p>Los padres deben tomar medidas legales en\u00e9rgicas cuando la administraci\u00f3n de la escuela no pone fin al acoso y la intimidaci\u00f3n. La mejor medida es contratar a un abogado competente con experiencia en casos de acoso y intimidaci\u00f3n. Las escuelas son negligentes si no protegen a su hijo.<\/p>\n<h3>Responsabilidad en accidentes en escuelas y guarder\u00edas<\/h3>\n<p>Los maestros y el personal escolar son negligentes si no ponen fin al acoso y la intimidaci\u00f3n. Sin embargo, las escuelas p\u00fablicas son entidades gubernamentales. Por lo tanto, existen leyes estrictas que se aplican a la presentaci\u00f3n de reclamos por negligencia en las escuelas p\u00fablicas.<\/p>\n<p>En nuestro estado, todas las guarder\u00edas deben tener una licencia. Las guarder\u00edas sin licencia son responsables de cualquier accidente o lesi\u00f3n que se produzca en sus instalaciones, simplemente por falta de licencia.<\/p>\n<h3>Formularios de autorizaci\u00f3n para guarder\u00edas<\/h3>\n<p>Al igual que las escuelas, las guarder\u00edas exigen que los padres firmen formularios de autorizaci\u00f3n o exenciones. Padres: <em>Ning\u00fan formulario de exenci\u00f3n de responsabilidad o renuncia puede proteger al personal de la guarder\u00eda de la negligencia.<\/em>.<\/p>\n<p>Algunos ejemplos de negligencia en guarder\u00edas incluyen:<\/p>\n<ul>\n<li>En primer lugar, la falta de supervisi\u00f3n<\/li>\n<li>Dejar materiales peligrosos al alcance de los ni\u00f1os<\/li>\n<li>No mantener los equipos de juegos<\/li>\n<li>Falta de desinfecci\u00f3n de espacios interiores y juguetes<\/li>\n<li>Por \u00faltimo, el abuso f\u00edsico<\/li>\n<\/ul>\n<p>Hist\u00f3ricamente, los tribunales fallan a favor de los padres, con o sin un formulario de exenci\u00f3n de responsabilidad firmado. Los tribunales siempre actuar\u00e1n en nombre del ni\u00f1o. Por eso, el hecho de que los padres firmen una exenci\u00f3n de responsabilidad antes de un accidente normalmente no importa. En conclusi\u00f3n, las guarder\u00edas pueden ser y ser\u00e1n responsables.<\/p>\n<h3>\u00a1P\u00f3ngase en contacto con un abogado especializado en accidentes por lesiones en guarder\u00edas!<\/h3>\n<p><strong><img loading=\"lazy\" decoding=\"async\" class=\"alignleft size-medium wp-image-17837\" src=\"https:\/\/plg-pllc.com\/wp-content\/uploads\/2020\/09\/imgmenufree-300x197.jpg\" alt=\"Abogados con experiencia en lesiones infantiles en Seattle, Federal Way, Renton y Bellevue\" width=\"300\" height=\"197\" srcset=\"https:\/\/plg-pllc.com\/wp-content\/uploads\/2020\/09\/imgmenufree-300x197.jpg 300w, https:\/\/plg-pllc.com\/wp-content\/uploads\/2020\/09\/imgmenufree-250x164.jpg 250w, https:\/\/plg-pllc.com\/wp-content\/uploads\/2020\/09\/imgmenufree.jpg 400w\" sizes=\"auto, (max-width: 300px) 100vw, 300px\" \/>Llama a Premier Law Group<\/strong>\u00a1Nuestros abogados expertos en lesiones infantiles de Washington luchar\u00e1n por sus derechos y los de su hijo. Conseguiremos que su familia reciba la compensaci\u00f3n que se merece!<\/p>\n<p>T\u00fa <em>Trabaje siempre directamente con un abogado. Estamos a su disposici\u00f3n. <\/em>24\/7. Nuestro experto <a href=\"https:\/\/plg-pllc.com\/seattle\/personal-injury-lawyer\/\">Abogados de lesiones personales en Washington<\/a> Tenemos acceso a los registros de guarder\u00edas y escuelas p\u00fablicas. Recopilamos las pruebas, construimos un caso s\u00f3lido y obtenemos un acuerdo justo.<\/p>\n<p><strong>Ofrecemos <a href=\"https:\/\/plg-pllc.com\/contact-us\/\">GRATIS<\/a> Consulta para v\u00edctimas de lesiones y negligencia en guarder\u00edas.\u00a0 \u00a0<\/strong><\/p>\n<p><strong>Llamar <em>206.285.1743<\/em> \u00a1Hoy y programe su revisi\u00f3n gratuita de caso de accidente!<\/strong><\/p>\n\n        <div class=\"rs-content-cta\">\n            <p>Llamar o enviar mensaje de texto <a href=\"tel:+12062851743\">(206) 285-1743<\/a> o complete un formulario de evaluaci\u00f3n de caso gratuito<\/p>\n            <a href=\"https:\/\/plg-pllc.com\/es\/contact-us\/\" title=\"OBTENGA UNA EVALUACI\u00d3N DE CASO GRATUITA\" class=\"btn-global\">OBTENGA UNA EVALUACI\u00d3N DE CASO GRATUITA<\/a>\n                    <picture>\n                            <source srcset=\"https:\/\/plg-pllc.com\/wp-content\/themes\/plg-pllc-redesign\/assets\/app\/img\/cta-thumb.webp\" type=\"image\/webp\"\/>\n                            <img src=\"https:\/\/plg-pllc.com\/wp-content\/themes\/plg-pllc-redesign\/assets\/app\/img\/cta-thumb.png\" alt=\"Grupo de abogados Premier\" title=\"Grupo de abogados Premier\" width=\"245\" height=\"220\" loading=\"auto\" fetchpriority=\"auto\" decoding=\"async\"\/>\n        <\/picture>\n        \n        <\/div>","protected":false},"excerpt":{"rendered":"<p>\u00bfSu hijo se lesion\u00f3 en la guarder\u00eda? \u00a1Queremos ayudar! La mayor\u00eda de los padres de ni\u00f1os peque\u00f1os trabajan. Sin embargo, pocos lugares de trabajo tienen guarder\u00edas en sus instalaciones. Debido a esto, los padres que trabajan a menudo se ven obligados a dejar a sus hijos en las guarder\u00edas. Para ello, cuentan con centros de cuidado infantil para mantener a sus hijos seguros, bien alimentados y cuidados. \u2026<\/p>","protected":false},"author":24,"featured_media":0,"parent":20102,"menu_order":0,"comment_status":"closed","ping_status":"closed","template":"","meta":{"_acf_changed":false,"_genesis_hide_title":false,"_genesis_hide_breadcrumbs":false,"_genesis_hide_singular_image":false,"_genesis_hide_footer_widgets":false,"_genesis_custom_body_class":"","_genesis_custom_post_class":"","_genesis_layout":"","footnotes":""},"hc_faqs":[],"class_list":{"0":"post-18462","1":"page","2":"type-page","3":"status-publish","5":"hc_city_location-washington","6":"entry","7":"has-post-thumbnail"},"acf":[],"yoast_head":"<!-- This site is optimized with the Yoast SEO plugin v27.4 - https:\/\/yoast.com\/product\/yoast-seo-wordpress\/ -->\n<title>Daycare Injury Lawyer in Washington | Free Case Review<\/title>\n<meta name=\"description\" content=\"Washington Daycare Injury Lawyer: Premier Law Group helps you unlock the full compensation you deserve. No Fee Unless We Win.\" \/>\n<meta name=\"robots\" content=\"index, follow, max-snippet:-1, max-image-preview:large, max-video-preview:-1\" \/>\n<link rel=\"canonical\" href=\"https:\/\/plg-pllc.com\/es\/washington\/child-injury-lawyer\/daycare-injury\/\" \/>\n<meta property=\"og:locale\" content=\"es_MX\" \/>\n<meta property=\"og:type\" content=\"article\" \/>\n<meta property=\"og:title\" content=\"Daycare Injury Lawyer in Washington | Free Case Review\" \/>\n<meta property=\"og:description\" content=\"Washington Daycare Injury Lawyer: Premier Law Group helps you unlock the full compensation you deserve. No Fee Unless We Win.\" \/>\n<meta property=\"og:url\" content=\"https:\/\/plg-pllc.com\/es\/washington\/child-injury-lawyer\/daycare-injury\/\" \/>\n<meta property=\"og:site_name\" content=\"Premier Law Group\" \/>\n<meta property=\"article:publisher\" content=\"https:\/\/www.facebook.com\/premierlawgroup\" \/>\n<meta property=\"article:modified_time\" content=\"2024-10-16T18:33:10+00:00\" \/>\n<meta property=\"og:image\" content=\"https:\/\/plg-pllc.com\/wp-content\/uploads\/2021\/05\/kids-at-swing-1185902_1920.jpg\" \/>\n\t<meta property=\"og:image:width\" content=\"1920\" \/>\n\t<meta property=\"og:image:height\" content=\"1440\" \/>\n\t<meta property=\"og:image:type\" content=\"image\/jpeg\" \/>\n<meta name=\"twitter:card\" content=\"summary_large_image\" \/>\n<meta name=\"twitter:site\" content=\"@premierlawgroup\" \/>\n<meta name=\"twitter:label1\" content=\"Tiempo de lectura\" \/>\n\t<meta name=\"twitter:data1\" content=\"6 minutos\" \/>\n<script type=\"application\/ld+json\" class=\"yoast-schema-graph\">{\"@context\":\"https:\\\/\\\/schema.org\",\"@graph\":[{\"@type\":\"WebPage\",\"@id\":\"https:\\\/\\\/plg-pllc.com\\\/washington\\\/child-injury-lawyer\\\/daycare-injury\\\/\",\"url\":\"https:\\\/\\\/plg-pllc.com\\\/washington\\\/child-injury-lawyer\\\/daycare-injury\\\/\",\"name\":\"Daycare Injury Lawyer in Washington | Free Case Review\",\"isPartOf\":{\"@id\":\"https:\\\/\\\/plg-pllc.com\\\/#website\"},\"primaryImageOfPage\":{\"@id\":\"https:\\\/\\\/plg-pllc.com\\\/washington\\\/child-injury-lawyer\\\/daycare-injury\\\/#primaryimage\"},\"image\":{\"@id\":\"https:\\\/\\\/plg-pllc.com\\\/washington\\\/child-injury-lawyer\\\/daycare-injury\\\/#primaryimage\"},\"thumbnailUrl\":\"https:\\\/\\\/plg-pllc.com\\\/wp-content\\\/uploads\\\/2021\\\/05\\\/kids-at-swing-1185902_1920-300x225.jpg\",\"datePublished\":\"2021-05-08T15:49:23+00:00\",\"dateModified\":\"2024-10-16T18:33:10+00:00\",\"description\":\"Washington Daycare Injury Lawyer: Premier Law Group helps you unlock the full compensation you deserve. No Fee Unless We Win.\",\"breadcrumb\":{\"@id\":\"https:\\\/\\\/plg-pllc.com\\\/washington\\\/child-injury-lawyer\\\/daycare-injury\\\/#breadcrumb\"},\"inLanguage\":\"es\",\"potentialAction\":[{\"@type\":\"ReadAction\",\"target\":[\"https:\\\/\\\/plg-pllc.com\\\/washington\\\/child-injury-lawyer\\\/daycare-injury\\\/\"]}]},{\"@type\":\"ImageObject\",\"inLanguage\":\"es\",\"@id\":\"https:\\\/\\\/plg-pllc.com\\\/washington\\\/child-injury-lawyer\\\/daycare-injury\\\/#primaryimage\",\"url\":\"https:\\\/\\\/plg-pllc.com\\\/wp-content\\\/uploads\\\/2021\\\/05\\\/kids-at-swing-1185902_1920-300x225.jpg\",\"contentUrl\":\"https:\\\/\\\/plg-pllc.com\\\/wp-content\\\/uploads\\\/2021\\\/05\\\/kids-at-swing-1185902_1920-300x225.jpg\"},{\"@type\":\"BreadcrumbList\",\"@id\":\"https:\\\/\\\/plg-pllc.com\\\/washington\\\/child-injury-lawyer\\\/daycare-injury\\\/#breadcrumb\",\"itemListElement\":[{\"@type\":\"ListItem\",\"position\":1,\"name\":\"Home\",\"item\":\"https:\\\/\\\/plg-pllc.com\\\/es\\\/\"},{\"@type\":\"ListItem\",\"position\":2,\"name\":\"Bellevue Personal Injury Lawyer\",\"item\":\"https:\\\/\\\/plg-pllc.com\\\/es\\\/\"},{\"@type\":\"ListItem\",\"position\":3,\"name\":\"Washington Child Injury Lawyer\",\"item\":\"https:\\\/\\\/plg-pllc.com\\\/es\\\/washington\\\/child-injury-lawyer\\\/\"},{\"@type\":\"ListItem\",\"position\":4,\"name\":\"Daycare Injury\"}]},{\"@type\":\"WebSite\",\"@id\":\"https:\\\/\\\/plg-pllc.com\\\/#website\",\"url\":\"https:\\\/\\\/plg-pllc.com\\\/\",\"name\":\"Premier Law Group\",\"description\":\"Washington Wrongful Death and Serious Injury Lawyer\",\"publisher\":{\"@id\":\"https:\\\/\\\/plg-pllc.com\\\/#organization\"},\"inLanguage\":\"es\"},{\"@type\":\"Organization\",\"@id\":\"https:\\\/\\\/plg-pllc.com\\\/#organization\",\"name\":\"Premier Law Group\",\"url\":\"https:\\\/\\\/plg-pllc.com\\\/\",\"logo\":{\"@type\":\"ImageObject\",\"inLanguage\":\"es\",\"@id\":\"https:\\\/\\\/plg-pllc.com\\\/#\\\/schema\\\/logo\\\/image\\\/\",\"url\":\"https:\\\/\\\/plg-pllc.com\\\/wp-content\\\/uploads\\\/2020\\\/10\\\/plg-logo-v2.gif\",\"contentUrl\":\"https:\\\/\\\/plg-pllc.com\\\/wp-content\\\/uploads\\\/2020\\\/10\\\/plg-logo-v2.gif\",\"width\":592,\"height\":191,\"caption\":\"Premier Law Group\"},\"image\":{\"@id\":\"https:\\\/\\\/plg-pllc.com\\\/#\\\/schema\\\/logo\\\/image\\\/\"},\"sameAs\":[\"https:\\\/\\\/www.facebook.com\\\/premierlawgroup\",\"https:\\\/\\\/x.com\\\/premierlawgroup\"]}]}<\/script>\n<!-- \/ Yoast SEO plugin. -->","yoast_head_json":{"title":"Abogado de lesiones en guarder\u00edas en Washington | Revisi\u00f3n gratuita de casos","description":"Abogado de lesiones en guarder\u00edas de Washington: Premier Law Group lo ayuda a obtener la compensaci\u00f3n total que se merece. Sin honorarios a menos que ganemos.","robots":{"index":"index","follow":"follow","max-snippet":"max-snippet:-1","max-image-preview":"max-image-preview:large","max-video-preview":"max-video-preview:-1"},"canonical":"https:\/\/plg-pllc.com\/es\/washington\/child-injury-lawyer\/daycare-injury\/","og_locale":"es_MX","og_type":"article","og_title":"Daycare Injury Lawyer in Washington | Free Case Review","og_description":"Washington Daycare Injury Lawyer: Premier Law Group helps you unlock the full compensation you deserve. No Fee Unless We Win.","og_url":"https:\/\/plg-pllc.com\/es\/washington\/child-injury-lawyer\/daycare-injury\/","og_site_name":"Premier Law Group","article_publisher":"https:\/\/www.facebook.com\/premierlawgroup","article_modified_time":"2024-10-16T18:33:10+00:00","og_image":[{"width":1920,"height":1440,"url":"https:\/\/plg-pllc.com\/wp-content\/uploads\/2021\/05\/kids-at-swing-1185902_1920.jpg","type":"image\/jpeg"}],"twitter_card":"summary_large_image","twitter_site":"@premierlawgroup","twitter_misc":{"Tiempo de lectura":"6 minutos"},"schema":{"@context":"https:\/\/schema.org","@graph":[{"@type":"WebPage","@id":"https:\/\/plg-pllc.com\/washington\/child-injury-lawyer\/daycare-injury\/","url":"https:\/\/plg-pllc.com\/washington\/child-injury-lawyer\/daycare-injury\/","name":"Abogado de lesiones en guarder\u00edas en Washington | Revisi\u00f3n gratuita de casos","isPartOf":{"@id":"https:\/\/plg-pllc.com\/#website"},"primaryImageOfPage":{"@id":"https:\/\/plg-pllc.com\/washington\/child-injury-lawyer\/daycare-injury\/#primaryimage"},"image":{"@id":"https:\/\/plg-pllc.com\/washington\/child-injury-lawyer\/daycare-injury\/#primaryimage"},"thumbnailUrl":"https:\/\/plg-pllc.com\/wp-content\/uploads\/2021\/05\/kids-at-swing-1185902_1920-300x225.jpg","datePublished":"2021-05-08T15:49:23+00:00","dateModified":"2024-10-16T18:33:10+00:00","description":"Abogado de lesiones en guarder\u00edas de Washington: Premier Law Group lo ayuda a obtener la compensaci\u00f3n total que se merece. Sin honorarios a menos que ganemos.","breadcrumb":{"@id":"https:\/\/plg-pllc.com\/washington\/child-injury-lawyer\/daycare-injury\/#breadcrumb"},"inLanguage":"es","potentialAction":[{"@type":"ReadAction","target":["https:\/\/plg-pllc.com\/washington\/child-injury-lawyer\/daycare-injury\/"]}]},{"@type":"ImageObject","inLanguage":"es","@id":"https:\/\/plg-pllc.com\/washington\/child-injury-lawyer\/daycare-injury\/#primaryimage","url":"https:\/\/plg-pllc.com\/wp-content\/uploads\/2021\/05\/kids-at-swing-1185902_1920-300x225.jpg","contentUrl":"https:\/\/plg-pllc.com\/wp-content\/uploads\/2021\/05\/kids-at-swing-1185902_1920-300x225.jpg"},{"@type":"BreadcrumbList","@id":"https:\/\/plg-pllc.com\/washington\/child-injury-lawyer\/daycare-injury\/#breadcrumb","itemListElement":[{"@type":"ListItem","position":1,"name":"Home","item":"https:\/\/plg-pllc.com\/es\/"},{"@type":"ListItem","position":2,"name":"Bellevue Personal Injury Lawyer","item":"https:\/\/plg-pllc.com\/es\/"},{"@type":"ListItem","position":3,"name":"Washington Child Injury Lawyer","item":"https:\/\/plg-pllc.com\/es\/washington\/child-injury-lawyer\/"},{"@type":"ListItem","position":4,"name":"Daycare Injury"}]},{"@type":"WebSite","@id":"https:\/\/plg-pllc.com\/#website","url":"https:\/\/plg-pllc.com\/","name":"Grupo de abogados Premier","description":"Abogado de muerte por negligencia y lesiones graves en Washington","publisher":{"@id":"https:\/\/plg-pllc.com\/#organization"},"inLanguage":"es"},{"@type":"Organization","@id":"https:\/\/plg-pllc.com\/#organization","name":"Grupo de abogados Premier","url":"https:\/\/plg-pllc.com\/","logo":{"@type":"ImageObject","inLanguage":"es","@id":"https:\/\/plg-pllc.com\/#\/schema\/logo\/image\/","url":"https:\/\/plg-pllc.com\/wp-content\/uploads\/2020\/10\/plg-logo-v2.gif","contentUrl":"https:\/\/plg-pllc.com\/wp-content\/uploads\/2020\/10\/plg-logo-v2.gif","width":592,"height":191,"caption":"Premier Law Group"},"image":{"@id":"https:\/\/plg-pllc.com\/#\/schema\/logo\/image\/"},"sameAs":["https:\/\/www.facebook.com\/premierlawgroup","https:\/\/x.com\/premierlawgroup"]}]}},"_links":{"self":[{"href":"https:\/\/plg-pllc.com\/es\/wp-json\/wp\/v2\/pages\/18462","targetHints":{"allow":["GET"]}}],"collection":[{"href":"https:\/\/plg-pllc.com\/es\/wp-json\/wp\/v2\/pages"}],"about":[{"href":"https:\/\/plg-pllc.com\/es\/wp-json\/wp\/v2\/types\/page"}],"author":[{"embeddable":true,"href":"https:\/\/plg-pllc.com\/es\/wp-json\/wp\/v2\/users\/24"}],"replies":[{"embeddable":true,"href":"https:\/\/plg-pllc.com\/es\/wp-json\/wp\/v2\/comments?post=18462"}],"version-history":[{"count":0,"href":"https:\/\/plg-pllc.com\/es\/wp-json\/wp\/v2\/pages\/18462\/revisions"}],"up":[{"embeddable":true,"href":"https:\/\/plg-pllc.com\/es\/wp-json\/wp\/v2\/pages\/20102"}],"wp:attachment":[{"href":"https:\/\/plg-pllc.com\/es\/wp-json\/wp\/v2\/media?parent=18462"}],"wp:term":[{"taxonomy":"hc_faqs","embeddable":true,"href":"https:\/\/plg-pllc.com\/es\/wp-json\/wp\/v2\/hc_faqs?post=18462"}],"curies":[{"name":"gracias","href":"https:\/\/api.w.org\/{rel}","templated":true}]}}