{"id":18466,"date":"2021-05-10T13:46:25","date_gmt":"2021-05-10T20:46:25","guid":{"rendered":"https:\/\/plg-pllc.com\/?page_id=18466"},"modified":"2025-02-14T14:12:38","modified_gmt":"2025-02-14T22:12:38","slug":"shoulder-injury","status":"publish","type":"page","link":"https:\/\/plg-pllc.com\/es\/seattle\/car-accident-lawyer\/shoulder-injury\/","title":{"rendered":"Abogado de lesiones de hombro en Seattle"},"content":{"rendered":"<h2>\u00bfTiene usted derecho a una indemnizaci\u00f3n por lesiones en el hombro causadas por un accidente automovil\u00edstico?<\/h2>\n<p><img loading=\"lazy\" decoding=\"async\" class=\"size-medium wp-image-18468 alignleft\" src=\"https:\/\/plg-pllc.com\/wp-content\/uploads\/2021\/05\/harlie-raethel-ouyjDk-KdfY-unsplash-300x187.jpg\" alt=\"Abogados de lesiones en el hombro por accidentes automovil\u00edsticos en Seattle Bellevue Renton y Federal Way\" width=\"300\" height=\"187\" srcset=\"https:\/\/plg-pllc.com\/wp-content\/uploads\/2021\/05\/harlie-raethel-ouyjDk-KdfY-unsplash-300x187.jpg 300w, https:\/\/plg-pllc.com\/wp-content\/uploads\/2021\/05\/harlie-raethel-ouyjDk-KdfY-unsplash-1024x639.jpg 1024w, https:\/\/plg-pllc.com\/wp-content\/uploads\/2021\/05\/harlie-raethel-ouyjDk-KdfY-unsplash-768x480.jpg 768w, https:\/\/plg-pllc.com\/wp-content\/uploads\/2021\/05\/harlie-raethel-ouyjDk-KdfY-unsplash-1536x959.jpg 1536w, https:\/\/plg-pllc.com\/wp-content\/uploads\/2021\/05\/harlie-raethel-ouyjDk-KdfY-unsplash-2048x1279.jpg 2048w, https:\/\/plg-pllc.com\/wp-content\/uploads\/2021\/05\/harlie-raethel-ouyjDk-KdfY-unsplash-640x400.jpg 640w, https:\/\/plg-pllc.com\/wp-content\/uploads\/2021\/05\/harlie-raethel-ouyjDk-KdfY-unsplash-1200x749.jpg 1200w, https:\/\/plg-pllc.com\/wp-content\/uploads\/2021\/05\/harlie-raethel-ouyjDk-KdfY-unsplash-1920x1199.jpg 1920w, https:\/\/plg-pllc.com\/wp-content\/uploads\/2021\/05\/harlie-raethel-ouyjDk-KdfY-unsplash-250x156.jpg 250w\" sizes=\"auto, (max-width: 300px) 100vw, 300px\" \/>Imag\u00ednese esta situaci\u00f3n. En un momento, est\u00e1 detenido en el carril de giro de una intersecci\u00f3n. Al momento siguiente, &quot;\u00a1boom!&quot; y est\u00e1 en la intersecci\u00f3n. Los conductores intentan desesperadamente evitar atropellarlo. Lamentablemente, lo hacen. Ha sufrido un importante accidente de tr\u00e1fico por alcance. Su coche ha sufrido una violenta sacudida, se han desplegado los airbags y usted est\u00e1 contento de estar vivo. Llaman a la polic\u00eda. Tambi\u00e9n llegan las ambulancias. Se intercambian nombres, direcciones y tarjetas de seguro. Con el tiempo, el dolor de cabeza y de cuello empeoran. De hecho, nunca est\u00e1 sin dolor. Es dif\u00edcil cepillarse el pelo o levantar a los ni\u00f1os. Ahora, el m\u00e9dico dice que necesita una cirug\u00eda para reparar la lesi\u00f3n en el hombro que sufri\u00f3 en el accidente de tr\u00e1fico. <a href=\"https:\/\/plg-pllc.com\/glossary\/car-accidents\/\">accidente de coche<\/a> Ha cambiado tu vida por completo.<\/p>\n<p>Tiene un latigazo cervical grave y un desgarro del manguito rotador. Estas lesiones no responden a los tratamientos. El m\u00e9dico ha fijado una fecha para la cirug\u00eda. Alguien caus\u00f3 este accidente y sus lesiones. La persona responsable debe pagar las facturas m\u00e9dicas, su p\u00e9rdida de trabajo y los da\u00f1os.\u00a0<strong>Dejar <a href=\"https:\/\/plg-pllc.com\/about-us\/\">Grupo de abogados Premier<\/a> \u00a1ayuda!<\/strong>\u00a0 Tenemos experiencia <a href=\"https:\/\/plg-pllc.com\/glossary\/car-accidents\/\">Abogados de accidentes automovil\u00edsticos en Seattle<\/a>\u00a1Eso es todo lo que hacemos! Perm\u00edtanos recopilar las pruebas y hacer el papeleo con los liquidadores de reclamaciones de seguros. Nosotros negociamos por usted, mientras usted se concentra en recuperarse.<\/p>\n<p><strong>Llamar <a href=\"https:\/\/plg-pllc.com\/\">Grupo de abogados Premier<\/a> Hoy a las <em>206.285.1743<\/em> Para un <a href=\"https:\/\/plg-pllc.com\/contact-us\/\">GRATIS<\/a> \u00a1Consulta!<\/strong>\u00a0 Un <a href=\"https:\/\/plg-pllc.com\/seattle\/personal-injury-lawyer\/\">abogado con experiencia en accidentes<\/a> Revisaremos su caso.<\/p>\n<h2>\u00bfCu\u00e1les son los s\u00edntomas de una lesi\u00f3n en el hombro por accidente automovil\u00edstico?<\/h2>\n<p>Las lesiones de hombro comienzan con dolor, sensibilidad y p\u00e9rdida de movimiento. Con el tiempo, los s\u00edntomas se convierten en lesiones cr\u00f3nicas.<\/p>\n<p>Los s\u00edntomas de las lesiones en el hombro incluyen:<\/p>\n<ul>\n<li>Dolor<\/li>\n<li>Hinchaz\u00f3n<\/li>\n<li>Moretones<\/li>\n<li>Desgarro de m\u00fasculos y tendones que conectan<\/li>\n<li>Enfermedad del manguito rotador del hombro<\/li>\n<li>Dislocaci\u00f3n del hombro<\/li>\n<li>Artritis<\/li>\n<\/ul>\n<p>Todo lo que hacemos implica el uso de los hombros, el cuello y los brazos. Las lesiones de hombro afectan nuestras vidas. Es dif\u00edcil vivir una vida plena cuando el dolor se irradia desde los hombros hasta los brazos. Las lesiones de hombro hacen que la vida cotidiana sea imposible.<\/p>\n<h2>\u00bfQu\u00e9 es una lesi\u00f3n del manguito rotador?<\/h2>\n<p>El manguito rotador est\u00e1 formado por m\u00fasculos y tendones. Juntos, mantienen unida la articulaci\u00f3n del hombro. Los accidentes automovil\u00edsticos son conocidos por causar lesiones en el manguito rotador. Es importante recibir una buena atenci\u00f3n m\u00e9dica despu\u00e9s de un accidente. <a href=\"https:\/\/plg-pllc.com\/glossary\/car-accidents\/\">accidente de coche<\/a>.<\/p>\n<p>Cuando las lesiones del manguito rotador no se tratan, provocan una p\u00e9rdida permanente de movimiento. Las v\u00edctimas desarrollan debilidad en el hombro a medida que los m\u00fasculos se tensan. Con el tiempo, estas lesiones provocan un \u201chombro congelado\u201d. Con el tiempo, cualquier movimiento del hombro provoca dolor. Es f\u00e1cil ver c\u00f3mo esto afecta todo lo que haces.<\/p>\n\n        <div class=\"rs-content-cta long\">\n            <p>Para una consulta legal GRATUITA con un abogado especializado en lesiones de hombro que preste servicios en Seattle, llame al <a href=\"tel:+12062851743\">(206) 285-1743 <\/a><\/p>\n            <a href=\"https:\/\/plg-pllc.com\/es\/contact-us\/\" title=\"OBTENGA UNA EVALUACI\u00d3N DE CASO GRATUITA\" class=\"btn-global\">OBTENGA UNA EVALUACI\u00d3N DE CASO GRATUITA<\/a>\n                    <picture>\n                            <source srcset=\"https:\/\/plg-pllc.com\/wp-content\/themes\/plg-pllc-redesign\/assets\/app\/img\/cta-thumb.webp\" type=\"image\/webp\"\/>\n                            <img src=\"https:\/\/plg-pllc.com\/wp-content\/themes\/plg-pllc-redesign\/assets\/app\/img\/cta-thumb.png\" alt=\"Grupo de abogados Premier\" title=\"Grupo de abogados Premier\" width=\"245\" height=\"220\" loading=\"auto\" fetchpriority=\"auto\" decoding=\"async\"\/>\n        <\/picture>\n        \n        <\/div><h2>\u00bfC\u00f3mo se tratan las lesiones del manguito rotador?<\/h2>\n<p><img loading=\"lazy\" decoding=\"async\" class=\"size-medium wp-image-18469 alignright\" src=\"https:\/\/plg-pllc.com\/wp-content\/uploads\/2021\/05\/back-5163495_1920-300x211.jpg\" alt=\"Abogados de lesiones en el hombro por accidentes automovil\u00edsticos en Seattle Bellevue Renton y Federal Way\" width=\"300\" height=\"211\" srcset=\"https:\/\/plg-pllc.com\/wp-content\/uploads\/2021\/05\/back-5163495_1920-300x211.jpg 300w, https:\/\/plg-pllc.com\/wp-content\/uploads\/2021\/05\/back-5163495_1920-1024x720.jpg 1024w, https:\/\/plg-pllc.com\/wp-content\/uploads\/2021\/05\/back-5163495_1920-768x540.jpg 768w, https:\/\/plg-pllc.com\/wp-content\/uploads\/2021\/05\/back-5163495_1920-1536x1080.jpg 1536w, https:\/\/plg-pllc.com\/wp-content\/uploads\/2021\/05\/back-5163495_1920-640x450.jpg 640w, https:\/\/plg-pllc.com\/wp-content\/uploads\/2021\/05\/back-5163495_1920-1200x844.jpg 1200w, https:\/\/plg-pllc.com\/wp-content\/uploads\/2021\/05\/back-5163495_1920-250x176.jpg 250w, https:\/\/plg-pllc.com\/wp-content\/uploads\/2021\/05\/back-5163495_1920.jpg 1920w\" sizes=\"auto, (max-width: 300px) 100vw, 300px\" \/>En primer lugar, los m\u00e9dicos realizan un examen f\u00edsico. Luego, realizan radiograf\u00edas y otras pruebas de diagn\u00f3stico por imagen para ver la extensi\u00f3n de las lesiones. Si no hay huesos rotos, los primeros tratamientos ser\u00e1n \u201cno quir\u00fargicos\u201d.<\/p>\n<p>Estos tratamientos incluyen:<\/p>\n<ul>\n<li>Ibuprofeno<\/li>\n<li>Inyecciones de cortisona<\/li>\n<li>Fisioterapia<\/li>\n<li>Ejercicios diarios para los hombros<\/li>\n<li>Cabestrillo para el hombro<\/li>\n<\/ul>\n<p>Si estos tratamientos no resuelven el dolor de la v\u00edctima, entonces el m\u00e9dico prescribe reparaciones quir\u00fargicas.<\/p>\n<p>Existen tres tipos de cirug\u00edas del manguito rotador:<\/p>\n<ul>\n<li><strong>Reparaci\u00f3n artrosc\u00f3pica <\/strong>\u2013 El cirujano hace una peque\u00f1a incisi\u00f3n e inserta una c\u00e1mara que muestra el lugar de la lesi\u00f3n en una pantalla de televisi\u00f3n. Luego, el cirujano inserta herramientas del tama\u00f1o de un l\u00e1piz en el lugar de la lesi\u00f3n. Las herramientas le permiten al cirujano eliminar espolones \u00f3seos y reparar desgarros musculares.<\/li>\n<li><strong>Reparaci\u00f3n mini-abierta <\/strong>\u2013 El cirujano realiza una incisi\u00f3n ligeramente m\u00e1s grande que en la cirug\u00eda artrosc\u00f3pica. A trav\u00e9s de esta incisi\u00f3n, el m\u00e9dico utiliza peque\u00f1as herramientas del tama\u00f1o de un l\u00e1piz para reparar los desgarros de tendones y m\u00fasculos. Las c\u00e1maras toman fotograf\u00edas del desgarro, antes de la cirug\u00eda y despu\u00e9s de que se realiza la reparaci\u00f3n.<\/li>\n<li><strong>Reparaci\u00f3n abierta <\/strong>\u2013 Cuando los desgarros del hombro son complejos, se debe realizar una reconstrucci\u00f3n de m\u00fasculos y tendones. Se realiza una gran incisi\u00f3n en la parte superior del hombro. El cirujano separa los m\u00fasculos para ver la lesi\u00f3n completa. Las lesiones graves del hombro tienen fragmentos de hueso y m\u00fasculos desgarrados. En una cirug\u00eda de \u201creparaci\u00f3n abierta\u201d, los m\u00e9dicos extraen los fragmentos de hueso, insertan tendones nuevos y vuelven a unir los m\u00fasculos. Se trata de una cirug\u00eda complicada con un largo tiempo de recuperaci\u00f3n.<\/li>\n<\/ul>\n<p>Todas estas cirug\u00edas requieren que los pacientes usen un cabestrillo. El cabestrillo evita que los m\u00fasculos del hombro y del brazo se desgarren. En un reemplazo total de hombro, los pacientes tienen el hombro cubierto con un yeso.<\/p>\n<p>Las lesiones de hombro requieren un largo tiempo de recuperaci\u00f3n. Es importante que las v\u00edctimas de accidentes automovil\u00edsticos reciban una buena atenci\u00f3n m\u00e9dica, desde el momento del accidente hasta que recuperen el uso completo.<\/p>\n<h2>\u00bfC\u00f3mo se tratan las fracturas de hombro?<\/h2>\n<p>Cuando se rompen los huesos del hombro, los m\u00e9dicos comenzar\u00e1n el tratamiento con remedios no quir\u00fargicos. Si los huesos han atravesado la piel, la cirug\u00eda es la \u00fanica opci\u00f3n.<\/p>\n<p>Depende mucho de d\u00f3nde se hayan roto los huesos y de la gravedad de las fracturas. Los cirujanos hacen todo lo posible para volver a unir los hombros. Estas cirug\u00edas se basan en clavos, tornillos o placas, seg\u00fan las lesiones.<\/p>\n<h2>\u00a1Contacte a un abogado especializado en accidentes automovil\u00edsticos! \u00a1Llame a Premier Law Group!<\/h2>\n<p><img loading=\"lazy\" decoding=\"async\" class=\"alignleft size-medium wp-image-17837\" src=\"https:\/\/plg-pllc.com\/wp-content\/uploads\/2020\/09\/imgmenufree-300x197.jpg\" alt=\"Abogados con experiencia en accidentes automovil\u00edsticos en Seattle, Federal Way, Renton y Bellevue\" width=\"300\" height=\"197\" srcset=\"https:\/\/plg-pllc.com\/wp-content\/uploads\/2020\/09\/imgmenufree-300x197.jpg 300w, https:\/\/plg-pllc.com\/wp-content\/uploads\/2020\/09\/imgmenufree-250x164.jpg 250w, https:\/\/plg-pllc.com\/wp-content\/uploads\/2020\/09\/imgmenufree.jpg 400w\" sizes=\"auto, (max-width: 300px) 100vw, 300px\" \/>Las lesiones del manguito rotador y del hombro tardan meses en sanar. Como m\u00ednimo, habr\u00e1 fisioterapia y analg\u00e9sicos. En el peor de los casos, ser\u00e1 necesaria una intervenci\u00f3n quir\u00fargica. Mientras tanto, la vida familiar, el trabajo y las actividades tienen que quedar en segundo plano.<\/p>\n<p><strong>\u00a1Podemos ayudarte!<\/strong> No firme un reclamo de seguro hasta que hable con nosotros. Conc\u00e9ntrese en sanar y deje que su abogado se encargue del reclamo. Recopilamos las pruebas para construir un caso s\u00f3lido. Nuestro trabajo es negociar en su nombre y obtener un acuerdo justo.<\/p>\n<p><strong>Llamar <a href=\"https:\/\/plg-pllc.com\/\">Grupo de abogados Premier<\/a><\/strong>!\u00a0 <strong>Consigue tu <a href=\"https:\/\/plg-pllc.com\/contact-us\/\">GRATIS<\/a> Consulta por lesiones de hombro por accidentes automovil\u00edsticos en Seattle. <\/strong>T\u00fa <em>Trabaje siempre directamente con un abogado y estamos disponibles para usted. <\/em>24\/7.<\/p>\n<p><strong><u>Llamar <em>206.285.1743<\/em> \u00a1Hoy!<\/u><\/strong><strong>\u00a0 \u00a1Programe su revisi\u00f3n gratuita de caso de accidente!<\/strong><\/p>\n\n        <div class=\"rs-content-cta\">\n            <p>Llamar o enviar mensaje de texto <a href=\"tel:+12062851743\">(206) 285-1743<\/a> o complete un formulario de evaluaci\u00f3n de caso gratuito<\/p>\n            <a href=\"https:\/\/plg-pllc.com\/es\/contact-us\/\" title=\"OBTENGA UNA EVALUACI\u00d3N DE CASO GRATUITA\" class=\"btn-global\">OBTENGA UNA EVALUACI\u00d3N DE CASO GRATUITA<\/a>\n                    <picture>\n                            <source srcset=\"https:\/\/plg-pllc.com\/wp-content\/themes\/plg-pllc-redesign\/assets\/app\/img\/cta-thumb.webp\" type=\"image\/webp\"\/>\n                            <img src=\"https:\/\/plg-pllc.com\/wp-content\/themes\/plg-pllc-redesign\/assets\/app\/img\/cta-thumb.png\" alt=\"Grupo de abogados Premier\" title=\"Grupo de abogados Premier\" width=\"245\" height=\"220\" loading=\"auto\" fetchpriority=\"auto\" decoding=\"async\"\/>\n        <\/picture>\n        \n        <\/div>","protected":false},"excerpt":{"rendered":"<p>\u00bfTiene derecho a una indemnizaci\u00f3n por lesiones en el hombro por accidente de tr\u00e1fico? Imagine esta situaci\u00f3n. En un momento, est\u00e1 detenido en el carril de giro de una intersecci\u00f3n. Al momento siguiente, &quot;\u00a1boom!&quot; y est\u00e1 en la intersecci\u00f3n. Los conductores intentan desesperadamente evitar atropellarlo. Lamentablemente, lo atropellan. Ha sufrido un importante choque trasero...<\/p>","protected":false},"author":24,"featured_media":0,"parent":17293,"menu_order":0,"comment_status":"closed","ping_status":"closed","template":"","meta":{"_acf_changed":false,"_genesis_hide_title":false,"_genesis_hide_breadcrumbs":false,"_genesis_hide_singular_image":false,"_genesis_hide_footer_widgets":false,"_genesis_custom_body_class":"","_genesis_custom_post_class":"","_genesis_layout":"","footnotes":""},"hc_faqs":[],"class_list":{"0":"post-18466","1":"page","2":"type-page","3":"status-publish","5":"hc_city_location-seattle","6":"entry","7":"has-post-thumbnail"},"acf":[],"yoast_head":"<!-- This site is optimized with the Yoast SEO plugin v27.5 - https:\/\/yoast.com\/product\/yoast-seo-wordpress\/ -->\n<title>Shoulder Injury Lawyer in Seattle | Free Case Review<\/title>\n<meta name=\"description\" content=\"Seattle Shoulder Injury Lawyer: Premier Law Group helps you unlock the full compensation you deserve. No Fee Unless We Win.\" \/>\n<meta name=\"robots\" content=\"index, follow, max-snippet:-1, max-image-preview:large, max-video-preview:-1\" \/>\n<link rel=\"canonical\" href=\"https:\/\/plg-pllc.com\/es\/seattle\/car-accident-lawyer\/shoulder-injury\/\" \/>\n<meta property=\"og:locale\" content=\"es_MX\" \/>\n<meta property=\"og:type\" content=\"article\" \/>\n<meta property=\"og:title\" content=\"Shoulder Injury Lawyer in Seattle | Free Case Review\" \/>\n<meta property=\"og:description\" content=\"Seattle Shoulder Injury Lawyer: Premier Law Group helps you unlock the full compensation you deserve. No Fee Unless We Win.\" \/>\n<meta property=\"og:url\" content=\"https:\/\/plg-pllc.com\/es\/seattle\/car-accident-lawyer\/shoulder-injury\/\" \/>\n<meta property=\"og:site_name\" content=\"Premier Law Group\" \/>\n<meta property=\"article:publisher\" content=\"https:\/\/www.facebook.com\/premierlawgroup\" \/>\n<meta property=\"article:modified_time\" content=\"2025-02-14T22:12:38+00:00\" \/>\n<meta property=\"og:image\" content=\"https:\/\/plg-pllc.com\/wp-content\/uploads\/2021\/05\/harlie-raethel-ouyjDk-KdfY-unsplash.jpg\" \/>\n\t<meta property=\"og:image:width\" content=\"2316\" \/>\n\t<meta property=\"og:image:height\" content=\"1446\" \/>\n\t<meta property=\"og:image:type\" content=\"image\/jpeg\" \/>\n<meta name=\"twitter:card\" content=\"summary_large_image\" \/>\n<meta name=\"twitter:site\" content=\"@premierlawgroup\" \/>\n<meta name=\"twitter:label1\" content=\"Tiempo de lectura\" \/>\n\t<meta name=\"twitter:data1\" content=\"5 minutos\" \/>\n<script type=\"application\/ld+json\" class=\"yoast-schema-graph\">{\"@context\":\"https:\\\/\\\/schema.org\",\"@graph\":[{\"@type\":\"WebPage\",\"@id\":\"https:\\\/\\\/plg-pllc.com\\\/seattle\\\/car-accident-lawyer\\\/shoulder-injury\\\/\",\"url\":\"https:\\\/\\\/plg-pllc.com\\\/seattle\\\/car-accident-lawyer\\\/shoulder-injury\\\/\",\"name\":\"Shoulder Injury Lawyer in Seattle | Free Case Review\",\"isPartOf\":{\"@id\":\"https:\\\/\\\/plg-pllc.com\\\/#website\"},\"primaryImageOfPage\":{\"@id\":\"https:\\\/\\\/plg-pllc.com\\\/seattle\\\/car-accident-lawyer\\\/shoulder-injury\\\/#primaryimage\"},\"image\":{\"@id\":\"https:\\\/\\\/plg-pllc.com\\\/seattle\\\/car-accident-lawyer\\\/shoulder-injury\\\/#primaryimage\"},\"thumbnailUrl\":\"https:\\\/\\\/plg-pllc.com\\\/wp-content\\\/uploads\\\/2021\\\/05\\\/harlie-raethel-ouyjDk-KdfY-unsplash-300x187.jpg\",\"datePublished\":\"2021-05-10T20:46:25+00:00\",\"dateModified\":\"2025-02-14T22:12:38+00:00\",\"description\":\"Seattle Shoulder Injury Lawyer: Premier Law Group helps you unlock the full compensation you deserve. No Fee Unless We Win.\",\"breadcrumb\":{\"@id\":\"https:\\\/\\\/plg-pllc.com\\\/seattle\\\/car-accident-lawyer\\\/shoulder-injury\\\/#breadcrumb\"},\"inLanguage\":\"es\",\"potentialAction\":[{\"@type\":\"ReadAction\",\"target\":[\"https:\\\/\\\/plg-pllc.com\\\/seattle\\\/car-accident-lawyer\\\/shoulder-injury\\\/\"]}]},{\"@type\":\"ImageObject\",\"inLanguage\":\"es\",\"@id\":\"https:\\\/\\\/plg-pllc.com\\\/seattle\\\/car-accident-lawyer\\\/shoulder-injury\\\/#primaryimage\",\"url\":\"https:\\\/\\\/plg-pllc.com\\\/wp-content\\\/uploads\\\/2021\\\/05\\\/harlie-raethel-ouyjDk-KdfY-unsplash-300x187.jpg\",\"contentUrl\":\"https:\\\/\\\/plg-pllc.com\\\/wp-content\\\/uploads\\\/2021\\\/05\\\/harlie-raethel-ouyjDk-KdfY-unsplash-300x187.jpg\"},{\"@type\":\"BreadcrumbList\",\"@id\":\"https:\\\/\\\/plg-pllc.com\\\/seattle\\\/car-accident-lawyer\\\/shoulder-injury\\\/#breadcrumb\",\"itemListElement\":[{\"@type\":\"ListItem\",\"position\":1,\"name\":\"Home\",\"item\":\"https:\\\/\\\/plg-pllc.com\\\/es\\\/\"},{\"@type\":\"ListItem\",\"position\":2,\"name\":\"Seattle Personal Injury Lawyer\",\"item\":\"https:\\\/\\\/plg-pllc.com\\\/es\\\/seattle\\\/personal-injury-lawyer\\\/\"},{\"@type\":\"ListItem\",\"position\":3,\"name\":\"Seattle Car Accident Lawyer\",\"item\":\"https:\\\/\\\/plg-pllc.com\\\/es\\\/seattle\\\/car-accident-lawyer\\\/\"},{\"@type\":\"ListItem\",\"position\":4,\"name\":\"Shoulder Injury\"}]},{\"@type\":\"WebSite\",\"@id\":\"https:\\\/\\\/plg-pllc.com\\\/#website\",\"url\":\"https:\\\/\\\/plg-pllc.com\\\/\",\"name\":\"Premier Law Group\",\"description\":\"Washington Wrongful Death and Serious Injury Lawyer\",\"publisher\":{\"@id\":\"https:\\\/\\\/plg-pllc.com\\\/#organization\"},\"inLanguage\":\"es\"},{\"@type\":\"Organization\",\"@id\":\"https:\\\/\\\/plg-pllc.com\\\/#organization\",\"name\":\"Premier Law Group\",\"url\":\"https:\\\/\\\/plg-pllc.com\\\/\",\"logo\":{\"@type\":\"ImageObject\",\"inLanguage\":\"es\",\"@id\":\"https:\\\/\\\/plg-pllc.com\\\/#\\\/schema\\\/logo\\\/image\\\/\",\"url\":\"https:\\\/\\\/plg-pllc.com\\\/wp-content\\\/uploads\\\/2020\\\/10\\\/plg-logo-v2.gif\",\"contentUrl\":\"https:\\\/\\\/plg-pllc.com\\\/wp-content\\\/uploads\\\/2020\\\/10\\\/plg-logo-v2.gif\",\"width\":592,\"height\":191,\"caption\":\"Premier Law Group\"},\"image\":{\"@id\":\"https:\\\/\\\/plg-pllc.com\\\/#\\\/schema\\\/logo\\\/image\\\/\"},\"sameAs\":[\"https:\\\/\\\/www.facebook.com\\\/premierlawgroup\",\"https:\\\/\\\/x.com\\\/premierlawgroup\"]}]}<\/script>\n<!-- \/ Yoast SEO plugin. -->","yoast_head_json":{"title":"Abogado de lesiones de hombro en Seattle | Revisi\u00f3n gratuita del caso","description":"Abogado de lesiones de hombro en Seattle: Premier Law Group lo ayuda a obtener la compensaci\u00f3n total que se merece. Sin honorarios a menos que ganemos.","robots":{"index":"index","follow":"follow","max-snippet":"max-snippet:-1","max-image-preview":"max-image-preview:large","max-video-preview":"max-video-preview:-1"},"canonical":"https:\/\/plg-pllc.com\/es\/seattle\/car-accident-lawyer\/shoulder-injury\/","og_locale":"es_MX","og_type":"article","og_title":"Shoulder Injury Lawyer in Seattle | Free Case Review","og_description":"Seattle Shoulder Injury Lawyer: Premier Law Group helps you unlock the full compensation you deserve. No Fee Unless We Win.","og_url":"https:\/\/plg-pllc.com\/es\/seattle\/car-accident-lawyer\/shoulder-injury\/","og_site_name":"Premier Law Group","article_publisher":"https:\/\/www.facebook.com\/premierlawgroup","article_modified_time":"2025-02-14T22:12:38+00:00","og_image":[{"width":2316,"height":1446,"url":"https:\/\/plg-pllc.com\/wp-content\/uploads\/2021\/05\/harlie-raethel-ouyjDk-KdfY-unsplash.jpg","type":"image\/jpeg"}],"twitter_card":"summary_large_image","twitter_site":"@premierlawgroup","twitter_misc":{"Tiempo de lectura":"5 minutos"},"schema":{"@context":"https:\/\/schema.org","@graph":[{"@type":"WebPage","@id":"https:\/\/plg-pllc.com\/seattle\/car-accident-lawyer\/shoulder-injury\/","url":"https:\/\/plg-pllc.com\/seattle\/car-accident-lawyer\/shoulder-injury\/","name":"Abogado de lesiones de hombro en Seattle | Revisi\u00f3n gratuita del caso","isPartOf":{"@id":"https:\/\/plg-pllc.com\/#website"},"primaryImageOfPage":{"@id":"https:\/\/plg-pllc.com\/seattle\/car-accident-lawyer\/shoulder-injury\/#primaryimage"},"image":{"@id":"https:\/\/plg-pllc.com\/seattle\/car-accident-lawyer\/shoulder-injury\/#primaryimage"},"thumbnailUrl":"https:\/\/plg-pllc.com\/wp-content\/uploads\/2021\/05\/harlie-raethel-ouyjDk-KdfY-unsplash-300x187.jpg","datePublished":"2021-05-10T20:46:25+00:00","dateModified":"2025-02-14T22:12:38+00:00","description":"Abogado de lesiones de hombro en Seattle: Premier Law Group lo ayuda a obtener la compensaci\u00f3n total que se merece. Sin honorarios a menos que ganemos.","breadcrumb":{"@id":"https:\/\/plg-pllc.com\/seattle\/car-accident-lawyer\/shoulder-injury\/#breadcrumb"},"inLanguage":"es","potentialAction":[{"@type":"ReadAction","target":["https:\/\/plg-pllc.com\/seattle\/car-accident-lawyer\/shoulder-injury\/"]}]},{"@type":"ImageObject","inLanguage":"es","@id":"https:\/\/plg-pllc.com\/seattle\/car-accident-lawyer\/shoulder-injury\/#primaryimage","url":"https:\/\/plg-pllc.com\/wp-content\/uploads\/2021\/05\/harlie-raethel-ouyjDk-KdfY-unsplash-300x187.jpg","contentUrl":"https:\/\/plg-pllc.com\/wp-content\/uploads\/2021\/05\/harlie-raethel-ouyjDk-KdfY-unsplash-300x187.jpg"},{"@type":"BreadcrumbList","@id":"https:\/\/plg-pllc.com\/seattle\/car-accident-lawyer\/shoulder-injury\/#breadcrumb","itemListElement":[{"@type":"ListItem","position":1,"name":"Home","item":"https:\/\/plg-pllc.com\/es\/"},{"@type":"ListItem","position":2,"name":"Seattle Personal Injury Lawyer","item":"https:\/\/plg-pllc.com\/es\/seattle\/personal-injury-lawyer\/"},{"@type":"ListItem","position":3,"name":"Seattle Car Accident Lawyer","item":"https:\/\/plg-pllc.com\/es\/seattle\/car-accident-lawyer\/"},{"@type":"ListItem","position":4,"name":"Shoulder Injury"}]},{"@type":"WebSite","@id":"https:\/\/plg-pllc.com\/#website","url":"https:\/\/plg-pllc.com\/","name":"Grupo de abogados Premier","description":"Abogado de muerte por negligencia y lesiones graves en Washington","publisher":{"@id":"https:\/\/plg-pllc.com\/#organization"},"inLanguage":"es"},{"@type":"Organization","@id":"https:\/\/plg-pllc.com\/#organization","name":"Grupo de abogados Premier","url":"https:\/\/plg-pllc.com\/","logo":{"@type":"ImageObject","inLanguage":"es","@id":"https:\/\/plg-pllc.com\/#\/schema\/logo\/image\/","url":"https:\/\/plg-pllc.com\/wp-content\/uploads\/2020\/10\/plg-logo-v2.gif","contentUrl":"https:\/\/plg-pllc.com\/wp-content\/uploads\/2020\/10\/plg-logo-v2.gif","width":592,"height":191,"caption":"Premier Law Group"},"image":{"@id":"https:\/\/plg-pllc.com\/#\/schema\/logo\/image\/"},"sameAs":["https:\/\/www.facebook.com\/premierlawgroup","https:\/\/x.com\/premierlawgroup"]}]}},"_links":{"self":[{"href":"https:\/\/plg-pllc.com\/es\/wp-json\/wp\/v2\/pages\/18466","targetHints":{"allow":["GET"]}}],"collection":[{"href":"https:\/\/plg-pllc.com\/es\/wp-json\/wp\/v2\/pages"}],"about":[{"href":"https:\/\/plg-pllc.com\/es\/wp-json\/wp\/v2\/types\/page"}],"author":[{"embeddable":true,"href":"https:\/\/plg-pllc.com\/es\/wp-json\/wp\/v2\/users\/24"}],"replies":[{"embeddable":true,"href":"https:\/\/plg-pllc.com\/es\/wp-json\/wp\/v2\/comments?post=18466"}],"version-history":[{"count":0,"href":"https:\/\/plg-pllc.com\/es\/wp-json\/wp\/v2\/pages\/18466\/revisions"}],"up":[{"embeddable":true,"href":"https:\/\/plg-pllc.com\/es\/wp-json\/wp\/v2\/pages\/17293"}],"wp:attachment":[{"href":"https:\/\/plg-pllc.com\/es\/wp-json\/wp\/v2\/media?parent=18466"}],"wp:term":[{"taxonomy":"hc_faqs","embeddable":true,"href":"https:\/\/plg-pllc.com\/es\/wp-json\/wp\/v2\/hc_faqs?post=18466"}],"curies":[{"name":"gracias","href":"https:\/\/api.w.org\/{rel}","templated":true}]}}