{"id":18488,"date":"2021-05-22T08:13:42","date_gmt":"2021-05-22T15:13:42","guid":{"rendered":"https:\/\/plg-pllc.com\/?page_id=18488"},"modified":"2025-02-14T14:12:33","modified_gmt":"2025-02-14T22:12:33","slug":"school-injury","status":"publish","type":"page","link":"https:\/\/plg-pllc.com\/es\/seattle\/child-injury-lawyer\/school-injury\/","title":{"rendered":"Abogado de lesiones en escuelas de Seattle"},"content":{"rendered":"<h2>Accidentes con lesiones en la escuela<\/h2>\n<p><img loading=\"lazy\" decoding=\"async\" class=\"alignleft size-medium wp-image-18491\" src=\"https:\/\/plg-pllc.com\/wp-content\/uploads\/2021\/05\/myles-tan-WNAO036c6FM-unsplash-300x200.jpg\" alt=\"Abogados de accidentes por lesiones escolares en Seattle\" width=\"300\" height=\"200\" srcset=\"https:\/\/plg-pllc.com\/wp-content\/uploads\/2021\/05\/myles-tan-WNAO036c6FM-unsplash-300x200.jpg 300w, https:\/\/plg-pllc.com\/wp-content\/uploads\/2021\/05\/myles-tan-WNAO036c6FM-unsplash-1024x683.jpg 1024w, https:\/\/plg-pllc.com\/wp-content\/uploads\/2021\/05\/myles-tan-WNAO036c6FM-unsplash-768x512.jpg 768w, https:\/\/plg-pllc.com\/wp-content\/uploads\/2021\/05\/myles-tan-WNAO036c6FM-unsplash-1536x1024.jpg 1536w, https:\/\/plg-pllc.com\/wp-content\/uploads\/2021\/05\/myles-tan-WNAO036c6FM-unsplash-2048x1365.jpg 2048w, https:\/\/plg-pllc.com\/wp-content\/uploads\/2021\/05\/myles-tan-WNAO036c6FM-unsplash-640x427.jpg 640w, https:\/\/plg-pllc.com\/wp-content\/uploads\/2021\/05\/myles-tan-WNAO036c6FM-unsplash-1200x800.jpg 1200w, https:\/\/plg-pllc.com\/wp-content\/uploads\/2021\/05\/myles-tan-WNAO036c6FM-unsplash-1920x1280.jpg 1920w, https:\/\/plg-pllc.com\/wp-content\/uploads\/2021\/05\/myles-tan-WNAO036c6FM-unsplash-250x167.jpg 250w\" sizes=\"auto, (max-width: 300px) 100vw, 300px\" \/>No importa a d\u00f3nde vayan los ni\u00f1os, tienen derecho a la salud, la seguridad y la felicidad. Esto incluye ir a la escuela. Las escuelas y los distritos escolares existen para educar a nuestros ni\u00f1os. Tanto los maestros como el personal son responsables de la salud y la seguridad de todos los estudiantes. Dondequiera que vayan los ni\u00f1os, los accidentes y las lesiones los siguen. Los accidentes escolares hacen que los ni\u00f1os se queden atr\u00e1s en sus clases. Y los padres y tutores tienen facturas m\u00e9dicas inesperadas. A\u00fan peores son los accidentes escolares que causan discapacidad y p\u00e9rdida de vidas.<\/p>\n<p>\u00bfSu hijo result\u00f3 herido en un accidente escolar? Si es as\u00ed, los padres y tutores deben actuar de inmediato en nombre de su ser querido. Los ni\u00f1os que se lesionan mientras estaban bajo la supervisi\u00f3n de un maestro o miembro del personal pueden tener derecho a presentar una reclamaci\u00f3n contra la escuela o el distrito.<\/p>\n<p>Somos abogados con experiencia en casos de lesiones escolares. Nuestro abogado revisar\u00e1 la lesi\u00f3n de su hijo y le explicar\u00e1 sus derechos. Estamos preparados para defender a su familia y exigir una compensaci\u00f3n por sus lesiones.<\/p>\n<h2>Lo que necesita saber sobre las reclamaciones que involucran a menores<\/h2>\n<p>Padres y tutores: \u00bfsaben que las demandas por lesiones infantiles tienen derechos legales especiales? De hecho, existen diferencias significativas entre las demandas por responsabilidad escolar y las demandas por lesiones de adultos. Algunas diferencias clave entre accidentes escolares y lesiones de adultos son:<\/p>\n<ul>\n<li><strong>Estatuto de limitaciones: <\/strong>Nuestro estado tiene un l\u00edmite de 3 a\u00f1os para presentar reclamos para adultos. Sin embargo, los ni\u00f1os menores de 18 a\u00f1os tienen un per\u00edodo m\u00e1s largo para presentar reclamos por lesiones.<\/li>\n<li><strong>Juicio y atenci\u00f3n: <\/strong>\u00a0\u00a0Nuestros tribunales reconocen que los ni\u00f1os no tienen la misma conciencia que los adultos. No saben c\u00f3mo prevenir las lesiones y los accidentes que sufren. Los adultos est\u00e1n sujetos a un criterio de juicio diferente.<\/li>\n<li><strong>Mayor\u00eda de edad:\u00a0 <\/strong>En nuestro estado, los ni\u00f1os menores de 18 a\u00f1os no pueden contratar abogados para presentar demandas en su nombre. Un padre o tutor debe contratar a un abogado para presentar demandas de responsabilidad escolar.<\/li>\n<li><strong>Salarios perdidos en el futuro:\u00a0 <\/strong>\u00a0Los ni\u00f1os que sufren lesiones graves y posiblemente nunca puedan trabajar pueden presentar un reclamo legal por \u201cfutura p\u00e9rdida de salarios\u201d.<\/li>\n<li><strong>Cuentas fiduciarias:\u00a0 <\/strong>Los tribunales establecer\u00e1n cuentas fiduciarias para los ni\u00f1os menores de 18 a\u00f1os a quienes se les otorgue dinero por da\u00f1os y perjuicios. Cuando el ni\u00f1o alcance la mayor\u00eda de edad (es decir, los 18 a\u00f1os), tendr\u00e1 derecho a recibir ese dinero.<\/li>\n<li><strong>Muerte por negligencia:\u00a0 <\/strong>Si la lesi\u00f3n escolar da como resultado la muerte de su hijo, un representante personal debe presentar una demanda por muerte por negligencia. Normalmente, los padres y tutores son los representantes personales. Sin embargo, el tribunal puede designar a otras personas para que desempe\u00f1en esta funci\u00f3n.<\/li>\n<\/ul>\n<h2>Lea el libro del abogado Jason Epstein sobre demandas por lesiones a menores<\/h2>\n<p><img loading=\"lazy\" decoding=\"async\" class=\"alignright size-medium wp-image-18490\" src=\"https:\/\/plg-pllc.com\/wp-content\/uploads\/2021\/05\/annie-spratt-1Jg-_nekJT0-unsplash-200x300.jpg\" alt=\"Abogados de accidentes por lesiones escolares en Seattle\" width=\"200\" height=\"300\" srcset=\"https:\/\/plg-pllc.com\/wp-content\/uploads\/2021\/05\/annie-spratt-1Jg-_nekJT0-unsplash-200x300.jpg 200w, https:\/\/plg-pllc.com\/wp-content\/uploads\/2021\/05\/annie-spratt-1Jg-_nekJT0-unsplash-683x1024.jpg 683w, https:\/\/plg-pllc.com\/wp-content\/uploads\/2021\/05\/annie-spratt-1Jg-_nekJT0-unsplash-768x1152.jpg 768w, https:\/\/plg-pllc.com\/wp-content\/uploads\/2021\/05\/annie-spratt-1Jg-_nekJT0-unsplash-1024x1535.jpg 1024w, https:\/\/plg-pllc.com\/wp-content\/uploads\/2021\/05\/annie-spratt-1Jg-_nekJT0-unsplash-1366x2048.jpg 1366w, https:\/\/plg-pllc.com\/wp-content\/uploads\/2021\/05\/annie-spratt-1Jg-_nekJT0-unsplash-640x960.jpg 640w, https:\/\/plg-pllc.com\/wp-content\/uploads\/2021\/05\/annie-spratt-1Jg-_nekJT0-unsplash-1200x1799.jpg 1200w, https:\/\/plg-pllc.com\/wp-content\/uploads\/2021\/05\/annie-spratt-1Jg-_nekJT0-unsplash-1920x2879.jpg 1920w, https:\/\/plg-pllc.com\/wp-content\/uploads\/2021\/05\/annie-spratt-1Jg-_nekJT0-unsplash-133x200.jpg 133w, https:\/\/plg-pllc.com\/wp-content\/uploads\/2021\/05\/annie-spratt-1Jg-_nekJT0-unsplash-scaled.jpg 1707w\" sizes=\"auto, (max-width: 200px) 100vw, 200px\" \/>Las lesiones cerebrales son aterradoras. Los efectos de una lesi\u00f3n cerebral pueden ser de largo alcance e impredecibles. Esto es especialmente cierto en el caso de los ni\u00f1os.<\/p>\n<p>Escribimos este libro para ayudar a los padres a prevenir que sus hijos sufran lesiones cerebrales. Si su hijo sufre una lesi\u00f3n cerebral, este libro le ayudar\u00e1 a guiarse a trav\u00e9s del complicado proceso de reclamaci\u00f3n.<\/p>\n<p>En este libro aprender\u00e1s:<\/p>\n<ul>\n<li>C\u00f3mo tratar con los peritos de seguros<\/li>\n<li>Por qu\u00e9 las reclamaciones por lesiones personales son diferentes cuando involucran a menores<\/li>\n<li>C\u00f3mo elegir el mejor abogado para su caso<\/li>\n<\/ul>\n<p><a href=\"https:\/\/plg-pllc.com\/books\/brain-injuries-children\/\">https:\/\/plg-pllc.com\/books\/brain-injuries-in-children\/<\/a><\/p>\n\n        <div class=\"rs-content-cta long\">\n            <p>Para una consulta legal GRATUITA con un abogado especializado en lesiones escolares que preste servicios en Seattle, llame al <a href=\"tel:+12062851743\">(206) 285-1743 <\/a><\/p>\n            <a href=\"https:\/\/plg-pllc.com\/es\/contact-us\/\" title=\"OBTENGA UNA EVALUACI\u00d3N DE CASO GRATUITA\" class=\"btn-global\">OBTENGA UNA EVALUACI\u00d3N DE CASO GRATUITA<\/a>\n                    <picture>\n                            <source srcset=\"https:\/\/plg-pllc.com\/wp-content\/themes\/plg-pllc-redesign\/assets\/app\/img\/cta-thumb.webp\" type=\"image\/webp\"\/>\n                            <img src=\"https:\/\/plg-pllc.com\/wp-content\/themes\/plg-pllc-redesign\/assets\/app\/img\/cta-thumb.png\" alt=\"Grupo de abogados Premier\" title=\"Grupo de abogados Premier\" width=\"245\" height=\"220\" loading=\"auto\" fetchpriority=\"auto\" decoding=\"async\"\/>\n        <\/picture>\n        \n        <\/div><h2>Hable con un abogado especializado en lesiones infantiles en Washington<\/h2>\n<p>En primer lugar, c\u00e9ntrese en la salud y el bienestar de su hijo. Obtenga una buena atenci\u00f3n m\u00e9dica lo antes posible.<\/p>\n<p>Luego, vaya a la escuela y recopile pruebas en el lugar donde ocurri\u00f3 el accidente escolar del ni\u00f1o. Necesita todas las pruebas que expliquen c\u00f3mo se lesion\u00f3 su hijo, d\u00f3nde se produjo la lesi\u00f3n y las causas.<\/p>\n<p>El siguiente paso es ponerse en contacto con el director de la escuela para programar una reuni\u00f3n en persona. La gravedad del accidente de su hijo puede requerir que obtenga asesoramiento de un <a href=\"https:\/\/plg-pllc.com\/seattle\/personal-injury-lawyer\/\">Abogado de lesiones personales en Seattle<\/a>Quieres estar preparado para dar los mejores pasos a seguir.<\/p>\n<h2>La necesidad de expertos en demandas por accidentes con lesiones en escuelas<\/h2>\n<p><img loading=\"lazy\" decoding=\"async\" class=\"alignleft size-medium wp-image-17837\" src=\"https:\/\/plg-pllc.com\/wp-content\/uploads\/2020\/09\/imgmenufree-300x197.jpg\" alt=\"Abogados con experiencia en lesiones infantiles en Seattle, Federal Way, Renton y Bellevue\" width=\"300\" height=\"197\" srcset=\"https:\/\/plg-pllc.com\/wp-content\/uploads\/2020\/09\/imgmenufree-300x197.jpg 300w, https:\/\/plg-pllc.com\/wp-content\/uploads\/2020\/09\/imgmenufree-250x164.jpg 250w, https:\/\/plg-pllc.com\/wp-content\/uploads\/2020\/09\/imgmenufree.jpg 400w\" sizes=\"auto, (max-width: 300px) 100vw, 300px\" \/>Ning\u00fan ni\u00f1o deber\u00eda estar en peligro por culpa de los trabajadores de la escuela o del personal. Los accidentes que sufren todos los ni\u00f1os en las instalaciones de la escuela son graves. Si su hijo sufre una lesi\u00f3n en la escuela, los padres y tutores deben hablar con un m\u00e9dico. <a href=\"https:\/\/plg-pllc.com\/seattle\/personal-injury-lawyer\/\">Abogado experimentado en lesiones personales en Seattle<\/a>.<\/p>\n<p><strong>Llama a Premier Law Group<\/strong>! Nuestro <a href=\"https:\/\/plg-pllc.com\/\">abogados con experiencia<\/a> Lucharemos por los derechos de usted y su hijo. Conseguiremos que su familia reciba la compensaci\u00f3n que se merece.<\/p>\n<p>T\u00fa <em>Trabaje siempre directamente con un abogado y estamos disponibles para usted. <\/em>24 horas al d\u00eda, 7 d\u00edas a la semana. Nuestros abogados expertos en lesiones infantiles tienen acceso a los registros de las guarder\u00edas y de sus operadores. Recopilamos todas las pruebas para construir un caso s\u00f3lido. Nuestro trabajo es negociar en su nombre y obtener un acuerdo justo. \u00a1Usted solo debe concentrarse en mejorar!<\/p>\n<p><strong>Ofrecemos <a href=\"https:\/\/plg-pllc.com\/contact-us\/\">GRATIS<\/a> \u00a1Consulta para v\u00edctimas de reclamos por responsabilidad escolar!\u00a0\u00a0 <\/strong><\/p>\n<p><strong>Llamar <em>206.285.1743<\/em> \u00a1Hoy! \u00a1Programe su revisi\u00f3n gratuita de su caso de accidente!<\/strong><\/p>\n\n        <div class=\"rs-content-cta\">\n            <p>Llamar o enviar mensaje de texto <a href=\"tel:+12062851743\">(206) 285-1743<\/a> o complete un formulario de evaluaci\u00f3n de caso gratuito<\/p>\n            <a href=\"https:\/\/plg-pllc.com\/es\/contact-us\/\" title=\"OBTENGA UNA EVALUACI\u00d3N DE CASO GRATUITA\" class=\"btn-global\">OBTENGA UNA EVALUACI\u00d3N DE CASO GRATUITA<\/a>\n                    <picture>\n                            <source srcset=\"https:\/\/plg-pllc.com\/wp-content\/themes\/plg-pllc-redesign\/assets\/app\/img\/cta-thumb.webp\" type=\"image\/webp\"\/>\n                            <img src=\"https:\/\/plg-pllc.com\/wp-content\/themes\/plg-pllc-redesign\/assets\/app\/img\/cta-thumb.png\" alt=\"Grupo de abogados Premier\" title=\"Grupo de abogados Premier\" width=\"245\" height=\"220\" loading=\"auto\" fetchpriority=\"auto\" decoding=\"async\"\/>\n        <\/picture>\n        \n        <\/div>","protected":false},"excerpt":{"rendered":"<p>Accidentes escolares No importa a d\u00f3nde vayan los ni\u00f1os, tienen derecho a la salud, la seguridad y la felicidad. Esto incluye ir a la escuela. Las escuelas y los distritos escolares existen para educar a nuestros ni\u00f1os. Tanto los maestros como el personal son responsables de la salud y la seguridad de todos los estudiantes. Dondequiera que vayan los ni\u00f1os, los accidentes y las lesiones los siguen. Los accidentes escolares con lesiones\u2026<\/p>","protected":false},"author":24,"featured_media":18456,"parent":70,"menu_order":0,"comment_status":"closed","ping_status":"closed","template":"","meta":{"_acf_changed":false,"_genesis_hide_title":false,"_genesis_hide_breadcrumbs":false,"_genesis_hide_singular_image":false,"_genesis_hide_footer_widgets":false,"_genesis_custom_body_class":"","_genesis_custom_post_class":"","_genesis_layout":"","footnotes":""},"hc_faqs":[],"class_list":{"0":"post-18488","1":"page","2":"type-page","3":"status-publish","4":"has-post-thumbnail","6":"hc_city_location-seattle","7":"entry"},"acf":[],"yoast_head":"<!-- This site is optimized with the Yoast SEO plugin v27.4 - https:\/\/yoast.com\/product\/yoast-seo-wordpress\/ -->\n<title>School Injury Lawyer in Seattle | Free Case Review<\/title>\n<meta name=\"description\" content=\"Seattle School Injury Lawyer: Premier Law Group helps you unlock the full compensation you deserve. No Fee Unless We Win.\" \/>\n<meta name=\"robots\" content=\"index, follow, max-snippet:-1, max-image-preview:large, max-video-preview:-1\" \/>\n<link rel=\"canonical\" href=\"https:\/\/plg-pllc.com\/es\/seattle\/child-injury-lawyer\/school-injury\/\" \/>\n<meta property=\"og:locale\" content=\"es_MX\" \/>\n<meta property=\"og:type\" content=\"article\" \/>\n<meta property=\"og:title\" content=\"School Injury Lawyer in Seattle | Free Case Review\" \/>\n<meta property=\"og:description\" content=\"Seattle School Injury Lawyer: Premier Law Group helps you unlock the full compensation you deserve. No Fee Unless We Win.\" \/>\n<meta property=\"og:url\" content=\"https:\/\/plg-pllc.com\/es\/seattle\/child-injury-lawyer\/school-injury\/\" \/>\n<meta property=\"og:site_name\" content=\"Premier Law Group\" \/>\n<meta property=\"article:publisher\" content=\"https:\/\/www.facebook.com\/premierlawgroup\" \/>\n<meta property=\"article:modified_time\" content=\"2025-02-14T22:12:33+00:00\" \/>\n<meta property=\"og:image\" content=\"https:\/\/plg-pllc.com\/wp-content\/uploads\/2021\/05\/school-bus-4722049_1920.jpg\" \/>\n\t<meta property=\"og:image:width\" content=\"1920\" \/>\n\t<meta property=\"og:image:height\" content=\"1280\" \/>\n\t<meta property=\"og:image:type\" content=\"image\/jpeg\" \/>\n<meta name=\"twitter:card\" content=\"summary_large_image\" \/>\n<meta name=\"twitter:site\" content=\"@premierlawgroup\" \/>\n<meta name=\"twitter:label1\" content=\"Tiempo de lectura\" \/>\n\t<meta name=\"twitter:data1\" content=\"5 minutos\" \/>\n<script type=\"application\/ld+json\" class=\"yoast-schema-graph\">{\"@context\":\"https:\\\/\\\/schema.org\",\"@graph\":[{\"@type\":\"WebPage\",\"@id\":\"https:\\\/\\\/plg-pllc.com\\\/seattle\\\/child-injury-lawyer\\\/school-injury\\\/\",\"url\":\"https:\\\/\\\/plg-pllc.com\\\/seattle\\\/child-injury-lawyer\\\/school-injury\\\/\",\"name\":\"School Injury Lawyer in Seattle | Free Case Review\",\"isPartOf\":{\"@id\":\"https:\\\/\\\/plg-pllc.com\\\/#website\"},\"primaryImageOfPage\":{\"@id\":\"https:\\\/\\\/plg-pllc.com\\\/seattle\\\/child-injury-lawyer\\\/school-injury\\\/#primaryimage\"},\"image\":{\"@id\":\"https:\\\/\\\/plg-pllc.com\\\/seattle\\\/child-injury-lawyer\\\/school-injury\\\/#primaryimage\"},\"thumbnailUrl\":\"https:\\\/\\\/plg-pllc.com\\\/wp-content\\\/uploads\\\/2021\\\/05\\\/school-bus-4722049_1920.jpg\",\"datePublished\":\"2021-05-22T15:13:42+00:00\",\"dateModified\":\"2025-02-14T22:12:33+00:00\",\"description\":\"Seattle School Injury Lawyer: Premier Law Group helps you unlock the full compensation you deserve. No Fee Unless We Win.\",\"breadcrumb\":{\"@id\":\"https:\\\/\\\/plg-pllc.com\\\/seattle\\\/child-injury-lawyer\\\/school-injury\\\/#breadcrumb\"},\"inLanguage\":\"es\",\"potentialAction\":[{\"@type\":\"ReadAction\",\"target\":[\"https:\\\/\\\/plg-pllc.com\\\/seattle\\\/child-injury-lawyer\\\/school-injury\\\/\"]}]},{\"@type\":\"ImageObject\",\"inLanguage\":\"es\",\"@id\":\"https:\\\/\\\/plg-pllc.com\\\/seattle\\\/child-injury-lawyer\\\/school-injury\\\/#primaryimage\",\"url\":\"https:\\\/\\\/plg-pllc.com\\\/wp-content\\\/uploads\\\/2021\\\/05\\\/school-bus-4722049_1920.jpg\",\"contentUrl\":\"https:\\\/\\\/plg-pllc.com\\\/wp-content\\\/uploads\\\/2021\\\/05\\\/school-bus-4722049_1920.jpg\",\"width\":1920,\"height\":1280,\"caption\":\"Seattle school Bus accident Lawyers\"},{\"@type\":\"BreadcrumbList\",\"@id\":\"https:\\\/\\\/plg-pllc.com\\\/seattle\\\/child-injury-lawyer\\\/school-injury\\\/#breadcrumb\",\"itemListElement\":[{\"@type\":\"ListItem\",\"position\":1,\"name\":\"Home\",\"item\":\"https:\\\/\\\/plg-pllc.com\\\/es\\\/\"},{\"@type\":\"ListItem\",\"position\":2,\"name\":\"Seattle Personal Injury Lawyer\",\"item\":\"https:\\\/\\\/plg-pllc.com\\\/es\\\/seattle\\\/personal-injury-lawyer\\\/\"},{\"@type\":\"ListItem\",\"position\":3,\"name\":\"Seattle Child Injury Lawyer\",\"item\":\"https:\\\/\\\/plg-pllc.com\\\/es\\\/seattle\\\/child-injury-lawyer\\\/\"},{\"@type\":\"ListItem\",\"position\":4,\"name\":\"School Injury\"}]},{\"@type\":\"WebSite\",\"@id\":\"https:\\\/\\\/plg-pllc.com\\\/#website\",\"url\":\"https:\\\/\\\/plg-pllc.com\\\/\",\"name\":\"Premier Law Group\",\"description\":\"Washington Wrongful Death and Serious Injury Lawyer\",\"publisher\":{\"@id\":\"https:\\\/\\\/plg-pllc.com\\\/#organization\"},\"inLanguage\":\"es\"},{\"@type\":\"Organization\",\"@id\":\"https:\\\/\\\/plg-pllc.com\\\/#organization\",\"name\":\"Premier Law Group\",\"url\":\"https:\\\/\\\/plg-pllc.com\\\/\",\"logo\":{\"@type\":\"ImageObject\",\"inLanguage\":\"es\",\"@id\":\"https:\\\/\\\/plg-pllc.com\\\/#\\\/schema\\\/logo\\\/image\\\/\",\"url\":\"https:\\\/\\\/plg-pllc.com\\\/wp-content\\\/uploads\\\/2020\\\/10\\\/plg-logo-v2.gif\",\"contentUrl\":\"https:\\\/\\\/plg-pllc.com\\\/wp-content\\\/uploads\\\/2020\\\/10\\\/plg-logo-v2.gif\",\"width\":592,\"height\":191,\"caption\":\"Premier Law Group\"},\"image\":{\"@id\":\"https:\\\/\\\/plg-pllc.com\\\/#\\\/schema\\\/logo\\\/image\\\/\"},\"sameAs\":[\"https:\\\/\\\/www.facebook.com\\\/premierlawgroup\",\"https:\\\/\\\/x.com\\\/premierlawgroup\"]}]}<\/script>\n<!-- \/ Yoast SEO plugin. -->","yoast_head_json":{"title":"Abogado de lesiones escolares en Seattle | Revisi\u00f3n gratuita de casos","description":"Abogado especializado en lesiones escolares en Seattle: Premier Law Group lo ayuda a obtener la compensaci\u00f3n total que merece. Sin honorarios a menos que ganemos.","robots":{"index":"index","follow":"follow","max-snippet":"max-snippet:-1","max-image-preview":"max-image-preview:large","max-video-preview":"max-video-preview:-1"},"canonical":"https:\/\/plg-pllc.com\/es\/seattle\/child-injury-lawyer\/school-injury\/","og_locale":"es_MX","og_type":"article","og_title":"School Injury Lawyer in Seattle | Free Case Review","og_description":"Seattle School Injury Lawyer: Premier Law Group helps you unlock the full compensation you deserve. No Fee Unless We Win.","og_url":"https:\/\/plg-pllc.com\/es\/seattle\/child-injury-lawyer\/school-injury\/","og_site_name":"Premier Law Group","article_publisher":"https:\/\/www.facebook.com\/premierlawgroup","article_modified_time":"2025-02-14T22:12:33+00:00","og_image":[{"width":1920,"height":1280,"url":"https:\/\/plg-pllc.com\/wp-content\/uploads\/2021\/05\/school-bus-4722049_1920.jpg","type":"image\/jpeg"}],"twitter_card":"summary_large_image","twitter_site":"@premierlawgroup","twitter_misc":{"Tiempo de lectura":"5 minutos"},"schema":{"@context":"https:\/\/schema.org","@graph":[{"@type":"WebPage","@id":"https:\/\/plg-pllc.com\/seattle\/child-injury-lawyer\/school-injury\/","url":"https:\/\/plg-pllc.com\/seattle\/child-injury-lawyer\/school-injury\/","name":"Abogado de lesiones escolares en Seattle | Revisi\u00f3n gratuita de casos","isPartOf":{"@id":"https:\/\/plg-pllc.com\/#website"},"primaryImageOfPage":{"@id":"https:\/\/plg-pllc.com\/seattle\/child-injury-lawyer\/school-injury\/#primaryimage"},"image":{"@id":"https:\/\/plg-pllc.com\/seattle\/child-injury-lawyer\/school-injury\/#primaryimage"},"thumbnailUrl":"https:\/\/plg-pllc.com\/wp-content\/uploads\/2021\/05\/school-bus-4722049_1920.jpg","datePublished":"2021-05-22T15:13:42+00:00","dateModified":"2025-02-14T22:12:33+00:00","description":"Abogado especializado en lesiones escolares en Seattle: Premier Law Group lo ayuda a obtener la compensaci\u00f3n total que merece. Sin honorarios a menos que ganemos.","breadcrumb":{"@id":"https:\/\/plg-pllc.com\/seattle\/child-injury-lawyer\/school-injury\/#breadcrumb"},"inLanguage":"es","potentialAction":[{"@type":"ReadAction","target":["https:\/\/plg-pllc.com\/seattle\/child-injury-lawyer\/school-injury\/"]}]},{"@type":"ImageObject","inLanguage":"es","@id":"https:\/\/plg-pllc.com\/seattle\/child-injury-lawyer\/school-injury\/#primaryimage","url":"https:\/\/plg-pllc.com\/wp-content\/uploads\/2021\/05\/school-bus-4722049_1920.jpg","contentUrl":"https:\/\/plg-pllc.com\/wp-content\/uploads\/2021\/05\/school-bus-4722049_1920.jpg","width":1920,"height":1280,"caption":"Seattle school Bus accident Lawyers"},{"@type":"BreadcrumbList","@id":"https:\/\/plg-pllc.com\/seattle\/child-injury-lawyer\/school-injury\/#breadcrumb","itemListElement":[{"@type":"ListItem","position":1,"name":"Home","item":"https:\/\/plg-pllc.com\/es\/"},{"@type":"ListItem","position":2,"name":"Seattle Personal Injury Lawyer","item":"https:\/\/plg-pllc.com\/es\/seattle\/personal-injury-lawyer\/"},{"@type":"ListItem","position":3,"name":"Seattle Child Injury Lawyer","item":"https:\/\/plg-pllc.com\/es\/seattle\/child-injury-lawyer\/"},{"@type":"ListItem","position":4,"name":"School Injury"}]},{"@type":"WebSite","@id":"https:\/\/plg-pllc.com\/#website","url":"https:\/\/plg-pllc.com\/","name":"Grupo de abogados Premier","description":"Abogado de muerte por negligencia y lesiones graves en Washington","publisher":{"@id":"https:\/\/plg-pllc.com\/#organization"},"inLanguage":"es"},{"@type":"Organization","@id":"https:\/\/plg-pllc.com\/#organization","name":"Grupo de abogados Premier","url":"https:\/\/plg-pllc.com\/","logo":{"@type":"ImageObject","inLanguage":"es","@id":"https:\/\/plg-pllc.com\/#\/schema\/logo\/image\/","url":"https:\/\/plg-pllc.com\/wp-content\/uploads\/2020\/10\/plg-logo-v2.gif","contentUrl":"https:\/\/plg-pllc.com\/wp-content\/uploads\/2020\/10\/plg-logo-v2.gif","width":592,"height":191,"caption":"Premier Law Group"},"image":{"@id":"https:\/\/plg-pllc.com\/#\/schema\/logo\/image\/"},"sameAs":["https:\/\/www.facebook.com\/premierlawgroup","https:\/\/x.com\/premierlawgroup"]}]}},"_links":{"self":[{"href":"https:\/\/plg-pllc.com\/es\/wp-json\/wp\/v2\/pages\/18488","targetHints":{"allow":["GET"]}}],"collection":[{"href":"https:\/\/plg-pllc.com\/es\/wp-json\/wp\/v2\/pages"}],"about":[{"href":"https:\/\/plg-pllc.com\/es\/wp-json\/wp\/v2\/types\/page"}],"author":[{"embeddable":true,"href":"https:\/\/plg-pllc.com\/es\/wp-json\/wp\/v2\/users\/24"}],"replies":[{"embeddable":true,"href":"https:\/\/plg-pllc.com\/es\/wp-json\/wp\/v2\/comments?post=18488"}],"version-history":[{"count":0,"href":"https:\/\/plg-pllc.com\/es\/wp-json\/wp\/v2\/pages\/18488\/revisions"}],"up":[{"embeddable":true,"href":"https:\/\/plg-pllc.com\/es\/wp-json\/wp\/v2\/pages\/70"}],"wp:featuredmedia":[{"embeddable":true,"href":"https:\/\/plg-pllc.com\/es\/wp-json\/wp\/v2\/media\/18456"}],"wp:attachment":[{"href":"https:\/\/plg-pllc.com\/es\/wp-json\/wp\/v2\/media?parent=18488"}],"wp:term":[{"taxonomy":"hc_faqs","embeddable":true,"href":"https:\/\/plg-pllc.com\/es\/wp-json\/wp\/v2\/hc_faqs?post=18488"}],"curies":[{"name":"gracias","href":"https:\/\/api.w.org\/{rel}","templated":true}]}}