{"id":18506,"date":"2021-05-22T08:00:58","date_gmt":"2021-05-22T15:00:58","guid":{"rendered":"https:\/\/plg-pllc.com\/?page_id=18506"},"modified":"2024-10-18T10:19:45","modified_gmt":"2024-10-18T17:19:45","slug":"truck-rollover","status":"publish","type":"page","link":"https:\/\/plg-pllc.com\/es\/seattle\/truck-accident-lawyer\/truck-rollover\/","title":{"rendered":"Abogado de accidentes por vuelco de camiones en Seattle"},"content":{"rendered":"<h2><strong>\u00bfHa sufrido lesiones en un accidente por vuelco de cami\u00f3n? \u00a1Perm\u00edtanos ayudarle!<\/strong><\/h2>\n<p><img loading=\"lazy\" decoding=\"async\" class=\"alignleft size-medium wp-image-16367\" src=\"https:\/\/plg-pllc.com\/wp-content\/uploads\/2018\/06\/overturned-truck-300x200.jpg\" alt=\"Abogados de accidentes de camiones con vuelco en Seattle\" width=\"300\" height=\"200\" srcset=\"https:\/\/plg-pllc.com\/wp-content\/uploads\/2018\/06\/overturned-truck-300x200.jpg 300w, https:\/\/plg-pllc.com\/wp-content\/uploads\/2018\/06\/overturned-truck-640x427.jpg 640w, https:\/\/plg-pllc.com\/wp-content\/uploads\/2018\/06\/overturned-truck.jpg 768w\" sizes=\"auto, (max-width: 300px) 100vw, 300px\" \/>Los accidentes por vuelco de camiones se producen cuando un cami\u00f3n se vuelca de lado o sobre el techo. Adem\u00e1s, los accidentes por vuelco de camiones son poco frecuentes, pero pueden ser desastrosos para las personas y los veh\u00edculos que los rodean. Este tipo de accidentes tienen la tasa de mortalidad m\u00e1s alta de todos los accidentes de camiones.<\/p>\n<p>Cuando un cami\u00f3n vuelca, las v\u00edctimas pueden presentar una reclamaci\u00f3n contra el conductor o la empresa del cami\u00f3n para recibir una compensaci\u00f3n.<\/p>\n<p>Si sufri\u00f3 lesiones a causa de un accidente de vuelco de cami\u00f3n, comun\u00edquese con nuestro abogado de accidentes de vuelco de cami\u00f3n en Seattle, WA para obtener ayuda. Nuestro experto <a href=\"https:\/\/plg-pllc.com\/washington\/truck-accident-lawyer\/\">abogados de accidentes de camiones<\/a> Investigaremos el accidente y presentaremos un reclamo en su nombre mientras usted se concentra en su recuperaci\u00f3n. Llame <a href=\"tel:206.285.1743\"><em>206.285.1743<\/em><\/a> Hoy para empezar tu <a href=\"https:\/\/plg-pllc.com\/contact-us\/\"><strong>GRATIS<\/strong> \u00a1Revisi\u00f3n de un caso de accidente de vuelco de cami\u00f3n!<\/a><\/p>\n<h2><strong>\u00bfQui\u00e9n es responsable en caso de vuelco de un cami\u00f3n?<\/strong><\/h2>\n<p>Cuando ocurre un accidente por vuelco de un cami\u00f3n, a menudo la culpa es del conductor del cami\u00f3n. Adem\u00e1s, los conductores tienen la responsabilidad de asegurar su carga y operar el cami\u00f3n de manera segura. Pueden ser considerados negligentes si no lo hacen.<\/p>\n<p>La empresa de transporte tambi\u00e9n puede ser responsable de las lesiones o da\u00f1os que resulten de un accidente de vuelco. Las empresas de transporte pueden ser consideradas responsables de las acciones de sus empleados, especialmente si contratan conductores no calificados o no los capacitan adecuadamente.<\/p>\n<p>Adem\u00e1s, las empresas de transporte tambi\u00e9n pueden ser consideradas directamente responsables. Si la empresa no reemplaz\u00f3 los neum\u00e1ticos de un cami\u00f3n, podr\u00eda ser responsable si ese neum\u00e1tico explota y causa un accidente.<\/p>\n<p>Otras partes tambi\u00e9n pueden ser responsables de un accidente por vuelco de cami\u00f3n. Si una empresa de mantenimiento no realiza el mantenimiento adecuado de su cami\u00f3n y otra empresa carga el cami\u00f3n de forma incorrecta, ambas pueden ser consideradas responsables. P\u00f3ngase en contacto con nuestro abogado de accidentes por vuelco de cami\u00f3n en Seattle para obtener asesoramiento legal sobre su caso.<\/p>\n<h2><strong>\u00bfQu\u00e9 causa los accidentes por vuelco de camiones?<\/strong><\/h2>\n<p><img loading=\"lazy\" decoding=\"async\" class=\"alignnone size-medium wp-image-20852 alignright\" src=\"https:\/\/plg-pllc.com\/wp-content\/uploads\/2024\/10\/Rolled_Semi_Upd-300x199.jpg\" alt=\"Abogados de accidentes de camiones en estado de ebriedad en Seattle, Federal Way, Bellevue, Renton\" width=\"300\" height=\"199\" srcset=\"https:\/\/plg-pllc.com\/wp-content\/uploads\/2024\/10\/Rolled_Semi_Upd-300x199.jpg 300w, https:\/\/plg-pllc.com\/wp-content\/uploads\/2024\/10\/Rolled_Semi_Upd-768x510.jpg 768w, https:\/\/plg-pllc.com\/wp-content\/uploads\/2024\/10\/Rolled_Semi_Upd-18x12.jpg 18w, https:\/\/plg-pllc.com\/wp-content\/uploads\/2024\/10\/Rolled_Semi_Upd.jpg 850w\" sizes=\"auto, (max-width: 300px) 100vw, 300px\" \/>Existen diversas razones por las que puede ocurrir un accidente por vuelco de cami\u00f3n. Algunas de las causas m\u00e1s comunes son:<\/p>\n<ul>\n<li><strong>Velocidad: <\/strong>La velocidad es el factor que m\u00e1s contribuye a los accidentes de camiones con vuelco, ya sea por exceder el l\u00edmite de velocidad indicado o por conducir demasiado r\u00e1pido para las condiciones de la carretera. Debido al tama\u00f1o y al peso de los camiones grandes, las velocidades m\u00e1s altas suponen un mayor riesgo de desequilibrio.<\/li>\n<li><strong>Carga:<\/strong> La carga debe distribuirse de manera uniforme en el cami\u00f3n y colocarse lo m\u00e1s abajo posible. Tambi\u00e9n debe revisarse peri\u00f3dicamente para asegurarse de que sigue estando segura y no se ha movido.<\/li>\n<li><strong>Fatiga y falta de atenci\u00f3n del conductor:<\/strong> La fatiga del conductor suele provocar accidentes de vuelco de camiones. Los conductores de camiones deben prestar mucha atenci\u00f3n porque los camiones grandes tardan m\u00e1s en detenerse y son m\u00e1s dif\u00edciles de maniobrar.<\/li>\n<li><strong>Giro incorrecto:<\/strong> Los camiones pesados deben reducir la velocidad al tomar una curva. Los conductores de camiones tambi\u00e9n deben tener la habilidad adecuada para saber c\u00f3mo tomar una curva.<\/li>\n<li><strong>Paradas y arranques repentinos:<\/strong> Cuando un cami\u00f3n de carga realiza movimientos bruscos, su carga puede desplazarse en un instante, lo que altera el equilibrio del veh\u00edculo.<\/li>\n<li><strong>Maniobras repentinas: <\/strong>Los cambios r\u00e1pidos de carril y las maniobras evasivas repentinas para evitar animales u otros peligros en la carretera pueden preparar el terreno para un vuelco.<\/li>\n<li><strong>Defectos mec\u00e1nicos:<\/strong> Los componentes cr\u00edticos de los camiones grandes deben inspeccionarse y mantenerse adecuadamente antes de que el cami\u00f3n emprenda un viaje.<\/li>\n<li><strong>Problemas en la carretera:<\/strong> Los baches, los arcenes bajos y el mal dise\u00f1o de las carreteras son peligros externos que pueden provocar accidentes por vuelco de camiones.<\/li>\n<li><strong>Clima:<\/strong> Los conductores y sus empresas deben tener en cuenta cualquier aviso, vigilancia o advertencia de viento emitida por el Servicio Meteorol\u00f3gico Nacional para veh\u00edculos de perfil alto.<\/li>\n<\/ul>\n<p>Si usted o un ser querido estuvo involucrado en un accidente de vuelco, llame a nuestros abogados especializados en accidentes de vuelco de Seattle para obtener ayuda legal. Nos dedicamos a proteger sus derechos y a luchar por la compensaci\u00f3n que se merece.<\/p>\n\n        <div class=\"rs-content-cta long\">\n            <p>Para una consulta legal GRATUITA con un abogado especializado en accidentes por vuelco de camiones que presta servicios en Seattle, llame al <a href=\"tel:+12062851743\">(206) 285-1743 <\/a><\/p>\n            <a href=\"https:\/\/plg-pllc.com\/es\/contact-us\/\" title=\"OBTENGA UNA EVALUACI\u00d3N DE CASO GRATUITA\" class=\"btn-global\">OBTENGA UNA EVALUACI\u00d3N DE CASO GRATUITA<\/a>\n                    <picture>\n                            <source srcset=\"https:\/\/plg-pllc.com\/wp-content\/themes\/plg-pllc-redesign\/assets\/app\/img\/cta-thumb.webp\" type=\"image\/webp\"\/>\n                            <img src=\"https:\/\/plg-pllc.com\/wp-content\/themes\/plg-pllc-redesign\/assets\/app\/img\/cta-thumb.png\" alt=\"Grupo de abogados Premier\" title=\"Grupo de abogados Premier\" width=\"245\" height=\"220\" loading=\"auto\" fetchpriority=\"auto\" decoding=\"async\"\/>\n        <\/picture>\n        \n        <\/div><h2><strong>\u00bfC\u00f3mo las empresas de transporte y los camioneros previenen los vuelcos?<\/strong><\/h2>\n<p>Existen normas y sistemas de seguridad para reducir el riesgo de accidentes con vuelcos de camiones. A continuaci\u00f3n, se indican las normas que deben respetar los conductores de camiones y las empresas de transporte:<\/p>\n<ul>\n<li>Las empresas de transporte deben contratar \u00fanicamente conductores de camiones calificados, con la licencia correspondiente y con la capacitaci\u00f3n y las habilidades adecuadas.<\/li>\n<li>Los conductores deben respetar los l\u00edmites de velocidad y conducir a velocidades adecuadas a las condiciones de la carretera, el tipo de cami\u00f3n y el transporte.<\/li>\n<li>Las reglas de \u201choras de servicio\u201d limitan las horas de trabajo y conducci\u00f3n de los conductores, lo que ayuda a evitar accidentes causados por la fatiga.<\/li>\n<li>Reglas que limitan o proh\u00edben las operaciones de camiones en condiciones peligrosas.<\/li>\n<li>Los camiones deben pasar una inspecci\u00f3n de mantenimiento antes de cada viaje.<\/li>\n<li>Se deben seguir reglas detalladas para la correcta carga y sujeci\u00f3n de la carga.<\/li>\n<li>El equipo de carga debe estar en condiciones adecuadas.<\/li>\n<\/ul>\n<p>En la mayor\u00eda de los casos, los conductores de camiones deben detenerse peri\u00f3dicamente y verificar que la carga todav\u00eda est\u00e9 correctamente asegurada.<\/p>\n<h2><strong>Comun\u00edquese con un abogado especializado en accidentes por vuelco de camiones en Seattle<\/strong><\/h2>\n<p><img loading=\"lazy\" decoding=\"async\" class=\"alignleft size-medium wp-image-16099\" src=\"https:\/\/plg-pllc.com\/wp-content\/uploads\/2018\/01\/lawyers-plg-bg800-300x192.jpg\" alt=\"Abogados con experiencia en accidentes automovil\u00edsticos en Seattle, Bellevue, Federal Way y Renton\" width=\"300\" height=\"192\" srcset=\"https:\/\/plg-pllc.com\/wp-content\/uploads\/2018\/01\/lawyers-plg-bg800-300x192.jpg 300w, https:\/\/plg-pllc.com\/wp-content\/uploads\/2018\/01\/lawyers-plg-bg800-768x491.jpg 768w, https:\/\/plg-pllc.com\/wp-content\/uploads\/2018\/01\/lawyers-plg-bg800-640x409.jpg 640w, https:\/\/plg-pllc.com\/wp-content\/uploads\/2018\/01\/lawyers-plg-bg800.jpg 800w\" sizes=\"auto, (max-width: 300px) 100vw, 300px\" \/>Los clientes potenciales a menudo se preguntan: <em>\u00bfCu\u00e1ndo debo contratar a un <a href=\"https:\/\/plg-pllc.com\/washington\/truck-accident-lawyer\/\">Abogado de accidentes de camiones en Seattle<\/a>?<\/em> Contratar a un abogado de inmediato tiene varias ventajas. El abogado adecuado le ayudar\u00e1 a proteger su salud, su bienestar emocional y sus finanzas.<\/p>\n<p>En <a href=\"https:\/\/plg-pllc.com\">Grupo de abogados Premier<\/a>Nuestro objetivo es informar a todas las personas que se comunican con nosotros sobre sus opciones legales, incluso si no terminamos represent\u00e1ndolos.<\/p>\n<p>Si no necesitas una<a href=\"https:\/\/plg-pllc.com\/seattle\/personal-injury-lawyer\/\"> abogado de lesiones personales<\/a> Para resolver su reclamo por accidente de vuelco de cami\u00f3n, le diremos exactamente eso.<\/p>\n<p>Comun\u00edquese con Premier Law Group para su <strong>GRATIS<\/strong> accidente de vuelco de cami\u00f3n <a href=\"https:\/\/plg-pllc.com\/contact-us\/\">revisi\u00f3n de caso<\/a>. Llamar <a href=\"tel:206.285.1743\"><em>206.285.1743<\/em><\/a> Hoy mismo. Recuerde, \u00a1no hay honorarios legales hasta que ganemos su caso!<\/p>\n\n        <div class=\"rs-content-cta\">\n            <p>Llamar o enviar mensaje de texto <a href=\"tel:+12062851743\">(206) 285-1743<\/a> o complete un formulario de evaluaci\u00f3n de caso gratuito<\/p>\n            <a href=\"https:\/\/plg-pllc.com\/es\/contact-us\/\" title=\"OBTENGA UNA EVALUACI\u00d3N DE CASO GRATUITA\" class=\"btn-global\">OBTENGA UNA EVALUACI\u00d3N DE CASO GRATUITA<\/a>\n                    <picture>\n                            <source srcset=\"https:\/\/plg-pllc.com\/wp-content\/themes\/plg-pllc-redesign\/assets\/app\/img\/cta-thumb.webp\" type=\"image\/webp\"\/>\n                            <img src=\"https:\/\/plg-pllc.com\/wp-content\/themes\/plg-pllc-redesign\/assets\/app\/img\/cta-thumb.png\" alt=\"Grupo de abogados Premier\" title=\"Grupo de abogados Premier\" width=\"245\" height=\"220\" loading=\"auto\" fetchpriority=\"auto\" decoding=\"async\"\/>\n        <\/picture>\n        \n        <\/div>","protected":false},"excerpt":{"rendered":"<p>\u00bfHa sufrido lesiones en un accidente de vuelco de cami\u00f3n? \u00a1Perm\u00edtanos ayudarle! Los accidentes de vuelco de cami\u00f3n se producen cuando un cami\u00f3n se vuelca de lado o sobre el techo. Adem\u00e1s, los accidentes de vuelco de cami\u00f3n son poco frecuentes. Sin embargo, pueden ser desastrosos para las personas y los veh\u00edculos que los rodean. Este tipo de accidentes tienen la tasa de mortalidad m\u00e1s alta de todos los tiempos.<\/p>","protected":false},"author":24,"featured_media":18345,"parent":17312,"menu_order":0,"comment_status":"closed","ping_status":"closed","template":"","meta":{"_acf_changed":false,"_genesis_hide_title":false,"_genesis_hide_breadcrumbs":false,"_genesis_hide_singular_image":false,"_genesis_hide_footer_widgets":false,"_genesis_custom_body_class":"","_genesis_custom_post_class":"","_genesis_layout":"","footnotes":""},"hc_faqs":[],"class_list":{"0":"post-18506","1":"page","2":"type-page","3":"status-publish","4":"has-post-thumbnail","6":"hc_city_location-seattle","7":"entry"},"acf":[],"yoast_head":"<!-- This site is optimized with the Yoast SEO plugin v27.4 - https:\/\/yoast.com\/product\/yoast-seo-wordpress\/ -->\n<title>Truck Rollover Accident Lawyer in Seattle | Free Case Review<\/title>\n<meta name=\"description\" content=\"Seattle Truck Rollover Accident Lawyer: Premier Law Group helps you unlock the full compensation you deserve. No Fee Unless We Win.\" \/>\n<meta name=\"robots\" content=\"index, follow, max-snippet:-1, max-image-preview:large, max-video-preview:-1\" \/>\n<link rel=\"canonical\" href=\"https:\/\/plg-pllc.com\/es\/seattle\/truck-accident-lawyer\/truck-rollover\/\" \/>\n<meta property=\"og:locale\" content=\"es_MX\" \/>\n<meta property=\"og:type\" content=\"article\" \/>\n<meta property=\"og:title\" content=\"Truck Rollover Accident Lawyer in Seattle | Free Case Review\" \/>\n<meta property=\"og:description\" content=\"Seattle Truck Rollover Accident Lawyer: Premier Law Group helps you unlock the full compensation you deserve. No Fee Unless We Win.\" \/>\n<meta property=\"og:url\" content=\"https:\/\/plg-pllc.com\/es\/seattle\/truck-accident-lawyer\/truck-rollover\/\" \/>\n<meta property=\"og:site_name\" content=\"Premier Law Group\" \/>\n<meta property=\"article:publisher\" content=\"https:\/\/www.facebook.com\/premierlawgroup\" \/>\n<meta property=\"article:modified_time\" content=\"2024-10-18T17:19:45+00:00\" \/>\n<meta property=\"og:image\" content=\"https:\/\/plg-pllc.com\/wp-content\/uploads\/2021\/04\/accident-2351540_1920.jpg\" \/>\n\t<meta property=\"og:image:width\" content=\"1920\" \/>\n\t<meta property=\"og:image:height\" content=\"1023\" \/>\n\t<meta property=\"og:image:type\" content=\"image\/jpeg\" \/>\n<meta name=\"twitter:card\" content=\"summary_large_image\" \/>\n<meta name=\"twitter:site\" content=\"@premierlawgroup\" \/>\n<meta name=\"twitter:label1\" content=\"Tiempo de lectura\" \/>\n\t<meta name=\"twitter:data1\" content=\"5 minutos\" \/>\n<script type=\"application\/ld+json\" class=\"yoast-schema-graph\">{\"@context\":\"https:\\\/\\\/schema.org\",\"@graph\":[{\"@type\":\"WebPage\",\"@id\":\"https:\\\/\\\/plg-pllc.com\\\/seattle\\\/truck-accident-lawyer\\\/truck-rollover\\\/\",\"url\":\"https:\\\/\\\/plg-pllc.com\\\/seattle\\\/truck-accident-lawyer\\\/truck-rollover\\\/\",\"name\":\"Truck Rollover Accident Lawyer in Seattle | Free Case Review\",\"isPartOf\":{\"@id\":\"https:\\\/\\\/plg-pllc.com\\\/#website\"},\"primaryImageOfPage\":{\"@id\":\"https:\\\/\\\/plg-pllc.com\\\/seattle\\\/truck-accident-lawyer\\\/truck-rollover\\\/#primaryimage\"},\"image\":{\"@id\":\"https:\\\/\\\/plg-pllc.com\\\/seattle\\\/truck-accident-lawyer\\\/truck-rollover\\\/#primaryimage\"},\"thumbnailUrl\":\"https:\\\/\\\/plg-pllc.com\\\/wp-content\\\/uploads\\\/2021\\\/04\\\/accident-2351540_1920.jpg\",\"datePublished\":\"2021-05-22T15:00:58+00:00\",\"dateModified\":\"2024-10-18T17:19:45+00:00\",\"description\":\"Seattle Truck Rollover Accident Lawyer: Premier Law Group helps you unlock the full compensation you deserve. No Fee Unless We Win.\",\"breadcrumb\":{\"@id\":\"https:\\\/\\\/plg-pllc.com\\\/seattle\\\/truck-accident-lawyer\\\/truck-rollover\\\/#breadcrumb\"},\"inLanguage\":\"es\",\"potentialAction\":[{\"@type\":\"ReadAction\",\"target\":[\"https:\\\/\\\/plg-pllc.com\\\/seattle\\\/truck-accident-lawyer\\\/truck-rollover\\\/\"]}]},{\"@type\":\"ImageObject\",\"inLanguage\":\"es\",\"@id\":\"https:\\\/\\\/plg-pllc.com\\\/seattle\\\/truck-accident-lawyer\\\/truck-rollover\\\/#primaryimage\",\"url\":\"https:\\\/\\\/plg-pllc.com\\\/wp-content\\\/uploads\\\/2021\\\/04\\\/accident-2351540_1920.jpg\",\"contentUrl\":\"https:\\\/\\\/plg-pllc.com\\\/wp-content\\\/uploads\\\/2021\\\/04\\\/accident-2351540_1920.jpg\",\"width\":1920,\"height\":1023,\"caption\":\"rollover truck accident attorneys in Seattle\"},{\"@type\":\"BreadcrumbList\",\"@id\":\"https:\\\/\\\/plg-pllc.com\\\/seattle\\\/truck-accident-lawyer\\\/truck-rollover\\\/#breadcrumb\",\"itemListElement\":[{\"@type\":\"ListItem\",\"position\":1,\"name\":\"Home\",\"item\":\"https:\\\/\\\/plg-pllc.com\\\/es\\\/\"},{\"@type\":\"ListItem\",\"position\":2,\"name\":\"Seattle Personal Injury Lawyer\",\"item\":\"https:\\\/\\\/plg-pllc.com\\\/es\\\/seattle\\\/personal-injury-lawyer\\\/\"},{\"@type\":\"ListItem\",\"position\":3,\"name\":\"Seattle Truck Accident Lawyer\",\"item\":\"https:\\\/\\\/plg-pllc.com\\\/es\\\/seattle\\\/truck-accident-lawyer\\\/\"},{\"@type\":\"ListItem\",\"position\":4,\"name\":\"Truck Rollover Accident\"}]},{\"@type\":\"WebSite\",\"@id\":\"https:\\\/\\\/plg-pllc.com\\\/#website\",\"url\":\"https:\\\/\\\/plg-pllc.com\\\/\",\"name\":\"Premier Law Group\",\"description\":\"Washington Wrongful Death and Serious Injury Lawyer\",\"publisher\":{\"@id\":\"https:\\\/\\\/plg-pllc.com\\\/#organization\"},\"inLanguage\":\"es\"},{\"@type\":\"Organization\",\"@id\":\"https:\\\/\\\/plg-pllc.com\\\/#organization\",\"name\":\"Premier Law Group\",\"url\":\"https:\\\/\\\/plg-pllc.com\\\/\",\"logo\":{\"@type\":\"ImageObject\",\"inLanguage\":\"es\",\"@id\":\"https:\\\/\\\/plg-pllc.com\\\/#\\\/schema\\\/logo\\\/image\\\/\",\"url\":\"https:\\\/\\\/plg-pllc.com\\\/wp-content\\\/uploads\\\/2020\\\/10\\\/plg-logo-v2.gif\",\"contentUrl\":\"https:\\\/\\\/plg-pllc.com\\\/wp-content\\\/uploads\\\/2020\\\/10\\\/plg-logo-v2.gif\",\"width\":592,\"height\":191,\"caption\":\"Premier Law Group\"},\"image\":{\"@id\":\"https:\\\/\\\/plg-pllc.com\\\/#\\\/schema\\\/logo\\\/image\\\/\"},\"sameAs\":[\"https:\\\/\\\/www.facebook.com\\\/premierlawgroup\",\"https:\\\/\\\/x.com\\\/premierlawgroup\"]}]}<\/script>\n<!-- \/ Yoast SEO plugin. -->","yoast_head_json":{"title":"Abogado de accidentes por vuelco de camiones en Seattle | Revisi\u00f3n gratuita de casos","description":"Abogado de accidentes por vuelco de cami\u00f3n en Seattle: Premier Law Group lo ayuda a obtener la compensaci\u00f3n total que se merece. Sin honorarios a menos que ganemos.","robots":{"index":"index","follow":"follow","max-snippet":"max-snippet:-1","max-image-preview":"max-image-preview:large","max-video-preview":"max-video-preview:-1"},"canonical":"https:\/\/plg-pllc.com\/es\/seattle\/truck-accident-lawyer\/truck-rollover\/","og_locale":"es_MX","og_type":"article","og_title":"Truck Rollover Accident Lawyer in Seattle | Free Case Review","og_description":"Seattle Truck Rollover Accident Lawyer: Premier Law Group helps you unlock the full compensation you deserve. No Fee Unless We Win.","og_url":"https:\/\/plg-pllc.com\/es\/seattle\/truck-accident-lawyer\/truck-rollover\/","og_site_name":"Premier Law Group","article_publisher":"https:\/\/www.facebook.com\/premierlawgroup","article_modified_time":"2024-10-18T17:19:45+00:00","og_image":[{"width":1920,"height":1023,"url":"https:\/\/plg-pllc.com\/wp-content\/uploads\/2021\/04\/accident-2351540_1920.jpg","type":"image\/jpeg"}],"twitter_card":"summary_large_image","twitter_site":"@premierlawgroup","twitter_misc":{"Tiempo de lectura":"5 minutos"},"schema":{"@context":"https:\/\/schema.org","@graph":[{"@type":"WebPage","@id":"https:\/\/plg-pllc.com\/seattle\/truck-accident-lawyer\/truck-rollover\/","url":"https:\/\/plg-pllc.com\/seattle\/truck-accident-lawyer\/truck-rollover\/","name":"Abogado de accidentes por vuelco de camiones en Seattle | Revisi\u00f3n gratuita de casos","isPartOf":{"@id":"https:\/\/plg-pllc.com\/#website"},"primaryImageOfPage":{"@id":"https:\/\/plg-pllc.com\/seattle\/truck-accident-lawyer\/truck-rollover\/#primaryimage"},"image":{"@id":"https:\/\/plg-pllc.com\/seattle\/truck-accident-lawyer\/truck-rollover\/#primaryimage"},"thumbnailUrl":"https:\/\/plg-pllc.com\/wp-content\/uploads\/2021\/04\/accident-2351540_1920.jpg","datePublished":"2021-05-22T15:00:58+00:00","dateModified":"2024-10-18T17:19:45+00:00","description":"Abogado de accidentes por vuelco de cami\u00f3n en Seattle: Premier Law Group lo ayuda a obtener la compensaci\u00f3n total que se merece. Sin honorarios a menos que ganemos.","breadcrumb":{"@id":"https:\/\/plg-pllc.com\/seattle\/truck-accident-lawyer\/truck-rollover\/#breadcrumb"},"inLanguage":"es","potentialAction":[{"@type":"ReadAction","target":["https:\/\/plg-pllc.com\/seattle\/truck-accident-lawyer\/truck-rollover\/"]}]},{"@type":"ImageObject","inLanguage":"es","@id":"https:\/\/plg-pllc.com\/seattle\/truck-accident-lawyer\/truck-rollover\/#primaryimage","url":"https:\/\/plg-pllc.com\/wp-content\/uploads\/2021\/04\/accident-2351540_1920.jpg","contentUrl":"https:\/\/plg-pllc.com\/wp-content\/uploads\/2021\/04\/accident-2351540_1920.jpg","width":1920,"height":1023,"caption":"rollover truck accident attorneys in Seattle"},{"@type":"BreadcrumbList","@id":"https:\/\/plg-pllc.com\/seattle\/truck-accident-lawyer\/truck-rollover\/#breadcrumb","itemListElement":[{"@type":"ListItem","position":1,"name":"Home","item":"https:\/\/plg-pllc.com\/es\/"},{"@type":"ListItem","position":2,"name":"Seattle Personal Injury Lawyer","item":"https:\/\/plg-pllc.com\/es\/seattle\/personal-injury-lawyer\/"},{"@type":"ListItem","position":3,"name":"Seattle Truck Accident Lawyer","item":"https:\/\/plg-pllc.com\/es\/seattle\/truck-accident-lawyer\/"},{"@type":"ListItem","position":4,"name":"Truck Rollover Accident"}]},{"@type":"WebSite","@id":"https:\/\/plg-pllc.com\/#website","url":"https:\/\/plg-pllc.com\/","name":"Grupo de abogados Premier","description":"Abogado de muerte por negligencia y lesiones graves en Washington","publisher":{"@id":"https:\/\/plg-pllc.com\/#organization"},"inLanguage":"es"},{"@type":"Organization","@id":"https:\/\/plg-pllc.com\/#organization","name":"Grupo de abogados Premier","url":"https:\/\/plg-pllc.com\/","logo":{"@type":"ImageObject","inLanguage":"es","@id":"https:\/\/plg-pllc.com\/#\/schema\/logo\/image\/","url":"https:\/\/plg-pllc.com\/wp-content\/uploads\/2020\/10\/plg-logo-v2.gif","contentUrl":"https:\/\/plg-pllc.com\/wp-content\/uploads\/2020\/10\/plg-logo-v2.gif","width":592,"height":191,"caption":"Premier Law Group"},"image":{"@id":"https:\/\/plg-pllc.com\/#\/schema\/logo\/image\/"},"sameAs":["https:\/\/www.facebook.com\/premierlawgroup","https:\/\/x.com\/premierlawgroup"]}]}},"_links":{"self":[{"href":"https:\/\/plg-pllc.com\/es\/wp-json\/wp\/v2\/pages\/18506","targetHints":{"allow":["GET"]}}],"collection":[{"href":"https:\/\/plg-pllc.com\/es\/wp-json\/wp\/v2\/pages"}],"about":[{"href":"https:\/\/plg-pllc.com\/es\/wp-json\/wp\/v2\/types\/page"}],"author":[{"embeddable":true,"href":"https:\/\/plg-pllc.com\/es\/wp-json\/wp\/v2\/users\/24"}],"replies":[{"embeddable":true,"href":"https:\/\/plg-pllc.com\/es\/wp-json\/wp\/v2\/comments?post=18506"}],"version-history":[{"count":0,"href":"https:\/\/plg-pllc.com\/es\/wp-json\/wp\/v2\/pages\/18506\/revisions"}],"up":[{"embeddable":true,"href":"https:\/\/plg-pllc.com\/es\/wp-json\/wp\/v2\/pages\/17312"}],"wp:featuredmedia":[{"embeddable":true,"href":"https:\/\/plg-pllc.com\/es\/wp-json\/wp\/v2\/media\/18345"}],"wp:attachment":[{"href":"https:\/\/plg-pllc.com\/es\/wp-json\/wp\/v2\/media?parent=18506"}],"wp:term":[{"taxonomy":"hc_faqs","embeddable":true,"href":"https:\/\/plg-pllc.com\/es\/wp-json\/wp\/v2\/hc_faqs?post=18506"}],"curies":[{"name":"gracias","href":"https:\/\/api.w.org\/{rel}","templated":true}]}}