{"id":18518,"date":"2021-05-29T08:50:08","date_gmt":"2021-05-29T15:50:08","guid":{"rendered":"https:\/\/plg-pllc.com\/?page_id=18518"},"modified":"2024-10-18T09:37:40","modified_gmt":"2024-10-18T16:37:40","slug":"elderly-driver","status":"publish","type":"page","link":"https:\/\/plg-pllc.com\/es\/seattle\/car-accident-lawyer\/elderly-driver\/","title":{"rendered":"Abogado de accidentes de conductores ancianos en Seattle"},"content":{"rendered":"<h2>Los peligros de los accidentes de tr\u00e1fico causados por conductores mayores en Seattle<strong>\u00a0 \u00ad\u00ad<\/strong><\/h2>\n<p><img loading=\"lazy\" decoding=\"async\" class=\"size-medium wp-image-18519 alignright\" src=\"https:\/\/plg-pllc.com\/wp-content\/uploads\/2021\/05\/pexels-andrea-piacquadio-3831534-300x200.jpg\" alt=\"Abogados de accidentes de conductores de edad avanzada en Seattle\" width=\"300\" height=\"200\" srcset=\"https:\/\/plg-pllc.com\/wp-content\/uploads\/2021\/05\/pexels-andrea-piacquadio-3831534-300x200.jpg 300w, https:\/\/plg-pllc.com\/wp-content\/uploads\/2021\/05\/pexels-andrea-piacquadio-3831534-1024x683.jpg 1024w, https:\/\/plg-pllc.com\/wp-content\/uploads\/2021\/05\/pexels-andrea-piacquadio-3831534-768x512.jpg 768w, https:\/\/plg-pllc.com\/wp-content\/uploads\/2021\/05\/pexels-andrea-piacquadio-3831534-1536x1024.jpg 1536w, https:\/\/plg-pllc.com\/wp-content\/uploads\/2021\/05\/pexels-andrea-piacquadio-3831534-2048x1365.jpg 2048w, https:\/\/plg-pllc.com\/wp-content\/uploads\/2021\/05\/pexels-andrea-piacquadio-3831534-640x427.jpg 640w, https:\/\/plg-pllc.com\/wp-content\/uploads\/2021\/05\/pexels-andrea-piacquadio-3831534-1200x800.jpg 1200w, https:\/\/plg-pllc.com\/wp-content\/uploads\/2021\/05\/pexels-andrea-piacquadio-3831534-1920x1280.jpg 1920w, https:\/\/plg-pllc.com\/wp-content\/uploads\/2021\/05\/pexels-andrea-piacquadio-3831534-250x167.jpg 250w\" sizes=\"auto, (max-width: 300px) 100vw, 300px\" \/>Los conductores de edad avanzada suelen tener a\u00f1os de experiencia al volante. Por muchas razones, merecen la misma oportunidad de ser conductores independientes y respetados que sus hom\u00f3logos m\u00e1s j\u00f3venes. Sin embargo, lamentablemente, los accidentes de conductores de edad avanzada en Seattle est\u00e1n aumentando.<\/p>\n<p>Los conductores mayores representan el 20% de todos los conductores que circulan por las carreteras hoy en d\u00eda. Tambi\u00e9n representan un alarmante 19% de todas las muertes por accidentes de tr\u00e1fico en nuestro pa\u00eds. Esto es particularmente cierto en el caso de los conductores mayores de 85 a\u00f1os o m\u00e1s. Los conductores mayores pueden tener reflejos m\u00e1s lentos, visi\u00f3n deficiente y distraerse mientras conducen. Y muchos conductores mayores tienen problemas de salud importantes que los convierten en un riesgo para la seguridad de los conductores.<\/p>\n<p>Si usted o un ser querido est\u00e1 involucrado en un accidente con un conductor anciano, es importante que consulte con un abogado experto en accidentes automovil\u00edsticos de Seattle. <a href=\"https:\/\/plg-pllc.com\">Grupo de abogados Premier<\/a> \u00a1Est\u00e1 listo para ayudar! Ll\u00e1menos hoy al <a href=\"tel:206.285.1743\"><em>206.285.1743<\/em> <\/a>\u00a1Para una consulta gratuita! Queremos ayudarle a conseguir el acuerdo que se merece.<\/p>\n<h2>Accidentes de conductores de edad avanzada en el estado de Washington<\/h2>\n<p>Por lo general, los adultos son m\u00e1s saludables, viven y trabajan m\u00e1s tiempo y llevan una vida independiente, lo que incluye seguir conduciendo. Las estad\u00edsticas de conductores de los CDC de 2018 muestran que los conductores mayores tienen muchas m\u00e1s probabilidades de verse involucrados en accidentes.<\/p>\n<p>Considere estos hechos:<\/p>\n<ul>\n<li>En 2018, 6.907 personas mayores murieron en accidentes automovil\u00edsticos y otras 276.000 resultaron heridas.<\/li>\n<li>En Estados Unidos, 15 ancianos mueren cada d\u00eda y otros 586 acaban con lesiones<\/li>\n<li>Las tasas de accidentes fatales aumentan notablemente entre los 70 y los 74 a\u00f1os, y son m\u00e1s altas entre los conductores mayores de 85 a\u00f1os.<\/li>\n<\/ul>\n<p>Muchas v\u00edctimas sienten simpat\u00eda y respeto por los conductores mayores, tanto que no quieren presentar una demanda en su contra. La verdad es que es importante que las v\u00edctimas de un accidente con un conductor mayor presenten una demanda contra el conductor. Es importante tratar este accidente como lo har\u00eda con cualquier otro accidente de veh\u00edculo. Puede ayudar a prevenir posibles accidentes futuros para otras personas como usted. \u00a1P\u00f3ngase en contacto con nuestro abogado de accidentes con conductores mayores en Seattle, WA para obtener ayuda legal!<\/p>\n<h2>Qu\u00e9 hacer despu\u00e9s de un accidente de tr\u00e1fico<\/h2>\n<p>Lo m\u00e1s importante es que es imprescindible recopilar todos los detalles en el lugar del accidente del conductor mayor. Estos incluyen:<\/p>\n<ul>\n<li>Copia del informe policial<\/li>\n<li>Informaci\u00f3n de contacto del otro conductor: nombre, direcci\u00f3n, n\u00famero de tel\u00e9fono e informaci\u00f3n del seguro<\/li>\n<li>Informaci\u00f3n de contacto de los testigos de accidentes: nombre, direcci\u00f3n, n\u00famero de tel\u00e9fono, direcci\u00f3n de correo electr\u00f3nico<\/li>\n<li>Fotograf\u00edas y v\u00eddeos del lugar del accidente.<\/li>\n<\/ul>\n<p>En resumen, trate este accidente como tratar\u00eda cualquier otro accidente vehicular en el que est\u00e9 involucrado. Si usted o un ser querido result\u00f3 herido debido a un accidente automovil\u00edstico causado por una persona mayor, comun\u00edquese con nuestros abogados de accidentes automovil\u00edsticos para personas mayores para obtener ayuda.<\/p>\n\n        <div class=\"rs-content-cta long\">\n            <p>Para una consulta legal GRATUITA con un abogado especializado en accidentes con conductores de edad avanzada que preste servicios en Seattle, llame al <a href=\"tel:+12062851743\">(206) 285-1743 <\/a><\/p>\n            <a href=\"https:\/\/plg-pllc.com\/es\/contact-us\/\" title=\"OBTENGA UNA EVALUACI\u00d3N DE CASO GRATUITA\" class=\"btn-global\">OBTENGA UNA EVALUACI\u00d3N DE CASO GRATUITA<\/a>\n                    <picture>\n                            <source srcset=\"https:\/\/plg-pllc.com\/wp-content\/themes\/plg-pllc-redesign\/assets\/app\/img\/cta-thumb.webp\" type=\"image\/webp\"\/>\n                            <img src=\"https:\/\/plg-pllc.com\/wp-content\/themes\/plg-pllc-redesign\/assets\/app\/img\/cta-thumb.png\" alt=\"Grupo de abogados Premier\" title=\"Grupo de abogados Premier\" width=\"245\" height=\"220\" loading=\"auto\" fetchpriority=\"auto\" decoding=\"async\"\/>\n        <\/picture>\n        \n        <\/div><h2>Responsabilidad y culpa por accidentes de conductores mayores<\/h2>\n<p><img loading=\"lazy\" decoding=\"async\" class=\"alignleft size-medium wp-image-17997\" src=\"https:\/\/plg-pllc.com\/wp-content\/uploads\/2020\/11\/front-view-of-senior-caucasian-couple-looking-medi-8L3UHC7-1-300x200.jpg\" alt=\"Abogados de accidentes automovil\u00edsticos en Seattle\" width=\"300\" height=\"200\" srcset=\"https:\/\/plg-pllc.com\/wp-content\/uploads\/2020\/11\/front-view-of-senior-caucasian-couple-looking-medi-8L3UHC7-1-300x200.jpg 300w, https:\/\/plg-pllc.com\/wp-content\/uploads\/2020\/11\/front-view-of-senior-caucasian-couple-looking-medi-8L3UHC7-1-768x512.jpg 768w, https:\/\/plg-pllc.com\/wp-content\/uploads\/2020\/11\/front-view-of-senior-caucasian-couple-looking-medi-8L3UHC7-1-640x427.jpg 640w, https:\/\/plg-pllc.com\/wp-content\/uploads\/2020\/11\/front-view-of-senior-caucasian-couple-looking-medi-8L3UHC7-1-250x167.jpg 250w, https:\/\/plg-pllc.com\/wp-content\/uploads\/2020\/11\/front-view-of-senior-caucasian-couple-looking-medi-8L3UHC7-1.jpg 1000w\" sizes=\"auto, (max-width: 300px) 100vw, 300px\" \/>Una de las diferencias para las v\u00edctimas involucradas en un accidente con un conductor mayor es determinar la culpa, la responsabilidad y los problemas de salud subyacentes.<\/p>\n<p>Es decir, \u00bfel conductor de edad avanzada conduc\u00eda su propio veh\u00edculo durante el accidente? En caso afirmativo, es responsable de las reclamaciones por lesiones personales y p\u00e9rdidas.<\/p>\n<p>Algunas personas mayores conducen veh\u00edculos ajenos y, en este caso, el propietario del veh\u00edculo es responsable. La ley considera que esto es \u201cconfiar negligentemente\u201d el veh\u00edculo a alguien que puede no ser seguro en la carretera.<\/p>\n<p>Quiz\u00e1s el conductor anciano tenga una afecci\u00f3n card\u00edaca u otra condici\u00f3n m\u00e9dica que contribuy\u00f3 al accidente.<\/p>\n<p>Adem\u00e1s de la escena del accidente, puede haber muchos factores que deban investigarse. Determinar la responsabilidad en un accidente con un conductor mayor no es f\u00e1cil. Por eso, las v\u00edctimas necesitan la experiencia de un abogado con experiencia en accidentes con conductores mayores en Seattle.<\/p>\n<h2>Restricciones de licencia para personas mayores<\/h2>\n<p>En nuestro estado, todos los conductores mayores de 65 a\u00f1os deben renovar su licencia en persona y someterse a un examen de la vista. Seg\u00fan los resultados del examen de la vista y cualquier condici\u00f3n m\u00e9dica subyacente, tambi\u00e9n se les realizar\u00e1 un examen escrito y\/o pr\u00e1ctico. Estas restricciones ayudan a garantizar que las personas mayores puedan conducir de manera segura.<\/p>\n<h2>Comun\u00edquese con un abogado con experiencia en accidentes de conductores mayores en Seattle para obtener ayuda<\/h2>\n<p><img loading=\"lazy\" decoding=\"async\" class=\"alignright wp-image-18095 size-medium\" src=\"https:\/\/plg-pllc.com\/wp-content\/uploads\/2020\/10\/PLG-home-box1-300x200.jpg\" alt=\"Abogados con experiencia en accidentes automovil\u00edsticos en Seattle Bellevue y Federal Way\" width=\"300\" height=\"200\" srcset=\"https:\/\/plg-pllc.com\/wp-content\/uploads\/2020\/10\/PLG-home-box1-300x200.jpg 300w, https:\/\/plg-pllc.com\/wp-content\/uploads\/2020\/10\/PLG-home-box1-250x167.jpg 250w, https:\/\/plg-pllc.com\/wp-content\/uploads\/2020\/10\/PLG-home-box1.jpg 500w\" sizes=\"auto, (max-width: 300px) 100vw, 300px\" \/>Es f\u00e1cil pensar: \u201cEste conductor es mayor, merece mi respeto y no quiero causarle problemas\u201d. Recuerde: TODOS los conductores que circulan por la carretera deben ser capaces y competentes para conducir de forma segura. Y usted es responsable de USTED y de la salud y seguridad de sus seres queridos.<\/p>\n<p>Si usted o un ser querido ha sufrido un accidente como conductor mayor, es importante que obtenga la ayuda que necesita. Nuestro experto <a href=\"https:\/\/plg-pllc.com\/glossary\/car-accidents\/\">Abogados de accidentes automovil\u00edsticos en Seattle<\/a> Lucharemos por SU acuerdo exitoso y justo en un caso de conductor mayor.<\/p>\n<p>Nuestra experiencia <a href=\"https:\/\/plg-pllc.com\/seattle\/personal-injury-lawyer\/\">Abogados de lesiones personales en Seattle<\/a> en <a href=\"https:\/\/plg-pllc.com\/\">Grupo de abogados Premier<\/a> \u00a1Estamos aqu\u00ed para ayudar! No pagas NINGUNA TARIFA, a menos que ganemos el caso. Como siempre, ofrecemos una consulta GRATUITA para v\u00edctimas de accidentes con veh\u00edculos sin conductor con nuestros abogados expertos en accidentes.<\/p>\n<p><strong>Llamar:\u00a0\u00a0 <a href=\"tel:206.285.1743\"><em>206.285.1743<\/em> <\/a>y programar una <a href=\"https:\/\/plg-pllc.com\/contact-us\/\">Revisi\u00f3n de caso de accidente GRATIS<\/a> \u00a1hoy!<\/strong><\/p>\n\n        <div class=\"rs-content-cta\">\n            <p>Llamar o enviar mensaje de texto <a href=\"tel:+12062851743\">(206) 285-1743<\/a> o complete un formulario de evaluaci\u00f3n de caso gratuito<\/p>\n            <a href=\"https:\/\/plg-pllc.com\/es\/contact-us\/\" title=\"OBTENGA UNA EVALUACI\u00d3N DE CASO GRATUITA\" class=\"btn-global\">OBTENGA UNA EVALUACI\u00d3N DE CASO GRATUITA<\/a>\n                    <picture>\n                            <source srcset=\"https:\/\/plg-pllc.com\/wp-content\/themes\/plg-pllc-redesign\/assets\/app\/img\/cta-thumb.webp\" type=\"image\/webp\"\/>\n                            <img src=\"https:\/\/plg-pllc.com\/wp-content\/themes\/plg-pllc-redesign\/assets\/app\/img\/cta-thumb.png\" alt=\"Grupo de abogados Premier\" title=\"Grupo de abogados Premier\" width=\"245\" height=\"220\" loading=\"auto\" fetchpriority=\"auto\" decoding=\"async\"\/>\n        <\/picture>\n        \n        <\/div>","protected":false},"excerpt":{"rendered":"<p>Los peligros de los accidentes de conductores mayores en Seattle Los conductores mayores suelen tener a\u00f1os de experiencia al volante. Por muchas razones, merecen la misma oportunidad de ser conductores independientes y respetados como sus hom\u00f3logos m\u00e1s j\u00f3venes. Sin embargo, lamentablemente, los accidentes de conductores mayores en Seattle est\u00e1n aumentando. Los conductores mayores representan el 20% de todos los conductores en el \u2026<\/p>","protected":false},"author":24,"featured_media":18415,"parent":17293,"menu_order":0,"comment_status":"closed","ping_status":"closed","template":"","meta":{"_acf_changed":false,"_genesis_hide_title":false,"_genesis_hide_breadcrumbs":false,"_genesis_hide_singular_image":false,"_genesis_hide_footer_widgets":false,"_genesis_custom_body_class":"","_genesis_custom_post_class":"","_genesis_layout":"","footnotes":""},"hc_faqs":[],"class_list":{"0":"post-18518","1":"page","2":"type-page","3":"status-publish","4":"has-post-thumbnail","6":"hc_city_location-seattle","7":"entry"},"acf":[],"yoast_head":"<!-- This site is optimized with the Yoast SEO plugin v27.2 - https:\/\/yoast.com\/product\/yoast-seo-wordpress\/ -->\n<title>Elderly Driver Accident Lawyer in Seattle | Free Case Review<\/title>\n<meta name=\"description\" content=\"Seattle Elderly Driver Accident Lawyer: Premier Law Group helps you unlock the full compensation you deserve. No Fee Unless We Win.\" \/>\n<meta name=\"robots\" content=\"index, follow, max-snippet:-1, max-image-preview:large, max-video-preview:-1\" \/>\n<link rel=\"canonical\" href=\"https:\/\/plg-pllc.com\/es\/seattle\/car-accident-lawyer\/elderly-driver\/\" \/>\n<meta property=\"og:locale\" content=\"es_MX\" \/>\n<meta property=\"og:type\" content=\"article\" \/>\n<meta property=\"og:title\" content=\"Elderly Driver Accident Lawyer in Seattle | Free Case Review\" \/>\n<meta property=\"og:description\" content=\"Seattle Elderly Driver Accident Lawyer: Premier Law Group helps you unlock the full compensation you deserve. No Fee Unless We Win.\" \/>\n<meta property=\"og:url\" content=\"https:\/\/plg-pllc.com\/es\/seattle\/car-accident-lawyer\/elderly-driver\/\" \/>\n<meta property=\"og:site_name\" content=\"Premier Law Group\" \/>\n<meta property=\"article:publisher\" content=\"https:\/\/www.facebook.com\/premierlawgroup\" \/>\n<meta property=\"article:modified_time\" content=\"2024-10-18T16:37:40+00:00\" \/>\n<meta property=\"og:image\" content=\"https:\/\/plg-pllc.com\/wp-content\/uploads\/2021\/04\/pexels-csongor-kemeny-3936485.jpg\" \/>\n\t<meta property=\"og:image:width\" content=\"2249\" \/>\n\t<meta property=\"og:image:height\" content=\"2249\" \/>\n\t<meta property=\"og:image:type\" content=\"image\/jpeg\" \/>\n<meta name=\"twitter:card\" content=\"summary_large_image\" \/>\n<meta name=\"twitter:site\" content=\"@premierlawgroup\" \/>\n<meta name=\"twitter:label1\" content=\"Tiempo de lectura\" \/>\n\t<meta name=\"twitter:data1\" content=\"5 minutos\" \/>\n<script type=\"application\/ld+json\" class=\"yoast-schema-graph\">{\"@context\":\"https:\/\/schema.org\",\"@graph\":[{\"@type\":\"WebPage\",\"@id\":\"https:\/\/plg-pllc.com\/seattle\/car-accident-lawyer\/elderly-driver\/\",\"url\":\"https:\/\/plg-pllc.com\/seattle\/car-accident-lawyer\/elderly-driver\/\",\"name\":\"Elderly Driver Accident Lawyer in Seattle | Free Case Review\",\"isPartOf\":{\"@id\":\"https:\/\/plg-pllc.com\/#website\"},\"primaryImageOfPage\":{\"@id\":\"https:\/\/plg-pllc.com\/seattle\/car-accident-lawyer\/elderly-driver\/#primaryimage\"},\"image\":{\"@id\":\"https:\/\/plg-pllc.com\/seattle\/car-accident-lawyer\/elderly-driver\/#primaryimage\"},\"thumbnailUrl\":\"https:\/\/plg-pllc.com\/wp-content\/uploads\/2021\/04\/pexels-csongor-kemeny-3936485.jpg\",\"datePublished\":\"2021-05-29T15:50:08+00:00\",\"dateModified\":\"2024-10-18T16:37:40+00:00\",\"description\":\"Seattle Elderly Driver Accident Lawyer: Premier Law Group helps you unlock the full compensation you deserve. No Fee Unless We Win.\",\"breadcrumb\":{\"@id\":\"https:\/\/plg-pllc.com\/seattle\/car-accident-lawyer\/elderly-driver\/#breadcrumb\"},\"inLanguage\":\"es\",\"potentialAction\":[{\"@type\":\"ReadAction\",\"target\":[\"https:\/\/plg-pllc.com\/seattle\/car-accident-lawyer\/elderly-driver\/\"]}]},{\"@type\":\"ImageObject\",\"inLanguage\":\"es\",\"@id\":\"https:\/\/plg-pllc.com\/seattle\/car-accident-lawyer\/elderly-driver\/#primaryimage\",\"url\":\"https:\/\/plg-pllc.com\/wp-content\/uploads\/2021\/04\/pexels-csongor-kemeny-3936485.jpg\",\"contentUrl\":\"https:\/\/plg-pllc.com\/wp-content\/uploads\/2021\/04\/pexels-csongor-kemeny-3936485.jpg\",\"width\":2249,\"height\":2249,\"caption\":\"Best lawyers for truck driver fatigue accidents\"},{\"@type\":\"BreadcrumbList\",\"@id\":\"https:\/\/plg-pllc.com\/seattle\/car-accident-lawyer\/elderly-driver\/#breadcrumb\",\"itemListElement\":[{\"@type\":\"ListItem\",\"position\":1,\"name\":\"Home\",\"item\":\"https:\/\/plg-pllc.com\/es\/\"},{\"@type\":\"ListItem\",\"position\":2,\"name\":\"Seattle Personal Injury Lawyer\",\"item\":\"https:\/\/plg-pllc.com\/es\/seattle\/personal-injury-lawyer\/\"},{\"@type\":\"ListItem\",\"position\":3,\"name\":\"Seattle Car Accident Lawyer\",\"item\":\"https:\/\/plg-pllc.com\/es\/seattle\/car-accident-lawyer\/\"},{\"@type\":\"ListItem\",\"position\":4,\"name\":\"Elderly Driver Accident\"}]},{\"@type\":\"WebSite\",\"@id\":\"https:\/\/plg-pllc.com\/#website\",\"url\":\"https:\/\/plg-pllc.com\/\",\"name\":\"Premier Law Group\",\"description\":\"Washington Wrongful Death and Serious Injury Lawyer\",\"publisher\":{\"@id\":\"https:\/\/plg-pllc.com\/#organization\"},\"inLanguage\":\"es\"},{\"@type\":\"Organization\",\"@id\":\"https:\/\/plg-pllc.com\/#organization\",\"name\":\"Premier Law Group\",\"url\":\"https:\/\/plg-pllc.com\/\",\"logo\":{\"@type\":\"ImageObject\",\"inLanguage\":\"es\",\"@id\":\"https:\/\/plg-pllc.com\/#\/schema\/logo\/image\/\",\"url\":\"https:\/\/plg-pllc.com\/wp-content\/uploads\/2020\/10\/plg-logo-v2.gif\",\"contentUrl\":\"https:\/\/plg-pllc.com\/wp-content\/uploads\/2020\/10\/plg-logo-v2.gif\",\"width\":592,\"height\":191,\"caption\":\"Premier Law Group\"},\"image\":{\"@id\":\"https:\/\/plg-pllc.com\/#\/schema\/logo\/image\/\"},\"sameAs\":[\"https:\/\/www.facebook.com\/premierlawgroup\",\"https:\/\/x.com\/premierlawgroup\"]}]}<\/script>\n<!-- \/ Yoast SEO plugin. -->","yoast_head_json":{"title":"Abogado de accidentes de conductores mayores en Seattle | Revisi\u00f3n gratuita de casos","description":"Abogado de accidentes de conductores ancianos en Seattle: Premier Law Group lo ayuda a obtener la compensaci\u00f3n total que se merece. Sin honorarios a menos que ganemos.","robots":{"index":"index","follow":"follow","max-snippet":"max-snippet:-1","max-image-preview":"max-image-preview:large","max-video-preview":"max-video-preview:-1"},"canonical":"https:\/\/plg-pllc.com\/es\/seattle\/car-accident-lawyer\/elderly-driver\/","og_locale":"es_MX","og_type":"article","og_title":"Elderly Driver Accident Lawyer in Seattle | Free Case Review","og_description":"Seattle Elderly Driver Accident Lawyer: Premier Law Group helps you unlock the full compensation you deserve. No Fee Unless We Win.","og_url":"https:\/\/plg-pllc.com\/es\/seattle\/car-accident-lawyer\/elderly-driver\/","og_site_name":"Premier Law Group","article_publisher":"https:\/\/www.facebook.com\/premierlawgroup","article_modified_time":"2024-10-18T16:37:40+00:00","og_image":[{"width":2249,"height":2249,"url":"https:\/\/plg-pllc.com\/wp-content\/uploads\/2021\/04\/pexels-csongor-kemeny-3936485.jpg","type":"image\/jpeg"}],"twitter_card":"summary_large_image","twitter_site":"@premierlawgroup","twitter_misc":{"Tiempo de lectura":"5 minutos"},"schema":{"@context":"https:\/\/schema.org","@graph":[{"@type":"WebPage","@id":"https:\/\/plg-pllc.com\/seattle\/car-accident-lawyer\/elderly-driver\/","url":"https:\/\/plg-pllc.com\/seattle\/car-accident-lawyer\/elderly-driver\/","name":"Abogado de accidentes de conductores mayores en Seattle | Revisi\u00f3n gratuita de casos","isPartOf":{"@id":"https:\/\/plg-pllc.com\/#website"},"primaryImageOfPage":{"@id":"https:\/\/plg-pllc.com\/seattle\/car-accident-lawyer\/elderly-driver\/#primaryimage"},"image":{"@id":"https:\/\/plg-pllc.com\/seattle\/car-accident-lawyer\/elderly-driver\/#primaryimage"},"thumbnailUrl":"https:\/\/plg-pllc.com\/wp-content\/uploads\/2021\/04\/pexels-csongor-kemeny-3936485.jpg","datePublished":"2021-05-29T15:50:08+00:00","dateModified":"2024-10-18T16:37:40+00:00","description":"Abogado de accidentes de conductores ancianos en Seattle: Premier Law Group lo ayuda a obtener la compensaci\u00f3n total que se merece. Sin honorarios a menos que ganemos.","breadcrumb":{"@id":"https:\/\/plg-pllc.com\/seattle\/car-accident-lawyer\/elderly-driver\/#breadcrumb"},"inLanguage":"es","potentialAction":[{"@type":"ReadAction","target":["https:\/\/plg-pllc.com\/seattle\/car-accident-lawyer\/elderly-driver\/"]}]},{"@type":"ImageObject","inLanguage":"es","@id":"https:\/\/plg-pllc.com\/seattle\/car-accident-lawyer\/elderly-driver\/#primaryimage","url":"https:\/\/plg-pllc.com\/wp-content\/uploads\/2021\/04\/pexels-csongor-kemeny-3936485.jpg","contentUrl":"https:\/\/plg-pllc.com\/wp-content\/uploads\/2021\/04\/pexels-csongor-kemeny-3936485.jpg","width":2249,"height":2249,"caption":"Best lawyers for truck driver fatigue accidents"},{"@type":"BreadcrumbList","@id":"https:\/\/plg-pllc.com\/seattle\/car-accident-lawyer\/elderly-driver\/#breadcrumb","itemListElement":[{"@type":"ListItem","position":1,"name":"Home","item":"https:\/\/plg-pllc.com\/es\/"},{"@type":"ListItem","position":2,"name":"Seattle Personal Injury Lawyer","item":"https:\/\/plg-pllc.com\/es\/seattle\/personal-injury-lawyer\/"},{"@type":"ListItem","position":3,"name":"Seattle Car Accident Lawyer","item":"https:\/\/plg-pllc.com\/es\/seattle\/car-accident-lawyer\/"},{"@type":"ListItem","position":4,"name":"Elderly Driver Accident"}]},{"@type":"WebSite","@id":"https:\/\/plg-pllc.com\/#website","url":"https:\/\/plg-pllc.com\/","name":"Grupo de abogados Premier","description":"Abogado de muerte por negligencia y lesiones graves en Washington","publisher":{"@id":"https:\/\/plg-pllc.com\/#organization"},"inLanguage":"es"},{"@type":"Organization","@id":"https:\/\/plg-pllc.com\/#organization","name":"Grupo de abogados Premier","url":"https:\/\/plg-pllc.com\/","logo":{"@type":"ImageObject","inLanguage":"es","@id":"https:\/\/plg-pllc.com\/#\/schema\/logo\/image\/","url":"https:\/\/plg-pllc.com\/wp-content\/uploads\/2020\/10\/plg-logo-v2.gif","contentUrl":"https:\/\/plg-pllc.com\/wp-content\/uploads\/2020\/10\/plg-logo-v2.gif","width":592,"height":191,"caption":"Premier Law Group"},"image":{"@id":"https:\/\/plg-pllc.com\/#\/schema\/logo\/image\/"},"sameAs":["https:\/\/www.facebook.com\/premierlawgroup","https:\/\/x.com\/premierlawgroup"]}]}},"_links":{"self":[{"href":"https:\/\/plg-pllc.com\/es\/wp-json\/wp\/v2\/pages\/18518","targetHints":{"allow":["GET"]}}],"collection":[{"href":"https:\/\/plg-pllc.com\/es\/wp-json\/wp\/v2\/pages"}],"about":[{"href":"https:\/\/plg-pllc.com\/es\/wp-json\/wp\/v2\/types\/page"}],"author":[{"embeddable":true,"href":"https:\/\/plg-pllc.com\/es\/wp-json\/wp\/v2\/users\/24"}],"replies":[{"embeddable":true,"href":"https:\/\/plg-pllc.com\/es\/wp-json\/wp\/v2\/comments?post=18518"}],"version-history":[{"count":0,"href":"https:\/\/plg-pllc.com\/es\/wp-json\/wp\/v2\/pages\/18518\/revisions"}],"up":[{"embeddable":true,"href":"https:\/\/plg-pllc.com\/es\/wp-json\/wp\/v2\/pages\/17293"}],"wp:featuredmedia":[{"embeddable":true,"href":"https:\/\/plg-pllc.com\/es\/wp-json\/wp\/v2\/media\/18415"}],"wp:attachment":[{"href":"https:\/\/plg-pllc.com\/es\/wp-json\/wp\/v2\/media?parent=18518"}],"wp:term":[{"taxonomy":"hc_faqs","embeddable":true,"href":"https:\/\/plg-pllc.com\/es\/wp-json\/wp\/v2\/hc_faqs?post=18518"}],"curies":[{"name":"gracias","href":"https:\/\/api.w.org\/{rel}","templated":true}]}}