{"id":18520,"date":"2021-06-05T08:20:38","date_gmt":"2021-06-05T15:20:38","guid":{"rendered":"https:\/\/plg-pllc.com\/?page_id=18520"},"modified":"2026-03-24T15:10:39","modified_gmt":"2026-03-24T22:10:39","slug":"dangerous-roadway","status":"publish","type":"page","link":"https:\/\/plg-pllc.com\/es\/seattle\/car-accident-lawyer\/dangerous-roadway\/","title":{"rendered":"Abogado de accidentes en carreteras peligrosas de Seattle"},"content":{"rendered":"<h2><strong>Las carreteras peligrosas de Seattle provocan accidentes de tr\u00e1fico<\/strong><\/h2>\n<p><img loading=\"lazy\" decoding=\"async\" class=\"alignleft size-medium wp-image-18549\" src=\"https:\/\/plg-pllc.com\/wp-content\/uploads\/2021\/06\/colin-lloyd-D7jnhK1xFPU-unsplash-200x300.jpg\" alt=\"Abogados de accidentes de tr\u00e1fico peligrosos en Seattle\" width=\"200\" height=\"300\" srcset=\"https:\/\/plg-pllc.com\/wp-content\/uploads\/2021\/06\/colin-lloyd-D7jnhK1xFPU-unsplash-200x300.jpg 200w, https:\/\/plg-pllc.com\/wp-content\/uploads\/2021\/06\/colin-lloyd-D7jnhK1xFPU-unsplash-683x1024.jpg 683w, https:\/\/plg-pllc.com\/wp-content\/uploads\/2021\/06\/colin-lloyd-D7jnhK1xFPU-unsplash-768x1152.jpg 768w, https:\/\/plg-pllc.com\/wp-content\/uploads\/2021\/06\/colin-lloyd-D7jnhK1xFPU-unsplash-1024x1536.jpg 1024w, https:\/\/plg-pllc.com\/wp-content\/uploads\/2021\/06\/colin-lloyd-D7jnhK1xFPU-unsplash-1365x2048.jpg 1365w, https:\/\/plg-pllc.com\/wp-content\/uploads\/2021\/06\/colin-lloyd-D7jnhK1xFPU-unsplash-640x960.jpg 640w, https:\/\/plg-pllc.com\/wp-content\/uploads\/2021\/06\/colin-lloyd-D7jnhK1xFPU-unsplash-1200x1800.jpg 1200w, https:\/\/plg-pllc.com\/wp-content\/uploads\/2021\/06\/colin-lloyd-D7jnhK1xFPU-unsplash-1920x2880.jpg 1920w, https:\/\/plg-pllc.com\/wp-content\/uploads\/2021\/06\/colin-lloyd-D7jnhK1xFPU-unsplash-133x200.jpg 133w, https:\/\/plg-pllc.com\/wp-content\/uploads\/2021\/06\/colin-lloyd-D7jnhK1xFPU-unsplash-scaled.jpg 1707w\" sizes=\"auto, (max-width: 200px) 100vw, 200px\" \/>Los accidentes automovil\u00edsticos pueden provocar lesiones traum\u00e1ticas. Adem\u00e1s, las v\u00edctimas de accidentes automovil\u00edsticos a menudo sufren lesiones terribles, facturas m\u00e9dicas y sufren dolor o viven con discapacidades. Adem\u00e1s, algunos accidentes automovil\u00edsticos tienen una falla clara, como conductores ebrios, distra\u00eddos o que conducen a exceso de velocidad. Sin embargo, algunos accidentes son el resultado de una agencia que mantiene las carreteras, calles o autopistas en condiciones seguras para los automovilistas. En estos casos, la entidad responsable de mantener o dise\u00f1ar esa carretera tambi\u00e9n podr\u00eda ser considerada responsable. Si esto le ha causado lesiones, entonces necesita un abogado especializado en accidentes de carretera peligrosos.<\/p>\n<p>Si usted o un ser querido es v\u00edctima de un accidente de tr\u00e1fico peligroso, presentar una reclamaci\u00f3n o demanda puede resultar dif\u00edcil. En lugar de tratar con otra persona o compa\u00f1\u00eda de seguros, es posible que est\u00e9 tratando con una agencia gubernamental, una empresa de construcci\u00f3n o un dise\u00f1ador de carreteras. Sin embargo, los abogados de accidentes de tr\u00e1fico peligrosos de Premier Law Group tienen <a href=\"https:\/\/www.google.com\/search?q=premier+law+group+seattle&amp;rlz=1C1CHBF_enUS879US879&amp;oq=premier+law+group+seattle&amp;aqs=chrome..69i57j46i175i199j69i59j69i61l3j69i65.3582j1j9&amp;sourceid=chrome&amp;ie=UTF-8#lrd=0x54906b3300e98a39:0x80a64f5ade626230,1,,,\">Mucha experiencia luchando por las v\u00edctimas.<\/a> de accidentes viales peligrosos. Sabemos lo que se necesita para obtener una compensaci\u00f3n completa y justa en estos casos complejos. <a href=\"https:\/\/plg-pllc.com\/about-us\/\">Comun\u00edquese con Premier Law Group<\/a> Ll\u00e1menos hoy mismo para una consulta gratuita al 206.285.1743<\/p>\n<h2><strong>Peligros comunes en la carretera en Seattle<\/strong><\/h2>\n<p>Adem\u00e1s, la entidad encargada de una v\u00eda es responsable de su dise\u00f1o y mantenimiento. Algunos ejemplos de condiciones peligrosas de la v\u00eda que pueden provocar colisiones son:<\/p>\n<ul>\n<li>Escombros de construcci\u00f3n en la carretera<\/li>\n<li>Baches o da\u00f1os en la carretera<\/li>\n<li>Caminos desgastados<\/li>\n<li>Se\u00f1alizaci\u00f3n inadecuada<\/li>\n<li>Iluminaci\u00f3n insuficiente<\/li>\n<li>Se\u00f1alizaci\u00f3n oculta (debido a \u00e1rboles demasiado grandes u otras causas)<\/li>\n<li>Barandillas inadecuadas o da\u00f1adas<\/li>\n<li>Carreteras mal dise\u00f1adas<\/li>\n<li>Agua estancada<\/li>\n<li>Caminos dif\u00edciles<\/li>\n<\/ul>\n<p>Adem\u00e1s, el <a href=\"https:\/\/wsdot.wa.gov\/\">Departamento de Transporte del Estado de Washington<\/a> es responsable de mantener las condiciones seguras en las carreteras, sin embargo, no siempre son perfectas. Sin embargo, ocurren errores y algunas carreteras, calles o caminos no siempre reciben el mantenimiento adecuado. Desafortunadamente, cuando las carreteras no reciben el mantenimiento adecuado, pueden ocurrir accidentes tr\u00e1gicos que alteran la vida.<\/p>\n<h2><strong>\u00bfQui\u00e9n es responsable de un accidente de tr\u00e1fico peligroso?<\/strong><\/h2>\n<p>En un caso que involucra un peligro <a href=\"https:\/\/plg-pllc.com\/glossary\/car-accidents\/\">accidente de carretera<\/a>Es importante establecer que la otra parte fue negligente y que eso fue lo que caus\u00f3 las lesiones y los da\u00f1os. Su seguro de autom\u00f3vil tambi\u00e9n puede cubrir algunos costos, pero recuperar la compensaci\u00f3n total puede ser un proceso m\u00e1s dif\u00edcil. Por eso es una buena idea contratar a un abogado especializado en accidentes de tr\u00e1nsito peligrosos.<\/p>\n<p>Adem\u00e1s, determinar la responsabilidad en un accidente de tr\u00e1fico peligroso puede ser complejo debido a la variedad de partes potencialmente responsables. Algunos ejemplos son:<\/p>\n<ul>\n<li>WSDOT (Departamento de Transporte del Estado de Washington)<\/li>\n<li>Subcontratistas de mantenimiento de carreteras<\/li>\n<li>Fabricantes de farolas<\/li>\n<li>Instaladores de alumbrado p\u00fablico<\/li>\n<li>Dise\u00f1adores de carreteras<\/li>\n<li>Compa\u00f1\u00edas de seguros<\/li>\n<\/ul>\n<p>\u00bfHab\u00eda alguno? <a href=\"https:\/\/plg-pllc.com\/seattle\/personal-injury-lawyer\/\">lesiones<\/a> \u00bfEl accidente se debi\u00f3 a las condiciones de la carretera? \u00bfEl gobierno estaba al tanto del problema? \u00bfNo lo solucionaron? \u00bfHubo tiempo para resolverlo? \u00bfEl lugar del accidente tiene antecedentes de lesiones o accidentes? Si la respuesta a alguna de las preguntas es s\u00ed, la v\u00edctima lesionada del peligroso accidente en la carretera puede tener una demanda viable contra el gobierno en Seattle.<\/p>\n<p>Sin embargo, se necesita una persona con experiencia. <a href=\"https:\/\/plg-pllc.com\/seattle\/personal-injury-lawyer\/\">Seattle<\/a> Abogado de accidentes de tr\u00e1fico peligroso para presentar un caso contra una entidad gubernamental, lo que casi siempre implica procedimientos adicionales y burocracia.<\/p>\n\n        <div class=\"rs-content-cta long\">\n            <p>Para una consulta legal GRATUITA con un abogado especializado en accidentes de tr\u00e1fico peligrosos que preste servicios en Seattle, llame al <a href=\"tel:+12062851743\">(206) 285-1743 <\/a><\/p>\n            <a href=\"https:\/\/plg-pllc.com\/es\/contact-us\/\" title=\"OBTENGA UNA EVALUACI\u00d3N DE CASO GRATUITA\" class=\"btn-global\">OBTENGA UNA EVALUACI\u00d3N DE CASO GRATUITA<\/a>\n                    <picture>\n                            <source srcset=\"https:\/\/plg-pllc.com\/wp-content\/themes\/plg-pllc-redesign\/assets\/app\/img\/cta-thumb.webp\" type=\"image\/webp\"\/>\n                            <img src=\"https:\/\/plg-pllc.com\/wp-content\/themes\/plg-pllc-redesign\/assets\/app\/img\/cta-thumb.png\" alt=\"Grupo de abogados Premier\" title=\"Grupo de abogados Premier\" width=\"245\" height=\"220\" loading=\"auto\" fetchpriority=\"auto\" decoding=\"async\"\/>\n        <\/picture>\n        \n        <\/div><h2><strong>Los motociclistas tambi\u00e9n corren riesgo en carreteras peligrosas<\/strong><\/h2>\n<p><a href=\"https:\/\/plg-pllc.com\/washington\/motorcycle-accident-lawyer\/\">Accidentes de motociclistas<\/a> Alabama<img loading=\"lazy\" decoding=\"async\" class=\"alignright size-medium wp-image-3852\" src=\"https:\/\/plg-pllc.com\/wp-content\/uploads\/2011\/03\/LomaPrieta2-719719-300x210.jpg\" alt=\"Abogados de accidentes en carreteras peligrosas y escombros en Seattle, Bellevue, Renton y Federal Way\" width=\"300\" height=\"210\" srcset=\"https:\/\/plg-pllc.com\/wp-content\/uploads\/2011\/03\/LomaPrieta2-719719-300x210.jpg 300w, https:\/\/plg-pllc.com\/wp-content\/uploads\/2011\/03\/LomaPrieta2-719719.jpg 372w\" sizes=\"auto, (max-width: 300px) 100vw, 300px\" \/>Por lo tanto, la mayor\u00eda de los accidentes de motocicleta son causados por carreteras peligrosas. Adem\u00e1s, la mayor\u00eda de los accidentes de motocicleta son causados por otros conductores. Otros accidentes ocurren debido a productos defectuosos, como frenos defectuosos o neum\u00e1ticos que ceden. Sin embargo, una parte considerable de los accidentes de motocicleta en Seattle pueden ser causados por la propia carretera.<\/p>\n<p>Adem\u00e1s, las condiciones peligrosas de la carretera pueden ser especialmente peligrosas para los motociclistas. Por ejemplo:<\/p>\n<ul>\n<li>Las curvas cerradas o los tramos de carretera mal iluminados podr\u00edan contribuir a un accidente de motocicleta.<\/li>\n<li>La falta de se\u00f1ales de advertencia que indiquen una condici\u00f3n peligrosa podr\u00eda provocar una colisi\u00f3n grave.<\/li>\n<\/ul>\n<h2><strong>\u00bfCu\u00e1les son las carreteras e intersecciones m\u00e1s peligrosas de Seattle?<\/strong><\/h2>\n<p>En lo que respecta a determinadas calles, los conductores de Seattle deben tener mucho cuidado. Algunas de estas calles son:<\/p>\n<ul>\n<li>Carretera 2<\/li>\n<li>Interestatal 5<\/li>\n<li>I-90<\/li>\n<li>I-405<\/li>\n<li>Avenida Aurora Norte<\/li>\n<li>Calle Pike<\/li>\n<li>9 y James<\/li>\n<li>3ra Avenida y Pike Street<\/li>\n<li>Avenida 8 y calle Pike<\/li>\n<li>Calle 85 Noroeste y Avenida 15 Noroeste<\/li>\n<li>Calle Thomas Este y Avenida 11 Este<\/li>\n<li>Avenida Westlake Norte y Valley Street<\/li>\n<\/ul>\n<h2><strong>Secci\u00f3n 405 y la ley del estado de Washington<\/strong><\/h2>\n<p>La Secci\u00f3n 405 es el Programa Nacional de Seguridad Prioritaria. Este programa proporciona fondos para abordar las prioridades de reducci\u00f3n de muertes y lesiones en las carreteras en todo el pa\u00eds. Es decir, la Secci\u00f3n 405 es un programa de incentivos que ayuda a abordar \u00e1reas clave de seguridad. Estas \u00e1reas incluyen:<\/p>\n<ul>\n<li>Conducci\u00f3n bajo los efectos del alcohol<\/li>\n<li>Conducci\u00f3n distra\u00edda<\/li>\n<li>Seguridad en motocicleta<\/li>\n<li>Leyes sobre licencias de conducir graduadas (GDL)<\/li>\n<li>Protecci\u00f3n de los ocupantes<\/li>\n<\/ul>\n<p>Resultante de la <a href=\"https:\/\/ops.fhwa.dot.gov\/fastact\/index.htm#:~:text=The%20FAST%20Act%20authorizes%20%24305,research%2C%20technology%20and%20statistics%20programs.\">Reparar la Ley de Transporte Terrestre de Estados Unidos<\/a>Tanto la Secci\u00f3n 405 como la Secci\u00f3n 402 recibir\u00e1n 1.400 millones de THB 2.700 millones en financiaci\u00f3n entre los a\u00f1os 2016 y 2020.<\/p>\n<p>Adem\u00e1s, seg\u00fan la <a href=\"https:\/\/www.ghsa.org\/resource-hub\/section-405-priority-safety-program\/\">Administraci\u00f3n de Seguridad Vial de los Gobernadores<\/a>La falta de financiaci\u00f3n de la Secci\u00f3n 405 puede provocar un aumento significativo de accidentes de tr\u00e1fico mortales en todo el condado.<\/p>\n<p>Sin apoyo federal, el estado de Washington experimentar\u00e1 una reducci\u00f3n significativa en su financiaci\u00f3n.<\/p>\n<h2><strong>Hable con nuestros abogados con experiencia en accidentes de tr\u00e1fico peligrosos en Seattle<\/strong><\/h2>\n<p><img loading=\"lazy\" decoding=\"async\" class=\"alignleft size-medium wp-image-16099\" src=\"https:\/\/plg-pllc.com\/wp-content\/uploads\/2018\/01\/lawyers-plg-bg800-300x192.jpg\" alt=\"Abogados con experiencia en accidentes automovil\u00edsticos en Seattle, Bellevue, Federal Way y Renton\" width=\"300\" height=\"192\" srcset=\"https:\/\/plg-pllc.com\/wp-content\/uploads\/2018\/01\/lawyers-plg-bg800-300x192.jpg 300w, https:\/\/plg-pllc.com\/wp-content\/uploads\/2018\/01\/lawyers-plg-bg800-768x491.jpg 768w, https:\/\/plg-pllc.com\/wp-content\/uploads\/2018\/01\/lawyers-plg-bg800-640x409.jpg 640w, https:\/\/plg-pllc.com\/wp-content\/uploads\/2018\/01\/lawyers-plg-bg800.jpg 800w\" sizes=\"auto, (max-width: 300px) 100vw, 300px\" \/>En Premier Law Group luchamos todos los d\u00edas para ganar una compensaci\u00f3n completa y justa para nuestros clientes.<\/p>\n<p>Nuestro <a href=\"https:\/\/plg-pllc.com\/glossary\/car-accidents\/\">abogados expertos en accidentes automovil\u00edsticos<\/a> Hablaremos con usted directamente, no solo con un asistente legal o un especialista en admisi\u00f3n. Adem\u00e1s, ofrecemos <a href=\"https:\/\/plg-pllc.com\/contact-us\/\"><strong>GRATIS<\/strong> Rese\u00f1as de casos<\/a> A las personas que resultaron heridas en un accidente de tr\u00e1fico peligroso y est\u00e1n buscando una <a href=\"https:\/\/plg-pllc.com\/seattle\/personal-injury-lawyer\/\">Abogado de lesiones personales en Seattle<\/a>Le ayudaremos a gestionar su reclamaci\u00f3n para que pueda centrarse en su recuperaci\u00f3n. Por \u00faltimo, nos encargaremos del resto.<\/p>\n<p>Finalmente, al hablar con usted y recopilar informaci\u00f3n sobre su situaci\u00f3n espec\u00edfica, podemos brindarle la informaci\u00f3n m\u00e1s precisa y explicarle nuestras recomendaciones en detalle. Ll\u00e1menos al <em>206.285.1743<\/em> para una revisi\u00f3n gratuita de su caso hoy mismo. Recuerde, hay <a href=\"https:\/\/plg-pllc.com\/about-us\/zero-fee-guarantee\/\">Sin cargo<\/a> a menos que ganemos su caso.<\/p>\n\n        <div class=\"rs-content-cta\">\n            <p>Llamar o enviar mensaje de texto <a href=\"tel:+12062851743\">(206) 285-1743<\/a> o complete un formulario de evaluaci\u00f3n de caso gratuito<\/p>\n            <a href=\"https:\/\/plg-pllc.com\/es\/contact-us\/\" title=\"OBTENGA UNA EVALUACI\u00d3N DE CASO GRATUITA\" class=\"btn-global\">OBTENGA UNA EVALUACI\u00d3N DE CASO GRATUITA<\/a>\n                    <picture>\n                            <source srcset=\"https:\/\/plg-pllc.com\/wp-content\/themes\/plg-pllc-redesign\/assets\/app\/img\/cta-thumb.webp\" type=\"image\/webp\"\/>\n                            <img src=\"https:\/\/plg-pllc.com\/wp-content\/themes\/plg-pllc-redesign\/assets\/app\/img\/cta-thumb.png\" alt=\"Grupo de abogados Premier\" title=\"Grupo de abogados Premier\" width=\"245\" height=\"220\" loading=\"auto\" fetchpriority=\"auto\" decoding=\"async\"\/>\n        <\/picture>\n        \n        <\/div>","protected":false},"excerpt":{"rendered":"<p>Las carreteras peligrosas de Seattle provocan accidentes de tr\u00e1fico Los accidentes de tr\u00e1fico pueden provocar lesiones traum\u00e1ticas. Adem\u00e1s, las v\u00edctimas de accidentes de tr\u00e1fico suelen acabar sufriendo lesiones terribles, facturas m\u00e9dicas y dolores o viviendo con discapacidades. Adem\u00e1s, algunos accidentes de tr\u00e1fico tienen una culpa clara, como conductores ebrios, distra\u00eddos o que conducen a exceso de velocidad. Sin embargo, algunos accidentes son el resultado de\u2026<\/p>","protected":false},"author":24,"featured_media":18521,"parent":17293,"menu_order":0,"comment_status":"closed","ping_status":"closed","template":"","meta":{"_acf_changed":false,"_genesis_hide_title":false,"_genesis_hide_breadcrumbs":false,"_genesis_hide_singular_image":false,"_genesis_hide_footer_widgets":false,"_genesis_custom_body_class":"","_genesis_custom_post_class":"","_genesis_layout":"","footnotes":""},"hc_faqs":[],"class_list":{"0":"post-18520","1":"page","2":"type-page","3":"status-publish","4":"has-post-thumbnail","6":"hc_city_location-seattle","7":"entry"},"acf":[],"yoast_head":"<!-- This site is optimized with the Yoast SEO plugin v27.2 - https:\/\/yoast.com\/product\/yoast-seo-wordpress\/ -->\n<title>Dangerous Roadway Accident Lawyer in Seattle | Free Case Review<\/title>\n<meta name=\"description\" content=\"Seattle Dangerous Roadway Accident Lawyer: Premier Law Group helps you unlock the full compensation you deserve. No Fee Unless We Win.\" \/>\n<meta name=\"robots\" content=\"index, follow, max-snippet:-1, max-image-preview:large, max-video-preview:-1\" \/>\n<link rel=\"canonical\" href=\"https:\/\/plg-pllc.com\/es\/seattle\/car-accident-lawyer\/dangerous-roadway\/\" \/>\n<meta property=\"og:locale\" content=\"es_MX\" \/>\n<meta property=\"og:type\" content=\"article\" \/>\n<meta property=\"og:title\" content=\"Dangerous Roadway Accident Lawyer in Seattle | Free Case Review\" \/>\n<meta property=\"og:description\" content=\"Seattle Dangerous Roadway Accident Lawyer: Premier Law Group helps you unlock the full compensation you deserve. No Fee Unless We Win.\" \/>\n<meta property=\"og:url\" content=\"https:\/\/plg-pllc.com\/es\/seattle\/car-accident-lawyer\/dangerous-roadway\/\" \/>\n<meta property=\"og:site_name\" content=\"Premier Law Group\" \/>\n<meta property=\"article:publisher\" content=\"https:\/\/www.facebook.com\/premierlawgroup\" \/>\n<meta property=\"article:modified_time\" content=\"2026-03-24T22:10:39+00:00\" \/>\n<meta property=\"og:image\" content=\"https:\/\/plg-pllc.com\/wp-content\/uploads\/2021\/05\/treddy-chen-FRlfsVSQbzs-unsplash-scaled.jpg\" \/>\n\t<meta property=\"og:image:width\" content=\"2560\" \/>\n\t<meta property=\"og:image:height\" content=\"1707\" \/>\n\t<meta property=\"og:image:type\" content=\"image\/jpeg\" \/>\n<meta name=\"twitter:card\" content=\"summary_large_image\" \/>\n<meta name=\"twitter:site\" content=\"@premierlawgroup\" \/>\n<meta name=\"twitter:label1\" content=\"Tiempo de lectura\" \/>\n\t<meta name=\"twitter:data1\" content=\"5 minutos\" \/>\n<script type=\"application\/ld+json\" class=\"yoast-schema-graph\">{\"@context\":\"https:\/\/schema.org\",\"@graph\":[{\"@type\":\"WebPage\",\"@id\":\"https:\/\/plg-pllc.com\/seattle\/car-accident-lawyer\/dangerous-roadway\/\",\"url\":\"https:\/\/plg-pllc.com\/seattle\/car-accident-lawyer\/dangerous-roadway\/\",\"name\":\"Dangerous Roadway Accident Lawyer in Seattle | Free Case Review\",\"isPartOf\":{\"@id\":\"https:\/\/plg-pllc.com\/#website\"},\"primaryImageOfPage\":{\"@id\":\"https:\/\/plg-pllc.com\/seattle\/car-accident-lawyer\/dangerous-roadway\/#primaryimage\"},\"image\":{\"@id\":\"https:\/\/plg-pllc.com\/seattle\/car-accident-lawyer\/dangerous-roadway\/#primaryimage\"},\"thumbnailUrl\":\"https:\/\/plg-pllc.com\/wp-content\/uploads\/2021\/05\/treddy-chen-FRlfsVSQbzs-unsplash-scaled.jpg\",\"datePublished\":\"2021-06-05T15:20:38+00:00\",\"dateModified\":\"2026-03-24T22:10:39+00:00\",\"description\":\"Seattle Dangerous Roadway Accident Lawyer: Premier Law Group helps you unlock the full compensation you deserve. No Fee Unless We Win.\",\"breadcrumb\":{\"@id\":\"https:\/\/plg-pllc.com\/seattle\/car-accident-lawyer\/dangerous-roadway\/#breadcrumb\"},\"inLanguage\":\"es\",\"potentialAction\":[{\"@type\":\"ReadAction\",\"target\":[\"https:\/\/plg-pllc.com\/seattle\/car-accident-lawyer\/dangerous-roadway\/\"]}]},{\"@type\":\"ImageObject\",\"inLanguage\":\"es\",\"@id\":\"https:\/\/plg-pllc.com\/seattle\/car-accident-lawyer\/dangerous-roadway\/#primaryimage\",\"url\":\"https:\/\/plg-pllc.com\/wp-content\/uploads\/2021\/05\/treddy-chen-FRlfsVSQbzs-unsplash-scaled.jpg\",\"contentUrl\":\"https:\/\/plg-pllc.com\/wp-content\/uploads\/2021\/05\/treddy-chen-FRlfsVSQbzs-unsplash-scaled.jpg\",\"width\":2560,\"height\":1707,\"caption\":\"Dangerous Roadway Accident attorneys in Seattle\"},{\"@type\":\"BreadcrumbList\",\"@id\":\"https:\/\/plg-pllc.com\/seattle\/car-accident-lawyer\/dangerous-roadway\/#breadcrumb\",\"itemListElement\":[{\"@type\":\"ListItem\",\"position\":1,\"name\":\"Home\",\"item\":\"https:\/\/plg-pllc.com\/es\/\"},{\"@type\":\"ListItem\",\"position\":2,\"name\":\"Seattle Personal Injury Lawyer\",\"item\":\"https:\/\/plg-pllc.com\/es\/seattle\/personal-injury-lawyer\/\"},{\"@type\":\"ListItem\",\"position\":3,\"name\":\"Seattle Car Accident Lawyer\",\"item\":\"https:\/\/plg-pllc.com\/es\/seattle\/car-accident-lawyer\/\"},{\"@type\":\"ListItem\",\"position\":4,\"name\":\"Dangerous Roadway Accident\"}]},{\"@type\":\"WebSite\",\"@id\":\"https:\/\/plg-pllc.com\/#website\",\"url\":\"https:\/\/plg-pllc.com\/\",\"name\":\"Premier Law Group\",\"description\":\"Washington Wrongful Death and Serious Injury Lawyer\",\"publisher\":{\"@id\":\"https:\/\/plg-pllc.com\/#organization\"},\"inLanguage\":\"es\"},{\"@type\":\"Organization\",\"@id\":\"https:\/\/plg-pllc.com\/#organization\",\"name\":\"Premier Law Group\",\"url\":\"https:\/\/plg-pllc.com\/\",\"logo\":{\"@type\":\"ImageObject\",\"inLanguage\":\"es\",\"@id\":\"https:\/\/plg-pllc.com\/#\/schema\/logo\/image\/\",\"url\":\"https:\/\/plg-pllc.com\/wp-content\/uploads\/2020\/10\/plg-logo-v2.gif\",\"contentUrl\":\"https:\/\/plg-pllc.com\/wp-content\/uploads\/2020\/10\/plg-logo-v2.gif\",\"width\":592,\"height\":191,\"caption\":\"Premier Law Group\"},\"image\":{\"@id\":\"https:\/\/plg-pllc.com\/#\/schema\/logo\/image\/\"},\"sameAs\":[\"https:\/\/www.facebook.com\/premierlawgroup\",\"https:\/\/x.com\/premierlawgroup\"]}]}<\/script>\n<!-- \/ Yoast SEO plugin. -->","yoast_head_json":{"title":"Abogado de accidentes de tr\u00e1fico peligrosos en Seattle | Revisi\u00f3n gratuita de casos","description":"Abogado de accidentes viales peligrosos en Seattle: Premier Law Group lo ayuda a obtener la compensaci\u00f3n total que merece. Sin honorarios a menos que ganemos.","robots":{"index":"index","follow":"follow","max-snippet":"max-snippet:-1","max-image-preview":"max-image-preview:large","max-video-preview":"max-video-preview:-1"},"canonical":"https:\/\/plg-pllc.com\/es\/seattle\/car-accident-lawyer\/dangerous-roadway\/","og_locale":"es_MX","og_type":"article","og_title":"Dangerous Roadway Accident Lawyer in Seattle | Free Case Review","og_description":"Seattle Dangerous Roadway Accident Lawyer: Premier Law Group helps you unlock the full compensation you deserve. No Fee Unless We Win.","og_url":"https:\/\/plg-pllc.com\/es\/seattle\/car-accident-lawyer\/dangerous-roadway\/","og_site_name":"Premier Law Group","article_publisher":"https:\/\/www.facebook.com\/premierlawgroup","article_modified_time":"2026-03-24T22:10:39+00:00","og_image":[{"width":2560,"height":1707,"url":"https:\/\/plg-pllc.com\/wp-content\/uploads\/2021\/05\/treddy-chen-FRlfsVSQbzs-unsplash-scaled.jpg","type":"image\/jpeg"}],"twitter_card":"summary_large_image","twitter_site":"@premierlawgroup","twitter_misc":{"Tiempo de lectura":"5 minutos"},"schema":{"@context":"https:\/\/schema.org","@graph":[{"@type":"WebPage","@id":"https:\/\/plg-pllc.com\/seattle\/car-accident-lawyer\/dangerous-roadway\/","url":"https:\/\/plg-pllc.com\/seattle\/car-accident-lawyer\/dangerous-roadway\/","name":"Abogado de accidentes de tr\u00e1fico peligrosos en Seattle | Revisi\u00f3n gratuita de casos","isPartOf":{"@id":"https:\/\/plg-pllc.com\/#website"},"primaryImageOfPage":{"@id":"https:\/\/plg-pllc.com\/seattle\/car-accident-lawyer\/dangerous-roadway\/#primaryimage"},"image":{"@id":"https:\/\/plg-pllc.com\/seattle\/car-accident-lawyer\/dangerous-roadway\/#primaryimage"},"thumbnailUrl":"https:\/\/plg-pllc.com\/wp-content\/uploads\/2021\/05\/treddy-chen-FRlfsVSQbzs-unsplash-scaled.jpg","datePublished":"2021-06-05T15:20:38+00:00","dateModified":"2026-03-24T22:10:39+00:00","description":"Abogado de accidentes viales peligrosos en Seattle: Premier Law Group lo ayuda a obtener la compensaci\u00f3n total que merece. Sin honorarios a menos que ganemos.","breadcrumb":{"@id":"https:\/\/plg-pllc.com\/seattle\/car-accident-lawyer\/dangerous-roadway\/#breadcrumb"},"inLanguage":"es","potentialAction":[{"@type":"ReadAction","target":["https:\/\/plg-pllc.com\/seattle\/car-accident-lawyer\/dangerous-roadway\/"]}]},{"@type":"ImageObject","inLanguage":"es","@id":"https:\/\/plg-pllc.com\/seattle\/car-accident-lawyer\/dangerous-roadway\/#primaryimage","url":"https:\/\/plg-pllc.com\/wp-content\/uploads\/2021\/05\/treddy-chen-FRlfsVSQbzs-unsplash-scaled.jpg","contentUrl":"https:\/\/plg-pllc.com\/wp-content\/uploads\/2021\/05\/treddy-chen-FRlfsVSQbzs-unsplash-scaled.jpg","width":2560,"height":1707,"caption":"Dangerous Roadway Accident attorneys in Seattle"},{"@type":"BreadcrumbList","@id":"https:\/\/plg-pllc.com\/seattle\/car-accident-lawyer\/dangerous-roadway\/#breadcrumb","itemListElement":[{"@type":"ListItem","position":1,"name":"Home","item":"https:\/\/plg-pllc.com\/es\/"},{"@type":"ListItem","position":2,"name":"Seattle Personal Injury Lawyer","item":"https:\/\/plg-pllc.com\/es\/seattle\/personal-injury-lawyer\/"},{"@type":"ListItem","position":3,"name":"Seattle Car Accident Lawyer","item":"https:\/\/plg-pllc.com\/es\/seattle\/car-accident-lawyer\/"},{"@type":"ListItem","position":4,"name":"Dangerous Roadway Accident"}]},{"@type":"WebSite","@id":"https:\/\/plg-pllc.com\/#website","url":"https:\/\/plg-pllc.com\/","name":"Grupo de abogados Premier","description":"Abogado de muerte por negligencia y lesiones graves en Washington","publisher":{"@id":"https:\/\/plg-pllc.com\/#organization"},"inLanguage":"es"},{"@type":"Organization","@id":"https:\/\/plg-pllc.com\/#organization","name":"Grupo de abogados Premier","url":"https:\/\/plg-pllc.com\/","logo":{"@type":"ImageObject","inLanguage":"es","@id":"https:\/\/plg-pllc.com\/#\/schema\/logo\/image\/","url":"https:\/\/plg-pllc.com\/wp-content\/uploads\/2020\/10\/plg-logo-v2.gif","contentUrl":"https:\/\/plg-pllc.com\/wp-content\/uploads\/2020\/10\/plg-logo-v2.gif","width":592,"height":191,"caption":"Premier Law Group"},"image":{"@id":"https:\/\/plg-pllc.com\/#\/schema\/logo\/image\/"},"sameAs":["https:\/\/www.facebook.com\/premierlawgroup","https:\/\/x.com\/premierlawgroup"]}]}},"_links":{"self":[{"href":"https:\/\/plg-pllc.com\/es\/wp-json\/wp\/v2\/pages\/18520","targetHints":{"allow":["GET"]}}],"collection":[{"href":"https:\/\/plg-pllc.com\/es\/wp-json\/wp\/v2\/pages"}],"about":[{"href":"https:\/\/plg-pllc.com\/es\/wp-json\/wp\/v2\/types\/page"}],"author":[{"embeddable":true,"href":"https:\/\/plg-pllc.com\/es\/wp-json\/wp\/v2\/users\/24"}],"replies":[{"embeddable":true,"href":"https:\/\/plg-pllc.com\/es\/wp-json\/wp\/v2\/comments?post=18520"}],"version-history":[{"count":0,"href":"https:\/\/plg-pllc.com\/es\/wp-json\/wp\/v2\/pages\/18520\/revisions"}],"up":[{"embeddable":true,"href":"https:\/\/plg-pllc.com\/es\/wp-json\/wp\/v2\/pages\/17293"}],"wp:featuredmedia":[{"embeddable":true,"href":"https:\/\/plg-pllc.com\/es\/wp-json\/wp\/v2\/media\/18521"}],"wp:attachment":[{"href":"https:\/\/plg-pllc.com\/es\/wp-json\/wp\/v2\/media?parent=18520"}],"wp:term":[{"taxonomy":"hc_faqs","embeddable":true,"href":"https:\/\/plg-pllc.com\/es\/wp-json\/wp\/v2\/hc_faqs?post=18520"}],"curies":[{"name":"gracias","href":"https:\/\/api.w.org\/{rel}","templated":true}]}}