{"id":18523,"date":"2021-06-05T08:53:53","date_gmt":"2021-06-05T15:53:53","guid":{"rendered":"https:\/\/plg-pllc.com\/?page_id=18523"},"modified":"2024-10-18T09:42:53","modified_gmt":"2024-10-18T16:42:53","slug":"road-debris","status":"publish","type":"page","link":"https:\/\/plg-pllc.com\/es\/seattle\/car-accident-lawyer\/road-debris\/","title":{"rendered":"Abogado de accidentes por escombros en la carretera en Seattle"},"content":{"rendered":"<h2><strong>Los escombros en las carreteras de Seattle contribuyen a los accidentes de tr\u00e1fico<\/strong><\/h2>\n<p><img loading=\"lazy\" decoding=\"async\" class=\"alignleft size-medium wp-image-17967\" src=\"https:\/\/plg-pllc.com\/wp-content\/uploads\/2020\/10\/nominated-car-accident-X2SJ5EB-1-300x200.jpg\" alt=\"Abogados de accidentes automovil\u00edsticos en Seattle Bellevue Federal Way\" width=\"300\" height=\"200\" srcset=\"https:\/\/plg-pllc.com\/wp-content\/uploads\/2020\/10\/nominated-car-accident-X2SJ5EB-1-300x200.jpg 300w, https:\/\/plg-pllc.com\/wp-content\/uploads\/2020\/10\/nominated-car-accident-X2SJ5EB-1-1024x683.jpg 1024w, https:\/\/plg-pllc.com\/wp-content\/uploads\/2020\/10\/nominated-car-accident-X2SJ5EB-1-768x512.jpg 768w, https:\/\/plg-pllc.com\/wp-content\/uploads\/2020\/10\/nominated-car-accident-X2SJ5EB-1-640x427.jpg 640w, https:\/\/plg-pllc.com\/wp-content\/uploads\/2020\/10\/nominated-car-accident-X2SJ5EB-1-1200x800.jpg 1200w, https:\/\/plg-pllc.com\/wp-content\/uploads\/2020\/10\/nominated-car-accident-X2SJ5EB-1-250x167.jpg 250w, https:\/\/plg-pllc.com\/wp-content\/uploads\/2020\/10\/nominated-car-accident-X2SJ5EB-1.jpg 1500w\" sizes=\"auto, (max-width: 300px) 100vw, 300px\" \/>Es posible que escuche hablar de accidentes automovil\u00edsticos y peligros en la carretera que resultan de los escombros en la carretera todo el tiempo. Los escombros en este tipo de accidentes pueden incluir vidrios rotos de otros choques, clavos, escaleras e incluso colchones.<\/p>\n<p>En algunos casos, un conductor no puede evitar chocar contra escombros que caen repentinamente de otro veh\u00edculo. Cuando objetos grandes terminan en la carretera o salen volando de los veh\u00edculos, su autom\u00f3vil puede sufrir da\u00f1os importantes. Usted o cualquier pasajero de su veh\u00edculo tambi\u00e9n pueden sufrir lesiones.<\/p>\n<p>Si usted o un ser querido sufre lesiones como resultado de un accidente automovil\u00edstico causado por escombros en la carretera, puede ser elegible para presentar un reclamo contra la persona responsable. <a href=\"https:\/\/plg-pllc.com\/about-us\/\">Grupo Jur\u00eddico Premier,<\/a> nuestro <a href=\"https:\/\/plg-pllc.com\/seattle\/personal-injury-lawyer\/\">Abogados con experiencia en accidentes automovil\u00edsticos en Seattle<\/a> Puede ayudarle a obtener la compensaci\u00f3n financiera que necesita.<\/p>\n<h2><strong>Causas de accidentes automovil\u00edsticos causados por escombros en la carretera<\/strong><\/h2>\n<p>Como ya hemos mencionado, los residuos en la carretera pueden adoptar distintas formas, grandes o peque\u00f1as, y pueden acabar en la carretera por diversos motivos.<\/p>\n<p>Algunas de las formas m\u00e1s comunes en que los escombros de la carretera pueden causar colisiones graves son:<\/p>\n<ul>\n<li>Los objetos salen volando de la caja de un cami\u00f3n o del techo de un autom\u00f3vil y chocan contra otro veh\u00edculo.<\/li>\n<li>Un conductor choca contra un objeto grande en la carretera, como una escalera o un colch\u00f3n, lo que provoca un vuelco, un revent\u00f3n de un neum\u00e1tico o una colisi\u00f3n con otros veh\u00edculos motorizados.<\/li>\n<li>Conductores que intentan esquivar grandes escombros en la carretera y chocan contra otros veh\u00edculos en diferentes carriles de circulaci\u00f3n.<\/li>\n<li>Un conductor no presta atenci\u00f3n y pasa por encima de los escombros y luego impacta con otro veh\u00edculo.<\/li>\n<li>Un conductor est\u00e1 absorto en su tel\u00e9fono y mira hacia arriba demasiado tarde, provocando una colisi\u00f3n al intentar evitar los escombros.<\/li>\n<\/ul>\n<h2><strong>C\u00f3mo prevenir accidentes de tr\u00e1fico causados por residuos en la carretera<\/strong><\/h2>\n<p><img loading=\"lazy\" decoding=\"async\" class=\"alignright size-full wp-image-18055\" src=\"https:\/\/plg-pllc.com\/wp-content\/uploads\/2020\/12\/Picture3.jpg\" alt=\"Abogados de accidentes automovil\u00edsticos en Seattle Bellevue Federal Way\" width=\"300\" height=\"200\" srcset=\"https:\/\/plg-pllc.com\/wp-content\/uploads\/2020\/12\/Picture3.jpg 300w, https:\/\/plg-pllc.com\/wp-content\/uploads\/2020\/12\/Picture3-250x167.jpg 250w\" sizes=\"auto, (max-width: 300px) 100vw, 300px\" \/>A menudo, para los conductores que terminan en accidentes graves, <a href=\"https:\/\/plg-pllc.com\/seattle\/personal-injury-lawyer\/\">Seattle<\/a> En los accidentes de tr\u00e1fico causados por escombros en la carretera, no hay forma de evitarlos. Sin embargo, otros conductores que vean escombros en la carretera pueden hacer cosas para ayudar a prevenir este tipo de accidentes. Adem\u00e1s, los conductores que provocan estos accidentes deben hacerse responsables de sus acciones. Deben saber que hay precauciones que pueden tomar para evitar este tipo de accidentes. Todo esto se puede prevenir con las siguientes medidas:<\/p>\n<ul>\n<li>Informes y limpieza peri\u00f3dicos de los escombros de la calzada. Esto puede ayudar a garantizar que no se encuentren en la carretera elementos que no deber\u00edan estar en ella.<\/li>\n<li>Los conductores deben mirar hacia adelante mientras conducen y respetar la velocidad para tener suficiente tiempo de reacci\u00f3n.<\/li>\n<li>Los conductores no deben seguir de cerca a otros veh\u00edculos, ya que esto puede provocar colisiones por alcance cuando ocurren eventos inesperados.<\/li>\n<li>Los conductores deben estar siempre atentos a la carretera, no distra\u00eddos con su tel\u00e9fono, radio, etc.<\/li>\n<\/ul>\n\n        <div class=\"rs-content-cta long\">\n            <p>Para una consulta legal GRATUITA con un abogado especializado en accidentes por escombros en la carretera que presta servicios en Seattle, llame al <a href=\"tel:+12062851743\">(206) 285-1743 <\/a><\/p>\n            <a href=\"https:\/\/plg-pllc.com\/es\/contact-us\/\" title=\"OBTENGA UNA EVALUACI\u00d3N DE CASO GRATUITA\" class=\"btn-global\">OBTENGA UNA EVALUACI\u00d3N DE CASO GRATUITA<\/a>\n                    <picture>\n                            <source srcset=\"https:\/\/plg-pllc.com\/wp-content\/themes\/plg-pllc-redesign\/assets\/app\/img\/cta-thumb.webp\" type=\"image\/webp\"\/>\n                            <img src=\"https:\/\/plg-pllc.com\/wp-content\/themes\/plg-pllc-redesign\/assets\/app\/img\/cta-thumb.png\" alt=\"Grupo de abogados Premier\" title=\"Grupo de abogados Premier\" width=\"245\" height=\"220\" loading=\"auto\" fetchpriority=\"auto\" decoding=\"async\"\/>\n        <\/picture>\n        \n        <\/div><h2><strong>\u00bfQu\u00e9 acciones legales puedo emprender contra otro conductor por un accidente relacionado con escombros?<\/strong><\/h2>\n<p>Si puede registrar el n\u00famero de matr\u00edcula del veh\u00edculo del que proceden los escombros, puede presentar una reclamaci\u00f3n contra la compa\u00f1\u00eda de seguros del conductor. Esto tambi\u00e9n se aplica a los propietarios de veh\u00edculos comerciales o de flotas de camiones.<\/p>\n<p>Cuando quedan escombros en la carretera, el conductor responsable a veces abandona el lugar y no se da cuenta de que hay escombros. Si no puede registrar el n\u00famero de matr\u00edcula, es posible que tenga que confiar en testigos, im\u00e1genes de la c\u00e1mara del tablero o de la c\u00e1mara de vigilancia (si est\u00e1 disponible).<\/p>\n<h2><strong>\u00bfPor qu\u00e9 necesito un abogado?<\/strong><\/h2>\n<p>Si has estado en un camino lleno de escombros <a href=\"https:\/\/plg-pllc.com\/glossary\/car-accidents\/\">accidente de coche <\/a>Nuestros abogados con experiencia en Premier Law Group le ayudar\u00e1n. Podemos ayudarle a determinar qui\u00e9n fue el responsable de sus lesiones y da\u00f1os. Esto incluye a otros conductores, a la persona responsable de los escombros, si se la puede identificar, e incluso al departamento de transporte si la carretera no estaba despejada.<\/p>\n<p>Premier Law Group est\u00e1 aqu\u00ed para ayudar a cualquier persona que haya estado <a href=\"https:\/\/plg-pllc.com\/seattle\/personal-injury-lawyer\/\">Herido en un accidente automovil\u00edstico causado por escombros en la carretera.<\/a> Le ayudaremos a resolver los detalles de un acuerdo. Usted merece una compensaci\u00f3n completa y justa por las reparaciones de su veh\u00edculo, los servicios m\u00e9dicos que haya recibido, las facturas m\u00e9dicas futuras u otros gastos que resulten del accidente automovil\u00edstico causado por escombros en la carretera.<\/p>\n<h2><strong>Llame a los expertos en accidentes automovil\u00edsticos causados por escombros en la carretera<\/strong><\/h2>\n<p><img loading=\"lazy\" decoding=\"async\" class=\"alignleft size-medium wp-image-17837\" src=\"https:\/\/plg-pllc.com\/wp-content\/uploads\/2020\/09\/imgmenufree-300x197.jpg\" alt=\"Abogados con experiencia en accidentes automovil\u00edsticos en Seattle, Federal Way, Renton y Bellevue\" width=\"300\" height=\"197\" srcset=\"https:\/\/plg-pllc.com\/wp-content\/uploads\/2020\/09\/imgmenufree-300x197.jpg 300w, https:\/\/plg-pllc.com\/wp-content\/uploads\/2020\/09\/imgmenufree-250x164.jpg 250w, https:\/\/plg-pllc.com\/wp-content\/uploads\/2020\/09\/imgmenufree.jpg 400w\" sizes=\"auto, (max-width: 300px) 100vw, 300px\" \/>Hay varias cosas que puede hacer para ayudar a proteger su reclamo por accidente automovil\u00edstico causado por escombros en la carretera. Adem\u00e1s, a menudo es mejor contratar a alguien de inmediato. Comun\u00edquese con Premier Law Group para hablar con uno de nuestros abogados. <a href=\"https:\/\/plg-pllc.com\/glossary\/car-accidents\/\">Abogados con experiencia en accidentes automovil\u00edsticos en Seattle<\/a>Ofrecemos <a href=\"https:\/\/plg-pllc.com\/contact-us\/\">Revisiones iniciales de casos gratuitas<\/a> para accidentes automovil\u00edsticos causados por escombros en la carretera en el estado de Washington.<\/p>\n<p>Adem\u00e1s, le ayudaremos a proteger su salud, su bienestar emocional y sus finanzas de inmediato y le brindaremos recursos \u00fatiles. En Premier Law Group, queremos que todos los que se comuniquen con nosotros obtengan informaci\u00f3n sobre sus opciones legales. Vea lo que dicen nuestros clientes anteriores <a href=\"https:\/\/www.google.com\/search?q=premier+law+group+seattle&amp;rlz=1C1CHBF_enUS879US879&amp;oq=premier+law+group+seattle&amp;aqs=chrome..69i57j46i175i199j69i59j69i61l3j69i65.3582j1j9&amp;sourceid=chrome&amp;ie=UTF-8#lrd=0x54906b3300e98a39:0x80a64f5ade626230,1,,,\">aqu\u00ed.<\/a><\/p>\n<p>Comun\u00edquese con Premier Law Group para programar una <a href=\"https:\/\/plg-pllc.com\/contact-us\/\">GRATIS<\/a> Consulta hoy mismo. Llama al 206.285.1743. Recuerda, hay <a href=\"https:\/\/plg-pllc.com\/about-us\/zero-fee-guarantee\/\">Sin cargo<\/a> a menos que ganemos o resolvamos su caso.<\/p>\n\n        <div class=\"rs-content-cta\">\n            <p>Llamar o enviar mensaje de texto <a href=\"tel:+12062851743\">(206) 285-1743<\/a> o complete un formulario de evaluaci\u00f3n de caso gratuito<\/p>\n            <a href=\"https:\/\/plg-pllc.com\/es\/contact-us\/\" title=\"OBTENGA UNA EVALUACI\u00d3N DE CASO GRATUITA\" class=\"btn-global\">OBTENGA UNA EVALUACI\u00d3N DE CASO GRATUITA<\/a>\n                    <picture>\n                            <source srcset=\"https:\/\/plg-pllc.com\/wp-content\/themes\/plg-pllc-redesign\/assets\/app\/img\/cta-thumb.webp\" type=\"image\/webp\"\/>\n                            <img src=\"https:\/\/plg-pllc.com\/wp-content\/themes\/plg-pllc-redesign\/assets\/app\/img\/cta-thumb.png\" alt=\"Grupo de abogados Premier\" title=\"Grupo de abogados Premier\" width=\"245\" height=\"220\" loading=\"auto\" fetchpriority=\"auto\" decoding=\"async\"\/>\n        <\/picture>\n        \n        <\/div>","protected":false},"excerpt":{"rendered":"<p>Los escombros en la carretera de Seattle contribuyen a los accidentes de tr\u00e1fico Es posible que escuche hablar de accidentes de tr\u00e1fico y peligros en la carretera que resultan de los escombros en la carretera todo el tiempo. Los escombros en este tipo de accidentes pueden incluir vidrios rotos de otros choques, clavos, escaleras e incluso colchones. En algunos casos, un conductor no puede evitar chocar contra un veh\u00edculo...<\/p>","protected":false},"author":24,"featured_media":18521,"parent":17293,"menu_order":0,"comment_status":"closed","ping_status":"closed","template":"","meta":{"_acf_changed":false,"_genesis_hide_title":false,"_genesis_hide_breadcrumbs":false,"_genesis_hide_singular_image":false,"_genesis_hide_footer_widgets":false,"_genesis_custom_body_class":"","_genesis_custom_post_class":"","_genesis_layout":"","footnotes":""},"hc_faqs":[],"class_list":{"0":"post-18523","1":"page","2":"type-page","3":"status-publish","4":"has-post-thumbnail","6":"hc_city_location-seattle","7":"entry"},"acf":[],"yoast_head":"<!-- This site is optimized with the Yoast SEO plugin v27.4 - https:\/\/yoast.com\/product\/yoast-seo-wordpress\/ -->\n<title>Road Debris Accident Lawyer in Seattle | Free Case Review<\/title>\n<meta name=\"description\" content=\"Seattle Road Debris Accident Lawyer: Premier Law Group helps you unlock the full compensation you deserve. No Fee Unless We Win.\" \/>\n<meta name=\"robots\" content=\"index, follow, max-snippet:-1, max-image-preview:large, max-video-preview:-1\" \/>\n<link rel=\"canonical\" href=\"https:\/\/plg-pllc.com\/es\/seattle\/car-accident-lawyer\/road-debris\/\" \/>\n<meta property=\"og:locale\" content=\"es_MX\" \/>\n<meta property=\"og:type\" content=\"article\" \/>\n<meta property=\"og:title\" content=\"Road Debris Accident Lawyer in Seattle | Free Case Review\" \/>\n<meta property=\"og:description\" content=\"Seattle Road Debris Accident Lawyer: Premier Law Group helps you unlock the full compensation you deserve. No Fee Unless We Win.\" \/>\n<meta property=\"og:url\" content=\"https:\/\/plg-pllc.com\/es\/seattle\/car-accident-lawyer\/road-debris\/\" \/>\n<meta property=\"og:site_name\" content=\"Premier Law Group\" \/>\n<meta property=\"article:publisher\" content=\"https:\/\/www.facebook.com\/premierlawgroup\" \/>\n<meta property=\"article:modified_time\" content=\"2024-10-18T16:42:53+00:00\" \/>\n<meta property=\"og:image\" content=\"https:\/\/plg-pllc.com\/wp-content\/uploads\/2021\/05\/treddy-chen-FRlfsVSQbzs-unsplash-scaled.jpg\" \/>\n\t<meta property=\"og:image:width\" content=\"2560\" \/>\n\t<meta property=\"og:image:height\" content=\"1707\" \/>\n\t<meta property=\"og:image:type\" content=\"image\/jpeg\" \/>\n<meta name=\"twitter:card\" content=\"summary_large_image\" \/>\n<meta name=\"twitter:site\" content=\"@premierlawgroup\" \/>\n<meta name=\"twitter:label1\" content=\"Tiempo de lectura\" \/>\n\t<meta name=\"twitter:data1\" content=\"5 minutos\" \/>\n<script type=\"application\/ld+json\" class=\"yoast-schema-graph\">{\"@context\":\"https:\\\/\\\/schema.org\",\"@graph\":[{\"@type\":\"WebPage\",\"@id\":\"https:\\\/\\\/plg-pllc.com\\\/seattle\\\/car-accident-lawyer\\\/road-debris\\\/\",\"url\":\"https:\\\/\\\/plg-pllc.com\\\/seattle\\\/car-accident-lawyer\\\/road-debris\\\/\",\"name\":\"Road Debris Accident Lawyer in Seattle | Free Case Review\",\"isPartOf\":{\"@id\":\"https:\\\/\\\/plg-pllc.com\\\/#website\"},\"primaryImageOfPage\":{\"@id\":\"https:\\\/\\\/plg-pllc.com\\\/seattle\\\/car-accident-lawyer\\\/road-debris\\\/#primaryimage\"},\"image\":{\"@id\":\"https:\\\/\\\/plg-pllc.com\\\/seattle\\\/car-accident-lawyer\\\/road-debris\\\/#primaryimage\"},\"thumbnailUrl\":\"https:\\\/\\\/plg-pllc.com\\\/wp-content\\\/uploads\\\/2021\\\/05\\\/treddy-chen-FRlfsVSQbzs-unsplash-scaled.jpg\",\"datePublished\":\"2021-06-05T15:53:53+00:00\",\"dateModified\":\"2024-10-18T16:42:53+00:00\",\"description\":\"Seattle Road Debris Accident Lawyer: Premier Law Group helps you unlock the full compensation you deserve. No Fee Unless We Win.\",\"breadcrumb\":{\"@id\":\"https:\\\/\\\/plg-pllc.com\\\/seattle\\\/car-accident-lawyer\\\/road-debris\\\/#breadcrumb\"},\"inLanguage\":\"es\",\"potentialAction\":[{\"@type\":\"ReadAction\",\"target\":[\"https:\\\/\\\/plg-pllc.com\\\/seattle\\\/car-accident-lawyer\\\/road-debris\\\/\"]}]},{\"@type\":\"ImageObject\",\"inLanguage\":\"es\",\"@id\":\"https:\\\/\\\/plg-pllc.com\\\/seattle\\\/car-accident-lawyer\\\/road-debris\\\/#primaryimage\",\"url\":\"https:\\\/\\\/plg-pllc.com\\\/wp-content\\\/uploads\\\/2021\\\/05\\\/treddy-chen-FRlfsVSQbzs-unsplash-scaled.jpg\",\"contentUrl\":\"https:\\\/\\\/plg-pllc.com\\\/wp-content\\\/uploads\\\/2021\\\/05\\\/treddy-chen-FRlfsVSQbzs-unsplash-scaled.jpg\",\"width\":2560,\"height\":1707,\"caption\":\"Dangerous Roadway Accident attorneys in Seattle\"},{\"@type\":\"BreadcrumbList\",\"@id\":\"https:\\\/\\\/plg-pllc.com\\\/seattle\\\/car-accident-lawyer\\\/road-debris\\\/#breadcrumb\",\"itemListElement\":[{\"@type\":\"ListItem\",\"position\":1,\"name\":\"Home\",\"item\":\"https:\\\/\\\/plg-pllc.com\\\/es\\\/\"},{\"@type\":\"ListItem\",\"position\":2,\"name\":\"Seattle Personal Injury Lawyer\",\"item\":\"https:\\\/\\\/plg-pllc.com\\\/es\\\/seattle\\\/personal-injury-lawyer\\\/\"},{\"@type\":\"ListItem\",\"position\":3,\"name\":\"Seattle Car Accident Lawyer\",\"item\":\"https:\\\/\\\/plg-pllc.com\\\/es\\\/seattle\\\/car-accident-lawyer\\\/\"},{\"@type\":\"ListItem\",\"position\":4,\"name\":\"Road Debris Accident\"}]},{\"@type\":\"WebSite\",\"@id\":\"https:\\\/\\\/plg-pllc.com\\\/#website\",\"url\":\"https:\\\/\\\/plg-pllc.com\\\/\",\"name\":\"Premier Law Group\",\"description\":\"Washington Wrongful Death and Serious Injury Lawyer\",\"publisher\":{\"@id\":\"https:\\\/\\\/plg-pllc.com\\\/#organization\"},\"inLanguage\":\"es\"},{\"@type\":\"Organization\",\"@id\":\"https:\\\/\\\/plg-pllc.com\\\/#organization\",\"name\":\"Premier Law Group\",\"url\":\"https:\\\/\\\/plg-pllc.com\\\/\",\"logo\":{\"@type\":\"ImageObject\",\"inLanguage\":\"es\",\"@id\":\"https:\\\/\\\/plg-pllc.com\\\/#\\\/schema\\\/logo\\\/image\\\/\",\"url\":\"https:\\\/\\\/plg-pllc.com\\\/wp-content\\\/uploads\\\/2020\\\/10\\\/plg-logo-v2.gif\",\"contentUrl\":\"https:\\\/\\\/plg-pllc.com\\\/wp-content\\\/uploads\\\/2020\\\/10\\\/plg-logo-v2.gif\",\"width\":592,\"height\":191,\"caption\":\"Premier Law Group\"},\"image\":{\"@id\":\"https:\\\/\\\/plg-pllc.com\\\/#\\\/schema\\\/logo\\\/image\\\/\"},\"sameAs\":[\"https:\\\/\\\/www.facebook.com\\\/premierlawgroup\",\"https:\\\/\\\/x.com\\\/premierlawgroup\"]}]}<\/script>\n<!-- \/ Yoast SEO plugin. -->","yoast_head_json":{"title":"Abogado de accidentes por escombros en la carretera en Seattle | Revisi\u00f3n gratuita del caso","description":"Abogado de accidentes por escombros en la carretera en Seattle: Premier Law Group lo ayuda a obtener la compensaci\u00f3n total que merece. Sin honorarios a menos que ganemos.","robots":{"index":"index","follow":"follow","max-snippet":"max-snippet:-1","max-image-preview":"max-image-preview:large","max-video-preview":"max-video-preview:-1"},"canonical":"https:\/\/plg-pllc.com\/es\/seattle\/car-accident-lawyer\/road-debris\/","og_locale":"es_MX","og_type":"article","og_title":"Road Debris Accident Lawyer in Seattle | Free Case Review","og_description":"Seattle Road Debris Accident Lawyer: Premier Law Group helps you unlock the full compensation you deserve. No Fee Unless We Win.","og_url":"https:\/\/plg-pllc.com\/es\/seattle\/car-accident-lawyer\/road-debris\/","og_site_name":"Premier Law Group","article_publisher":"https:\/\/www.facebook.com\/premierlawgroup","article_modified_time":"2024-10-18T16:42:53+00:00","og_image":[{"width":2560,"height":1707,"url":"https:\/\/plg-pllc.com\/wp-content\/uploads\/2021\/05\/treddy-chen-FRlfsVSQbzs-unsplash-scaled.jpg","type":"image\/jpeg"}],"twitter_card":"summary_large_image","twitter_site":"@premierlawgroup","twitter_misc":{"Tiempo de lectura":"5 minutos"},"schema":{"@context":"https:\/\/schema.org","@graph":[{"@type":"WebPage","@id":"https:\/\/plg-pllc.com\/seattle\/car-accident-lawyer\/road-debris\/","url":"https:\/\/plg-pllc.com\/seattle\/car-accident-lawyer\/road-debris\/","name":"Abogado de accidentes por escombros en la carretera en Seattle | Revisi\u00f3n gratuita del caso","isPartOf":{"@id":"https:\/\/plg-pllc.com\/#website"},"primaryImageOfPage":{"@id":"https:\/\/plg-pllc.com\/seattle\/car-accident-lawyer\/road-debris\/#primaryimage"},"image":{"@id":"https:\/\/plg-pllc.com\/seattle\/car-accident-lawyer\/road-debris\/#primaryimage"},"thumbnailUrl":"https:\/\/plg-pllc.com\/wp-content\/uploads\/2021\/05\/treddy-chen-FRlfsVSQbzs-unsplash-scaled.jpg","datePublished":"2021-06-05T15:53:53+00:00","dateModified":"2024-10-18T16:42:53+00:00","description":"Abogado de accidentes por escombros en la carretera en Seattle: Premier Law Group lo ayuda a obtener la compensaci\u00f3n total que merece. Sin honorarios a menos que ganemos.","breadcrumb":{"@id":"https:\/\/plg-pllc.com\/seattle\/car-accident-lawyer\/road-debris\/#breadcrumb"},"inLanguage":"es","potentialAction":[{"@type":"ReadAction","target":["https:\/\/plg-pllc.com\/seattle\/car-accident-lawyer\/road-debris\/"]}]},{"@type":"ImageObject","inLanguage":"es","@id":"https:\/\/plg-pllc.com\/seattle\/car-accident-lawyer\/road-debris\/#primaryimage","url":"https:\/\/plg-pllc.com\/wp-content\/uploads\/2021\/05\/treddy-chen-FRlfsVSQbzs-unsplash-scaled.jpg","contentUrl":"https:\/\/plg-pllc.com\/wp-content\/uploads\/2021\/05\/treddy-chen-FRlfsVSQbzs-unsplash-scaled.jpg","width":2560,"height":1707,"caption":"Dangerous Roadway Accident attorneys in Seattle"},{"@type":"BreadcrumbList","@id":"https:\/\/plg-pllc.com\/seattle\/car-accident-lawyer\/road-debris\/#breadcrumb","itemListElement":[{"@type":"ListItem","position":1,"name":"Home","item":"https:\/\/plg-pllc.com\/es\/"},{"@type":"ListItem","position":2,"name":"Seattle Personal Injury Lawyer","item":"https:\/\/plg-pllc.com\/es\/seattle\/personal-injury-lawyer\/"},{"@type":"ListItem","position":3,"name":"Seattle Car Accident Lawyer","item":"https:\/\/plg-pllc.com\/es\/seattle\/car-accident-lawyer\/"},{"@type":"ListItem","position":4,"name":"Road Debris Accident"}]},{"@type":"WebSite","@id":"https:\/\/plg-pllc.com\/#website","url":"https:\/\/plg-pllc.com\/","name":"Grupo de abogados Premier","description":"Abogado de muerte por negligencia y lesiones graves en Washington","publisher":{"@id":"https:\/\/plg-pllc.com\/#organization"},"inLanguage":"es"},{"@type":"Organization","@id":"https:\/\/plg-pllc.com\/#organization","name":"Grupo de abogados Premier","url":"https:\/\/plg-pllc.com\/","logo":{"@type":"ImageObject","inLanguage":"es","@id":"https:\/\/plg-pllc.com\/#\/schema\/logo\/image\/","url":"https:\/\/plg-pllc.com\/wp-content\/uploads\/2020\/10\/plg-logo-v2.gif","contentUrl":"https:\/\/plg-pllc.com\/wp-content\/uploads\/2020\/10\/plg-logo-v2.gif","width":592,"height":191,"caption":"Premier Law Group"},"image":{"@id":"https:\/\/plg-pllc.com\/#\/schema\/logo\/image\/"},"sameAs":["https:\/\/www.facebook.com\/premierlawgroup","https:\/\/x.com\/premierlawgroup"]}]}},"_links":{"self":[{"href":"https:\/\/plg-pllc.com\/es\/wp-json\/wp\/v2\/pages\/18523","targetHints":{"allow":["GET"]}}],"collection":[{"href":"https:\/\/plg-pllc.com\/es\/wp-json\/wp\/v2\/pages"}],"about":[{"href":"https:\/\/plg-pllc.com\/es\/wp-json\/wp\/v2\/types\/page"}],"author":[{"embeddable":true,"href":"https:\/\/plg-pllc.com\/es\/wp-json\/wp\/v2\/users\/24"}],"replies":[{"embeddable":true,"href":"https:\/\/plg-pllc.com\/es\/wp-json\/wp\/v2\/comments?post=18523"}],"version-history":[{"count":0,"href":"https:\/\/plg-pllc.com\/es\/wp-json\/wp\/v2\/pages\/18523\/revisions"}],"up":[{"embeddable":true,"href":"https:\/\/plg-pllc.com\/es\/wp-json\/wp\/v2\/pages\/17293"}],"wp:featuredmedia":[{"embeddable":true,"href":"https:\/\/plg-pllc.com\/es\/wp-json\/wp\/v2\/media\/18521"}],"wp:attachment":[{"href":"https:\/\/plg-pllc.com\/es\/wp-json\/wp\/v2\/media?parent=18523"}],"wp:term":[{"taxonomy":"hc_faqs","embeddable":true,"href":"https:\/\/plg-pllc.com\/es\/wp-json\/wp\/v2\/hc_faqs?post=18523"}],"curies":[{"name":"gracias","href":"https:\/\/api.w.org\/{rel}","templated":true}]}}