{"id":18524,"date":"2021-05-29T08:44:22","date_gmt":"2021-05-29T15:44:22","guid":{"rendered":"https:\/\/plg-pllc.com\/?page_id=18524"},"modified":"2025-02-14T14:12:16","modified_gmt":"2025-02-14T22:12:16","slug":"seattle-dog-park-liability-lawyer","status":"publish","type":"page","link":"https:\/\/plg-pllc.com\/es\/seattle\/dog-bite-lawyer\/dog-park-liability\/","title":{"rendered":"Abogado de responsabilidad civil en parques para perros de Seattle"},"content":{"rendered":"<h2><strong>Responsabilidad por mordeduras de perros en parques para perros<\/strong><\/h2>\n<p><img loading=\"lazy\" decoding=\"async\" class=\"alignleft size-medium wp-image-18525\" src=\"https:\/\/plg-pllc.com\/wp-content\/uploads\/2021\/05\/dog-park-1497655_1920-300x232.jpg\" alt=\"Abogados de responsabilidad civil en parques para perros en Seattle\" width=\"300\" height=\"232\" srcset=\"https:\/\/plg-pllc.com\/wp-content\/uploads\/2021\/05\/dog-park-1497655_1920-300x232.jpg 300w, https:\/\/plg-pllc.com\/wp-content\/uploads\/2021\/05\/dog-park-1497655_1920-1024x793.jpg 1024w, https:\/\/plg-pllc.com\/wp-content\/uploads\/2021\/05\/dog-park-1497655_1920-768x594.jpg 768w, https:\/\/plg-pllc.com\/wp-content\/uploads\/2021\/05\/dog-park-1497655_1920-1536x1189.jpg 1536w, https:\/\/plg-pllc.com\/wp-content\/uploads\/2021\/05\/dog-park-1497655_1920-640x495.jpg 640w, https:\/\/plg-pllc.com\/wp-content\/uploads\/2021\/05\/dog-park-1497655_1920-1200x929.jpg 1200w, https:\/\/plg-pllc.com\/wp-content\/uploads\/2021\/05\/dog-park-1497655_1920-250x193.jpg 250w, https:\/\/plg-pllc.com\/wp-content\/uploads\/2021\/05\/dog-park-1497655_1920.jpg 1920w\" sizes=\"auto, (max-width: 300px) 100vw, 300px\" \/>Los parques para perros son lugares fant\u00e1sticos para que los perros hagan ejercicio, socialicen y se diviertan sin correa. Sin embargo, ingresar a un parque para perros lo expone a usted y a su perro a ciertos riesgos. Por ejemplo, su perro podr\u00eda morder a alguien o usted podr\u00eda ser v\u00edctima de un ataque de p\u00e1nico. <a href=\"https:\/\/plg-pllc.com\/bellevue\/dog-bite-lawyer\/\">mordido por un perro<\/a>Adem\u00e1s, su perro podr\u00eda morder a otro perro, o incluso su perro podr\u00eda ser mordido por otro perro. Los accidentes en parques para perros pueden causar lesiones graves a las mascotas y tambi\u00e9n a las personas. Los accidentes en parques para perros pueden provocar cortes, punciones, huesos aplastados y rotos, cicatrices, desfiguraci\u00f3n, infecciones y elevadas facturas m\u00e9dicas y veterinarias.<\/p>\n<p>Si usted o su perro resultan heridos en un accidente en un parque para perros, es posible que puedan reclamar una indemnizaci\u00f3n. Para obtener m\u00e1s informaci\u00f3n sobre sus derechos y opciones legales, deber\u00e1 consultar a un <a href=\"https:\/\/plg-pllc.com\/seattle\/personal-injury-lawyer\/\">Abogado con experiencia en responsabilidad civil en parques para perros en Seattle<\/a>Comun\u00edquese con Premier Law Group hoy para obtener una <a href=\"https:\/\/plg-pllc.com\/contact-us\/\">consulta gratis<\/a> Con nuestro <a href=\"https:\/\/plg-pllc.com\/bellevue\/dog-bite-lawyer\/\">Abogados con experiencia en lesiones en parques para perros<\/a>.<\/p>\n<h2><strong>Ley de contenci\u00f3n de perros en Seattle<\/strong><\/h2>\n<p>En Seattle, los perros deben estar atados con correa en la mayor\u00eda de los lugares.<\/p>\n<p>El C\u00f3digo Municipal de Seattle (SMC) dice que es ilegal que un animal (excepto gatos y palomas) no est\u00e9 atado con correa. <a href=\"https:\/\/library.municode.com\/wa\/seattle\/codes\/municipal_code?nodeId=TIT9AN\">(SMC 9.25.084(A))<\/a>Tambi\u00e9n es ilegal no encerrar a un animal en celo, as\u00ed como permitir que un animal atado entre a la calle.<\/p>\n<h2><strong>Responsabilidad del parque para perros de Seattle<\/strong><\/h2>\n<p>La ley de Seattle aplica la responsabilidad estricta en lo que respecta a las mordeduras de perros. Seg\u00fan esta teor\u00eda, el due\u00f1o de un perro puede ser responsable de las lesiones de la v\u00edctima si su perro la ataca. Esto incluye si el perro muerde, ara\u00f1a o derriba a la v\u00edctima.<\/p>\n<p>Adem\u00e1s, si el ataque ocurre en una propiedad p\u00fablica, el propietario puede ser considerado estrictamente responsable de las lesiones de la v\u00edctima. Esto tambi\u00e9n se aplica a los parques para perros, incluidos Grandview Off-Leash Area o Woodland Off-Leash Dog Park. Aunque los perros pueden vagar sin correa en la mayor\u00eda de los lugares, <a href=\"https:\/\/plg-pllc.com\/seattle\/personal-injury-lawyer\/\">Seattle<\/a> parques para perros, eso no significa que los due\u00f1os no sean responsables cuando su mascota muerde a alguien. Adem\u00e1s, los due\u00f1os deben mantener a sus perros bajo control en todo momento.<\/p>\n<p>Si un perro lo mordi\u00f3 en uno de los parques de Seattle, tiene derecho a presentar una demanda. <a href=\"https:\/\/plg-pllc.com\/seattle\/personal-injury-lawyer\/\">Reclamaci\u00f3n por lesiones personales en Seattle<\/a> contra el propietario. Sin embargo, estas reclamaciones pueden complicarse. Tendr\u00e1 que demostrar los costes que ha sufrido debido al ataque y negociar con la compa\u00f1\u00eda de seguros. Es posible que intenten impugnar su reclamaci\u00f3n utilizando la defensa de provocaci\u00f3n.<\/p>\n<p>Como tal, en Premier Law Group podemos ayudarlo con su reclamo. Nuestro <a href=\"https:\/\/plg-pllc.com\/\">Abogados con experiencia en mordeduras de perros<\/a> Puede ayudarle a construir su caso y tratar con las compa\u00f1\u00edas de seguros mientras usted o su ser querido se concentran en la recuperaci\u00f3n.<\/p>\n\n        <div class=\"rs-content-cta long\">\n            <p>Para una consulta legal GRATUITA con un abogado especializado en responsabilidad de parques para perros que preste servicios en Seattle, llame al <a href=\"tel:+12062851743\">(206) 285-1743 <\/a><\/p>\n            <a href=\"https:\/\/plg-pllc.com\/es\/contact-us\/\" title=\"OBTENGA UNA EVALUACI\u00d3N DE CASO GRATUITA\" class=\"btn-global\">OBTENGA UNA EVALUACI\u00d3N DE CASO GRATUITA<\/a>\n                    <picture>\n                            <source srcset=\"https:\/\/plg-pllc.com\/wp-content\/themes\/plg-pllc-redesign\/assets\/app\/img\/cta-thumb.webp\" type=\"image\/webp\"\/>\n                            <img src=\"https:\/\/plg-pllc.com\/wp-content\/themes\/plg-pllc-redesign\/assets\/app\/img\/cta-thumb.png\" alt=\"Grupo de abogados Premier\" title=\"Grupo de abogados Premier\" width=\"245\" height=\"220\" loading=\"auto\" fetchpriority=\"auto\" decoding=\"async\"\/>\n        <\/picture>\n        \n        <\/div><h2><strong>Leyes de Seattle sobre el uso de correas<\/strong><\/h2>\n<p><img loading=\"lazy\" decoding=\"async\" class=\"alignright size-medium wp-image-17773\" src=\"https:\/\/plg-pllc.com\/wp-content\/uploads\/2020\/07\/american-stafford-2390846_1920-300x200.jpg\" alt=\"Los abogados especializados en mordeduras de perros de Seattle pueden ayudar\" width=\"300\" height=\"200\" srcset=\"https:\/\/plg-pllc.com\/wp-content\/uploads\/2020\/07\/american-stafford-2390846_1920-300x200.jpg 300w, https:\/\/plg-pllc.com\/wp-content\/uploads\/2020\/07\/american-stafford-2390846_1920-1024x683.jpg 1024w, https:\/\/plg-pllc.com\/wp-content\/uploads\/2020\/07\/american-stafford-2390846_1920-768x512.jpg 768w, https:\/\/plg-pllc.com\/wp-content\/uploads\/2020\/07\/american-stafford-2390846_1920-1536x1024.jpg 1536w, https:\/\/plg-pllc.com\/wp-content\/uploads\/2020\/07\/american-stafford-2390846_1920-640x427.jpg 640w, https:\/\/plg-pllc.com\/wp-content\/uploads\/2020\/07\/american-stafford-2390846_1920-1200x800.jpg 1200w, https:\/\/plg-pllc.com\/wp-content\/uploads\/2020\/07\/american-stafford-2390846_1920-250x167.jpg 250w, https:\/\/plg-pllc.com\/wp-content\/uploads\/2020\/07\/american-stafford-2390846_1920.jpg 1920w\" sizes=\"auto, (max-width: 300px) 100vw, 300px\" \/>Adem\u00e1s, en Premier Law Group, representamos a personas que han sido atacadas y heridas por el perro de otra persona. A menudo, el perro que ataca a nuestros clientes no llevaba correa. Sin embargo, hay casos en los que se produce un ataque incluso cuando el perro llevaba correa.<\/p>\n<p>En Seattle, todos los perros deben mantenerse bajo control y atados cuando no se encuentren en \u00e1reas designadas para ello. No hacerlo puede provocar muchas mordeduras de perro.<\/p>\n<p>Adem\u00e1s, seg\u00fan <a href=\"https:\/\/library.municode.com\/wa\/seattle\/codes\/municipal_code?nodeId=TIT9AN_CH9.25ANCO_9.25.084OFRECO\">C\u00f3digo municipal de Seattle 9.25.084<\/a>, atar a un perro en cualquier lugar donde el perro pueda ingresar a una acera p\u00fablica, callej\u00f3n o lugar abierto al p\u00fablico es ilegal. Es decir, un perro sin supervisi\u00f3n atado afuera de un negocio en una acera u otra \u00e1rea p\u00fablica es una violaci\u00f3n del C\u00f3digo Municipal de Seattle.<\/p>\n<h2><strong>Deje que un abogado con experiencia en responsabilidad por parques para perros de Seattle le ayude<\/strong><\/h2>\n<p>Si ha sufrido lesiones o estr\u00e9s emocional o financiero a causa de un accidente en un parque para perros, es importante que un abogado de confianza especializado en accidentes en parques para perros de Seattle le ayude con su demanda por lesiones. El abogado adecuado le ayudar\u00e1 a acceder a los recursos que necesita para tomar la decisi\u00f3n correcta. <a href=\"https:\/\/www.google.com\/search?q=premier+law+group+seattle&amp;rlz=1C1CHBF_enUS879US879&amp;oq=premier+law+group+seattle&amp;aqs=chrome..69i57j46i175i199j69i59j69i61l3j69i65.3582j1j9&amp;sourceid=chrome&amp;ie=UTF-8#lrd=0x54906b3300e98a39:0x80a64f5ade626230,1,,,\">La mejor recuperaci\u00f3n posible<\/a>En Premier Law Group, podemos comunicarnos y negociar con la otra parte o las compa\u00f1\u00edas de seguros mientras usted se concentra en recuperar su dinero. Ellos querr\u00e1n pagar lo menos posible o alegar provocaci\u00f3n, pero usted merece una compensaci\u00f3n completa y justa.<\/p>\n<p><a href=\"https:\/\/plg-pllc.com\/\">Nuestros abogados<\/a> Negociar\u00e1n un acuerdo justo en su nombre o lo representar\u00e1n en el tribunal. Otros tipos de apoyo que pueden brindar son:<\/p>\n<ul>\n<li>Recopilaci\u00f3n de pruebas para demostrar la responsabilidad.<\/li>\n<li>Construyendo un caso y una estrategia para su reclamo<\/li>\n<li>Perseguir una compensaci\u00f3n en su nombre.<\/li>\n<li>Comunicarse con compa\u00f1\u00edas de seguros.<\/li>\n<\/ul>\n<h2><strong>Contacte a un abogado especializado en responsabilidad en parques para perros<\/strong><\/h2>\n<p><img loading=\"lazy\" decoding=\"async\" class=\"alignleft size-medium wp-image-17837\" src=\"https:\/\/plg-pllc.com\/wp-content\/uploads\/2020\/09\/imgmenufree-300x197.jpg\" alt=\"Abogados con experiencia en casos de mordeduras de perros en Seattle, Federal Way, Renton y Bellevue\" width=\"300\" height=\"197\" srcset=\"https:\/\/plg-pllc.com\/wp-content\/uploads\/2020\/09\/imgmenufree-300x197.jpg 300w, https:\/\/plg-pllc.com\/wp-content\/uploads\/2020\/09\/imgmenufree-250x164.jpg 250w, https:\/\/plg-pllc.com\/wp-content\/uploads\/2020\/09\/imgmenufree.jpg 400w\" sizes=\"auto, (max-width: 300px) 100vw, 300px\" \/>Con frecuencia nos preguntan cu\u00e1ndo debo contratar a un abogado especializado en responsabilidad civil en parques para perros de Seattle. Hay varias ventajas de contratar a alguien de inmediato. El abogado adecuado le ayudar\u00e1 a proteger su salud, su bienestar emocional, sus finanzas e incluso a su perro de inmediato.<\/p>\n<p>En Premier Law Group, nuestro objetivo es que todos los que se comunican con nosotros terminen m\u00e1s informados sobre sus opciones legales, incluso si no terminamos represent\u00e1ndolos.<\/p>\n<p>Si no necesita un abogado para resolver su reclamo por accidente en un parque para perros, se lo haremos saber.<\/p>\n<p>Contacto<a href=\"https:\/\/plg-pllc.com\/about-us\/\"> Grupo de abogados Premier<\/a> Para tu <strong><a href=\"https:\/\/plg-pllc.com\/contact-us\/\">GRATIS<\/a> <\/strong>An\u00e1lisis de caso de accidente en parque para perros. Llama <em>206.285.1743<\/em> Hoy. Y como siempre, hay <a href=\"https:\/\/plg-pllc.com\/about-us\/zero-fee-guarantee\/\">Sin honorarios legales<\/a> a menos que lleguemos a un acuerdo o ganemos su caso.<\/p>\n\n        <div class=\"rs-content-cta\">\n            <p>Llamar o enviar mensaje de texto <a href=\"tel:+12062851743\">(206) 285-1743<\/a> o complete un formulario de evaluaci\u00f3n de caso gratuito<\/p>\n            <a href=\"https:\/\/plg-pllc.com\/es\/contact-us\/\" title=\"OBTENGA UNA EVALUACI\u00d3N DE CASO GRATUITA\" class=\"btn-global\">OBTENGA UNA EVALUACI\u00d3N DE CASO GRATUITA<\/a>\n                    <picture>\n                            <source srcset=\"https:\/\/plg-pllc.com\/wp-content\/themes\/plg-pllc-redesign\/assets\/app\/img\/cta-thumb.webp\" type=\"image\/webp\"\/>\n                            <img src=\"https:\/\/plg-pllc.com\/wp-content\/themes\/plg-pllc-redesign\/assets\/app\/img\/cta-thumb.png\" alt=\"Grupo de abogados Premier\" title=\"Grupo de abogados Premier\" width=\"245\" height=\"220\" loading=\"auto\" fetchpriority=\"auto\" decoding=\"async\"\/>\n        <\/picture>\n        \n        <\/div>","protected":false},"excerpt":{"rendered":"<p>Responsabilidad por mordeduras de perros en parques para perros Los parques para perros son lugares fant\u00e1sticos para que los perros hagan ejercicio, socialicen y se diviertan sin correa. Sin embargo, ingresar a un parque para perros lo expone a usted y a su perro a ciertos riesgos. Por ejemplo, su perro podr\u00eda morder a alguien o podr\u00eda ser mordido por un perro. Adem\u00e1s, su \u2026<\/p>","protected":false},"author":24,"featured_media":18525,"parent":20122,"menu_order":0,"comment_status":"closed","ping_status":"closed","template":"","meta":{"_acf_changed":false,"_genesis_hide_title":false,"_genesis_hide_breadcrumbs":false,"_genesis_hide_singular_image":false,"_genesis_hide_footer_widgets":false,"_genesis_custom_body_class":"","_genesis_custom_post_class":"","_genesis_layout":"","footnotes":""},"hc_faqs":[],"class_list":{"0":"post-18524","1":"page","2":"type-page","3":"status-publish","4":"has-post-thumbnail","6":"hc_city_location-seattle","7":"entry"},"acf":[],"yoast_head":"<!-- This site is optimized with the Yoast SEO plugin v27.4 - https:\/\/yoast.com\/product\/yoast-seo-wordpress\/ -->\n<title>Dog Park Liability Lawyer in Seattle | Free Case Review<\/title>\n<meta name=\"description\" content=\"Seattle Dog Park Liability Lawyer: Premier Law Group helps you unlock the full compensation you deserve. No Fee Unless We Win.\" \/>\n<meta name=\"robots\" content=\"index, follow, max-snippet:-1, max-image-preview:large, max-video-preview:-1\" \/>\n<link rel=\"canonical\" href=\"https:\/\/plg-pllc.com\/es\/seattle\/dog-bite-lawyer\/dog-park-liability\/\" \/>\n<meta property=\"og:locale\" content=\"es_MX\" \/>\n<meta property=\"og:type\" content=\"article\" \/>\n<meta property=\"og:title\" content=\"Dog Park Liability Lawyer in Seattle | Free Case Review\" \/>\n<meta property=\"og:description\" content=\"Seattle Dog Park Liability Lawyer: Premier Law Group helps you unlock the full compensation you deserve. No Fee Unless We Win.\" \/>\n<meta property=\"og:url\" content=\"https:\/\/plg-pllc.com\/es\/seattle\/dog-bite-lawyer\/dog-park-liability\/\" \/>\n<meta property=\"og:site_name\" content=\"Premier Law Group\" \/>\n<meta property=\"article:publisher\" content=\"https:\/\/www.facebook.com\/premierlawgroup\" \/>\n<meta property=\"article:modified_time\" content=\"2025-02-14T22:12:16+00:00\" \/>\n<meta property=\"og:image\" content=\"https:\/\/plg-pllc.com\/wp-content\/uploads\/2021\/05\/dog-park-1497655_1920.jpg\" \/>\n\t<meta property=\"og:image:width\" content=\"1920\" \/>\n\t<meta property=\"og:image:height\" content=\"1486\" \/>\n\t<meta property=\"og:image:type\" content=\"image\/jpeg\" \/>\n<meta name=\"twitter:card\" content=\"summary_large_image\" \/>\n<meta name=\"twitter:site\" content=\"@premierlawgroup\" \/>\n<meta name=\"twitter:label1\" content=\"Tiempo de lectura\" \/>\n\t<meta name=\"twitter:data1\" content=\"5 minutos\" \/>\n<script type=\"application\/ld+json\" class=\"yoast-schema-graph\">{\"@context\":\"https:\\\/\\\/schema.org\",\"@graph\":[{\"@type\":\"WebPage\",\"@id\":\"https:\\\/\\\/plg-pllc.com\\\/seattle\\\/dog-bite-lawyer\\\/dog-park-liability\\\/\",\"url\":\"https:\\\/\\\/plg-pllc.com\\\/seattle\\\/dog-bite-lawyer\\\/dog-park-liability\\\/\",\"name\":\"Dog Park Liability Lawyer in Seattle | Free Case Review\",\"isPartOf\":{\"@id\":\"https:\\\/\\\/plg-pllc.com\\\/#website\"},\"primaryImageOfPage\":{\"@id\":\"https:\\\/\\\/plg-pllc.com\\\/seattle\\\/dog-bite-lawyer\\\/dog-park-liability\\\/#primaryimage\"},\"image\":{\"@id\":\"https:\\\/\\\/plg-pllc.com\\\/seattle\\\/dog-bite-lawyer\\\/dog-park-liability\\\/#primaryimage\"},\"thumbnailUrl\":\"https:\\\/\\\/plg-pllc.com\\\/wp-content\\\/uploads\\\/2021\\\/05\\\/dog-park-1497655_1920.jpg\",\"datePublished\":\"2021-05-29T15:44:22+00:00\",\"dateModified\":\"2025-02-14T22:12:16+00:00\",\"description\":\"Seattle Dog Park Liability Lawyer: Premier Law Group helps you unlock the full compensation you deserve. No Fee Unless We Win.\",\"breadcrumb\":{\"@id\":\"https:\\\/\\\/plg-pllc.com\\\/seattle\\\/dog-bite-lawyer\\\/dog-park-liability\\\/#breadcrumb\"},\"inLanguage\":\"es\",\"potentialAction\":[{\"@type\":\"ReadAction\",\"target\":[\"https:\\\/\\\/plg-pllc.com\\\/seattle\\\/dog-bite-lawyer\\\/dog-park-liability\\\/\"]}]},{\"@type\":\"ImageObject\",\"inLanguage\":\"es\",\"@id\":\"https:\\\/\\\/plg-pllc.com\\\/seattle\\\/dog-bite-lawyer\\\/dog-park-liability\\\/#primaryimage\",\"url\":\"https:\\\/\\\/plg-pllc.com\\\/wp-content\\\/uploads\\\/2021\\\/05\\\/dog-park-1497655_1920.jpg\",\"contentUrl\":\"https:\\\/\\\/plg-pllc.com\\\/wp-content\\\/uploads\\\/2021\\\/05\\\/dog-park-1497655_1920.jpg\",\"width\":1920,\"height\":1486,\"caption\":\"Dog park liability lawyers in Seattle\"},{\"@type\":\"BreadcrumbList\",\"@id\":\"https:\\\/\\\/plg-pllc.com\\\/seattle\\\/dog-bite-lawyer\\\/dog-park-liability\\\/#breadcrumb\",\"itemListElement\":[{\"@type\":\"ListItem\",\"position\":1,\"name\":\"Home\",\"item\":\"https:\\\/\\\/plg-pllc.com\\\/es\\\/\"},{\"@type\":\"ListItem\",\"position\":2,\"name\":\"Seattle Personal Injury Lawyer\",\"item\":\"https:\\\/\\\/plg-pllc.com\\\/es\\\/seattle\\\/personal-injury-lawyer\\\/\"},{\"@type\":\"ListItem\",\"position\":3,\"name\":\"Seattle Dog Park Liability Lawyer\"}]},{\"@type\":\"WebSite\",\"@id\":\"https:\\\/\\\/plg-pllc.com\\\/#website\",\"url\":\"https:\\\/\\\/plg-pllc.com\\\/\",\"name\":\"Premier Law Group\",\"description\":\"Washington Wrongful Death and Serious Injury Lawyer\",\"publisher\":{\"@id\":\"https:\\\/\\\/plg-pllc.com\\\/#organization\"},\"inLanguage\":\"es\"},{\"@type\":\"Organization\",\"@id\":\"https:\\\/\\\/plg-pllc.com\\\/#organization\",\"name\":\"Premier Law Group\",\"url\":\"https:\\\/\\\/plg-pllc.com\\\/\",\"logo\":{\"@type\":\"ImageObject\",\"inLanguage\":\"es\",\"@id\":\"https:\\\/\\\/plg-pllc.com\\\/#\\\/schema\\\/logo\\\/image\\\/\",\"url\":\"https:\\\/\\\/plg-pllc.com\\\/wp-content\\\/uploads\\\/2020\\\/10\\\/plg-logo-v2.gif\",\"contentUrl\":\"https:\\\/\\\/plg-pllc.com\\\/wp-content\\\/uploads\\\/2020\\\/10\\\/plg-logo-v2.gif\",\"width\":592,\"height\":191,\"caption\":\"Premier Law Group\"},\"image\":{\"@id\":\"https:\\\/\\\/plg-pllc.com\\\/#\\\/schema\\\/logo\\\/image\\\/\"},\"sameAs\":[\"https:\\\/\\\/www.facebook.com\\\/premierlawgroup\",\"https:\\\/\\\/x.com\\\/premierlawgroup\"]}]}<\/script>\n<!-- \/ Yoast SEO plugin. -->","yoast_head_json":{"title":"Abogado de responsabilidad civil en parques para perros en Seattle | Revisi\u00f3n gratuita de casos","description":"Abogado de responsabilidad civil en parques para perros de Seattle: Premier Law Group lo ayuda a obtener la compensaci\u00f3n total que merece. Sin honorarios a menos que ganemos.","robots":{"index":"index","follow":"follow","max-snippet":"max-snippet:-1","max-image-preview":"max-image-preview:large","max-video-preview":"max-video-preview:-1"},"canonical":"https:\/\/plg-pllc.com\/es\/seattle\/dog-bite-lawyer\/dog-park-liability\/","og_locale":"es_MX","og_type":"article","og_title":"Dog Park Liability Lawyer in Seattle | Free Case Review","og_description":"Seattle Dog Park Liability Lawyer: Premier Law Group helps you unlock the full compensation you deserve. No Fee Unless We Win.","og_url":"https:\/\/plg-pllc.com\/es\/seattle\/dog-bite-lawyer\/dog-park-liability\/","og_site_name":"Premier Law Group","article_publisher":"https:\/\/www.facebook.com\/premierlawgroup","article_modified_time":"2025-02-14T22:12:16+00:00","og_image":[{"width":1920,"height":1486,"url":"https:\/\/plg-pllc.com\/wp-content\/uploads\/2021\/05\/dog-park-1497655_1920.jpg","type":"image\/jpeg"}],"twitter_card":"summary_large_image","twitter_site":"@premierlawgroup","twitter_misc":{"Tiempo de lectura":"5 minutos"},"schema":{"@context":"https:\/\/schema.org","@graph":[{"@type":"WebPage","@id":"https:\/\/plg-pllc.com\/seattle\/dog-bite-lawyer\/dog-park-liability\/","url":"https:\/\/plg-pllc.com\/seattle\/dog-bite-lawyer\/dog-park-liability\/","name":"Abogado de responsabilidad civil en parques para perros en Seattle | Revisi\u00f3n gratuita de casos","isPartOf":{"@id":"https:\/\/plg-pllc.com\/#website"},"primaryImageOfPage":{"@id":"https:\/\/plg-pllc.com\/seattle\/dog-bite-lawyer\/dog-park-liability\/#primaryimage"},"image":{"@id":"https:\/\/plg-pllc.com\/seattle\/dog-bite-lawyer\/dog-park-liability\/#primaryimage"},"thumbnailUrl":"https:\/\/plg-pllc.com\/wp-content\/uploads\/2021\/05\/dog-park-1497655_1920.jpg","datePublished":"2021-05-29T15:44:22+00:00","dateModified":"2025-02-14T22:12:16+00:00","description":"Abogado de responsabilidad civil en parques para perros de Seattle: Premier Law Group lo ayuda a obtener la compensaci\u00f3n total que merece. Sin honorarios a menos que ganemos.","breadcrumb":{"@id":"https:\/\/plg-pllc.com\/seattle\/dog-bite-lawyer\/dog-park-liability\/#breadcrumb"},"inLanguage":"es","potentialAction":[{"@type":"ReadAction","target":["https:\/\/plg-pllc.com\/seattle\/dog-bite-lawyer\/dog-park-liability\/"]}]},{"@type":"ImageObject","inLanguage":"es","@id":"https:\/\/plg-pllc.com\/seattle\/dog-bite-lawyer\/dog-park-liability\/#primaryimage","url":"https:\/\/plg-pllc.com\/wp-content\/uploads\/2021\/05\/dog-park-1497655_1920.jpg","contentUrl":"https:\/\/plg-pllc.com\/wp-content\/uploads\/2021\/05\/dog-park-1497655_1920.jpg","width":1920,"height":1486,"caption":"Dog park liability lawyers in Seattle"},{"@type":"BreadcrumbList","@id":"https:\/\/plg-pllc.com\/seattle\/dog-bite-lawyer\/dog-park-liability\/#breadcrumb","itemListElement":[{"@type":"ListItem","position":1,"name":"Home","item":"https:\/\/plg-pllc.com\/es\/"},{"@type":"ListItem","position":2,"name":"Seattle Personal Injury Lawyer","item":"https:\/\/plg-pllc.com\/es\/seattle\/personal-injury-lawyer\/"},{"@type":"ListItem","position":3,"name":"Seattle Dog Park Liability Lawyer"}]},{"@type":"WebSite","@id":"https:\/\/plg-pllc.com\/#website","url":"https:\/\/plg-pllc.com\/","name":"Grupo de abogados Premier","description":"Abogado de muerte por negligencia y lesiones graves en Washington","publisher":{"@id":"https:\/\/plg-pllc.com\/#organization"},"inLanguage":"es"},{"@type":"Organization","@id":"https:\/\/plg-pllc.com\/#organization","name":"Grupo de abogados Premier","url":"https:\/\/plg-pllc.com\/","logo":{"@type":"ImageObject","inLanguage":"es","@id":"https:\/\/plg-pllc.com\/#\/schema\/logo\/image\/","url":"https:\/\/plg-pllc.com\/wp-content\/uploads\/2020\/10\/plg-logo-v2.gif","contentUrl":"https:\/\/plg-pllc.com\/wp-content\/uploads\/2020\/10\/plg-logo-v2.gif","width":592,"height":191,"caption":"Premier Law Group"},"image":{"@id":"https:\/\/plg-pllc.com\/#\/schema\/logo\/image\/"},"sameAs":["https:\/\/www.facebook.com\/premierlawgroup","https:\/\/x.com\/premierlawgroup"]}]}},"_links":{"self":[{"href":"https:\/\/plg-pllc.com\/es\/wp-json\/wp\/v2\/pages\/18524","targetHints":{"allow":["GET"]}}],"collection":[{"href":"https:\/\/plg-pllc.com\/es\/wp-json\/wp\/v2\/pages"}],"about":[{"href":"https:\/\/plg-pllc.com\/es\/wp-json\/wp\/v2\/types\/page"}],"author":[{"embeddable":true,"href":"https:\/\/plg-pllc.com\/es\/wp-json\/wp\/v2\/users\/24"}],"replies":[{"embeddable":true,"href":"https:\/\/plg-pllc.com\/es\/wp-json\/wp\/v2\/comments?post=18524"}],"version-history":[{"count":0,"href":"https:\/\/plg-pllc.com\/es\/wp-json\/wp\/v2\/pages\/18524\/revisions"}],"up":[{"embeddable":true,"href":"https:\/\/plg-pllc.com\/es\/wp-json\/wp\/v2\/pages\/20122"}],"wp:featuredmedia":[{"embeddable":true,"href":"https:\/\/plg-pllc.com\/es\/wp-json\/wp\/v2\/media\/18525"}],"wp:attachment":[{"href":"https:\/\/plg-pllc.com\/es\/wp-json\/wp\/v2\/media?parent=18524"}],"wp:term":[{"taxonomy":"hc_faqs","embeddable":true,"href":"https:\/\/plg-pllc.com\/es\/wp-json\/wp\/v2\/hc_faqs?post=18524"}],"curies":[{"name":"gracias","href":"https:\/\/api.w.org\/{rel}","templated":true}]}}