{"id":18528,"date":"2021-06-05T08:48:09","date_gmt":"2021-06-05T15:48:09","guid":{"rendered":"https:\/\/plg-pllc.com\/?page_id=18528"},"modified":"2025-06-27T07:56:51","modified_gmt":"2025-06-27T14:56:51","slug":"truck-maintenance","status":"publish","type":"page","link":"https:\/\/plg-pllc.com\/es\/seattle\/truck-accident-lawyer\/truck-maintenance\/","title":{"rendered":"Abogado de accidentes por falta de mantenimiento en Seattle"},"content":{"rendered":"<h2>Si tiene lesiones por un accidente causado por alguien que no realiz\u00f3 el mantenimiento de su cami\u00f3n, \u00a1entonces NECESITA un abogado con experiencia en accidentes de camiones!<\/h2>\n<p><img loading=\"lazy\" decoding=\"async\" class=\"alignleft size-medium wp-image-3989\" src=\"https:\/\/plg-pllc.com\/wp-content\/uploads\/2011\/04\/car-crash2-300x180.jpg\" alt=\"Abogados de accidentes de camiones en Seattle Federal Way Bellevue Renton\" width=\"300\" height=\"180\" srcset=\"https:\/\/plg-pllc.com\/wp-content\/uploads\/2011\/04\/car-crash2-300x180.jpg 300w, https:\/\/plg-pllc.com\/wp-content\/uploads\/2011\/04\/car-crash2.jpg 640w\" sizes=\"auto, (max-width: 300px) 100vw, 300px\" \/>Vaya a cualquier parte de nuestra zona y, sin duda, entre sus compa\u00f1eros de viaje se encontrar\u00e1n camiones grandes. \u00bfPor qu\u00e9? Los camiones grandes transportan y entregan todos los bienes y materias primas que la gente necesita para la vida cotidiana. La mayor\u00eda de nosotros suponemos que los camiones grandes est\u00e1n bien mantenidos y que los conductores de camiones conocen y practican las normas de seguridad vial. Que est\u00e1n bien descansados, alertas, no toman drogas ni alcohol y no se distraen con los tel\u00e9fonos m\u00f3viles. Pero \u00bfqu\u00e9 pasa si la empresa de transporte o el propietario del cami\u00f3n no mantienen el cami\u00f3n? \u00bfY si se les da a los camioneros bonificaciones por conducir horas extra? \u00bfY si se contratan conductores de camiones que dan positivo en las pruebas de abuso de sustancias?<\/p>\n<p>Lamentablemente, estas pr\u00e1cticas no solo existen, sino que son la causa principal de accidentes con lesiones graves y fatales. Los investigadores de la empresa de camiones visitar\u00e1n el lugar del accidente. Los investigadores se esforzar\u00e1n por culpar a las v\u00edctimas lesionadas. Negar\u00e1n la responsabilidad por el accidente. Si usted o un ser querido ha resultado herido en un accidente causado por la falta de mantenimiento de un cami\u00f3n, no tiene que luchar esta batalla solo.<\/p>\n<p><strong>\u00a1Deje que Premier Law Group le ayude! <\/strong>Nuestro <a href=\"https:\/\/plg-pllc.com\/washington\/truck-accident-lawyer\/\">abogados con experiencia en accidentes de camiones<\/a> Conozca el proceso de investigaci\u00f3n y reclamaci\u00f3n de accidentes. Perm\u00edtanos recopilar las pruebas y tratar con los liquidadores de reclamaciones de seguros. \u00a1Eso es todo lo que hacemos! Negociamos por usted, mientras usted se concentra en recuperarse.<\/p>\n<p>Llamar <a href=\"https:\/\/plg-pllc.com\/\">Grupo de abogados Premier<\/a> Hoy a las <em>206.285.1743<\/em> Para un <a href=\"https:\/\/plg-pllc.com\/contact-us\/\"><strong>GRATIS<\/strong> <\/a>\u00a1Consulta! Hablar\u00e1s directamente con uno de nuestros <a href=\"https:\/\/plg-pllc.com\/washington\/truck-accident-lawyer\/\">abogados con experiencia en accidentes de camiones<\/a>.<\/p>\n<h2>Leyes sobre el mantenimiento de camiones<\/h2>\n<p>Las empresas de camiones y sus conductores deben cumplir con las leyes federales y estatales sobre mantenimiento de camiones.<\/p>\n<p>El <a href=\"https:\/\/www.fmcsa.dot.gov\/\">Administraci\u00f3n Federal de Seguridad de Autotransportistas<\/a> La Administraci\u00f3n Federal de Seguridad de Camiones (FMCSA) cre\u00f3 el programa de Cumplimiento, Seguridad y Responsabilidad espec\u00edficamente para este prop\u00f3sito. Se trata de un sistema de puntuaci\u00f3n para regular el mantenimiento de los veh\u00edculos de las empresas de camiones.<\/p>\n<p>La intenci\u00f3n del programa es buena, pero el sistema no cuenta con los fondos suficientes, por lo que no se aplica de manera uniforme. Los camioneros de larga distancia cruzan muchas fronteras estatales y los camioneros dentro del estado utilizan carreteras de ciudades, condados y autopistas.<\/p>\n<p>Lamentablemente, los camiones mal mantenidos son...\u00a0<em>a menudo<\/em>\u00a0en las carreteras del pa\u00eds.<\/p>\n<h2>\u00bfQu\u00e9 causa la falla del mantenimiento en los camiones?<\/h2>\n<p>Los datos muestran que la mayor\u00eda de los accidentes de camiones con lesiones graves y fatales son causados por los siguientes problemas de mantenimiento:<img loading=\"lazy\" decoding=\"async\" class=\"alignright wp-image-3069\" src=\"https:\/\/plg-pllc.com\/wp-content\/uploads\/2011\/01\/Truck-vs-car.jpg\" alt=\"Abogados de accidentes de camiones por falta de mantenimiento en Seattle, Federal Way, Bellevue, Renton\" width=\"181\" height=\"122\" \/><\/p>\n<ul>\n<li><strong>Falla de freno: <\/strong> Cuando fallan los frenos, los camiones de gran tonelaje no pueden detenerse. Su peso, volumen y cargas provocan colisiones devastadoras con otros veh\u00edculos. Entre ellas, colisiones traseras, colisiones en T y choques frontales. Los golpes laterales empujan a otros veh\u00edculos hacia el camino del tr\u00e1fico que viene en sentido contrario. Si no se mantienen los frenos de estacionamiento, los camiones se estrellan contra otros veh\u00edculos, ciclistas y peatones.<\/li>\n<li><strong>Reventones de neum\u00e1ticos: Los reventones de neum\u00e1ticos suelen ocurrir cuando los camiones viajan a altas velocidades en tr\u00e1fico pesado.\u00a0 <\/strong>Los camioneros pierden el control del veh\u00edculo. Pueden volcar, hacer un viraje en diagonal y desviarse hacia otros carriles, aplastando veh\u00edculos de pasajeros.<\/li>\n<li><strong>Fallas en los tirantes y ejes: La falta de mantenimiento de los tirantes y ejes provoca <\/strong>Las ruedas del cami\u00f3n se \u201ccaen\u201d. El conductor pierde el control del cami\u00f3n. El accidente resultante es catastr\u00f3fico, tanto para el camionero como para todos los dem\u00e1s conductores en la carretera.<\/li>\n<li><strong>Luces de cami\u00f3n quemadas: los camiones con luces quemadas no se pueden ver<\/strong>Los conductores no tienen forma de saber si el cami\u00f3n est\u00e1 girando, frenando, dando marcha atr\u00e1s, etc. Los camioneros no pueden ver la carretera sin los faros delanteros y las luces antiniebla quemadas, especialmente cuando hace mal tiempo.<\/li>\n<\/ul>\n<p>La falta de mantenimiento adecuado de los camiones provoca accidentes con lesiones que pueden cambiar la vida de las personas. Las empresas de transporte conocen los peligros, pero siguen recortando gastos. Las ganancias por encima de la vida de las personas parecen ser su lema.<\/p>\n\n        <div class=\"rs-content-cta long\">\n            <p>Para una consulta legal GRATUITA con un abogado especializado en accidentes por falta de mantenimiento que preste servicios en Seattle, llame al <a href=\"tel:+12062851743\">(206) 285-1743 <\/a><\/p>\n            <a href=\"https:\/\/plg-pllc.com\/es\/contact-us\/\" title=\"OBTENGA UNA EVALUACI\u00d3N DE CASO GRATUITA\" class=\"btn-global\">OBTENGA UNA EVALUACI\u00d3N DE CASO GRATUITA<\/a>\n                    <picture>\n                            <source srcset=\"https:\/\/plg-pllc.com\/wp-content\/themes\/plg-pllc-redesign\/assets\/app\/img\/cta-thumb.webp\" type=\"image\/webp\"\/>\n                            <img src=\"https:\/\/plg-pllc.com\/wp-content\/themes\/plg-pllc-redesign\/assets\/app\/img\/cta-thumb.png\" alt=\"Grupo de abogados Premier\" title=\"Grupo de abogados Premier\" width=\"245\" height=\"220\" loading=\"auto\" fetchpriority=\"auto\" decoding=\"async\"\/>\n        <\/picture>\n        \n        <\/div><h2>\u00bfPor qu\u00e9 necesito un abogado?<\/h2>\n<p>En los accidentes de tr\u00e1fico, es obvio que la parte que provoca el accidente paga todos los gastos m\u00e9dicos y los da\u00f1os. No es as\u00ed en los accidentes de empresas de camiones.<img loading=\"lazy\" decoding=\"async\" class=\"wp-image-20845 alignright\" src=\"https:\/\/plg-pllc.com\/wp-content\/uploads\/2024\/10\/iStock_000000667345Small-upd-300x199.jpg\" alt=\"Abogados de accidentes de camiones semirremolque en Seattle\" width=\"201\" height=\"133\" srcset=\"https:\/\/plg-pllc.com\/wp-content\/uploads\/2024\/10\/iStock_000000667345Small-upd-300x199.jpg 300w, https:\/\/plg-pllc.com\/wp-content\/uploads\/2024\/10\/iStock_000000667345Small-upd-768x510.jpg 768w, https:\/\/plg-pllc.com\/wp-content\/uploads\/2024\/10\/iStock_000000667345Small-upd-18x12.jpg 18w, https:\/\/plg-pllc.com\/wp-content\/uploads\/2024\/10\/iStock_000000667345Small-upd.jpg 850w\" sizes=\"auto, (max-width: 201px) 100vw, 201px\" \/><\/p>\n<p>Las empresas de camiones no tienen intenci\u00f3n de pagar las reclamaciones. En lugar de ello, env\u00edan a sus investigadores de accidentes al lugar de los hechos, con el fin de culpar y culpar a las v\u00edctimas. Estas empresas tienen \u201cbolsillos profundos\u201d y equipos legales para protegerlas de las reclamaciones por accidentes de camiones.<\/p>\n<p>\u00bfQu\u00e9 hace el ciudadano com\u00fan cuando se enfrenta a equipos legales corporativos como estos? Necesita su propio defensor legal que lo proteja y lo represente a usted y a sus seres queridos.<\/p>\n<h2>\u00a1La diferencia de Premier Law Group!<\/h2>\n<p><a href=\"https:\/\/plg-pllc.com\/about-us\/\"><strong>Grupo de abogados Premier <\/strong><\/a>se niega a permitir que las empresas de transporte oculten su propia negligencia. Como su defensor, siempre trabaja con su abogado, no con un asistente legal.<\/p>\n<p>Nuestros abogados saben c\u00f3mo trabajan los equipos legales de las empresas de camiones. Sabemos c\u00f3mo obtener pruebas que demuestren que no realizaron el mantenimiento adecuado del veh\u00edculo y eso provoc\u00f3 el accidente en el que usted sufri\u00f3 lesiones.<\/p>\n<p>Por ejemplo, su abogado:<\/p>\n<ul>\n<li>Recopilar informes policiales<\/li>\n<li>Informes seguros de testigos oculares<\/li>\n<li>Citaci\u00f3n de registros de mantenimiento de camiones<\/li>\n<li>Analizar los registros de inspecci\u00f3n de camiones antes del viaje<\/li>\n<li>Revisar registros de reparaci\u00f3n de camiones<\/li>\n<li>Citaci\u00f3n y revisi\u00f3n de registros de accidentes de conductores de camiones<\/li>\n<\/ul>\n<p>Con estos datos, su abogado preparar\u00e1 su caso. Luego, presentar\u00e1 reclamos de compensaci\u00f3n y negociar\u00e1 para usted y sus seres queridos.<\/p>\n<h2>\u00bfTiene lesiones causadas por la falta de mantenimiento de un cami\u00f3n?<\/h2>\n<p><img loading=\"lazy\" decoding=\"async\" class=\"size-medium wp-image-20847 alignleft\" src=\"https:\/\/plg-pllc.com\/wp-content\/uploads\/2024\/10\/Lawyer_Meeting_upd-300x199.jpg\" alt=\"Abogados de accidentes automovil\u00edsticos en Seattle\" width=\"300\" height=\"199\" srcset=\"https:\/\/plg-pllc.com\/wp-content\/uploads\/2024\/10\/Lawyer_Meeting_upd-300x199.jpg 300w, https:\/\/plg-pllc.com\/wp-content\/uploads\/2024\/10\/Lawyer_Meeting_upd-768x510.jpg 768w, https:\/\/plg-pllc.com\/wp-content\/uploads\/2024\/10\/Lawyer_Meeting_upd-18x12.jpg 18w, https:\/\/plg-pllc.com\/wp-content\/uploads\/2024\/10\/Lawyer_Meeting_upd.jpg 850w\" sizes=\"auto, (max-width: 300px) 100vw, 300px\" \/>I<span style=\"font-size: inherit;\">Si es as\u00ed, se lo debe a usted mismo y a su familia, conseguir un defensor que lo ayude. Comun\u00edquese con un <a href=\"https:\/\/plg-pllc.com\/washington\/truck-accident-lawyer\/\">Abogado con experiencia en accidentes de camiones en Seattle<\/a>!<\/span><\/p>\n<p><strong>\u00a1Premier Law Group te ayudar\u00e1!<\/strong>\u00a0 No firme un reclamo de seguro hasta que hable con nosotros. Conc\u00e9ntrese en sanar y deje que su abogado recopile pruebas y se encargue de los detalles del reclamo. Nuestro trabajo es construir un caso s\u00f3lido y negociar en su nombre. Trabajamos para obtener un acuerdo justo.<\/p>\n<p>\u00a1Llame a Premier Law Group! Obtenga su consulta GRATUITA por accidente de motocicleta por cambio de carril. <em>Trabaje siempre directamente con un abogado y estamos disponibles para usted. <\/em>24\/7.<\/p>\n<p><strong><u>\u00a1Llame al 206.285.1743 hoy!<\/u>\u00a0 \u00a1Programe su revisi\u00f3n gratuita de caso de accidente!<\/strong><\/p>\n\n        <div class=\"rs-content-cta\">\n            <p>Llamar o enviar mensaje de texto <a href=\"tel:+12062851743\">(206) 285-1743<\/a> o complete un formulario de evaluaci\u00f3n de caso gratuito<\/p>\n            <a href=\"https:\/\/plg-pllc.com\/es\/contact-us\/\" title=\"OBTENGA UNA EVALUACI\u00d3N DE CASO GRATUITA\" class=\"btn-global\">OBTENGA UNA EVALUACI\u00d3N DE CASO GRATUITA<\/a>\n                    <picture>\n                            <source srcset=\"https:\/\/plg-pllc.com\/wp-content\/themes\/plg-pllc-redesign\/assets\/app\/img\/cta-thumb.webp\" type=\"image\/webp\"\/>\n                            <img src=\"https:\/\/plg-pllc.com\/wp-content\/themes\/plg-pllc-redesign\/assets\/app\/img\/cta-thumb.png\" alt=\"Grupo de abogados Premier\" title=\"Grupo de abogados Premier\" width=\"245\" height=\"220\" loading=\"auto\" fetchpriority=\"auto\" decoding=\"async\"\/>\n        <\/picture>\n        \n        <\/div>","protected":false},"excerpt":{"rendered":"<p>Si usted sufri\u00f3 lesiones a causa de un accidente provocado por alguien que no realiz\u00f3 el mantenimiento adecuado de su cami\u00f3n, \u00a1NECESITA un abogado con experiencia en accidentes de camiones! Vaya a cualquier parte de nuestra zona y, sin duda, entre sus compa\u00f1eros de viaje se incluir\u00e1n camiones grandes. \u00bfPor qu\u00e9? Los camiones grandes transportan y entregan todos los bienes y materias primas que las personas necesitan para...<\/p>","protected":false},"author":24,"featured_media":17275,"parent":17312,"menu_order":0,"comment_status":"closed","ping_status":"closed","template":"","meta":{"_acf_changed":false,"_genesis_hide_title":false,"_genesis_hide_breadcrumbs":false,"_genesis_hide_singular_image":false,"_genesis_hide_footer_widgets":false,"_genesis_custom_body_class":"","_genesis_custom_post_class":"","_genesis_layout":"","footnotes":""},"hc_faqs":[],"class_list":{"0":"post-18528","1":"page","2":"type-page","3":"status-publish","4":"has-post-thumbnail","6":"hc_city_location-seattle","7":"entry"},"acf":[],"yoast_head":"<!-- This site is optimized with the Yoast SEO plugin v27.4 - https:\/\/yoast.com\/product\/yoast-seo-wordpress\/ -->\n<title>Failure To Maintain Accident Lawyer in Seattle | Free Case Review<\/title>\n<meta name=\"description\" content=\"Seattle Failure To Maintain Accident Lawyer: Premier Law Group helps you unlock the full compensation you deserve. No Fee Unless We Win.\" \/>\n<meta name=\"robots\" content=\"index, follow, max-snippet:-1, max-image-preview:large, max-video-preview:-1\" \/>\n<link rel=\"canonical\" href=\"https:\/\/plg-pllc.com\/es\/seattle\/truck-accident-lawyer\/truck-maintenance\/\" \/>\n<meta property=\"og:locale\" content=\"es_MX\" \/>\n<meta property=\"og:type\" content=\"article\" \/>\n<meta property=\"og:title\" content=\"Failure To Maintain Accident Lawyer in Seattle | Free Case Review\" \/>\n<meta property=\"og:description\" content=\"Seattle Failure To Maintain Accident Lawyer: Premier Law Group helps you unlock the full compensation you deserve. No Fee Unless We Win.\" \/>\n<meta property=\"og:url\" content=\"https:\/\/plg-pllc.com\/es\/seattle\/truck-accident-lawyer\/truck-maintenance\/\" \/>\n<meta property=\"og:site_name\" content=\"Premier Law Group\" \/>\n<meta property=\"article:publisher\" content=\"https:\/\/www.facebook.com\/premierlawgroup\" \/>\n<meta property=\"article:modified_time\" content=\"2025-06-27T14:56:51+00:00\" \/>\n<meta property=\"og:image\" content=\"https:\/\/plg-pllc.com\/wp-content\/uploads\/2019\/11\/bellevue-truck-accident.jpg\" \/>\n\t<meta property=\"og:image:width\" content=\"1920\" \/>\n\t<meta property=\"og:image:height\" content=\"600\" \/>\n\t<meta property=\"og:image:type\" content=\"image\/jpeg\" \/>\n<meta name=\"twitter:card\" content=\"summary_large_image\" \/>\n<meta name=\"twitter:site\" content=\"@premierlawgroup\" \/>\n<meta name=\"twitter:label1\" content=\"Tiempo de lectura\" \/>\n\t<meta name=\"twitter:data1\" content=\"6 minutos\" \/>\n<script type=\"application\/ld+json\" class=\"yoast-schema-graph\">{\"@context\":\"https:\\\/\\\/schema.org\",\"@graph\":[{\"@type\":\"WebPage\",\"@id\":\"https:\\\/\\\/plg-pllc.com\\\/seattle\\\/truck-accident-lawyer\\\/truck-maintenance\\\/\",\"url\":\"https:\\\/\\\/plg-pllc.com\\\/seattle\\\/truck-accident-lawyer\\\/truck-maintenance\\\/\",\"name\":\"Failure To Maintain Accident Lawyer in Seattle | Free Case Review\",\"isPartOf\":{\"@id\":\"https:\\\/\\\/plg-pllc.com\\\/#website\"},\"primaryImageOfPage\":{\"@id\":\"https:\\\/\\\/plg-pllc.com\\\/seattle\\\/truck-accident-lawyer\\\/truck-maintenance\\\/#primaryimage\"},\"image\":{\"@id\":\"https:\\\/\\\/plg-pllc.com\\\/seattle\\\/truck-accident-lawyer\\\/truck-maintenance\\\/#primaryimage\"},\"thumbnailUrl\":\"https:\\\/\\\/plg-pllc.com\\\/wp-content\\\/uploads\\\/2019\\\/11\\\/bellevue-truck-accident.jpg\",\"datePublished\":\"2021-06-05T15:48:09+00:00\",\"dateModified\":\"2025-06-27T14:56:51+00:00\",\"description\":\"Seattle Failure To Maintain Accident Lawyer: Premier Law Group helps you unlock the full compensation you deserve. No Fee Unless We Win.\",\"breadcrumb\":{\"@id\":\"https:\\\/\\\/plg-pllc.com\\\/seattle\\\/truck-accident-lawyer\\\/truck-maintenance\\\/#breadcrumb\"},\"inLanguage\":\"es\",\"potentialAction\":[{\"@type\":\"ReadAction\",\"target\":[\"https:\\\/\\\/plg-pllc.com\\\/seattle\\\/truck-accident-lawyer\\\/truck-maintenance\\\/\"]}]},{\"@type\":\"ImageObject\",\"inLanguage\":\"es\",\"@id\":\"https:\\\/\\\/plg-pllc.com\\\/seattle\\\/truck-accident-lawyer\\\/truck-maintenance\\\/#primaryimage\",\"url\":\"https:\\\/\\\/plg-pllc.com\\\/wp-content\\\/uploads\\\/2019\\\/11\\\/bellevue-truck-accident.jpg\",\"contentUrl\":\"https:\\\/\\\/plg-pllc.com\\\/wp-content\\\/uploads\\\/2019\\\/11\\\/bellevue-truck-accident.jpg\",\"width\":1920,\"height\":600,\"caption\":\"Seattle Federal Way Bellevue Renton truck accident lawyers\"},{\"@type\":\"BreadcrumbList\",\"@id\":\"https:\\\/\\\/plg-pllc.com\\\/seattle\\\/truck-accident-lawyer\\\/truck-maintenance\\\/#breadcrumb\",\"itemListElement\":[{\"@type\":\"ListItem\",\"position\":1,\"name\":\"Home\",\"item\":\"https:\\\/\\\/plg-pllc.com\\\/es\\\/\"},{\"@type\":\"ListItem\",\"position\":2,\"name\":\"Seattle Personal Injury Lawyer\",\"item\":\"https:\\\/\\\/plg-pllc.com\\\/es\\\/seattle\\\/personal-injury-lawyer\\\/\"},{\"@type\":\"ListItem\",\"position\":3,\"name\":\"Seattle Truck Accident Lawyer\",\"item\":\"https:\\\/\\\/plg-pllc.com\\\/es\\\/seattle\\\/truck-accident-lawyer\\\/\"},{\"@type\":\"ListItem\",\"position\":4,\"name\":\"Failure To Maintain Accident\"}]},{\"@type\":\"WebSite\",\"@id\":\"https:\\\/\\\/plg-pllc.com\\\/#website\",\"url\":\"https:\\\/\\\/plg-pllc.com\\\/\",\"name\":\"Premier Law Group\",\"description\":\"Washington Wrongful Death and Serious Injury Lawyer\",\"publisher\":{\"@id\":\"https:\\\/\\\/plg-pllc.com\\\/#organization\"},\"inLanguage\":\"es\"},{\"@type\":\"Organization\",\"@id\":\"https:\\\/\\\/plg-pllc.com\\\/#organization\",\"name\":\"Premier Law Group\",\"url\":\"https:\\\/\\\/plg-pllc.com\\\/\",\"logo\":{\"@type\":\"ImageObject\",\"inLanguage\":\"es\",\"@id\":\"https:\\\/\\\/plg-pllc.com\\\/#\\\/schema\\\/logo\\\/image\\\/\",\"url\":\"https:\\\/\\\/plg-pllc.com\\\/wp-content\\\/uploads\\\/2020\\\/10\\\/plg-logo-v2.gif\",\"contentUrl\":\"https:\\\/\\\/plg-pllc.com\\\/wp-content\\\/uploads\\\/2020\\\/10\\\/plg-logo-v2.gif\",\"width\":592,\"height\":191,\"caption\":\"Premier Law Group\"},\"image\":{\"@id\":\"https:\\\/\\\/plg-pllc.com\\\/#\\\/schema\\\/logo\\\/image\\\/\"},\"sameAs\":[\"https:\\\/\\\/www.facebook.com\\\/premierlawgroup\",\"https:\\\/\\\/x.com\\\/premierlawgroup\"]}]}<\/script>\n<!-- \/ Yoast SEO plugin. -->","yoast_head_json":{"title":"Abogado de accidentes por falta de mantenimiento en Seattle | Revisi\u00f3n gratuita de casos","description":"Abogado de accidentes por falta de mantenimiento en Seattle: Premier Law Group lo ayuda a obtener la compensaci\u00f3n total que se merece. Sin cargo a menos que ganemos.","robots":{"index":"index","follow":"follow","max-snippet":"max-snippet:-1","max-image-preview":"max-image-preview:large","max-video-preview":"max-video-preview:-1"},"canonical":"https:\/\/plg-pllc.com\/es\/seattle\/truck-accident-lawyer\/truck-maintenance\/","og_locale":"es_MX","og_type":"article","og_title":"Failure To Maintain Accident Lawyer in Seattle | Free Case Review","og_description":"Seattle Failure To Maintain Accident Lawyer: Premier Law Group helps you unlock the full compensation you deserve. No Fee Unless We Win.","og_url":"https:\/\/plg-pllc.com\/es\/seattle\/truck-accident-lawyer\/truck-maintenance\/","og_site_name":"Premier Law Group","article_publisher":"https:\/\/www.facebook.com\/premierlawgroup","article_modified_time":"2025-06-27T14:56:51+00:00","og_image":[{"width":1920,"height":600,"url":"https:\/\/plg-pllc.com\/wp-content\/uploads\/2019\/11\/bellevue-truck-accident.jpg","type":"image\/jpeg"}],"twitter_card":"summary_large_image","twitter_site":"@premierlawgroup","twitter_misc":{"Tiempo de lectura":"6 minutos"},"schema":{"@context":"https:\/\/schema.org","@graph":[{"@type":"WebPage","@id":"https:\/\/plg-pllc.com\/seattle\/truck-accident-lawyer\/truck-maintenance\/","url":"https:\/\/plg-pllc.com\/seattle\/truck-accident-lawyer\/truck-maintenance\/","name":"Abogado de accidentes por falta de mantenimiento en Seattle | Revisi\u00f3n gratuita de casos","isPartOf":{"@id":"https:\/\/plg-pllc.com\/#website"},"primaryImageOfPage":{"@id":"https:\/\/plg-pllc.com\/seattle\/truck-accident-lawyer\/truck-maintenance\/#primaryimage"},"image":{"@id":"https:\/\/plg-pllc.com\/seattle\/truck-accident-lawyer\/truck-maintenance\/#primaryimage"},"thumbnailUrl":"https:\/\/plg-pllc.com\/wp-content\/uploads\/2019\/11\/bellevue-truck-accident.jpg","datePublished":"2021-06-05T15:48:09+00:00","dateModified":"2025-06-27T14:56:51+00:00","description":"Abogado de accidentes por falta de mantenimiento en Seattle: Premier Law Group lo ayuda a obtener la compensaci\u00f3n total que se merece. Sin cargo a menos que ganemos.","breadcrumb":{"@id":"https:\/\/plg-pllc.com\/seattle\/truck-accident-lawyer\/truck-maintenance\/#breadcrumb"},"inLanguage":"es","potentialAction":[{"@type":"ReadAction","target":["https:\/\/plg-pllc.com\/seattle\/truck-accident-lawyer\/truck-maintenance\/"]}]},{"@type":"ImageObject","inLanguage":"es","@id":"https:\/\/plg-pllc.com\/seattle\/truck-accident-lawyer\/truck-maintenance\/#primaryimage","url":"https:\/\/plg-pllc.com\/wp-content\/uploads\/2019\/11\/bellevue-truck-accident.jpg","contentUrl":"https:\/\/plg-pllc.com\/wp-content\/uploads\/2019\/11\/bellevue-truck-accident.jpg","width":1920,"height":600,"caption":"Seattle Federal Way Bellevue Renton truck accident lawyers"},{"@type":"BreadcrumbList","@id":"https:\/\/plg-pllc.com\/seattle\/truck-accident-lawyer\/truck-maintenance\/#breadcrumb","itemListElement":[{"@type":"ListItem","position":1,"name":"Home","item":"https:\/\/plg-pllc.com\/es\/"},{"@type":"ListItem","position":2,"name":"Seattle Personal Injury Lawyer","item":"https:\/\/plg-pllc.com\/es\/seattle\/personal-injury-lawyer\/"},{"@type":"ListItem","position":3,"name":"Seattle Truck Accident Lawyer","item":"https:\/\/plg-pllc.com\/es\/seattle\/truck-accident-lawyer\/"},{"@type":"ListItem","position":4,"name":"Failure To Maintain Accident"}]},{"@type":"WebSite","@id":"https:\/\/plg-pllc.com\/#website","url":"https:\/\/plg-pllc.com\/","name":"Grupo de abogados Premier","description":"Abogado de muerte por negligencia y lesiones graves en Washington","publisher":{"@id":"https:\/\/plg-pllc.com\/#organization"},"inLanguage":"es"},{"@type":"Organization","@id":"https:\/\/plg-pllc.com\/#organization","name":"Grupo de abogados Premier","url":"https:\/\/plg-pllc.com\/","logo":{"@type":"ImageObject","inLanguage":"es","@id":"https:\/\/plg-pllc.com\/#\/schema\/logo\/image\/","url":"https:\/\/plg-pllc.com\/wp-content\/uploads\/2020\/10\/plg-logo-v2.gif","contentUrl":"https:\/\/plg-pllc.com\/wp-content\/uploads\/2020\/10\/plg-logo-v2.gif","width":592,"height":191,"caption":"Premier Law Group"},"image":{"@id":"https:\/\/plg-pllc.com\/#\/schema\/logo\/image\/"},"sameAs":["https:\/\/www.facebook.com\/premierlawgroup","https:\/\/x.com\/premierlawgroup"]}]}},"_links":{"self":[{"href":"https:\/\/plg-pllc.com\/es\/wp-json\/wp\/v2\/pages\/18528","targetHints":{"allow":["GET"]}}],"collection":[{"href":"https:\/\/plg-pllc.com\/es\/wp-json\/wp\/v2\/pages"}],"about":[{"href":"https:\/\/plg-pllc.com\/es\/wp-json\/wp\/v2\/types\/page"}],"author":[{"embeddable":true,"href":"https:\/\/plg-pllc.com\/es\/wp-json\/wp\/v2\/users\/24"}],"replies":[{"embeddable":true,"href":"https:\/\/plg-pllc.com\/es\/wp-json\/wp\/v2\/comments?post=18528"}],"version-history":[{"count":0,"href":"https:\/\/plg-pllc.com\/es\/wp-json\/wp\/v2\/pages\/18528\/revisions"}],"up":[{"embeddable":true,"href":"https:\/\/plg-pllc.com\/es\/wp-json\/wp\/v2\/pages\/17312"}],"wp:featuredmedia":[{"embeddable":true,"href":"https:\/\/plg-pllc.com\/es\/wp-json\/wp\/v2\/media\/17275"}],"wp:attachment":[{"href":"https:\/\/plg-pllc.com\/es\/wp-json\/wp\/v2\/media?parent=18528"}],"wp:term":[{"taxonomy":"hc_faqs","embeddable":true,"href":"https:\/\/plg-pllc.com\/es\/wp-json\/wp\/v2\/hc_faqs?post=18528"}],"curies":[{"name":"gracias","href":"https:\/\/api.w.org\/{rel}","templated":true}]}}