{"id":18536,"date":"2021-05-29T08:13:14","date_gmt":"2021-05-29T15:13:14","guid":{"rendered":"https:\/\/plg-pllc.com\/?page_id=18536"},"modified":"2024-10-18T09:31:36","modified_gmt":"2024-10-18T16:31:36","slug":"church-bus","status":"publish","type":"page","link":"https:\/\/plg-pllc.com\/es\/seattle\/bus-accident-lawyer\/church-bus-accident\/","title":{"rendered":"Abogado de accidentes de autob\u00fas en iglesias de Seattle"},"content":{"rendered":"<h2>Abogados de accidentes de autob\u00fas en Seattle<\/h2>\n<p>Muchas iglesias proporcionan camionetas y autobuses de pasajeros para llevar a los miembros de la congregaci\u00f3n y a los grupos a eventos especiales. Los autobuses de la iglesia suelen considerarse un medio de transporte &quot;perfectamente seguro&quot;. Pero la realidad no coincide con esta percepci\u00f3n. De hecho, ocurren accidentes graves en los autobuses de la iglesia. <a href=\"https:\/\/plg-pllc.com\/seattle\/bus-accident-lawyer\/\">accidente de autob\u00fas<\/a> Las fotograf\u00edas de la escena, los informes de testigos oculares y los informes policiales son solo el comienzo de lo que puede ser un proceso muy largo. La iglesia puede o no ser due\u00f1a de la camioneta o el autob\u00fas de la iglesia. El propietario\/operador podr\u00eda ser un servicio de autobuses ch\u00e1rter o una empresa de autobuses tur\u00edsticos.<\/p>\n<p>Si usted es v\u00edctima de un accidente de autob\u00fas en una iglesia, merece una compensaci\u00f3n por sus lesiones. En Premier Law Group, siempre trabajar\u00e1 directamente con uno de nuestros abogados. <a href=\"https:\/\/plg-pllc.com\/seattle\/personal-injury-lawyer\/\">abogados expertos en lesiones personales<\/a>Si usted o un ser querido ha resultado herido en un accidente de autob\u00fas de la iglesia, ll\u00e1menos hoy al <em>206.285.1743<\/em> Para tu <a href=\"https:\/\/plg-pllc.com\/contact-us\/\">GRATIS<\/a> \u00a1Consulta!<\/p>\n<h2>Presentar una reclamaci\u00f3n por accidente de autob\u00fas en una iglesia<\/h2>\n<p><img loading=\"lazy\" decoding=\"async\" class=\"alignright size-medium wp-image-18537\" src=\"https:\/\/plg-pllc.com\/wp-content\/uploads\/2021\/05\/charter-bus-3316652_1920-300x200.jpg\" alt=\"Abogados de accidentes de autobuses de iglesias en Seattle\" width=\"300\" height=\"200\" srcset=\"https:\/\/plg-pllc.com\/wp-content\/uploads\/2021\/05\/charter-bus-3316652_1920-300x200.jpg 300w, https:\/\/plg-pllc.com\/wp-content\/uploads\/2021\/05\/charter-bus-3316652_1920-1024x683.jpg 1024w, https:\/\/plg-pllc.com\/wp-content\/uploads\/2021\/05\/charter-bus-3316652_1920-768x512.jpg 768w, https:\/\/plg-pllc.com\/wp-content\/uploads\/2021\/05\/charter-bus-3316652_1920-1536x1024.jpg 1536w, https:\/\/plg-pllc.com\/wp-content\/uploads\/2021\/05\/charter-bus-3316652_1920-640x427.jpg 640w, https:\/\/plg-pllc.com\/wp-content\/uploads\/2021\/05\/charter-bus-3316652_1920-1200x800.jpg 1200w, https:\/\/plg-pllc.com\/wp-content\/uploads\/2021\/05\/charter-bus-3316652_1920-250x167.jpg 250w, https:\/\/plg-pllc.com\/wp-content\/uploads\/2021\/05\/charter-bus-3316652_1920.jpg 1920w\" sizes=\"auto, (max-width: 300px) 100vw, 300px\" \/>La verdad es que nadie quiere demandar a una iglesia. El accidente ocurri\u00f3, usted result\u00f3 herido y tiene derecho a recibir una indemnizaci\u00f3n por da\u00f1os y perjuicios.<\/p>\n<p>La mayor\u00eda de las iglesias tienen seguro para el transporte en autob\u00fas. Tienen que hacerlo porque las iglesias utilizan una variedad de furgonetas y autobuses para transportar a los grupos. Por eso, es importante saber qui\u00e9n es el propietario o el operador del autob\u00fas de la iglesia en caso de accidente.<\/p>\n<p>La persona que es due\u00f1a del autob\u00fas y la que lo conduce pueden variar enormemente. Las iglesias utilizan todos los siguientes tipos de veh\u00edculos para transportar a los grupos:<\/p>\n<ul>\n<li><strong>Furgonetas de pasajeros <\/strong>\u2014 Las iglesias suelen tener furgonetas de pasajeros peque\u00f1as, pero alquilan furgonetas m\u00e1s grandes a una empresa de alquiler. Si la furgoneta sufre un accidente, la iglesia, la empresa de alquiler o el conductor pueden ser considerados responsables.<\/li>\n<li><strong>Autobuses escolares <\/strong>\u2013 Las iglesias suelen alquilar autobuses del distrito escolar para llevar a grupos grandes a eventos especiales. Determinar la responsabilidad es complicado. Si el conductor es un empleado del distrito escolar, el distrito escolar es responsable de los da\u00f1os. A veces, los distritos escolares contratan conductores privados para actividades que no son del distrito escolar. La responsabilidad puede recaer sobre la iglesia, el distrito escolar y el conductor.<\/li>\n<li><strong>Autobuses privados\/ch\u00e1rter \u2013 <\/strong>La iglesia puede alquilar autobuses para \u201cuso privado\u201d. Tanto la empresa de alquiler como el conductor del autob\u00fas pueden ser considerados responsables de cualquier accidente.<\/li>\n<li><a href=\"https:\/\/husbandandwifelawteam.com\/practice-areas\/bus-accidents\/tour-bus-crash\"><strong>Autobuses tur\u00edsticos<\/strong><\/a><strong> \u2013 <\/strong>En ocasiones, las iglesias utilizan autobuses tur\u00edsticos para llevar a grupos grandes a un evento organizado por la empresa de autobuses tur\u00edsticos. Una vez m\u00e1s, determinar la responsabilidad puede ser complicado en esta situaci\u00f3n. Si la iglesia organiz\u00f3 el autob\u00fas tur\u00edstico, puede ser considerada responsable. Si la empresa de viajes hizo todos los arreglos, es responsable, al igual que el conductor del autob\u00fas tur\u00edstico.<\/li>\n<\/ul>\n<h2>Recuerde, por eso pagamos el seguro<\/h2>\n<p>Dejando a un lado la responsabilidad, las v\u00edctimas de un accidente de autob\u00fas en una iglesia tienen derecho a una compensaci\u00f3n por los gastos m\u00e9dicos, los salarios perdidos y los da\u00f1os. Es importante recopilar todas las pruebas asociadas con el accidente. Esto incluye:<\/p>\n<ul>\n<li>Informes policiales<\/li>\n<li>Informes de testigos presenciales<\/li>\n<li>Informaci\u00f3n de fondo sobre la empresa de viajes<\/li>\n<li>Informaci\u00f3n de fondo sobre el historial m\u00e9dico y de conducci\u00f3n del conductor del tour.<\/li>\n<\/ul>\n\n        <div class=\"rs-content-cta long\">\n            <p>Para una consulta legal GRATUITA con un abogado especializado en accidentes de autobuses de iglesias que preste servicios en Seattle, llame al <a href=\"tel:+12062851743\">(206) 285-1743 <\/a><\/p>\n            <a href=\"https:\/\/plg-pllc.com\/es\/contact-us\/\" title=\"OBTENGA UNA EVALUACI\u00d3N DE CASO GRATUITA\" class=\"btn-global\">OBTENGA UNA EVALUACI\u00d3N DE CASO GRATUITA<\/a>\n                    <picture>\n                            <source srcset=\"https:\/\/plg-pllc.com\/wp-content\/themes\/plg-pllc-redesign\/assets\/app\/img\/cta-thumb.webp\" type=\"image\/webp\"\/>\n                            <img src=\"https:\/\/plg-pllc.com\/wp-content\/themes\/plg-pllc-redesign\/assets\/app\/img\/cta-thumb.png\" alt=\"Grupo de abogados Premier\" title=\"Grupo de abogados Premier\" width=\"245\" height=\"220\" loading=\"auto\" fetchpriority=\"auto\" decoding=\"async\"\/>\n        <\/picture>\n        \n        <\/div><h2>Las causas de los accidentes de autobuses y furgonetas en las iglesias<\/h2>\n<p>Los conductores de autob\u00fas tienen una enorme responsabilidad por la salud y el bienestar de las personas que transportan. Algunas de las causas de los accidentes de autob\u00fas y furgonetas en iglesias son:<\/p>\n<ul>\n<li>Negligencia del conductor: conducci\u00f3n distra\u00edda, fatiga, quedarse dormido al volante, embriaguez<\/li>\n<li>Mal mantenimiento del veh\u00edculo<\/li>\n<li>Neum\u00e1ticos defectuosos<\/li>\n<li>Conducir demasiado r\u00e1pido para las condiciones<\/li>\n<li>La negligencia de otro conductor<\/li>\n<\/ul>\n<p>Los conductores deben tomarse en serio sus responsabilidades. No todos lo hacen.<\/p>\n<p>Las v\u00edctimas de accidentes de autobuses en iglesias tienen derecho a recibir una compensaci\u00f3n por sus lesiones y p\u00e9rdidas.<\/p>\n<h2>\u00a1P\u00f3ngase en contacto con un abogado de accidentes automovil\u00edsticos de Seattle!<\/h2>\n<p><img loading=\"lazy\" decoding=\"async\" class=\"alignleft size-medium wp-image-17837\" src=\"https:\/\/plg-pllc.com\/wp-content\/uploads\/2020\/09\/imgmenufree-300x197.jpg\" alt=\"Abogados con experiencia en accidentes de autob\u00fas en Seattle, Federal Way, Renton y Bellevue\" width=\"300\" height=\"197\" srcset=\"https:\/\/plg-pllc.com\/wp-content\/uploads\/2020\/09\/imgmenufree-300x197.jpg 300w, https:\/\/plg-pllc.com\/wp-content\/uploads\/2020\/09\/imgmenufree-250x164.jpg 250w, https:\/\/plg-pllc.com\/wp-content\/uploads\/2020\/09\/imgmenufree.jpg 400w\" sizes=\"auto, (max-width: 300px) 100vw, 300px\" \/>Si usted o un ser querido sufri\u00f3 lesiones a causa de un accidente de autob\u00fas en una iglesia, perdi\u00f3 su trabajo y ahora las facturas m\u00e9dicas se est\u00e1n acumulando, \u00a1entonces usted merece justicia! Premier Law Group se ha comprometido a ayudar a personas buenas como usted a recibir una compensaci\u00f3n justa despu\u00e9s de su accidente. Usted siempre trabaja directamente con el abogado y nosotros estamos disponibles para trabajar con usted las 24 horas del d\u00eda, los 7 d\u00edas de la semana.<\/p>\n<p><strong>Llamar <em>206.285.1743<\/em> Hoy y programa tu <a href=\"https:\/\/plg-pllc.com\/contact-us\/\">GRATIS<\/a> \u00a1Revisi\u00f3n de caso de accidente!<\/strong><\/p>\n<p><strong>\u00a1Premier Law Group est\u00e1 aqu\u00ed para ayudarle!<\/strong><\/p>\n\n        <div class=\"rs-content-cta\">\n            <p>Llamar o enviar mensaje de texto <a href=\"tel:+12062851743\">(206) 285-1743<\/a> o complete un formulario de evaluaci\u00f3n de caso gratuito<\/p>\n            <a href=\"https:\/\/plg-pllc.com\/es\/contact-us\/\" title=\"OBTENGA UNA EVALUACI\u00d3N DE CASO GRATUITA\" class=\"btn-global\">OBTENGA UNA EVALUACI\u00d3N DE CASO GRATUITA<\/a>\n                    <picture>\n                            <source srcset=\"https:\/\/plg-pllc.com\/wp-content\/themes\/plg-pllc-redesign\/assets\/app\/img\/cta-thumb.webp\" type=\"image\/webp\"\/>\n                            <img src=\"https:\/\/plg-pllc.com\/wp-content\/themes\/plg-pllc-redesign\/assets\/app\/img\/cta-thumb.png\" alt=\"Grupo de abogados Premier\" title=\"Grupo de abogados Premier\" width=\"245\" height=\"220\" loading=\"auto\" fetchpriority=\"auto\" decoding=\"async\"\/>\n        <\/picture>\n        \n        <\/div>","protected":false},"excerpt":{"rendered":"<p>Abogados de accidentes de autob\u00fas en Seattle Muchas iglesias proporcionan furgonetas y autobuses de pasajeros para llevar a los miembros de la congregaci\u00f3n y a los grupos a eventos especiales. Los autobuses de las iglesias suelen considerarse un transporte &quot;perfectamente seguro&quot;. Pero la realidad no coincide con esta percepci\u00f3n. De hecho, ocurren accidentes graves de autobuses en iglesias. Recopilar fotograf\u00edas de la escena del accidente de autob\u00fas, informes de testigos oculares e informes policiales...<\/p>","protected":false},"author":24,"featured_media":18538,"parent":18341,"menu_order":0,"comment_status":"closed","ping_status":"closed","template":"","meta":{"_acf_changed":false,"_genesis_hide_title":false,"_genesis_hide_breadcrumbs":false,"_genesis_hide_singular_image":false,"_genesis_hide_footer_widgets":false,"_genesis_custom_body_class":"","_genesis_custom_post_class":"","_genesis_layout":"","footnotes":""},"hc_faqs":[],"class_list":{"0":"post-18536","1":"page","2":"type-page","3":"status-publish","4":"has-post-thumbnail","6":"hc_city_location-seattle","7":"entry"},"acf":[],"yoast_head":"<!-- This site is optimized with the Yoast SEO plugin v27.2 - https:\/\/yoast.com\/product\/yoast-seo-wordpress\/ -->\n<title>Church Bus Accident Lawyer in Seattle | Free Case Review<\/title>\n<meta name=\"description\" content=\"Seattle Church Bus Accident Lawyer: Premier Law Group helps you unlock the full compensation you deserve. No Fee Unless We Win.\" \/>\n<meta name=\"robots\" content=\"index, follow, max-snippet:-1, max-image-preview:large, max-video-preview:-1\" \/>\n<link rel=\"canonical\" href=\"https:\/\/plg-pllc.com\/es\/seattle\/bus-accident-lawyer\/church-bus-accident\/\" \/>\n<meta property=\"og:locale\" content=\"es_MX\" \/>\n<meta property=\"og:type\" content=\"article\" \/>\n<meta property=\"og:title\" content=\"Church Bus Accident Lawyer in Seattle | Free Case Review\" \/>\n<meta property=\"og:description\" content=\"Seattle Church Bus Accident Lawyer: Premier Law Group helps you unlock the full compensation you deserve. No Fee Unless We Win.\" \/>\n<meta property=\"og:url\" content=\"https:\/\/plg-pllc.com\/es\/seattle\/bus-accident-lawyer\/church-bus-accident\/\" \/>\n<meta property=\"og:site_name\" content=\"Premier Law Group\" \/>\n<meta property=\"article:publisher\" content=\"https:\/\/www.facebook.com\/premierlawgroup\" \/>\n<meta property=\"article:modified_time\" content=\"2024-10-18T16:31:36+00:00\" \/>\n<meta property=\"og:image\" content=\"https:\/\/plg-pllc.com\/wp-content\/uploads\/2021\/05\/london-3582649_1920.jpg\" \/>\n\t<meta property=\"og:image:width\" content=\"1920\" \/>\n\t<meta property=\"og:image:height\" content=\"1280\" \/>\n\t<meta property=\"og:image:type\" content=\"image\/jpeg\" \/>\n<meta name=\"twitter:card\" content=\"summary_large_image\" \/>\n<meta name=\"twitter:site\" content=\"@premierlawgroup\" \/>\n<meta name=\"twitter:label1\" content=\"Tiempo de lectura\" \/>\n\t<meta name=\"twitter:data1\" content=\"4 minutos\" \/>\n<script type=\"application\/ld+json\" class=\"yoast-schema-graph\">{\"@context\":\"https:\/\/schema.org\",\"@graph\":[{\"@type\":\"WebPage\",\"@id\":\"https:\/\/plg-pllc.com\/seattle\/bus-accident-lawyer\/church-bus-accident\/\",\"url\":\"https:\/\/plg-pllc.com\/seattle\/bus-accident-lawyer\/church-bus-accident\/\",\"name\":\"Church Bus Accident Lawyer in Seattle | Free Case Review\",\"isPartOf\":{\"@id\":\"https:\/\/plg-pllc.com\/#website\"},\"primaryImageOfPage\":{\"@id\":\"https:\/\/plg-pllc.com\/seattle\/bus-accident-lawyer\/church-bus-accident\/#primaryimage\"},\"image\":{\"@id\":\"https:\/\/plg-pllc.com\/seattle\/bus-accident-lawyer\/church-bus-accident\/#primaryimage\"},\"thumbnailUrl\":\"https:\/\/plg-pllc.com\/wp-content\/uploads\/2021\/05\/london-3582649_1920.jpg\",\"datePublished\":\"2021-05-29T15:13:14+00:00\",\"dateModified\":\"2024-10-18T16:31:36+00:00\",\"description\":\"Seattle Church Bus Accident Lawyer: Premier Law Group helps you unlock the full compensation you deserve. No Fee Unless We Win.\",\"breadcrumb\":{\"@id\":\"https:\/\/plg-pllc.com\/seattle\/bus-accident-lawyer\/church-bus-accident\/#breadcrumb\"},\"inLanguage\":\"es\",\"potentialAction\":[{\"@type\":\"ReadAction\",\"target\":[\"https:\/\/plg-pllc.com\/seattle\/bus-accident-lawyer\/church-bus-accident\/\"]}]},{\"@type\":\"ImageObject\",\"inLanguage\":\"es\",\"@id\":\"https:\/\/plg-pllc.com\/seattle\/bus-accident-lawyer\/church-bus-accident\/#primaryimage\",\"url\":\"https:\/\/plg-pllc.com\/wp-content\/uploads\/2021\/05\/london-3582649_1920.jpg\",\"contentUrl\":\"https:\/\/plg-pllc.com\/wp-content\/uploads\/2021\/05\/london-3582649_1920.jpg\",\"width\":1920,\"height\":1280,\"caption\":\"church bus accident lawyers in Seattle\"},{\"@type\":\"BreadcrumbList\",\"@id\":\"https:\/\/plg-pllc.com\/seattle\/bus-accident-lawyer\/church-bus-accident\/#breadcrumb\",\"itemListElement\":[{\"@type\":\"ListItem\",\"position\":1,\"name\":\"Home\",\"item\":\"https:\/\/plg-pllc.com\/es\/\"},{\"@type\":\"ListItem\",\"position\":2,\"name\":\"Seattle Personal Injury Lawyer\",\"item\":\"https:\/\/plg-pllc.com\/es\/seattle\/personal-injury-lawyer\/\"},{\"@type\":\"ListItem\",\"position\":3,\"name\":\"Seattle Bus Accident Lawyer\",\"item\":\"https:\/\/plg-pllc.com\/es\/seattle\/bus-accident-lawyer\/\"},{\"@type\":\"ListItem\",\"position\":4,\"name\":\"Church Bus Accident\"}]},{\"@type\":\"WebSite\",\"@id\":\"https:\/\/plg-pllc.com\/#website\",\"url\":\"https:\/\/plg-pllc.com\/\",\"name\":\"Premier Law Group\",\"description\":\"Washington Wrongful Death and Serious Injury Lawyer\",\"publisher\":{\"@id\":\"https:\/\/plg-pllc.com\/#organization\"},\"inLanguage\":\"es\"},{\"@type\":\"Organization\",\"@id\":\"https:\/\/plg-pllc.com\/#organization\",\"name\":\"Premier Law Group\",\"url\":\"https:\/\/plg-pllc.com\/\",\"logo\":{\"@type\":\"ImageObject\",\"inLanguage\":\"es\",\"@id\":\"https:\/\/plg-pllc.com\/#\/schema\/logo\/image\/\",\"url\":\"https:\/\/plg-pllc.com\/wp-content\/uploads\/2020\/10\/plg-logo-v2.gif\",\"contentUrl\":\"https:\/\/plg-pllc.com\/wp-content\/uploads\/2020\/10\/plg-logo-v2.gif\",\"width\":592,\"height\":191,\"caption\":\"Premier Law Group\"},\"image\":{\"@id\":\"https:\/\/plg-pllc.com\/#\/schema\/logo\/image\/\"},\"sameAs\":[\"https:\/\/www.facebook.com\/premierlawgroup\",\"https:\/\/x.com\/premierlawgroup\"]}]}<\/script>\n<!-- \/ Yoast SEO plugin. -->","yoast_head_json":{"title":"Abogado de accidentes de autob\u00fas en iglesias en Seattle | Revisi\u00f3n gratuita de casos","description":"Abogado de accidentes de autob\u00fas en iglesias de Seattle: Premier Law Group lo ayuda a obtener la compensaci\u00f3n total que merece. Sin honorarios a menos que ganemos.","robots":{"index":"index","follow":"follow","max-snippet":"max-snippet:-1","max-image-preview":"max-image-preview:large","max-video-preview":"max-video-preview:-1"},"canonical":"https:\/\/plg-pllc.com\/es\/seattle\/bus-accident-lawyer\/church-bus-accident\/","og_locale":"es_MX","og_type":"article","og_title":"Church Bus Accident Lawyer in Seattle | Free Case Review","og_description":"Seattle Church Bus Accident Lawyer: Premier Law Group helps you unlock the full compensation you deserve. No Fee Unless We Win.","og_url":"https:\/\/plg-pllc.com\/es\/seattle\/bus-accident-lawyer\/church-bus-accident\/","og_site_name":"Premier Law Group","article_publisher":"https:\/\/www.facebook.com\/premierlawgroup","article_modified_time":"2024-10-18T16:31:36+00:00","og_image":[{"width":1920,"height":1280,"url":"https:\/\/plg-pllc.com\/wp-content\/uploads\/2021\/05\/london-3582649_1920.jpg","type":"image\/jpeg"}],"twitter_card":"summary_large_image","twitter_site":"@premierlawgroup","twitter_misc":{"Tiempo de lectura":"4 minutos"},"schema":{"@context":"https:\/\/schema.org","@graph":[{"@type":"WebPage","@id":"https:\/\/plg-pllc.com\/seattle\/bus-accident-lawyer\/church-bus-accident\/","url":"https:\/\/plg-pllc.com\/seattle\/bus-accident-lawyer\/church-bus-accident\/","name":"Abogado de accidentes de autob\u00fas en iglesias en Seattle | Revisi\u00f3n gratuita de casos","isPartOf":{"@id":"https:\/\/plg-pllc.com\/#website"},"primaryImageOfPage":{"@id":"https:\/\/plg-pllc.com\/seattle\/bus-accident-lawyer\/church-bus-accident\/#primaryimage"},"image":{"@id":"https:\/\/plg-pllc.com\/seattle\/bus-accident-lawyer\/church-bus-accident\/#primaryimage"},"thumbnailUrl":"https:\/\/plg-pllc.com\/wp-content\/uploads\/2021\/05\/london-3582649_1920.jpg","datePublished":"2021-05-29T15:13:14+00:00","dateModified":"2024-10-18T16:31:36+00:00","description":"Abogado de accidentes de autob\u00fas en iglesias de Seattle: Premier Law Group lo ayuda a obtener la compensaci\u00f3n total que merece. Sin honorarios a menos que ganemos.","breadcrumb":{"@id":"https:\/\/plg-pllc.com\/seattle\/bus-accident-lawyer\/church-bus-accident\/#breadcrumb"},"inLanguage":"es","potentialAction":[{"@type":"ReadAction","target":["https:\/\/plg-pllc.com\/seattle\/bus-accident-lawyer\/church-bus-accident\/"]}]},{"@type":"ImageObject","inLanguage":"es","@id":"https:\/\/plg-pllc.com\/seattle\/bus-accident-lawyer\/church-bus-accident\/#primaryimage","url":"https:\/\/plg-pllc.com\/wp-content\/uploads\/2021\/05\/london-3582649_1920.jpg","contentUrl":"https:\/\/plg-pllc.com\/wp-content\/uploads\/2021\/05\/london-3582649_1920.jpg","width":1920,"height":1280,"caption":"church bus accident lawyers in Seattle"},{"@type":"BreadcrumbList","@id":"https:\/\/plg-pllc.com\/seattle\/bus-accident-lawyer\/church-bus-accident\/#breadcrumb","itemListElement":[{"@type":"ListItem","position":1,"name":"Home","item":"https:\/\/plg-pllc.com\/es\/"},{"@type":"ListItem","position":2,"name":"Seattle Personal Injury Lawyer","item":"https:\/\/plg-pllc.com\/es\/seattle\/personal-injury-lawyer\/"},{"@type":"ListItem","position":3,"name":"Seattle Bus Accident Lawyer","item":"https:\/\/plg-pllc.com\/es\/seattle\/bus-accident-lawyer\/"},{"@type":"ListItem","position":4,"name":"Church Bus Accident"}]},{"@type":"WebSite","@id":"https:\/\/plg-pllc.com\/#website","url":"https:\/\/plg-pllc.com\/","name":"Grupo de abogados Premier","description":"Abogado de muerte por negligencia y lesiones graves en Washington","publisher":{"@id":"https:\/\/plg-pllc.com\/#organization"},"inLanguage":"es"},{"@type":"Organization","@id":"https:\/\/plg-pllc.com\/#organization","name":"Grupo de abogados Premier","url":"https:\/\/plg-pllc.com\/","logo":{"@type":"ImageObject","inLanguage":"es","@id":"https:\/\/plg-pllc.com\/#\/schema\/logo\/image\/","url":"https:\/\/plg-pllc.com\/wp-content\/uploads\/2020\/10\/plg-logo-v2.gif","contentUrl":"https:\/\/plg-pllc.com\/wp-content\/uploads\/2020\/10\/plg-logo-v2.gif","width":592,"height":191,"caption":"Premier Law Group"},"image":{"@id":"https:\/\/plg-pllc.com\/#\/schema\/logo\/image\/"},"sameAs":["https:\/\/www.facebook.com\/premierlawgroup","https:\/\/x.com\/premierlawgroup"]}]}},"_links":{"self":[{"href":"https:\/\/plg-pllc.com\/es\/wp-json\/wp\/v2\/pages\/18536","targetHints":{"allow":["GET"]}}],"collection":[{"href":"https:\/\/plg-pllc.com\/es\/wp-json\/wp\/v2\/pages"}],"about":[{"href":"https:\/\/plg-pllc.com\/es\/wp-json\/wp\/v2\/types\/page"}],"author":[{"embeddable":true,"href":"https:\/\/plg-pllc.com\/es\/wp-json\/wp\/v2\/users\/24"}],"replies":[{"embeddable":true,"href":"https:\/\/plg-pllc.com\/es\/wp-json\/wp\/v2\/comments?post=18536"}],"version-history":[{"count":0,"href":"https:\/\/plg-pllc.com\/es\/wp-json\/wp\/v2\/pages\/18536\/revisions"}],"up":[{"embeddable":true,"href":"https:\/\/plg-pllc.com\/es\/wp-json\/wp\/v2\/pages\/18341"}],"wp:featuredmedia":[{"embeddable":true,"href":"https:\/\/plg-pllc.com\/es\/wp-json\/wp\/v2\/media\/18538"}],"wp:attachment":[{"href":"https:\/\/plg-pllc.com\/es\/wp-json\/wp\/v2\/media?parent=18536"}],"wp:term":[{"taxonomy":"hc_faqs","embeddable":true,"href":"https:\/\/plg-pllc.com\/es\/wp-json\/wp\/v2\/hc_faqs?post=18536"}],"curies":[{"name":"gracias","href":"https:\/\/api.w.org\/{rel}","templated":true}]}}