{"id":18543,"date":"2021-06-12T08:54:20","date_gmt":"2021-06-12T15:54:20","guid":{"rendered":"https:\/\/plg-pllc.com\/?page_id=18543"},"modified":"2024-10-18T08:35:22","modified_gmt":"2024-10-18T15:35:22","slug":"king-county-metro-bus-accidents","status":"publish","type":"page","link":"https:\/\/plg-pllc.com\/es\/king-county\/bus-accident-lawyer\/metro-bus-accident\/","title":{"rendered":"Abogado de accidentes de autobuses del condado de King"},"content":{"rendered":"<h2><strong>\u00bfResult\u00f3 herido por un autob\u00fas de King County Metro?<\/strong><\/h2>\n<p><img loading=\"lazy\" decoding=\"async\" class=\"alignleft size-medium wp-image-18554\" src=\"https:\/\/plg-pllc.com\/wp-content\/uploads\/2021\/06\/josh-hild-COAe8b6ZgGw-unsplash-240x300.jpg\" alt=\"Abogados de accidentes de autob\u00fas del condado de King en Seattle\" width=\"240\" height=\"300\" srcset=\"https:\/\/plg-pllc.com\/wp-content\/uploads\/2021\/06\/josh-hild-COAe8b6ZgGw-unsplash-240x300.jpg 240w, https:\/\/plg-pllc.com\/wp-content\/uploads\/2021\/06\/josh-hild-COAe8b6ZgGw-unsplash-819x1024.jpg 819w, https:\/\/plg-pllc.com\/wp-content\/uploads\/2021\/06\/josh-hild-COAe8b6ZgGw-unsplash-768x960.jpg 768w, https:\/\/plg-pllc.com\/wp-content\/uploads\/2021\/06\/josh-hild-COAe8b6ZgGw-unsplash-1229x1536.jpg 1229w, https:\/\/plg-pllc.com\/wp-content\/uploads\/2021\/06\/josh-hild-COAe8b6ZgGw-unsplash-1638x2048.jpg 1638w, https:\/\/plg-pllc.com\/wp-content\/uploads\/2021\/06\/josh-hild-COAe8b6ZgGw-unsplash-640x800.jpg 640w, https:\/\/plg-pllc.com\/wp-content\/uploads\/2021\/06\/josh-hild-COAe8b6ZgGw-unsplash-1024x1280.jpg 1024w, https:\/\/plg-pllc.com\/wp-content\/uploads\/2021\/06\/josh-hild-COAe8b6ZgGw-unsplash-1200x1500.jpg 1200w, https:\/\/plg-pllc.com\/wp-content\/uploads\/2021\/06\/josh-hild-COAe8b6ZgGw-unsplash-1920x2400.jpg 1920w, https:\/\/plg-pllc.com\/wp-content\/uploads\/2021\/06\/josh-hild-COAe8b6ZgGw-unsplash-160x200.jpg 160w, https:\/\/plg-pllc.com\/wp-content\/uploads\/2021\/06\/josh-hild-COAe8b6ZgGw-unsplash-scaled.jpg 2048w\" sizes=\"auto, (max-width: 240px) 100vw, 240px\" \/>Cada a\u00f1o, los autobuses de King County Metro sufren numerosos accidentes. Estos accidentes pueden causar lesiones graves o la muerte a las v\u00edctimas.<\/p>\n<p>Los autobuses de King County Metro tienen rutas por todo el \u00e1rea metropolitana. <a href=\"https:\/\/plg-pllc.com\/seattle\/personal-injury-lawyer\/\">Seattle<\/a> y el \u00e1rea del condado de King. Proporcionan transporte a miles de personas todos los d\u00edas. Hay varios autobuses metropolitanos en las calles, carreteras y autopistas de la ciudad en todo momento.<\/p>\n<p>Si usted o un miembro de su familia ha estado involucrado en un accidente de autob\u00fas de King County Metro, <a href=\"https:\/\/plg-pllc.com\/about-us\/\">Contacte con Premier Law Group<\/a>. Llamar <em>206.285.1743<\/em> para hablar directamente con uno de nuestros <a href=\"https:\/\/plg-pllc.com\/seattle\/bus-accident-lawyer\/\">Abogados con experiencia en accidentes de autob\u00fas en Seattle<\/a>.<\/p>\n<h2><strong>\u00bfQu\u00e9 causa los accidentes de autobuses del Metro?<\/strong><\/h2>\n<p>Aunque King County Metro capacita a sus conductores y ofrece programas de seguridad, pueden ocurrir accidentes debido a errores del operador y al mantenimiento inadecuado del veh\u00edculo.<\/p>\n<h3><strong><em>Error del conductor <\/em><\/strong><\/h3>\n<p>La mayor\u00eda de las veces, el error del conductor es la causa principal de los accidentes de autob\u00fas en King County Metro. Los accidentes pueden ocurrir si un conductor no tiene suficiente experiencia en la conducci\u00f3n de un autob\u00fas. Adem\u00e1s de los conductores mal capacitados, la fatiga por turnos largos o la intoxicaci\u00f3n pueden provocar accidentes desagradables. Adem\u00e1s, los conductores de autobuses de King County Metro est\u00e1n bajo mucha presi\u00f3n para mantener los autobuses a tiempo. Cuando los conductores de autob\u00fas toman decisiones apresuradas en el tr\u00e1fico, pueden ocurrir accidentes.<\/p>\n<h3><strong><em>Problemas mec\u00e1nicos y mal mantenimiento del veh\u00edculo <\/em><\/strong><\/h3>\n<p>Adem\u00e1s, los accidentes de autobuses del condado de King pueden ocurrir como resultado de fallas mec\u00e1nicas. Los problemas mec\u00e1nicos ocurren cuando los autobuses reciben un mantenimiento inadecuado y se les instalan piezas defectuosas o da\u00f1adas.<\/p>\n<p>Despu\u00e9s de un accidente que involucre a los autobuses de King County Metro, se investigar\u00e1n y revisar\u00e1n los registros de seguridad y el historial de mantenimiento de la empresa de autobuses. Las investigaciones a menudo resaltar\u00e1n un historial pasado que incluye una serie de violaciones de seguridad o inspecciones deficientes.<\/p>\n<h2><strong>Dos accidentes de autob\u00fas en el mismo d\u00eda<\/strong><\/h2>\n<p>En 2012, Jason Epstein, de Premier Law Group, escribi\u00f3 sobre dos accidentes de metro separados que ocurrieron el mismo d\u00eda en Seattle. Desafortunadamente, una de las v\u00edctimas result\u00f3 fatalmente herida en un accidente de metro en el condado de King.<\/p>\n<p>Accidentes que involucran <a href=\"https:\/\/wsdot.wa.gov\/business-wsdot\/grants\/public-transportation-grants\">transporte p\u00fablico<\/a> Son devastadores para toda la comunidad. Como lo hizo Jason en su momento, en Premier Law Group seguimos enfatizando lo importante que es que los peatones tomen precauciones adicionales cuando est\u00e9n cerca de la carretera. M\u00e1s a\u00fan cuando intentan cruzar la calle. <a href=\"https:\/\/plg-pllc.com\/washington\/pedestrian-accident-lawyer\/\">Peatones<\/a> Puede ser dif\u00edcil para los veh\u00edculos ver, especialmente cuando no utilizan correctamente un cruce de peatones o una se\u00f1al.<\/p>\n<p>La muerte de un ser querido o lesiones personales graves debido a colisiones peligrosas de accidentes de autobuses de King County Metro pueden ser devastadoras y cambiar la vida.<\/p>\n\n        <div class=\"rs-content-cta long\">\n            <p>Para una consulta legal GRATUITA con un abogado de lesiones personales que preste servicios en el condado de King, llame al <a href=\"tel:+12062851743\">(206) 285-1743 <\/a><\/p>\n            <a href=\"https:\/\/plg-pllc.com\/es\/contact-us\/\" title=\"OBTENGA UNA EVALUACI\u00d3N DE CASO GRATUITA\" class=\"btn-global\">OBTENGA UNA EVALUACI\u00d3N DE CASO GRATUITA<\/a>\n                    <picture>\n                            <source srcset=\"https:\/\/plg-pllc.com\/wp-content\/themes\/plg-pllc-redesign\/assets\/app\/img\/cta-thumb.webp\" type=\"image\/webp\"\/>\n                            <img src=\"https:\/\/plg-pllc.com\/wp-content\/themes\/plg-pllc-redesign\/assets\/app\/img\/cta-thumb.png\" alt=\"Grupo de abogados Premier\" title=\"Grupo de abogados Premier\" width=\"245\" height=\"220\" loading=\"auto\" fetchpriority=\"auto\" decoding=\"async\"\/>\n        <\/picture>\n        \n        <\/div><h2><strong>\u00bfQu\u00e9 hace un abogado de accidentes de autob\u00fas en Seattle?<\/strong><\/h2>\n<p><img loading=\"lazy\" decoding=\"async\" class=\"alignright size-medium wp-image-4608\" src=\"https:\/\/plg-pllc.com\/wp-content\/uploads\/2011\/05\/110528_I90_crash_10-300x225.jpg\" alt=\"Abogados de accidentes de autob\u00fas en Seattle\" width=\"300\" height=\"225\" srcset=\"https:\/\/plg-pllc.com\/wp-content\/uploads\/2011\/05\/110528_I90_crash_10-300x225.jpg 300w, https:\/\/plg-pllc.com\/wp-content\/uploads\/2011\/05\/110528_I90_crash_10.jpg 512w\" sizes=\"auto, (max-width: 300px) 100vw, 300px\" \/>El abogado adecuado para accidentes de autob\u00fas en el condado de King lo ayudar\u00e1 con cada paso de su reclamo por lesiones. En Premier Law Group, lucharemos por obtener una mejor compensaci\u00f3n de las compa\u00f1\u00edas de seguros y nos encargaremos de todas las tareas relacionadas con su reclamo. Mientras usted se concentra en su recuperaci\u00f3n, nosotros podemos:<\/p>\n<ul>\n<li>Responda a sus preguntas legales<\/li>\n<li>Ofrecer asesoramiento jur\u00eddico confiable<\/li>\n<li>Investigan el accidente de autob\u00fas<\/li>\n<li>Hablar con testigos presenciales<\/li>\n<li>Recopilar evidencia<\/li>\n<li>Identificar al acusado<\/li>\n<li>Negociar con compa\u00f1\u00edas de seguros<\/li>\n<li>Lucha por la m\u00e1xima compensaci\u00f3n<\/li>\n<li>Ir a juicio, si es necesario<\/li>\n<\/ul>\n<p>Si no est\u00e1 seguro de qu\u00e9 hacer despu\u00e9s de un accidente de autob\u00fas de King County Metro, comun\u00edquese con un <a href=\"https:\/\/plg-pllc.com\/seattle\/personal-injury-lawyer\/\">Abogado de accidentes de autob\u00fas del condado de King<\/a>Llame hoy al 206.285.1743 para una revisi\u00f3n gratuita de su caso.<\/p>\n<h2><strong>\u00bfPor qu\u00e9 contratarnos?<\/strong><\/h2>\n<p>En Premier Law Group, nuestro objetivo es ayudarle a comprender sus derechos y c\u00f3mo recuperar la compensaci\u00f3n por sus p\u00e9rdidas. Cuando se ponga en contacto con Premier Law Group, esto es lo que puede esperar:<\/p>\n<p><strong>Somos accesibles.<\/strong> Cuando se comunique con nosotros, no solo recibir\u00e1 noticias de un especialista en admisi\u00f3n, sino que podr\u00e1 hablar con un abogado de verdad.<\/p>\n<p><strong>Somos directos.<\/strong> Nuestros abogados quieren que usted comprenda todos los detalles de su caso. Nos comunicaremos con usted para ayudarlo a obtener una compensaci\u00f3n justa y la mejor recuperaci\u00f3n posible.<\/p>\n<p><strong>Nos preocupamos.<\/strong> En Premier Law Group, queremos ayudar a personas reales con problemas reales. Trabajaremos en su caso mientras usted se concentra en su recuperaci\u00f3n. Nuestros abogados quieren brindarle una experiencia que haga que las cosas sean lo m\u00e1s correctas posible.<\/p>\n<p><strong>Ponemos a nuestros clientes primero.<\/strong> Nuestro equipo prioriza las necesidades de nuestros clientes. De hecho, puedes leer algunos de nuestros excelentes<a href=\"https:\/\/plg-pllc.com\/client-reviews\/\"> Rese\u00f1as de clientes anteriores<\/a> para obtener m\u00e1s informaci\u00f3n sobre c\u00f3mo podemos ayudarle.<\/p>\n<h2><strong>\u00a1Nuestros abogados experimentados pueden ayudarle!<\/strong><\/h2>\n<p><img loading=\"lazy\" decoding=\"async\" class=\"alignleft size-medium wp-image-16099\" src=\"https:\/\/plg-pllc.com\/wp-content\/uploads\/2018\/01\/lawyers-plg-bg800-300x192.jpg\" alt=\"Abogados con experiencia en accidentes de autob\u00fas en Seattle, Bellevue, Federal Way y Renton\" width=\"300\" height=\"192\" srcset=\"https:\/\/plg-pllc.com\/wp-content\/uploads\/2018\/01\/lawyers-plg-bg800-300x192.jpg 300w, https:\/\/plg-pllc.com\/wp-content\/uploads\/2018\/01\/lawyers-plg-bg800-768x491.jpg 768w, https:\/\/plg-pllc.com\/wp-content\/uploads\/2018\/01\/lawyers-plg-bg800-640x409.jpg 640w, https:\/\/plg-pllc.com\/wp-content\/uploads\/2018\/01\/lawyers-plg-bg800.jpg 800w\" sizes=\"auto, (max-width: 300px) 100vw, 300px\" \/>Contratar a un abogado de inmediato tiene muchas ventajas. En Premier Law Group, nuestros <a href=\"https:\/\/plg-pllc.com\/seattle\/personal-injury-lawyer\/\">Abogados con experiencia en lesiones personales en Seattle<\/a> Le ayudar\u00e1 a proteger su salud, su bienestar emocional y sus finanzas.<\/p>\n<p>Adem\u00e1s, nuestro objetivo es garantizar que todas las personas que se pongan en contacto con nosotros est\u00e9n informadas sobre sus opciones legales. Adem\u00e1s, si no necesita un abogado para resolver su reclamaci\u00f3n por accidente, se lo haremos saber.<\/p>\n<p>Comun\u00edquese con Premier Law Group para obtener una revisi\u00f3n gratuita de su caso de accidente de autob\u00fas en el condado de King. Llame hoy al 206.285.1743. Y como siempre, hay <a href=\"https:\/\/plg-pllc.com\/about-us\/zero-fee-guarantee\/\">Sin honorarios legales<\/a> hasta que ganemos su caso.<\/p>\n\n        <div class=\"rs-content-cta\">\n            <p>Llamar o enviar mensaje de texto <a href=\"tel:+12062851743\">(206) 285-1743<\/a> o complete un formulario de evaluaci\u00f3n de caso gratuito<\/p>\n            <a href=\"https:\/\/plg-pllc.com\/es\/contact-us\/\" title=\"OBTENGA UNA EVALUACI\u00d3N DE CASO GRATUITA\" class=\"btn-global\">OBTENGA UNA EVALUACI\u00d3N DE CASO GRATUITA<\/a>\n                    <picture>\n                            <source srcset=\"https:\/\/plg-pllc.com\/wp-content\/themes\/plg-pllc-redesign\/assets\/app\/img\/cta-thumb.webp\" type=\"image\/webp\"\/>\n                            <img src=\"https:\/\/plg-pllc.com\/wp-content\/themes\/plg-pllc-redesign\/assets\/app\/img\/cta-thumb.png\" alt=\"Grupo de abogados Premier\" title=\"Grupo de abogados Premier\" width=\"245\" height=\"220\" loading=\"auto\" fetchpriority=\"auto\" decoding=\"async\"\/>\n        <\/picture>\n        \n        <\/div>","protected":false},"excerpt":{"rendered":"<p>\u00bfResult\u00f3 herido por un autob\u00fas de King County Metro? Cada a\u00f1o, los autobuses de King County Metro se ven involucrados en muchos accidentes. Estos accidentes de autob\u00fas pueden causar lesiones graves o la muerte de las v\u00edctimas del accidente. Los autobuses de King County Metro tienen rutas por toda la zona metropolitana de Seattle y el condado de King. Brindan transporte a miles de personas todos los a\u00f1os.<\/p>","protected":false},"author":24,"featured_media":18555,"parent":0,"menu_order":0,"comment_status":"closed","ping_status":"closed","template":"","meta":{"_acf_changed":false,"_genesis_hide_title":false,"_genesis_hide_breadcrumbs":false,"_genesis_hide_singular_image":false,"_genesis_hide_footer_widgets":false,"_genesis_custom_body_class":"","_genesis_custom_post_class":"","_genesis_layout":"","footnotes":""},"hc_faqs":[],"class_list":{"0":"post-18543","1":"page","2":"type-page","3":"status-publish","4":"has-post-thumbnail","6":"hc_city_location-king-county","7":"entry"},"acf":[],"yoast_head":"<!-- This site is optimized with the Yoast SEO plugin v27.4 - https:\/\/yoast.com\/product\/yoast-seo-wordpress\/ -->\n<title>Metro Bus Accident Lawyer in King County | Free Case Review<\/title>\n<meta name=\"description\" content=\"King County Metro Bus Accident Lawyer: Premier Law Group helps you unlock the full compensation you deserve. No Fee Unless We Win.\" \/>\n<meta name=\"robots\" content=\"index, follow, max-snippet:-1, max-image-preview:large, max-video-preview:-1\" \/>\n<link rel=\"canonical\" href=\"https:\/\/plg-pllc.com\/es\/king-county\/bus-accident-lawyer\/metro-bus-accident\/\" \/>\n<meta property=\"og:locale\" content=\"es_MX\" \/>\n<meta property=\"og:type\" content=\"article\" \/>\n<meta property=\"og:title\" content=\"Metro Bus Accident Lawyer in King County | Free Case Review\" \/>\n<meta property=\"og:description\" content=\"King County Metro Bus Accident Lawyer: Premier Law Group helps you unlock the full compensation you deserve. No Fee Unless We Win.\" \/>\n<meta property=\"og:url\" content=\"https:\/\/plg-pllc.com\/es\/king-county\/bus-accident-lawyer\/metro-bus-accident\/\" \/>\n<meta property=\"og:site_name\" content=\"Premier Law Group\" \/>\n<meta property=\"article:publisher\" content=\"https:\/\/www.facebook.com\/premierlawgroup\" \/>\n<meta property=\"article:modified_time\" content=\"2024-10-18T15:35:22+00:00\" \/>\n<meta property=\"og:image\" content=\"https:\/\/plg-pllc.com\/wp-content\/uploads\/2021\/06\/weston-mackinnon-Gxz9ipxHD5U-unsplash-scaled.jpg\" \/>\n\t<meta property=\"og:image:width\" content=\"2560\" \/>\n\t<meta property=\"og:image:height\" content=\"1707\" \/>\n\t<meta property=\"og:image:type\" content=\"image\/jpeg\" \/>\n<meta name=\"twitter:card\" content=\"summary_large_image\" \/>\n<meta name=\"twitter:site\" content=\"@premierlawgroup\" \/>\n<meta name=\"twitter:label1\" content=\"Tiempo de lectura\" \/>\n\t<meta name=\"twitter:data1\" content=\"5 minutos\" \/>\n<script type=\"application\/ld+json\" class=\"yoast-schema-graph\">{\"@context\":\"https:\\\/\\\/schema.org\",\"@graph\":[{\"@type\":\"WebPage\",\"@id\":\"https:\\\/\\\/plg-pllc.com\\\/king-county\\\/bus-accident-lawyer\\\/metro-bus-accident\\\/\",\"url\":\"https:\\\/\\\/plg-pllc.com\\\/king-county\\\/bus-accident-lawyer\\\/metro-bus-accident\\\/\",\"name\":\"Metro Bus Accident Lawyer in King County | Free Case Review\",\"isPartOf\":{\"@id\":\"https:\\\/\\\/plg-pllc.com\\\/#website\"},\"primaryImageOfPage\":{\"@id\":\"https:\\\/\\\/plg-pllc.com\\\/king-county\\\/bus-accident-lawyer\\\/metro-bus-accident\\\/#primaryimage\"},\"image\":{\"@id\":\"https:\\\/\\\/plg-pllc.com\\\/king-county\\\/bus-accident-lawyer\\\/metro-bus-accident\\\/#primaryimage\"},\"thumbnailUrl\":\"https:\\\/\\\/plg-pllc.com\\\/wp-content\\\/uploads\\\/2021\\\/06\\\/weston-mackinnon-Gxz9ipxHD5U-unsplash-scaled.jpg\",\"datePublished\":\"2021-06-12T15:54:20+00:00\",\"dateModified\":\"2024-10-18T15:35:22+00:00\",\"description\":\"King County Metro Bus Accident Lawyer: Premier Law Group helps you unlock the full compensation you deserve. No Fee Unless We Win.\",\"breadcrumb\":{\"@id\":\"https:\\\/\\\/plg-pllc.com\\\/king-county\\\/bus-accident-lawyer\\\/metro-bus-accident\\\/#breadcrumb\"},\"inLanguage\":\"es\",\"potentialAction\":[{\"@type\":\"ReadAction\",\"target\":[\"https:\\\/\\\/plg-pllc.com\\\/king-county\\\/bus-accident-lawyer\\\/metro-bus-accident\\\/\"]}]},{\"@type\":\"ImageObject\",\"inLanguage\":\"es\",\"@id\":\"https:\\\/\\\/plg-pllc.com\\\/king-county\\\/bus-accident-lawyer\\\/metro-bus-accident\\\/#primaryimage\",\"url\":\"https:\\\/\\\/plg-pllc.com\\\/wp-content\\\/uploads\\\/2021\\\/06\\\/weston-mackinnon-Gxz9ipxHD5U-unsplash-scaled.jpg\",\"contentUrl\":\"https:\\\/\\\/plg-pllc.com\\\/wp-content\\\/uploads\\\/2021\\\/06\\\/weston-mackinnon-Gxz9ipxHD5U-unsplash-scaled.jpg\",\"width\":2560,\"height\":1707,\"caption\":\"bus driver negligence attorneys in Seattle\"},{\"@type\":\"BreadcrumbList\",\"@id\":\"https:\\\/\\\/plg-pllc.com\\\/king-county\\\/bus-accident-lawyer\\\/metro-bus-accident\\\/#breadcrumb\",\"itemListElement\":[{\"@type\":\"ListItem\",\"position\":1,\"name\":\"Home\",\"item\":\"https:\\\/\\\/plg-pllc.com\\\/es\\\/\"},{\"@type\":\"ListItem\",\"position\":2,\"name\":\"King County Metro Bus Accident Lawyer\"}]},{\"@type\":\"WebSite\",\"@id\":\"https:\\\/\\\/plg-pllc.com\\\/#website\",\"url\":\"https:\\\/\\\/plg-pllc.com\\\/\",\"name\":\"Premier Law Group\",\"description\":\"Washington Wrongful Death and Serious Injury Lawyer\",\"publisher\":{\"@id\":\"https:\\\/\\\/plg-pllc.com\\\/#organization\"},\"inLanguage\":\"es\"},{\"@type\":\"Organization\",\"@id\":\"https:\\\/\\\/plg-pllc.com\\\/#organization\",\"name\":\"Premier Law Group\",\"url\":\"https:\\\/\\\/plg-pllc.com\\\/\",\"logo\":{\"@type\":\"ImageObject\",\"inLanguage\":\"es\",\"@id\":\"https:\\\/\\\/plg-pllc.com\\\/#\\\/schema\\\/logo\\\/image\\\/\",\"url\":\"https:\\\/\\\/plg-pllc.com\\\/wp-content\\\/uploads\\\/2020\\\/10\\\/plg-logo-v2.gif\",\"contentUrl\":\"https:\\\/\\\/plg-pllc.com\\\/wp-content\\\/uploads\\\/2020\\\/10\\\/plg-logo-v2.gif\",\"width\":592,\"height\":191,\"caption\":\"Premier Law Group\"},\"image\":{\"@id\":\"https:\\\/\\\/plg-pllc.com\\\/#\\\/schema\\\/logo\\\/image\\\/\"},\"sameAs\":[\"https:\\\/\\\/www.facebook.com\\\/premierlawgroup\",\"https:\\\/\\\/x.com\\\/premierlawgroup\"]}]}<\/script>\n<!-- \/ Yoast SEO plugin. -->","yoast_head_json":{"title":"Abogado de accidentes de autobuses del metro en el condado de King | Revisi\u00f3n gratuita de casos","description":"Abogado de accidentes de autobuses del condado de King: Premier Law Group lo ayuda a obtener la compensaci\u00f3n total que se merece. Sin honorarios a menos que ganemos.","robots":{"index":"index","follow":"follow","max-snippet":"max-snippet:-1","max-image-preview":"max-image-preview:large","max-video-preview":"max-video-preview:-1"},"canonical":"https:\/\/plg-pllc.com\/es\/king-county\/bus-accident-lawyer\/metro-bus-accident\/","og_locale":"es_MX","og_type":"article","og_title":"Metro Bus Accident Lawyer in King County | Free Case Review","og_description":"King County Metro Bus Accident Lawyer: Premier Law Group helps you unlock the full compensation you deserve. No Fee Unless We Win.","og_url":"https:\/\/plg-pllc.com\/es\/king-county\/bus-accident-lawyer\/metro-bus-accident\/","og_site_name":"Premier Law Group","article_publisher":"https:\/\/www.facebook.com\/premierlawgroup","article_modified_time":"2024-10-18T15:35:22+00:00","og_image":[{"width":2560,"height":1707,"url":"https:\/\/plg-pllc.com\/wp-content\/uploads\/2021\/06\/weston-mackinnon-Gxz9ipxHD5U-unsplash-scaled.jpg","type":"image\/jpeg"}],"twitter_card":"summary_large_image","twitter_site":"@premierlawgroup","twitter_misc":{"Tiempo de lectura":"5 minutos"},"schema":{"@context":"https:\/\/schema.org","@graph":[{"@type":"WebPage","@id":"https:\/\/plg-pllc.com\/king-county\/bus-accident-lawyer\/metro-bus-accident\/","url":"https:\/\/plg-pllc.com\/king-county\/bus-accident-lawyer\/metro-bus-accident\/","name":"Abogado de accidentes de autobuses del metro en el condado de King | Revisi\u00f3n gratuita de casos","isPartOf":{"@id":"https:\/\/plg-pllc.com\/#website"},"primaryImageOfPage":{"@id":"https:\/\/plg-pllc.com\/king-county\/bus-accident-lawyer\/metro-bus-accident\/#primaryimage"},"image":{"@id":"https:\/\/plg-pllc.com\/king-county\/bus-accident-lawyer\/metro-bus-accident\/#primaryimage"},"thumbnailUrl":"https:\/\/plg-pllc.com\/wp-content\/uploads\/2021\/06\/weston-mackinnon-Gxz9ipxHD5U-unsplash-scaled.jpg","datePublished":"2021-06-12T15:54:20+00:00","dateModified":"2024-10-18T15:35:22+00:00","description":"Abogado de accidentes de autobuses del condado de King: Premier Law Group lo ayuda a obtener la compensaci\u00f3n total que se merece. Sin honorarios a menos que ganemos.","breadcrumb":{"@id":"https:\/\/plg-pllc.com\/king-county\/bus-accident-lawyer\/metro-bus-accident\/#breadcrumb"},"inLanguage":"es","potentialAction":[{"@type":"ReadAction","target":["https:\/\/plg-pllc.com\/king-county\/bus-accident-lawyer\/metro-bus-accident\/"]}]},{"@type":"ImageObject","inLanguage":"es","@id":"https:\/\/plg-pllc.com\/king-county\/bus-accident-lawyer\/metro-bus-accident\/#primaryimage","url":"https:\/\/plg-pllc.com\/wp-content\/uploads\/2021\/06\/weston-mackinnon-Gxz9ipxHD5U-unsplash-scaled.jpg","contentUrl":"https:\/\/plg-pllc.com\/wp-content\/uploads\/2021\/06\/weston-mackinnon-Gxz9ipxHD5U-unsplash-scaled.jpg","width":2560,"height":1707,"caption":"bus driver negligence attorneys in Seattle"},{"@type":"BreadcrumbList","@id":"https:\/\/plg-pllc.com\/king-county\/bus-accident-lawyer\/metro-bus-accident\/#breadcrumb","itemListElement":[{"@type":"ListItem","position":1,"name":"Home","item":"https:\/\/plg-pllc.com\/es\/"},{"@type":"ListItem","position":2,"name":"King County Metro Bus Accident Lawyer"}]},{"@type":"WebSite","@id":"https:\/\/plg-pllc.com\/#website","url":"https:\/\/plg-pllc.com\/","name":"Grupo de abogados Premier","description":"Abogado de muerte por negligencia y lesiones graves en Washington","publisher":{"@id":"https:\/\/plg-pllc.com\/#organization"},"inLanguage":"es"},{"@type":"Organization","@id":"https:\/\/plg-pllc.com\/#organization","name":"Grupo de abogados Premier","url":"https:\/\/plg-pllc.com\/","logo":{"@type":"ImageObject","inLanguage":"es","@id":"https:\/\/plg-pllc.com\/#\/schema\/logo\/image\/","url":"https:\/\/plg-pllc.com\/wp-content\/uploads\/2020\/10\/plg-logo-v2.gif","contentUrl":"https:\/\/plg-pllc.com\/wp-content\/uploads\/2020\/10\/plg-logo-v2.gif","width":592,"height":191,"caption":"Premier Law Group"},"image":{"@id":"https:\/\/plg-pllc.com\/#\/schema\/logo\/image\/"},"sameAs":["https:\/\/www.facebook.com\/premierlawgroup","https:\/\/x.com\/premierlawgroup"]}]}},"_links":{"self":[{"href":"https:\/\/plg-pllc.com\/es\/wp-json\/wp\/v2\/pages\/18543","targetHints":{"allow":["GET"]}}],"collection":[{"href":"https:\/\/plg-pllc.com\/es\/wp-json\/wp\/v2\/pages"}],"about":[{"href":"https:\/\/plg-pllc.com\/es\/wp-json\/wp\/v2\/types\/page"}],"author":[{"embeddable":true,"href":"https:\/\/plg-pllc.com\/es\/wp-json\/wp\/v2\/users\/24"}],"replies":[{"embeddable":true,"href":"https:\/\/plg-pllc.com\/es\/wp-json\/wp\/v2\/comments?post=18543"}],"version-history":[{"count":0,"href":"https:\/\/plg-pllc.com\/es\/wp-json\/wp\/v2\/pages\/18543\/revisions"}],"wp:featuredmedia":[{"embeddable":true,"href":"https:\/\/plg-pllc.com\/es\/wp-json\/wp\/v2\/media\/18555"}],"wp:attachment":[{"href":"https:\/\/plg-pllc.com\/es\/wp-json\/wp\/v2\/media?parent=18543"}],"wp:term":[{"taxonomy":"hc_faqs","embeddable":true,"href":"https:\/\/plg-pllc.com\/es\/wp-json\/wp\/v2\/hc_faqs?post=18543"}],"curies":[{"name":"gracias","href":"https:\/\/api.w.org\/{rel}","templated":true}]}}