{"id":18544,"date":"2021-06-12T08:21:22","date_gmt":"2021-06-12T15:21:22","guid":{"rendered":"https:\/\/plg-pllc.com\/?page_id=18544"},"modified":"2025-02-14T14:11:52","modified_gmt":"2025-02-14T22:11:52","slug":"sound-transit-bus-accidents","status":"publish","type":"page","link":"https:\/\/plg-pllc.com\/es\/seattle\/bus-accident-lawyer\/sound-transit-bus\/","title":{"rendered":"Abogado de accidentes de autob\u00fas en Seattle Sound Transit"},"content":{"rendered":"<h2><strong>\u00bfTiene lesiones debido a un accidente de autob\u00fas de Sound Transit?<\/strong><\/h2>\n<p><img loading=\"lazy\" decoding=\"async\" class=\"alignleft size-medium wp-image-18555\" src=\"https:\/\/plg-pllc.com\/wp-content\/uploads\/2021\/06\/weston-mackinnon-Gxz9ipxHD5U-unsplash-300x200.jpg\" alt=\"Abogados de accidentes de autob\u00fas de Sound Transit en Seattle\" width=\"300\" height=\"200\" srcset=\"https:\/\/plg-pllc.com\/wp-content\/uploads\/2021\/06\/weston-mackinnon-Gxz9ipxHD5U-unsplash-300x200.jpg 300w, https:\/\/plg-pllc.com\/wp-content\/uploads\/2021\/06\/weston-mackinnon-Gxz9ipxHD5U-unsplash-1024x683.jpg 1024w, https:\/\/plg-pllc.com\/wp-content\/uploads\/2021\/06\/weston-mackinnon-Gxz9ipxHD5U-unsplash-768x512.jpg 768w, https:\/\/plg-pllc.com\/wp-content\/uploads\/2021\/06\/weston-mackinnon-Gxz9ipxHD5U-unsplash-1536x1024.jpg 1536w, https:\/\/plg-pllc.com\/wp-content\/uploads\/2021\/06\/weston-mackinnon-Gxz9ipxHD5U-unsplash-2048x1365.jpg 2048w, https:\/\/plg-pllc.com\/wp-content\/uploads\/2021\/06\/weston-mackinnon-Gxz9ipxHD5U-unsplash-640x427.jpg 640w, https:\/\/plg-pllc.com\/wp-content\/uploads\/2021\/06\/weston-mackinnon-Gxz9ipxHD5U-unsplash-1200x800.jpg 1200w, https:\/\/plg-pllc.com\/wp-content\/uploads\/2021\/06\/weston-mackinnon-Gxz9ipxHD5U-unsplash-1920x1280.jpg 1920w, https:\/\/plg-pllc.com\/wp-content\/uploads\/2021\/06\/weston-mackinnon-Gxz9ipxHD5U-unsplash-250x167.jpg 250w\" sizes=\"auto, (max-width: 300px) 100vw, 300px\" \/>Todos los d\u00edas, por una raz\u00f3n u otra, la gente de Washington utiliza Sound Transit como medio de transporte. Algunos los utilizan para ir a trabajar, otros para enviar a sus hijos a la escuela. Los turistas los utilizan para ir de compras o para viajes en grupo. Como tanta gente utiliza los autobuses y depende de ellos para viajar con seguridad, los conductores de autob\u00fas est\u00e1n sujetos a normas de cuidado m\u00e1s estrictas. Sin embargo, eso no significa que no ocurran accidentes de autob\u00fas.<\/p>\n<p>Si sufri\u00f3 lesiones a causa de un accidente de autob\u00fas en Sound Transit, comun\u00edquese con Premier Law Group. <a href=\"https:\/\/plg-pllc.com\/\">abogados con experiencia<\/a> Le ayudar\u00e1 a gestionar su situaci\u00f3n y conseguir el mejor resultado posible. Llame <em>206.285.1743<\/em> Hoy para hablar con un <a href=\"https:\/\/plg-pllc.com\/seattle\/bus-accident-lawyer\/\">Abogado experto en accidentes de autob\u00fas en Seattle<\/a>!<\/p>\n<h2><strong>Causas de los accidentes de autobuses de Sound Transit<\/strong><\/h2>\n<p>Si bien los autobuses de Sound Transit corren riesgos por acciones como el exceso de velocidad, otras acciones (o falta de acci\u00f3n) tienen m\u00e1s probabilidades de provocar un accidente de autob\u00fas. Algunos ejemplos son:<\/p>\n<ul>\n<li><strong>Puntos ciegos.<\/strong> Debido a su gran tama\u00f1o, los autobuses tienen una serie de puntos ciegos que dificultan la visi\u00f3n del camino circundante. <a href=\"https:\/\/plg-pllc.com\/glossary\/car-accidents\/\">Otros veh\u00edculos<\/a>, <a href=\"https:\/\/plg-pllc.com\/washington\/pedestrian-accident-lawyer\/\">peatones<\/a>, o<\/li>\n<li><strong>Fatiga del conductor.<\/strong> Los conductores de autob\u00fas pasan largos per\u00edodos al volante, lo que aumenta la probabilidad de que conduzcan cansados, lo que puede provocar un accidente.<\/li>\n<li><strong>Distracci\u00f3n del conductor.<\/strong> Debido a las largas horas que pasan al volante, los conductores de autob\u00fas tienden a buscar entretenimiento mientras conducen. Adem\u00e1s de enviar mensajes de texto o usar dispositivos electr\u00f3nicos, los pasajeros ruidosos o rebeldes tambi\u00e9n pueden distraer al conductor.<\/li>\n<li><strong>Fallas mec\u00e1nicas.<\/strong> Debido a que los autobuses recorren tantos kil\u00f3metros, son m\u00e1s susceptibles a sufrir aver\u00edas mec\u00e1nicas y, si no reciben el mantenimiento adecuado, pueden producirse accidentes.<\/li>\n<li><strong>Condiciones de la carretera.<\/strong> Los autobuses, debido a su tama\u00f1o, son m\u00e1s dif\u00edciles de maniobrar que los autom\u00f3viles de pasajeros est\u00e1ndar. Cuando las carreteras tienen un dise\u00f1o y un mantenimiento deficientes, o hay mal tiempo, esto puede crear calzadas peligrosas. Esto hace que aumente la posibilidad de un accidente de autob\u00fas de Sound Transit.<\/li>\n<\/ul>\n<h2><strong>Lesiones causadas por accidentes de autobuses de Sound Transit<\/strong><\/h2>\n<p>Si bien los autobuses sufren menos accidentes que otros tipos de veh\u00edculos, hay dos caracter\u00edsticas comunes que pueden provocar lesiones:<\/p>\n<ul>\n<li><strong>Centro de gravedad alto:<\/strong> Debido al tama\u00f1o de un autob\u00fas, es m\u00e1s propenso a accidentes por vuelco.<\/li>\n<li><strong>Falta de cinturones de seguridad\/equipos de protecci\u00f3n:<\/strong> Como los autobuses no tienen cinturones de seguridad ni bolsas de aire, los pasajeros corren el riesgo de salir despedidos durante un accidente. Tambi\u00e9n podr\u00edan entrar en contacto con partes del autob\u00fas que podr\u00edan causarles lesiones, como los asientos o las ventanas.<\/li>\n<\/ul>\n<p><img loading=\"lazy\" decoding=\"async\" class=\"alignright size-medium wp-image-18554\" src=\"https:\/\/plg-pllc.com\/wp-content\/uploads\/2021\/06\/josh-hild-COAe8b6ZgGw-unsplash-240x300.jpg\" alt=\"Abogados de accidentes de autob\u00fas en Seattle\" width=\"240\" height=\"300\" srcset=\"https:\/\/plg-pllc.com\/wp-content\/uploads\/2021\/06\/josh-hild-COAe8b6ZgGw-unsplash-240x300.jpg 240w, https:\/\/plg-pllc.com\/wp-content\/uploads\/2021\/06\/josh-hild-COAe8b6ZgGw-unsplash-819x1024.jpg 819w, https:\/\/plg-pllc.com\/wp-content\/uploads\/2021\/06\/josh-hild-COAe8b6ZgGw-unsplash-768x960.jpg 768w, https:\/\/plg-pllc.com\/wp-content\/uploads\/2021\/06\/josh-hild-COAe8b6ZgGw-unsplash-1229x1536.jpg 1229w, https:\/\/plg-pllc.com\/wp-content\/uploads\/2021\/06\/josh-hild-COAe8b6ZgGw-unsplash-1638x2048.jpg 1638w, https:\/\/plg-pllc.com\/wp-content\/uploads\/2021\/06\/josh-hild-COAe8b6ZgGw-unsplash-640x800.jpg 640w, https:\/\/plg-pllc.com\/wp-content\/uploads\/2021\/06\/josh-hild-COAe8b6ZgGw-unsplash-1024x1280.jpg 1024w, https:\/\/plg-pllc.com\/wp-content\/uploads\/2021\/06\/josh-hild-COAe8b6ZgGw-unsplash-1200x1500.jpg 1200w, https:\/\/plg-pllc.com\/wp-content\/uploads\/2021\/06\/josh-hild-COAe8b6ZgGw-unsplash-1920x2400.jpg 1920w, https:\/\/plg-pllc.com\/wp-content\/uploads\/2021\/06\/josh-hild-COAe8b6ZgGw-unsplash-160x200.jpg 160w, https:\/\/plg-pllc.com\/wp-content\/uploads\/2021\/06\/josh-hild-COAe8b6ZgGw-unsplash-scaled.jpg 2048w\" sizes=\"auto, (max-width: 240px) 100vw, 240px\" \/>Cuando ocurren accidentes de autob\u00fas en Sound Transit, algunas de las lesiones que se sufren com\u00fanmente incluyen:<\/p>\n<ul>\n<li>Latigazo<\/li>\n<li>Moretones<\/li>\n<li>Esguinces<\/li>\n<li>Huesos rotos<\/li>\n<li>Conmociones cerebrales<\/li>\n<li>Hemorragia interna o da\u00f1o a \u00f3rganos<\/li>\n<li>Muerte<\/li>\n<\/ul>\n<p>Adem\u00e1s, es com\u00fan que las v\u00edctimas de un accidente no sean conscientes de sus lesiones inmediatamente. Sin embargo, m\u00e1s tarde descubren que sus lesiones son importantes. Hay muchos factores que influyen en esto, como la adrenalina, los s\u00edntomas retardados y el shock. Es importante buscar atenci\u00f3n m\u00e9dica de inmediato despu\u00e9s de un accidente de autob\u00fas de Sound Transit.<\/p>\n\n        <div class=\"rs-content-cta long\">\n            <p>Para una consulta legal GRATUITA con un abogado especializado en accidentes de autobuses de tr\u00e1nsito que preste servicios en Seattle, llame al <a href=\"tel:+12062851743\">(206) 285-1743 <\/a><\/p>\n            <a href=\"https:\/\/plg-pllc.com\/es\/contact-us\/\" title=\"OBTENGA UNA EVALUACI\u00d3N DE CASO GRATUITA\" class=\"btn-global\">OBTENGA UNA EVALUACI\u00d3N DE CASO GRATUITA<\/a>\n                    <picture>\n                            <source srcset=\"https:\/\/plg-pllc.com\/wp-content\/themes\/plg-pllc-redesign\/assets\/app\/img\/cta-thumb.webp\" type=\"image\/webp\"\/>\n                            <img src=\"https:\/\/plg-pllc.com\/wp-content\/themes\/plg-pllc-redesign\/assets\/app\/img\/cta-thumb.png\" alt=\"Grupo de abogados Premier\" title=\"Grupo de abogados Premier\" width=\"245\" height=\"220\" loading=\"auto\" fetchpriority=\"auto\" decoding=\"async\"\/>\n        <\/picture>\n        \n        <\/div><h2><strong>Leyes sobre accidentes de autob\u00fas en Seattle<\/strong><\/h2>\n<p>Las leyes relacionadas con los autobuses y los conductores de autobuses dependen del tipo de veh\u00edculo y del lugar por el que viaja. Si un autob\u00fas cruza a otro estado, queda bajo la jurisdicci\u00f3n del<a href=\"https:\/\/www.fmcsa.dot.gov\/regulations\/passenger-carrier-guidance-fact-sheet\"> Administraci\u00f3n Federal de Seguridad de Autotransportistas<\/a>.<\/p>\n<p>Si el veh\u00edculo solo opera en el estado de Washington, las leyes espec\u00edficas dependen del veh\u00edculo. Por ejemplo, Washington tiene leyes espec\u00edficas que rigen las operaciones de los autobuses escolares. Sin embargo, existen diferentes regulaciones para los transportistas comunes y privados.<\/p>\n<p>Adem\u00e1s, los conductores de autob\u00fas deben tener una licencia de conducir comercial antes de operar un autob\u00fas. Las certificaciones y aprobaciones adicionales requeridas var\u00edan seg\u00fan el peso, el tipo y la cantidad de pasajeros del autob\u00fas que transporta.<\/p>\n<p>En Premier Law Group, nuestros abogados experimentados de Seattle Sound Transit <a href=\"https:\/\/plg-pllc.com\/seattle\/bus-accident-lawyer\/\">abogados de accidentes de autob\u00fas<\/a> Podemos ayudarle. Determinaremos el tipo de autob\u00fas involucrado en su accidente e identificaremos qu\u00e9 leyes se aplican en su caso.<\/p>\n<h2><strong>\u00bfPor qu\u00e9 es importante tener un abogado con experiencia en accidentes de autob\u00fas?<\/strong><\/h2>\n<p>Los accidentes de autob\u00fas son asuntos complicados y hay muchos factores a considerar en un caso de accidente de autob\u00fas de Sound Transit.<\/p>\n<p>Es \u00fatil contar con un abogado con experiencia en accidentes de autob\u00fas de Sound Transit de su lado para obtener la mayor cantidad de compensaci\u00f3n que se merece. Nuestro equipo de abogados en <a href=\"https:\/\/plg-pllc.com\/about-us\/\">Grupo de abogados Premier<\/a> Lucharemos para conseguirle una compensaci\u00f3n completa y justa.<\/p>\n<h2><strong>\u00a1Nuestros abogados con experiencia en accidentes de autob\u00fas de Sound Transit pueden ayudarlo!<\/strong><\/h2>\n<p><img loading=\"lazy\" decoding=\"async\" class=\"alignleft size-medium wp-image-17837\" src=\"https:\/\/plg-pllc.com\/wp-content\/uploads\/2020\/09\/imgmenufree-300x197.jpg\" alt=\"Abogados con experiencia en accidentes de autob\u00fas en Seattle, Federal Way, Renton y Bellevue\" width=\"300\" height=\"197\" srcset=\"https:\/\/plg-pllc.com\/wp-content\/uploads\/2020\/09\/imgmenufree-300x197.jpg 300w, https:\/\/plg-pllc.com\/wp-content\/uploads\/2020\/09\/imgmenufree-250x164.jpg 250w, https:\/\/plg-pllc.com\/wp-content\/uploads\/2020\/09\/imgmenufree.jpg 400w\" sizes=\"auto, (max-width: 300px) 100vw, 300px\" \/>Lo mejor que puede hacer despu\u00e9s de un accidente de autob\u00fas en Sound Transit es ponerse en contacto con Premier Law Group. Podr\u00e1 hablar directamente con uno de nuestros abogados. <a href=\"https:\/\/plg-pllc.com\/seattle\/bus-accident-lawyer\/\">Abogados con experiencia en accidentes de autob\u00fas en Seattle<\/a>.<\/p>\n<p>Adem\u00e1s, Premier Law Group se enorgullece de tener una excelente comunicaci\u00f3n con los clientes. Lo mantendremos informado sobre su reclamo y responderemos cualquier pregunta que pueda tener durante el proceso.<\/p>\n<p>El abogado adecuado luchar\u00e1 para proteger su salud, su bienestar emocional y sus finanzas. En Premier Law Group, nuestro objetivo es que todos con quienes trabajamos reciban justicia por sus lesiones. \u00a1Nosotros haremos el trabajo, usted solo conc\u00e9ntrese en mejorar!<\/p>\n<p>Comun\u00edquese con Premier Law Group para obtener una <a href=\"https:\/\/plg-pllc.com\/contact-us\/\"><strong>GRATIS<\/strong> <\/a>Revisi\u00f3n del caso de accidente de autob\u00fas de Sound Transit hoy. Llame <em>206.285.1743<\/em>Como siempre, t\u00fa <a href=\"https:\/\/plg-pllc.com\/about-us\/zero-fee-guarantee\/\">No tienes que pagar una tarifa<\/a> \u00a1A menos que ganemos su caso!<\/p>\n\n        <div class=\"rs-content-cta\">\n            <p>Llamar o enviar mensaje de texto <a href=\"tel:+12062851743\">(206) 285-1743<\/a> o complete un formulario de evaluaci\u00f3n de caso gratuito<\/p>\n            <a href=\"https:\/\/plg-pllc.com\/es\/contact-us\/\" title=\"OBTENGA UNA EVALUACI\u00d3N DE CASO GRATUITA\" class=\"btn-global\">OBTENGA UNA EVALUACI\u00d3N DE CASO GRATUITA<\/a>\n                    <picture>\n                            <source srcset=\"https:\/\/plg-pllc.com\/wp-content\/themes\/plg-pllc-redesign\/assets\/app\/img\/cta-thumb.webp\" type=\"image\/webp\"\/>\n                            <img src=\"https:\/\/plg-pllc.com\/wp-content\/themes\/plg-pllc-redesign\/assets\/app\/img\/cta-thumb.png\" alt=\"Grupo de abogados Premier\" title=\"Grupo de abogados Premier\" width=\"245\" height=\"220\" loading=\"auto\" fetchpriority=\"auto\" decoding=\"async\"\/>\n        <\/picture>\n        \n        <\/div>","protected":false},"excerpt":{"rendered":"<p>\u00bfHa sufrido lesiones a causa de un accidente de autob\u00fas de Sound Transit? Todos los d\u00edas, por una raz\u00f3n u otra, la gente de Washington utiliza Sound Transit como medio de transporte. Algunos los utilizan para ir al trabajo, otros para enviar a sus hijos a la escuela. Los turistas los utilizan para ir de compras o para viajes en grupo. Debido a que tanta gente utiliza los autobuses\u2026<\/p>","protected":false},"author":24,"featured_media":18556,"parent":18341,"menu_order":0,"comment_status":"closed","ping_status":"closed","template":"","meta":{"_acf_changed":false,"_genesis_hide_title":false,"_genesis_hide_breadcrumbs":false,"_genesis_hide_singular_image":false,"_genesis_hide_footer_widgets":false,"_genesis_custom_body_class":"","_genesis_custom_post_class":"","_genesis_layout":"","footnotes":""},"hc_faqs":[],"class_list":{"0":"post-18544","1":"page","2":"type-page","3":"status-publish","4":"has-post-thumbnail","6":"hc_city_location-seattle","7":"entry"},"acf":[],"yoast_head":"<!-- This site is optimized with the Yoast SEO plugin v27.5 - https:\/\/yoast.com\/product\/yoast-seo-wordpress\/ -->\n<title>Sound Transit Bus Accident Lawyer in Seattle | Free Case Review<\/title>\n<meta name=\"description\" content=\"Seattle Sound Transit Bus Accident Lawyer: Premier Law Group helps you unlock the full compensation you deserve. No Fee Unless We Win.\" \/>\n<meta name=\"robots\" content=\"index, follow, max-snippet:-1, max-image-preview:large, max-video-preview:-1\" \/>\n<link rel=\"canonical\" href=\"https:\/\/plg-pllc.com\/es\/seattle\/bus-accident-lawyer\/sound-transit-bus\/\" \/>\n<meta property=\"og:locale\" content=\"es_MX\" \/>\n<meta property=\"og:type\" content=\"article\" \/>\n<meta property=\"og:title\" content=\"Sound Transit Bus Accident Lawyer in Seattle | Free Case Review\" \/>\n<meta property=\"og:description\" content=\"Seattle Sound Transit Bus Accident Lawyer: Premier Law Group helps you unlock the full compensation you deserve. No Fee Unless We Win.\" \/>\n<meta property=\"og:url\" content=\"https:\/\/plg-pllc.com\/es\/seattle\/bus-accident-lawyer\/sound-transit-bus\/\" \/>\n<meta property=\"og:site_name\" content=\"Premier Law Group\" \/>\n<meta property=\"article:publisher\" content=\"https:\/\/www.facebook.com\/premierlawgroup\" \/>\n<meta property=\"article:modified_time\" content=\"2025-02-14T22:11:52+00:00\" \/>\n<meta property=\"og:image\" content=\"https:\/\/plg-pllc.com\/wp-content\/uploads\/2021\/06\/scarbor-siu-G9ibPhxqagE-unsplash-scaled.jpg\" \/>\n\t<meta property=\"og:image:width\" content=\"2560\" \/>\n\t<meta property=\"og:image:height\" content=\"1709\" \/>\n\t<meta property=\"og:image:type\" content=\"image\/jpeg\" \/>\n<meta name=\"twitter:card\" content=\"summary_large_image\" \/>\n<meta name=\"twitter:site\" content=\"@premierlawgroup\" \/>\n<meta name=\"twitter:label1\" content=\"Tiempo de lectura\" \/>\n\t<meta name=\"twitter:data1\" content=\"5 minutos\" \/>\n<script type=\"application\/ld+json\" class=\"yoast-schema-graph\">{\"@context\":\"https:\\\/\\\/schema.org\",\"@graph\":[{\"@type\":\"WebPage\",\"@id\":\"https:\\\/\\\/plg-pllc.com\\\/seattle\\\/bus-accident-lawyer\\\/sound-transit-bus\\\/\",\"url\":\"https:\\\/\\\/plg-pllc.com\\\/seattle\\\/bus-accident-lawyer\\\/sound-transit-bus\\\/\",\"name\":\"Sound Transit Bus Accident Lawyer in Seattle | Free Case Review\",\"isPartOf\":{\"@id\":\"https:\\\/\\\/plg-pllc.com\\\/#website\"},\"primaryImageOfPage\":{\"@id\":\"https:\\\/\\\/plg-pllc.com\\\/seattle\\\/bus-accident-lawyer\\\/sound-transit-bus\\\/#primaryimage\"},\"image\":{\"@id\":\"https:\\\/\\\/plg-pllc.com\\\/seattle\\\/bus-accident-lawyer\\\/sound-transit-bus\\\/#primaryimage\"},\"thumbnailUrl\":\"https:\\\/\\\/plg-pllc.com\\\/wp-content\\\/uploads\\\/2021\\\/06\\\/scarbor-siu-G9ibPhxqagE-unsplash-scaled.jpg\",\"datePublished\":\"2021-06-12T15:21:22+00:00\",\"dateModified\":\"2025-02-14T22:11:52+00:00\",\"description\":\"Seattle Sound Transit Bus Accident Lawyer: Premier Law Group helps you unlock the full compensation you deserve. No Fee Unless We Win.\",\"breadcrumb\":{\"@id\":\"https:\\\/\\\/plg-pllc.com\\\/seattle\\\/bus-accident-lawyer\\\/sound-transit-bus\\\/#breadcrumb\"},\"inLanguage\":\"es\",\"potentialAction\":[{\"@type\":\"ReadAction\",\"target\":[\"https:\\\/\\\/plg-pllc.com\\\/seattle\\\/bus-accident-lawyer\\\/sound-transit-bus\\\/\"]}]},{\"@type\":\"ImageObject\",\"inLanguage\":\"es\",\"@id\":\"https:\\\/\\\/plg-pllc.com\\\/seattle\\\/bus-accident-lawyer\\\/sound-transit-bus\\\/#primaryimage\",\"url\":\"https:\\\/\\\/plg-pllc.com\\\/wp-content\\\/uploads\\\/2021\\\/06\\\/scarbor-siu-G9ibPhxqagE-unsplash-scaled.jpg\",\"contentUrl\":\"https:\\\/\\\/plg-pllc.com\\\/wp-content\\\/uploads\\\/2021\\\/06\\\/scarbor-siu-G9ibPhxqagE-unsplash-scaled.jpg\",\"width\":2560,\"height\":1709,\"caption\":\"Sound transit bus accidents attorneys in Seattle\"},{\"@type\":\"BreadcrumbList\",\"@id\":\"https:\\\/\\\/plg-pllc.com\\\/seattle\\\/bus-accident-lawyer\\\/sound-transit-bus\\\/#breadcrumb\",\"itemListElement\":[{\"@type\":\"ListItem\",\"position\":1,\"name\":\"Home\",\"item\":\"https:\\\/\\\/plg-pllc.com\\\/es\\\/\"},{\"@type\":\"ListItem\",\"position\":2,\"name\":\"Seattle Personal Injury Lawyer\",\"item\":\"https:\\\/\\\/plg-pllc.com\\\/es\\\/seattle\\\/personal-injury-lawyer\\\/\"},{\"@type\":\"ListItem\",\"position\":3,\"name\":\"Seattle Bus Accident Lawyer\",\"item\":\"https:\\\/\\\/plg-pllc.com\\\/es\\\/seattle\\\/bus-accident-lawyer\\\/\"},{\"@type\":\"ListItem\",\"position\":4,\"name\":\"Sound Transit Bus Accident\"}]},{\"@type\":\"WebSite\",\"@id\":\"https:\\\/\\\/plg-pllc.com\\\/#website\",\"url\":\"https:\\\/\\\/plg-pllc.com\\\/\",\"name\":\"Premier Law Group\",\"description\":\"Washington Wrongful Death and Serious Injury Lawyer\",\"publisher\":{\"@id\":\"https:\\\/\\\/plg-pllc.com\\\/#organization\"},\"inLanguage\":\"es\"},{\"@type\":\"Organization\",\"@id\":\"https:\\\/\\\/plg-pllc.com\\\/#organization\",\"name\":\"Premier Law Group\",\"url\":\"https:\\\/\\\/plg-pllc.com\\\/\",\"logo\":{\"@type\":\"ImageObject\",\"inLanguage\":\"es\",\"@id\":\"https:\\\/\\\/plg-pllc.com\\\/#\\\/schema\\\/logo\\\/image\\\/\",\"url\":\"https:\\\/\\\/plg-pllc.com\\\/wp-content\\\/uploads\\\/2020\\\/10\\\/plg-logo-v2.gif\",\"contentUrl\":\"https:\\\/\\\/plg-pllc.com\\\/wp-content\\\/uploads\\\/2020\\\/10\\\/plg-logo-v2.gif\",\"width\":592,\"height\":191,\"caption\":\"Premier Law Group\"},\"image\":{\"@id\":\"https:\\\/\\\/plg-pllc.com\\\/#\\\/schema\\\/logo\\\/image\\\/\"},\"sameAs\":[\"https:\\\/\\\/www.facebook.com\\\/premierlawgroup\",\"https:\\\/\\\/x.com\\\/premierlawgroup\"]}]}<\/script>\n<!-- \/ Yoast SEO plugin. -->","yoast_head_json":{"title":"Abogado de accidentes de autob\u00fas de Sound Transit en Seattle | Revisi\u00f3n gratuita del caso","description":"Abogado de accidentes de autob\u00fas en Seattle Sound Transit: Premier Law Group lo ayuda a obtener la compensaci\u00f3n total que merece. Sin honorarios a menos que ganemos.","robots":{"index":"index","follow":"follow","max-snippet":"max-snippet:-1","max-image-preview":"max-image-preview:large","max-video-preview":"max-video-preview:-1"},"canonical":"https:\/\/plg-pllc.com\/es\/seattle\/bus-accident-lawyer\/sound-transit-bus\/","og_locale":"es_MX","og_type":"article","og_title":"Sound Transit Bus Accident Lawyer in Seattle | Free Case Review","og_description":"Seattle Sound Transit Bus Accident Lawyer: Premier Law Group helps you unlock the full compensation you deserve. No Fee Unless We Win.","og_url":"https:\/\/plg-pllc.com\/es\/seattle\/bus-accident-lawyer\/sound-transit-bus\/","og_site_name":"Premier Law Group","article_publisher":"https:\/\/www.facebook.com\/premierlawgroup","article_modified_time":"2025-02-14T22:11:52+00:00","og_image":[{"width":2560,"height":1709,"url":"https:\/\/plg-pllc.com\/wp-content\/uploads\/2021\/06\/scarbor-siu-G9ibPhxqagE-unsplash-scaled.jpg","type":"image\/jpeg"}],"twitter_card":"summary_large_image","twitter_site":"@premierlawgroup","twitter_misc":{"Tiempo de lectura":"5 minutos"},"schema":{"@context":"https:\/\/schema.org","@graph":[{"@type":"WebPage","@id":"https:\/\/plg-pllc.com\/seattle\/bus-accident-lawyer\/sound-transit-bus\/","url":"https:\/\/plg-pllc.com\/seattle\/bus-accident-lawyer\/sound-transit-bus\/","name":"Abogado de accidentes de autob\u00fas de Sound Transit en Seattle | Revisi\u00f3n gratuita del caso","isPartOf":{"@id":"https:\/\/plg-pllc.com\/#website"},"primaryImageOfPage":{"@id":"https:\/\/plg-pllc.com\/seattle\/bus-accident-lawyer\/sound-transit-bus\/#primaryimage"},"image":{"@id":"https:\/\/plg-pllc.com\/seattle\/bus-accident-lawyer\/sound-transit-bus\/#primaryimage"},"thumbnailUrl":"https:\/\/plg-pllc.com\/wp-content\/uploads\/2021\/06\/scarbor-siu-G9ibPhxqagE-unsplash-scaled.jpg","datePublished":"2021-06-12T15:21:22+00:00","dateModified":"2025-02-14T22:11:52+00:00","description":"Abogado de accidentes de autob\u00fas en Seattle Sound Transit: Premier Law Group lo ayuda a obtener la compensaci\u00f3n total que merece. Sin honorarios a menos que ganemos.","breadcrumb":{"@id":"https:\/\/plg-pllc.com\/seattle\/bus-accident-lawyer\/sound-transit-bus\/#breadcrumb"},"inLanguage":"es","potentialAction":[{"@type":"ReadAction","target":["https:\/\/plg-pllc.com\/seattle\/bus-accident-lawyer\/sound-transit-bus\/"]}]},{"@type":"ImageObject","inLanguage":"es","@id":"https:\/\/plg-pllc.com\/seattle\/bus-accident-lawyer\/sound-transit-bus\/#primaryimage","url":"https:\/\/plg-pllc.com\/wp-content\/uploads\/2021\/06\/scarbor-siu-G9ibPhxqagE-unsplash-scaled.jpg","contentUrl":"https:\/\/plg-pllc.com\/wp-content\/uploads\/2021\/06\/scarbor-siu-G9ibPhxqagE-unsplash-scaled.jpg","width":2560,"height":1709,"caption":"Sound transit bus accidents attorneys in Seattle"},{"@type":"BreadcrumbList","@id":"https:\/\/plg-pllc.com\/seattle\/bus-accident-lawyer\/sound-transit-bus\/#breadcrumb","itemListElement":[{"@type":"ListItem","position":1,"name":"Home","item":"https:\/\/plg-pllc.com\/es\/"},{"@type":"ListItem","position":2,"name":"Seattle Personal Injury Lawyer","item":"https:\/\/plg-pllc.com\/es\/seattle\/personal-injury-lawyer\/"},{"@type":"ListItem","position":3,"name":"Seattle Bus Accident Lawyer","item":"https:\/\/plg-pllc.com\/es\/seattle\/bus-accident-lawyer\/"},{"@type":"ListItem","position":4,"name":"Sound Transit Bus Accident"}]},{"@type":"WebSite","@id":"https:\/\/plg-pllc.com\/#website","url":"https:\/\/plg-pllc.com\/","name":"Grupo de abogados Premier","description":"Abogado de muerte por negligencia y lesiones graves en Washington","publisher":{"@id":"https:\/\/plg-pllc.com\/#organization"},"inLanguage":"es"},{"@type":"Organization","@id":"https:\/\/plg-pllc.com\/#organization","name":"Grupo de abogados Premier","url":"https:\/\/plg-pllc.com\/","logo":{"@type":"ImageObject","inLanguage":"es","@id":"https:\/\/plg-pllc.com\/#\/schema\/logo\/image\/","url":"https:\/\/plg-pllc.com\/wp-content\/uploads\/2020\/10\/plg-logo-v2.gif","contentUrl":"https:\/\/plg-pllc.com\/wp-content\/uploads\/2020\/10\/plg-logo-v2.gif","width":592,"height":191,"caption":"Premier Law Group"},"image":{"@id":"https:\/\/plg-pllc.com\/#\/schema\/logo\/image\/"},"sameAs":["https:\/\/www.facebook.com\/premierlawgroup","https:\/\/x.com\/premierlawgroup"]}]}},"_links":{"self":[{"href":"https:\/\/plg-pllc.com\/es\/wp-json\/wp\/v2\/pages\/18544","targetHints":{"allow":["GET"]}}],"collection":[{"href":"https:\/\/plg-pllc.com\/es\/wp-json\/wp\/v2\/pages"}],"about":[{"href":"https:\/\/plg-pllc.com\/es\/wp-json\/wp\/v2\/types\/page"}],"author":[{"embeddable":true,"href":"https:\/\/plg-pllc.com\/es\/wp-json\/wp\/v2\/users\/24"}],"replies":[{"embeddable":true,"href":"https:\/\/plg-pllc.com\/es\/wp-json\/wp\/v2\/comments?post=18544"}],"version-history":[{"count":0,"href":"https:\/\/plg-pllc.com\/es\/wp-json\/wp\/v2\/pages\/18544\/revisions"}],"up":[{"embeddable":true,"href":"https:\/\/plg-pllc.com\/es\/wp-json\/wp\/v2\/pages\/18341"}],"wp:featuredmedia":[{"embeddable":true,"href":"https:\/\/plg-pllc.com\/es\/wp-json\/wp\/v2\/media\/18556"}],"wp:attachment":[{"href":"https:\/\/plg-pllc.com\/es\/wp-json\/wp\/v2\/media?parent=18544"}],"wp:term":[{"taxonomy":"hc_faqs","embeddable":true,"href":"https:\/\/plg-pllc.com\/es\/wp-json\/wp\/v2\/hc_faqs?post=18544"}],"curies":[{"name":"gracias","href":"https:\/\/api.w.org\/{rel}","templated":true}]}}