{"id":18545,"date":"2021-06-08T12:26:40","date_gmt":"2021-06-08T19:26:40","guid":{"rendered":"https:\/\/plg-pllc.com\/?page_id=18545"},"modified":"2024-10-18T09:32:00","modified_gmt":"2024-10-18T16:32:00","slug":"community-transit-bus","status":"publish","type":"page","link":"https:\/\/plg-pllc.com\/es\/seattle\/bus-accident-lawyer\/community-transit-bus\/","title":{"rendered":"Abogado de accidentes de autob\u00fas de Seattle Community Transit"},"content":{"rendered":"<h2><strong>Abogados de accidentes de autobuses de tr\u00e1nsito comunitario<\/strong><\/h2>\n<p>Cada d\u00eda, m\u00e1s de 200 autobuses de Community Transit transportan pasajeros en el \u00e1rea de Seattle. Tambi\u00e9n prestan servicio en m\u00e1s de 50 rutas y 2100 paradas. Sin embargo, a veces estos autobuses sufren accidentes. <a href=\"https:\/\/plg-pllc.com\/seattle\/bus-accident-lawyer\/\">accidentes de autob\u00fas<\/a> Puede colisionar con veh\u00edculos de motor, <a href=\"https:\/\/plg-pllc.com\/washington\/pedestrian-accident-lawyer\/\">peatones<\/a> y ciclistas. Tambi\u00e9n pueden provocar lesiones graves o muerte por negligencia.<\/p>\n<p>\u00bfHa sufrido un accidente de autob\u00fas de Community Transit? P\u00f3ngase en contacto con Premier Law Group. Llame al 206.285.1743 hoy mismo para comenzar la revisi\u00f3n gratuita de su caso.<\/p>\n<h2><strong>\u00bfQu\u00e9 causa los accidentes de autobuses de transporte comunitario?<\/strong><\/h2>\n<p>Estos conductores de autob\u00fas reciben una formaci\u00f3n intensiva y tambi\u00e9n participan en programas de seguridad. Sin embargo, los errores de los conductores y el mantenimiento deficiente de los veh\u00edculos siguen provocando accidentes.<\/p>\n<h5><strong><em>Error del controlador <\/em><\/strong><\/h5>\n<p>Adem\u00e1s, los conductores se cansan por los turnos largos. Los conductores ebrios tambi\u00e9n causan accidentes. Los conductores tambi\u00e9n deben garantizar que los autobuses sean puntuales, incluso en medio de mucho tr\u00e1fico. Esto puede llevar a tomar decisiones apresuradas y, por lo tanto, tambi\u00e9n a provocar colisiones. De hecho, los autobuses a menudo chocan por detr\u00e1s a otros veh\u00edculos.<\/p>\n<h5><strong><em>Problemas mec\u00e1nicos y mal mantenimiento del veh\u00edculo <\/em><\/strong><\/h5>\n<p>Adem\u00e1s, sin un mantenimiento adecuado, pueden surgir problemas mec\u00e1nicos. Las empresas realizan encuestas cuando surgen estos problemas. Estas encuestas revisan los registros de seguridad y el historial de mantenimiento. A menudo, destacan las violaciones de seguridad.<\/p>\n<h2><strong>Subcontrataci\u00f3n de transporte comunitario<\/strong><\/h2>\n<p><img loading=\"lazy\" decoding=\"async\" class=\"alignleft size-medium wp-image-18555\" src=\"https:\/\/plg-pllc.com\/wp-content\/uploads\/2021\/06\/weston-mackinnon-Gxz9ipxHD5U-unsplash-300x200.jpg\" alt=\"Abogados de accidentes de autobuses de transporte comunitario en Seattle\" width=\"300\" height=\"200\" srcset=\"https:\/\/plg-pllc.com\/wp-content\/uploads\/2021\/06\/weston-mackinnon-Gxz9ipxHD5U-unsplash-300x200.jpg 300w, https:\/\/plg-pllc.com\/wp-content\/uploads\/2021\/06\/weston-mackinnon-Gxz9ipxHD5U-unsplash-1024x683.jpg 1024w, https:\/\/plg-pllc.com\/wp-content\/uploads\/2021\/06\/weston-mackinnon-Gxz9ipxHD5U-unsplash-768x512.jpg 768w, https:\/\/plg-pllc.com\/wp-content\/uploads\/2021\/06\/weston-mackinnon-Gxz9ipxHD5U-unsplash-1536x1024.jpg 1536w, https:\/\/plg-pllc.com\/wp-content\/uploads\/2021\/06\/weston-mackinnon-Gxz9ipxHD5U-unsplash-2048x1365.jpg 2048w, https:\/\/plg-pllc.com\/wp-content\/uploads\/2021\/06\/weston-mackinnon-Gxz9ipxHD5U-unsplash-640x427.jpg 640w, https:\/\/plg-pllc.com\/wp-content\/uploads\/2021\/06\/weston-mackinnon-Gxz9ipxHD5U-unsplash-1200x800.jpg 1200w, https:\/\/plg-pllc.com\/wp-content\/uploads\/2021\/06\/weston-mackinnon-Gxz9ipxHD5U-unsplash-1920x1280.jpg 1920w, https:\/\/plg-pllc.com\/wp-content\/uploads\/2021\/06\/weston-mackinnon-Gxz9ipxHD5U-unsplash-250x167.jpg 250w\" sizes=\"auto, (max-width: 300px) 100vw, 300px\" \/>Este sistema de transporte p\u00fablico presta servicio a 53 rutas en la zona. Estas rutas se encuentran en el condado de Snohomish. Tambi\u00e9n se encuentran en el centro de la ciudad. <a href=\"https:\/\/plg-pllc.com\/seattle\/personal-injury-lawyer\/\">Seattle<\/a>Tambi\u00e9n hay rutas en la Universidad de Washington. Cada ciudad dentro del condado es parte del \u00e1rea de servicio. Sin embargo, Everett no lo es. Adem\u00e1s, otros proveedores de transporte regional subcontratan sus servicios.<\/p>\n<p>El sistema de autobuses puede ser eficiente y barato, pero tiene sus contrapartidas: en los autobuses p\u00fablicos, la seguridad depende de los empleados p\u00fablicos.<\/p>\n<p>En <a href=\"https:\/\/plg-pllc.com\/about-us\/\">Grupo de abogados Premier<\/a>Sabemos que presentar reclamos es dif\u00edcil, especialmente contra el transporte p\u00fablico. Por eso representamos a personas que han sufrido accidentes de autob\u00fas en Community Transit. Cont\u00e1ctenos hoy para una consulta gratuita. <a href=\"https:\/\/plg-pllc.com\/contact-us\/\">revisi\u00f3n de caso.<\/a> Llama al 206.285.1743.<\/p>\n\n        <div class=\"rs-content-cta long\">\n            <p>Para una consulta legal GRATUITA con un abogado especializado en accidentes de autobuses de tr\u00e1nsito comunitario que preste servicios en Seattle, llame al <a href=\"tel:+12062851743\">(206) 285-1743 <\/a><\/p>\n            <a href=\"https:\/\/plg-pllc.com\/es\/contact-us\/\" title=\"OBTENGA UNA EVALUACI\u00d3N DE CASO GRATUITA\" class=\"btn-global\">OBTENGA UNA EVALUACI\u00d3N DE CASO GRATUITA<\/a>\n                    <picture>\n                            <source srcset=\"https:\/\/plg-pllc.com\/wp-content\/themes\/plg-pllc-redesign\/assets\/app\/img\/cta-thumb.webp\" type=\"image\/webp\"\/>\n                            <img src=\"https:\/\/plg-pllc.com\/wp-content\/themes\/plg-pllc-redesign\/assets\/app\/img\/cta-thumb.png\" alt=\"Grupo de abogados Premier\" title=\"Grupo de abogados Premier\" width=\"245\" height=\"220\" loading=\"auto\" fetchpriority=\"auto\" decoding=\"async\"\/>\n        <\/picture>\n        \n        <\/div><h2><strong>El valor de una reclamaci\u00f3n por un autob\u00fas de transporte comunitario<\/strong><\/h2>\n<p>Existen varias reclamaciones por da\u00f1os y perjuicios a las que podr\u00eda tener derecho. Entre ellas se incluyen las siguientes:<\/p>\n<ul>\n<li><strong>Una reclamaci\u00f3n de primera parte.<\/strong> Las v\u00edctimas que cuenten con protecci\u00f3n contra lesiones personales pueden presentar una reclamaci\u00f3n. Esto tambi\u00e9n se har\u00e1 a trav\u00e9s de su compa\u00f1\u00eda de seguros. Esto cubrir\u00e1 los gastos inmediatos relacionados con el accidente.<\/li>\n<li><strong>Una reclamaci\u00f3n de un tercero.<\/strong> Las v\u00edctimas presentan este tipo de demanda contra la parte responsable del accidente, que puede incluir a la empresa de autobuses o a la agencia gubernamental supervisora. Sin embargo, estas demandas pasan por el proceso legal de lesiones personales.<\/li>\n<li><strong>Reclamaci\u00f3n por muerte por negligencia.<\/strong> Tambi\u00e9n puede producirse una muerte por negligencia despu\u00e9s de un accidente de autob\u00fas de Community Transit. Los familiares supervivientes tienen derecho a presentar una demanda por muerte por negligencia.<\/li>\n<\/ul>\n<h2><strong>C\u00f3mo puede ayudar un abogado especializado en accidentes de autobuses de transporte p\u00fablico<\/strong><\/h2>\n<p>Los abogados especializados en accidentes de autob\u00fas de Community Transit se ocupan de los aspectos legales m\u00e1s dif\u00edciles. En Premier Law Group, le permitiremos que se concentre tambi\u00e9n en la recuperaci\u00f3n. Nuestros abogados pueden ayudar:<\/p>\n<ul>\n<li>Obtenga atenci\u00f3n m\u00e9dica adecuada<\/li>\n<li>Explicar el proceso legal<\/li>\n<li>Investigar el accidente<\/li>\n<li>Documente sus lesiones<\/li>\n<li>Lucha por una compensaci\u00f3n completa y justa<\/li>\n<\/ul>\n<h2><strong>\u00bfCu\u00e1les son algunas lesiones comunes?<\/strong><\/h2>\n<p><img loading=\"lazy\" decoding=\"async\" class=\"alignright size-medium wp-image-18423\" src=\"https:\/\/plg-pllc.com\/wp-content\/uploads\/2021\/04\/pexels-karolina-grabowska-4506161-200x300.jpg\" alt=\"Abogados de lesiones personales en Bellevue, Renton y Federal Way en Seattle\" width=\"200\" height=\"300\" srcset=\"https:\/\/plg-pllc.com\/wp-content\/uploads\/2021\/04\/pexels-karolina-grabowska-4506161-200x300.jpg 200w, https:\/\/plg-pllc.com\/wp-content\/uploads\/2021\/04\/pexels-karolina-grabowska-4506161-683x1024.jpg 683w, https:\/\/plg-pllc.com\/wp-content\/uploads\/2021\/04\/pexels-karolina-grabowska-4506161-768x1152.jpg 768w, https:\/\/plg-pllc.com\/wp-content\/uploads\/2021\/04\/pexels-karolina-grabowska-4506161-1024x1536.jpg 1024w, https:\/\/plg-pllc.com\/wp-content\/uploads\/2021\/04\/pexels-karolina-grabowska-4506161-1365x2048.jpg 1365w, https:\/\/plg-pllc.com\/wp-content\/uploads\/2021\/04\/pexels-karolina-grabowska-4506161-640x960.jpg 640w, https:\/\/plg-pllc.com\/wp-content\/uploads\/2021\/04\/pexels-karolina-grabowska-4506161-1200x1800.jpg 1200w, https:\/\/plg-pllc.com\/wp-content\/uploads\/2021\/04\/pexels-karolina-grabowska-4506161-1920x2880.jpg 1920w, https:\/\/plg-pllc.com\/wp-content\/uploads\/2021\/04\/pexels-karolina-grabowska-4506161-133x200.jpg 133w, https:\/\/plg-pllc.com\/wp-content\/uploads\/2021\/04\/pexels-karolina-grabowska-4506161-scaled.jpg 1707w\" sizes=\"auto, (max-width: 200px) 100vw, 200px\" \/>Los autobuses son m\u00e1s grandes y pesados que otros veh\u00edculos y tambi\u00e9n pueden causar m\u00e1s da\u00f1os a los veh\u00edculos y a las personas que viajan dentro y alrededor de ellos.<\/p>\n<p>Los accidentes de autob\u00fas en el transporte p\u00fablico tambi\u00e9n pueden provocar muchas lesiones. Algunas de las m\u00e1s comunes son:<\/p>\n<ul>\n<li>Latigazo<\/li>\n<li>Quemaduras<\/li>\n<li>Cicatrizaci\u00f3n<\/li>\n<li>Lesiones en articulaciones y huesos<\/li>\n<li>Amputaci\u00f3n<\/li>\n<li>Par\u00e1lisis<\/li>\n<li>Cabeza y <a href=\"https:\/\/plg-pllc.com\/blog\/spinal-cord-injuries\/\">lesiones de la m\u00e9dula espinal<\/a><\/li>\n<li>Lesiones cerebrales<\/li>\n<li>Incapacidad permanente<\/li>\n<li>Muerte por negligencia<\/li>\n<\/ul>\n<p>En Premier Law Group esperamos que obtengas una compensaci\u00f3n completa y justa. Adem\u00e1s, con la ayuda de un abogado experimentado, puedes exigirle cuentas a la parte responsable.<\/p>\n<h2><strong>No espere para contratar un abogado <\/strong><\/h2>\n<p>Contratar r\u00e1pidamente a un abogado tambi\u00e9n tiene muchas ventajas. En Premier Law Group somos accesibles, directos y atentos. <a href=\"https:\/\/plg-pllc.com\/contact-us\/\">Comun\u00edquese con Premier Law Group<\/a> para hablar con uno de nuestros abogados especializados en accidentes de autob\u00fas de Community Transit. Tambi\u00e9n puede hablar directamente con uno de nuestros abogados para una revisi\u00f3n inicial gratuita del caso.<\/p>\n<h2><strong>Hable con nuestros abogados con experiencia<\/strong><\/h2>\n<p><img loading=\"lazy\" decoding=\"async\" class=\"alignleft size-medium wp-image-17897\" src=\"https:\/\/plg-pllc.com\/wp-content\/uploads\/2020\/09\/home-box1-300x200.jpeg\" alt=\"Abogados con experiencia en lesiones personales en Federal Way, Renton, Bellevue y Seattle\" width=\"300\" height=\"200\" srcset=\"https:\/\/plg-pllc.com\/wp-content\/uploads\/2020\/09\/home-box1-300x200.jpeg 300w, https:\/\/plg-pllc.com\/wp-content\/uploads\/2020\/09\/home-box1-1024x682.jpeg 1024w, https:\/\/plg-pllc.com\/wp-content\/uploads\/2020\/09\/home-box1-768x511.jpeg 768w, https:\/\/plg-pllc.com\/wp-content\/uploads\/2020\/09\/home-box1-640x426.jpeg 640w, https:\/\/plg-pllc.com\/wp-content\/uploads\/2020\/09\/home-box1-1200x799.jpeg 1200w, https:\/\/plg-pllc.com\/wp-content\/uploads\/2020\/09\/home-box1-250x166.jpeg 250w, https:\/\/plg-pllc.com\/wp-content\/uploads\/2020\/09\/home-box1.jpeg 1280w\" sizes=\"auto, (max-width: 300px) 100vw, 300px\" \/>Obtener ayuda despu\u00e9s de un accidente de autob\u00fas de Community Transit no tiene por qu\u00e9 ser dif\u00edcil. Los abogados de Premier Law Group luchar\u00e1n por la compensaci\u00f3n que usted merece. Tambi\u00e9n queremos que todos los que se comuniquen con nosotros est\u00e9n m\u00e1s informados sobre sus opciones legales. Le permitiremos concentrarse tambi\u00e9n en recuperarse de su accidente.<\/p>\n<p>Para comenzar con la revisi\u00f3n gratuita de su caso, llame al 206.285.1743. Recuerde que hay <a href=\"https:\/\/plg-pllc.com\/about-us\/zero-fee-guarantee\/\">Sin cargo<\/a> A menos que ganes tu caso.<\/p>\n\n        <div class=\"rs-content-cta\">\n            <p>Llamar o enviar mensaje de texto <a href=\"tel:+12062851743\">(206) 285-1743<\/a> o complete un formulario de evaluaci\u00f3n de caso gratuito<\/p>\n            <a href=\"https:\/\/plg-pllc.com\/es\/contact-us\/\" title=\"OBTENGA UNA EVALUACI\u00d3N DE CASO GRATUITA\" class=\"btn-global\">OBTENGA UNA EVALUACI\u00d3N DE CASO GRATUITA<\/a>\n                    <picture>\n                            <source srcset=\"https:\/\/plg-pllc.com\/wp-content\/themes\/plg-pllc-redesign\/assets\/app\/img\/cta-thumb.webp\" type=\"image\/webp\"\/>\n                            <img src=\"https:\/\/plg-pllc.com\/wp-content\/themes\/plg-pllc-redesign\/assets\/app\/img\/cta-thumb.png\" alt=\"Grupo de abogados Premier\" title=\"Grupo de abogados Premier\" width=\"245\" height=\"220\" loading=\"auto\" fetchpriority=\"auto\" decoding=\"async\"\/>\n        <\/picture>\n        \n        <\/div>","protected":false},"excerpt":{"rendered":"<p>Abogados de accidentes de autobuses de transporte p\u00fablico Cada d\u00eda, m\u00e1s de 200 autobuses de transporte p\u00fablico transportan pasajeros en el \u00e1rea de Seattle. Tambi\u00e9n prestan servicio en m\u00e1s de 50 rutas y 2100 paradas. Sin embargo, a veces estos autobuses sufren accidentes. Los accidentes de autobuses de transporte p\u00fablico pueden colisionar con veh\u00edculos de motor, peatones y ciclistas. Tambi\u00e9n pueden resultar en accidentes de tr\u00e1fico.<\/p>","protected":false},"author":24,"featured_media":18556,"parent":18341,"menu_order":0,"comment_status":"closed","ping_status":"closed","template":"","meta":{"_acf_changed":false,"_genesis_hide_title":false,"_genesis_hide_breadcrumbs":false,"_genesis_hide_singular_image":false,"_genesis_hide_footer_widgets":false,"_genesis_custom_body_class":"","_genesis_custom_post_class":"","_genesis_layout":"","footnotes":""},"hc_faqs":[],"class_list":{"0":"post-18545","1":"page","2":"type-page","3":"status-publish","4":"has-post-thumbnail","6":"hc_city_location-seattle","7":"entry"},"acf":[],"yoast_head":"<!-- This site is optimized with the Yoast SEO plugin v27.4 - https:\/\/yoast.com\/product\/yoast-seo-wordpress\/ -->\n<title>Community Transit Bus Accident Lawyer in Seattle | Free Case Review<\/title>\n<meta name=\"description\" content=\"Seattle Community Transit Bus Accident Lawyer: Premier Law Group helps you unlock the full compensation you deserve. No Fee Unless We Win.\" \/>\n<meta name=\"robots\" content=\"index, follow, max-snippet:-1, max-image-preview:large, max-video-preview:-1\" \/>\n<link rel=\"canonical\" href=\"https:\/\/plg-pllc.com\/es\/seattle\/bus-accident-lawyer\/community-transit-bus\/\" \/>\n<meta property=\"og:locale\" content=\"es_MX\" \/>\n<meta property=\"og:type\" content=\"article\" \/>\n<meta property=\"og:title\" content=\"Community Transit Bus Accident Lawyer in Seattle | Free Case Review\" \/>\n<meta property=\"og:description\" content=\"Seattle Community Transit Bus Accident Lawyer: Premier Law Group helps you unlock the full compensation you deserve. No Fee Unless We Win.\" \/>\n<meta property=\"og:url\" content=\"https:\/\/plg-pllc.com\/es\/seattle\/bus-accident-lawyer\/community-transit-bus\/\" \/>\n<meta property=\"og:site_name\" content=\"Premier Law Group\" \/>\n<meta property=\"article:publisher\" content=\"https:\/\/www.facebook.com\/premierlawgroup\" \/>\n<meta property=\"article:modified_time\" content=\"2024-10-18T16:32:00+00:00\" \/>\n<meta property=\"og:image\" content=\"https:\/\/plg-pllc.com\/wp-content\/uploads\/2021\/06\/scarbor-siu-G9ibPhxqagE-unsplash-scaled.jpg\" \/>\n\t<meta property=\"og:image:width\" content=\"2560\" \/>\n\t<meta property=\"og:image:height\" content=\"1709\" \/>\n\t<meta property=\"og:image:type\" content=\"image\/jpeg\" \/>\n<meta name=\"twitter:card\" content=\"summary_large_image\" \/>\n<meta name=\"twitter:site\" content=\"@premierlawgroup\" \/>\n<meta name=\"twitter:label1\" content=\"Tiempo de lectura\" \/>\n\t<meta name=\"twitter:data1\" content=\"4 minutos\" \/>\n<script type=\"application\/ld+json\" class=\"yoast-schema-graph\">{\"@context\":\"https:\\\/\\\/schema.org\",\"@graph\":[{\"@type\":\"WebPage\",\"@id\":\"https:\\\/\\\/plg-pllc.com\\\/seattle\\\/bus-accident-lawyer\\\/community-transit-bus\\\/\",\"url\":\"https:\\\/\\\/plg-pllc.com\\\/seattle\\\/bus-accident-lawyer\\\/community-transit-bus\\\/\",\"name\":\"Community Transit Bus Accident Lawyer in Seattle | Free Case Review\",\"isPartOf\":{\"@id\":\"https:\\\/\\\/plg-pllc.com\\\/#website\"},\"primaryImageOfPage\":{\"@id\":\"https:\\\/\\\/plg-pllc.com\\\/seattle\\\/bus-accident-lawyer\\\/community-transit-bus\\\/#primaryimage\"},\"image\":{\"@id\":\"https:\\\/\\\/plg-pllc.com\\\/seattle\\\/bus-accident-lawyer\\\/community-transit-bus\\\/#primaryimage\"},\"thumbnailUrl\":\"https:\\\/\\\/plg-pllc.com\\\/wp-content\\\/uploads\\\/2021\\\/06\\\/scarbor-siu-G9ibPhxqagE-unsplash-scaled.jpg\",\"datePublished\":\"2021-06-08T19:26:40+00:00\",\"dateModified\":\"2024-10-18T16:32:00+00:00\",\"description\":\"Seattle Community Transit Bus Accident Lawyer: Premier Law Group helps you unlock the full compensation you deserve. No Fee Unless We Win.\",\"breadcrumb\":{\"@id\":\"https:\\\/\\\/plg-pllc.com\\\/seattle\\\/bus-accident-lawyer\\\/community-transit-bus\\\/#breadcrumb\"},\"inLanguage\":\"es\",\"potentialAction\":[{\"@type\":\"ReadAction\",\"target\":[\"https:\\\/\\\/plg-pllc.com\\\/seattle\\\/bus-accident-lawyer\\\/community-transit-bus\\\/\"]}]},{\"@type\":\"ImageObject\",\"inLanguage\":\"es\",\"@id\":\"https:\\\/\\\/plg-pllc.com\\\/seattle\\\/bus-accident-lawyer\\\/community-transit-bus\\\/#primaryimage\",\"url\":\"https:\\\/\\\/plg-pllc.com\\\/wp-content\\\/uploads\\\/2021\\\/06\\\/scarbor-siu-G9ibPhxqagE-unsplash-scaled.jpg\",\"contentUrl\":\"https:\\\/\\\/plg-pllc.com\\\/wp-content\\\/uploads\\\/2021\\\/06\\\/scarbor-siu-G9ibPhxqagE-unsplash-scaled.jpg\",\"width\":2560,\"height\":1709,\"caption\":\"Sound transit bus accidents attorneys in Seattle\"},{\"@type\":\"BreadcrumbList\",\"@id\":\"https:\\\/\\\/plg-pllc.com\\\/seattle\\\/bus-accident-lawyer\\\/community-transit-bus\\\/#breadcrumb\",\"itemListElement\":[{\"@type\":\"ListItem\",\"position\":1,\"name\":\"Home\",\"item\":\"https:\\\/\\\/plg-pllc.com\\\/es\\\/\"},{\"@type\":\"ListItem\",\"position\":2,\"name\":\"Seattle Personal Injury Lawyer\",\"item\":\"https:\\\/\\\/plg-pllc.com\\\/es\\\/seattle\\\/personal-injury-lawyer\\\/\"},{\"@type\":\"ListItem\",\"position\":3,\"name\":\"Seattle Bus Accident Lawyer\",\"item\":\"https:\\\/\\\/plg-pllc.com\\\/es\\\/seattle\\\/bus-accident-lawyer\\\/\"},{\"@type\":\"ListItem\",\"position\":4,\"name\":\"Community Transit Bus Accident\"}]},{\"@type\":\"WebSite\",\"@id\":\"https:\\\/\\\/plg-pllc.com\\\/#website\",\"url\":\"https:\\\/\\\/plg-pllc.com\\\/\",\"name\":\"Premier Law Group\",\"description\":\"Washington Wrongful Death and Serious Injury Lawyer\",\"publisher\":{\"@id\":\"https:\\\/\\\/plg-pllc.com\\\/#organization\"},\"inLanguage\":\"es\"},{\"@type\":\"Organization\",\"@id\":\"https:\\\/\\\/plg-pllc.com\\\/#organization\",\"name\":\"Premier Law Group\",\"url\":\"https:\\\/\\\/plg-pllc.com\\\/\",\"logo\":{\"@type\":\"ImageObject\",\"inLanguage\":\"es\",\"@id\":\"https:\\\/\\\/plg-pllc.com\\\/#\\\/schema\\\/logo\\\/image\\\/\",\"url\":\"https:\\\/\\\/plg-pllc.com\\\/wp-content\\\/uploads\\\/2020\\\/10\\\/plg-logo-v2.gif\",\"contentUrl\":\"https:\\\/\\\/plg-pllc.com\\\/wp-content\\\/uploads\\\/2020\\\/10\\\/plg-logo-v2.gif\",\"width\":592,\"height\":191,\"caption\":\"Premier Law Group\"},\"image\":{\"@id\":\"https:\\\/\\\/plg-pllc.com\\\/#\\\/schema\\\/logo\\\/image\\\/\"},\"sameAs\":[\"https:\\\/\\\/www.facebook.com\\\/premierlawgroup\",\"https:\\\/\\\/x.com\\\/premierlawgroup\"]}]}<\/script>\n<!-- \/ Yoast SEO plugin. -->","yoast_head_json":{"title":"Abogado de accidentes de autobuses de transporte p\u00fablico en Seattle | Revisi\u00f3n gratuita de casos","description":"Abogado de accidentes de autob\u00fas de Seattle Community Transit: Premier Law Group lo ayuda a obtener la compensaci\u00f3n total que merece. Sin honorarios a menos que ganemos.","robots":{"index":"index","follow":"follow","max-snippet":"max-snippet:-1","max-image-preview":"max-image-preview:large","max-video-preview":"max-video-preview:-1"},"canonical":"https:\/\/plg-pllc.com\/es\/seattle\/bus-accident-lawyer\/community-transit-bus\/","og_locale":"es_MX","og_type":"article","og_title":"Community Transit Bus Accident Lawyer in Seattle | Free Case Review","og_description":"Seattle Community Transit Bus Accident Lawyer: Premier Law Group helps you unlock the full compensation you deserve. No Fee Unless We Win.","og_url":"https:\/\/plg-pllc.com\/es\/seattle\/bus-accident-lawyer\/community-transit-bus\/","og_site_name":"Premier Law Group","article_publisher":"https:\/\/www.facebook.com\/premierlawgroup","article_modified_time":"2024-10-18T16:32:00+00:00","og_image":[{"width":2560,"height":1709,"url":"https:\/\/plg-pllc.com\/wp-content\/uploads\/2021\/06\/scarbor-siu-G9ibPhxqagE-unsplash-scaled.jpg","type":"image\/jpeg"}],"twitter_card":"summary_large_image","twitter_site":"@premierlawgroup","twitter_misc":{"Tiempo de lectura":"4 minutos"},"schema":{"@context":"https:\/\/schema.org","@graph":[{"@type":"WebPage","@id":"https:\/\/plg-pllc.com\/seattle\/bus-accident-lawyer\/community-transit-bus\/","url":"https:\/\/plg-pllc.com\/seattle\/bus-accident-lawyer\/community-transit-bus\/","name":"Abogado de accidentes de autobuses de transporte p\u00fablico en Seattle | Revisi\u00f3n gratuita de casos","isPartOf":{"@id":"https:\/\/plg-pllc.com\/#website"},"primaryImageOfPage":{"@id":"https:\/\/plg-pllc.com\/seattle\/bus-accident-lawyer\/community-transit-bus\/#primaryimage"},"image":{"@id":"https:\/\/plg-pllc.com\/seattle\/bus-accident-lawyer\/community-transit-bus\/#primaryimage"},"thumbnailUrl":"https:\/\/plg-pllc.com\/wp-content\/uploads\/2021\/06\/scarbor-siu-G9ibPhxqagE-unsplash-scaled.jpg","datePublished":"2021-06-08T19:26:40+00:00","dateModified":"2024-10-18T16:32:00+00:00","description":"Abogado de accidentes de autob\u00fas de Seattle Community Transit: Premier Law Group lo ayuda a obtener la compensaci\u00f3n total que merece. Sin honorarios a menos que ganemos.","breadcrumb":{"@id":"https:\/\/plg-pllc.com\/seattle\/bus-accident-lawyer\/community-transit-bus\/#breadcrumb"},"inLanguage":"es","potentialAction":[{"@type":"ReadAction","target":["https:\/\/plg-pllc.com\/seattle\/bus-accident-lawyer\/community-transit-bus\/"]}]},{"@type":"ImageObject","inLanguage":"es","@id":"https:\/\/plg-pllc.com\/seattle\/bus-accident-lawyer\/community-transit-bus\/#primaryimage","url":"https:\/\/plg-pllc.com\/wp-content\/uploads\/2021\/06\/scarbor-siu-G9ibPhxqagE-unsplash-scaled.jpg","contentUrl":"https:\/\/plg-pllc.com\/wp-content\/uploads\/2021\/06\/scarbor-siu-G9ibPhxqagE-unsplash-scaled.jpg","width":2560,"height":1709,"caption":"Sound transit bus accidents attorneys in Seattle"},{"@type":"BreadcrumbList","@id":"https:\/\/plg-pllc.com\/seattle\/bus-accident-lawyer\/community-transit-bus\/#breadcrumb","itemListElement":[{"@type":"ListItem","position":1,"name":"Home","item":"https:\/\/plg-pllc.com\/es\/"},{"@type":"ListItem","position":2,"name":"Seattle Personal Injury Lawyer","item":"https:\/\/plg-pllc.com\/es\/seattle\/personal-injury-lawyer\/"},{"@type":"ListItem","position":3,"name":"Seattle Bus Accident Lawyer","item":"https:\/\/plg-pllc.com\/es\/seattle\/bus-accident-lawyer\/"},{"@type":"ListItem","position":4,"name":"Community Transit Bus Accident"}]},{"@type":"WebSite","@id":"https:\/\/plg-pllc.com\/#website","url":"https:\/\/plg-pllc.com\/","name":"Grupo de abogados Premier","description":"Abogado de muerte por negligencia y lesiones graves en Washington","publisher":{"@id":"https:\/\/plg-pllc.com\/#organization"},"inLanguage":"es"},{"@type":"Organization","@id":"https:\/\/plg-pllc.com\/#organization","name":"Grupo de abogados Premier","url":"https:\/\/plg-pllc.com\/","logo":{"@type":"ImageObject","inLanguage":"es","@id":"https:\/\/plg-pllc.com\/#\/schema\/logo\/image\/","url":"https:\/\/plg-pllc.com\/wp-content\/uploads\/2020\/10\/plg-logo-v2.gif","contentUrl":"https:\/\/plg-pllc.com\/wp-content\/uploads\/2020\/10\/plg-logo-v2.gif","width":592,"height":191,"caption":"Premier Law Group"},"image":{"@id":"https:\/\/plg-pllc.com\/#\/schema\/logo\/image\/"},"sameAs":["https:\/\/www.facebook.com\/premierlawgroup","https:\/\/x.com\/premierlawgroup"]}]}},"_links":{"self":[{"href":"https:\/\/plg-pllc.com\/es\/wp-json\/wp\/v2\/pages\/18545","targetHints":{"allow":["GET"]}}],"collection":[{"href":"https:\/\/plg-pllc.com\/es\/wp-json\/wp\/v2\/pages"}],"about":[{"href":"https:\/\/plg-pllc.com\/es\/wp-json\/wp\/v2\/types\/page"}],"author":[{"embeddable":true,"href":"https:\/\/plg-pllc.com\/es\/wp-json\/wp\/v2\/users\/24"}],"replies":[{"embeddable":true,"href":"https:\/\/plg-pllc.com\/es\/wp-json\/wp\/v2\/comments?post=18545"}],"version-history":[{"count":0,"href":"https:\/\/plg-pllc.com\/es\/wp-json\/wp\/v2\/pages\/18545\/revisions"}],"up":[{"embeddable":true,"href":"https:\/\/plg-pllc.com\/es\/wp-json\/wp\/v2\/pages\/18341"}],"wp:featuredmedia":[{"embeddable":true,"href":"https:\/\/plg-pllc.com\/es\/wp-json\/wp\/v2\/media\/18556"}],"wp:attachment":[{"href":"https:\/\/plg-pllc.com\/es\/wp-json\/wp\/v2\/media?parent=18545"}],"wp:term":[{"taxonomy":"hc_faqs","embeddable":true,"href":"https:\/\/plg-pllc.com\/es\/wp-json\/wp\/v2\/hc_faqs?post=18545"}],"curies":[{"name":"gracias","href":"https:\/\/api.w.org\/{rel}","templated":true}]}}