{"id":18567,"date":"2021-06-17T09:57:10","date_gmt":"2021-06-17T16:57:10","guid":{"rendered":"https:\/\/plg-pllc.com\/?page_id=18567"},"modified":"2025-02-14T14:11:30","modified_gmt":"2025-02-14T22:11:30","slug":"lawsuits-against-the-seattle-department-of-transportation-sdot","status":"publish","type":"page","link":"https:\/\/plg-pllc.com\/es\/seattle\/department-of-transportation-lawsuit-lawyer\/","title":{"rendered":"Abogado de demandas contra el Departamento de Transporte de Seattle"},"content":{"rendered":"<h2><strong>Acci\u00f3n legal contra el Departamento de Transporte de Seattle<\/strong><\/h2>\n<p><img loading=\"lazy\" decoding=\"async\" class=\"alignleft size-medium wp-image-18353\" src=\"https:\/\/plg-pllc.com\/wp-content\/uploads\/2021\/04\/transportation-1572349_1920-300x200.jpg\" alt=\"Abogados del Departamento de Transporte de Seattle\" width=\"300\" height=\"200\" srcset=\"https:\/\/plg-pllc.com\/wp-content\/uploads\/2021\/04\/transportation-1572349_1920-300x200.jpg 300w, https:\/\/plg-pllc.com\/wp-content\/uploads\/2021\/04\/transportation-1572349_1920-1024x683.jpg 1024w, https:\/\/plg-pllc.com\/wp-content\/uploads\/2021\/04\/transportation-1572349_1920-768x512.jpg 768w, https:\/\/plg-pllc.com\/wp-content\/uploads\/2021\/04\/transportation-1572349_1920-1536x1024.jpg 1536w, https:\/\/plg-pllc.com\/wp-content\/uploads\/2021\/04\/transportation-1572349_1920-640x427.jpg 640w, https:\/\/plg-pllc.com\/wp-content\/uploads\/2021\/04\/transportation-1572349_1920-1200x800.jpg 1200w, https:\/\/plg-pllc.com\/wp-content\/uploads\/2021\/04\/transportation-1572349_1920-250x167.jpg 250w, https:\/\/plg-pllc.com\/wp-content\/uploads\/2021\/04\/transportation-1572349_1920.jpg 1920w\" sizes=\"auto, (max-width: 300px) 100vw, 300px\" \/>El Departamento de Transporte de la Ciudad de Seattle (SDOT) es responsable de muchos proyectos viales cada a\u00f1o. Estos proyectos tambi\u00e9n forman parte de un esfuerzo por construir y mantener nuestra red de transporte local. La red constar\u00e1 de m\u00e1s de 1600 millas de carreteras.<\/p>\n<p>Los equipos de construcci\u00f3n, los cierres de carreteras y los desv\u00edos tambi\u00e9n son habituales. En todos los proyectos, la seguridad es una prioridad m\u00e1xima. Adem\u00e1s, los accidentes son bastante frecuentes. <a href=\"https:\/\/www.seattle.gov\/transportation\">Departamento de Transporte de Dakota del Sur<\/a> fue negligente, entonces cualquier lesi\u00f3n resultante de esa negligencia podr\u00eda dar lugar a un reclamo legal v\u00e1lido.<\/p>\n<p>Los abogados de<a href=\"https:\/\/plg-pllc.com\/seattle\/personal-injury-lawyer\/\"> Grupo de abogados Premier<\/a> son algunos de los abogados m\u00e1s respetados y reconocidos de Seattle. Si usted o un ser querido sufre lesiones a causa del Departamento de Transporte de Seattle, <a href=\"https:\/\/plg-pllc.com\/about-us\/\">Contacte con Premier Law Group<\/a>. Llamar <em>206.285.1743<\/em> \u00a1Para su consulta gratuita con un abogado experto!.<\/p>\n<h2><strong>Ejemplos de negligencia del Departamento de Transporte de Seattle<\/strong><\/h2>\n<p>Existen diversas formas en las que una agencia gubernamental puede ser negligente. Algunas de las formas m\u00e1s comunes en las que el Departamento de Transporte de Seattle puede ser negligente son:<\/p>\n<ul>\n<li>Dise\u00f1o de carreteras ineficaz<\/li>\n<li>Se\u00f1ales de tr\u00e1fico bloqueadas por el follaje<\/li>\n<li>Carriles bicis entrecruzados con bordes<\/li>\n<li>Aceras peligrosas<\/li>\n<li>Mantenimiento inadecuado de puentes o carreteras<\/li>\n<li>Se\u00f1ales para peatones mal ubicadas y se\u00f1ales de direcci\u00f3n mal ubicadas<\/li>\n<li>Bloqueos de carreteras peligrosos, se\u00f1ales de construcci\u00f3n o colocaci\u00f3n de bloqueos<\/li>\n<li>Falta de mantenimiento b\u00e1sico<\/li>\n<li>No advertir a los conductores sobre condiciones inseguras o cierres de carreteras<\/li>\n<li>Materiales de construcci\u00f3n abandonados en la carretera<\/li>\n<li>Se\u00f1ales de orientaci\u00f3n confusas<\/li>\n<\/ul>\n<p>Si usted o un ser querido ha sufrido lesiones a causa de estas circunstancias, comun\u00edquese con Premier Law Group. Podemos ayudarlo a presentar su reclamo e identificar qui\u00e9n es el culpable. Llame <em>206.285.1743<\/em> hoy para hablar directamente con uno de nuestros <a href=\"https:\/\/plg-pllc.com\/\">abogados con experiencia en lesiones personales<\/a>.<\/p>\n<h2><strong>Los gobiernos est\u00e1n a cargo de las v\u00edas p\u00fablicas<\/strong><\/h2>\n<p><img loading=\"lazy\" decoding=\"async\" class=\"alignright size-medium wp-image-18582\" src=\"https:\/\/plg-pllc.com\/wp-content\/uploads\/2021\/06\/road-construction-192894_1920-300x200.jpg\" alt=\"Trabajadores del Departamento de Transporte de Seattle \" width=\"300\" height=\"200\" srcset=\"https:\/\/plg-pllc.com\/wp-content\/uploads\/2021\/06\/road-construction-192894_1920-300x200.jpg 300w, https:\/\/plg-pllc.com\/wp-content\/uploads\/2021\/06\/road-construction-192894_1920-1024x683.jpg 1024w, https:\/\/plg-pllc.com\/wp-content\/uploads\/2021\/06\/road-construction-192894_1920-768x512.jpg 768w, https:\/\/plg-pllc.com\/wp-content\/uploads\/2021\/06\/road-construction-192894_1920-1536x1024.jpg 1536w, https:\/\/plg-pllc.com\/wp-content\/uploads\/2021\/06\/road-construction-192894_1920-640x427.jpg 640w, https:\/\/plg-pllc.com\/wp-content\/uploads\/2021\/06\/road-construction-192894_1920-1200x800.jpg 1200w, https:\/\/plg-pllc.com\/wp-content\/uploads\/2021\/06\/road-construction-192894_1920-250x167.jpg 250w, https:\/\/plg-pllc.com\/wp-content\/uploads\/2021\/06\/road-construction-192894_1920.jpg 1920w\" sizes=\"auto, (max-width: 300px) 100vw, 300px\" \/>La mayor\u00eda de las carreteras por las que circular\u00e1 son calles y avenidas p\u00fablicas. Adem\u00e1s, como recurso p\u00fablico, un departamento gubernamental es el propietario de la carretera, como el departamento de tr\u00e1nsito. Con este fin, el gobierno se encarga de mantener adecuadamente esas carreteras. El gobierno puede ser culpable si no lo hace.<\/p>\n<p>Sin embargo, puede resultar dif\u00edcil determinar qui\u00e9n est\u00e1 a cargo del mantenimiento de una carretera. Dependiendo de la carretera, una ciudad, un condado, un estado o incluso un departamento federal se encargar\u00e1 de su mantenimiento. <a href=\"https:\/\/plg-pllc.com\/seattle\/personal-injury-lawyer\/\">abogado experto en lesiones personales<\/a> Tambi\u00e9n puede ayudarle a descubrir qui\u00e9n es el culpable del accidente en la carretera.<\/p>\n\n        <div class=\"rs-content-cta long\">\n            <p>Para una consulta legal GRATUITA con un abogado especializado en demandas del Departamento de Transporte que atiende en Seattle, llame al <a href=\"tel:+12062851743\">(206) 285-1743 <\/a><\/p>\n            <a href=\"https:\/\/plg-pllc.com\/es\/contact-us\/\" title=\"OBTENGA UNA EVALUACI\u00d3N DE CASO GRATUITA\" class=\"btn-global\">OBTENGA UNA EVALUACI\u00d3N DE CASO GRATUITA<\/a>\n                    <picture>\n                            <source srcset=\"https:\/\/plg-pllc.com\/wp-content\/themes\/plg-pllc-redesign\/assets\/app\/img\/cta-thumb.webp\" type=\"image\/webp\"\/>\n                            <img src=\"https:\/\/plg-pllc.com\/wp-content\/themes\/plg-pllc-redesign\/assets\/app\/img\/cta-thumb.png\" alt=\"Grupo de abogados Premier\" title=\"Grupo de abogados Premier\" width=\"245\" height=\"220\" loading=\"auto\" fetchpriority=\"auto\" decoding=\"async\"\/>\n        <\/picture>\n        \n        <\/div><h2><strong>Diferentes tipos de problemas viales cambian la culpa<\/strong><\/h2>\n<p>El Departamento de Transporte de Seattle, que est\u00e1 a cargo de las carreteras, no es el \u00fanico factor que puede cambiar la culpa. El tipo de condiciones de las carreteras tambi\u00e9n puede cambiar la culpa. Diferentes agencias est\u00e1n a cargo de solucionar distintos tipos de problemas.<\/p>\n<p>Por ejemplo, los fondos estatales solucionan problemas como baches y partes de asfalto desmoronadas. Si no se solucionan estos problemas, una agencia estatal puede ser responsable de los accidentes resultantes. Por otro lado, los problemas temporales son algo que las agencias de la ciudad o del condado tienen que solucionar. El hielo negro, las ramas de \u00e1rboles ca\u00eddas y los deslizamientos de tierra, por ejemplo, pueden atribuir la culpa a un distrito de menor nivel.<\/p>\n<p>Adem\u00e1s, cualquier informaci\u00f3n sobre su accidente es crucial para determinar qu\u00e9 agencia debe responder por sus da\u00f1os. Si tiene alguna evidencia para su reclamo, comp\u00e1rtala con su abogado. <a href=\"https:\/\/plg-pllc.com\/glossary\/car-accidents\/\">accidente<\/a> abogado.<\/p>\n<p>En situaciones como esta, es importante contar con un abogado de su lado. Le ayudaremos a determinar qu\u00e9 organismo gubernamental es responsable de sus lesiones. En Premier Law Group lucharemos para conseguirle una indemnizaci\u00f3n completa y justa.<\/p>\n<h3><strong>Responsabilidades de terceros a tener en cuenta<\/strong><\/h3>\n<p>Adem\u00e1s, el trabajo de limpieza o reparaci\u00f3n de una v\u00eda peligrosa puede ser encomendado a una empresa externa. Por ejemplo, una empresa local de servicios de arboricultura podr\u00eda estar encargada de retirar ramas ca\u00eddas de una avenida local. Si esa empresa no cumple con sus expectativas laborales y se produce un accidente, la culpa podr\u00eda recaer parcial o totalmente sobre esa empresa, no sobre la agencia gubernamental que la contrat\u00f3.<\/p>\n<h2><strong>Demandar al gobierno nunca es f\u00e1cil<\/strong><\/h2>\n<p><img loading=\"lazy\" decoding=\"async\" class=\"alignleft size-medium wp-image-17837\" src=\"https:\/\/plg-pllc.com\/wp-content\/uploads\/2020\/09\/imgmenufree-300x197.jpg\" alt=\"Abogados con experiencia en accidentes automovil\u00edsticos en Seattle, Federal Way, Renton y Bellevue\" width=\"300\" height=\"197\" srcset=\"https:\/\/plg-pllc.com\/wp-content\/uploads\/2020\/09\/imgmenufree-300x197.jpg 300w, https:\/\/plg-pllc.com\/wp-content\/uploads\/2020\/09\/imgmenufree-250x164.jpg 250w, https:\/\/plg-pllc.com\/wp-content\/uploads\/2020\/09\/imgmenufree.jpg 400w\" sizes=\"auto, (max-width: 300px) 100vw, 300px\" \/>Presentar una demanda o un reclamo contra una agencia gubernamental rara vez es sencillo. En algunos distritos, incluso puede resultar imposible. Adem\u00e1s, las agencias gubernamentales suelen estar protegidas de demandas judiciales. Esta forma de inmunidad legal tiene como objetivo evitar que el gobierno se vea frenado por una avalancha de demandas.<\/p>\n<p>En tal caso, es posible que tambi\u00e9n deba presentar una reclamaci\u00f3n administrativa contra la agencia gubernamental responsable. Como en cualquier tipo de proceso legal, tambi\u00e9n debe proceder con un abogado experimentado. Tambi\u00e9n es importante para este tipo de reclamaciones contar con un abogado que pueda luchar por usted. Tambi\u00e9n deben conocer las leyes y normas locales, que pueden cambiar la forma en que puede proceder con su reclamaci\u00f3n.<\/p>\n<p>Si tiene lesiones a causa de un accidente en la carretera en <a href=\"https:\/\/plg-pllc.com\/seattle\/personal-injury-lawyer\/\">Seattle<\/a>, <a href=\"https:\/\/plg-pllc.com\/\">Bellevue<\/a>, <a href=\"https:\/\/plg-pllc.com\/renton\/personal-injury-lawyer\/\">Rent\u00f3n<\/a> o<a href=\"https:\/\/plg-pllc.com\/federal-way\/personal-injury-lawyer\/\"> Camino federal<\/a>Comun\u00edquese con Premier Law Group. Lo ayudaremos a presentar una reclamaci\u00f3n contra el Departamento de Transporte de Seattle. Llame <em>206.285.1743<\/em> Para un <a href=\"https:\/\/plg-pllc.com\/contact-us\/\">revisi\u00f3n de caso gratuita<\/a>Recuerde, hay <a href=\"https:\/\/plg-pllc.com\/about-us\/zero-fee-guarantee\/\">Sin cargo<\/a> \u00a1A menos que ganemos su caso!<\/p>\n\n        <div class=\"rs-content-cta\">\n            <p>Llamar o enviar mensaje de texto <a href=\"tel:+12062851743\">(206) 285-1743<\/a> o complete un formulario de evaluaci\u00f3n de caso gratuito<\/p>\n            <a href=\"https:\/\/plg-pllc.com\/es\/contact-us\/\" title=\"OBTENGA UNA EVALUACI\u00d3N DE CASO GRATUITA\" class=\"btn-global\">OBTENGA UNA EVALUACI\u00d3N DE CASO GRATUITA<\/a>\n                    <picture>\n                            <source srcset=\"https:\/\/plg-pllc.com\/wp-content\/themes\/plg-pllc-redesign\/assets\/app\/img\/cta-thumb.webp\" type=\"image\/webp\"\/>\n                            <img src=\"https:\/\/plg-pllc.com\/wp-content\/themes\/plg-pllc-redesign\/assets\/app\/img\/cta-thumb.png\" alt=\"Grupo de abogados Premier\" title=\"Grupo de abogados Premier\" width=\"245\" height=\"220\" loading=\"auto\" fetchpriority=\"auto\" decoding=\"async\"\/>\n        <\/picture>\n        \n        <\/div>","protected":false},"excerpt":{"rendered":"<p>Acci\u00f3n legal contra el Departamento de Transporte de Seattle El Departamento de Transporte de la Ciudad de Seattle (SDOT) es responsable de muchos proyectos viales cada a\u00f1o. Estos proyectos tambi\u00e9n son parte de un esfuerzo por construir y mantener nuestra red de tr\u00e1nsito local. La red constar\u00e1 de m\u00e1s de 1600 millas de carreteras. Los equipos de construcci\u00f3n, los cierres de carreteras y los desv\u00edos \u2026<\/p>","protected":false},"author":24,"featured_media":18177,"parent":20122,"menu_order":0,"comment_status":"closed","ping_status":"closed","template":"","meta":{"_acf_changed":false,"_genesis_hide_title":false,"_genesis_hide_breadcrumbs":false,"_genesis_hide_singular_image":false,"_genesis_hide_footer_widgets":false,"_genesis_custom_body_class":"","_genesis_custom_post_class":"","_genesis_layout":"","footnotes":""},"hc_faqs":[],"class_list":{"0":"post-18567","1":"page","2":"type-page","3":"status-publish","4":"has-post-thumbnail","6":"hc_city_location-seattle","7":"entry"},"acf":[],"yoast_head":"<!-- This site is optimized with the Yoast SEO plugin v27.4 - https:\/\/yoast.com\/product\/yoast-seo-wordpress\/ -->\n<title>Department of Transportation Lawsuit Lawyer in Seattle | Free Case Review<\/title>\n<meta name=\"description\" content=\"Seattle Department of Transportation Lawsuit Lawyer: Premier Law Group helps you unlock the full compensation you deserve. No Fee Unless We Win.\" \/>\n<meta name=\"robots\" content=\"index, follow, max-snippet:-1, max-image-preview:large, max-video-preview:-1\" \/>\n<link rel=\"canonical\" href=\"https:\/\/plg-pllc.com\/es\/seattle\/department-of-transportation-lawsuit-lawyer\/\" \/>\n<meta property=\"og:locale\" content=\"es_MX\" \/>\n<meta property=\"og:type\" content=\"article\" \/>\n<meta property=\"og:title\" content=\"Department of Transportation Lawsuit Lawyer in Seattle | Free Case Review\" \/>\n<meta property=\"og:description\" content=\"Seattle Department of Transportation Lawsuit Lawyer: Premier Law Group helps you unlock the full compensation you deserve. No Fee Unless We Win.\" \/>\n<meta property=\"og:url\" content=\"https:\/\/plg-pllc.com\/es\/seattle\/department-of-transportation-lawsuit-lawyer\/\" \/>\n<meta property=\"og:site_name\" content=\"Premier Law Group\" \/>\n<meta property=\"article:publisher\" content=\"https:\/\/www.facebook.com\/premierlawgroup\" \/>\n<meta property=\"article:modified_time\" content=\"2025-02-14T22:11:30+00:00\" \/>\n<meta property=\"og:image\" content=\"https:\/\/plg-pllc.com\/wp-content\/uploads\/2021\/01\/lawyers-1000803_1920.jpg\" \/>\n\t<meta property=\"og:image:width\" content=\"1920\" \/>\n\t<meta property=\"og:image:height\" content=\"1279\" \/>\n\t<meta property=\"og:image:type\" content=\"image\/jpeg\" \/>\n<meta name=\"twitter:card\" content=\"summary_large_image\" \/>\n<meta name=\"twitter:site\" content=\"@premierlawgroup\" \/>\n<meta name=\"twitter:label1\" content=\"Tiempo de lectura\" \/>\n\t<meta name=\"twitter:data1\" content=\"5 minutos\" \/>\n<script type=\"application\/ld+json\" class=\"yoast-schema-graph\">{\"@context\":\"https:\\\/\\\/schema.org\",\"@graph\":[{\"@type\":\"WebPage\",\"@id\":\"https:\\\/\\\/plg-pllc.com\\\/seattle\\\/department-of-transportation-lawsuit-lawyer\\\/\",\"url\":\"https:\\\/\\\/plg-pllc.com\\\/seattle\\\/department-of-transportation-lawsuit-lawyer\\\/\",\"name\":\"Department of Transportation Lawsuit Lawyer in Seattle | Free Case Review\",\"isPartOf\":{\"@id\":\"https:\\\/\\\/plg-pllc.com\\\/#website\"},\"primaryImageOfPage\":{\"@id\":\"https:\\\/\\\/plg-pllc.com\\\/seattle\\\/department-of-transportation-lawsuit-lawyer\\\/#primaryimage\"},\"image\":{\"@id\":\"https:\\\/\\\/plg-pllc.com\\\/seattle\\\/department-of-transportation-lawsuit-lawyer\\\/#primaryimage\"},\"thumbnailUrl\":\"https:\\\/\\\/plg-pllc.com\\\/wp-content\\\/uploads\\\/2021\\\/01\\\/lawyers-1000803_1920.jpg\",\"datePublished\":\"2021-06-17T16:57:10+00:00\",\"dateModified\":\"2025-02-14T22:11:30+00:00\",\"description\":\"Seattle Department of Transportation Lawsuit Lawyer: Premier Law Group helps you unlock the full compensation you deserve. No Fee Unless We Win.\",\"breadcrumb\":{\"@id\":\"https:\\\/\\\/plg-pllc.com\\\/seattle\\\/department-of-transportation-lawsuit-lawyer\\\/#breadcrumb\"},\"inLanguage\":\"es\",\"potentialAction\":[{\"@type\":\"ReadAction\",\"target\":[\"https:\\\/\\\/plg-pllc.com\\\/seattle\\\/department-of-transportation-lawsuit-lawyer\\\/\"]}]},{\"@type\":\"ImageObject\",\"inLanguage\":\"es\",\"@id\":\"https:\\\/\\\/plg-pllc.com\\\/seattle\\\/department-of-transportation-lawsuit-lawyer\\\/#primaryimage\",\"url\":\"https:\\\/\\\/plg-pllc.com\\\/wp-content\\\/uploads\\\/2021\\\/01\\\/lawyers-1000803_1920.jpg\",\"contentUrl\":\"https:\\\/\\\/plg-pllc.com\\\/wp-content\\\/uploads\\\/2021\\\/01\\\/lawyers-1000803_1920.jpg\",\"width\":1920,\"height\":1279,\"caption\":\"experienced Seattle personal injury attorneys\"},{\"@type\":\"BreadcrumbList\",\"@id\":\"https:\\\/\\\/plg-pllc.com\\\/seattle\\\/department-of-transportation-lawsuit-lawyer\\\/#breadcrumb\",\"itemListElement\":[{\"@type\":\"ListItem\",\"position\":1,\"name\":\"Home\",\"item\":\"https:\\\/\\\/plg-pllc.com\\\/es\\\/\"},{\"@type\":\"ListItem\",\"position\":2,\"name\":\"Seattle Personal Injury Lawyer\",\"item\":\"https:\\\/\\\/plg-pllc.com\\\/es\\\/seattle\\\/personal-injury-lawyer\\\/\"},{\"@type\":\"ListItem\",\"position\":3,\"name\":\"Seattle Department of Transportation Lawsuit Lawyer\"}]},{\"@type\":\"WebSite\",\"@id\":\"https:\\\/\\\/plg-pllc.com\\\/#website\",\"url\":\"https:\\\/\\\/plg-pllc.com\\\/\",\"name\":\"Premier Law Group\",\"description\":\"Washington Wrongful Death and Serious Injury Lawyer\",\"publisher\":{\"@id\":\"https:\\\/\\\/plg-pllc.com\\\/#organization\"},\"inLanguage\":\"es\"},{\"@type\":\"Organization\",\"@id\":\"https:\\\/\\\/plg-pllc.com\\\/#organization\",\"name\":\"Premier Law Group\",\"url\":\"https:\\\/\\\/plg-pllc.com\\\/\",\"logo\":{\"@type\":\"ImageObject\",\"inLanguage\":\"es\",\"@id\":\"https:\\\/\\\/plg-pllc.com\\\/#\\\/schema\\\/logo\\\/image\\\/\",\"url\":\"https:\\\/\\\/plg-pllc.com\\\/wp-content\\\/uploads\\\/2020\\\/10\\\/plg-logo-v2.gif\",\"contentUrl\":\"https:\\\/\\\/plg-pllc.com\\\/wp-content\\\/uploads\\\/2020\\\/10\\\/plg-logo-v2.gif\",\"width\":592,\"height\":191,\"caption\":\"Premier Law Group\"},\"image\":{\"@id\":\"https:\\\/\\\/plg-pllc.com\\\/#\\\/schema\\\/logo\\\/image\\\/\"},\"sameAs\":[\"https:\\\/\\\/www.facebook.com\\\/premierlawgroup\",\"https:\\\/\\\/x.com\\\/premierlawgroup\"]}]}<\/script>\n<!-- \/ Yoast SEO plugin. -->","yoast_head_json":{"title":"Abogado de demandas contra el Departamento de Transporte en Seattle | Revisi\u00f3n gratuita de casos","description":"Abogado especializado en demandas contra el Departamento de Transporte de Seattle: Premier Law Group lo ayuda a obtener la compensaci\u00f3n total que se merece. Sin honorarios a menos que ganemos.","robots":{"index":"index","follow":"follow","max-snippet":"max-snippet:-1","max-image-preview":"max-image-preview:large","max-video-preview":"max-video-preview:-1"},"canonical":"https:\/\/plg-pllc.com\/es\/seattle\/department-of-transportation-lawsuit-lawyer\/","og_locale":"es_MX","og_type":"article","og_title":"Department of Transportation Lawsuit Lawyer in Seattle | Free Case Review","og_description":"Seattle Department of Transportation Lawsuit Lawyer: Premier Law Group helps you unlock the full compensation you deserve. No Fee Unless We Win.","og_url":"https:\/\/plg-pllc.com\/es\/seattle\/department-of-transportation-lawsuit-lawyer\/","og_site_name":"Premier Law Group","article_publisher":"https:\/\/www.facebook.com\/premierlawgroup","article_modified_time":"2025-02-14T22:11:30+00:00","og_image":[{"width":1920,"height":1279,"url":"https:\/\/plg-pllc.com\/wp-content\/uploads\/2021\/01\/lawyers-1000803_1920.jpg","type":"image\/jpeg"}],"twitter_card":"summary_large_image","twitter_site":"@premierlawgroup","twitter_misc":{"Tiempo de lectura":"5 minutos"},"schema":{"@context":"https:\/\/schema.org","@graph":[{"@type":"WebPage","@id":"https:\/\/plg-pllc.com\/seattle\/department-of-transportation-lawsuit-lawyer\/","url":"https:\/\/plg-pllc.com\/seattle\/department-of-transportation-lawsuit-lawyer\/","name":"Abogado de demandas contra el Departamento de Transporte en Seattle | Revisi\u00f3n gratuita de casos","isPartOf":{"@id":"https:\/\/plg-pllc.com\/#website"},"primaryImageOfPage":{"@id":"https:\/\/plg-pllc.com\/seattle\/department-of-transportation-lawsuit-lawyer\/#primaryimage"},"image":{"@id":"https:\/\/plg-pllc.com\/seattle\/department-of-transportation-lawsuit-lawyer\/#primaryimage"},"thumbnailUrl":"https:\/\/plg-pllc.com\/wp-content\/uploads\/2021\/01\/lawyers-1000803_1920.jpg","datePublished":"2021-06-17T16:57:10+00:00","dateModified":"2025-02-14T22:11:30+00:00","description":"Abogado especializado en demandas contra el Departamento de Transporte de Seattle: Premier Law Group lo ayuda a obtener la compensaci\u00f3n total que se merece. Sin honorarios a menos que ganemos.","breadcrumb":{"@id":"https:\/\/plg-pllc.com\/seattle\/department-of-transportation-lawsuit-lawyer\/#breadcrumb"},"inLanguage":"es","potentialAction":[{"@type":"ReadAction","target":["https:\/\/plg-pllc.com\/seattle\/department-of-transportation-lawsuit-lawyer\/"]}]},{"@type":"ImageObject","inLanguage":"es","@id":"https:\/\/plg-pllc.com\/seattle\/department-of-transportation-lawsuit-lawyer\/#primaryimage","url":"https:\/\/plg-pllc.com\/wp-content\/uploads\/2021\/01\/lawyers-1000803_1920.jpg","contentUrl":"https:\/\/plg-pllc.com\/wp-content\/uploads\/2021\/01\/lawyers-1000803_1920.jpg","width":1920,"height":1279,"caption":"experienced Seattle personal injury attorneys"},{"@type":"BreadcrumbList","@id":"https:\/\/plg-pllc.com\/seattle\/department-of-transportation-lawsuit-lawyer\/#breadcrumb","itemListElement":[{"@type":"ListItem","position":1,"name":"Home","item":"https:\/\/plg-pllc.com\/es\/"},{"@type":"ListItem","position":2,"name":"Seattle Personal Injury Lawyer","item":"https:\/\/plg-pllc.com\/es\/seattle\/personal-injury-lawyer\/"},{"@type":"ListItem","position":3,"name":"Seattle Department of Transportation Lawsuit Lawyer"}]},{"@type":"WebSite","@id":"https:\/\/plg-pllc.com\/#website","url":"https:\/\/plg-pllc.com\/","name":"Grupo de abogados Premier","description":"Abogado de muerte por negligencia y lesiones graves en Washington","publisher":{"@id":"https:\/\/plg-pllc.com\/#organization"},"inLanguage":"es"},{"@type":"Organization","@id":"https:\/\/plg-pllc.com\/#organization","name":"Grupo de abogados Premier","url":"https:\/\/plg-pllc.com\/","logo":{"@type":"ImageObject","inLanguage":"es","@id":"https:\/\/plg-pllc.com\/#\/schema\/logo\/image\/","url":"https:\/\/plg-pllc.com\/wp-content\/uploads\/2020\/10\/plg-logo-v2.gif","contentUrl":"https:\/\/plg-pllc.com\/wp-content\/uploads\/2020\/10\/plg-logo-v2.gif","width":592,"height":191,"caption":"Premier Law Group"},"image":{"@id":"https:\/\/plg-pllc.com\/#\/schema\/logo\/image\/"},"sameAs":["https:\/\/www.facebook.com\/premierlawgroup","https:\/\/x.com\/premierlawgroup"]}]}},"_links":{"self":[{"href":"https:\/\/plg-pllc.com\/es\/wp-json\/wp\/v2\/pages\/18567","targetHints":{"allow":["GET"]}}],"collection":[{"href":"https:\/\/plg-pllc.com\/es\/wp-json\/wp\/v2\/pages"}],"about":[{"href":"https:\/\/plg-pllc.com\/es\/wp-json\/wp\/v2\/types\/page"}],"author":[{"embeddable":true,"href":"https:\/\/plg-pllc.com\/es\/wp-json\/wp\/v2\/users\/24"}],"replies":[{"embeddable":true,"href":"https:\/\/plg-pllc.com\/es\/wp-json\/wp\/v2\/comments?post=18567"}],"version-history":[{"count":0,"href":"https:\/\/plg-pllc.com\/es\/wp-json\/wp\/v2\/pages\/18567\/revisions"}],"up":[{"embeddable":true,"href":"https:\/\/plg-pllc.com\/es\/wp-json\/wp\/v2\/pages\/20122"}],"wp:featuredmedia":[{"embeddable":true,"href":"https:\/\/plg-pllc.com\/es\/wp-json\/wp\/v2\/media\/18177"}],"wp:attachment":[{"href":"https:\/\/plg-pllc.com\/es\/wp-json\/wp\/v2\/media?parent=18567"}],"wp:term":[{"taxonomy":"hc_faqs","embeddable":true,"href":"https:\/\/plg-pllc.com\/es\/wp-json\/wp\/v2\/hc_faqs?post=18567"}],"curies":[{"name":"gracias","href":"https:\/\/api.w.org\/{rel}","templated":true}]}}