{"id":18569,"date":"2021-06-17T12:22:38","date_gmt":"2021-06-17T19:22:38","guid":{"rendered":"https:\/\/plg-pllc.com\/?page_id=18569"},"modified":"2026-03-24T15:09:48","modified_gmt":"2026-03-24T22:09:48","slug":"washington-state-government-negligence","status":"publish","type":"page","link":"https:\/\/plg-pllc.com\/es\/washington\/state-government-negligence-lawyer\/","title":{"rendered":"Abogado de negligencia del gobierno del estado de Washington"},"content":{"rendered":"<h2><strong>Demandas por lesiones contra el gobierno del estado de Washington<\/strong><\/h2>\n<p><img loading=\"lazy\" decoding=\"async\" class=\"alignright size-medium wp-image-15935\" src=\"https:\/\/plg-pllc.com\/wp-content\/uploads\/2017\/09\/eb30b40920f3003ecd0b470de7444e90fe76e7d51fb1134196f5c9_640_justice-300x200.jpg\" alt=\"Abogados de negligencia del gobierno del estado de Washington\" width=\"300\" height=\"200\" srcset=\"https:\/\/plg-pllc.com\/wp-content\/uploads\/2017\/09\/eb30b40920f3003ecd0b470de7444e90fe76e7d51fb1134196f5c9_640_justice-300x200.jpg 300w, https:\/\/plg-pllc.com\/wp-content\/uploads\/2017\/09\/eb30b40920f3003ecd0b470de7444e90fe76e7d51fb1134196f5c9_640_justice.jpg 640w\" sizes=\"auto, (max-width: 300px) 100vw, 300px\" \/>Si tiene lesiones como resultado de la negligencia del gobierno del estado de Washington o de una agencia o entidad gubernamental, es posible que tenga derecho a presentar una demanda. <a href=\"https:\/\/plg-pllc.com\/seattle\/personal-injury-lawyer\/\">Lesi\u00f3n personal<\/a> Reclamaci\u00f3n contra el gobierno. Estas entidades cuentan con equipos legales que tambi\u00e9n defienden contra las reclamaciones.<\/p>\n<p>Sin embargo, con la ayuda de Premier Law Group, usted puede luchar por la compensaci\u00f3n que se merece. Nuestros abogados pueden ayudarlo con demandas contra agencias gubernamentales del estado de Washington, entre ellas:<\/p>\n<ul>\n<li>el <a href=\"https:\/\/doc.wa.gov\/\">Departamento de Correcciones del Estado de Washington<\/a> (DOC)<\/li>\n<li><a href=\"https:\/\/plg-pllc.com\/washington\/social-service-dshs-lawsuit-lawyer\/\">Departamento de Servicios Sociales y de Salud del Estado de Washington<\/a> (Departamento de Salud y Servicios Humanos)<\/li>\n<li>el Departamento de Transporte del Estado de Washington (DOT)<\/li>\n<li><a href=\"https:\/\/plg-pllc.com\/king-county\/bus-accident-lawyer\/metro-bus-accident\/\">\u00c1rea metropolitana del condado de King<\/a>, Tr\u00e1nsito Sonoro o <a href=\"https:\/\/plg-pllc.com\/seattle\/bus-accident-lawyer\/community-transit-bus\/\">Tr\u00e1nsito comunitario<\/a><\/li>\n<li>la ciudad de Seattle o la ciudad de Bellevue<\/li>\n<\/ul>\n<p>Si usted o un ser querido sufre lesiones como resultado de la negligencia del gobierno del estado de Washington, comun\u00edquese con Premier Law Group. Llame <em>206.285.1743<\/em> Hoy para empezar tu <a href=\"https:\/\/plg-pllc.com\/contact-us\/\">GRATIS<\/a> Revisi\u00f3n de caso con uno de nuestros <a href=\"https:\/\/plg-pllc.com\/seattle\/personal-injury-lawyer\/\">Abogados expertos en lesiones personales en Seattle<\/a>.<\/p>\n<h2><strong>\u00bfQu\u00e9 es la negligencia del gobierno del estado de Washington?<\/strong><\/h2>\n<p>No es com\u00fan que el gobierno del estado de Washington cometa negligencia que resulte en lesiones personales o muerte por negligencia. Sin embargo, en ocasiones, un empleado o una agencia del gobierno del estado de Washington es responsable de causar da\u00f1os. Cuando esto sucede, es importante que se lo considere responsable de sus acciones. La negligencia del gobierno tambi\u00e9n puede adoptar muchas formas. Sin embargo, contar con un abogado de su lado puede proteger sus derechos e intereses. En Premier Law Group lucharemos por usted para obtener el mejor resultado posible.<\/p>\n<p>Adem\u00e1s, presentar una demanda contra el estado de Washington no es lo mismo que demandar a una corporaci\u00f3n o a un individuo. Existen procedimientos y reglas espec\u00edficos que se aplican cuando se demanda a una entidad gubernamental. Como v\u00edctima de la negligencia del gobierno del estado de Washington, tambi\u00e9n debe ser diligente al presentar una demanda. Hay muchas reglas que debe seguir. Si no las sigue, los tribunales pueden negarse a escuchar su caso, dej\u00e1ndolo sin nada.<\/p>\n<p>En Premier Law Group, le conseguiremos una compensaci\u00f3n econ\u00f3mica por sus lesiones. Sin embargo, tambi\u00e9n intentaremos generar cambios en nuestra comunidad. Queremos contribuir a que Washington sea un lugar mejor.<\/p>\n<h2><strong>Demandando al estado de Washington<\/strong><\/h2>\n<p>Se deben cumplir ciertos requisitos para presentar una demanda contra el estado de Washington. Debe entregar un formulario de demanda verificado. Tambi\u00e9n debe entregar el formulario al agente autorizado de la entidad gubernamental. Entregar un formulario de demanda v\u00e1lido es un requisito para presentar una demanda legal contra el gobierno.<\/p>\n<p>Tambi\u00e9n es importante que el contenido y la notificaci\u00f3n del formulario de demanda cumplan con los requisitos del estatuto. Si no cumple, los tribunales pueden rechazar o desestimar su demanda. Sin embargo, una vez que verifique, presente y notifique una demanda, debe esperar 60 d\u00edas antes de que la demanda pueda presentarse en el tribunal. Si no espera 60 d\u00edas, su demanda ser\u00e1 inv\u00e1lida. Esto dar\u00e1 como resultado la desestimaci\u00f3n de su caso.<\/p>\n<p>Para obtener la compensaci\u00f3n que usted merece es \u00fatil consultar con un abogado.\u00a0 <a href=\"https:\/\/plg-pllc.com\/about-us\/\">Comun\u00edquese con Premier Law Group<\/a> hoy para comenzar con tu suscripci\u00f3n gratuita <a href=\"https:\/\/plg-pllc.com\/contact-us\/\">revisi\u00f3n de caso<\/a>.<\/p>\n\n        <div class=\"rs-content-cta long\">\n            <p>Para una consulta legal GRATUITA con un abogado especializado en negligencia del gobierno estatal que presta servicios en Washington, llame al <a href=\"tel:+12062851743\">(206) 285-1743 <\/a><\/p>\n            <a href=\"https:\/\/plg-pllc.com\/es\/contact-us\/\" title=\"OBTENGA UNA EVALUACI\u00d3N DE CASO GRATUITA\" class=\"btn-global\">OBTENGA UNA EVALUACI\u00d3N DE CASO GRATUITA<\/a>\n                    <picture>\n                            <source srcset=\"https:\/\/plg-pllc.com\/wp-content\/themes\/plg-pllc-redesign\/assets\/app\/img\/cta-thumb.webp\" type=\"image\/webp\"\/>\n                            <img src=\"https:\/\/plg-pllc.com\/wp-content\/themes\/plg-pllc-redesign\/assets\/app\/img\/cta-thumb.png\" alt=\"Grupo de abogados Premier\" title=\"Grupo de abogados Premier\" width=\"245\" height=\"220\" loading=\"auto\" fetchpriority=\"auto\" decoding=\"async\"\/>\n        <\/picture>\n        \n        <\/div><h2><strong>Reclamaciones presentadas contra el estado de Washington o sus entidades<\/strong><\/h2>\n<p><img loading=\"lazy\" decoding=\"async\" class=\"alignleft size-medium wp-image-17799\" src=\"https:\/\/plg-pllc.com\/wp-content\/uploads\/2020\/08\/Seattle-personal-injury-law-gavel-and-book-compressed-300x200.jpg\" alt=\"Abogados con experiencia en lesiones personales en Federal Way, Renton, Bellevue y Seattle\" width=\"300\" height=\"200\" srcset=\"https:\/\/plg-pllc.com\/wp-content\/uploads\/2020\/08\/Seattle-personal-injury-law-gavel-and-book-compressed-300x200.jpg 300w, https:\/\/plg-pllc.com\/wp-content\/uploads\/2020\/08\/Seattle-personal-injury-law-gavel-and-book-compressed-1024x682.jpg 1024w, https:\/\/plg-pllc.com\/wp-content\/uploads\/2020\/08\/Seattle-personal-injury-law-gavel-and-book-compressed-768x512.jpg 768w, https:\/\/plg-pllc.com\/wp-content\/uploads\/2020\/08\/Seattle-personal-injury-law-gavel-and-book-compressed-1536x1023.jpg 1536w, https:\/\/plg-pllc.com\/wp-content\/uploads\/2020\/08\/Seattle-personal-injury-law-gavel-and-book-compressed-640x426.jpg 640w, https:\/\/plg-pllc.com\/wp-content\/uploads\/2020\/08\/Seattle-personal-injury-law-gavel-and-book-compressed-1200x799.jpg 1200w, https:\/\/plg-pllc.com\/wp-content\/uploads\/2020\/08\/Seattle-personal-injury-law-gavel-and-book-compressed-250x167.jpg 250w, https:\/\/plg-pllc.com\/wp-content\/uploads\/2020\/08\/Seattle-personal-injury-law-gavel-and-book-compressed.jpg 1920w\" sizes=\"auto, (max-width: 300px) 100vw, 300px\" \/>Las v\u00edctimas de la negligencia del gobierno estatal de Washington no pueden presentar una demanda contra el gobierno estatal o sus entidades de inmediato. Deben presentar un reclamo ante el <a href=\"https:\/\/des.wa.gov\/policies-legal\/risk-management\">Oficina de Gesti\u00f3n de Riesgos del Estado de Washington<\/a> (ORC) primero. Para ello, es necesario presentar un formulario de reclamaci\u00f3n por agravio. Este formulario contiene informaci\u00f3n sobre su accidente. Sin embargo, si la informaci\u00f3n del formulario es incorrecta, es probable que la oficina rechace su reclamaci\u00f3n. Aseg\u00farese de guardar copias de los formularios que env\u00ede a la ORC.<\/p>\n<p>Adem\u00e1s, las v\u00edctimas deben esperar 60 d\u00edas para presentar una demanda contra la parte negligente. Durante este tiempo, la Oficina de Gesti\u00f3n de Riesgos investiga el accidente. El gobierno tambi\u00e9n intentar\u00e1 llegar a un acuerdo con las v\u00edctimas lesionadas dentro de los 60 d\u00edas.<\/p>\n<p>Despu\u00e9s del per\u00edodo de 60 d\u00edas, la v\u00edctima puede presentar una demanda si no se lleg\u00f3 a un acuerdo con el gobierno. Al igual que otras demandas por lesiones personales en el estado, tiene tres a\u00f1os a partir de la fecha del accidente para presentar una demanda por negligencia del gobierno del estado de Washington. Sin embargo, el plazo de prescripci\u00f3n est\u00e1 en suspenso durante el per\u00edodo de espera de 60 d\u00edas.<\/p>\n<h2><strong>\u00bfNecesito un abogado para demandar al estado de Washington? <\/strong><\/h2>\n<h5><strong>Presentar una reclamaci\u00f3n contra una agencia gubernamental es complicado.<\/strong><\/h5>\n<p>En primer lugar, este proceso requiere la experiencia y los conocimientos de un abogado especializado en lesiones personales altamente capacitado. Por lo tanto, debe hablar con un abogado antes de intentar gestionar un reclamo por su cuenta. Con un abogado con experiencia en negligencia del gobierno del estado de Washington, puede ganar tres veces m\u00e1s por su acuerdo.<\/p>\n<h5><strong>Puede buscar ayuda m\u00e9dica sin pagar nada por adelantado con la ayuda de un abogado.<\/strong><\/h5>\n<p>En segundo lugar, cuando un m\u00e9dico sabe que usted tiene un abogado trabajando en un caso, le da tranquilidad. Esta informaci\u00f3n es importante si no tiene <a href=\"https:\/\/plg-pllc.com\/faqs\/\">protecci\u00f3n contra lesiones personales<\/a> (PIP). Tambi\u00e9n es bueno saber esto si no tienes los recursos econ\u00f3micos para cubrir los costos de tus tratamientos m\u00e9dicos.<\/p>\n<h5><strong>Un abogado experimentado sabe c\u00f3mo evaluar el valor real de su reclamo.<\/strong><\/h5>\n<p>En tercer lugar, un abogado experto en negligencia del gobierno del estado de Washington sabe qu\u00e9 buscar al determinar el valor de su demanda. No solo eso, sino que un abogado conoce el complicado sistema legal que se interpone entre usted y un acuerdo justo. Sin embargo, sin un abogado, su caso se resolver\u00e1 por mucho menos de lo que realmente vale.<\/p>\n<h5><strong>Sin un abogado, la compa\u00f1\u00eda de seguros no le ofrecer\u00e1 lo que vale su caso.<\/strong><\/h5>\n<p>En cuarto lugar, necesitas un abogado porque los peritos de seguros no te ofrecer\u00e1n la compensaci\u00f3n que mereces. Quieren ahorrar dinero y pagar lo menos posible a las personas por sus reclamaciones. Por eso es importante tener a alguien de tu lado que tenga en mente tus mejores intereses.<\/p>\n<h5><strong>Con un abogado, usted s\u00f3lo tiene que conseguir tratamiento para sus lesiones.<\/strong><\/h5>\n<p>Por fin, tener una <a href=\"https:\/\/plg-pllc.com\/\">Equipo experimentado de expertos legales<\/a> Manejar los asuntos legales le brinda tranquilidad. Puede concentrarse en recuperarse mientras nuestros abogados profesionales en negligencia del gobierno del estado de Washington se concentran en lograr un acuerdo justo para usted.<\/p>\n<h2><strong>\u00a1Hable con un abogado con experiencia en negligencia del gobierno del estado de Washington!<\/strong><\/h2>\n<p><img loading=\"lazy\" decoding=\"async\" class=\"alignright wp-image-16099 size-medium\" src=\"https:\/\/plg-pllc.com\/wp-content\/uploads\/2018\/01\/lawyers-plg-bg800-300x192.jpg\" alt=\"Los mejores abogados de lesiones personales de Seattle Bellevue Federal Way Renton\" width=\"300\" height=\"192\" srcset=\"https:\/\/plg-pllc.com\/wp-content\/uploads\/2018\/01\/lawyers-plg-bg800-300x192.jpg 300w, https:\/\/plg-pllc.com\/wp-content\/uploads\/2018\/01\/lawyers-plg-bg800-768x491.jpg 768w, https:\/\/plg-pllc.com\/wp-content\/uploads\/2018\/01\/lawyers-plg-bg800-640x409.jpg 640w, https:\/\/plg-pllc.com\/wp-content\/uploads\/2018\/01\/lawyers-plg-bg800.jpg 800w\" sizes=\"auto, (max-width: 300px) 100vw, 300px\" \/><a href=\"https:\/\/plg-pllc.com\/\">No esperes para hablar con un abogado<\/a>En Premier Law Group, nuestra <a href=\"https:\/\/plg-pllc.com\/about-us\/\">Equipo experto de abogados especializados en lesiones personales<\/a> Tenemos experiencia en demandar a agencias gubernamentales. Tenemos un historial comprobado de casos contra ellos. No conf\u00ede solo en nuestra palabra. Lea lo que nuestros clientes tienen para decir. <a href=\"https:\/\/plg-pllc.com\/client-reviews\/\">aqu\u00ed<\/a>!<\/p>\n<p>Si necesita ayuda con su caso de negligencia del gobierno del estado de Washington, comun\u00edquese con Premier Law Group hoy mismo. Llame <em>206.285.1743<\/em> hablar directamente con un <a href=\"https:\/\/plg-pllc.com\/seattle\/personal-injury-lawyer\/\">abogado con experiencia en lesiones personales<\/a>! Y como siempre, hay <a href=\"https:\/\/plg-pllc.com\/about-us\/zero-fee-guarantee\/\">Sin cargo <\/a>a menos que ganemos su caso.<\/p>\n\n        <div class=\"rs-content-cta\">\n            <p>Llamar o enviar mensaje de texto <a href=\"tel:+12062851743\">(206) 285-1743<\/a> o complete un formulario de evaluaci\u00f3n de caso gratuito<\/p>\n            <a href=\"https:\/\/plg-pllc.com\/es\/contact-us\/\" title=\"OBTENGA UNA EVALUACI\u00d3N DE CASO GRATUITA\" class=\"btn-global\">OBTENGA UNA EVALUACI\u00d3N DE CASO GRATUITA<\/a>\n                    <picture>\n                            <source srcset=\"https:\/\/plg-pllc.com\/wp-content\/themes\/plg-pllc-redesign\/assets\/app\/img\/cta-thumb.webp\" type=\"image\/webp\"\/>\n                            <img src=\"https:\/\/plg-pllc.com\/wp-content\/themes\/plg-pllc-redesign\/assets\/app\/img\/cta-thumb.png\" alt=\"Grupo de abogados Premier\" title=\"Grupo de abogados Premier\" width=\"245\" height=\"220\" loading=\"auto\" fetchpriority=\"auto\" decoding=\"async\"\/>\n        <\/picture>\n        \n        <\/div>","protected":false},"excerpt":{"rendered":"<p>Demandas por lesiones contra el gobierno del estado de Washington Si ha sufrido lesiones como resultado de la negligencia del gobierno del estado de Washington o de una agencia o entidad gubernamental, es posible que tenga derecho a presentar una demanda por lesiones personales contra el gobierno. Estas entidades tambi\u00e9n cuentan con equipos legales que se encargan de defenderse de las demandas. Sin embargo, con la ayuda del Primer Ministro\u2026<\/p>","protected":false},"author":24,"featured_media":18363,"parent":18067,"menu_order":0,"comment_status":"closed","ping_status":"closed","template":"","meta":{"_acf_changed":false,"_genesis_hide_title":false,"_genesis_hide_breadcrumbs":false,"_genesis_hide_singular_image":false,"_genesis_hide_footer_widgets":false,"_genesis_custom_body_class":"","_genesis_custom_post_class":"","_genesis_layout":"","footnotes":""},"hc_faqs":[],"class_list":{"0":"post-18569","1":"page","2":"type-page","3":"status-publish","4":"has-post-thumbnail","6":"hc_city_location-washington","7":"entry"},"acf":[],"yoast_head":"<!-- This site is optimized with the Yoast SEO plugin v27.4 - https:\/\/yoast.com\/product\/yoast-seo-wordpress\/ -->\n<title>State Government Negligence Lawyer in Washington | Free Case Review<\/title>\n<meta name=\"description\" content=\"Washington State Government Negligence Lawyer: Premier Law Group helps you unlock the full compensation you deserve. No Fee Unless We Win.\" \/>\n<meta name=\"robots\" content=\"index, follow, max-snippet:-1, max-image-preview:large, max-video-preview:-1\" \/>\n<link rel=\"canonical\" href=\"https:\/\/plg-pllc.com\/es\/washington\/state-government-negligence-lawyer\/\" \/>\n<meta property=\"og:locale\" content=\"es_MX\" \/>\n<meta property=\"og:type\" content=\"article\" \/>\n<meta property=\"og:title\" content=\"State Government Negligence Lawyer in Washington | Free Case Review\" \/>\n<meta property=\"og:description\" content=\"Washington State Government Negligence Lawyer: Premier Law Group helps you unlock the full compensation you deserve. No Fee Unless We Win.\" \/>\n<meta property=\"og:url\" content=\"https:\/\/plg-pllc.com\/es\/washington\/state-government-negligence-lawyer\/\" \/>\n<meta property=\"og:site_name\" content=\"Premier Law Group\" \/>\n<meta property=\"article:publisher\" content=\"https:\/\/www.facebook.com\/premierlawgroup\" \/>\n<meta property=\"article:modified_time\" content=\"2026-03-24T22:09:48+00:00\" \/>\n<meta property=\"og:image\" content=\"https:\/\/plg-pllc.com\/wp-content\/uploads\/2021\/04\/shutterstock_756585865-scaled-1.jpg\" \/>\n\t<meta property=\"og:image:width\" content=\"2560\" \/>\n\t<meta property=\"og:image:height\" content=\"1707\" \/>\n\t<meta property=\"og:image:type\" content=\"image\/jpeg\" \/>\n<meta name=\"twitter:card\" content=\"summary_large_image\" \/>\n<meta name=\"twitter:site\" content=\"@premierlawgroup\" \/>\n<meta name=\"twitter:label1\" content=\"Tiempo de lectura\" \/>\n\t<meta name=\"twitter:data1\" content=\"6 minutos\" \/>\n<script type=\"application\/ld+json\" class=\"yoast-schema-graph\">{\"@context\":\"https:\\\/\\\/schema.org\",\"@graph\":[{\"@type\":\"WebPage\",\"@id\":\"https:\\\/\\\/plg-pllc.com\\\/washington\\\/state-government-negligence-lawyer\\\/\",\"url\":\"https:\\\/\\\/plg-pllc.com\\\/washington\\\/state-government-negligence-lawyer\\\/\",\"name\":\"State Government Negligence Lawyer in Washington | Free Case Review\",\"isPartOf\":{\"@id\":\"https:\\\/\\\/plg-pllc.com\\\/#website\"},\"primaryImageOfPage\":{\"@id\":\"https:\\\/\\\/plg-pllc.com\\\/washington\\\/state-government-negligence-lawyer\\\/#primaryimage\"},\"image\":{\"@id\":\"https:\\\/\\\/plg-pllc.com\\\/washington\\\/state-government-negligence-lawyer\\\/#primaryimage\"},\"thumbnailUrl\":\"https:\\\/\\\/plg-pllc.com\\\/wp-content\\\/uploads\\\/2021\\\/04\\\/shutterstock_756585865-scaled-1.jpg\",\"datePublished\":\"2021-06-17T19:22:38+00:00\",\"dateModified\":\"2026-03-24T22:09:48+00:00\",\"description\":\"Washington State Government Negligence Lawyer: Premier Law Group helps you unlock the full compensation you deserve. No Fee Unless We Win.\",\"breadcrumb\":{\"@id\":\"https:\\\/\\\/plg-pllc.com\\\/washington\\\/state-government-negligence-lawyer\\\/#breadcrumb\"},\"inLanguage\":\"es\",\"potentialAction\":[{\"@type\":\"ReadAction\",\"target\":[\"https:\\\/\\\/plg-pllc.com\\\/washington\\\/state-government-negligence-lawyer\\\/\"]}]},{\"@type\":\"ImageObject\",\"inLanguage\":\"es\",\"@id\":\"https:\\\/\\\/plg-pllc.com\\\/washington\\\/state-government-negligence-lawyer\\\/#primaryimage\",\"url\":\"https:\\\/\\\/plg-pllc.com\\\/wp-content\\\/uploads\\\/2021\\\/04\\\/shutterstock_756585865-scaled-1.jpg\",\"contentUrl\":\"https:\\\/\\\/plg-pllc.com\\\/wp-content\\\/uploads\\\/2021\\\/04\\\/shutterstock_756585865-scaled-1.jpg\",\"width\":2560,\"height\":1707,\"caption\":\"Best Bellevue Personal Injury lawyers\"},{\"@type\":\"BreadcrumbList\",\"@id\":\"https:\\\/\\\/plg-pllc.com\\\/washington\\\/state-government-negligence-lawyer\\\/#breadcrumb\",\"itemListElement\":[{\"@type\":\"ListItem\",\"position\":1,\"name\":\"Home\",\"item\":\"https:\\\/\\\/plg-pllc.com\\\/es\\\/\"},{\"@type\":\"ListItem\",\"position\":2,\"name\":\"Bellevue Personal Injury Lawyer\",\"item\":\"https:\\\/\\\/plg-pllc.com\\\/es\\\/\"},{\"@type\":\"ListItem\",\"position\":3,\"name\":\"Washington State Government Negligence Lawyer\"}]},{\"@type\":\"WebSite\",\"@id\":\"https:\\\/\\\/plg-pllc.com\\\/#website\",\"url\":\"https:\\\/\\\/plg-pllc.com\\\/\",\"name\":\"Premier Law Group\",\"description\":\"Washington Wrongful Death and Serious Injury Lawyer\",\"publisher\":{\"@id\":\"https:\\\/\\\/plg-pllc.com\\\/#organization\"},\"inLanguage\":\"es\"},{\"@type\":\"Organization\",\"@id\":\"https:\\\/\\\/plg-pllc.com\\\/#organization\",\"name\":\"Premier Law Group\",\"url\":\"https:\\\/\\\/plg-pllc.com\\\/\",\"logo\":{\"@type\":\"ImageObject\",\"inLanguage\":\"es\",\"@id\":\"https:\\\/\\\/plg-pllc.com\\\/#\\\/schema\\\/logo\\\/image\\\/\",\"url\":\"https:\\\/\\\/plg-pllc.com\\\/wp-content\\\/uploads\\\/2020\\\/10\\\/plg-logo-v2.gif\",\"contentUrl\":\"https:\\\/\\\/plg-pllc.com\\\/wp-content\\\/uploads\\\/2020\\\/10\\\/plg-logo-v2.gif\",\"width\":592,\"height\":191,\"caption\":\"Premier Law Group\"},\"image\":{\"@id\":\"https:\\\/\\\/plg-pllc.com\\\/#\\\/schema\\\/logo\\\/image\\\/\"},\"sameAs\":[\"https:\\\/\\\/www.facebook.com\\\/premierlawgroup\",\"https:\\\/\\\/x.com\\\/premierlawgroup\"]}]}<\/script>\n<!-- \/ Yoast SEO plugin. -->","yoast_head_json":{"title":"Abogado de negligencia del gobierno estatal en Washington | Revisi\u00f3n gratuita de casos","description":"Abogado especializado en negligencia del gobierno del estado de Washington: Premier Law Group lo ayuda a obtener la compensaci\u00f3n total que merece. Sin honorarios a menos que ganemos.","robots":{"index":"index","follow":"follow","max-snippet":"max-snippet:-1","max-image-preview":"max-image-preview:large","max-video-preview":"max-video-preview:-1"},"canonical":"https:\/\/plg-pllc.com\/es\/washington\/state-government-negligence-lawyer\/","og_locale":"es_MX","og_type":"article","og_title":"State Government Negligence Lawyer in Washington | Free Case Review","og_description":"Washington State Government Negligence Lawyer: Premier Law Group helps you unlock the full compensation you deserve. No Fee Unless We Win.","og_url":"https:\/\/plg-pllc.com\/es\/washington\/state-government-negligence-lawyer\/","og_site_name":"Premier Law Group","article_publisher":"https:\/\/www.facebook.com\/premierlawgroup","article_modified_time":"2026-03-24T22:09:48+00:00","og_image":[{"width":2560,"height":1707,"url":"https:\/\/plg-pllc.com\/wp-content\/uploads\/2021\/04\/shutterstock_756585865-scaled-1.jpg","type":"image\/jpeg"}],"twitter_card":"summary_large_image","twitter_site":"@premierlawgroup","twitter_misc":{"Tiempo de lectura":"6 minutos"},"schema":{"@context":"https:\/\/schema.org","@graph":[{"@type":"WebPage","@id":"https:\/\/plg-pllc.com\/washington\/state-government-negligence-lawyer\/","url":"https:\/\/plg-pllc.com\/washington\/state-government-negligence-lawyer\/","name":"Abogado de negligencia del gobierno estatal en Washington | Revisi\u00f3n gratuita de casos","isPartOf":{"@id":"https:\/\/plg-pllc.com\/#website"},"primaryImageOfPage":{"@id":"https:\/\/plg-pllc.com\/washington\/state-government-negligence-lawyer\/#primaryimage"},"image":{"@id":"https:\/\/plg-pllc.com\/washington\/state-government-negligence-lawyer\/#primaryimage"},"thumbnailUrl":"https:\/\/plg-pllc.com\/wp-content\/uploads\/2021\/04\/shutterstock_756585865-scaled-1.jpg","datePublished":"2021-06-17T19:22:38+00:00","dateModified":"2026-03-24T22:09:48+00:00","description":"Abogado especializado en negligencia del gobierno del estado de Washington: Premier Law Group lo ayuda a obtener la compensaci\u00f3n total que merece. Sin honorarios a menos que ganemos.","breadcrumb":{"@id":"https:\/\/plg-pllc.com\/washington\/state-government-negligence-lawyer\/#breadcrumb"},"inLanguage":"es","potentialAction":[{"@type":"ReadAction","target":["https:\/\/plg-pllc.com\/washington\/state-government-negligence-lawyer\/"]}]},{"@type":"ImageObject","inLanguage":"es","@id":"https:\/\/plg-pllc.com\/washington\/state-government-negligence-lawyer\/#primaryimage","url":"https:\/\/plg-pllc.com\/wp-content\/uploads\/2021\/04\/shutterstock_756585865-scaled-1.jpg","contentUrl":"https:\/\/plg-pllc.com\/wp-content\/uploads\/2021\/04\/shutterstock_756585865-scaled-1.jpg","width":2560,"height":1707,"caption":"Best Bellevue Personal Injury lawyers"},{"@type":"BreadcrumbList","@id":"https:\/\/plg-pllc.com\/washington\/state-government-negligence-lawyer\/#breadcrumb","itemListElement":[{"@type":"ListItem","position":1,"name":"Home","item":"https:\/\/plg-pllc.com\/es\/"},{"@type":"ListItem","position":2,"name":"Bellevue Personal Injury Lawyer","item":"https:\/\/plg-pllc.com\/es\/"},{"@type":"ListItem","position":3,"name":"Washington State Government Negligence Lawyer"}]},{"@type":"WebSite","@id":"https:\/\/plg-pllc.com\/#website","url":"https:\/\/plg-pllc.com\/","name":"Grupo de abogados Premier","description":"Abogado de muerte por negligencia y lesiones graves en Washington","publisher":{"@id":"https:\/\/plg-pllc.com\/#organization"},"inLanguage":"es"},{"@type":"Organization","@id":"https:\/\/plg-pllc.com\/#organization","name":"Grupo de abogados Premier","url":"https:\/\/plg-pllc.com\/","logo":{"@type":"ImageObject","inLanguage":"es","@id":"https:\/\/plg-pllc.com\/#\/schema\/logo\/image\/","url":"https:\/\/plg-pllc.com\/wp-content\/uploads\/2020\/10\/plg-logo-v2.gif","contentUrl":"https:\/\/plg-pllc.com\/wp-content\/uploads\/2020\/10\/plg-logo-v2.gif","width":592,"height":191,"caption":"Premier Law Group"},"image":{"@id":"https:\/\/plg-pllc.com\/#\/schema\/logo\/image\/"},"sameAs":["https:\/\/www.facebook.com\/premierlawgroup","https:\/\/x.com\/premierlawgroup"]}]}},"_links":{"self":[{"href":"https:\/\/plg-pllc.com\/es\/wp-json\/wp\/v2\/pages\/18569","targetHints":{"allow":["GET"]}}],"collection":[{"href":"https:\/\/plg-pllc.com\/es\/wp-json\/wp\/v2\/pages"}],"about":[{"href":"https:\/\/plg-pllc.com\/es\/wp-json\/wp\/v2\/types\/page"}],"author":[{"embeddable":true,"href":"https:\/\/plg-pllc.com\/es\/wp-json\/wp\/v2\/users\/24"}],"replies":[{"embeddable":true,"href":"https:\/\/plg-pllc.com\/es\/wp-json\/wp\/v2\/comments?post=18569"}],"version-history":[{"count":0,"href":"https:\/\/plg-pllc.com\/es\/wp-json\/wp\/v2\/pages\/18569\/revisions"}],"up":[{"embeddable":true,"href":"https:\/\/plg-pllc.com\/es\/wp-json\/wp\/v2\/pages\/18067"}],"wp:featuredmedia":[{"embeddable":true,"href":"https:\/\/plg-pllc.com\/es\/wp-json\/wp\/v2\/media\/18363"}],"wp:attachment":[{"href":"https:\/\/plg-pllc.com\/es\/wp-json\/wp\/v2\/media?parent=18569"}],"wp:term":[{"taxonomy":"hc_faqs","embeddable":true,"href":"https:\/\/plg-pllc.com\/es\/wp-json\/wp\/v2\/hc_faqs?post=18569"}],"curies":[{"name":"gracias","href":"https:\/\/api.w.org\/{rel}","templated":true}]}}