{"id":18583,"date":"2021-06-23T16:28:54","date_gmt":"2021-06-23T23:28:54","guid":{"rendered":"https:\/\/plg-pllc.com\/?page_id=18583"},"modified":"2026-03-24T15:09:41","modified_gmt":"2026-03-24T22:09:41","slug":"auto-insurance-coverage-attorneys","status":"publish","type":"page","link":"https:\/\/plg-pllc.com\/es\/seattle\/auto-insurance-coverage\/","title":{"rendered":"Abogado de cobertura de seguro de autom\u00f3vil en Seattle"},"content":{"rendered":"<h2><strong>Cobertura de seguro de autom\u00f3vil<\/strong><\/h2>\n<p><img loading=\"lazy\" decoding=\"async\" class=\"alignleft wp-image-18055 size-full\" src=\"https:\/\/plg-pllc.com\/wp-content\/uploads\/2020\/12\/Picture3.jpg\" alt=\"Abogados de cobertura de seguro de autom\u00f3vil en Seattle Bellevue Federal Way\" width=\"300\" height=\"200\" srcset=\"https:\/\/plg-pllc.com\/wp-content\/uploads\/2020\/12\/Picture3.jpg 300w, https:\/\/plg-pllc.com\/wp-content\/uploads\/2020\/12\/Picture3-250x167.jpg 250w\" sizes=\"auto, (max-width: 300px) 100vw, 300px\" \/>\u00bfEst\u00e1 sufriendo debido a lesiones causadas por un <a href=\"https:\/\/plg-pllc.com\/glossary\/car-accidents\/\">accidente de coche<\/a>? Si es as\u00ed, es posible que piense que recibir\u00e1 r\u00e1pidamente el pago por sus p\u00e9rdidas. Sin embargo, a menudo no es tan sencillo. De hecho, es posible que no reciba nada. Algunas compa\u00f1\u00edas de seguros pueden negarse a pagar lo que legalmente tienen que cubrir. Tratar con los proveedores de seguros puede ser complicado. Peque\u00f1os errores pueden poner en peligro su caso. Si tiene lesiones y ahora tiene que trabajar con proveedores de seguros, obtenga ayuda de un abogado experimentado. Los abogados de cobertura de seguros de autom\u00f3viles de Seattle en <a href=\"https:\/\/plg-pllc.com\/about-us\/\">Grupo de abogados Premier<\/a> Podemos representarlo a usted y a su reclamo. Queremos que su caso se desarrolle sin inconvenientes.<\/p>\n<p>Comun\u00edquese con Premier Law Group para obtener una revisi\u00f3n gratuita de su caso. Esto le ayudar\u00e1 a evitar errores peligrosos en su demanda.<\/p>\n<h2><strong>\u00bfMi accidente est\u00e1 cubierto por mi seguro?<\/strong><\/h2>\n<p>La gente suele creer que tiene una \u201ccobertura total\u201d. Sin embargo, ninguna compa\u00f1\u00eda ofrece una cantidad de cobertura de seguro que pueda considerarse \u201ccobertura total\u201d.<\/p>\n<p>El \u00fanico requisito legal de cobertura es el l\u00edmite m\u00ednimo. En Washington, el conductor de un veh\u00edculo debe tener l\u00edmites de cobertura. <a href=\"https:\/\/dol.wa.gov\/driver-licenses-and-permits\/mandatory-insurance\">$25,000 por lesiones corporales o muerte de 1 persona en cualquier 1 accidente<\/a>. Sin embargo, sin un seguro adecuado en un <a href=\"https:\/\/plg-pllc.com\/seattle\/car-accident-lawyer\/\">accidente de coche<\/a>, no tiene nada si el otro conductor no tiene el m\u00ednimo de $25,000. Adem\u00e1s, para las personas con lesiones graves, $25,000 puede no cubrir el costo de llevarlos al hospital. Tambi\u00e9n puede no cubrir la p\u00e9rdida de salario, los gastos de bolsillo y las muchas otras p\u00e9rdidas que experimentan.<\/p>\n<h2><strong>\u00bfEs el estado de Washington un estado con seguro sin culpa?<\/strong><\/h2>\n<p>En Seattle, <a href=\"https:\/\/app.leg.wa.gov\/rcw\/default.aspx?cite=4.22\/\">Leyes de negligencia de Washington<\/a> determinar la culpa en un accidente. Su compa\u00f1\u00eda de seguros y la compa\u00f1\u00eda de seguros del otro conductor realizar\u00e1n sus propias investigaciones. Sin embargo, sus motivos podr\u00edan no ser los mejores para usted. Tener una <a href=\"https:\/\/www.google.com\/search?q=premier+law+group+seattle&amp;rlz=1C1CHBF_enUS879US879&amp;oq=premier+law+group+seattle&amp;aqs=chrome..69i57j46i175i199j69i59j69i61l3j69i65.3582j1j9&amp;sourceid=chrome&amp;ie=UTF-8#lrd=0x54906b3300e98a39:0x80a64f5ade626230,1,,,\">Seattle<\/a> Un abogado a su lado puede marcar la diferencia al luchar por su reclamo.<\/p>\n<p>Cada compa\u00f1\u00eda evaluar\u00e1 el accidente y emitir\u00e1 su propio veredicto sobre la culpabilidad. Analizar\u00e1n todas las pruebas disponibles, como los relatos de testigos presenciales o fotograf\u00edas de los da\u00f1os sufridos por los veh\u00edculos y la propiedad. Las v\u00edctimas deben hablar del incidente con su abogado. Es posible que deseen realizar otra evaluaci\u00f3n del accidente.<\/p>\n\n        <div class=\"rs-content-cta long\">\n            <p>Para una consulta legal GRATUITA con un abogado especializado en cobertura de seguros de autom\u00f3viles que preste servicios en Seattle, llame al <a href=\"tel:+12062851743\">(206) 285-1743 <\/a><\/p>\n            <a href=\"https:\/\/plg-pllc.com\/es\/contact-us\/\" title=\"OBTENGA UNA EVALUACI\u00d3N DE CASO GRATUITA\" class=\"btn-global\">OBTENGA UNA EVALUACI\u00d3N DE CASO GRATUITA<\/a>\n                    <picture>\n                            <source srcset=\"https:\/\/plg-pllc.com\/wp-content\/themes\/plg-pllc-redesign\/assets\/app\/img\/cta-thumb.webp\" type=\"image\/webp\"\/>\n                            <img src=\"https:\/\/plg-pllc.com\/wp-content\/themes\/plg-pllc-redesign\/assets\/app\/img\/cta-thumb.png\" alt=\"Grupo de abogados Premier\" title=\"Grupo de abogados Premier\" width=\"245\" height=\"220\" loading=\"auto\" fetchpriority=\"auto\" decoding=\"async\"\/>\n        <\/picture>\n        \n        <\/div><h2><strong>\u00bfQu\u00e9 puede poner en peligro mi reclamo de seguro?<\/strong><\/h2>\n<p><img loading=\"lazy\" decoding=\"async\" class=\"alignright size-medium wp-image-18177\" src=\"https:\/\/plg-pllc.com\/wp-content\/uploads\/2021\/01\/lawyers-1000803_1920-300x200.jpg\" alt=\"Abogados con experiencia en lesiones personales en Seattle\" width=\"300\" height=\"200\" srcset=\"https:\/\/plg-pllc.com\/wp-content\/uploads\/2021\/01\/lawyers-1000803_1920-300x200.jpg 300w, https:\/\/plg-pllc.com\/wp-content\/uploads\/2021\/01\/lawyers-1000803_1920-1024x682.jpg 1024w, https:\/\/plg-pllc.com\/wp-content\/uploads\/2021\/01\/lawyers-1000803_1920-768x512.jpg 768w, https:\/\/plg-pllc.com\/wp-content\/uploads\/2021\/01\/lawyers-1000803_1920-1536x1023.jpg 1536w, https:\/\/plg-pllc.com\/wp-content\/uploads\/2021\/01\/lawyers-1000803_1920-640x426.jpg 640w, https:\/\/plg-pllc.com\/wp-content\/uploads\/2021\/01\/lawyers-1000803_1920-1200x799.jpg 1200w, https:\/\/plg-pllc.com\/wp-content\/uploads\/2021\/01\/lawyers-1000803_1920-250x167.jpg 250w, https:\/\/plg-pllc.com\/wp-content\/uploads\/2021\/01\/lawyers-1000803_1920.jpg 1920w\" sizes=\"auto, (max-width: 300px) 100vw, 300px\" \/>Las compa\u00f1\u00edas de seguros utilizar\u00e1n todas las pruebas que puedan para minimizar la cantidad de compensaci\u00f3n que puede recibir por sus p\u00e9rdidas. Adem\u00e1s, las propias v\u00edctimas cometen muchos errores al tratar con las compa\u00f1\u00edas de seguros. Trate de evitar cometer cualquiera de los siguientes errores:<\/p>\n<ul>\n<li>Admitir culpa, ya sea oralmente o por escrito.<\/li>\n<li>No completar un informe policial despu\u00e9s de un accidente.<\/li>\n<li>Exceder el plazo de prescripci\u00f3n al presentar un reclamo.<\/li>\n<li>Aceptar una cantidad de indemnizaci\u00f3n sin conocer el alcance total de las lesiones.<\/li>\n<li>No someterse a un examen m\u00e9dico por lesiones.<\/li>\n<li>No se enumeran todas las p\u00e9rdidas causadas por el incidente.<\/li>\n<\/ul>\n<p>La mejor manera de evitar estos errores es hablar con un experto. <a href=\"https:\/\/plg-pllc.com\/seattle\/personal-injury-lawyer\/\">Seattle<\/a> o <a href=\"https:\/\/plg-pllc.com\/\">Bellevue<\/a> Abogado de seguros. En Premier Law Group, trabajaremos con usted para presentar su caso de manera adecuada y evitar que los proveedores de seguros rechacen o minimicen su reclamo.<\/p>\n<h2><strong>\u00bfNecesito un abogado especializado en cobertura de seguro de autom\u00f3vil en Seattle?<\/strong><\/h2>\n<p>Hablar con un abogado puede ayudarle a entender mejor qu\u00e9 es lo correcto para su caso. P\u00f3ngase en contacto con los abogados de Premier Law Group. Llame <em>206.285.1743<\/em> hoy y recibe un <a href=\"https:\/\/plg-pllc.com\/contact-us\/\">Revisi\u00f3n de caso gratuita.<\/a><\/p>\n<p>La cobertura del seguro de autom\u00f3vil <a href=\"https:\/\/plg-pllc.com\/\">abogados de Premier Law Group<\/a> Han dedicado su carrera a la recuperaci\u00f3n de v\u00edctimas lesionadas. Podemos ayudarle a entender mejor sus derechos. Con nuestra representaci\u00f3n legal, puede recibir una compensaci\u00f3n completa y justa de las compa\u00f1\u00edas de seguros.<\/p>\n<h2><strong>\u00bfPuedo estar protegido en caso de un accidente de choque y fuga?<\/strong><\/h2>\n<p><img loading=\"lazy\" decoding=\"async\" class=\"alignleft size-medium wp-image-18148\" src=\"https:\/\/plg-pllc.com\/wp-content\/uploads\/2021\/01\/calculator-385506_1920-300x177.jpg\" alt=\"Abogados con experiencia en cobertura de seguros de autom\u00f3viles en Seattle, Federal Way y Bellevue\" width=\"300\" height=\"177\" srcset=\"https:\/\/plg-pllc.com\/wp-content\/uploads\/2021\/01\/calculator-385506_1920-300x177.jpg 300w, https:\/\/plg-pllc.com\/wp-content\/uploads\/2021\/01\/calculator-385506_1920-1024x603.jpg 1024w, https:\/\/plg-pllc.com\/wp-content\/uploads\/2021\/01\/calculator-385506_1920-768x452.jpg 768w, https:\/\/plg-pllc.com\/wp-content\/uploads\/2021\/01\/calculator-385506_1920-1536x905.jpg 1536w, https:\/\/plg-pllc.com\/wp-content\/uploads\/2021\/01\/calculator-385506_1920-640x377.jpg 640w, https:\/\/plg-pllc.com\/wp-content\/uploads\/2021\/01\/calculator-385506_1920-1200x707.jpg 1200w, https:\/\/plg-pllc.com\/wp-content\/uploads\/2021\/01\/calculator-385506_1920-390x230.jpg 390w, https:\/\/plg-pllc.com\/wp-content\/uploads\/2021\/01\/calculator-385506_1920-250x147.jpg 250w, https:\/\/plg-pllc.com\/wp-content\/uploads\/2021\/01\/calculator-385506_1920.jpg 1920w\" sizes=\"auto, (max-width: 300px) 100vw, 300px\" \/>Es dif\u00edcil recuperarse de los accidentes en los que el conductor se da a la fuga. Lamentablemente, muchos conductores culpables nunca son encontrados culpables. Si no puede responsabilizar al conductor por las p\u00e9rdidas, deber\u00e1 buscar otro m\u00e9todo para recibir una compensaci\u00f3n por sus p\u00e9rdidas.<\/p>\n<p>Las v\u00edctimas de accidentes en los que el conductor se dio a la fuga y no se encontr\u00f3 ning\u00fan conductor pueden utilizar la cobertura para conductores sin seguro o con seguro insuficiente de su p\u00f3liza de seguros. Esta puede cubrir los da\u00f1os que haya sufrido hasta el monto m\u00e1ximo de la cobertura. Sin embargo, necesitar\u00e1 pruebas que demuestren que su accidente fue el resultado de un conductor que se dio a la fuga. Tambi\u00e9n deber\u00e1 demostrar que el monto de la compensaci\u00f3n que solicita recibir es adecuado para sus p\u00e9rdidas.<\/p>\n<h2><strong>*Libro La verdad sobre el seguro de autom\u00f3viles en Washington*<\/strong><\/h2>\n<p>Si tienes <a href=\"https:\/\/plg-pllc.com\/seattle\/personal-injury-lawyer\/\">lesiones<\/a> Despu\u00e9s de un accidente automovil\u00edstico en Washington, es probable que tenga preguntas sobre qu\u00e9 hacer a continuaci\u00f3n. En Premier Law Group, creemos que usted merece respuestas a todas sus preguntas. Por supuesto, los abogados especializados en cobertura de seguros de autom\u00f3viles de Washington lo saben, pero no se lo dir\u00e1n a menos que los contrate. Incluso entonces, no le dir\u00e1n lo suficiente para que usted pueda manejar su propio caso.<\/p>\n<p>Sin embargo, en Premier Law Group, nuestros abogados especializados en seguros de autom\u00f3viles de Washington son honestos y directos. Creemos que usted merece tener informaci\u00f3n. Tambi\u00e9n creemos que es deber de un abogado brindar al p\u00fablico informaci\u00f3n \u00fatil y de calidad. Lo m\u00e1s importante es que creemos en brindarle la informaci\u00f3n correcta. Siempre le diremos lo que pensamos. Como prueba, le diremos algo que a otros abogados no les gustar\u00e1: es posible que no necesite un abogado para su caso. De hecho, \u00a1podr\u00eda terminar siendo m\u00e1s costoso!<\/p>\n<h2><strong>\u00a1Premier Law Group est\u00e1 aqu\u00ed para ayudar!<\/strong><\/h2>\n<p><img loading=\"lazy\" decoding=\"async\" class=\"alignright size-medium wp-image-18094\" src=\"https:\/\/plg-pllc.com\/wp-content\/uploads\/2020\/10\/PLG-home-box3-300x200.jpg\" alt=\"Jason Epstein y Patrick Kang, abogados expertos en accidentes automovil\u00edsticos en Seattle\" width=\"300\" height=\"200\" srcset=\"https:\/\/plg-pllc.com\/wp-content\/uploads\/2020\/10\/PLG-home-box3-300x200.jpg 300w, https:\/\/plg-pllc.com\/wp-content\/uploads\/2020\/10\/PLG-home-box3-250x167.jpg 250w, https:\/\/plg-pllc.com\/wp-content\/uploads\/2020\/10\/PLG-home-box3.jpg 500w\" sizes=\"auto, (max-width: 300px) 100vw, 300px\" \/>Hay muchas ventajas para<a href=\"https:\/\/plg-pllc.com\/\"> Contratar un abogado de inmediato<\/a>En Premier Law Group, nuestros abogados le ayudar\u00e1n a proteger su salud, su bienestar emocional y sus finanzas.<\/p>\n<p>Adem\u00e1s, nuestro objetivo es garantizar que todas las personas que se pongan en contacto con nosotros est\u00e9n informadas sobre sus opciones legales. Adem\u00e1s, si no necesita un abogado para resolver su reclamaci\u00f3n por accidente, se lo haremos saber.<\/p>\n<p>Comun\u00edquese con Premier Law Group para obtener una revisi\u00f3n gratuita de su caso de accidente de autob\u00fas en el condado de King. Llame hoy al 206.285.1743. Y como siempre, hay<a href=\"https:\/\/plg-pllc.com\/about-us\/zero-fee-guarantee\/\"> Sin honorarios legales<\/a> a menos que lleguemos a un acuerdo o ganemos su caso.<\/p>\n\n        <div class=\"rs-content-cta\">\n            <p>Llamar o enviar mensaje de texto <a href=\"tel:+12062851743\">(206) 285-1743<\/a> o complete un formulario de evaluaci\u00f3n de caso gratuito<\/p>\n            <a href=\"https:\/\/plg-pllc.com\/es\/contact-us\/\" title=\"OBTENGA UNA EVALUACI\u00d3N DE CASO GRATUITA\" class=\"btn-global\">OBTENGA UNA EVALUACI\u00d3N DE CASO GRATUITA<\/a>\n                    <picture>\n                            <source srcset=\"https:\/\/plg-pllc.com\/wp-content\/themes\/plg-pllc-redesign\/assets\/app\/img\/cta-thumb.webp\" type=\"image\/webp\"\/>\n                            <img src=\"https:\/\/plg-pllc.com\/wp-content\/themes\/plg-pllc-redesign\/assets\/app\/img\/cta-thumb.png\" alt=\"Grupo de abogados Premier\" title=\"Grupo de abogados Premier\" width=\"245\" height=\"220\" loading=\"auto\" fetchpriority=\"auto\" decoding=\"async\"\/>\n        <\/picture>\n        \n        <\/div>","protected":false},"excerpt":{"rendered":"<p>Cobertura de seguro de autom\u00f3vil \u00bfSufre lesiones a causa de un accidente de coche? Si es as\u00ed, es posible que piense que recibir\u00e1 r\u00e1pidamente el pago por sus p\u00e9rdidas. Sin embargo, a menudo no es tan sencillo. De hecho, es posible que no reciba nada. Algunas compa\u00f1\u00edas de seguros pueden negarse a pagar lo que legalmente tienen que pagar...<\/p>","protected":false},"author":24,"featured_media":18294,"parent":20122,"menu_order":0,"comment_status":"closed","ping_status":"closed","template":"","meta":{"_acf_changed":false,"_genesis_hide_title":false,"_genesis_hide_breadcrumbs":false,"_genesis_hide_singular_image":false,"_genesis_hide_footer_widgets":false,"_genesis_custom_body_class":"","_genesis_custom_post_class":"","_genesis_layout":"","footnotes":""},"hc_faqs":[],"class_list":{"0":"post-18583","1":"page","2":"type-page","3":"status-publish","4":"has-post-thumbnail","6":"hc_city_location-seattle","7":"entry"},"acf":[],"yoast_head":"<!-- This site is optimized with the Yoast SEO plugin v27.4 - https:\/\/yoast.com\/product\/yoast-seo-wordpress\/ -->\n<title>Auto Insurance Coverage Lawyer in Seattle | Free Case Review<\/title>\n<meta name=\"description\" content=\"Seattle Auto Insurance Coverage Lawyer: Premier Law Group helps you unlock the full compensation you deserve. No Fee Unless We Win.\" \/>\n<meta name=\"robots\" content=\"index, follow, max-snippet:-1, max-image-preview:large, max-video-preview:-1\" \/>\n<link rel=\"canonical\" href=\"https:\/\/plg-pllc.com\/es\/seattle\/auto-insurance-coverage\/\" \/>\n<meta property=\"og:locale\" content=\"es_MX\" \/>\n<meta property=\"og:type\" content=\"article\" \/>\n<meta property=\"og:title\" content=\"Auto Insurance Coverage Lawyer in Seattle | Free Case Review\" \/>\n<meta property=\"og:description\" content=\"Seattle Auto Insurance Coverage Lawyer: Premier Law Group helps you unlock the full compensation you deserve. No Fee Unless We Win.\" \/>\n<meta property=\"og:url\" content=\"https:\/\/plg-pllc.com\/es\/seattle\/auto-insurance-coverage\/\" \/>\n<meta property=\"og:site_name\" content=\"Premier Law Group\" \/>\n<meta property=\"article:publisher\" content=\"https:\/\/www.facebook.com\/premierlawgroup\" \/>\n<meta property=\"article:modified_time\" content=\"2026-03-24T22:09:41+00:00\" \/>\n<meta property=\"og:image\" content=\"https:\/\/plg-pllc.com\/wp-content\/uploads\/2021\/03\/pexels-pixabay-48148-scaled-1.jpg\" \/>\n\t<meta property=\"og:image:width\" content=\"2560\" \/>\n\t<meta property=\"og:image:height\" content=\"1702\" \/>\n\t<meta property=\"og:image:type\" content=\"image\/jpeg\" \/>\n<meta name=\"twitter:card\" content=\"summary_large_image\" \/>\n<meta name=\"twitter:site\" content=\"@premierlawgroup\" \/>\n<meta name=\"twitter:label1\" content=\"Tiempo de lectura\" \/>\n\t<meta name=\"twitter:data1\" content=\"6 minutos\" \/>\n<script type=\"application\/ld+json\" class=\"yoast-schema-graph\">{\"@context\":\"https:\\\/\\\/schema.org\",\"@graph\":[{\"@type\":\"WebPage\",\"@id\":\"https:\\\/\\\/plg-pllc.com\\\/seattle\\\/auto-insurance-coverage\\\/\",\"url\":\"https:\\\/\\\/plg-pllc.com\\\/seattle\\\/auto-insurance-coverage\\\/\",\"name\":\"Auto Insurance Coverage Lawyer in Seattle | Free Case Review\",\"isPartOf\":{\"@id\":\"https:\\\/\\\/plg-pllc.com\\\/#website\"},\"primaryImageOfPage\":{\"@id\":\"https:\\\/\\\/plg-pllc.com\\\/seattle\\\/auto-insurance-coverage\\\/#primaryimage\"},\"image\":{\"@id\":\"https:\\\/\\\/plg-pllc.com\\\/seattle\\\/auto-insurance-coverage\\\/#primaryimage\"},\"thumbnailUrl\":\"https:\\\/\\\/plg-pllc.com\\\/wp-content\\\/uploads\\\/2021\\\/03\\\/pexels-pixabay-48148-scaled-1.jpg\",\"datePublished\":\"2021-06-23T23:28:54+00:00\",\"dateModified\":\"2026-03-24T22:09:41+00:00\",\"description\":\"Seattle Auto Insurance Coverage Lawyer: Premier Law Group helps you unlock the full compensation you deserve. No Fee Unless We Win.\",\"breadcrumb\":{\"@id\":\"https:\\\/\\\/plg-pllc.com\\\/seattle\\\/auto-insurance-coverage\\\/#breadcrumb\"},\"inLanguage\":\"es\",\"potentialAction\":[{\"@type\":\"ReadAction\",\"target\":[\"https:\\\/\\\/plg-pllc.com\\\/seattle\\\/auto-insurance-coverage\\\/\"]}]},{\"@type\":\"ImageObject\",\"inLanguage\":\"es\",\"@id\":\"https:\\\/\\\/plg-pllc.com\\\/seattle\\\/auto-insurance-coverage\\\/#primaryimage\",\"url\":\"https:\\\/\\\/plg-pllc.com\\\/wp-content\\\/uploads\\\/2021\\\/03\\\/pexels-pixabay-48148-scaled-1.jpg\",\"contentUrl\":\"https:\\\/\\\/plg-pllc.com\\\/wp-content\\\/uploads\\\/2021\\\/03\\\/pexels-pixabay-48148-scaled-1.jpg\",\"width\":2560,\"height\":1702,\"caption\":\"Filing a personal injury claim in Seattle\"},{\"@type\":\"BreadcrumbList\",\"@id\":\"https:\\\/\\\/plg-pllc.com\\\/seattle\\\/auto-insurance-coverage\\\/#breadcrumb\",\"itemListElement\":[{\"@type\":\"ListItem\",\"position\":1,\"name\":\"Home\",\"item\":\"https:\\\/\\\/plg-pllc.com\\\/es\\\/\"},{\"@type\":\"ListItem\",\"position\":2,\"name\":\"Seattle Personal Injury Lawyer\",\"item\":\"https:\\\/\\\/plg-pllc.com\\\/es\\\/seattle\\\/personal-injury-lawyer\\\/\"},{\"@type\":\"ListItem\",\"position\":3,\"name\":\"Seattle Auto Insurance Coverage Lawyer\"}]},{\"@type\":\"WebSite\",\"@id\":\"https:\\\/\\\/plg-pllc.com\\\/#website\",\"url\":\"https:\\\/\\\/plg-pllc.com\\\/\",\"name\":\"Premier Law Group\",\"description\":\"Washington Wrongful Death and Serious Injury Lawyer\",\"publisher\":{\"@id\":\"https:\\\/\\\/plg-pllc.com\\\/#organization\"},\"inLanguage\":\"es\"},{\"@type\":\"Organization\",\"@id\":\"https:\\\/\\\/plg-pllc.com\\\/#organization\",\"name\":\"Premier Law Group\",\"url\":\"https:\\\/\\\/plg-pllc.com\\\/\",\"logo\":{\"@type\":\"ImageObject\",\"inLanguage\":\"es\",\"@id\":\"https:\\\/\\\/plg-pllc.com\\\/#\\\/schema\\\/logo\\\/image\\\/\",\"url\":\"https:\\\/\\\/plg-pllc.com\\\/wp-content\\\/uploads\\\/2020\\\/10\\\/plg-logo-v2.gif\",\"contentUrl\":\"https:\\\/\\\/plg-pllc.com\\\/wp-content\\\/uploads\\\/2020\\\/10\\\/plg-logo-v2.gif\",\"width\":592,\"height\":191,\"caption\":\"Premier Law Group\"},\"image\":{\"@id\":\"https:\\\/\\\/plg-pllc.com\\\/#\\\/schema\\\/logo\\\/image\\\/\"},\"sameAs\":[\"https:\\\/\\\/www.facebook.com\\\/premierlawgroup\",\"https:\\\/\\\/x.com\\\/premierlawgroup\"]}]}<\/script>\n<!-- \/ Yoast SEO plugin. -->","yoast_head_json":{"title":"Abogado de cobertura de seguro de autom\u00f3vil en Seattle | Revisi\u00f3n de caso gratuita","description":"Abogado especializado en cobertura de seguros de autom\u00f3viles en Seattle: Premier Law Group lo ayuda a obtener la compensaci\u00f3n total que merece. Sin cargo a menos que ganemos.","robots":{"index":"index","follow":"follow","max-snippet":"max-snippet:-1","max-image-preview":"max-image-preview:large","max-video-preview":"max-video-preview:-1"},"canonical":"https:\/\/plg-pllc.com\/es\/seattle\/auto-insurance-coverage\/","og_locale":"es_MX","og_type":"article","og_title":"Auto Insurance Coverage Lawyer in Seattle | Free Case Review","og_description":"Seattle Auto Insurance Coverage Lawyer: Premier Law Group helps you unlock the full compensation you deserve. No Fee Unless We Win.","og_url":"https:\/\/plg-pllc.com\/es\/seattle\/auto-insurance-coverage\/","og_site_name":"Premier Law Group","article_publisher":"https:\/\/www.facebook.com\/premierlawgroup","article_modified_time":"2026-03-24T22:09:41+00:00","og_image":[{"width":2560,"height":1702,"url":"https:\/\/plg-pllc.com\/wp-content\/uploads\/2021\/03\/pexels-pixabay-48148-scaled-1.jpg","type":"image\/jpeg"}],"twitter_card":"summary_large_image","twitter_site":"@premierlawgroup","twitter_misc":{"Tiempo de lectura":"6 minutos"},"schema":{"@context":"https:\/\/schema.org","@graph":[{"@type":"WebPage","@id":"https:\/\/plg-pllc.com\/seattle\/auto-insurance-coverage\/","url":"https:\/\/plg-pllc.com\/seattle\/auto-insurance-coverage\/","name":"Abogado de cobertura de seguro de autom\u00f3vil en Seattle | Revisi\u00f3n de caso gratuita","isPartOf":{"@id":"https:\/\/plg-pllc.com\/#website"},"primaryImageOfPage":{"@id":"https:\/\/plg-pllc.com\/seattle\/auto-insurance-coverage\/#primaryimage"},"image":{"@id":"https:\/\/plg-pllc.com\/seattle\/auto-insurance-coverage\/#primaryimage"},"thumbnailUrl":"https:\/\/plg-pllc.com\/wp-content\/uploads\/2021\/03\/pexels-pixabay-48148-scaled-1.jpg","datePublished":"2021-06-23T23:28:54+00:00","dateModified":"2026-03-24T22:09:41+00:00","description":"Abogado especializado en cobertura de seguros de autom\u00f3viles en Seattle: Premier Law Group lo ayuda a obtener la compensaci\u00f3n total que merece. Sin cargo a menos que ganemos.","breadcrumb":{"@id":"https:\/\/plg-pllc.com\/seattle\/auto-insurance-coverage\/#breadcrumb"},"inLanguage":"es","potentialAction":[{"@type":"ReadAction","target":["https:\/\/plg-pllc.com\/seattle\/auto-insurance-coverage\/"]}]},{"@type":"ImageObject","inLanguage":"es","@id":"https:\/\/plg-pllc.com\/seattle\/auto-insurance-coverage\/#primaryimage","url":"https:\/\/plg-pllc.com\/wp-content\/uploads\/2021\/03\/pexels-pixabay-48148-scaled-1.jpg","contentUrl":"https:\/\/plg-pllc.com\/wp-content\/uploads\/2021\/03\/pexels-pixabay-48148-scaled-1.jpg","width":2560,"height":1702,"caption":"Filing a personal injury claim in Seattle"},{"@type":"BreadcrumbList","@id":"https:\/\/plg-pllc.com\/seattle\/auto-insurance-coverage\/#breadcrumb","itemListElement":[{"@type":"ListItem","position":1,"name":"Home","item":"https:\/\/plg-pllc.com\/es\/"},{"@type":"ListItem","position":2,"name":"Seattle Personal Injury Lawyer","item":"https:\/\/plg-pllc.com\/es\/seattle\/personal-injury-lawyer\/"},{"@type":"ListItem","position":3,"name":"Seattle Auto Insurance Coverage Lawyer"}]},{"@type":"WebSite","@id":"https:\/\/plg-pllc.com\/#website","url":"https:\/\/plg-pllc.com\/","name":"Grupo de abogados Premier","description":"Abogado de muerte por negligencia y lesiones graves en Washington","publisher":{"@id":"https:\/\/plg-pllc.com\/#organization"},"inLanguage":"es"},{"@type":"Organization","@id":"https:\/\/plg-pllc.com\/#organization","name":"Grupo de abogados Premier","url":"https:\/\/plg-pllc.com\/","logo":{"@type":"ImageObject","inLanguage":"es","@id":"https:\/\/plg-pllc.com\/#\/schema\/logo\/image\/","url":"https:\/\/plg-pllc.com\/wp-content\/uploads\/2020\/10\/plg-logo-v2.gif","contentUrl":"https:\/\/plg-pllc.com\/wp-content\/uploads\/2020\/10\/plg-logo-v2.gif","width":592,"height":191,"caption":"Premier Law Group"},"image":{"@id":"https:\/\/plg-pllc.com\/#\/schema\/logo\/image\/"},"sameAs":["https:\/\/www.facebook.com\/premierlawgroup","https:\/\/x.com\/premierlawgroup"]}]}},"_links":{"self":[{"href":"https:\/\/plg-pllc.com\/es\/wp-json\/wp\/v2\/pages\/18583","targetHints":{"allow":["GET"]}}],"collection":[{"href":"https:\/\/plg-pllc.com\/es\/wp-json\/wp\/v2\/pages"}],"about":[{"href":"https:\/\/plg-pllc.com\/es\/wp-json\/wp\/v2\/types\/page"}],"author":[{"embeddable":true,"href":"https:\/\/plg-pllc.com\/es\/wp-json\/wp\/v2\/users\/24"}],"replies":[{"embeddable":true,"href":"https:\/\/plg-pllc.com\/es\/wp-json\/wp\/v2\/comments?post=18583"}],"version-history":[{"count":0,"href":"https:\/\/plg-pllc.com\/es\/wp-json\/wp\/v2\/pages\/18583\/revisions"}],"up":[{"embeddable":true,"href":"https:\/\/plg-pllc.com\/es\/wp-json\/wp\/v2\/pages\/20122"}],"wp:featuredmedia":[{"embeddable":true,"href":"https:\/\/plg-pllc.com\/es\/wp-json\/wp\/v2\/media\/18294"}],"wp:attachment":[{"href":"https:\/\/plg-pllc.com\/es\/wp-json\/wp\/v2\/media?parent=18583"}],"wp:term":[{"taxonomy":"hc_faqs","embeddable":true,"href":"https:\/\/plg-pllc.com\/es\/wp-json\/wp\/v2\/hc_faqs?post=18583"}],"curies":[{"name":"gracias","href":"https:\/\/api.w.org\/{rel}","templated":true}]}}