{"id":18588,"date":"2021-06-28T15:14:20","date_gmt":"2021-06-28T22:14:20","guid":{"rendered":"https:\/\/plg-pllc.com\/?page_id=18588"},"modified":"2025-02-14T14:11:14","modified_gmt":"2025-02-14T22:11:14","slug":"closed-head-injury","status":"publish","type":"page","link":"https:\/\/plg-pllc.com\/es\/seattle\/catastrophic-injury-lawyer\/closed-head-injury\/","title":{"rendered":"Abogado de lesiones en la cabeza en Seattle"},"content":{"rendered":"<h2>Lesi\u00f3n no penetrante en la cabeza<\/h2>\n<p><img loading=\"lazy\" decoding=\"async\" class=\"alignright size-full wp-image-3547\" src=\"https:\/\/plg-pllc.com\/wp-content\/uploads\/2009\/09\/bn000003.jpg\" alt=\"Los mejores abogados de lesiones cerebrales en Seattle Bellevue Federal Way y Renton\" width=\"240\" height=\"240\" srcset=\"https:\/\/plg-pllc.com\/wp-content\/uploads\/2009\/09\/bn000003.jpg 240w, https:\/\/plg-pllc.com\/wp-content\/uploads\/2009\/09\/bn000003-150x150.jpg 150w\" sizes=\"auto, (max-width: 240px) 100vw, 240px\" \/>Imag\u00ednate esta situaci\u00f3n: est\u00e1s jugando al b\u00e9isbol con los ni\u00f1os del barrio. Una l\u00ednea te golpea de lleno en un lado de la cabeza. Te duele, pero no hay sangre, solo un gran chich\u00f3n. As\u00ed que terminas de jugar. Cuando llegas a casa, tienes dolor de cabeza. Tomas una aspirina y te dejas caer en la cama. Pero a la ma\u00f1ana siguiente, te sientes mal. El dolor de cabeza es insoportable, vomitas y algo le ha pasado a tu vista. Es dif\u00edcil ponerte de pie y mantener el equilibrio. Tienes lo que los m\u00e9dicos llaman una &quot;lesi\u00f3n cerebral cerrada&quot;. Como la mayor\u00eda de las personas, como no hay sangre ni herida, pensaste que te recuperar\u00edas r\u00e1pidamente. Lamentablemente, nada podr\u00eda estar m\u00e1s lejos de la verdad. Una lesi\u00f3n cerebral cerrada es en realidad una &quot;lesi\u00f3n cerebral traum\u00e1tica&quot;.<\/p>\n<p>\u00bfUsted o un ser querido ha sufrido una lesi\u00f3n cerebral cerrada? \u00bfHa perdido a un ser querido por este tipo de lesi\u00f3n? \u00bfTiene que hacer frente a facturas m\u00e9dicas horrendas y est\u00e1 preocupado por su futuro, con raz\u00f3n?<\/p>\n<h3><strong>\u00a1Deje que Premier Law Group le ayude!<\/strong><\/h3>\n<p>Nuestros abogados expertos en lesiones cerebrales tienen conocimiento y experiencia de primera mano en los traumatismos devastadores y las muertes causadas por traumatismos craneales cerrados. La magnitud total de la lesi\u00f3n cerebral se revela con el tiempo. Las v\u00edctimas necesitan darse todo el tiempo que sea necesario para recuperarse por completo.<\/p>\n<p>Mientras tanto, sus familias no saben realmente cu\u00e1les deben ser sus pr\u00f3ximos pasos. Las facturas m\u00e9dicas se acumulan, no hay ingresos para vivir y los peritos insistentes quieren que firmes AHORA.<\/p>\n<p>Perm\u00edtanos recopilar las pruebas de las lesiones y tratar con los liquidadores de las reclamaciones de seguros. \u00a1Eso es lo que hacemos! Negociamos por usted mientras usted se concentra en recuperar su vida.<\/p>\n<p><strong>Llame a Premier Law Group hoy al <em>206.285.1743<\/em> Para un <a href=\"https:\/\/plg-pllc.com\/contact-us\/\">GRATIS<\/a> \u00a1Consulta! <\/strong>\u00a1Estaremos encantados de ver qu\u00e9 podemos hacer para ayudar!<\/p>\n<h2>\u00bfCu\u00e1l es la definici\u00f3n de una lesi\u00f3n cerebral cerrada?<\/h2>\n<p>Una \u201clesi\u00f3n cerebral traum\u00e1tica\u201d en la que no hay signos de herida. La mayor\u00eda de las v\u00edctimas de accidentes creen que tienen un chich\u00f3n en la cabeza que se curar\u00e1 con el tiempo.<\/p>\n<p>Lamentablemente, las lesiones cerradas en la cabeza provocan graves problemas de salud en el futuro, incluidos da\u00f1o cerebral permanente, discapacidad e incluso la muerte.<\/p>\n<p>La recuperaci\u00f3n de una lesi\u00f3n cerebral cerrada lleva el tiempo que sea necesario. Puede llevar meses, a\u00f1os y cientos de miles de d\u00f3lares. Obtener una compensaci\u00f3n por las lesiones, el sufrimiento y los cambios de vida es importante en este tipo de casos. <a href=\"https:\/\/plg-pllc.com\/seattle\/personal-injury-lawyer\/\">Lesi\u00f3n personal<\/a> caso<\/p>\n<h2>\u00bfC\u00f3mo se produce una lesi\u00f3n cerebral cerrada?<\/h2>\n<p>Un informe reciente muestra que m\u00e1s de 17 millones de personas en los Estados Unidos sufren una lesi\u00f3n cerebral cerrada cada a\u00f1o. Existen muchos tipos diferentes de accidentes con lesiones cerebrales traum\u00e1ticas y pueden ocurrir en cualquier lugar y en cualquier momento. Pueden ocurrir en el hogar, en el trabajo, en el juego, en la escuela e incluso en un supermercado.<\/p>\n<p>Resbalones y ca\u00eddas y <a href=\"https:\/\/plg-pllc.com\/glossary\/car-accidents\/\">accidentes automovil\u00edsticos<\/a> Son las dos formas m\u00e1s comunes en las que las personas sufren lesiones cerradas en la cabeza. Pero la violencia dom\u00e9stica y el abuso f\u00edsico tambi\u00e9n son causas principales de accidentes con lesiones cerradas en la cabeza.<\/p>\n\n        <div class=\"rs-content-cta long\">\n            <p>Para una consulta legal GRATUITA con un abogado especializado en lesiones cerebrales cerradas que atiende en Seattle, llame al <a href=\"tel:+12062851743\">(206) 285-1743 <\/a><\/p>\n            <a href=\"https:\/\/plg-pllc.com\/es\/contact-us\/\" title=\"OBTENGA UNA EVALUACI\u00d3N DE CASO GRATUITA\" class=\"btn-global\">OBTENGA UNA EVALUACI\u00d3N DE CASO GRATUITA<\/a>\n                    <picture>\n                            <source srcset=\"https:\/\/plg-pllc.com\/wp-content\/themes\/plg-pllc-redesign\/assets\/app\/img\/cta-thumb.webp\" type=\"image\/webp\"\/>\n                            <img src=\"https:\/\/plg-pllc.com\/wp-content\/themes\/plg-pllc-redesign\/assets\/app\/img\/cta-thumb.png\" alt=\"Grupo de abogados Premier\" title=\"Grupo de abogados Premier\" width=\"245\" height=\"220\" loading=\"auto\" fetchpriority=\"auto\" decoding=\"async\"\/>\n        <\/picture>\n        \n        <\/div><h2>\u00bfCu\u00e1les son los riesgos asociados con una lesi\u00f3n cerebral cerrada?<\/h2>\n<p><img loading=\"lazy\" decoding=\"async\" class=\"alignright size-medium wp-image-17886\" src=\"https:\/\/plg-pllc.com\/wp-content\/uploads\/2020\/09\/TBI-Attorneys-Seattle-300x206.jpg\" alt=\"Los mejores abogados especializados en lesiones en la cabeza cerrada en Seattle, Bellevue, Federal Way y Renton\" width=\"300\" height=\"206\" srcset=\"https:\/\/plg-pllc.com\/wp-content\/uploads\/2020\/09\/TBI-Attorneys-Seattle-300x206.jpg 300w, https:\/\/plg-pllc.com\/wp-content\/uploads\/2020\/09\/TBI-Attorneys-Seattle-768x527.jpg 768w, https:\/\/plg-pllc.com\/wp-content\/uploads\/2020\/09\/TBI-Attorneys-Seattle-640x439.jpg 640w, https:\/\/plg-pllc.com\/wp-content\/uploads\/2020\/09\/TBI-Attorneys-Seattle-250x172.jpg 250w, https:\/\/plg-pllc.com\/wp-content\/uploads\/2020\/09\/TBI-Attorneys-Seattle.jpg 1000w\" sizes=\"auto, (max-width: 300px) 100vw, 300px\" \/>Las v\u00edctimas de traumatismo craneoencef\u00e1lico cerrado probablemente no se dan cuenta de que la mayor\u00eda de los s\u00edntomas <strong><em>No aparecer en las primeras 24 horas<\/em><\/strong><em>. <\/em>\u00a0De hecho, pueden pasar semanas, incluso meses, antes de que aparezcan todos los s\u00edntomas.<\/p>\n<p>La lesi\u00f3n inicial causa dolor, pero son las afecciones secundarias las que causan el mayor da\u00f1o y riesgo, como hemorragia cerebral, hinchaz\u00f3n e infecciones internas.<\/p>\n<p>Las infecciones cerebrales provocan fiebre alta. Si persisten durante un per\u00edodo de tiempo, el cuerpo sufre convulsiones. Las convulsiones son parte del proceso de recuperaci\u00f3n del cerebro, pero provocan estr\u00e9s emocional, f\u00edsico y mental severo en las v\u00edctimas. Se sabe que las infecciones cerebrales causan episodios de convulsiones epil\u00e9pticas permanentes.<\/p>\n<p>La aterradora verdad es que si te golpeas la cabeza, <em>Corres el riesgo de desarrollar da\u00f1o cerebral y morir.<\/em><\/p>\n<h2>\u00bfCu\u00e1les son los s\u00edntomas de una lesi\u00f3n cerebral cerrada?<\/h2>\n<p>Los s\u00edntomas m\u00e1s pronunciados en todos los tipos de lesiones en la cabeza, incluidas las lesiones cerradas en la cabeza, incluyen:<\/p>\n<ul>\n<li>Dolor de cabeza<\/li>\n<li>N\u00e1useas y v\u00f3mitos<\/li>\n<li>Mareos\/v\u00e9rtigo<\/li>\n<li>Incapacidad para permanecer despierto<\/li>\n<li>Debilidad o entumecimiento en brazos o piernas.<\/li>\n<li>Problemas con la memoria o la concentraci\u00f3n<\/li>\n<li>Visi\u00f3n doble o borrosa<\/li>\n<li>Problemas del habla<\/li>\n<li>Cambios de humor o comportamiento<\/li>\n<li>Convulsiones<\/li>\n<\/ul>\n<h2>\u00bfCu\u00e1l es el tiempo de recuperaci\u00f3n y el pron\u00f3stico de una lesi\u00f3n cerebral cerrada?<\/h2>\n<p><img loading=\"lazy\" decoding=\"async\" class=\"alignleft size-medium wp-image-15773\" src=\"https:\/\/plg-pllc.com\/wp-content\/uploads\/2017\/06\/x-ray-of-the-skull-300x200.jpg\" alt=\"Diagn\u00f3stico de una lesi\u00f3n cerebral cerrada en Seattle Bellevue o Federal Way\" width=\"300\" height=\"200\" srcset=\"https:\/\/plg-pllc.com\/wp-content\/uploads\/2017\/06\/x-ray-of-the-skull-300x200.jpg 300w, https:\/\/plg-pllc.com\/wp-content\/uploads\/2017\/06\/x-ray-of-the-skull-640x427.jpg 640w, https:\/\/plg-pllc.com\/wp-content\/uploads\/2017\/06\/x-ray-of-the-skull-1024x682.jpg 1024w, https:\/\/plg-pllc.com\/wp-content\/uploads\/2017\/06\/x-ray-of-the-skull-1200x800.jpg 1200w, https:\/\/plg-pllc.com\/wp-content\/uploads\/2017\/06\/x-ray-of-the-skull-768x512.jpg 768w, https:\/\/plg-pllc.com\/wp-content\/uploads\/2017\/06\/x-ray-of-the-skull.jpg 1280w\" sizes=\"auto, (max-width: 300px) 100vw, 300px\" \/>La mayor\u00eda de las personas creen que se curar\u00e1n y recuperar\u00e1n en poco tiempo. Lamentablemente, esto simplemente no es cierto.<\/p>\n<p>La curaci\u00f3n de una lesi\u00f3n cerebral depende completamente de que se detengan los hematomas, el sangrado y el dolor en los tejidos cerebrales lesionados. El tiempo de recuperaci\u00f3n total es diferente para cada v\u00edctima de traumatismo craneal cerrado.<\/p>\n<p>Esto se debe, en parte, a que las \u201clesiones secundarias\u201d tardan en manifestarse. Si la v\u00edctima del accidente tiene alguna afecci\u00f3n subyacente, esto tambi\u00e9n afectar\u00e1 la recuperaci\u00f3n.<\/p>\n<p>Muchas v\u00edctimas caen en coma. Una vez que despiertan y permanecen despiertos, esto es un buen indicador de su recuperaci\u00f3n saludable. La triste verdad es que el 15 por ciento de las personas que llegan a urgencias con heridas cerradas en la cabeza no sobreviven.<\/p>\n<h2>\u00bfPor qu\u00e9 elegir Premier Law Group para manejar mi caso?<\/h2>\n<p>Las personas que sufren una lesi\u00f3n cerebral cerrada nunca vuelven a ser las mismas. No pueden mantener un trabajo, lo que afecta en gran medida su calidad de vida a largo plazo. La mayor\u00eda de las v\u00edctimas sufren dolores persistentes y nunca pueden realizar sus actividades normales. De hecho, las lesiones cerebrales cerradas cambian la vida de todos los miembros de la familia.<\/p>\n<p>Le ayudaremos a conseguir el dinero que necesita para tener la mejor recuperaci\u00f3n posible.<\/p>\n<h3><a href=\"https:\/\/plg-pllc.com\/about-us\/why-are-we-different\/\">\u00a1La diferencia de Premier Law Group!<\/a><\/h3>\n<p><img loading=\"lazy\" decoding=\"async\" class=\"alignright size-medium wp-image-16099\" src=\"https:\/\/plg-pllc.com\/wp-content\/uploads\/2018\/01\/lawyers-plg-bg800-300x192.jpg\" alt=\"Los mejores abogados especializados en lesiones cerebrales traum\u00e1ticas de Seattle, Bellevue, Federal Way y Renton\" width=\"300\" height=\"192\" srcset=\"https:\/\/plg-pllc.com\/wp-content\/uploads\/2018\/01\/lawyers-plg-bg800-300x192.jpg 300w, https:\/\/plg-pllc.com\/wp-content\/uploads\/2018\/01\/lawyers-plg-bg800-768x491.jpg 768w, https:\/\/plg-pllc.com\/wp-content\/uploads\/2018\/01\/lawyers-plg-bg800-640x409.jpg 640w, https:\/\/plg-pllc.com\/wp-content\/uploads\/2018\/01\/lawyers-plg-bg800.jpg 800w\" sizes=\"auto, (max-width: 300px) 100vw, 300px\" \/>Como su \u201cmarcador de la diferencia\u201d, usted siempre trabaja con SU ABOGADO \u2014 <em>No solo un asistente legal<\/em>Estamos disponibles las 24 horas, los 7 d\u00edas de la semana para responder sus preguntas y ayudarlo a construir su caso.<\/p>\n<p>Recopilaremos informes de testigos oculares sobre la lesi\u00f3n. Luego trabajaremos con todo el personal m\u00e9dico para comprender el alcance de su lesi\u00f3n y el impacto en su vida. A partir de esta investigaci\u00f3n de hechos, su abogado construir\u00e1 su caso y presentar\u00e1 reclamos de compensaci\u00f3n. Negociamos PARA USTED y sus seres queridos.<\/p>\n<p><strong>No firme un reclamo de seguro hasta que hable con nosotros<\/strong>Conc\u00e9ntrese en sanar y deje que su abogado recopile pruebas y se encargue de los detalles del reclamo.<\/p>\n<h2>Contacte con un Dedicado <a href=\"https:\/\/plg-pllc.com\/seattle\/personal-injury-lawyer\/\">Abogado de lesiones personales en Seattle<\/a>!<\/h2>\n<p><strong>Llama a Premier Law Group<\/strong>!\u00a0 <strong>Consigue tu <a href=\"https:\/\/plg-pllc.com\/contact-us\/\">GRATIS<\/a> \u00a1Consulta hoy!<\/strong><\/p>\n<p>T\u00fa <em>Trabaje siempre directamente con uno de nuestros <a href=\"https:\/\/plg-pllc.com\/\">abogados expertos<\/a> y estamos disponibles para ti <\/em>24\/7.<\/p>\n<p><em><strong><u>\u00a1Llame al 206.285.1743 hoy!<\/u><\/strong><strong>\u00a0 <\/strong><\/em><\/p>\n\n        <div class=\"rs-content-cta\">\n            <p>Llamar o enviar mensaje de texto <a href=\"tel:+12062851743\">(206) 285-1743<\/a> o complete un formulario de evaluaci\u00f3n de caso gratuito<\/p>\n            <a href=\"https:\/\/plg-pllc.com\/es\/contact-us\/\" title=\"OBTENGA UNA EVALUACI\u00d3N DE CASO GRATUITA\" class=\"btn-global\">OBTENGA UNA EVALUACI\u00d3N DE CASO GRATUITA<\/a>\n                    <picture>\n                            <source srcset=\"https:\/\/plg-pllc.com\/wp-content\/themes\/plg-pllc-redesign\/assets\/app\/img\/cta-thumb.webp\" type=\"image\/webp\"\/>\n                            <img src=\"https:\/\/plg-pllc.com\/wp-content\/themes\/plg-pllc-redesign\/assets\/app\/img\/cta-thumb.png\" alt=\"Grupo de abogados Premier\" title=\"Grupo de abogados Premier\" width=\"245\" height=\"220\" loading=\"auto\" fetchpriority=\"auto\" decoding=\"async\"\/>\n        <\/picture>\n        \n        <\/div>","protected":false},"excerpt":{"rendered":"<p>Lesi\u00f3n no penetrante en la cabeza Imag\u00ednese esta situaci\u00f3n: est\u00e1 jugando b\u00e9isbol con los ni\u00f1os del vecindario. Una l\u00ednea le pega de lleno en el costado de la cabeza. Le duele, pero no hay sangre, solo un gran bulto. As\u00ed que termina de jugar. Cuando llega a casa, tiene dolor de cabeza. Toma una aspirina...<\/p>","protected":false},"author":24,"featured_media":17886,"parent":18650,"menu_order":0,"comment_status":"closed","ping_status":"closed","template":"","meta":{"_acf_changed":false,"_genesis_hide_title":false,"_genesis_hide_breadcrumbs":false,"_genesis_hide_singular_image":false,"_genesis_hide_footer_widgets":false,"_genesis_custom_body_class":"","_genesis_custom_post_class":"","_genesis_layout":"","footnotes":""},"hc_faqs":[],"class_list":{"0":"post-18588","1":"page","2":"type-page","3":"status-publish","4":"has-post-thumbnail","6":"hc_city_location-seattle","7":"entry"},"acf":[],"yoast_head":"<!-- This site is optimized with the Yoast SEO plugin v27.4 - https:\/\/yoast.com\/product\/yoast-seo-wordpress\/ -->\n<title>Closed Head Injury Lawyer in Seattle | Free Case Review<\/title>\n<meta name=\"description\" content=\"Seattle Closed Head Injury Lawyer: Premier Law Group helps you unlock the full compensation you deserve. No Fee Unless We Win.\" \/>\n<meta name=\"robots\" content=\"index, follow, max-snippet:-1, max-image-preview:large, max-video-preview:-1\" \/>\n<link rel=\"canonical\" href=\"https:\/\/plg-pllc.com\/es\/seattle\/catastrophic-injury-lawyer\/closed-head-injury\/\" \/>\n<meta property=\"og:locale\" content=\"es_MX\" \/>\n<meta property=\"og:type\" content=\"article\" \/>\n<meta property=\"og:title\" content=\"Closed Head Injury Lawyer in Seattle | Free Case Review\" \/>\n<meta property=\"og:description\" content=\"Seattle Closed Head Injury Lawyer: Premier Law Group helps you unlock the full compensation you deserve. No Fee Unless We Win.\" \/>\n<meta property=\"og:url\" content=\"https:\/\/plg-pllc.com\/es\/seattle\/catastrophic-injury-lawyer\/closed-head-injury\/\" \/>\n<meta property=\"og:site_name\" content=\"Premier Law Group\" \/>\n<meta property=\"article:publisher\" content=\"https:\/\/www.facebook.com\/premierlawgroup\" \/>\n<meta property=\"article:modified_time\" content=\"2025-02-14T22:11:14+00:00\" \/>\n<meta property=\"og:image\" content=\"https:\/\/plg-pllc.com\/wp-content\/uploads\/2020\/09\/TBI-Attorneys-Seattle.jpg\" \/>\n\t<meta property=\"og:image:width\" content=\"1000\" \/>\n\t<meta property=\"og:image:height\" content=\"686\" \/>\n\t<meta property=\"og:image:type\" content=\"image\/jpeg\" \/>\n<meta name=\"twitter:card\" content=\"summary_large_image\" \/>\n<meta name=\"twitter:site\" content=\"@premierlawgroup\" \/>\n<meta name=\"twitter:label1\" content=\"Tiempo de lectura\" \/>\n\t<meta name=\"twitter:data1\" content=\"6 minutos\" \/>\n<script type=\"application\/ld+json\" class=\"yoast-schema-graph\">{\"@context\":\"https:\\\/\\\/schema.org\",\"@graph\":[{\"@type\":\"WebPage\",\"@id\":\"https:\\\/\\\/plg-pllc.com\\\/seattle\\\/catastrophic-injury-lawyer\\\/closed-head-injury\\\/\",\"url\":\"https:\\\/\\\/plg-pllc.com\\\/seattle\\\/catastrophic-injury-lawyer\\\/closed-head-injury\\\/\",\"name\":\"Closed Head Injury Lawyer in Seattle | Free Case Review\",\"isPartOf\":{\"@id\":\"https:\\\/\\\/plg-pllc.com\\\/#website\"},\"primaryImageOfPage\":{\"@id\":\"https:\\\/\\\/plg-pllc.com\\\/seattle\\\/catastrophic-injury-lawyer\\\/closed-head-injury\\\/#primaryimage\"},\"image\":{\"@id\":\"https:\\\/\\\/plg-pllc.com\\\/seattle\\\/catastrophic-injury-lawyer\\\/closed-head-injury\\\/#primaryimage\"},\"thumbnailUrl\":\"https:\\\/\\\/plg-pllc.com\\\/wp-content\\\/uploads\\\/2020\\\/09\\\/TBI-Attorneys-Seattle.jpg\",\"datePublished\":\"2021-06-28T22:14:20+00:00\",\"dateModified\":\"2025-02-14T22:11:14+00:00\",\"description\":\"Seattle Closed Head Injury Lawyer: Premier Law Group helps you unlock the full compensation you deserve. No Fee Unless We Win.\",\"breadcrumb\":{\"@id\":\"https:\\\/\\\/plg-pllc.com\\\/seattle\\\/catastrophic-injury-lawyer\\\/closed-head-injury\\\/#breadcrumb\"},\"inLanguage\":\"es\",\"potentialAction\":[{\"@type\":\"ReadAction\",\"target\":[\"https:\\\/\\\/plg-pllc.com\\\/seattle\\\/catastrophic-injury-lawyer\\\/closed-head-injury\\\/\"]}]},{\"@type\":\"ImageObject\",\"inLanguage\":\"es\",\"@id\":\"https:\\\/\\\/plg-pllc.com\\\/seattle\\\/catastrophic-injury-lawyer\\\/closed-head-injury\\\/#primaryimage\",\"url\":\"https:\\\/\\\/plg-pllc.com\\\/wp-content\\\/uploads\\\/2020\\\/09\\\/TBI-Attorneys-Seattle.jpg\",\"contentUrl\":\"https:\\\/\\\/plg-pllc.com\\\/wp-content\\\/uploads\\\/2020\\\/09\\\/TBI-Attorneys-Seattle.jpg\",\"width\":1000,\"height\":686,\"caption\":\"brain injury seizure scan\"},{\"@type\":\"BreadcrumbList\",\"@id\":\"https:\\\/\\\/plg-pllc.com\\\/seattle\\\/catastrophic-injury-lawyer\\\/closed-head-injury\\\/#breadcrumb\",\"itemListElement\":[{\"@type\":\"ListItem\",\"position\":1,\"name\":\"Home\",\"item\":\"https:\\\/\\\/plg-pllc.com\\\/es\\\/\"},{\"@type\":\"ListItem\",\"position\":2,\"name\":\"Seattle Personal Injury Lawyer\",\"item\":\"https:\\\/\\\/plg-pllc.com\\\/es\\\/seattle\\\/personal-injury-lawyer\\\/\"},{\"@type\":\"ListItem\",\"position\":3,\"name\":\"Seattle Catastrophic Injury Lawyer\",\"item\":\"https:\\\/\\\/plg-pllc.com\\\/es\\\/seattle\\\/catastrophic-injury-lawyer\\\/\"},{\"@type\":\"ListItem\",\"position\":4,\"name\":\"Closed Head Injury\"}]},{\"@type\":\"WebSite\",\"@id\":\"https:\\\/\\\/plg-pllc.com\\\/#website\",\"url\":\"https:\\\/\\\/plg-pllc.com\\\/\",\"name\":\"Premier Law Group\",\"description\":\"Washington Wrongful Death and Serious Injury Lawyer\",\"publisher\":{\"@id\":\"https:\\\/\\\/plg-pllc.com\\\/#organization\"},\"inLanguage\":\"es\"},{\"@type\":\"Organization\",\"@id\":\"https:\\\/\\\/plg-pllc.com\\\/#organization\",\"name\":\"Premier Law Group\",\"url\":\"https:\\\/\\\/plg-pllc.com\\\/\",\"logo\":{\"@type\":\"ImageObject\",\"inLanguage\":\"es\",\"@id\":\"https:\\\/\\\/plg-pllc.com\\\/#\\\/schema\\\/logo\\\/image\\\/\",\"url\":\"https:\\\/\\\/plg-pllc.com\\\/wp-content\\\/uploads\\\/2020\\\/10\\\/plg-logo-v2.gif\",\"contentUrl\":\"https:\\\/\\\/plg-pllc.com\\\/wp-content\\\/uploads\\\/2020\\\/10\\\/plg-logo-v2.gif\",\"width\":592,\"height\":191,\"caption\":\"Premier Law Group\"},\"image\":{\"@id\":\"https:\\\/\\\/plg-pllc.com\\\/#\\\/schema\\\/logo\\\/image\\\/\"},\"sameAs\":[\"https:\\\/\\\/www.facebook.com\\\/premierlawgroup\",\"https:\\\/\\\/x.com\\\/premierlawgroup\"]}]}<\/script>\n<!-- \/ Yoast SEO plugin. -->","yoast_head_json":{"title":"Abogado de lesiones en la cabeza cerrada en Seattle | Revisi\u00f3n gratuita del caso","description":"Abogado de lesiones en la cabeza en casos cerrados en Seattle: Premier Law Group lo ayuda a obtener la compensaci\u00f3n total que se merece. Sin honorarios a menos que ganemos.","robots":{"index":"index","follow":"follow","max-snippet":"max-snippet:-1","max-image-preview":"max-image-preview:large","max-video-preview":"max-video-preview:-1"},"canonical":"https:\/\/plg-pllc.com\/es\/seattle\/catastrophic-injury-lawyer\/closed-head-injury\/","og_locale":"es_MX","og_type":"article","og_title":"Closed Head Injury Lawyer in Seattle | Free Case Review","og_description":"Seattle Closed Head Injury Lawyer: Premier Law Group helps you unlock the full compensation you deserve. No Fee Unless We Win.","og_url":"https:\/\/plg-pllc.com\/es\/seattle\/catastrophic-injury-lawyer\/closed-head-injury\/","og_site_name":"Premier Law Group","article_publisher":"https:\/\/www.facebook.com\/premierlawgroup","article_modified_time":"2025-02-14T22:11:14+00:00","og_image":[{"width":1000,"height":686,"url":"https:\/\/plg-pllc.com\/wp-content\/uploads\/2020\/09\/TBI-Attorneys-Seattle.jpg","type":"image\/jpeg"}],"twitter_card":"summary_large_image","twitter_site":"@premierlawgroup","twitter_misc":{"Tiempo de lectura":"6 minutos"},"schema":{"@context":"https:\/\/schema.org","@graph":[{"@type":"WebPage","@id":"https:\/\/plg-pllc.com\/seattle\/catastrophic-injury-lawyer\/closed-head-injury\/","url":"https:\/\/plg-pllc.com\/seattle\/catastrophic-injury-lawyer\/closed-head-injury\/","name":"Abogado de lesiones en la cabeza cerrada en Seattle | Revisi\u00f3n gratuita del caso","isPartOf":{"@id":"https:\/\/plg-pllc.com\/#website"},"primaryImageOfPage":{"@id":"https:\/\/plg-pllc.com\/seattle\/catastrophic-injury-lawyer\/closed-head-injury\/#primaryimage"},"image":{"@id":"https:\/\/plg-pllc.com\/seattle\/catastrophic-injury-lawyer\/closed-head-injury\/#primaryimage"},"thumbnailUrl":"https:\/\/plg-pllc.com\/wp-content\/uploads\/2020\/09\/TBI-Attorneys-Seattle.jpg","datePublished":"2021-06-28T22:14:20+00:00","dateModified":"2025-02-14T22:11:14+00:00","description":"Abogado de lesiones en la cabeza en casos cerrados en Seattle: Premier Law Group lo ayuda a obtener la compensaci\u00f3n total que se merece. Sin honorarios a menos que ganemos.","breadcrumb":{"@id":"https:\/\/plg-pllc.com\/seattle\/catastrophic-injury-lawyer\/closed-head-injury\/#breadcrumb"},"inLanguage":"es","potentialAction":[{"@type":"ReadAction","target":["https:\/\/plg-pllc.com\/seattle\/catastrophic-injury-lawyer\/closed-head-injury\/"]}]},{"@type":"ImageObject","inLanguage":"es","@id":"https:\/\/plg-pllc.com\/seattle\/catastrophic-injury-lawyer\/closed-head-injury\/#primaryimage","url":"https:\/\/plg-pllc.com\/wp-content\/uploads\/2020\/09\/TBI-Attorneys-Seattle.jpg","contentUrl":"https:\/\/plg-pllc.com\/wp-content\/uploads\/2020\/09\/TBI-Attorneys-Seattle.jpg","width":1000,"height":686,"caption":"brain injury seizure scan"},{"@type":"BreadcrumbList","@id":"https:\/\/plg-pllc.com\/seattle\/catastrophic-injury-lawyer\/closed-head-injury\/#breadcrumb","itemListElement":[{"@type":"ListItem","position":1,"name":"Home","item":"https:\/\/plg-pllc.com\/es\/"},{"@type":"ListItem","position":2,"name":"Seattle Personal Injury Lawyer","item":"https:\/\/plg-pllc.com\/es\/seattle\/personal-injury-lawyer\/"},{"@type":"ListItem","position":3,"name":"Seattle Catastrophic Injury Lawyer","item":"https:\/\/plg-pllc.com\/es\/seattle\/catastrophic-injury-lawyer\/"},{"@type":"ListItem","position":4,"name":"Closed Head Injury"}]},{"@type":"WebSite","@id":"https:\/\/plg-pllc.com\/#website","url":"https:\/\/plg-pllc.com\/","name":"Grupo de abogados Premier","description":"Abogado de muerte por negligencia y lesiones graves en Washington","publisher":{"@id":"https:\/\/plg-pllc.com\/#organization"},"inLanguage":"es"},{"@type":"Organization","@id":"https:\/\/plg-pllc.com\/#organization","name":"Grupo de abogados Premier","url":"https:\/\/plg-pllc.com\/","logo":{"@type":"ImageObject","inLanguage":"es","@id":"https:\/\/plg-pllc.com\/#\/schema\/logo\/image\/","url":"https:\/\/plg-pllc.com\/wp-content\/uploads\/2020\/10\/plg-logo-v2.gif","contentUrl":"https:\/\/plg-pllc.com\/wp-content\/uploads\/2020\/10\/plg-logo-v2.gif","width":592,"height":191,"caption":"Premier Law Group"},"image":{"@id":"https:\/\/plg-pllc.com\/#\/schema\/logo\/image\/"},"sameAs":["https:\/\/www.facebook.com\/premierlawgroup","https:\/\/x.com\/premierlawgroup"]}]}},"_links":{"self":[{"href":"https:\/\/plg-pllc.com\/es\/wp-json\/wp\/v2\/pages\/18588","targetHints":{"allow":["GET"]}}],"collection":[{"href":"https:\/\/plg-pllc.com\/es\/wp-json\/wp\/v2\/pages"}],"about":[{"href":"https:\/\/plg-pllc.com\/es\/wp-json\/wp\/v2\/types\/page"}],"author":[{"embeddable":true,"href":"https:\/\/plg-pllc.com\/es\/wp-json\/wp\/v2\/users\/24"}],"replies":[{"embeddable":true,"href":"https:\/\/plg-pllc.com\/es\/wp-json\/wp\/v2\/comments?post=18588"}],"version-history":[{"count":0,"href":"https:\/\/plg-pllc.com\/es\/wp-json\/wp\/v2\/pages\/18588\/revisions"}],"up":[{"embeddable":true,"href":"https:\/\/plg-pllc.com\/es\/wp-json\/wp\/v2\/pages\/18650"}],"wp:featuredmedia":[{"embeddable":true,"href":"https:\/\/plg-pllc.com\/es\/wp-json\/wp\/v2\/media\/17886"}],"wp:attachment":[{"href":"https:\/\/plg-pllc.com\/es\/wp-json\/wp\/v2\/media?parent=18588"}],"wp:term":[{"taxonomy":"hc_faqs","embeddable":true,"href":"https:\/\/plg-pllc.com\/es\/wp-json\/wp\/v2\/hc_faqs?post=18588"}],"curies":[{"name":"gracias","href":"https:\/\/api.w.org\/{rel}","templated":true}]}}