{"id":18596,"date":"2021-07-01T14:26:18","date_gmt":"2021-07-01T21:26:18","guid":{"rendered":"https:\/\/plg-pllc.com\/?page_id=18596"},"modified":"2025-02-14T14:11:05","modified_gmt":"2025-02-14T22:11:05","slug":"broken-pelvis","status":"publish","type":"page","link":"https:\/\/plg-pllc.com\/es\/seattle\/catastrophic-injury-lawyer\/broken-pelvis\/","title":{"rendered":"Abogado de fracturas de pelvis en Seattle"},"content":{"rendered":"<h2><strong>Pelvis rota <\/strong><\/h2>\n<p><img loading=\"lazy\" decoding=\"async\" class=\"alignleft size-medium wp-image-18610\" src=\"https:\/\/plg-pllc.com\/wp-content\/uploads\/2021\/07\/medical-5168368_1920-187x300.jpg\" alt=\"Abogados de lesiones por fractura de pelvis en Seattle, Renton, Bellevue y Federal Way\" width=\"187\" height=\"300\" srcset=\"https:\/\/plg-pllc.com\/wp-content\/uploads\/2021\/07\/medical-5168368_1920-187x300.jpg 187w, https:\/\/plg-pllc.com\/wp-content\/uploads\/2021\/07\/medical-5168368_1920-638x1024.jpg 638w, https:\/\/plg-pllc.com\/wp-content\/uploads\/2021\/07\/medical-5168368_1920-768x1232.jpg 768w, https:\/\/plg-pllc.com\/wp-content\/uploads\/2021\/07\/medical-5168368_1920-958x1536.jpg 958w, https:\/\/plg-pllc.com\/wp-content\/uploads\/2021\/07\/medical-5168368_1920-640x1027.jpg 640w, https:\/\/plg-pllc.com\/wp-content\/uploads\/2021\/07\/medical-5168368_1920-1024x1643.jpg 1024w, https:\/\/plg-pllc.com\/wp-content\/uploads\/2021\/07\/medical-5168368_1920-125x200.jpg 125w, https:\/\/plg-pllc.com\/wp-content\/uploads\/2021\/07\/medical-5168368_1920.jpg 1197w\" sizes=\"auto, (max-width: 187px) 100vw, 187px\" \/>Una lesi\u00f3n por fractura de pelvis puede ser resultado de una <a href=\"https:\/\/plg-pllc.com\/glossary\/car-accidents\/\">accidente de veh\u00edculo de motor<\/a> Debido al peso y al impacto significativos de una colisi\u00f3n de este tipo, estas lesiones pueden incluso poner en peligro la vida si se produce una infecci\u00f3n. Tambi\u00e9n es posible que se produzcan otras lesiones a ra\u00edz de una fractura de pelvis. Adem\u00e1s, en t\u00e9rminos m\u00e9dicos, esto se conoce a menudo como fractura de acet\u00e1bulo.<\/p>\n<p>Una fractura de pelvis es una lesi\u00f3n muy grave, que puede resultar no solo de <a href=\"https:\/\/plg-pllc.com\/glossary\/car-accidents\/\">Accidentes de coche<\/a>, pero tambi\u00e9n accidentes por resbalones y ca\u00eddas, <a href=\"https:\/\/plg-pllc.com\/washington\/motorcycle-accident-lawyer\/\">accidentes de motocicleta<\/a>, <a href=\"https:\/\/plg-pllc.com\/washington\/truck-accident-lawyer\/\">accidentes de camiones<\/a> y cualquier otro tipo de colisi\u00f3n de veh\u00edculos de motor. <a href=\"https:\/\/plg-pllc.com\/seattle\/personal-injury-lawyer\/\">Abogados de fracturas de pelvis en Seattle<\/a>Tambi\u00e9n nos hemos encontrado con muchos peatones o ciclistas que son atropellados por autom\u00f3viles y sufren estas lesiones.<\/p>\n<p>Si usted o un ser querido ha sufrido una fractura de pelvis, <a href=\"https:\/\/plg-pllc.com\/about-us\/\">Contacte con Premier Law Group<\/a> Hoy. Llama <em>206.285.1743<\/em> para hablar directamente con uno de nuestros <a href=\"https:\/\/plg-pllc.com\/seattle\/personal-injury-lawyer\/\">Abogados expertos en lesiones personales en Seattle<\/a>!<\/p>\n<h2><strong>Fractura de pelvis por negligencia <\/strong><\/h2>\n<p>Algunas de las causas m\u00e1s comunes de una fractura de pelvis son:<\/p>\n<ul>\n<li><a href=\"https:\/\/plg-pllc.com\/glossary\/car-accidents\/\">Accidentes de tr\u00e1fico<\/a><\/li>\n<li><a href=\"https:\/\/plg-pllc.com\/washington\/motorcycle-accident-lawyer\/\">Accidentes de motocicleta<\/a><\/li>\n<li><a href=\"https:\/\/plg-pllc.com\/washington\/pedestrian-accident-lawyer\/\">Accidentes de peatones<\/a><\/li>\n<li><a href=\"https:\/\/plg-pllc.com\/seattle\/bicycle-accident-lawyer\/\">Accidentes de bicicleta<\/a><\/li>\n<li>Resbalones y ca\u00eddas<\/li>\n<\/ul>\n<p>Por lo general, las colisiones con veh\u00edculos de motor y los accidentes por resbalones y ca\u00eddas son las causas m\u00e1s comunes de fractura de pelvis. Cuando una superficie es resbaladiza o est\u00e1 mal iluminada, las personas tambi\u00e9n pueden caerse, lo que suele acabar en una lesi\u00f3n. Aunque las personas mayores sufren lesiones en la pelvis con mucha m\u00e1s facilidad, los j\u00f3venes y los adolescentes tambi\u00e9n las sufren. Una fractura de pelvis es muy dif\u00edcil de curar y casi siempre requiere cirug\u00eda. Sin embargo, si una persona es demasiado mayor, el m\u00e9dico puede evitar la cirug\u00eda.<\/p>\n<p>En la mayor\u00eda de los casos, los efectos de las lesiones por fractura de pelvis son permanentes. Si sufre este tipo de lesi\u00f3n, tambi\u00e9n tiene derecho a recibir una indemnizaci\u00f3n completa y justa de la parte culpable. Esto incluye futuras facturas m\u00e9dicas, salarios perdidos en el futuro y tambi\u00e9n dolor y sufrimiento.<\/p>\n<p>Si cree que sufri\u00f3 una fractura de pelvis como resultado de la negligencia de otra persona, comun\u00edquese con Premier Law Group. Nuestros abogados especializados en fracturas de pelvis lo ayudar\u00e1n a obtener la compensaci\u00f3n que merece.<\/p>\n<h2><strong>S\u00edntomas, diagn\u00f3stico y pron\u00f3stico<\/strong><\/h2>\n<p><img loading=\"lazy\" decoding=\"async\" class=\"alignright size-medium wp-image-18200\" src=\"https:\/\/plg-pllc.com\/wp-content\/uploads\/2021\/02\/surgery-1807541_1920-300x198.jpg\" alt=\"M\u00e9dicos en Seattle realizan una cirug\u00eda en una pelvis rota\" width=\"300\" height=\"198\" srcset=\"https:\/\/plg-pllc.com\/wp-content\/uploads\/2021\/02\/surgery-1807541_1920-300x198.jpg 300w, https:\/\/plg-pllc.com\/wp-content\/uploads\/2021\/02\/surgery-1807541_1920-1024x676.jpg 1024w, https:\/\/plg-pllc.com\/wp-content\/uploads\/2021\/02\/surgery-1807541_1920-768x507.jpg 768w, https:\/\/plg-pllc.com\/wp-content\/uploads\/2021\/02\/surgery-1807541_1920-1536x1014.jpg 1536w, https:\/\/plg-pllc.com\/wp-content\/uploads\/2021\/02\/surgery-1807541_1920-640x422.jpg 640w, https:\/\/plg-pllc.com\/wp-content\/uploads\/2021\/02\/surgery-1807541_1920-1200x792.jpg 1200w, https:\/\/plg-pllc.com\/wp-content\/uploads\/2021\/02\/surgery-1807541_1920-250x165.jpg 250w, https:\/\/plg-pllc.com\/wp-content\/uploads\/2021\/02\/surgery-1807541_1920.jpg 1920w\" sizes=\"auto, (max-width: 300px) 100vw, 300px\" \/>Si tiene hinchaz\u00f3n, hematomas, dolor o molestias alrededor de la pelvis, es posible que est\u00e9 fracturada. Seg\u00fan la causa de su lesi\u00f3n, debe acudir al m\u00e9dico de inmediato. Si ha estado involucrado en un accidente grave, tambi\u00e9n es importante que un m\u00e9dico lo examine. Tambi\u00e9n debe informar al m\u00e9dico sobre cualquier dolor que tenga en la zona de la pelvis. El m\u00e9dico intentar\u00e1 diagnosticar si necesita o no cirug\u00eda. Por lo general, la cirug\u00eda se realiza despu\u00e9s de ciertas pruebas de diagn\u00f3stico. Los m\u00e9dicos tambi\u00e9n suelen recetar analg\u00e9sicos para una pelvis rota, ya que pueden ser muy dolorosos.<\/p>\n<p>El pron\u00f3stico de una fractura de pelvis depende de cada individuo. El tipo de accidente que caus\u00f3 la lesi\u00f3n tambi\u00e9n puede influir en el pron\u00f3stico. La edad y la salud tambi\u00e9n son factores importantes en el pron\u00f3stico de una fractura de pelvis. Cada lesi\u00f3n y cada individuo son \u00fanicos.<\/p>\n<p>Estas son cosas que debes discutir con tu <a href=\"https:\/\/plg-pllc.com\/seattle\/personal-injury-lawyer\/\">Abogado de lesiones personales en Seattle<\/a>Debido a que una fractura de pelvis es una lesi\u00f3n muy grave y probablemente ser\u00e1 permanente, aseg\u00farese de contratar al mejor <a href=\"https:\/\/plg-pllc.com\/seattle\/personal-injury-lawyer\/\">Seattle<\/a> <a href=\"https:\/\/plg-pllc.com\/seattle\/personal-injury-lawyer\/\">Lesi\u00f3n personal<\/a> Abogado que puede encontrar. En Premier Law Group, le ayudaremos a afrontar esta situaci\u00f3n.<\/p>\n\n        <div class=\"rs-content-cta long\">\n            <p>Para una consulta legal GRATUITA con un abogado especializado en fracturas de pelvis que atiende en Seattle, llame al <a href=\"tel:+12062851743\">(206) 285-1743 <\/a><\/p>\n            <a href=\"https:\/\/plg-pllc.com\/es\/contact-us\/\" title=\"OBTENGA UNA EVALUACI\u00d3N DE CASO GRATUITA\" class=\"btn-global\">OBTENGA UNA EVALUACI\u00d3N DE CASO GRATUITA<\/a>\n                    <picture>\n                            <source srcset=\"https:\/\/plg-pllc.com\/wp-content\/themes\/plg-pllc-redesign\/assets\/app\/img\/cta-thumb.webp\" type=\"image\/webp\"\/>\n                            <img src=\"https:\/\/plg-pllc.com\/wp-content\/themes\/plg-pllc-redesign\/assets\/app\/img\/cta-thumb.png\" alt=\"Grupo de abogados Premier\" title=\"Grupo de abogados Premier\" width=\"245\" height=\"220\" loading=\"auto\" fetchpriority=\"auto\" decoding=\"async\"\/>\n        <\/picture>\n        \n        <\/div><h2><strong>\u00bfC\u00f3mo encontrar el mejor abogado para una lesi\u00f3n en Seattle?<\/strong><\/h2>\n<p>Si usted o un ser querido sufre una fractura o rotura de pelvis debido a un accidente automovil\u00edstico, es importante encontrar un abogado con experiencia en lesiones personales. Aseg\u00farese de que el abogado tenga experiencia en casos de fractura de pelvis, adem\u00e1s de otros tipos de lesiones. Tambi\u00e9n puede preguntarle al abogado qu\u00e9 tipo de derecho ejerce. Adem\u00e1s, es posible que tambi\u00e9n desee saber si el abogado que est\u00e1 pensando en contratar tiene experiencia en accidentes automovil\u00edsticos.<\/p>\n<p>No debe contratar a cualquier abogado para que se ocupe de su lesi\u00f3n. Se trata de una lesi\u00f3n grave que puede derivar en complicaciones permanentes y tambi\u00e9n puede cambiarle la vida. Debe asegurarse de contratar al mejor abogado que pueda encontrar.<\/p>\n<p>En Premier Law Group, nuestros <a href=\"https:\/\/plg-pllc.com\/seattle\/personal-injury-lawyer\/\">Abogados expertos en lesiones personales en Seattle<\/a> Tenemos la experiencia que desea. Nos encargaremos de todo el trabajo duro de su caso y lucharemos para que usted obtenga la compensaci\u00f3n que se merece. \u00a1Usted solo tiene que concentrarse en recuperarse de sus lesiones!<\/p>\n<h2><strong>Cont\u00e1ctenos: Contrate a un abogado experto en Premier Law Group<\/strong><\/h2>\n<p><img loading=\"lazy\" decoding=\"async\" class=\"alignleft size-medium wp-image-18095\" src=\"https:\/\/plg-pllc.com\/wp-content\/uploads\/2020\/10\/PLG-home-box1-300x200.jpg\" alt=\"Los mejores abogados de accidentes automovil\u00edsticos en Seattle Bellevue y Federal Way\" width=\"300\" height=\"200\" srcset=\"https:\/\/plg-pllc.com\/wp-content\/uploads\/2020\/10\/PLG-home-box1-300x200.jpg 300w, https:\/\/plg-pllc.com\/wp-content\/uploads\/2020\/10\/PLG-home-box1-250x167.jpg 250w, https:\/\/plg-pllc.com\/wp-content\/uploads\/2020\/10\/PLG-home-box1.jpg 500w\" sizes=\"auto, (max-width: 300px) 100vw, 300px\" \/>Una fractura de pelvis puede ser una lesi\u00f3n que cambie la vida. Por ello, usted merece un abogado con experiencia en su caso. En Premier Law Group, entendemos el aspecto legal de las cosas. Sin embargo, tambi\u00e9n nos centramos en la satisfacci\u00f3n del cliente. Cuando llame, hablar\u00e1 directamente con uno de nuestros abogados. No solo con un especialista en admisi\u00f3n. <a href=\"https:\/\/plg-pllc.com\/\">abogados expertos en lesiones personales<\/a> Le ayudar\u00e1 a guiarlo y le brindar\u00e1 respuestas honestas a cualquier pregunta que pueda tener.<\/p>\n<p>Adem\u00e1s, le ayudaremos a proteger su salud, su bienestar emocional y sus finanzas de inmediato. Tambi\u00e9n le brindaremos recursos \u00fatiles. En Premier Law Group, queremos que todos los que se comuniquen con nosotros tengan la informaci\u00f3n que necesitan sobre sus opciones legales. Vea lo que dicen algunos de nuestros clientes anteriores<a href=\"https:\/\/www.google.com\/search?q=premier+law+group+seattle&amp;rlz=1C1CHBF_enUS879US879&amp;oq=premier+law+group+seattle&amp;aqs=chrome..69i57j46i175i199j69i59j69i61l3j69i65.3582j1j9&amp;sourceid=chrome&amp;ie=UTF-8#lrd=0x54906b3300e98a39:0x80a64f5ade626230,1,,,\"> aqu\u00ed.<\/a><\/p>\n<p>Comun\u00edquese con Premier Law Group para programar una<a href=\"https:\/\/plg-pllc.com\/contact-us\/\"> gratis<\/a> Revisi\u00f3n de caso de pelvis fracturada o rota hoy. <em>Llama al 206.285.1743.<\/em>\u00a0 Y recuerda, t\u00fa <a href=\"https:\/\/plg-pllc.com\/about-us\/zero-fee-guarantee\/\">no tienes que pagar una tarifa<\/a> a menos que ganemos su caso.<\/p>\n\n        <div class=\"rs-content-cta\">\n            <p>Llamar o enviar mensaje de texto <a href=\"tel:+12062851743\">(206) 285-1743<\/a> o complete un formulario de evaluaci\u00f3n de caso gratuito<\/p>\n            <a href=\"https:\/\/plg-pllc.com\/es\/contact-us\/\" title=\"OBTENGA UNA EVALUACI\u00d3N DE CASO GRATUITA\" class=\"btn-global\">OBTENGA UNA EVALUACI\u00d3N DE CASO GRATUITA<\/a>\n                    <picture>\n                            <source srcset=\"https:\/\/plg-pllc.com\/wp-content\/themes\/plg-pllc-redesign\/assets\/app\/img\/cta-thumb.webp\" type=\"image\/webp\"\/>\n                            <img src=\"https:\/\/plg-pllc.com\/wp-content\/themes\/plg-pllc-redesign\/assets\/app\/img\/cta-thumb.png\" alt=\"Grupo de abogados Premier\" title=\"Grupo de abogados Premier\" width=\"245\" height=\"220\" loading=\"auto\" fetchpriority=\"auto\" decoding=\"async\"\/>\n        <\/picture>\n        \n        <\/div>","protected":false},"excerpt":{"rendered":"<p>Fractura de pelvis Una fractura de pelvis puede ser consecuencia de un accidente automovil\u00edstico debido al peso y al impacto significativos de la colisi\u00f3n. Estas lesiones pueden incluso poner en peligro la vida si se produce una infecci\u00f3n a ra\u00edz de la lesi\u00f3n. Tambi\u00e9n es posible que se produzcan otras lesiones a ra\u00edz de una fractura de pelvis. Adem\u00e1s, \u2026<\/p>","protected":false},"author":24,"featured_media":17799,"parent":18650,"menu_order":0,"comment_status":"closed","ping_status":"closed","template":"","meta":{"_acf_changed":false,"_genesis_hide_title":false,"_genesis_hide_breadcrumbs":false,"_genesis_hide_singular_image":false,"_genesis_hide_footer_widgets":false,"_genesis_custom_body_class":"","_genesis_custom_post_class":"","_genesis_layout":"","footnotes":""},"hc_faqs":[],"class_list":{"0":"post-18596","1":"page","2":"type-page","3":"status-publish","4":"has-post-thumbnail","6":"hc_city_location-seattle","7":"entry"},"acf":[],"yoast_head":"<!-- This site is optimized with the Yoast SEO plugin v27.4 - https:\/\/yoast.com\/product\/yoast-seo-wordpress\/ -->\n<title>Broken Pelvis Lawyer in Seattle | Free Case Review<\/title>\n<meta name=\"description\" content=\"Seattle Broken Pelvis Lawyer: Premier Law Group helps you unlock the full compensation you deserve. No Fee Unless We Win.\" \/>\n<meta name=\"robots\" content=\"index, follow, max-snippet:-1, max-image-preview:large, max-video-preview:-1\" \/>\n<link rel=\"canonical\" href=\"https:\/\/plg-pllc.com\/es\/seattle\/catastrophic-injury-lawyer\/broken-pelvis\/\" \/>\n<meta property=\"og:locale\" content=\"es_MX\" \/>\n<meta property=\"og:type\" content=\"article\" \/>\n<meta property=\"og:title\" content=\"Broken Pelvis Lawyer in Seattle | Free Case Review\" \/>\n<meta property=\"og:description\" content=\"Seattle Broken Pelvis Lawyer: Premier Law Group helps you unlock the full compensation you deserve. No Fee Unless We Win.\" \/>\n<meta property=\"og:url\" content=\"https:\/\/plg-pllc.com\/es\/seattle\/catastrophic-injury-lawyer\/broken-pelvis\/\" \/>\n<meta property=\"og:site_name\" content=\"Premier Law Group\" \/>\n<meta property=\"article:publisher\" content=\"https:\/\/www.facebook.com\/premierlawgroup\" \/>\n<meta property=\"article:modified_time\" content=\"2025-02-14T22:11:05+00:00\" \/>\n<meta property=\"og:image\" content=\"https:\/\/plg-pllc.com\/wp-content\/uploads\/2020\/08\/Seattle-personal-injury-law-gavel-and-book-compressed.jpg\" \/>\n\t<meta property=\"og:image:width\" content=\"1920\" \/>\n\t<meta property=\"og:image:height\" content=\"1279\" \/>\n\t<meta property=\"og:image:type\" content=\"image\/jpeg\" \/>\n<meta name=\"twitter:card\" content=\"summary_large_image\" \/>\n<meta name=\"twitter:site\" content=\"@premierlawgroup\" \/>\n<meta name=\"twitter:label1\" content=\"Tiempo de lectura\" \/>\n\t<meta name=\"twitter:data1\" content=\"5 minutos\" \/>\n<script type=\"application\/ld+json\" class=\"yoast-schema-graph\">{\"@context\":\"https:\\\/\\\/schema.org\",\"@graph\":[{\"@type\":\"WebPage\",\"@id\":\"https:\\\/\\\/plg-pllc.com\\\/seattle\\\/catastrophic-injury-lawyer\\\/broken-pelvis\\\/\",\"url\":\"https:\\\/\\\/plg-pllc.com\\\/seattle\\\/catastrophic-injury-lawyer\\\/broken-pelvis\\\/\",\"name\":\"Broken Pelvis Lawyer in Seattle | Free Case Review\",\"isPartOf\":{\"@id\":\"https:\\\/\\\/plg-pllc.com\\\/#website\"},\"primaryImageOfPage\":{\"@id\":\"https:\\\/\\\/plg-pllc.com\\\/seattle\\\/catastrophic-injury-lawyer\\\/broken-pelvis\\\/#primaryimage\"},\"image\":{\"@id\":\"https:\\\/\\\/plg-pllc.com\\\/seattle\\\/catastrophic-injury-lawyer\\\/broken-pelvis\\\/#primaryimage\"},\"thumbnailUrl\":\"https:\\\/\\\/plg-pllc.com\\\/wp-content\\\/uploads\\\/2020\\\/08\\\/Seattle-personal-injury-law-gavel-and-book-compressed.jpg\",\"datePublished\":\"2021-07-01T21:26:18+00:00\",\"dateModified\":\"2025-02-14T22:11:05+00:00\",\"description\":\"Seattle Broken Pelvis Lawyer: Premier Law Group helps you unlock the full compensation you deserve. No Fee Unless We Win.\",\"breadcrumb\":{\"@id\":\"https:\\\/\\\/plg-pllc.com\\\/seattle\\\/catastrophic-injury-lawyer\\\/broken-pelvis\\\/#breadcrumb\"},\"inLanguage\":\"es\",\"potentialAction\":[{\"@type\":\"ReadAction\",\"target\":[\"https:\\\/\\\/plg-pllc.com\\\/seattle\\\/catastrophic-injury-lawyer\\\/broken-pelvis\\\/\"]}]},{\"@type\":\"ImageObject\",\"inLanguage\":\"es\",\"@id\":\"https:\\\/\\\/plg-pllc.com\\\/seattle\\\/catastrophic-injury-lawyer\\\/broken-pelvis\\\/#primaryimage\",\"url\":\"https:\\\/\\\/plg-pllc.com\\\/wp-content\\\/uploads\\\/2020\\\/08\\\/Seattle-personal-injury-law-gavel-and-book-compressed.jpg\",\"contentUrl\":\"https:\\\/\\\/plg-pllc.com\\\/wp-content\\\/uploads\\\/2020\\\/08\\\/Seattle-personal-injury-law-gavel-and-book-compressed.jpg\",\"width\":1920,\"height\":1279,\"caption\":\"experienced Federal Way Renton Bellevue Seattle personal injury lawyers\"},{\"@type\":\"BreadcrumbList\",\"@id\":\"https:\\\/\\\/plg-pllc.com\\\/seattle\\\/catastrophic-injury-lawyer\\\/broken-pelvis\\\/#breadcrumb\",\"itemListElement\":[{\"@type\":\"ListItem\",\"position\":1,\"name\":\"Home\",\"item\":\"https:\\\/\\\/plg-pllc.com\\\/es\\\/\"},{\"@type\":\"ListItem\",\"position\":2,\"name\":\"Seattle Personal Injury Lawyer\",\"item\":\"https:\\\/\\\/plg-pllc.com\\\/es\\\/seattle\\\/personal-injury-lawyer\\\/\"},{\"@type\":\"ListItem\",\"position\":3,\"name\":\"Seattle Catastrophic Injury Lawyer\",\"item\":\"https:\\\/\\\/plg-pllc.com\\\/es\\\/seattle\\\/catastrophic-injury-lawyer\\\/\"},{\"@type\":\"ListItem\",\"position\":4,\"name\":\"Broken Pelvis\"}]},{\"@type\":\"WebSite\",\"@id\":\"https:\\\/\\\/plg-pllc.com\\\/#website\",\"url\":\"https:\\\/\\\/plg-pllc.com\\\/\",\"name\":\"Premier Law Group\",\"description\":\"Washington Wrongful Death and Serious Injury Lawyer\",\"publisher\":{\"@id\":\"https:\\\/\\\/plg-pllc.com\\\/#organization\"},\"inLanguage\":\"es\"},{\"@type\":\"Organization\",\"@id\":\"https:\\\/\\\/plg-pllc.com\\\/#organization\",\"name\":\"Premier Law Group\",\"url\":\"https:\\\/\\\/plg-pllc.com\\\/\",\"logo\":{\"@type\":\"ImageObject\",\"inLanguage\":\"es\",\"@id\":\"https:\\\/\\\/plg-pllc.com\\\/#\\\/schema\\\/logo\\\/image\\\/\",\"url\":\"https:\\\/\\\/plg-pllc.com\\\/wp-content\\\/uploads\\\/2020\\\/10\\\/plg-logo-v2.gif\",\"contentUrl\":\"https:\\\/\\\/plg-pllc.com\\\/wp-content\\\/uploads\\\/2020\\\/10\\\/plg-logo-v2.gif\",\"width\":592,\"height\":191,\"caption\":\"Premier Law Group\"},\"image\":{\"@id\":\"https:\\\/\\\/plg-pllc.com\\\/#\\\/schema\\\/logo\\\/image\\\/\"},\"sameAs\":[\"https:\\\/\\\/www.facebook.com\\\/premierlawgroup\",\"https:\\\/\\\/x.com\\\/premierlawgroup\"]}]}<\/script>\n<!-- \/ Yoast SEO plugin. -->","yoast_head_json":{"title":"Abogado de fracturas de pelvis en Seattle | Revisi\u00f3n gratuita de casos","description":"Abogado especializado en fracturas de pelvis en Seattle: Premier Law Group le ayuda a obtener la compensaci\u00f3n total que merece. Sin honorarios a menos que ganemos.","robots":{"index":"index","follow":"follow","max-snippet":"max-snippet:-1","max-image-preview":"max-image-preview:large","max-video-preview":"max-video-preview:-1"},"canonical":"https:\/\/plg-pllc.com\/es\/seattle\/catastrophic-injury-lawyer\/broken-pelvis\/","og_locale":"es_MX","og_type":"article","og_title":"Broken Pelvis Lawyer in Seattle | Free Case Review","og_description":"Seattle Broken Pelvis Lawyer: Premier Law Group helps you unlock the full compensation you deserve. No Fee Unless We Win.","og_url":"https:\/\/plg-pllc.com\/es\/seattle\/catastrophic-injury-lawyer\/broken-pelvis\/","og_site_name":"Premier Law Group","article_publisher":"https:\/\/www.facebook.com\/premierlawgroup","article_modified_time":"2025-02-14T22:11:05+00:00","og_image":[{"width":1920,"height":1279,"url":"https:\/\/plg-pllc.com\/wp-content\/uploads\/2020\/08\/Seattle-personal-injury-law-gavel-and-book-compressed.jpg","type":"image\/jpeg"}],"twitter_card":"summary_large_image","twitter_site":"@premierlawgroup","twitter_misc":{"Tiempo de lectura":"5 minutos"},"schema":{"@context":"https:\/\/schema.org","@graph":[{"@type":"WebPage","@id":"https:\/\/plg-pllc.com\/seattle\/catastrophic-injury-lawyer\/broken-pelvis\/","url":"https:\/\/plg-pllc.com\/seattle\/catastrophic-injury-lawyer\/broken-pelvis\/","name":"Abogado de fracturas de pelvis en Seattle | Revisi\u00f3n gratuita de casos","isPartOf":{"@id":"https:\/\/plg-pllc.com\/#website"},"primaryImageOfPage":{"@id":"https:\/\/plg-pllc.com\/seattle\/catastrophic-injury-lawyer\/broken-pelvis\/#primaryimage"},"image":{"@id":"https:\/\/plg-pllc.com\/seattle\/catastrophic-injury-lawyer\/broken-pelvis\/#primaryimage"},"thumbnailUrl":"https:\/\/plg-pllc.com\/wp-content\/uploads\/2020\/08\/Seattle-personal-injury-law-gavel-and-book-compressed.jpg","datePublished":"2021-07-01T21:26:18+00:00","dateModified":"2025-02-14T22:11:05+00:00","description":"Abogado especializado en fracturas de pelvis en Seattle: Premier Law Group le ayuda a obtener la compensaci\u00f3n total que merece. Sin honorarios a menos que ganemos.","breadcrumb":{"@id":"https:\/\/plg-pllc.com\/seattle\/catastrophic-injury-lawyer\/broken-pelvis\/#breadcrumb"},"inLanguage":"es","potentialAction":[{"@type":"ReadAction","target":["https:\/\/plg-pllc.com\/seattle\/catastrophic-injury-lawyer\/broken-pelvis\/"]}]},{"@type":"ImageObject","inLanguage":"es","@id":"https:\/\/plg-pllc.com\/seattle\/catastrophic-injury-lawyer\/broken-pelvis\/#primaryimage","url":"https:\/\/plg-pllc.com\/wp-content\/uploads\/2020\/08\/Seattle-personal-injury-law-gavel-and-book-compressed.jpg","contentUrl":"https:\/\/plg-pllc.com\/wp-content\/uploads\/2020\/08\/Seattle-personal-injury-law-gavel-and-book-compressed.jpg","width":1920,"height":1279,"caption":"experienced Federal Way Renton Bellevue Seattle personal injury lawyers"},{"@type":"BreadcrumbList","@id":"https:\/\/plg-pllc.com\/seattle\/catastrophic-injury-lawyer\/broken-pelvis\/#breadcrumb","itemListElement":[{"@type":"ListItem","position":1,"name":"Home","item":"https:\/\/plg-pllc.com\/es\/"},{"@type":"ListItem","position":2,"name":"Seattle Personal Injury Lawyer","item":"https:\/\/plg-pllc.com\/es\/seattle\/personal-injury-lawyer\/"},{"@type":"ListItem","position":3,"name":"Seattle Catastrophic Injury Lawyer","item":"https:\/\/plg-pllc.com\/es\/seattle\/catastrophic-injury-lawyer\/"},{"@type":"ListItem","position":4,"name":"Broken Pelvis"}]},{"@type":"WebSite","@id":"https:\/\/plg-pllc.com\/#website","url":"https:\/\/plg-pllc.com\/","name":"Grupo de abogados Premier","description":"Abogado de muerte por negligencia y lesiones graves en Washington","publisher":{"@id":"https:\/\/plg-pllc.com\/#organization"},"inLanguage":"es"},{"@type":"Organization","@id":"https:\/\/plg-pllc.com\/#organization","name":"Grupo de abogados Premier","url":"https:\/\/plg-pllc.com\/","logo":{"@type":"ImageObject","inLanguage":"es","@id":"https:\/\/plg-pllc.com\/#\/schema\/logo\/image\/","url":"https:\/\/plg-pllc.com\/wp-content\/uploads\/2020\/10\/plg-logo-v2.gif","contentUrl":"https:\/\/plg-pllc.com\/wp-content\/uploads\/2020\/10\/plg-logo-v2.gif","width":592,"height":191,"caption":"Premier Law Group"},"image":{"@id":"https:\/\/plg-pllc.com\/#\/schema\/logo\/image\/"},"sameAs":["https:\/\/www.facebook.com\/premierlawgroup","https:\/\/x.com\/premierlawgroup"]}]}},"_links":{"self":[{"href":"https:\/\/plg-pllc.com\/es\/wp-json\/wp\/v2\/pages\/18596","targetHints":{"allow":["GET"]}}],"collection":[{"href":"https:\/\/plg-pllc.com\/es\/wp-json\/wp\/v2\/pages"}],"about":[{"href":"https:\/\/plg-pllc.com\/es\/wp-json\/wp\/v2\/types\/page"}],"author":[{"embeddable":true,"href":"https:\/\/plg-pllc.com\/es\/wp-json\/wp\/v2\/users\/24"}],"replies":[{"embeddable":true,"href":"https:\/\/plg-pllc.com\/es\/wp-json\/wp\/v2\/comments?post=18596"}],"version-history":[{"count":0,"href":"https:\/\/plg-pllc.com\/es\/wp-json\/wp\/v2\/pages\/18596\/revisions"}],"up":[{"embeddable":true,"href":"https:\/\/plg-pllc.com\/es\/wp-json\/wp\/v2\/pages\/18650"}],"wp:featuredmedia":[{"embeddable":true,"href":"https:\/\/plg-pllc.com\/es\/wp-json\/wp\/v2\/media\/17799"}],"wp:attachment":[{"href":"https:\/\/plg-pllc.com\/es\/wp-json\/wp\/v2\/media?parent=18596"}],"wp:term":[{"taxonomy":"hc_faqs","embeddable":true,"href":"https:\/\/plg-pllc.com\/es\/wp-json\/wp\/v2\/hc_faqs?post=18596"}],"curies":[{"name":"gracias","href":"https:\/\/api.w.org\/{rel}","templated":true}]}}